{"id":2527,"date":"2020-12-11T03:32:43","date_gmt":"2020-12-11T03:32:43","guid":{"rendered":"http:\/\/amina.web14.vefold.is\/?post_type=product&#038;p=2527"},"modified":"2026-03-24T19:34:51","modified_gmt":"2026-03-24T19:34:51","slug":"screaming-o-butt-plug","status":"publish","type":"product","link":"https:\/\/amina.is\/en\/verslun\/rassinn\/buttplugs-og-titrarar\/screaming-o-butt-plug\/","title":{"rendered":"Screaming O Vibrating Butt Plug"},"content":{"rendered":"<h5>Scraming O &#8222;Butt plug&#8220; me\u00f0 fjarst\u00fdringu sem dregur allt a\u00f0 12 metra og \u00fe.a.l. skemmtilegur fyrir p\u00f6r sem vilja leika s\u00e9r sem og einstaklinga.<\/h5>\n<h5>\u00deessi er ekki mj\u00f6g brei\u00f0ur um sig og \u00fev\u00ed nokku\u00f0 au\u00f0velt a\u00f0 koma honum fyrir. 20 mismunandi stillingar fr\u00e1 mildum upp \u00ed \u00fe\u00f3 nokku\u00f0 \u00f6flugan titring. \u00deessi er endurhla\u00f0anlegur me\u00f0 usb sn\u00faru og dugar hver hle\u00f0sla \u00ed allt a\u00f0 60 m\u00edn\u00fatur.<\/h5>\n<h5>Ger\u00f0ur \u00far h\u00e6ttulausu s\u00edlikoni.<\/h5>","protected":false},"excerpt":{"rendered":"<p>Scraming O &#8222;Butt plug&#8220; me\u00f0 fjarst\u00fdringu sem dregur allt a\u00f0 12 metra og \u00fe.a.l. skemmtilegur fyrir p\u00f6r sem vilja leika s\u00e9r sem og einstaklinga.<\/p>","protected":false},"featured_media":5776,"template":"","meta":{"inline_featured_image":false},"product_brand":[],"product_cat":[907,41,42,43,35],"product_tag":[57,60,59,61,58,49,76],"class_list":{"0":"post-2527","1":"product","2":"type-product","3":"status-publish","4":"has-post-thumbnail","6":"product_cat-buttplugs-og-titrarar","7":"product_cat-fyrir-tha","8":"product_cat-fyrir-thaer","9":"product_cat-fyrir-thau","10":"product_cat-rassinn","11":"product_tag-anal","12":"product_tag-ass","13":"product_tag-butt","14":"product_tag-butt-plug","15":"product_tag-rass","16":"product_tag-screaming-o","17":"product_tag-svart","19":"first","20":"instock","21":"shipping-taxable","22":"purchasable","23":"product-type-simple"},"yoast_head":"<!-- This site is optimized with the Yoast SEO Premium plugin v21.6 (Yoast SEO v27.3) - https:\/\/yoast.com\/product\/yoast-seo-premium-wordpress\/ -->\n<title>Screaming O Vibrating Butt Plug &#8211; Amina<\/title>\n<meta name=\"robots\" content=\"index, follow, max-snippet:-1, max-image-preview:large, max-video-preview:-1\" \/>\n<link rel=\"canonical\" href=\"https:\/\/amina.is\/en\/verslun\/rassinn\/buttplugs-og-titrarar\/screaming-o-butt-plug\/\" \/>\n<meta property=\"og:locale\" content=\"en_US\" \/>\n<meta property=\"og:type\" content=\"article\" \/>\n<meta property=\"og:title\" content=\"Screaming O Vibrating Butt Plug\" \/>\n<meta property=\"og:description\" content=\"Scraming O &quot;Butt plug&quot; me\u00f0 fjarst\u00fdringu sem dregur allt a\u00f0 12 metra og \u00fe.a.l. skemmtilegur fyrir p\u00f6r sem vilja leika s\u00e9r sem og einstaklinga.\" \/>\n<meta property=\"og:url\" content=\"https:\/\/amina.is\/en\/verslun\/rassinn\/buttplugs-og-titrarar\/screaming-o-butt-plug\/\" \/>\n<meta property=\"og:site_name\" content=\"Amina\" \/>\n<meta property=\"article:publisher\" content=\"https:\/\/m.facebook.com\/AMINA-100767148840241\/\" \/>\n<meta property=\"article:modified_time\" content=\"2026-03-24T19:34:51+00:00\" \/>\n<meta property=\"og:image\" content=\"https:\/\/amina.is\/wp-content\/uploads\/2020\/12\/screamin-o-vibrating-plug2.jpg\" \/>\n\t<meta property=\"og:image:width\" content=\"1080\" \/>\n\t<meta property=\"og:image:height\" content=\"1080\" \/>\n\t<meta property=\"og:image:type\" content=\"image\/jpeg\" \/>\n<meta name=\"twitter:card\" content=\"summary_large_image\" \/>\n<script type=\"application\/ld+json\" class=\"yoast-schema-graph\">{\"@context\":\"https:\\\/\\\/schema.org\",\"@graph\":[{\"@type\":\"WebPage\",\"@id\":\"https:\\\/\\\/amina.is\\\/verslun\\\/rassinn\\\/buttplugs-og-titrarar\\\/screaming-o-butt-plug\\\/\",\"url\":\"https:\\\/\\\/amina.is\\\/verslun\\\/rassinn\\\/buttplugs-og-titrarar\\\/screaming-o-butt-plug\\\/\",\"name\":\"Screaming O Vibrating Butt Plug &#8211; Amina\",\"isPartOf\":{\"@id\":\"https:\\\/\\\/amina.is\\\/#website\"},\"primaryImageOfPage\":{\"@id\":\"https:\\\/\\\/amina.is\\\/verslun\\\/rassinn\\\/buttplugs-og-titrarar\\\/screaming-o-butt-plug\\\/#primaryimage\"},\"image\":{\"@id\":\"https:\\\/\\\/amina.is\\\/verslun\\\/rassinn\\\/buttplugs-og-titrarar\\\/screaming-o-butt-plug\\\/#primaryimage\"},\"thumbnailUrl\":\"https:\\\/\\\/amina.is\\\/wp-content\\\/uploads\\\/2020\\\/12\\\/screamin-o-vibrating-plug2.jpg\",\"datePublished\":\"2020-12-11T03:32:43+00:00\",\"dateModified\":\"2026-03-24T19:34:51+00:00\",\"breadcrumb\":{\"@id\":\"https:\\\/\\\/amina.is\\\/verslun\\\/rassinn\\\/buttplugs-og-titrarar\\\/screaming-o-butt-plug\\\/#breadcrumb\"},\"inLanguage\":\"en-US\",\"potentialAction\":[{\"@type\":\"ReadAction\",\"target\":[\"https:\\\/\\\/amina.is\\\/verslun\\\/rassinn\\\/buttplugs-og-titrarar\\\/screaming-o-butt-plug\\\/\"]}]},{\"@type\":\"ImageObject\",\"inLanguage\":\"en-US\",\"@id\":\"https:\\\/\\\/amina.is\\\/verslun\\\/rassinn\\\/buttplugs-og-titrarar\\\/screaming-o-butt-plug\\\/#primaryimage\",\"url\":\"https:\\\/\\\/amina.is\\\/wp-content\\\/uploads\\\/2020\\\/12\\\/screamin-o-vibrating-plug2.jpg\",\"contentUrl\":\"https:\\\/\\\/amina.is\\\/wp-content\\\/uploads\\\/2020\\\/12\\\/screamin-o-vibrating-plug2.jpg\",\"width\":1080,\"height\":1080},{\"@type\":\"BreadcrumbList\",\"@id\":\"https:\\\/\\\/amina.is\\\/verslun\\\/rassinn\\\/buttplugs-og-titrarar\\\/screaming-o-butt-plug\\\/#breadcrumb\",\"itemListElement\":[{\"@type\":\"ListItem\",\"position\":1,\"name\":\"Home\",\"item\":\"https:\\\/\\\/amina.is\\\/\"},{\"@type\":\"ListItem\",\"position\":2,\"name\":\"Verslun\",\"item\":\"https:\\\/\\\/amina.is\\\/verslun\\\/\"},{\"@type\":\"ListItem\",\"position\":3,\"name\":\"Screaming O Vibrating Butt Plug\"}]},{\"@type\":\"WebSite\",\"@id\":\"https:\\\/\\\/amina.is\\\/#website\",\"url\":\"https:\\\/\\\/amina.is\\\/\",\"name\":\"Amina\",\"description\":\"Feeling is everything - Una\u00f0sv\u00f6rur fyrir alla\",\"publisher\":{\"@id\":\"https:\\\/\\\/amina.is\\\/#organization\"},\"potentialAction\":[{\"@type\":\"SearchAction\",\"target\":{\"@type\":\"EntryPoint\",\"urlTemplate\":\"https:\\\/\\\/amina.is\\\/?s={search_term_string}\"},\"query-input\":{\"@type\":\"PropertyValueSpecification\",\"valueRequired\":true,\"valueName\":\"search_term_string\"}}],\"inLanguage\":\"en-US\"},{\"@type\":\"Organization\",\"@id\":\"https:\\\/\\\/amina.is\\\/#organization\",\"name\":\"Amina\",\"url\":\"https:\\\/\\\/amina.is\\\/\",\"logo\":{\"@type\":\"ImageObject\",\"inLanguage\":\"en-US\",\"@id\":\"https:\\\/\\\/amina.is\\\/#\\\/schema\\\/logo\\\/image\\\/\",\"url\":\"https:\\\/\\\/amina.is\\\/wp-content\\\/uploads\\\/2021\\\/09\\\/logo.png\",\"contentUrl\":\"https:\\\/\\\/amina.is\\\/wp-content\\\/uploads\\\/2021\\\/09\\\/logo.png\",\"width\":1790,\"height\":464,\"caption\":\"Amina\"},\"image\":{\"@id\":\"https:\\\/\\\/amina.is\\\/#\\\/schema\\\/logo\\\/image\\\/\"},\"sameAs\":[\"https:\\\/\\\/m.facebook.com\\\/AMINA-100767148840241\\\/\",\"https:\\\/\\\/www.instagram.com\\\/aminaverslun\\\/\"]}]}<\/script>\n<!-- \/ Yoast SEO Premium plugin. -->","yoast_head_json":{"title":"Screaming O Vibrating Butt Plug &#8211; Amina","robots":{"index":"index","follow":"follow","max-snippet":"max-snippet:-1","max-image-preview":"max-image-preview:large","max-video-preview":"max-video-preview:-1"},"canonical":"https:\/\/amina.is\/en\/verslun\/rassinn\/buttplugs-og-titrarar\/screaming-o-butt-plug\/","og_locale":"en_US","og_type":"article","og_title":"Screaming O Vibrating Butt Plug","og_description":"Scraming O \"Butt plug\" me\u00f0 fjarst\u00fdringu sem dregur allt a\u00f0 12 metra og \u00fe.a.l. skemmtilegur fyrir p\u00f6r sem vilja leika s\u00e9r sem og einstaklinga.","og_url":"https:\/\/amina.is\/en\/verslun\/rassinn\/buttplugs-og-titrarar\/screaming-o-butt-plug\/","og_site_name":"Amina","article_publisher":"https:\/\/m.facebook.com\/AMINA-100767148840241\/","article_modified_time":"2026-03-24T19:34:51+00:00","og_image":[{"width":1080,"height":1080,"url":"https:\/\/amina.is\/wp-content\/uploads\/2020\/12\/screamin-o-vibrating-plug2.jpg","type":"image\/jpeg"}],"twitter_card":"summary_large_image","schema":{"@context":"https:\/\/schema.org","@graph":[{"@type":"WebPage","@id":"https:\/\/amina.is\/verslun\/rassinn\/buttplugs-og-titrarar\/screaming-o-butt-plug\/","url":"https:\/\/amina.is\/verslun\/rassinn\/buttplugs-og-titrarar\/screaming-o-butt-plug\/","name":"Screaming O Vibrating Butt Plug &#8211; Amina","isPartOf":{"@id":"https:\/\/amina.is\/#website"},"primaryImageOfPage":{"@id":"https:\/\/amina.is\/verslun\/rassinn\/buttplugs-og-titrarar\/screaming-o-butt-plug\/#primaryimage"},"image":{"@id":"https:\/\/amina.is\/verslun\/rassinn\/buttplugs-og-titrarar\/screaming-o-butt-plug\/#primaryimage"},"thumbnailUrl":"https:\/\/amina.is\/wp-content\/uploads\/2020\/12\/screamin-o-vibrating-plug2.jpg","datePublished":"2020-12-11T03:32:43+00:00","dateModified":"2026-03-24T19:34:51+00:00","breadcrumb":{"@id":"https:\/\/amina.is\/verslun\/rassinn\/buttplugs-og-titrarar\/screaming-o-butt-plug\/#breadcrumb"},"inLanguage":"en-US","potentialAction":[{"@type":"ReadAction","target":["https:\/\/amina.is\/verslun\/rassinn\/buttplugs-og-titrarar\/screaming-o-butt-plug\/"]}]},{"@type":"ImageObject","inLanguage":"en-US","@id":"https:\/\/amina.is\/verslun\/rassinn\/buttplugs-og-titrarar\/screaming-o-butt-plug\/#primaryimage","url":"https:\/\/amina.is\/wp-content\/uploads\/2020\/12\/screamin-o-vibrating-plug2.jpg","contentUrl":"https:\/\/amina.is\/wp-content\/uploads\/2020\/12\/screamin-o-vibrating-plug2.jpg","width":1080,"height":1080},{"@type":"BreadcrumbList","@id":"https:\/\/amina.is\/verslun\/rassinn\/buttplugs-og-titrarar\/screaming-o-butt-plug\/#breadcrumb","itemListElement":[{"@type":"ListItem","position":1,"name":"Home","item":"https:\/\/amina.is\/"},{"@type":"ListItem","position":2,"name":"Verslun","item":"https:\/\/amina.is\/verslun\/"},{"@type":"ListItem","position":3,"name":"Screaming O Vibrating Butt Plug"}]},{"@type":"WebSite","@id":"https:\/\/amina.is\/#website","url":"https:\/\/amina.is\/","name":"Amina","description":"Feeling is everything - Una\u00f0sv\u00f6rur fyrir alla","publisher":{"@id":"https:\/\/amina.is\/#organization"},"potentialAction":[{"@type":"SearchAction","target":{"@type":"EntryPoint","urlTemplate":"https:\/\/amina.is\/?s={search_term_string}"},"query-input":{"@type":"PropertyValueSpecification","valueRequired":true,"valueName":"search_term_string"}}],"inLanguage":"en-US"},{"@type":"Organization","@id":"https:\/\/amina.is\/#organization","name":"Amina","url":"https:\/\/amina.is\/","logo":{"@type":"ImageObject","inLanguage":"en-US","@id":"https:\/\/amina.is\/#\/schema\/logo\/image\/","url":"https:\/\/amina.is\/wp-content\/uploads\/2021\/09\/logo.png","contentUrl":"https:\/\/amina.is\/wp-content\/uploads\/2021\/09\/logo.png","width":1790,"height":464,"caption":"Amina"},"image":{"@id":"https:\/\/amina.is\/#\/schema\/logo\/image\/"},"sameAs":["https:\/\/m.facebook.com\/AMINA-100767148840241\/","https:\/\/www.instagram.com\/aminaverslun\/"]}]}},"_links":{"self":[{"href":"https:\/\/amina.is\/en\/wp-json\/wp\/v2\/product\/2527","targetHints":{"allow":["GET"]}}],"collection":[{"href":"https:\/\/amina.is\/en\/wp-json\/wp\/v2\/product"}],"about":[{"href":"https:\/\/amina.is\/en\/wp-json\/wp\/v2\/types\/product"}],"version-history":[{"count":6,"href":"https:\/\/amina.is\/en\/wp-json\/wp\/v2\/product\/2527\/revisions"}],"predecessor-version":[{"id":7306,"href":"https:\/\/amina.is\/en\/wp-json\/wp\/v2\/product\/2527\/revisions\/7306"}],"wp:featuredmedia":[{"embeddable":true,"href":"https:\/\/amina.is\/en\/wp-json\/wp\/v2\/media\/5776"}],"wp:attachment":[{"href":"https:\/\/amina.is\/en\/wp-json\/wp\/v2\/media?parent=2527"}],"wp:term":[{"taxonomy":"product_brand","embeddable":true,"href":"https:\/\/amina.is\/en\/wp-json\/wp\/v2\/product_brand?post=2527"},{"taxonomy":"product_cat","embeddable":true,"href":"https:\/\/amina.is\/en\/wp-json\/wp\/v2\/product_cat?post=2527"},{"taxonomy":"product_tag","embeddable":true,"href":"https:\/\/amina.is\/en\/wp-json\/wp\/v2\/product_tag?post=2527"}],"curies":[{"name":"wp","href":"https:\/\/api.w.org\/{rel}","templated":true}]}}