{"id":2524,"date":"2020-12-11T03:32:59","date_gmt":"2020-12-11T03:32:59","guid":{"rendered":"http:\/\/amina.web14.vefold.is\/?post_type=product&#038;p=2524"},"modified":"2023-08-07T19:18:49","modified_gmt":"2023-08-07T19:18:49","slug":"screaming-o-reach-it","status":"publish","type":"product","link":"https:\/\/amina.is\/en\/verslun\/pikan\/titrarar\/screaming-o-reach-it\/","title":{"rendered":"Screaming O Reach It"},"content":{"rendered":"<h5>20 stillingar, endurhla\u00f0anlegur og a\u00f0 sj\u00e1lfs\u00f6g\u00f0u ger\u00f0ur \u00far h\u00e6ttulausu s\u00edliconi.<\/h5>","protected":false},"excerpt":{"rendered":"<p>F\u00ednasti v\u00edbrari fr\u00e1 Screaming O. Hanna\u00f0ur me\u00f0 \u00fea\u00f0 fyrir augum a\u00f0 hitta \u00e1 G-Blettinn.<\/p>","protected":false},"featured_media":5767,"template":"","meta":{"inline_featured_image":false},"product_brand":[],"product_cat":[42,43,44,900,883],"product_tag":[52,54,53,49,55,56,50,51],"class_list":{"0":"post-2524","1":"product","2":"type-product","3":"status-publish","4":"has-post-thumbnail","6":"product_cat-fyrir-thaer","7":"product_cat-fyrir-thau","8":"product_cat-pikan","9":"product_cat-notaahana","10":"product_cat-titrarar","11":"product_tag-fjolublar","12":"product_tag-pika","13":"product_tag-purple","14":"product_tag-screaming-o","15":"product_tag-skop","16":"product_tag-vagina","17":"product_tag-vibrador","18":"product_tag-vibrarator","20":"first","21":"instock","22":"shipping-taxable","23":"purchasable","24":"product-type-simple"},"yoast_head":"<!-- This site is optimized with the Yoast SEO Premium plugin v21.6 (Yoast SEO v27.3) - https:\/\/yoast.com\/product\/yoast-seo-premium-wordpress\/ -->\n<title>Screaming O Reach It &#8211; Amina<\/title>\n<meta name=\"robots\" content=\"index, follow, max-snippet:-1, max-image-preview:large, max-video-preview:-1\" \/>\n<link rel=\"canonical\" href=\"https:\/\/amina.is\/en\/verslun\/pikan\/titrarar\/screaming-o-reach-it\/\" \/>\n<meta property=\"og:locale\" content=\"en_US\" \/>\n<meta property=\"og:type\" content=\"article\" \/>\n<meta property=\"og:title\" content=\"Screaming O Reach It\" \/>\n<meta property=\"og:description\" content=\"F\u00ednasti v\u00edbrari fr\u00e1 Screaming O. Hanna\u00f0ur me\u00f0 \u00fea\u00f0 fyrir augum a\u00f0 hitta \u00e1 G-Blettinn.\" \/>\n<meta property=\"og:url\" content=\"https:\/\/amina.is\/en\/verslun\/pikan\/titrarar\/screaming-o-reach-it\/\" \/>\n<meta property=\"og:site_name\" content=\"Amina\" \/>\n<meta property=\"article:publisher\" content=\"https:\/\/m.facebook.com\/AMINA-100767148840241\/\" \/>\n<meta property=\"article:modified_time\" content=\"2023-08-07T19:18:49+00:00\" \/>\n<meta property=\"og:image\" content=\"https:\/\/amina.is\/wp-content\/uploads\/2020\/12\/screaming-o-reach.jpg\" \/>\n\t<meta property=\"og:image:width\" content=\"1280\" \/>\n\t<meta property=\"og:image:height\" content=\"1280\" \/>\n\t<meta property=\"og:image:type\" content=\"image\/jpeg\" \/>\n<meta name=\"twitter:card\" content=\"summary_large_image\" \/>\n<script type=\"application\/ld+json\" class=\"yoast-schema-graph\">{\"@context\":\"https:\\\/\\\/schema.org\",\"@graph\":[{\"@type\":\"WebPage\",\"@id\":\"https:\\\/\\\/amina.is\\\/verslun\\\/pikan\\\/titrarar\\\/screaming-o-reach-it\\\/\",\"url\":\"https:\\\/\\\/amina.is\\\/verslun\\\/pikan\\\/titrarar\\\/screaming-o-reach-it\\\/\",\"name\":\"Screaming O Reach It &#8211; Amina\",\"isPartOf\":{\"@id\":\"https:\\\/\\\/amina.is\\\/#website\"},\"primaryImageOfPage\":{\"@id\":\"https:\\\/\\\/amina.is\\\/verslun\\\/pikan\\\/titrarar\\\/screaming-o-reach-it\\\/#primaryimage\"},\"image\":{\"@id\":\"https:\\\/\\\/amina.is\\\/verslun\\\/pikan\\\/titrarar\\\/screaming-o-reach-it\\\/#primaryimage\"},\"thumbnailUrl\":\"https:\\\/\\\/amina.is\\\/wp-content\\\/uploads\\\/2020\\\/12\\\/screaming-o-reach.jpg\",\"datePublished\":\"2020-12-11T03:32:59+00:00\",\"dateModified\":\"2023-08-07T19:18:49+00:00\",\"breadcrumb\":{\"@id\":\"https:\\\/\\\/amina.is\\\/verslun\\\/pikan\\\/titrarar\\\/screaming-o-reach-it\\\/#breadcrumb\"},\"inLanguage\":\"en-US\",\"potentialAction\":[{\"@type\":\"ReadAction\",\"target\":[\"https:\\\/\\\/amina.is\\\/verslun\\\/pikan\\\/titrarar\\\/screaming-o-reach-it\\\/\"]}]},{\"@type\":\"ImageObject\",\"inLanguage\":\"en-US\",\"@id\":\"https:\\\/\\\/amina.is\\\/verslun\\\/pikan\\\/titrarar\\\/screaming-o-reach-it\\\/#primaryimage\",\"url\":\"https:\\\/\\\/amina.is\\\/wp-content\\\/uploads\\\/2020\\\/12\\\/screaming-o-reach.jpg\",\"contentUrl\":\"https:\\\/\\\/amina.is\\\/wp-content\\\/uploads\\\/2020\\\/12\\\/screaming-o-reach.jpg\",\"width\":1280,\"height\":1280},{\"@type\":\"BreadcrumbList\",\"@id\":\"https:\\\/\\\/amina.is\\\/verslun\\\/pikan\\\/titrarar\\\/screaming-o-reach-it\\\/#breadcrumb\",\"itemListElement\":[{\"@type\":\"ListItem\",\"position\":1,\"name\":\"Home\",\"item\":\"https:\\\/\\\/amina.is\\\/\"},{\"@type\":\"ListItem\",\"position\":2,\"name\":\"Verslun\",\"item\":\"https:\\\/\\\/amina.is\\\/verslun\\\/\"},{\"@type\":\"ListItem\",\"position\":3,\"name\":\"Screaming O Reach It\"}]},{\"@type\":\"WebSite\",\"@id\":\"https:\\\/\\\/amina.is\\\/#website\",\"url\":\"https:\\\/\\\/amina.is\\\/\",\"name\":\"Amina\",\"description\":\"Feeling is everything - Una\u00f0sv\u00f6rur fyrir alla\",\"publisher\":{\"@id\":\"https:\\\/\\\/amina.is\\\/#organization\"},\"potentialAction\":[{\"@type\":\"SearchAction\",\"target\":{\"@type\":\"EntryPoint\",\"urlTemplate\":\"https:\\\/\\\/amina.is\\\/?s={search_term_string}\"},\"query-input\":{\"@type\":\"PropertyValueSpecification\",\"valueRequired\":true,\"valueName\":\"search_term_string\"}}],\"inLanguage\":\"en-US\"},{\"@type\":\"Organization\",\"@id\":\"https:\\\/\\\/amina.is\\\/#organization\",\"name\":\"Amina\",\"url\":\"https:\\\/\\\/amina.is\\\/\",\"logo\":{\"@type\":\"ImageObject\",\"inLanguage\":\"en-US\",\"@id\":\"https:\\\/\\\/amina.is\\\/#\\\/schema\\\/logo\\\/image\\\/\",\"url\":\"https:\\\/\\\/amina.is\\\/wp-content\\\/uploads\\\/2021\\\/09\\\/logo.png\",\"contentUrl\":\"https:\\\/\\\/amina.is\\\/wp-content\\\/uploads\\\/2021\\\/09\\\/logo.png\",\"width\":1790,\"height\":464,\"caption\":\"Amina\"},\"image\":{\"@id\":\"https:\\\/\\\/amina.is\\\/#\\\/schema\\\/logo\\\/image\\\/\"},\"sameAs\":[\"https:\\\/\\\/m.facebook.com\\\/AMINA-100767148840241\\\/\",\"https:\\\/\\\/www.instagram.com\\\/aminaverslun\\\/\"]}]}<\/script>\n<!-- \/ Yoast SEO Premium plugin. -->","yoast_head_json":{"title":"Screaming O Reach It &#8211; Amina","robots":{"index":"index","follow":"follow","max-snippet":"max-snippet:-1","max-image-preview":"max-image-preview:large","max-video-preview":"max-video-preview:-1"},"canonical":"https:\/\/amina.is\/en\/verslun\/pikan\/titrarar\/screaming-o-reach-it\/","og_locale":"en_US","og_type":"article","og_title":"Screaming O Reach It","og_description":"F\u00ednasti v\u00edbrari fr\u00e1 Screaming O. Hanna\u00f0ur me\u00f0 \u00fea\u00f0 fyrir augum a\u00f0 hitta \u00e1 G-Blettinn.","og_url":"https:\/\/amina.is\/en\/verslun\/pikan\/titrarar\/screaming-o-reach-it\/","og_site_name":"Amina","article_publisher":"https:\/\/m.facebook.com\/AMINA-100767148840241\/","article_modified_time":"2023-08-07T19:18:49+00:00","og_image":[{"width":1280,"height":1280,"url":"https:\/\/amina.is\/wp-content\/uploads\/2020\/12\/screaming-o-reach.jpg","type":"image\/jpeg"}],"twitter_card":"summary_large_image","schema":{"@context":"https:\/\/schema.org","@graph":[{"@type":"WebPage","@id":"https:\/\/amina.is\/verslun\/pikan\/titrarar\/screaming-o-reach-it\/","url":"https:\/\/amina.is\/verslun\/pikan\/titrarar\/screaming-o-reach-it\/","name":"Screaming O Reach It &#8211; Amina","isPartOf":{"@id":"https:\/\/amina.is\/#website"},"primaryImageOfPage":{"@id":"https:\/\/amina.is\/verslun\/pikan\/titrarar\/screaming-o-reach-it\/#primaryimage"},"image":{"@id":"https:\/\/amina.is\/verslun\/pikan\/titrarar\/screaming-o-reach-it\/#primaryimage"},"thumbnailUrl":"https:\/\/amina.is\/wp-content\/uploads\/2020\/12\/screaming-o-reach.jpg","datePublished":"2020-12-11T03:32:59+00:00","dateModified":"2023-08-07T19:18:49+00:00","breadcrumb":{"@id":"https:\/\/amina.is\/verslun\/pikan\/titrarar\/screaming-o-reach-it\/#breadcrumb"},"inLanguage":"en-US","potentialAction":[{"@type":"ReadAction","target":["https:\/\/amina.is\/verslun\/pikan\/titrarar\/screaming-o-reach-it\/"]}]},{"@type":"ImageObject","inLanguage":"en-US","@id":"https:\/\/amina.is\/verslun\/pikan\/titrarar\/screaming-o-reach-it\/#primaryimage","url":"https:\/\/amina.is\/wp-content\/uploads\/2020\/12\/screaming-o-reach.jpg","contentUrl":"https:\/\/amina.is\/wp-content\/uploads\/2020\/12\/screaming-o-reach.jpg","width":1280,"height":1280},{"@type":"BreadcrumbList","@id":"https:\/\/amina.is\/verslun\/pikan\/titrarar\/screaming-o-reach-it\/#breadcrumb","itemListElement":[{"@type":"ListItem","position":1,"name":"Home","item":"https:\/\/amina.is\/"},{"@type":"ListItem","position":2,"name":"Verslun","item":"https:\/\/amina.is\/verslun\/"},{"@type":"ListItem","position":3,"name":"Screaming O Reach It"}]},{"@type":"WebSite","@id":"https:\/\/amina.is\/#website","url":"https:\/\/amina.is\/","name":"Amina","description":"Feeling is everything - Una\u00f0sv\u00f6rur fyrir alla","publisher":{"@id":"https:\/\/amina.is\/#organization"},"potentialAction":[{"@type":"SearchAction","target":{"@type":"EntryPoint","urlTemplate":"https:\/\/amina.is\/?s={search_term_string}"},"query-input":{"@type":"PropertyValueSpecification","valueRequired":true,"valueName":"search_term_string"}}],"inLanguage":"en-US"},{"@type":"Organization","@id":"https:\/\/amina.is\/#organization","name":"Amina","url":"https:\/\/amina.is\/","logo":{"@type":"ImageObject","inLanguage":"en-US","@id":"https:\/\/amina.is\/#\/schema\/logo\/image\/","url":"https:\/\/amina.is\/wp-content\/uploads\/2021\/09\/logo.png","contentUrl":"https:\/\/amina.is\/wp-content\/uploads\/2021\/09\/logo.png","width":1790,"height":464,"caption":"Amina"},"image":{"@id":"https:\/\/amina.is\/#\/schema\/logo\/image\/"},"sameAs":["https:\/\/m.facebook.com\/AMINA-100767148840241\/","https:\/\/www.instagram.com\/aminaverslun\/"]}]}},"_links":{"self":[{"href":"https:\/\/amina.is\/en\/wp-json\/wp\/v2\/product\/2524","targetHints":{"allow":["GET"]}}],"collection":[{"href":"https:\/\/amina.is\/en\/wp-json\/wp\/v2\/product"}],"about":[{"href":"https:\/\/amina.is\/en\/wp-json\/wp\/v2\/types\/product"}],"version-history":[{"count":2,"href":"https:\/\/amina.is\/en\/wp-json\/wp\/v2\/product\/2524\/revisions"}],"predecessor-version":[{"id":5902,"href":"https:\/\/amina.is\/en\/wp-json\/wp\/v2\/product\/2524\/revisions\/5902"}],"wp:featuredmedia":[{"embeddable":true,"href":"https:\/\/amina.is\/en\/wp-json\/wp\/v2\/media\/5767"}],"wp:attachment":[{"href":"https:\/\/amina.is\/en\/wp-json\/wp\/v2\/media?parent=2524"}],"wp:term":[{"taxonomy":"product_brand","embeddable":true,"href":"https:\/\/amina.is\/en\/wp-json\/wp\/v2\/product_brand?post=2524"},{"taxonomy":"product_cat","embeddable":true,"href":"https:\/\/amina.is\/en\/wp-json\/wp\/v2\/product_cat?post=2524"},{"taxonomy":"product_tag","embeddable":true,"href":"https:\/\/amina.is\/en\/wp-json\/wp\/v2\/product_tag?post=2524"}],"curies":[{"name":"wp","href":"https:\/\/api.w.org\/{rel}","templated":true}]}}