{"id":12232,"date":"2025-12-09T13:33:38","date_gmt":"2025-12-09T13:33:38","guid":{"rendered":"https:\/\/amina.is\/?post_type=product&#038;p=12232"},"modified":"2026-02-12T17:22:37","modified_gmt":"2026-02-12T17:22:37","slug":"mister-b-lycra-hood-mouth-open","status":"publish","type":"product","link":"https:\/\/amina.is\/en\/verslun\/fyrir-tha\/mr-b\/mister-b-lycra-hood-mouth-open\/","title":{"rendered":"Mister B &#8211; Lycra Hood Mouth Open"},"content":{"rendered":"<h5>Fetish hetta \u00far Lycra sem hylur allt andliti\u00f0. Op fyrir munn. Efni\u00f0 er mj\u00f6g teygjanlegt og passar h\u00fan \u00fev\u00ed \u00f6llum \u00f3h\u00e1\u00f0 st\u00e6r\u00f0.<\/h5>","protected":false},"excerpt":{"rendered":"<p>Fetish hetta \u00far Lycra sem hylur allt andliti\u00f0<\/p>","protected":false},"featured_media":12236,"template":"","meta":{"inline_featured_image":false},"product_brand":[],"product_cat":[36,903,344],"product_tag":[672,247,976,977,975,509],"class_list":{"0":"post-12232","1":"product","2":"type-product","3":"status-publish","4":"has-post-thumbnail","6":"product_cat-blaeti","7":"product_cat-grimurosvfrv","8":"product_cat-mr-b","9":"product_tag-blindfold","10":"product_tag-grima","11":"product_tag-hetta","12":"product_tag-hood","13":"product_tag-lycra","14":"product_tag-mister-b","16":"first","17":"instock","18":"shipping-taxable","19":"purchasable","20":"product-type-simple"},"yoast_head":"<!-- This site is optimized with the Yoast SEO Premium plugin v21.6 (Yoast SEO v27.4) - https:\/\/yoast.com\/product\/yoast-seo-premium-wordpress\/ -->\n<title>Mister B - Lycra Hood Mouth Open &#8211; Amina<\/title>\n<meta name=\"description\" content=\"Lycra hood with mouth open. Gef\u00f0u fantas\u00edunum lausan tauminn. Hetta sem hentar b\u00e6\u00f0i fyrir bdsm leikina sem og auki\u00f0 krydd \u00ed svefnherberginu.\" \/>\n<meta name=\"robots\" content=\"index, follow, max-snippet:-1, max-image-preview:large, max-video-preview:-1\" \/>\n<link rel=\"canonical\" href=\"https:\/\/amina.is\/en\/verslun\/fyrir-tha\/mr-b\/mister-b-lycra-hood-mouth-open\/\" \/>\n<meta property=\"og:locale\" content=\"en_US\" \/>\n<meta property=\"og:type\" content=\"article\" \/>\n<meta property=\"og:title\" content=\"Mister B - Lycra Hood Mouth Open\" \/>\n<meta property=\"og:description\" content=\"Lycra hood with mouth open. Gef\u00f0u fantas\u00edunum lausan tauminn. Hetta sem hentar b\u00e6\u00f0i fyrir bdsm leikina sem og auki\u00f0 krydd \u00ed svefnherberginu.\" \/>\n<meta property=\"og:url\" content=\"https:\/\/amina.is\/en\/verslun\/fyrir-tha\/mr-b\/mister-b-lycra-hood-mouth-open\/\" \/>\n<meta property=\"og:site_name\" content=\"Amina\" \/>\n<meta property=\"article:publisher\" content=\"https:\/\/m.facebook.com\/AMINA-100767148840241\/\" \/>\n<meta property=\"article:modified_time\" content=\"2026-02-12T17:22:37+00:00\" \/>\n<meta property=\"og:image\" content=\"https:\/\/amina.is\/wp-content\/uploads\/2025\/12\/Untitled-design-58.jpg\" \/>\n\t<meta property=\"og:image:width\" content=\"1080\" \/>\n\t<meta property=\"og:image:height\" content=\"1080\" \/>\n\t<meta property=\"og:image:type\" content=\"image\/jpeg\" \/>\n<meta name=\"twitter:card\" content=\"summary_large_image\" \/>\n<meta name=\"twitter:label1\" content=\"Est. reading time\" \/>\n\t<meta name=\"twitter:data1\" content=\"1 minute\" \/>\n<script type=\"application\/ld+json\" class=\"yoast-schema-graph\">{\"@context\":\"https:\\\/\\\/schema.org\",\"@graph\":[{\"@type\":\"WebPage\",\"@id\":\"https:\\\/\\\/amina.is\\\/verslun\\\/fyrir-tha\\\/mr-b\\\/mister-b-lycra-hood-mouth-open\\\/\",\"url\":\"https:\\\/\\\/amina.is\\\/verslun\\\/fyrir-tha\\\/mr-b\\\/mister-b-lycra-hood-mouth-open\\\/\",\"name\":\"Mister B - Lycra Hood Mouth Open &#8211; Amina\",\"isPartOf\":{\"@id\":\"https:\\\/\\\/amina.is\\\/#website\"},\"primaryImageOfPage\":{\"@id\":\"https:\\\/\\\/amina.is\\\/verslun\\\/fyrir-tha\\\/mr-b\\\/mister-b-lycra-hood-mouth-open\\\/#primaryimage\"},\"image\":{\"@id\":\"https:\\\/\\\/amina.is\\\/verslun\\\/fyrir-tha\\\/mr-b\\\/mister-b-lycra-hood-mouth-open\\\/#primaryimage\"},\"thumbnailUrl\":\"https:\\\/\\\/amina.is\\\/wp-content\\\/uploads\\\/2025\\\/12\\\/Untitled-design-58.jpg\",\"datePublished\":\"2025-12-09T13:33:38+00:00\",\"dateModified\":\"2026-02-12T17:22:37+00:00\",\"description\":\"Lycra hood with mouth open. Gef\u00f0u fantas\u00edunum lausan tauminn. Hetta sem hentar b\u00e6\u00f0i fyrir bdsm leikina sem og auki\u00f0 krydd \u00ed svefnherberginu.\",\"breadcrumb\":{\"@id\":\"https:\\\/\\\/amina.is\\\/verslun\\\/fyrir-tha\\\/mr-b\\\/mister-b-lycra-hood-mouth-open\\\/#breadcrumb\"},\"inLanguage\":\"en-US\",\"potentialAction\":[{\"@type\":\"ReadAction\",\"target\":[\"https:\\\/\\\/amina.is\\\/verslun\\\/fyrir-tha\\\/mr-b\\\/mister-b-lycra-hood-mouth-open\\\/\"]}]},{\"@type\":\"ImageObject\",\"inLanguage\":\"en-US\",\"@id\":\"https:\\\/\\\/amina.is\\\/verslun\\\/fyrir-tha\\\/mr-b\\\/mister-b-lycra-hood-mouth-open\\\/#primaryimage\",\"url\":\"https:\\\/\\\/amina.is\\\/wp-content\\\/uploads\\\/2025\\\/12\\\/Untitled-design-58.jpg\",\"contentUrl\":\"https:\\\/\\\/amina.is\\\/wp-content\\\/uploads\\\/2025\\\/12\\\/Untitled-design-58.jpg\",\"width\":1080,\"height\":1080},{\"@type\":\"BreadcrumbList\",\"@id\":\"https:\\\/\\\/amina.is\\\/verslun\\\/fyrir-tha\\\/mr-b\\\/mister-b-lycra-hood-mouth-open\\\/#breadcrumb\",\"itemListElement\":[{\"@type\":\"ListItem\",\"position\":1,\"name\":\"Home\",\"item\":\"https:\\\/\\\/amina.is\\\/\"},{\"@type\":\"ListItem\",\"position\":2,\"name\":\"Verslun\",\"item\":\"https:\\\/\\\/amina.is\\\/verslun\\\/\"},{\"@type\":\"ListItem\",\"position\":3,\"name\":\"Mister B &#8211; Lycra Hood Mouth Open\"}]},{\"@type\":\"WebSite\",\"@id\":\"https:\\\/\\\/amina.is\\\/#website\",\"url\":\"https:\\\/\\\/amina.is\\\/\",\"name\":\"Amina\",\"description\":\"Feeling is everything - Una\u00f0sv\u00f6rur fyrir alla\",\"publisher\":{\"@id\":\"https:\\\/\\\/amina.is\\\/#organization\"},\"potentialAction\":[{\"@type\":\"SearchAction\",\"target\":{\"@type\":\"EntryPoint\",\"urlTemplate\":\"https:\\\/\\\/amina.is\\\/?s={search_term_string}\"},\"query-input\":{\"@type\":\"PropertyValueSpecification\",\"valueRequired\":true,\"valueName\":\"search_term_string\"}}],\"inLanguage\":\"en-US\"},{\"@type\":\"Organization\",\"@id\":\"https:\\\/\\\/amina.is\\\/#organization\",\"name\":\"Amina\",\"url\":\"https:\\\/\\\/amina.is\\\/\",\"logo\":{\"@type\":\"ImageObject\",\"inLanguage\":\"en-US\",\"@id\":\"https:\\\/\\\/amina.is\\\/#\\\/schema\\\/logo\\\/image\\\/\",\"url\":\"https:\\\/\\\/amina.is\\\/wp-content\\\/uploads\\\/2021\\\/09\\\/logo.png\",\"contentUrl\":\"https:\\\/\\\/amina.is\\\/wp-content\\\/uploads\\\/2021\\\/09\\\/logo.png\",\"width\":1790,\"height\":464,\"caption\":\"Amina\"},\"image\":{\"@id\":\"https:\\\/\\\/amina.is\\\/#\\\/schema\\\/logo\\\/image\\\/\"},\"sameAs\":[\"https:\\\/\\\/m.facebook.com\\\/AMINA-100767148840241\\\/\",\"https:\\\/\\\/www.instagram.com\\\/aminaverslun\\\/\"]}]}<\/script>\n<!-- \/ Yoast SEO Premium plugin. -->","yoast_head_json":{"title":"Mister B - Lycra Hood Mouth Open &#8211; Amina","description":"Lycra hood with mouth open. Gef\u00f0u fantas\u00edunum lausan tauminn. Hetta sem hentar b\u00e6\u00f0i fyrir bdsm leikina sem og auki\u00f0 krydd \u00ed svefnherberginu.","robots":{"index":"index","follow":"follow","max-snippet":"max-snippet:-1","max-image-preview":"max-image-preview:large","max-video-preview":"max-video-preview:-1"},"canonical":"https:\/\/amina.is\/en\/verslun\/fyrir-tha\/mr-b\/mister-b-lycra-hood-mouth-open\/","og_locale":"en_US","og_type":"article","og_title":"Mister B - Lycra Hood Mouth Open","og_description":"Lycra hood with mouth open. Gef\u00f0u fantas\u00edunum lausan tauminn. Hetta sem hentar b\u00e6\u00f0i fyrir bdsm leikina sem og auki\u00f0 krydd \u00ed svefnherberginu.","og_url":"https:\/\/amina.is\/en\/verslun\/fyrir-tha\/mr-b\/mister-b-lycra-hood-mouth-open\/","og_site_name":"Amina","article_publisher":"https:\/\/m.facebook.com\/AMINA-100767148840241\/","article_modified_time":"2026-02-12T17:22:37+00:00","og_image":[{"width":1080,"height":1080,"url":"https:\/\/amina.is\/wp-content\/uploads\/2025\/12\/Untitled-design-58.jpg","type":"image\/jpeg"}],"twitter_card":"summary_large_image","twitter_misc":{"Est. reading time":"1 minute"},"schema":{"@context":"https:\/\/schema.org","@graph":[{"@type":"WebPage","@id":"https:\/\/amina.is\/verslun\/fyrir-tha\/mr-b\/mister-b-lycra-hood-mouth-open\/","url":"https:\/\/amina.is\/verslun\/fyrir-tha\/mr-b\/mister-b-lycra-hood-mouth-open\/","name":"Mister B - Lycra Hood Mouth Open &#8211; Amina","isPartOf":{"@id":"https:\/\/amina.is\/#website"},"primaryImageOfPage":{"@id":"https:\/\/amina.is\/verslun\/fyrir-tha\/mr-b\/mister-b-lycra-hood-mouth-open\/#primaryimage"},"image":{"@id":"https:\/\/amina.is\/verslun\/fyrir-tha\/mr-b\/mister-b-lycra-hood-mouth-open\/#primaryimage"},"thumbnailUrl":"https:\/\/amina.is\/wp-content\/uploads\/2025\/12\/Untitled-design-58.jpg","datePublished":"2025-12-09T13:33:38+00:00","dateModified":"2026-02-12T17:22:37+00:00","description":"Lycra hood with mouth open. Gef\u00f0u fantas\u00edunum lausan tauminn. Hetta sem hentar b\u00e6\u00f0i fyrir bdsm leikina sem og auki\u00f0 krydd \u00ed svefnherberginu.","breadcrumb":{"@id":"https:\/\/amina.is\/verslun\/fyrir-tha\/mr-b\/mister-b-lycra-hood-mouth-open\/#breadcrumb"},"inLanguage":"en-US","potentialAction":[{"@type":"ReadAction","target":["https:\/\/amina.is\/verslun\/fyrir-tha\/mr-b\/mister-b-lycra-hood-mouth-open\/"]}]},{"@type":"ImageObject","inLanguage":"en-US","@id":"https:\/\/amina.is\/verslun\/fyrir-tha\/mr-b\/mister-b-lycra-hood-mouth-open\/#primaryimage","url":"https:\/\/amina.is\/wp-content\/uploads\/2025\/12\/Untitled-design-58.jpg","contentUrl":"https:\/\/amina.is\/wp-content\/uploads\/2025\/12\/Untitled-design-58.jpg","width":1080,"height":1080},{"@type":"BreadcrumbList","@id":"https:\/\/amina.is\/verslun\/fyrir-tha\/mr-b\/mister-b-lycra-hood-mouth-open\/#breadcrumb","itemListElement":[{"@type":"ListItem","position":1,"name":"Home","item":"https:\/\/amina.is\/"},{"@type":"ListItem","position":2,"name":"Verslun","item":"https:\/\/amina.is\/verslun\/"},{"@type":"ListItem","position":3,"name":"Mister B &#8211; Lycra Hood Mouth Open"}]},{"@type":"WebSite","@id":"https:\/\/amina.is\/#website","url":"https:\/\/amina.is\/","name":"Amina","description":"Feeling is everything - Una\u00f0sv\u00f6rur fyrir alla","publisher":{"@id":"https:\/\/amina.is\/#organization"},"potentialAction":[{"@type":"SearchAction","target":{"@type":"EntryPoint","urlTemplate":"https:\/\/amina.is\/?s={search_term_string}"},"query-input":{"@type":"PropertyValueSpecification","valueRequired":true,"valueName":"search_term_string"}}],"inLanguage":"en-US"},{"@type":"Organization","@id":"https:\/\/amina.is\/#organization","name":"Amina","url":"https:\/\/amina.is\/","logo":{"@type":"ImageObject","inLanguage":"en-US","@id":"https:\/\/amina.is\/#\/schema\/logo\/image\/","url":"https:\/\/amina.is\/wp-content\/uploads\/2021\/09\/logo.png","contentUrl":"https:\/\/amina.is\/wp-content\/uploads\/2021\/09\/logo.png","width":1790,"height":464,"caption":"Amina"},"image":{"@id":"https:\/\/amina.is\/#\/schema\/logo\/image\/"},"sameAs":["https:\/\/m.facebook.com\/AMINA-100767148840241\/","https:\/\/www.instagram.com\/aminaverslun\/"]}]}},"_links":{"self":[{"href":"https:\/\/amina.is\/en\/wp-json\/wp\/v2\/product\/12232","targetHints":{"allow":["GET"]}}],"collection":[{"href":"https:\/\/amina.is\/en\/wp-json\/wp\/v2\/product"}],"about":[{"href":"https:\/\/amina.is\/en\/wp-json\/wp\/v2\/types\/product"}],"version-history":[{"count":1,"href":"https:\/\/amina.is\/en\/wp-json\/wp\/v2\/product\/12232\/revisions"}],"predecessor-version":[{"id":12237,"href":"https:\/\/amina.is\/en\/wp-json\/wp\/v2\/product\/12232\/revisions\/12237"}],"wp:featuredmedia":[{"embeddable":true,"href":"https:\/\/amina.is\/en\/wp-json\/wp\/v2\/media\/12236"}],"wp:attachment":[{"href":"https:\/\/amina.is\/en\/wp-json\/wp\/v2\/media?parent=12232"}],"wp:term":[{"taxonomy":"product_brand","embeddable":true,"href":"https:\/\/amina.is\/en\/wp-json\/wp\/v2\/product_brand?post=12232"},{"taxonomy":"product_cat","embeddable":true,"href":"https:\/\/amina.is\/en\/wp-json\/wp\/v2\/product_cat?post=12232"},{"taxonomy":"product_tag","embeddable":true,"href":"https:\/\/amina.is\/en\/wp-json\/wp\/v2\/product_tag?post=12232"}],"curies":[{"name":"wp","href":"https:\/\/api.w.org\/{rel}","templated":true}]}}