{"id":12224,"date":"2025-12-08T15:48:09","date_gmt":"2025-12-08T15:48:09","guid":{"rendered":"https:\/\/amina.is\/?post_type=product&#038;p=12224"},"modified":"2025-12-08T16:16:39","modified_gmt":"2025-12-08T16:16:39","slug":"oxballs-cocksling-night-edition","status":"publish","type":"product","link":"https:\/\/amina.is\/en\/verslun\/typpid\/typpahringir\/oxballs-cocksling-night-edition\/","title":{"rendered":"Oxballs &#8211; Cocksling Night Edition"},"content":{"rendered":"<h5>Cocksling Night Edition fr\u00e1 Oxball. Heldur vel utan um b\u00e6\u00f0i punginn og typpi\u00f0 \u00e1n \u00feess a\u00f0 st\u00f6\u00f0va bl\u00f3\u00f0fl\u00e6\u00f0i. Hentar til \u00feess a\u00f0 nota \u00ed lengri t\u00edma. Hringurinn \u00fer\u00fdstir b\u00e6\u00f0i pungnum og typpinu fram sem b\u00fdr til flott &#8222;bulge&#8220; undir fatna\u00f0i. Mj\u00fakur og teygjanlegur hringur. Ef \u00fe\u00fa vilt \u00ferengra utan um typpi\u00f0 og v\u00ed\u00f0ara um punginn \u00fe\u00e1 sn\u00fdr\u00f0u honum bara vi\u00f0.<\/h5>\n<h5>\u00der\u00edfi\u00f0 me\u00f0 s\u00e1pu og volgu vatni eftir hverja notkun og leyfi\u00f0 hringnum a\u00f0 \u00feorna \u00e1\u00f0ur en hann er settur \u00ed loka\u00f0a geymslu<\/h5>\n<h5>Gat fyrir typpi og pung:\u00a0 2.9 cm<\/h5>\n<h5>Gat fyrir typpi: 2.5 cm<\/h5>\n<h5>Gat fyrir pung: 2.5 cm<\/h5>\n<h5>Lengd:\u00a0 5 cm<\/h5>\n<h5>\u00deyngd: 59 gr<\/h5>","protected":false},"excerpt":{"rendered":"<p>Heldur vel utan um b\u00e6\u00f0i punginn og typpi\u00f0 \u00e1n \u00feess a\u00f0 st\u00f6\u00f0va bl\u00f3\u00f0fl\u00e6\u00f0i.<\/p>","protected":false},"featured_media":12226,"template":"","meta":{"inline_featured_image":false},"product_brand":[],"product_cat":[41,43,881,899,878,45],"product_tag":[572,966,967,968,969,72],"class_list":{"0":"post-12224","1":"product","2":"type-product","3":"status-publish","4":"has-post-thumbnail","6":"product_cat-fyrir-tha","7":"product_cat-fyrir-thau","8":"product_cat-pungurinn","9":"product_cat-notaahann","10":"product_cat-typpahringir","11":"product_cat-typpid","12":"product_tag-cock-ring","13":"product_tag-oxball","14":"product_tag-oxballs","15":"product_tag-ring-sling","16":"product_tag-tri-sport","17":"product_tag-typpahringur","19":"first","20":"instock","21":"shipping-taxable","22":"purchasable","23":"product-type-simple"},"yoast_head":"<!-- This site is optimized with the Yoast SEO Premium plugin v21.6 (Yoast SEO v27.4) - https:\/\/yoast.com\/product\/yoast-seo-premium-wordpress\/ -->\n<title>Oxballs - Cocksling Night Edition &#8211; Amina<\/title>\n<meta name=\"description\" content=\"Cocksling Night Edition fr\u00e1 Oxball. Heldur vel utan um b\u00e6\u00f0i punginn og typpi\u00f0 \u00e1n \u00feess a\u00f0 st\u00f6\u00f0va bl\u00f3\u00f0fl\u00e6\u00f0i. Hentar til \u00feess a\u00f0 nota \u00ed lengri t\u00edma.\" \/>\n<meta name=\"robots\" content=\"index, follow, max-snippet:-1, max-image-preview:large, max-video-preview:-1\" \/>\n<link rel=\"canonical\" href=\"https:\/\/amina.is\/en\/verslun\/typpid\/typpahringir\/oxballs-cocksling-night-edition\/\" \/>\n<meta property=\"og:locale\" content=\"en_US\" \/>\n<meta property=\"og:type\" content=\"article\" \/>\n<meta property=\"og:title\" content=\"Oxballs - Cocksling Night Edition\" \/>\n<meta property=\"og:description\" content=\"Cocksling Night Edition fr\u00e1 Oxball. Heldur vel utan um b\u00e6\u00f0i punginn og typpi\u00f0 \u00e1n \u00feess a\u00f0 st\u00f6\u00f0va bl\u00f3\u00f0fl\u00e6\u00f0i. Hentar til \u00feess a\u00f0 nota \u00ed lengri t\u00edma.\" \/>\n<meta property=\"og:url\" content=\"https:\/\/amina.is\/en\/verslun\/typpid\/typpahringir\/oxballs-cocksling-night-edition\/\" \/>\n<meta property=\"og:site_name\" content=\"Amina\" \/>\n<meta property=\"article:publisher\" content=\"https:\/\/m.facebook.com\/AMINA-100767148840241\/\" \/>\n<meta property=\"article:modified_time\" content=\"2025-12-08T16:16:39+00:00\" \/>\n<meta property=\"og:image\" content=\"https:\/\/amina.is\/wp-content\/uploads\/2025\/12\/cocksling_night_photo_lg_jpg_01.jpg\" \/>\n\t<meta property=\"og:image:width\" content=\"1200\" \/>\n\t<meta property=\"og:image:height\" content=\"1200\" \/>\n\t<meta property=\"og:image:type\" content=\"image\/jpeg\" \/>\n<meta name=\"twitter:card\" content=\"summary_large_image\" \/>\n<meta name=\"twitter:label1\" content=\"Est. reading time\" \/>\n\t<meta name=\"twitter:data1\" content=\"1 minute\" \/>\n<script type=\"application\/ld+json\" class=\"yoast-schema-graph\">{\"@context\":\"https:\\\/\\\/schema.org\",\"@graph\":[{\"@type\":\"WebPage\",\"@id\":\"https:\\\/\\\/amina.is\\\/verslun\\\/typpid\\\/typpahringir\\\/oxballs-cocksling-night-edition\\\/\",\"url\":\"https:\\\/\\\/amina.is\\\/verslun\\\/typpid\\\/typpahringir\\\/oxballs-cocksling-night-edition\\\/\",\"name\":\"Oxballs - Cocksling Night Edition &#8211; Amina\",\"isPartOf\":{\"@id\":\"https:\\\/\\\/amina.is\\\/#website\"},\"primaryImageOfPage\":{\"@id\":\"https:\\\/\\\/amina.is\\\/verslun\\\/typpid\\\/typpahringir\\\/oxballs-cocksling-night-edition\\\/#primaryimage\"},\"image\":{\"@id\":\"https:\\\/\\\/amina.is\\\/verslun\\\/typpid\\\/typpahringir\\\/oxballs-cocksling-night-edition\\\/#primaryimage\"},\"thumbnailUrl\":\"https:\\\/\\\/amina.is\\\/wp-content\\\/uploads\\\/2025\\\/12\\\/cocksling_night_photo_lg_jpg_01.jpg\",\"datePublished\":\"2025-12-08T15:48:09+00:00\",\"dateModified\":\"2025-12-08T16:16:39+00:00\",\"description\":\"Cocksling Night Edition fr\u00e1 Oxball. Heldur vel utan um b\u00e6\u00f0i punginn og typpi\u00f0 \u00e1n \u00feess a\u00f0 st\u00f6\u00f0va bl\u00f3\u00f0fl\u00e6\u00f0i. Hentar til \u00feess a\u00f0 nota \u00ed lengri t\u00edma.\",\"breadcrumb\":{\"@id\":\"https:\\\/\\\/amina.is\\\/verslun\\\/typpid\\\/typpahringir\\\/oxballs-cocksling-night-edition\\\/#breadcrumb\"},\"inLanguage\":\"en-US\",\"potentialAction\":[{\"@type\":\"ReadAction\",\"target\":[\"https:\\\/\\\/amina.is\\\/verslun\\\/typpid\\\/typpahringir\\\/oxballs-cocksling-night-edition\\\/\"]}]},{\"@type\":\"ImageObject\",\"inLanguage\":\"en-US\",\"@id\":\"https:\\\/\\\/amina.is\\\/verslun\\\/typpid\\\/typpahringir\\\/oxballs-cocksling-night-edition\\\/#primaryimage\",\"url\":\"https:\\\/\\\/amina.is\\\/wp-content\\\/uploads\\\/2025\\\/12\\\/cocksling_night_photo_lg_jpg_01.jpg\",\"contentUrl\":\"https:\\\/\\\/amina.is\\\/wp-content\\\/uploads\\\/2025\\\/12\\\/cocksling_night_photo_lg_jpg_01.jpg\",\"width\":1200,\"height\":1200},{\"@type\":\"BreadcrumbList\",\"@id\":\"https:\\\/\\\/amina.is\\\/verslun\\\/typpid\\\/typpahringir\\\/oxballs-cocksling-night-edition\\\/#breadcrumb\",\"itemListElement\":[{\"@type\":\"ListItem\",\"position\":1,\"name\":\"Home\",\"item\":\"https:\\\/\\\/amina.is\\\/\"},{\"@type\":\"ListItem\",\"position\":2,\"name\":\"Verslun\",\"item\":\"https:\\\/\\\/amina.is\\\/verslun\\\/\"},{\"@type\":\"ListItem\",\"position\":3,\"name\":\"Oxballs &#8211; Cocksling Night Edition\"}]},{\"@type\":\"WebSite\",\"@id\":\"https:\\\/\\\/amina.is\\\/#website\",\"url\":\"https:\\\/\\\/amina.is\\\/\",\"name\":\"Amina\",\"description\":\"Feeling is everything - Una\u00f0sv\u00f6rur fyrir alla\",\"publisher\":{\"@id\":\"https:\\\/\\\/amina.is\\\/#organization\"},\"potentialAction\":[{\"@type\":\"SearchAction\",\"target\":{\"@type\":\"EntryPoint\",\"urlTemplate\":\"https:\\\/\\\/amina.is\\\/?s={search_term_string}\"},\"query-input\":{\"@type\":\"PropertyValueSpecification\",\"valueRequired\":true,\"valueName\":\"search_term_string\"}}],\"inLanguage\":\"en-US\"},{\"@type\":\"Organization\",\"@id\":\"https:\\\/\\\/amina.is\\\/#organization\",\"name\":\"Amina\",\"url\":\"https:\\\/\\\/amina.is\\\/\",\"logo\":{\"@type\":\"ImageObject\",\"inLanguage\":\"en-US\",\"@id\":\"https:\\\/\\\/amina.is\\\/#\\\/schema\\\/logo\\\/image\\\/\",\"url\":\"https:\\\/\\\/amina.is\\\/wp-content\\\/uploads\\\/2021\\\/09\\\/logo.png\",\"contentUrl\":\"https:\\\/\\\/amina.is\\\/wp-content\\\/uploads\\\/2021\\\/09\\\/logo.png\",\"width\":1790,\"height\":464,\"caption\":\"Amina\"},\"image\":{\"@id\":\"https:\\\/\\\/amina.is\\\/#\\\/schema\\\/logo\\\/image\\\/\"},\"sameAs\":[\"https:\\\/\\\/m.facebook.com\\\/AMINA-100767148840241\\\/\",\"https:\\\/\\\/www.instagram.com\\\/aminaverslun\\\/\"]}]}<\/script>\n<!-- \/ Yoast SEO Premium plugin. -->","yoast_head_json":{"title":"Oxballs - Cocksling Night Edition &#8211; Amina","description":"Cocksling Night Edition fr\u00e1 Oxball. Heldur vel utan um b\u00e6\u00f0i punginn og typpi\u00f0 \u00e1n \u00feess a\u00f0 st\u00f6\u00f0va bl\u00f3\u00f0fl\u00e6\u00f0i. Hentar til \u00feess a\u00f0 nota \u00ed lengri t\u00edma.","robots":{"index":"index","follow":"follow","max-snippet":"max-snippet:-1","max-image-preview":"max-image-preview:large","max-video-preview":"max-video-preview:-1"},"canonical":"https:\/\/amina.is\/en\/verslun\/typpid\/typpahringir\/oxballs-cocksling-night-edition\/","og_locale":"en_US","og_type":"article","og_title":"Oxballs - Cocksling Night Edition","og_description":"Cocksling Night Edition fr\u00e1 Oxball. Heldur vel utan um b\u00e6\u00f0i punginn og typpi\u00f0 \u00e1n \u00feess a\u00f0 st\u00f6\u00f0va bl\u00f3\u00f0fl\u00e6\u00f0i. Hentar til \u00feess a\u00f0 nota \u00ed lengri t\u00edma.","og_url":"https:\/\/amina.is\/en\/verslun\/typpid\/typpahringir\/oxballs-cocksling-night-edition\/","og_site_name":"Amina","article_publisher":"https:\/\/m.facebook.com\/AMINA-100767148840241\/","article_modified_time":"2025-12-08T16:16:39+00:00","og_image":[{"width":1200,"height":1200,"url":"https:\/\/amina.is\/wp-content\/uploads\/2025\/12\/cocksling_night_photo_lg_jpg_01.jpg","type":"image\/jpeg"}],"twitter_card":"summary_large_image","twitter_misc":{"Est. reading time":"1 minute"},"schema":{"@context":"https:\/\/schema.org","@graph":[{"@type":"WebPage","@id":"https:\/\/amina.is\/verslun\/typpid\/typpahringir\/oxballs-cocksling-night-edition\/","url":"https:\/\/amina.is\/verslun\/typpid\/typpahringir\/oxballs-cocksling-night-edition\/","name":"Oxballs - Cocksling Night Edition &#8211; Amina","isPartOf":{"@id":"https:\/\/amina.is\/#website"},"primaryImageOfPage":{"@id":"https:\/\/amina.is\/verslun\/typpid\/typpahringir\/oxballs-cocksling-night-edition\/#primaryimage"},"image":{"@id":"https:\/\/amina.is\/verslun\/typpid\/typpahringir\/oxballs-cocksling-night-edition\/#primaryimage"},"thumbnailUrl":"https:\/\/amina.is\/wp-content\/uploads\/2025\/12\/cocksling_night_photo_lg_jpg_01.jpg","datePublished":"2025-12-08T15:48:09+00:00","dateModified":"2025-12-08T16:16:39+00:00","description":"Cocksling Night Edition fr\u00e1 Oxball. Heldur vel utan um b\u00e6\u00f0i punginn og typpi\u00f0 \u00e1n \u00feess a\u00f0 st\u00f6\u00f0va bl\u00f3\u00f0fl\u00e6\u00f0i. Hentar til \u00feess a\u00f0 nota \u00ed lengri t\u00edma.","breadcrumb":{"@id":"https:\/\/amina.is\/verslun\/typpid\/typpahringir\/oxballs-cocksling-night-edition\/#breadcrumb"},"inLanguage":"en-US","potentialAction":[{"@type":"ReadAction","target":["https:\/\/amina.is\/verslun\/typpid\/typpahringir\/oxballs-cocksling-night-edition\/"]}]},{"@type":"ImageObject","inLanguage":"en-US","@id":"https:\/\/amina.is\/verslun\/typpid\/typpahringir\/oxballs-cocksling-night-edition\/#primaryimage","url":"https:\/\/amina.is\/wp-content\/uploads\/2025\/12\/cocksling_night_photo_lg_jpg_01.jpg","contentUrl":"https:\/\/amina.is\/wp-content\/uploads\/2025\/12\/cocksling_night_photo_lg_jpg_01.jpg","width":1200,"height":1200},{"@type":"BreadcrumbList","@id":"https:\/\/amina.is\/verslun\/typpid\/typpahringir\/oxballs-cocksling-night-edition\/#breadcrumb","itemListElement":[{"@type":"ListItem","position":1,"name":"Home","item":"https:\/\/amina.is\/"},{"@type":"ListItem","position":2,"name":"Verslun","item":"https:\/\/amina.is\/verslun\/"},{"@type":"ListItem","position":3,"name":"Oxballs &#8211; Cocksling Night Edition"}]},{"@type":"WebSite","@id":"https:\/\/amina.is\/#website","url":"https:\/\/amina.is\/","name":"Amina","description":"Feeling is everything - Una\u00f0sv\u00f6rur fyrir alla","publisher":{"@id":"https:\/\/amina.is\/#organization"},"potentialAction":[{"@type":"SearchAction","target":{"@type":"EntryPoint","urlTemplate":"https:\/\/amina.is\/?s={search_term_string}"},"query-input":{"@type":"PropertyValueSpecification","valueRequired":true,"valueName":"search_term_string"}}],"inLanguage":"en-US"},{"@type":"Organization","@id":"https:\/\/amina.is\/#organization","name":"Amina","url":"https:\/\/amina.is\/","logo":{"@type":"ImageObject","inLanguage":"en-US","@id":"https:\/\/amina.is\/#\/schema\/logo\/image\/","url":"https:\/\/amina.is\/wp-content\/uploads\/2021\/09\/logo.png","contentUrl":"https:\/\/amina.is\/wp-content\/uploads\/2021\/09\/logo.png","width":1790,"height":464,"caption":"Amina"},"image":{"@id":"https:\/\/amina.is\/#\/schema\/logo\/image\/"},"sameAs":["https:\/\/m.facebook.com\/AMINA-100767148840241\/","https:\/\/www.instagram.com\/aminaverslun\/"]}]}},"_links":{"self":[{"href":"https:\/\/amina.is\/en\/wp-json\/wp\/v2\/product\/12224","targetHints":{"allow":["GET"]}}],"collection":[{"href":"https:\/\/amina.is\/en\/wp-json\/wp\/v2\/product"}],"about":[{"href":"https:\/\/amina.is\/en\/wp-json\/wp\/v2\/types\/product"}],"version-history":[{"count":2,"href":"https:\/\/amina.is\/en\/wp-json\/wp\/v2\/product\/12224\/revisions"}],"predecessor-version":[{"id":12231,"href":"https:\/\/amina.is\/en\/wp-json\/wp\/v2\/product\/12224\/revisions\/12231"}],"wp:featuredmedia":[{"embeddable":true,"href":"https:\/\/amina.is\/en\/wp-json\/wp\/v2\/media\/12226"}],"wp:attachment":[{"href":"https:\/\/amina.is\/en\/wp-json\/wp\/v2\/media?parent=12224"}],"wp:term":[{"taxonomy":"product_brand","embeddable":true,"href":"https:\/\/amina.is\/en\/wp-json\/wp\/v2\/product_brand?post=12224"},{"taxonomy":"product_cat","embeddable":true,"href":"https:\/\/amina.is\/en\/wp-json\/wp\/v2\/product_cat?post=12224"},{"taxonomy":"product_tag","embeddable":true,"href":"https:\/\/amina.is\/en\/wp-json\/wp\/v2\/product_tag?post=12224"}],"curies":[{"name":"wp","href":"https:\/\/api.w.org\/{rel}","templated":true}]}}