{"id":12193,"date":"2025-12-08T15:36:47","date_gmt":"2025-12-08T15:36:47","guid":{"rendered":"https:\/\/amina.is\/?post_type=product&#038;p=12193"},"modified":"2025-12-08T15:36:48","modified_gmt":"2025-12-08T15:36:48","slug":"oxballs-tri-sport-xl-ring-sling","status":"publish","type":"product","link":"https:\/\/amina.is\/en\/verslun\/typpid\/typpahringir\/oxballs-tri-sport-xl-ring-sling\/","title":{"rendered":"Oxballs &#8211; Tri-Sport XL ring sling"},"content":{"rendered":"<h5>Tri Sport XL typpahringurinn fr\u00e1 Oxball gefur \u00fe\u00e9tt grip utan um b\u00e6\u00f0i punginn og typpi\u00f0. \u00de\u00fa ver\u00f0ur extra har\u00f0ur og heldur reisn lengur. Hentar b\u00e6\u00f0i sm\u00e6rri og st\u00e6rri typpum. Hringurinn er me\u00f0 mismunandi st\u00f3r g\u00f6t svo \u00fe\u00fa getur sn\u00fai\u00f0 honum eins og \u00fe\u00fa villt fyrir fullkomi\u00f0 &#8222;fit&#8220; \u00e1samt auka g\u00f6tum \u00e1 hli\u00f0um fyrir &#8222;Ball Splitting&#8220;.<\/h5>\n<h5>Hringurinn er ger\u00f0ur \u00far eiturefna fr\u00edu TPR. \u00dea\u00f0 m\u00e1 nota vatns og s\u00edlikon sleipiefni me\u00f0 \u00feessum. \u00der\u00edfi\u00f0 me\u00f0 s\u00e1pu og volgu vatni eftir hverja notkun og leyfi\u00f0 hringnum a\u00f0 \u00feorna \u00e1\u00f0ur en hann er settur \u00ed loka\u00f0a geymslu.<\/h5>","protected":false},"excerpt":{"rendered":"<p>Tri Sport XL typpahringurinn fr\u00e1 Oxball gefur \u00fe\u00e9tt grip utan um b\u00e6\u00f0i punginn og typpi\u00f0<\/p>","protected":false},"featured_media":12198,"template":"","meta":{"inline_featured_image":false},"product_brand":[],"product_cat":[41,43,881,899,878,45],"product_tag":[572,966,967,968,969,72],"class_list":{"0":"post-12193","1":"product","2":"type-product","3":"status-publish","4":"has-post-thumbnail","6":"product_cat-fyrir-tha","7":"product_cat-fyrir-thau","8":"product_cat-pungurinn","9":"product_cat-notaahann","10":"product_cat-typpahringir","11":"product_cat-typpid","12":"product_tag-cock-ring","13":"product_tag-oxball","14":"product_tag-oxballs","15":"product_tag-ring-sling","16":"product_tag-tri-sport","17":"product_tag-typpahringur","19":"first","20":"instock","21":"shipping-taxable","22":"purchasable","23":"product-type-simple"},"yoast_head":"<!-- This site is optimized with the Yoast SEO Premium plugin v21.6 (Yoast SEO v27.4) - https:\/\/yoast.com\/product\/yoast-seo-premium-wordpress\/ -->\n<title>Oxballs - Tri-Sport XL ring sling &#8211; Amina<\/title>\n<meta name=\"description\" content=\"Tri Sport XL typpahringur fr\u00e1 Oxball. Gefur \u00fe\u00e9tt grip utan um b\u00e6\u00f0i punginn og typpi\u00f0. \u00de\u00fa ver\u00f0ur extra har\u00f0ur og heldur reisn lengur.\" \/>\n<meta name=\"robots\" content=\"index, follow, max-snippet:-1, max-image-preview:large, max-video-preview:-1\" \/>\n<link rel=\"canonical\" href=\"https:\/\/amina.is\/en\/verslun\/typpid\/typpahringir\/oxballs-tri-sport-xl-ring-sling\/\" \/>\n<meta property=\"og:locale\" content=\"en_US\" \/>\n<meta property=\"og:type\" content=\"article\" \/>\n<meta property=\"og:title\" content=\"Oxballs - Tri-Sport XL ring sling\" \/>\n<meta property=\"og:description\" content=\"Tri Sport XL typpahringur fr\u00e1 Oxball. Gefur \u00fe\u00e9tt grip utan um b\u00e6\u00f0i punginn og typpi\u00f0. \u00de\u00fa ver\u00f0ur extra har\u00f0ur og heldur reisn lengur.\" \/>\n<meta property=\"og:url\" content=\"https:\/\/amina.is\/en\/verslun\/typpid\/typpahringir\/oxballs-tri-sport-xl-ring-sling\/\" \/>\n<meta property=\"og:site_name\" content=\"Amina\" \/>\n<meta property=\"article:publisher\" content=\"https:\/\/m.facebook.com\/AMINA-100767148840241\/\" \/>\n<meta property=\"article:modified_time\" content=\"2025-12-08T15:36:48+00:00\" \/>\n<meta property=\"og:image\" content=\"https:\/\/amina.is\/wp-content\/uploads\/2025\/11\/AMINA-vorumyndir-dokkur-bakgrunnur-39.jpg\" \/>\n\t<meta property=\"og:image:width\" content=\"1080\" \/>\n\t<meta property=\"og:image:height\" content=\"1080\" \/>\n\t<meta property=\"og:image:type\" content=\"image\/jpeg\" \/>\n<meta name=\"twitter:card\" content=\"summary_large_image\" \/>\n<meta name=\"twitter:label1\" content=\"Est. reading time\" \/>\n\t<meta name=\"twitter:data1\" content=\"1 minute\" \/>\n<script type=\"application\/ld+json\" class=\"yoast-schema-graph\">{\"@context\":\"https:\\\/\\\/schema.org\",\"@graph\":[{\"@type\":\"WebPage\",\"@id\":\"https:\\\/\\\/amina.is\\\/verslun\\\/typpid\\\/typpahringir\\\/oxballs-tri-sport-xl-ring-sling\\\/\",\"url\":\"https:\\\/\\\/amina.is\\\/verslun\\\/typpid\\\/typpahringir\\\/oxballs-tri-sport-xl-ring-sling\\\/\",\"name\":\"Oxballs - Tri-Sport XL ring sling &#8211; Amina\",\"isPartOf\":{\"@id\":\"https:\\\/\\\/amina.is\\\/#website\"},\"primaryImageOfPage\":{\"@id\":\"https:\\\/\\\/amina.is\\\/verslun\\\/typpid\\\/typpahringir\\\/oxballs-tri-sport-xl-ring-sling\\\/#primaryimage\"},\"image\":{\"@id\":\"https:\\\/\\\/amina.is\\\/verslun\\\/typpid\\\/typpahringir\\\/oxballs-tri-sport-xl-ring-sling\\\/#primaryimage\"},\"thumbnailUrl\":\"https:\\\/\\\/amina.is\\\/wp-content\\\/uploads\\\/2025\\\/11\\\/AMINA-vorumyndir-dokkur-bakgrunnur-39.jpg\",\"datePublished\":\"2025-12-08T15:36:47+00:00\",\"dateModified\":\"2025-12-08T15:36:48+00:00\",\"description\":\"Tri Sport XL typpahringur fr\u00e1 Oxball. Gefur \u00fe\u00e9tt grip utan um b\u00e6\u00f0i punginn og typpi\u00f0. \u00de\u00fa ver\u00f0ur extra har\u00f0ur og heldur reisn lengur.\",\"breadcrumb\":{\"@id\":\"https:\\\/\\\/amina.is\\\/verslun\\\/typpid\\\/typpahringir\\\/oxballs-tri-sport-xl-ring-sling\\\/#breadcrumb\"},\"inLanguage\":\"en-US\",\"potentialAction\":[{\"@type\":\"ReadAction\",\"target\":[\"https:\\\/\\\/amina.is\\\/verslun\\\/typpid\\\/typpahringir\\\/oxballs-tri-sport-xl-ring-sling\\\/\"]}]},{\"@type\":\"ImageObject\",\"inLanguage\":\"en-US\",\"@id\":\"https:\\\/\\\/amina.is\\\/verslun\\\/typpid\\\/typpahringir\\\/oxballs-tri-sport-xl-ring-sling\\\/#primaryimage\",\"url\":\"https:\\\/\\\/amina.is\\\/wp-content\\\/uploads\\\/2025\\\/11\\\/AMINA-vorumyndir-dokkur-bakgrunnur-39.jpg\",\"contentUrl\":\"https:\\\/\\\/amina.is\\\/wp-content\\\/uploads\\\/2025\\\/11\\\/AMINA-vorumyndir-dokkur-bakgrunnur-39.jpg\",\"width\":1080,\"height\":1080},{\"@type\":\"BreadcrumbList\",\"@id\":\"https:\\\/\\\/amina.is\\\/verslun\\\/typpid\\\/typpahringir\\\/oxballs-tri-sport-xl-ring-sling\\\/#breadcrumb\",\"itemListElement\":[{\"@type\":\"ListItem\",\"position\":1,\"name\":\"Home\",\"item\":\"https:\\\/\\\/amina.is\\\/\"},{\"@type\":\"ListItem\",\"position\":2,\"name\":\"Verslun\",\"item\":\"https:\\\/\\\/amina.is\\\/verslun\\\/\"},{\"@type\":\"ListItem\",\"position\":3,\"name\":\"Oxballs &#8211; Tri-Sport XL ring sling\"}]},{\"@type\":\"WebSite\",\"@id\":\"https:\\\/\\\/amina.is\\\/#website\",\"url\":\"https:\\\/\\\/amina.is\\\/\",\"name\":\"Amina\",\"description\":\"Feeling is everything - Una\u00f0sv\u00f6rur fyrir alla\",\"publisher\":{\"@id\":\"https:\\\/\\\/amina.is\\\/#organization\"},\"potentialAction\":[{\"@type\":\"SearchAction\",\"target\":{\"@type\":\"EntryPoint\",\"urlTemplate\":\"https:\\\/\\\/amina.is\\\/?s={search_term_string}\"},\"query-input\":{\"@type\":\"PropertyValueSpecification\",\"valueRequired\":true,\"valueName\":\"search_term_string\"}}],\"inLanguage\":\"en-US\"},{\"@type\":\"Organization\",\"@id\":\"https:\\\/\\\/amina.is\\\/#organization\",\"name\":\"Amina\",\"url\":\"https:\\\/\\\/amina.is\\\/\",\"logo\":{\"@type\":\"ImageObject\",\"inLanguage\":\"en-US\",\"@id\":\"https:\\\/\\\/amina.is\\\/#\\\/schema\\\/logo\\\/image\\\/\",\"url\":\"https:\\\/\\\/amina.is\\\/wp-content\\\/uploads\\\/2021\\\/09\\\/logo.png\",\"contentUrl\":\"https:\\\/\\\/amina.is\\\/wp-content\\\/uploads\\\/2021\\\/09\\\/logo.png\",\"width\":1790,\"height\":464,\"caption\":\"Amina\"},\"image\":{\"@id\":\"https:\\\/\\\/amina.is\\\/#\\\/schema\\\/logo\\\/image\\\/\"},\"sameAs\":[\"https:\\\/\\\/m.facebook.com\\\/AMINA-100767148840241\\\/\",\"https:\\\/\\\/www.instagram.com\\\/aminaverslun\\\/\"]}]}<\/script>\n<!-- \/ Yoast SEO Premium plugin. -->","yoast_head_json":{"title":"Oxballs - Tri-Sport XL ring sling &#8211; Amina","description":"Tri Sport XL typpahringur fr\u00e1 Oxball. Gefur \u00fe\u00e9tt grip utan um b\u00e6\u00f0i punginn og typpi\u00f0. \u00de\u00fa ver\u00f0ur extra har\u00f0ur og heldur reisn lengur.","robots":{"index":"index","follow":"follow","max-snippet":"max-snippet:-1","max-image-preview":"max-image-preview:large","max-video-preview":"max-video-preview:-1"},"canonical":"https:\/\/amina.is\/en\/verslun\/typpid\/typpahringir\/oxballs-tri-sport-xl-ring-sling\/","og_locale":"en_US","og_type":"article","og_title":"Oxballs - Tri-Sport XL ring sling","og_description":"Tri Sport XL typpahringur fr\u00e1 Oxball. Gefur \u00fe\u00e9tt grip utan um b\u00e6\u00f0i punginn og typpi\u00f0. \u00de\u00fa ver\u00f0ur extra har\u00f0ur og heldur reisn lengur.","og_url":"https:\/\/amina.is\/en\/verslun\/typpid\/typpahringir\/oxballs-tri-sport-xl-ring-sling\/","og_site_name":"Amina","article_publisher":"https:\/\/m.facebook.com\/AMINA-100767148840241\/","article_modified_time":"2025-12-08T15:36:48+00:00","og_image":[{"width":1080,"height":1080,"url":"https:\/\/amina.is\/wp-content\/uploads\/2025\/11\/AMINA-vorumyndir-dokkur-bakgrunnur-39.jpg","type":"image\/jpeg"}],"twitter_card":"summary_large_image","twitter_misc":{"Est. reading time":"1 minute"},"schema":{"@context":"https:\/\/schema.org","@graph":[{"@type":"WebPage","@id":"https:\/\/amina.is\/verslun\/typpid\/typpahringir\/oxballs-tri-sport-xl-ring-sling\/","url":"https:\/\/amina.is\/verslun\/typpid\/typpahringir\/oxballs-tri-sport-xl-ring-sling\/","name":"Oxballs - Tri-Sport XL ring sling &#8211; Amina","isPartOf":{"@id":"https:\/\/amina.is\/#website"},"primaryImageOfPage":{"@id":"https:\/\/amina.is\/verslun\/typpid\/typpahringir\/oxballs-tri-sport-xl-ring-sling\/#primaryimage"},"image":{"@id":"https:\/\/amina.is\/verslun\/typpid\/typpahringir\/oxballs-tri-sport-xl-ring-sling\/#primaryimage"},"thumbnailUrl":"https:\/\/amina.is\/wp-content\/uploads\/2025\/11\/AMINA-vorumyndir-dokkur-bakgrunnur-39.jpg","datePublished":"2025-12-08T15:36:47+00:00","dateModified":"2025-12-08T15:36:48+00:00","description":"Tri Sport XL typpahringur fr\u00e1 Oxball. Gefur \u00fe\u00e9tt grip utan um b\u00e6\u00f0i punginn og typpi\u00f0. \u00de\u00fa ver\u00f0ur extra har\u00f0ur og heldur reisn lengur.","breadcrumb":{"@id":"https:\/\/amina.is\/verslun\/typpid\/typpahringir\/oxballs-tri-sport-xl-ring-sling\/#breadcrumb"},"inLanguage":"en-US","potentialAction":[{"@type":"ReadAction","target":["https:\/\/amina.is\/verslun\/typpid\/typpahringir\/oxballs-tri-sport-xl-ring-sling\/"]}]},{"@type":"ImageObject","inLanguage":"en-US","@id":"https:\/\/amina.is\/verslun\/typpid\/typpahringir\/oxballs-tri-sport-xl-ring-sling\/#primaryimage","url":"https:\/\/amina.is\/wp-content\/uploads\/2025\/11\/AMINA-vorumyndir-dokkur-bakgrunnur-39.jpg","contentUrl":"https:\/\/amina.is\/wp-content\/uploads\/2025\/11\/AMINA-vorumyndir-dokkur-bakgrunnur-39.jpg","width":1080,"height":1080},{"@type":"BreadcrumbList","@id":"https:\/\/amina.is\/verslun\/typpid\/typpahringir\/oxballs-tri-sport-xl-ring-sling\/#breadcrumb","itemListElement":[{"@type":"ListItem","position":1,"name":"Home","item":"https:\/\/amina.is\/"},{"@type":"ListItem","position":2,"name":"Verslun","item":"https:\/\/amina.is\/verslun\/"},{"@type":"ListItem","position":3,"name":"Oxballs &#8211; Tri-Sport XL ring sling"}]},{"@type":"WebSite","@id":"https:\/\/amina.is\/#website","url":"https:\/\/amina.is\/","name":"Amina","description":"Feeling is everything - Una\u00f0sv\u00f6rur fyrir alla","publisher":{"@id":"https:\/\/amina.is\/#organization"},"potentialAction":[{"@type":"SearchAction","target":{"@type":"EntryPoint","urlTemplate":"https:\/\/amina.is\/?s={search_term_string}"},"query-input":{"@type":"PropertyValueSpecification","valueRequired":true,"valueName":"search_term_string"}}],"inLanguage":"en-US"},{"@type":"Organization","@id":"https:\/\/amina.is\/#organization","name":"Amina","url":"https:\/\/amina.is\/","logo":{"@type":"ImageObject","inLanguage":"en-US","@id":"https:\/\/amina.is\/#\/schema\/logo\/image\/","url":"https:\/\/amina.is\/wp-content\/uploads\/2021\/09\/logo.png","contentUrl":"https:\/\/amina.is\/wp-content\/uploads\/2021\/09\/logo.png","width":1790,"height":464,"caption":"Amina"},"image":{"@id":"https:\/\/amina.is\/#\/schema\/logo\/image\/"},"sameAs":["https:\/\/m.facebook.com\/AMINA-100767148840241\/","https:\/\/www.instagram.com\/aminaverslun\/"]}]}},"_links":{"self":[{"href":"https:\/\/amina.is\/en\/wp-json\/wp\/v2\/product\/12193","targetHints":{"allow":["GET"]}}],"collection":[{"href":"https:\/\/amina.is\/en\/wp-json\/wp\/v2\/product"}],"about":[{"href":"https:\/\/amina.is\/en\/wp-json\/wp\/v2\/types\/product"}],"version-history":[{"count":2,"href":"https:\/\/amina.is\/en\/wp-json\/wp\/v2\/product\/12193\/revisions"}],"predecessor-version":[{"id":12223,"href":"https:\/\/amina.is\/en\/wp-json\/wp\/v2\/product\/12193\/revisions\/12223"}],"wp:featuredmedia":[{"embeddable":true,"href":"https:\/\/amina.is\/en\/wp-json\/wp\/v2\/media\/12198"}],"wp:attachment":[{"href":"https:\/\/amina.is\/en\/wp-json\/wp\/v2\/media?parent=12193"}],"wp:term":[{"taxonomy":"product_brand","embeddable":true,"href":"https:\/\/amina.is\/en\/wp-json\/wp\/v2\/product_brand?post=12193"},{"taxonomy":"product_cat","embeddable":true,"href":"https:\/\/amina.is\/en\/wp-json\/wp\/v2\/product_cat?post=12193"},{"taxonomy":"product_tag","embeddable":true,"href":"https:\/\/amina.is\/en\/wp-json\/wp\/v2\/product_tag?post=12193"}],"curies":[{"name":"wp","href":"https:\/\/api.w.org\/{rel}","templated":true}]}}