{"id":12165,"date":"2025-11-07T15:00:30","date_gmt":"2025-11-07T15:00:30","guid":{"rendered":"https:\/\/amina.is\/?post_type=product&#038;p=12165"},"modified":"2025-11-07T15:38:45","modified_gmt":"2025-11-07T15:38:45","slug":"mister-b-luxus-geirvortuklemmur-med-stillanlegum-thrystingi","status":"publish","type":"product","link":"https:\/\/amina.is\/en\/verslun\/blaeti\/geirvortur\/mister-b-luxus-geirvortuklemmur-med-stillanlegum-thrystingi\/","title":{"rendered":"Mister B &#8211; Pinch Battery Clamps"},"content":{"rendered":"<h5 data-start=\"208\" data-end=\"405\">&#8222;Battery Clamps&#8220; Geirv\u00f6rtuklemmur fr\u00e1 Mister B. H\u00f6nnunin er innbl\u00e1sin af b\u00edla og rafeindai\u00f0na\u00f0i. \u00de\u00f6kk s\u00e9 gorminum \u00ed mi\u00f0junni helst \u00fer\u00fdstingurinn jafnt dreif\u00f0ur \u00e1 me\u00f0an stilliskr\u00fafurnar gera \u00fe\u00e9r kleift a\u00f0 f\u00ednstilla kraftinn eftir \u00fe\u00ednum \u00f3skum.<\/h5>\n<h5 data-start=\"561\" data-end=\"732\">Ke\u00f0jan tengir klemmurnar saman og b\u00fd\u00f0ur upp \u00e1 m\u00f6guleika til a\u00f0 toga varlega e\u00f0a \u00e1kve\u00f0i\u00f0 \u00ed \u00fe\u00e6r fyrir fullkomi\u00f0 jafnv\u00e6gi milli una\u00f0ar og s\u00e1rsauka.<\/h5>","protected":false},"excerpt":{"rendered":"<p data-start=\"208\" data-end=\"405\">&#8222;Battery Clamps&#8220; Geirv\u00f6rtuklemmur fr\u00e1 Mister B.<\/p>","protected":false},"featured_media":12181,"template":"","meta":{"inline_featured_image":false},"product_brand":[],"product_cat":[36,41,42,43,912],"product_tag":[929,423,509,557,369,421],"class_list":{"0":"post-12165","1":"product","2":"type-product","3":"status-publish","4":"has-post-thumbnail","6":"product_cat-blaeti","7":"product_cat-fyrir-tha","8":"product_cat-fyrir-thaer","9":"product_cat-fyrir-thau","10":"product_cat-geirvortur","11":"product_tag-geirvortuklemmur","12":"product_tag-geirvortur","13":"product_tag-mister-b","14":"product_tag-nipple","15":"product_tag-nipple-clamps","16":"product_tag-nipple-play","18":"first","19":"instock","20":"shipping-taxable","21":"purchasable","22":"product-type-simple"},"yoast_head":"<!-- This site is optimized with the Yoast SEO Premium plugin v21.6 (Yoast SEO v27.3) - https:\/\/yoast.com\/product\/yoast-seo-premium-wordpress\/ -->\n<title>Mister B - Pinch Battery Clamps &#8211; Amina<\/title>\n<meta name=\"description\" content=\"Flott vi\u00f0b\u00f3t fyrir kynl\u00edfst\u00e6kja kistuna. Geirv\u00f6rtuklemmurnar fr\u00e1 Mister B koma me\u00f0 stillanlegri skr\u00fafu svo getir stillt \u00ferystinginn eftir \u00fe\u00ednu eigin h\u00f6f\u00f0i.\" \/>\n<meta name=\"robots\" content=\"index, follow, max-snippet:-1, max-image-preview:large, max-video-preview:-1\" \/>\n<link rel=\"canonical\" href=\"https:\/\/amina.is\/en\/verslun\/blaeti\/geirvortur\/mister-b-luxus-geirvortuklemmur-med-stillanlegum-thrystingi\/\" \/>\n<meta property=\"og:locale\" content=\"en_US\" \/>\n<meta property=\"og:type\" content=\"article\" \/>\n<meta property=\"og:title\" content=\"Mister B - Pinch Battery Clamps\" \/>\n<meta property=\"og:description\" content=\"Flott vi\u00f0b\u00f3t fyrir kynl\u00edfst\u00e6kja kistuna. Geirv\u00f6rtuklemmurnar fr\u00e1 Mister B koma me\u00f0 stillanlegri skr\u00fafu svo getir stillt \u00ferystinginn eftir \u00fe\u00ednu eigin h\u00f6f\u00f0i.\" \/>\n<meta property=\"og:url\" content=\"https:\/\/amina.is\/en\/verslun\/blaeti\/geirvortur\/mister-b-luxus-geirvortuklemmur-med-stillanlegum-thrystingi\/\" \/>\n<meta property=\"og:site_name\" content=\"Amina\" \/>\n<meta property=\"article:publisher\" content=\"https:\/\/m.facebook.com\/AMINA-100767148840241\/\" \/>\n<meta property=\"article:modified_time\" content=\"2025-11-07T15:38:45+00:00\" \/>\n<meta property=\"og:image\" content=\"https:\/\/amina.is\/wp-content\/uploads\/2025\/11\/AMINA-vorumyndir-dokkur-bakgrunnur-29.jpg\" \/>\n\t<meta property=\"og:image:width\" content=\"1080\" \/>\n\t<meta property=\"og:image:height\" content=\"1080\" \/>\n\t<meta property=\"og:image:type\" content=\"image\/jpeg\" \/>\n<meta name=\"twitter:card\" content=\"summary_large_image\" \/>\n<meta name=\"twitter:label1\" content=\"Est. reading time\" \/>\n\t<meta name=\"twitter:data1\" content=\"1 minute\" \/>\n<script type=\"application\/ld+json\" class=\"yoast-schema-graph\">{\"@context\":\"https:\\\/\\\/schema.org\",\"@graph\":[{\"@type\":\"WebPage\",\"@id\":\"https:\\\/\\\/amina.is\\\/verslun\\\/blaeti\\\/geirvortur\\\/mister-b-luxus-geirvortuklemmur-med-stillanlegum-thrystingi\\\/\",\"url\":\"https:\\\/\\\/amina.is\\\/verslun\\\/blaeti\\\/geirvortur\\\/mister-b-luxus-geirvortuklemmur-med-stillanlegum-thrystingi\\\/\",\"name\":\"Mister B - Pinch Battery Clamps &#8211; Amina\",\"isPartOf\":{\"@id\":\"https:\\\/\\\/amina.is\\\/#website\"},\"primaryImageOfPage\":{\"@id\":\"https:\\\/\\\/amina.is\\\/verslun\\\/blaeti\\\/geirvortur\\\/mister-b-luxus-geirvortuklemmur-med-stillanlegum-thrystingi\\\/#primaryimage\"},\"image\":{\"@id\":\"https:\\\/\\\/amina.is\\\/verslun\\\/blaeti\\\/geirvortur\\\/mister-b-luxus-geirvortuklemmur-med-stillanlegum-thrystingi\\\/#primaryimage\"},\"thumbnailUrl\":\"https:\\\/\\\/amina.is\\\/wp-content\\\/uploads\\\/2025\\\/11\\\/AMINA-vorumyndir-dokkur-bakgrunnur-29.jpg\",\"datePublished\":\"2025-11-07T15:00:30+00:00\",\"dateModified\":\"2025-11-07T15:38:45+00:00\",\"description\":\"Flott vi\u00f0b\u00f3t fyrir kynl\u00edfst\u00e6kja kistuna. Geirv\u00f6rtuklemmurnar fr\u00e1 Mister B koma me\u00f0 stillanlegri skr\u00fafu svo getir stillt \u00ferystinginn eftir \u00fe\u00ednu eigin h\u00f6f\u00f0i.\",\"breadcrumb\":{\"@id\":\"https:\\\/\\\/amina.is\\\/verslun\\\/blaeti\\\/geirvortur\\\/mister-b-luxus-geirvortuklemmur-med-stillanlegum-thrystingi\\\/#breadcrumb\"},\"inLanguage\":\"en-US\",\"potentialAction\":[{\"@type\":\"ReadAction\",\"target\":[\"https:\\\/\\\/amina.is\\\/verslun\\\/blaeti\\\/geirvortur\\\/mister-b-luxus-geirvortuklemmur-med-stillanlegum-thrystingi\\\/\"]}]},{\"@type\":\"ImageObject\",\"inLanguage\":\"en-US\",\"@id\":\"https:\\\/\\\/amina.is\\\/verslun\\\/blaeti\\\/geirvortur\\\/mister-b-luxus-geirvortuklemmur-med-stillanlegum-thrystingi\\\/#primaryimage\",\"url\":\"https:\\\/\\\/amina.is\\\/wp-content\\\/uploads\\\/2025\\\/11\\\/AMINA-vorumyndir-dokkur-bakgrunnur-29.jpg\",\"contentUrl\":\"https:\\\/\\\/amina.is\\\/wp-content\\\/uploads\\\/2025\\\/11\\\/AMINA-vorumyndir-dokkur-bakgrunnur-29.jpg\",\"width\":1080,\"height\":1080},{\"@type\":\"BreadcrumbList\",\"@id\":\"https:\\\/\\\/amina.is\\\/verslun\\\/blaeti\\\/geirvortur\\\/mister-b-luxus-geirvortuklemmur-med-stillanlegum-thrystingi\\\/#breadcrumb\",\"itemListElement\":[{\"@type\":\"ListItem\",\"position\":1,\"name\":\"Home\",\"item\":\"https:\\\/\\\/amina.is\\\/\"},{\"@type\":\"ListItem\",\"position\":2,\"name\":\"Verslun\",\"item\":\"https:\\\/\\\/amina.is\\\/verslun\\\/\"},{\"@type\":\"ListItem\",\"position\":3,\"name\":\"Mister B &#8211; Pinch Battery Clamps\"}]},{\"@type\":\"WebSite\",\"@id\":\"https:\\\/\\\/amina.is\\\/#website\",\"url\":\"https:\\\/\\\/amina.is\\\/\",\"name\":\"Amina\",\"description\":\"Feeling is everything - Una\u00f0sv\u00f6rur fyrir alla\",\"publisher\":{\"@id\":\"https:\\\/\\\/amina.is\\\/#organization\"},\"potentialAction\":[{\"@type\":\"SearchAction\",\"target\":{\"@type\":\"EntryPoint\",\"urlTemplate\":\"https:\\\/\\\/amina.is\\\/?s={search_term_string}\"},\"query-input\":{\"@type\":\"PropertyValueSpecification\",\"valueRequired\":true,\"valueName\":\"search_term_string\"}}],\"inLanguage\":\"en-US\"},{\"@type\":\"Organization\",\"@id\":\"https:\\\/\\\/amina.is\\\/#organization\",\"name\":\"Amina\",\"url\":\"https:\\\/\\\/amina.is\\\/\",\"logo\":{\"@type\":\"ImageObject\",\"inLanguage\":\"en-US\",\"@id\":\"https:\\\/\\\/amina.is\\\/#\\\/schema\\\/logo\\\/image\\\/\",\"url\":\"https:\\\/\\\/amina.is\\\/wp-content\\\/uploads\\\/2021\\\/09\\\/logo.png\",\"contentUrl\":\"https:\\\/\\\/amina.is\\\/wp-content\\\/uploads\\\/2021\\\/09\\\/logo.png\",\"width\":1790,\"height\":464,\"caption\":\"Amina\"},\"image\":{\"@id\":\"https:\\\/\\\/amina.is\\\/#\\\/schema\\\/logo\\\/image\\\/\"},\"sameAs\":[\"https:\\\/\\\/m.facebook.com\\\/AMINA-100767148840241\\\/\",\"https:\\\/\\\/www.instagram.com\\\/aminaverslun\\\/\"]}]}<\/script>\n<!-- \/ Yoast SEO Premium plugin. -->","yoast_head_json":{"title":"Mister B - Pinch Battery Clamps &#8211; Amina","description":"Flott vi\u00f0b\u00f3t fyrir kynl\u00edfst\u00e6kja kistuna. Geirv\u00f6rtuklemmurnar fr\u00e1 Mister B koma me\u00f0 stillanlegri skr\u00fafu svo getir stillt \u00ferystinginn eftir \u00fe\u00ednu eigin h\u00f6f\u00f0i.","robots":{"index":"index","follow":"follow","max-snippet":"max-snippet:-1","max-image-preview":"max-image-preview:large","max-video-preview":"max-video-preview:-1"},"canonical":"https:\/\/amina.is\/en\/verslun\/blaeti\/geirvortur\/mister-b-luxus-geirvortuklemmur-med-stillanlegum-thrystingi\/","og_locale":"en_US","og_type":"article","og_title":"Mister B - Pinch Battery Clamps","og_description":"Flott vi\u00f0b\u00f3t fyrir kynl\u00edfst\u00e6kja kistuna. Geirv\u00f6rtuklemmurnar fr\u00e1 Mister B koma me\u00f0 stillanlegri skr\u00fafu svo getir stillt \u00ferystinginn eftir \u00fe\u00ednu eigin h\u00f6f\u00f0i.","og_url":"https:\/\/amina.is\/en\/verslun\/blaeti\/geirvortur\/mister-b-luxus-geirvortuklemmur-med-stillanlegum-thrystingi\/","og_site_name":"Amina","article_publisher":"https:\/\/m.facebook.com\/AMINA-100767148840241\/","article_modified_time":"2025-11-07T15:38:45+00:00","og_image":[{"width":1080,"height":1080,"url":"https:\/\/amina.is\/wp-content\/uploads\/2025\/11\/AMINA-vorumyndir-dokkur-bakgrunnur-29.jpg","type":"image\/jpeg"}],"twitter_card":"summary_large_image","twitter_misc":{"Est. reading time":"1 minute"},"schema":{"@context":"https:\/\/schema.org","@graph":[{"@type":"WebPage","@id":"https:\/\/amina.is\/verslun\/blaeti\/geirvortur\/mister-b-luxus-geirvortuklemmur-med-stillanlegum-thrystingi\/","url":"https:\/\/amina.is\/verslun\/blaeti\/geirvortur\/mister-b-luxus-geirvortuklemmur-med-stillanlegum-thrystingi\/","name":"Mister B - Pinch Battery Clamps &#8211; Amina","isPartOf":{"@id":"https:\/\/amina.is\/#website"},"primaryImageOfPage":{"@id":"https:\/\/amina.is\/verslun\/blaeti\/geirvortur\/mister-b-luxus-geirvortuklemmur-med-stillanlegum-thrystingi\/#primaryimage"},"image":{"@id":"https:\/\/amina.is\/verslun\/blaeti\/geirvortur\/mister-b-luxus-geirvortuklemmur-med-stillanlegum-thrystingi\/#primaryimage"},"thumbnailUrl":"https:\/\/amina.is\/wp-content\/uploads\/2025\/11\/AMINA-vorumyndir-dokkur-bakgrunnur-29.jpg","datePublished":"2025-11-07T15:00:30+00:00","dateModified":"2025-11-07T15:38:45+00:00","description":"Flott vi\u00f0b\u00f3t fyrir kynl\u00edfst\u00e6kja kistuna. Geirv\u00f6rtuklemmurnar fr\u00e1 Mister B koma me\u00f0 stillanlegri skr\u00fafu svo getir stillt \u00ferystinginn eftir \u00fe\u00ednu eigin h\u00f6f\u00f0i.","breadcrumb":{"@id":"https:\/\/amina.is\/verslun\/blaeti\/geirvortur\/mister-b-luxus-geirvortuklemmur-med-stillanlegum-thrystingi\/#breadcrumb"},"inLanguage":"en-US","potentialAction":[{"@type":"ReadAction","target":["https:\/\/amina.is\/verslun\/blaeti\/geirvortur\/mister-b-luxus-geirvortuklemmur-med-stillanlegum-thrystingi\/"]}]},{"@type":"ImageObject","inLanguage":"en-US","@id":"https:\/\/amina.is\/verslun\/blaeti\/geirvortur\/mister-b-luxus-geirvortuklemmur-med-stillanlegum-thrystingi\/#primaryimage","url":"https:\/\/amina.is\/wp-content\/uploads\/2025\/11\/AMINA-vorumyndir-dokkur-bakgrunnur-29.jpg","contentUrl":"https:\/\/amina.is\/wp-content\/uploads\/2025\/11\/AMINA-vorumyndir-dokkur-bakgrunnur-29.jpg","width":1080,"height":1080},{"@type":"BreadcrumbList","@id":"https:\/\/amina.is\/verslun\/blaeti\/geirvortur\/mister-b-luxus-geirvortuklemmur-med-stillanlegum-thrystingi\/#breadcrumb","itemListElement":[{"@type":"ListItem","position":1,"name":"Home","item":"https:\/\/amina.is\/"},{"@type":"ListItem","position":2,"name":"Verslun","item":"https:\/\/amina.is\/verslun\/"},{"@type":"ListItem","position":3,"name":"Mister B &#8211; Pinch Battery Clamps"}]},{"@type":"WebSite","@id":"https:\/\/amina.is\/#website","url":"https:\/\/amina.is\/","name":"Amina","description":"Feeling is everything - Una\u00f0sv\u00f6rur fyrir alla","publisher":{"@id":"https:\/\/amina.is\/#organization"},"potentialAction":[{"@type":"SearchAction","target":{"@type":"EntryPoint","urlTemplate":"https:\/\/amina.is\/?s={search_term_string}"},"query-input":{"@type":"PropertyValueSpecification","valueRequired":true,"valueName":"search_term_string"}}],"inLanguage":"en-US"},{"@type":"Organization","@id":"https:\/\/amina.is\/#organization","name":"Amina","url":"https:\/\/amina.is\/","logo":{"@type":"ImageObject","inLanguage":"en-US","@id":"https:\/\/amina.is\/#\/schema\/logo\/image\/","url":"https:\/\/amina.is\/wp-content\/uploads\/2021\/09\/logo.png","contentUrl":"https:\/\/amina.is\/wp-content\/uploads\/2021\/09\/logo.png","width":1790,"height":464,"caption":"Amina"},"image":{"@id":"https:\/\/amina.is\/#\/schema\/logo\/image\/"},"sameAs":["https:\/\/m.facebook.com\/AMINA-100767148840241\/","https:\/\/www.instagram.com\/aminaverslun\/"]}]}},"_links":{"self":[{"href":"https:\/\/amina.is\/en\/wp-json\/wp\/v2\/product\/12165","targetHints":{"allow":["GET"]}}],"collection":[{"href":"https:\/\/amina.is\/en\/wp-json\/wp\/v2\/product"}],"about":[{"href":"https:\/\/amina.is\/en\/wp-json\/wp\/v2\/types\/product"}],"version-history":[{"count":1,"href":"https:\/\/amina.is\/en\/wp-json\/wp\/v2\/product\/12165\/revisions"}],"predecessor-version":[{"id":12184,"href":"https:\/\/amina.is\/en\/wp-json\/wp\/v2\/product\/12165\/revisions\/12184"}],"wp:featuredmedia":[{"embeddable":true,"href":"https:\/\/amina.is\/en\/wp-json\/wp\/v2\/media\/12181"}],"wp:attachment":[{"href":"https:\/\/amina.is\/en\/wp-json\/wp\/v2\/media?parent=12165"}],"wp:term":[{"taxonomy":"product_brand","embeddable":true,"href":"https:\/\/amina.is\/en\/wp-json\/wp\/v2\/product_brand?post=12165"},{"taxonomy":"product_cat","embeddable":true,"href":"https:\/\/amina.is\/en\/wp-json\/wp\/v2\/product_cat?post=12165"},{"taxonomy":"product_tag","embeddable":true,"href":"https:\/\/amina.is\/en\/wp-json\/wp\/v2\/product_tag?post=12165"}],"curies":[{"name":"wp","href":"https:\/\/api.w.org\/{rel}","templated":true}]}}