{"id":12153,"date":"2025-10-19T10:09:04","date_gmt":"2025-10-19T10:09:04","guid":{"rendered":"https:\/\/amina.is\/?post_type=product&#038;p=12153"},"modified":"2025-11-05T18:22:23","modified_gmt":"2025-11-05T18:22:23","slug":"nasty-pig-union-suit-2-0","status":"publish","type":"product","link":"https:\/\/amina.is\/en\/verslun\/fatnadur\/naerfot-herra\/naerfoth\/nasty-pig-union-suit-2-0\/","title":{"rendered":"Nasty Pig &#8211; Union Suit 2.0"},"content":{"rendered":"<h5><span class=\"Y2IQFc\" lang=\"is\">Union suit \u00far 53% p\u00f3l\u00fdester, 44% b\u00f3mull og 3% spandex sem tryggir a\u00f0 efni\u00f0 liggi \u00fe\u00e9tt a\u00f0 l\u00edkamanum en gefur \u00e1 sama t\u00edma g\u00f3\u00f0a teygju. Nikkel smellur sem n\u00e1 ni\u00f0ur a\u00f0 framan og upp fyrir rass a\u00f0 aftan.<br \/>\n\u00devoist a\u00f0eins \u00e1 volgu, noti\u00f0 a\u00f0eins \u00feurrkara sem b\u00fd\u00f0ur upp \u00e1 \u00feurrkun \u00e1 l\u00e1gum hita. Noti\u00f0 engin efni sem innihalda kl\u00f3r.<\/span><\/h5>\n<h5>St\u00e6r\u00f0atafla<\/h5>\n<table style=\"height: 152px;\" width=\"441\">\n<thead>\n<tr>\n<th>\n<h5>Size<\/h5>\n<\/th>\n<th>\n<h5>Chest (cm)<\/h5>\n<\/th>\n<th>\n<h5>Inseam (cm)<\/h5>\n<\/th>\n<th>\n<h5>Chest (in)<\/h5>\n<\/th>\n<th>\n<h5>Inseam (in)<\/h5>\n<\/th>\n<\/tr>\n<\/thead>\n<tbody>\n<tr>\n<td><\/td>\n<td><\/td>\n<td><\/td>\n<td><\/td>\n<td><\/td>\n<\/tr>\n<tr>\n<td>\n<h5>M<\/h5>\n<\/td>\n<td>\n<h5>96.5<\/h5>\n<\/td>\n<td>\n<h5>76.2<\/h5>\n<\/td>\n<td>\n<h5>38<\/h5>\n<\/td>\n<td>\n<h5>30<\/h5>\n<\/td>\n<\/tr>\n<tr>\n<td>\n<h5>L<\/h5>\n<\/td>\n<td>\n<h5>101.6<\/h5>\n<\/td>\n<td>\n<h5>77.5<\/h5>\n<\/td>\n<td>\n<h5>40<\/h5>\n<\/td>\n<td>\n<h5>30.5<\/h5>\n<\/td>\n<\/tr>\n<tr>\n<td><\/td>\n<td><\/td>\n<td><\/td>\n<td><\/td>\n<td><\/td>\n<\/tr>\n<tr>\n<td><\/td>\n<td><\/td>\n<td><\/td>\n<td><\/td>\n<td><\/td>\n<\/tr>\n<\/tbody>\n<\/table>\n<h5><\/h5>\n<pre id=\"tw-target-text\" class=\"tw-data-text tw-text-large tw-ta\" dir=\"ltr\" tabindex=\"-1\" role=\"text\" data-placeholder=\"\u00de\u00fd\u00f0ing\" data-ved=\"2ahUKEwiI9ovWi6uQAxVXXEEAHZhYDi4Q3ewLegQIChAV\" aria-label=\"\u00de\u00fdddur texti: S\u00e9rsni\u00f0in rifju\u00f0 blanda af b\u00f3mull og p\u00f3l\u00fd sem tryggir g\u00f3\u00f0a passun. Snout merki \u00ed sama lit og \u00e1 vinstri framhli\u00f0 bringunnar. S\u00e9rsni\u00f0nir smellur me\u00f0 forn-nikkel merki. Smelltulokun fr\u00e1 framan til aftan. 53% p\u00f3l\u00fdester, 44% b\u00f3mull, 3% spandex. \u00devoi\u00f0 \u00ed \u00fevottav\u00e9l me\u00f0 heitum hita, s\u00e9rstaklega. \u00deurrki\u00f0 \u00ed \u00feurrkara me\u00f0 l\u00e1gu hitastigi, a\u00f0eins \u00e1n kl\u00f3rbleikiefna. St\u00e6r\u00f0ir (al\u00fej\u00f3\u00f0leg - cm) og bandar\u00edskar st\u00e6r\u00f0ir (tommur): St\u00e6r\u00f0 Brj\u00f3stv\u00eddd (cm) Innri saumur (cm) Brj\u00f3stv\u00eddd (tommer) Innri saumur (tommer) S 91,4 74,9 36 29,5 M 96,5 76,2 38 30 L 101,6 77,5 40 30,5 XL 106,7 78,7 42 31 XXL 111,8 80,0 44 31,5\"><span class=\"Y2IQFc\" lang=\"is\">\u00a0<\/span><\/pre>","protected":false},"excerpt":{"rendered":"<p>Eitt flottasta Union Suit-i\u00f0 \u00e1 marka\u00f0num \u00ed dag<\/p>","protected":false},"featured_media":12155,"template":"","meta":{"inline_featured_image":false},"product_brand":[],"product_cat":[36,196,41,903,514,340,889],"product_tag":[963,964],"class_list":{"0":"post-12153","1":"product","2":"type-product","3":"status-publish","4":"has-post-thumbnail","6":"product_cat-blaeti","7":"product_cat-fatnadur","8":"product_cat-fyrir-tha","9":"product_cat-grimurosvfrv","10":"product_cat-hermanna","11":"product_cat-naerfot-herra","12":"product_cat-naerfoth","13":"product_tag-nasty-pig","14":"product_tag-union-suit","16":"first","17":"instock","18":"shipping-taxable","19":"purchasable","20":"product-type-variable","21":"has-default-attributes"},"yoast_head":"<!-- This site is optimized with the Yoast SEO Premium plugin v21.6 (Yoast SEO v27.3) - https:\/\/yoast.com\/product\/yoast-seo-premium-wordpress\/ -->\n<title>Nasty Pig - Union Suit 2.0 &#8211; Amina<\/title>\n<meta name=\"description\" content=\"Union suit fr\u00e1 nasty pig, nikkel smellur sem opnast a\u00f0 framan og alla lei\u00f0 aftur \u00e1 bak.\" \/>\n<meta name=\"robots\" content=\"index, follow, max-snippet:-1, max-image-preview:large, max-video-preview:-1\" \/>\n<link rel=\"canonical\" href=\"https:\/\/amina.is\/en\/verslun\/fatnadur\/naerfot-herra\/naerfoth\/nasty-pig-union-suit-2-0\/\" \/>\n<meta property=\"og:locale\" content=\"en_US\" \/>\n<meta property=\"og:type\" content=\"article\" \/>\n<meta property=\"og:title\" content=\"Nasty Pig - Union Suit 2.0\" \/>\n<meta property=\"og:description\" content=\"Union suit fr\u00e1 nasty pig, nikkel smellur sem opnast a\u00f0 framan og alla lei\u00f0 aftur \u00e1 bak.\" \/>\n<meta property=\"og:url\" content=\"https:\/\/amina.is\/en\/verslun\/fatnadur\/naerfot-herra\/naerfoth\/nasty-pig-union-suit-2-0\/\" \/>\n<meta property=\"og:site_name\" content=\"Amina\" \/>\n<meta property=\"article:publisher\" content=\"https:\/\/m.facebook.com\/AMINA-100767148840241\/\" \/>\n<meta property=\"article:modified_time\" content=\"2025-11-05T18:22:23+00:00\" \/>\n<meta property=\"og:image\" content=\"https:\/\/amina.is\/wp-content\/uploads\/2025\/10\/AMINA-vorumyndir-dokkur-bakgrunnur-25.jpg\" \/>\n\t<meta property=\"og:image:width\" content=\"1080\" \/>\n\t<meta property=\"og:image:height\" content=\"1080\" \/>\n\t<meta property=\"og:image:type\" content=\"image\/jpeg\" \/>\n<meta name=\"twitter:card\" content=\"summary_large_image\" \/>\n<meta name=\"twitter:label1\" content=\"Est. reading time\" \/>\n\t<meta name=\"twitter:data1\" content=\"1 minute\" \/>\n<script type=\"application\/ld+json\" class=\"yoast-schema-graph\">{\"@context\":\"https:\\\/\\\/schema.org\",\"@graph\":[{\"@type\":\"WebPage\",\"@id\":\"https:\\\/\\\/amina.is\\\/verslun\\\/fatnadur\\\/naerfot-herra\\\/naerfoth\\\/nasty-pig-union-suit-2-0\\\/\",\"url\":\"https:\\\/\\\/amina.is\\\/verslun\\\/fatnadur\\\/naerfot-herra\\\/naerfoth\\\/nasty-pig-union-suit-2-0\\\/\",\"name\":\"Nasty Pig - Union Suit 2.0 &#8211; Amina\",\"isPartOf\":{\"@id\":\"https:\\\/\\\/amina.is\\\/#website\"},\"primaryImageOfPage\":{\"@id\":\"https:\\\/\\\/amina.is\\\/verslun\\\/fatnadur\\\/naerfot-herra\\\/naerfoth\\\/nasty-pig-union-suit-2-0\\\/#primaryimage\"},\"image\":{\"@id\":\"https:\\\/\\\/amina.is\\\/verslun\\\/fatnadur\\\/naerfot-herra\\\/naerfoth\\\/nasty-pig-union-suit-2-0\\\/#primaryimage\"},\"thumbnailUrl\":\"https:\\\/\\\/amina.is\\\/wp-content\\\/uploads\\\/2025\\\/10\\\/AMINA-vorumyndir-dokkur-bakgrunnur-25.jpg\",\"datePublished\":\"2025-10-19T10:09:04+00:00\",\"dateModified\":\"2025-11-05T18:22:23+00:00\",\"description\":\"Union suit fr\u00e1 nasty pig, nikkel smellur sem opnast a\u00f0 framan og alla lei\u00f0 aftur \u00e1 bak.\",\"breadcrumb\":{\"@id\":\"https:\\\/\\\/amina.is\\\/verslun\\\/fatnadur\\\/naerfot-herra\\\/naerfoth\\\/nasty-pig-union-suit-2-0\\\/#breadcrumb\"},\"inLanguage\":\"en-US\",\"potentialAction\":[{\"@type\":\"ReadAction\",\"target\":[\"https:\\\/\\\/amina.is\\\/verslun\\\/fatnadur\\\/naerfot-herra\\\/naerfoth\\\/nasty-pig-union-suit-2-0\\\/\"]}]},{\"@type\":\"ImageObject\",\"inLanguage\":\"en-US\",\"@id\":\"https:\\\/\\\/amina.is\\\/verslun\\\/fatnadur\\\/naerfot-herra\\\/naerfoth\\\/nasty-pig-union-suit-2-0\\\/#primaryimage\",\"url\":\"https:\\\/\\\/amina.is\\\/wp-content\\\/uploads\\\/2025\\\/10\\\/AMINA-vorumyndir-dokkur-bakgrunnur-25.jpg\",\"contentUrl\":\"https:\\\/\\\/amina.is\\\/wp-content\\\/uploads\\\/2025\\\/10\\\/AMINA-vorumyndir-dokkur-bakgrunnur-25.jpg\",\"width\":1080,\"height\":1080},{\"@type\":\"BreadcrumbList\",\"@id\":\"https:\\\/\\\/amina.is\\\/verslun\\\/fatnadur\\\/naerfot-herra\\\/naerfoth\\\/nasty-pig-union-suit-2-0\\\/#breadcrumb\",\"itemListElement\":[{\"@type\":\"ListItem\",\"position\":1,\"name\":\"Home\",\"item\":\"https:\\\/\\\/amina.is\\\/\"},{\"@type\":\"ListItem\",\"position\":2,\"name\":\"Verslun\",\"item\":\"https:\\\/\\\/amina.is\\\/verslun\\\/\"},{\"@type\":\"ListItem\",\"position\":3,\"name\":\"Nasty Pig &#8211; Union Suit 2.0\"}]},{\"@type\":\"WebSite\",\"@id\":\"https:\\\/\\\/amina.is\\\/#website\",\"url\":\"https:\\\/\\\/amina.is\\\/\",\"name\":\"Amina\",\"description\":\"Feeling is everything - Una\u00f0sv\u00f6rur fyrir alla\",\"publisher\":{\"@id\":\"https:\\\/\\\/amina.is\\\/#organization\"},\"potentialAction\":[{\"@type\":\"SearchAction\",\"target\":{\"@type\":\"EntryPoint\",\"urlTemplate\":\"https:\\\/\\\/amina.is\\\/?s={search_term_string}\"},\"query-input\":{\"@type\":\"PropertyValueSpecification\",\"valueRequired\":true,\"valueName\":\"search_term_string\"}}],\"inLanguage\":\"en-US\"},{\"@type\":\"Organization\",\"@id\":\"https:\\\/\\\/amina.is\\\/#organization\",\"name\":\"Amina\",\"url\":\"https:\\\/\\\/amina.is\\\/\",\"logo\":{\"@type\":\"ImageObject\",\"inLanguage\":\"en-US\",\"@id\":\"https:\\\/\\\/amina.is\\\/#\\\/schema\\\/logo\\\/image\\\/\",\"url\":\"https:\\\/\\\/amina.is\\\/wp-content\\\/uploads\\\/2021\\\/09\\\/logo.png\",\"contentUrl\":\"https:\\\/\\\/amina.is\\\/wp-content\\\/uploads\\\/2021\\\/09\\\/logo.png\",\"width\":1790,\"height\":464,\"caption\":\"Amina\"},\"image\":{\"@id\":\"https:\\\/\\\/amina.is\\\/#\\\/schema\\\/logo\\\/image\\\/\"},\"sameAs\":[\"https:\\\/\\\/m.facebook.com\\\/AMINA-100767148840241\\\/\",\"https:\\\/\\\/www.instagram.com\\\/aminaverslun\\\/\"]}]}<\/script>\n<!-- \/ Yoast SEO Premium plugin. -->","yoast_head_json":{"title":"Nasty Pig - Union Suit 2.0 &#8211; Amina","description":"Union suit fr\u00e1 nasty pig, nikkel smellur sem opnast a\u00f0 framan og alla lei\u00f0 aftur \u00e1 bak.","robots":{"index":"index","follow":"follow","max-snippet":"max-snippet:-1","max-image-preview":"max-image-preview:large","max-video-preview":"max-video-preview:-1"},"canonical":"https:\/\/amina.is\/en\/verslun\/fatnadur\/naerfot-herra\/naerfoth\/nasty-pig-union-suit-2-0\/","og_locale":"en_US","og_type":"article","og_title":"Nasty Pig - Union Suit 2.0","og_description":"Union suit fr\u00e1 nasty pig, nikkel smellur sem opnast a\u00f0 framan og alla lei\u00f0 aftur \u00e1 bak.","og_url":"https:\/\/amina.is\/en\/verslun\/fatnadur\/naerfot-herra\/naerfoth\/nasty-pig-union-suit-2-0\/","og_site_name":"Amina","article_publisher":"https:\/\/m.facebook.com\/AMINA-100767148840241\/","article_modified_time":"2025-11-05T18:22:23+00:00","og_image":[{"width":1080,"height":1080,"url":"https:\/\/amina.is\/wp-content\/uploads\/2025\/10\/AMINA-vorumyndir-dokkur-bakgrunnur-25.jpg","type":"image\/jpeg"}],"twitter_card":"summary_large_image","twitter_misc":{"Est. reading time":"1 minute"},"schema":{"@context":"https:\/\/schema.org","@graph":[{"@type":"WebPage","@id":"https:\/\/amina.is\/verslun\/fatnadur\/naerfot-herra\/naerfoth\/nasty-pig-union-suit-2-0\/","url":"https:\/\/amina.is\/verslun\/fatnadur\/naerfot-herra\/naerfoth\/nasty-pig-union-suit-2-0\/","name":"Nasty Pig - Union Suit 2.0 &#8211; Amina","isPartOf":{"@id":"https:\/\/amina.is\/#website"},"primaryImageOfPage":{"@id":"https:\/\/amina.is\/verslun\/fatnadur\/naerfot-herra\/naerfoth\/nasty-pig-union-suit-2-0\/#primaryimage"},"image":{"@id":"https:\/\/amina.is\/verslun\/fatnadur\/naerfot-herra\/naerfoth\/nasty-pig-union-suit-2-0\/#primaryimage"},"thumbnailUrl":"https:\/\/amina.is\/wp-content\/uploads\/2025\/10\/AMINA-vorumyndir-dokkur-bakgrunnur-25.jpg","datePublished":"2025-10-19T10:09:04+00:00","dateModified":"2025-11-05T18:22:23+00:00","description":"Union suit fr\u00e1 nasty pig, nikkel smellur sem opnast a\u00f0 framan og alla lei\u00f0 aftur \u00e1 bak.","breadcrumb":{"@id":"https:\/\/amina.is\/verslun\/fatnadur\/naerfot-herra\/naerfoth\/nasty-pig-union-suit-2-0\/#breadcrumb"},"inLanguage":"en-US","potentialAction":[{"@type":"ReadAction","target":["https:\/\/amina.is\/verslun\/fatnadur\/naerfot-herra\/naerfoth\/nasty-pig-union-suit-2-0\/"]}]},{"@type":"ImageObject","inLanguage":"en-US","@id":"https:\/\/amina.is\/verslun\/fatnadur\/naerfot-herra\/naerfoth\/nasty-pig-union-suit-2-0\/#primaryimage","url":"https:\/\/amina.is\/wp-content\/uploads\/2025\/10\/AMINA-vorumyndir-dokkur-bakgrunnur-25.jpg","contentUrl":"https:\/\/amina.is\/wp-content\/uploads\/2025\/10\/AMINA-vorumyndir-dokkur-bakgrunnur-25.jpg","width":1080,"height":1080},{"@type":"BreadcrumbList","@id":"https:\/\/amina.is\/verslun\/fatnadur\/naerfot-herra\/naerfoth\/nasty-pig-union-suit-2-0\/#breadcrumb","itemListElement":[{"@type":"ListItem","position":1,"name":"Home","item":"https:\/\/amina.is\/"},{"@type":"ListItem","position":2,"name":"Verslun","item":"https:\/\/amina.is\/verslun\/"},{"@type":"ListItem","position":3,"name":"Nasty Pig &#8211; Union Suit 2.0"}]},{"@type":"WebSite","@id":"https:\/\/amina.is\/#website","url":"https:\/\/amina.is\/","name":"Amina","description":"Feeling is everything - Una\u00f0sv\u00f6rur fyrir alla","publisher":{"@id":"https:\/\/amina.is\/#organization"},"potentialAction":[{"@type":"SearchAction","target":{"@type":"EntryPoint","urlTemplate":"https:\/\/amina.is\/?s={search_term_string}"},"query-input":{"@type":"PropertyValueSpecification","valueRequired":true,"valueName":"search_term_string"}}],"inLanguage":"en-US"},{"@type":"Organization","@id":"https:\/\/amina.is\/#organization","name":"Amina","url":"https:\/\/amina.is\/","logo":{"@type":"ImageObject","inLanguage":"en-US","@id":"https:\/\/amina.is\/#\/schema\/logo\/image\/","url":"https:\/\/amina.is\/wp-content\/uploads\/2021\/09\/logo.png","contentUrl":"https:\/\/amina.is\/wp-content\/uploads\/2021\/09\/logo.png","width":1790,"height":464,"caption":"Amina"},"image":{"@id":"https:\/\/amina.is\/#\/schema\/logo\/image\/"},"sameAs":["https:\/\/m.facebook.com\/AMINA-100767148840241\/","https:\/\/www.instagram.com\/aminaverslun\/"]}]}},"_links":{"self":[{"href":"https:\/\/amina.is\/en\/wp-json\/wp\/v2\/product\/12153","targetHints":{"allow":["GET"]}}],"collection":[{"href":"https:\/\/amina.is\/en\/wp-json\/wp\/v2\/product"}],"about":[{"href":"https:\/\/amina.is\/en\/wp-json\/wp\/v2\/types\/product"}],"version-history":[{"count":5,"href":"https:\/\/amina.is\/en\/wp-json\/wp\/v2\/product\/12153\/revisions"}],"predecessor-version":[{"id":12177,"href":"https:\/\/amina.is\/en\/wp-json\/wp\/v2\/product\/12153\/revisions\/12177"}],"wp:featuredmedia":[{"embeddable":true,"href":"https:\/\/amina.is\/en\/wp-json\/wp\/v2\/media\/12155"}],"wp:attachment":[{"href":"https:\/\/amina.is\/en\/wp-json\/wp\/v2\/media?parent=12153"}],"wp:term":[{"taxonomy":"product_brand","embeddable":true,"href":"https:\/\/amina.is\/en\/wp-json\/wp\/v2\/product_brand?post=12153"},{"taxonomy":"product_cat","embeddable":true,"href":"https:\/\/amina.is\/en\/wp-json\/wp\/v2\/product_cat?post=12153"},{"taxonomy":"product_tag","embeddable":true,"href":"https:\/\/amina.is\/en\/wp-json\/wp\/v2\/product_tag?post=12153"}],"curies":[{"name":"wp","href":"https:\/\/api.w.org\/{rel}","templated":true}]}}