{"id":12145,"date":"2025-10-17T11:13:24","date_gmt":"2025-10-17T11:13:24","guid":{"rendered":"https:\/\/amina.is\/?post_type=product&#038;p=12145"},"modified":"2025-12-09T13:55:26","modified_gmt":"2025-12-09T13:55:26","slug":"mister-b-shaggy-dog-hood","status":"publish","type":"product","link":"https:\/\/amina.is\/en\/verslun\/fyrir-tha\/mr-b\/mister-b-shaggy-dog-hood\/","title":{"rendered":"Mister B &#8211; Shaggy Dog Hood"},"content":{"rendered":"<div id=\"description\" class=\"data item content\">\n<div class=\"product attribute description\">\n<div class=\"value\" data-dynamic=\"description\">\n<div data-content-type=\"html\" data-appearance=\"default\" data-element=\"main\" data-decoded=\"true\">\n<h5>V\u00f6ndu\u00f0 og flott gr\u00edma ger\u00f0 \u00far ekta le\u00f0ri. H\u00e6gt er a\u00f0 losa tr\u00fdni\u00f0 af fyrir gott a\u00f0gengi a\u00f0 munni. Gr\u00edman kemur me\u00f0 tveimur le\u00f0ur tungum, rau\u00f0ri og br\u00fanni.<\/h5>\n<h5>100% Le\u00f0ur<\/h5>\n<h5>Ein st\u00e6r\u00f0 sem passar flestum<\/h5>\n<\/div>\n<\/div>\n<\/div>\n<\/div>","protected":false},"excerpt":{"rendered":"<p>V\u00f6ndu\u00f0 gr\u00edma \u00far 100% le\u00f0ri<\/p>","protected":false},"featured_media":12151,"template":"","meta":{"inline_featured_image":false},"product_brand":[],"product_cat":[36,903,344],"product_tag":[86,324,435,374,483,509,434],"class_list":{"0":"post-12145","1":"product","2":"type-product","3":"status-publish","4":"has-post-thumbnail","6":"product_cat-blaeti","7":"product_cat-grimurosvfrv","8":"product_cat-mr-b","9":"product_tag-bdsm","10":"product_tag-blaeti","11":"product_tag-hvolpur","12":"product_tag-leather","13":"product_tag-ledur","14":"product_tag-mister-b","15":"product_tag-puppy","17":"first","18":"instock","19":"shipping-taxable","20":"purchasable","21":"product-type-simple"},"yoast_head":"<!-- This site is optimized with the Yoast SEO Premium plugin v21.6 (Yoast SEO v27.4) - https:\/\/yoast.com\/product\/yoast-seo-premium-wordpress\/ -->\n<title>Mister B - Shaggy Dog Hood &#8211; Amina<\/title>\n<meta name=\"description\" content=\"V\u00f6ndu\u00f0 og flott gr\u00edma \u00far 100% le\u00f0ri fr\u00e1 Mister B. H\u00e6gt er a\u00f0 losa b\u00e6\u00f0i tr\u00fdni og tungu af fyrir betra a\u00f0gengi a\u00f0 munni. Tv\u00e6r tungur fylgja me\u00f0, rau\u00f0 og br\u00fan.\" \/>\n<meta name=\"robots\" content=\"index, follow, max-snippet:-1, max-image-preview:large, max-video-preview:-1\" \/>\n<link rel=\"canonical\" href=\"https:\/\/amina.is\/en\/verslun\/fyrir-tha\/mr-b\/mister-b-shaggy-dog-hood\/\" \/>\n<meta property=\"og:locale\" content=\"en_US\" \/>\n<meta property=\"og:type\" content=\"article\" \/>\n<meta property=\"og:title\" content=\"Mister B - Shaggy Dog Hood\" \/>\n<meta property=\"og:description\" content=\"V\u00f6ndu\u00f0 og flott gr\u00edma \u00far 100% le\u00f0ri fr\u00e1 Mister B. H\u00e6gt er a\u00f0 losa b\u00e6\u00f0i tr\u00fdni og tungu af fyrir betra a\u00f0gengi a\u00f0 munni. Tv\u00e6r tungur fylgja me\u00f0, rau\u00f0 og br\u00fan.\" \/>\n<meta property=\"og:url\" content=\"https:\/\/amina.is\/en\/verslun\/fyrir-tha\/mr-b\/mister-b-shaggy-dog-hood\/\" \/>\n<meta property=\"og:site_name\" content=\"Amina\" \/>\n<meta property=\"article:publisher\" content=\"https:\/\/m.facebook.com\/AMINA-100767148840241\/\" \/>\n<meta property=\"article:modified_time\" content=\"2025-12-09T13:55:26+00:00\" \/>\n<meta property=\"og:image\" content=\"https:\/\/amina.is\/wp-content\/uploads\/2025\/10\/AMINA-vorumyndir-dokkur-bakgrunnur-24.jpg\" \/>\n\t<meta property=\"og:image:width\" content=\"1080\" \/>\n\t<meta property=\"og:image:height\" content=\"1080\" \/>\n\t<meta property=\"og:image:type\" content=\"image\/jpeg\" \/>\n<meta name=\"twitter:card\" content=\"summary_large_image\" \/>\n<meta name=\"twitter:label1\" content=\"Est. reading time\" \/>\n\t<meta name=\"twitter:data1\" content=\"1 minute\" \/>\n<script type=\"application\/ld+json\" class=\"yoast-schema-graph\">{\"@context\":\"https:\\\/\\\/schema.org\",\"@graph\":[{\"@type\":\"WebPage\",\"@id\":\"https:\\\/\\\/amina.is\\\/verslun\\\/fyrir-tha\\\/mr-b\\\/mister-b-shaggy-dog-hood\\\/\",\"url\":\"https:\\\/\\\/amina.is\\\/verslun\\\/fyrir-tha\\\/mr-b\\\/mister-b-shaggy-dog-hood\\\/\",\"name\":\"Mister B - Shaggy Dog Hood &#8211; Amina\",\"isPartOf\":{\"@id\":\"https:\\\/\\\/amina.is\\\/#website\"},\"primaryImageOfPage\":{\"@id\":\"https:\\\/\\\/amina.is\\\/verslun\\\/fyrir-tha\\\/mr-b\\\/mister-b-shaggy-dog-hood\\\/#primaryimage\"},\"image\":{\"@id\":\"https:\\\/\\\/amina.is\\\/verslun\\\/fyrir-tha\\\/mr-b\\\/mister-b-shaggy-dog-hood\\\/#primaryimage\"},\"thumbnailUrl\":\"https:\\\/\\\/amina.is\\\/wp-content\\\/uploads\\\/2025\\\/10\\\/AMINA-vorumyndir-dokkur-bakgrunnur-24.jpg\",\"datePublished\":\"2025-10-17T11:13:24+00:00\",\"dateModified\":\"2025-12-09T13:55:26+00:00\",\"description\":\"V\u00f6ndu\u00f0 og flott gr\u00edma \u00far 100% le\u00f0ri fr\u00e1 Mister B. H\u00e6gt er a\u00f0 losa b\u00e6\u00f0i tr\u00fdni og tungu af fyrir betra a\u00f0gengi a\u00f0 munni. Tv\u00e6r tungur fylgja me\u00f0, rau\u00f0 og br\u00fan.\",\"breadcrumb\":{\"@id\":\"https:\\\/\\\/amina.is\\\/verslun\\\/fyrir-tha\\\/mr-b\\\/mister-b-shaggy-dog-hood\\\/#breadcrumb\"},\"inLanguage\":\"en-US\",\"potentialAction\":[{\"@type\":\"ReadAction\",\"target\":[\"https:\\\/\\\/amina.is\\\/verslun\\\/fyrir-tha\\\/mr-b\\\/mister-b-shaggy-dog-hood\\\/\"]}]},{\"@type\":\"ImageObject\",\"inLanguage\":\"en-US\",\"@id\":\"https:\\\/\\\/amina.is\\\/verslun\\\/fyrir-tha\\\/mr-b\\\/mister-b-shaggy-dog-hood\\\/#primaryimage\",\"url\":\"https:\\\/\\\/amina.is\\\/wp-content\\\/uploads\\\/2025\\\/10\\\/AMINA-vorumyndir-dokkur-bakgrunnur-24.jpg\",\"contentUrl\":\"https:\\\/\\\/amina.is\\\/wp-content\\\/uploads\\\/2025\\\/10\\\/AMINA-vorumyndir-dokkur-bakgrunnur-24.jpg\",\"width\":1080,\"height\":1080},{\"@type\":\"BreadcrumbList\",\"@id\":\"https:\\\/\\\/amina.is\\\/verslun\\\/fyrir-tha\\\/mr-b\\\/mister-b-shaggy-dog-hood\\\/#breadcrumb\",\"itemListElement\":[{\"@type\":\"ListItem\",\"position\":1,\"name\":\"Home\",\"item\":\"https:\\\/\\\/amina.is\\\/\"},{\"@type\":\"ListItem\",\"position\":2,\"name\":\"Verslun\",\"item\":\"https:\\\/\\\/amina.is\\\/verslun\\\/\"},{\"@type\":\"ListItem\",\"position\":3,\"name\":\"Mister B &#8211; Shaggy Dog Hood\"}]},{\"@type\":\"WebSite\",\"@id\":\"https:\\\/\\\/amina.is\\\/#website\",\"url\":\"https:\\\/\\\/amina.is\\\/\",\"name\":\"Amina\",\"description\":\"Feeling is everything - Una\u00f0sv\u00f6rur fyrir alla\",\"publisher\":{\"@id\":\"https:\\\/\\\/amina.is\\\/#organization\"},\"potentialAction\":[{\"@type\":\"SearchAction\",\"target\":{\"@type\":\"EntryPoint\",\"urlTemplate\":\"https:\\\/\\\/amina.is\\\/?s={search_term_string}\"},\"query-input\":{\"@type\":\"PropertyValueSpecification\",\"valueRequired\":true,\"valueName\":\"search_term_string\"}}],\"inLanguage\":\"en-US\"},{\"@type\":\"Organization\",\"@id\":\"https:\\\/\\\/amina.is\\\/#organization\",\"name\":\"Amina\",\"url\":\"https:\\\/\\\/amina.is\\\/\",\"logo\":{\"@type\":\"ImageObject\",\"inLanguage\":\"en-US\",\"@id\":\"https:\\\/\\\/amina.is\\\/#\\\/schema\\\/logo\\\/image\\\/\",\"url\":\"https:\\\/\\\/amina.is\\\/wp-content\\\/uploads\\\/2021\\\/09\\\/logo.png\",\"contentUrl\":\"https:\\\/\\\/amina.is\\\/wp-content\\\/uploads\\\/2021\\\/09\\\/logo.png\",\"width\":1790,\"height\":464,\"caption\":\"Amina\"},\"image\":{\"@id\":\"https:\\\/\\\/amina.is\\\/#\\\/schema\\\/logo\\\/image\\\/\"},\"sameAs\":[\"https:\\\/\\\/m.facebook.com\\\/AMINA-100767148840241\\\/\",\"https:\\\/\\\/www.instagram.com\\\/aminaverslun\\\/\"]}]}<\/script>\n<!-- \/ Yoast SEO Premium plugin. -->","yoast_head_json":{"title":"Mister B - Shaggy Dog Hood &#8211; Amina","description":"V\u00f6ndu\u00f0 og flott gr\u00edma \u00far 100% le\u00f0ri fr\u00e1 Mister B. H\u00e6gt er a\u00f0 losa b\u00e6\u00f0i tr\u00fdni og tungu af fyrir betra a\u00f0gengi a\u00f0 munni. Tv\u00e6r tungur fylgja me\u00f0, rau\u00f0 og br\u00fan.","robots":{"index":"index","follow":"follow","max-snippet":"max-snippet:-1","max-image-preview":"max-image-preview:large","max-video-preview":"max-video-preview:-1"},"canonical":"https:\/\/amina.is\/en\/verslun\/fyrir-tha\/mr-b\/mister-b-shaggy-dog-hood\/","og_locale":"en_US","og_type":"article","og_title":"Mister B - Shaggy Dog Hood","og_description":"V\u00f6ndu\u00f0 og flott gr\u00edma \u00far 100% le\u00f0ri fr\u00e1 Mister B. H\u00e6gt er a\u00f0 losa b\u00e6\u00f0i tr\u00fdni og tungu af fyrir betra a\u00f0gengi a\u00f0 munni. Tv\u00e6r tungur fylgja me\u00f0, rau\u00f0 og br\u00fan.","og_url":"https:\/\/amina.is\/en\/verslun\/fyrir-tha\/mr-b\/mister-b-shaggy-dog-hood\/","og_site_name":"Amina","article_publisher":"https:\/\/m.facebook.com\/AMINA-100767148840241\/","article_modified_time":"2025-12-09T13:55:26+00:00","og_image":[{"width":1080,"height":1080,"url":"https:\/\/amina.is\/wp-content\/uploads\/2025\/10\/AMINA-vorumyndir-dokkur-bakgrunnur-24.jpg","type":"image\/jpeg"}],"twitter_card":"summary_large_image","twitter_misc":{"Est. reading time":"1 minute"},"schema":{"@context":"https:\/\/schema.org","@graph":[{"@type":"WebPage","@id":"https:\/\/amina.is\/verslun\/fyrir-tha\/mr-b\/mister-b-shaggy-dog-hood\/","url":"https:\/\/amina.is\/verslun\/fyrir-tha\/mr-b\/mister-b-shaggy-dog-hood\/","name":"Mister B - Shaggy Dog Hood &#8211; Amina","isPartOf":{"@id":"https:\/\/amina.is\/#website"},"primaryImageOfPage":{"@id":"https:\/\/amina.is\/verslun\/fyrir-tha\/mr-b\/mister-b-shaggy-dog-hood\/#primaryimage"},"image":{"@id":"https:\/\/amina.is\/verslun\/fyrir-tha\/mr-b\/mister-b-shaggy-dog-hood\/#primaryimage"},"thumbnailUrl":"https:\/\/amina.is\/wp-content\/uploads\/2025\/10\/AMINA-vorumyndir-dokkur-bakgrunnur-24.jpg","datePublished":"2025-10-17T11:13:24+00:00","dateModified":"2025-12-09T13:55:26+00:00","description":"V\u00f6ndu\u00f0 og flott gr\u00edma \u00far 100% le\u00f0ri fr\u00e1 Mister B. H\u00e6gt er a\u00f0 losa b\u00e6\u00f0i tr\u00fdni og tungu af fyrir betra a\u00f0gengi a\u00f0 munni. Tv\u00e6r tungur fylgja me\u00f0, rau\u00f0 og br\u00fan.","breadcrumb":{"@id":"https:\/\/amina.is\/verslun\/fyrir-tha\/mr-b\/mister-b-shaggy-dog-hood\/#breadcrumb"},"inLanguage":"en-US","potentialAction":[{"@type":"ReadAction","target":["https:\/\/amina.is\/verslun\/fyrir-tha\/mr-b\/mister-b-shaggy-dog-hood\/"]}]},{"@type":"ImageObject","inLanguage":"en-US","@id":"https:\/\/amina.is\/verslun\/fyrir-tha\/mr-b\/mister-b-shaggy-dog-hood\/#primaryimage","url":"https:\/\/amina.is\/wp-content\/uploads\/2025\/10\/AMINA-vorumyndir-dokkur-bakgrunnur-24.jpg","contentUrl":"https:\/\/amina.is\/wp-content\/uploads\/2025\/10\/AMINA-vorumyndir-dokkur-bakgrunnur-24.jpg","width":1080,"height":1080},{"@type":"BreadcrumbList","@id":"https:\/\/amina.is\/verslun\/fyrir-tha\/mr-b\/mister-b-shaggy-dog-hood\/#breadcrumb","itemListElement":[{"@type":"ListItem","position":1,"name":"Home","item":"https:\/\/amina.is\/"},{"@type":"ListItem","position":2,"name":"Verslun","item":"https:\/\/amina.is\/verslun\/"},{"@type":"ListItem","position":3,"name":"Mister B &#8211; Shaggy Dog Hood"}]},{"@type":"WebSite","@id":"https:\/\/amina.is\/#website","url":"https:\/\/amina.is\/","name":"Amina","description":"Feeling is everything - Una\u00f0sv\u00f6rur fyrir alla","publisher":{"@id":"https:\/\/amina.is\/#organization"},"potentialAction":[{"@type":"SearchAction","target":{"@type":"EntryPoint","urlTemplate":"https:\/\/amina.is\/?s={search_term_string}"},"query-input":{"@type":"PropertyValueSpecification","valueRequired":true,"valueName":"search_term_string"}}],"inLanguage":"en-US"},{"@type":"Organization","@id":"https:\/\/amina.is\/#organization","name":"Amina","url":"https:\/\/amina.is\/","logo":{"@type":"ImageObject","inLanguage":"en-US","@id":"https:\/\/amina.is\/#\/schema\/logo\/image\/","url":"https:\/\/amina.is\/wp-content\/uploads\/2021\/09\/logo.png","contentUrl":"https:\/\/amina.is\/wp-content\/uploads\/2021\/09\/logo.png","width":1790,"height":464,"caption":"Amina"},"image":{"@id":"https:\/\/amina.is\/#\/schema\/logo\/image\/"},"sameAs":["https:\/\/m.facebook.com\/AMINA-100767148840241\/","https:\/\/www.instagram.com\/aminaverslun\/"]}]}},"_links":{"self":[{"href":"https:\/\/amina.is\/en\/wp-json\/wp\/v2\/product\/12145","targetHints":{"allow":["GET"]}}],"collection":[{"href":"https:\/\/amina.is\/en\/wp-json\/wp\/v2\/product"}],"about":[{"href":"https:\/\/amina.is\/en\/wp-json\/wp\/v2\/types\/product"}],"version-history":[{"count":4,"href":"https:\/\/amina.is\/en\/wp-json\/wp\/v2\/product\/12145\/revisions"}],"predecessor-version":[{"id":12239,"href":"https:\/\/amina.is\/en\/wp-json\/wp\/v2\/product\/12145\/revisions\/12239"}],"wp:featuredmedia":[{"embeddable":true,"href":"https:\/\/amina.is\/en\/wp-json\/wp\/v2\/media\/12151"}],"wp:attachment":[{"href":"https:\/\/amina.is\/en\/wp-json\/wp\/v2\/media?parent=12145"}],"wp:term":[{"taxonomy":"product_brand","embeddable":true,"href":"https:\/\/amina.is\/en\/wp-json\/wp\/v2\/product_brand?post=12145"},{"taxonomy":"product_cat","embeddable":true,"href":"https:\/\/amina.is\/en\/wp-json\/wp\/v2\/product_cat?post=12145"},{"taxonomy":"product_tag","embeddable":true,"href":"https:\/\/amina.is\/en\/wp-json\/wp\/v2\/product_tag?post=12145"}],"curies":[{"name":"wp","href":"https:\/\/api.w.org\/{rel}","templated":true}]}}