{"id":12118,"date":"2025-08-25T19:09:05","date_gmt":"2025-08-25T19:09:05","guid":{"rendered":"https:\/\/amina.is\/?post_type=product&#038;p=12118"},"modified":"2025-08-25T19:09:07","modified_gmt":"2025-08-25T19:09:07","slug":"jock-male-masturbator-with-dildo","status":"publish","type":"product","link":"https:\/\/amina.is\/en\/verslun\/typpid\/muffur\/jock-male-masturbator-with-dildo\/","title":{"rendered":"JOCK &#8211; Male Masturbator with Dildo"},"content":{"rendered":"<h5>M\u00faffa og dild\u00f3 \u00ed sama leikfanginu. Raunverulegt \u00ed vi\u00f0komu. \u00dea\u00f0 er st\u00e1l pinni \u00ed typpinu sem h\u00e6gt er a\u00f0 beygja til eftir \u00fe\u00ednum \u00f3skum. Rassinn er riffla\u00f0ur a\u00f0 innan fyrir aukinn n\u00faning.<\/h5>\n<h5>St\u00e6r\u00f0 \u00e1 b\u00fak: 28x26x12cm. St\u00e6r\u00f0 \u00e1 typpi: 18x4cm. Rassinn: 18cm. \u00e1 d\u00fdpt. \u00de\u00fdngd: 3kg.<\/h5>\n<h5>Efni: TPE<\/h5>\n<h5><a href=\"https:\/\/amina.is\/en\/how-to-clean-and-maintain\/\">Vi\u00f0 m\u00e6lum me\u00f0 a\u00f0 lesa \u00feessa grein h\u00e9r fyrir uppl\u00fdsingar um \u00ferif og umhir\u00f0u.<\/a><\/h5>","protected":false},"excerpt":{"rendered":"<p>M\u00faffa og dild\u00f3 \u00ed sama leikfanginu.<\/p>","protected":false},"featured_media":12122,"template":"","meta":{"inline_featured_image":false},"product_brand":[],"product_cat":[41,884,906,877,44,35,45],"product_tag":[362,202,418,62,63],"class_list":{"0":"post-12118","1":"product","2":"type-product","3":"status-publish","4":"has-post-thumbnail","6":"product_cat-fyrir-tha","7":"product_cat-gervilimir","8":"product_cat-gervilimirogegg","9":"product_cat-muffur","10":"product_cat-pikan","11":"product_cat-rassinn","12":"product_cat-typpid","13":"product_tag-dildo","14":"product_tag-jock","15":"product_tag-masturbator","16":"product_tag-muffa","17":"product_tag-sjalfsfroun","19":"first","20":"instock","21":"shipping-taxable","22":"purchasable","23":"product-type-simple"},"yoast_head":"<!-- This site is optimized with the Yoast SEO Premium plugin v21.6 (Yoast SEO v27.3) - https:\/\/yoast.com\/product\/yoast-seo-premium-wordpress\/ -->\n<title>JOCK - Male Masturbator with Dildo &#8211; Amina<\/title>\n<meta name=\"description\" content=\"You can be sure to have a full evening of fun with this masturbator. Whatever the mood, you can flip whenever you feel like. Amina kynl\u00edfst\u00e6kjaverslun.\" \/>\n<meta name=\"robots\" content=\"index, follow, max-snippet:-1, max-image-preview:large, max-video-preview:-1\" \/>\n<link rel=\"canonical\" href=\"https:\/\/amina.is\/en\/verslun\/typpid\/muffur\/jock-male-masturbator-with-dildo\/\" \/>\n<meta property=\"og:locale\" content=\"en_US\" \/>\n<meta property=\"og:type\" content=\"article\" \/>\n<meta property=\"og:title\" content=\"JOCK - Male Masturbator with Dildo\" \/>\n<meta property=\"og:description\" content=\"You can be sure to have a full evening of fun with this masturbator. Whatever the mood, you can flip whenever you feel like. Amina kynl\u00edfst\u00e6kjaverslun.\" \/>\n<meta property=\"og:url\" content=\"https:\/\/amina.is\/en\/verslun\/typpid\/muffur\/jock-male-masturbator-with-dildo\/\" \/>\n<meta property=\"og:site_name\" content=\"Amina\" \/>\n<meta property=\"article:publisher\" content=\"https:\/\/m.facebook.com\/AMINA-100767148840241\/\" \/>\n<meta property=\"article:modified_time\" content=\"2025-08-25T19:09:07+00:00\" \/>\n<meta property=\"og:image\" content=\"https:\/\/amina.is\/wp-content\/uploads\/2025\/08\/cn-09-0939-12-013_540x540.jpg\" \/>\n\t<meta property=\"og:image:width\" content=\"540\" \/>\n\t<meta property=\"og:image:height\" content=\"540\" \/>\n\t<meta property=\"og:image:type\" content=\"image\/jpeg\" \/>\n<meta name=\"twitter:card\" content=\"summary_large_image\" \/>\n<meta name=\"twitter:label1\" content=\"Est. reading time\" \/>\n\t<meta name=\"twitter:data1\" content=\"1 minute\" \/>\n<script type=\"application\/ld+json\" class=\"yoast-schema-graph\">{\"@context\":\"https:\\\/\\\/schema.org\",\"@graph\":[{\"@type\":\"WebPage\",\"@id\":\"https:\\\/\\\/amina.is\\\/verslun\\\/typpid\\\/muffur\\\/jock-male-masturbator-with-dildo\\\/\",\"url\":\"https:\\\/\\\/amina.is\\\/verslun\\\/typpid\\\/muffur\\\/jock-male-masturbator-with-dildo\\\/\",\"name\":\"JOCK - Male Masturbator with Dildo &#8211; Amina\",\"isPartOf\":{\"@id\":\"https:\\\/\\\/amina.is\\\/#website\"},\"primaryImageOfPage\":{\"@id\":\"https:\\\/\\\/amina.is\\\/verslun\\\/typpid\\\/muffur\\\/jock-male-masturbator-with-dildo\\\/#primaryimage\"},\"image\":{\"@id\":\"https:\\\/\\\/amina.is\\\/verslun\\\/typpid\\\/muffur\\\/jock-male-masturbator-with-dildo\\\/#primaryimage\"},\"thumbnailUrl\":\"https:\\\/\\\/amina.is\\\/wp-content\\\/uploads\\\/2025\\\/08\\\/cn-09-0939-12-013_540x540.jpg\",\"datePublished\":\"2025-08-25T19:09:05+00:00\",\"dateModified\":\"2025-08-25T19:09:07+00:00\",\"description\":\"You can be sure to have a full evening of fun with this masturbator. Whatever the mood, you can flip whenever you feel like. Amina kynl\u00edfst\u00e6kjaverslun.\",\"breadcrumb\":{\"@id\":\"https:\\\/\\\/amina.is\\\/verslun\\\/typpid\\\/muffur\\\/jock-male-masturbator-with-dildo\\\/#breadcrumb\"},\"inLanguage\":\"en-US\",\"potentialAction\":[{\"@type\":\"ReadAction\",\"target\":[\"https:\\\/\\\/amina.is\\\/verslun\\\/typpid\\\/muffur\\\/jock-male-masturbator-with-dildo\\\/\"]}]},{\"@type\":\"ImageObject\",\"inLanguage\":\"en-US\",\"@id\":\"https:\\\/\\\/amina.is\\\/verslun\\\/typpid\\\/muffur\\\/jock-male-masturbator-with-dildo\\\/#primaryimage\",\"url\":\"https:\\\/\\\/amina.is\\\/wp-content\\\/uploads\\\/2025\\\/08\\\/cn-09-0939-12-013_540x540.jpg\",\"contentUrl\":\"https:\\\/\\\/amina.is\\\/wp-content\\\/uploads\\\/2025\\\/08\\\/cn-09-0939-12-013_540x540.jpg\",\"width\":540,\"height\":540},{\"@type\":\"BreadcrumbList\",\"@id\":\"https:\\\/\\\/amina.is\\\/verslun\\\/typpid\\\/muffur\\\/jock-male-masturbator-with-dildo\\\/#breadcrumb\",\"itemListElement\":[{\"@type\":\"ListItem\",\"position\":1,\"name\":\"Home\",\"item\":\"https:\\\/\\\/amina.is\\\/\"},{\"@type\":\"ListItem\",\"position\":2,\"name\":\"Verslun\",\"item\":\"https:\\\/\\\/amina.is\\\/verslun\\\/\"},{\"@type\":\"ListItem\",\"position\":3,\"name\":\"JOCK &#8211; Male Masturbator with Dildo\"}]},{\"@type\":\"WebSite\",\"@id\":\"https:\\\/\\\/amina.is\\\/#website\",\"url\":\"https:\\\/\\\/amina.is\\\/\",\"name\":\"Amina\",\"description\":\"Feeling is everything - Una\u00f0sv\u00f6rur fyrir alla\",\"publisher\":{\"@id\":\"https:\\\/\\\/amina.is\\\/#organization\"},\"potentialAction\":[{\"@type\":\"SearchAction\",\"target\":{\"@type\":\"EntryPoint\",\"urlTemplate\":\"https:\\\/\\\/amina.is\\\/?s={search_term_string}\"},\"query-input\":{\"@type\":\"PropertyValueSpecification\",\"valueRequired\":true,\"valueName\":\"search_term_string\"}}],\"inLanguage\":\"en-US\"},{\"@type\":\"Organization\",\"@id\":\"https:\\\/\\\/amina.is\\\/#organization\",\"name\":\"Amina\",\"url\":\"https:\\\/\\\/amina.is\\\/\",\"logo\":{\"@type\":\"ImageObject\",\"inLanguage\":\"en-US\",\"@id\":\"https:\\\/\\\/amina.is\\\/#\\\/schema\\\/logo\\\/image\\\/\",\"url\":\"https:\\\/\\\/amina.is\\\/wp-content\\\/uploads\\\/2021\\\/09\\\/logo.png\",\"contentUrl\":\"https:\\\/\\\/amina.is\\\/wp-content\\\/uploads\\\/2021\\\/09\\\/logo.png\",\"width\":1790,\"height\":464,\"caption\":\"Amina\"},\"image\":{\"@id\":\"https:\\\/\\\/amina.is\\\/#\\\/schema\\\/logo\\\/image\\\/\"},\"sameAs\":[\"https:\\\/\\\/m.facebook.com\\\/AMINA-100767148840241\\\/\",\"https:\\\/\\\/www.instagram.com\\\/aminaverslun\\\/\"]}]}<\/script>\n<!-- \/ Yoast SEO Premium plugin. -->","yoast_head_json":{"title":"JOCK - Male Masturbator with Dildo &#8211; Amina","description":"You can be sure to have a full evening of fun with this masturbator. Whatever the mood, you can flip whenever you feel like. Amina kynl\u00edfst\u00e6kjaverslun.","robots":{"index":"index","follow":"follow","max-snippet":"max-snippet:-1","max-image-preview":"max-image-preview:large","max-video-preview":"max-video-preview:-1"},"canonical":"https:\/\/amina.is\/en\/verslun\/typpid\/muffur\/jock-male-masturbator-with-dildo\/","og_locale":"en_US","og_type":"article","og_title":"JOCK - Male Masturbator with Dildo","og_description":"You can be sure to have a full evening of fun with this masturbator. Whatever the mood, you can flip whenever you feel like. Amina kynl\u00edfst\u00e6kjaverslun.","og_url":"https:\/\/amina.is\/en\/verslun\/typpid\/muffur\/jock-male-masturbator-with-dildo\/","og_site_name":"Amina","article_publisher":"https:\/\/m.facebook.com\/AMINA-100767148840241\/","article_modified_time":"2025-08-25T19:09:07+00:00","og_image":[{"width":540,"height":540,"url":"https:\/\/amina.is\/wp-content\/uploads\/2025\/08\/cn-09-0939-12-013_540x540.jpg","type":"image\/jpeg"}],"twitter_card":"summary_large_image","twitter_misc":{"Est. reading time":"1 minute"},"schema":{"@context":"https:\/\/schema.org","@graph":[{"@type":"WebPage","@id":"https:\/\/amina.is\/verslun\/typpid\/muffur\/jock-male-masturbator-with-dildo\/","url":"https:\/\/amina.is\/verslun\/typpid\/muffur\/jock-male-masturbator-with-dildo\/","name":"JOCK - Male Masturbator with Dildo &#8211; Amina","isPartOf":{"@id":"https:\/\/amina.is\/#website"},"primaryImageOfPage":{"@id":"https:\/\/amina.is\/verslun\/typpid\/muffur\/jock-male-masturbator-with-dildo\/#primaryimage"},"image":{"@id":"https:\/\/amina.is\/verslun\/typpid\/muffur\/jock-male-masturbator-with-dildo\/#primaryimage"},"thumbnailUrl":"https:\/\/amina.is\/wp-content\/uploads\/2025\/08\/cn-09-0939-12-013_540x540.jpg","datePublished":"2025-08-25T19:09:05+00:00","dateModified":"2025-08-25T19:09:07+00:00","description":"You can be sure to have a full evening of fun with this masturbator. Whatever the mood, you can flip whenever you feel like. Amina kynl\u00edfst\u00e6kjaverslun.","breadcrumb":{"@id":"https:\/\/amina.is\/verslun\/typpid\/muffur\/jock-male-masturbator-with-dildo\/#breadcrumb"},"inLanguage":"en-US","potentialAction":[{"@type":"ReadAction","target":["https:\/\/amina.is\/verslun\/typpid\/muffur\/jock-male-masturbator-with-dildo\/"]}]},{"@type":"ImageObject","inLanguage":"en-US","@id":"https:\/\/amina.is\/verslun\/typpid\/muffur\/jock-male-masturbator-with-dildo\/#primaryimage","url":"https:\/\/amina.is\/wp-content\/uploads\/2025\/08\/cn-09-0939-12-013_540x540.jpg","contentUrl":"https:\/\/amina.is\/wp-content\/uploads\/2025\/08\/cn-09-0939-12-013_540x540.jpg","width":540,"height":540},{"@type":"BreadcrumbList","@id":"https:\/\/amina.is\/verslun\/typpid\/muffur\/jock-male-masturbator-with-dildo\/#breadcrumb","itemListElement":[{"@type":"ListItem","position":1,"name":"Home","item":"https:\/\/amina.is\/"},{"@type":"ListItem","position":2,"name":"Verslun","item":"https:\/\/amina.is\/verslun\/"},{"@type":"ListItem","position":3,"name":"JOCK &#8211; Male Masturbator with Dildo"}]},{"@type":"WebSite","@id":"https:\/\/amina.is\/#website","url":"https:\/\/amina.is\/","name":"Amina","description":"Feeling is everything - Una\u00f0sv\u00f6rur fyrir alla","publisher":{"@id":"https:\/\/amina.is\/#organization"},"potentialAction":[{"@type":"SearchAction","target":{"@type":"EntryPoint","urlTemplate":"https:\/\/amina.is\/?s={search_term_string}"},"query-input":{"@type":"PropertyValueSpecification","valueRequired":true,"valueName":"search_term_string"}}],"inLanguage":"en-US"},{"@type":"Organization","@id":"https:\/\/amina.is\/#organization","name":"Amina","url":"https:\/\/amina.is\/","logo":{"@type":"ImageObject","inLanguage":"en-US","@id":"https:\/\/amina.is\/#\/schema\/logo\/image\/","url":"https:\/\/amina.is\/wp-content\/uploads\/2021\/09\/logo.png","contentUrl":"https:\/\/amina.is\/wp-content\/uploads\/2021\/09\/logo.png","width":1790,"height":464,"caption":"Amina"},"image":{"@id":"https:\/\/amina.is\/#\/schema\/logo\/image\/"},"sameAs":["https:\/\/m.facebook.com\/AMINA-100767148840241\/","https:\/\/www.instagram.com\/aminaverslun\/"]}]}},"_links":{"self":[{"href":"https:\/\/amina.is\/en\/wp-json\/wp\/v2\/product\/12118","targetHints":{"allow":["GET"]}}],"collection":[{"href":"https:\/\/amina.is\/en\/wp-json\/wp\/v2\/product"}],"about":[{"href":"https:\/\/amina.is\/en\/wp-json\/wp\/v2\/types\/product"}],"version-history":[{"count":3,"href":"https:\/\/amina.is\/en\/wp-json\/wp\/v2\/product\/12118\/revisions"}],"predecessor-version":[{"id":12134,"href":"https:\/\/amina.is\/en\/wp-json\/wp\/v2\/product\/12118\/revisions\/12134"}],"wp:featuredmedia":[{"embeddable":true,"href":"https:\/\/amina.is\/en\/wp-json\/wp\/v2\/media\/12122"}],"wp:attachment":[{"href":"https:\/\/amina.is\/en\/wp-json\/wp\/v2\/media?parent=12118"}],"wp:term":[{"taxonomy":"product_brand","embeddable":true,"href":"https:\/\/amina.is\/en\/wp-json\/wp\/v2\/product_brand?post=12118"},{"taxonomy":"product_cat","embeddable":true,"href":"https:\/\/amina.is\/en\/wp-json\/wp\/v2\/product_cat?post=12118"},{"taxonomy":"product_tag","embeddable":true,"href":"https:\/\/amina.is\/en\/wp-json\/wp\/v2\/product_tag?post=12118"}],"curies":[{"name":"wp","href":"https:\/\/api.w.org\/{rel}","templated":true}]}}