{"id":12113,"date":"2025-08-17T21:03:19","date_gmt":"2025-08-17T21:03:19","guid":{"rendered":"https:\/\/amina.is\/?post_type=product&#038;p=12113"},"modified":"2025-08-25T15:00:26","modified_gmt":"2025-08-25T15:00:26","slug":"lock-down-chastity-cage","status":"publish","type":"product","link":"https:\/\/amina.is\/en\/verslun\/typpid\/anndtyppid\/lock-down-chastity-cage\/","title":{"rendered":"Lock Down Chastity Cage"},"content":{"rendered":"<h5>Typpab\u00far \u00far har\u00f0plasti. 4 mismunandi st\u00f3rir hringir til a\u00f0 tryggja a\u00f0 \u00fe\u00fa finnir r\u00e9ttu st\u00e6r\u00f0ina fyrir \u00feig. H\u00e6gt er a\u00f0 l\u00e6sa me\u00f0 lykli en einnig fylgir me\u00f0 plast pinni og plast l\u00e1sar ef fara \u00fearf \u00ed gegnum m\u00e1lmleitarhli\u00f0.<\/h5>\n<h5>Lengd \u00e1 b\u00fari 7,6cm. Breidd 5cm. Hringir 4,8 &#8211; 5,3 &#8211; 5,6 og 5,8cm. a\u00f0 \u00feverm\u00e1li.<\/h5>","protected":false},"excerpt":{"rendered":"<p>Typpab\u00far \u00far har\u00f0plasti.<\/p>","protected":false},"featured_media":12115,"template":"","meta":{"inline_featured_image":false},"product_brand":[],"product_cat":[882,36,45,901],"product_tag":[504,926,505,507,506],"class_list":{"0":"post-12113","1":"product","2":"type-product","3":"status-publish","4":"has-post-thumbnail","6":"product_cat-anndtyppid","7":"product_cat-blaeti","8":"product_cat-typpid","9":"product_cat-typpidogpungurinn","10":"product_tag-cage","11":"product_tag-chastity-cage","12":"product_tag-cock-cage","13":"product_tag-typpa-bur","14":"product_tag-typpa-fangelsi","16":"first","17":"instock","18":"shipping-taxable","19":"purchasable","20":"product-type-simple"},"yoast_head":"<!-- This site is optimized with the Yoast SEO Premium plugin v21.6 (Yoast SEO v27.4) - https:\/\/yoast.com\/product\/yoast-seo-premium-wordpress\/ -->\n<title>Lock Down Chastity Cage &#8211; Amina<\/title>\n<meta name=\"description\" content=\"Cage your partner and take control. You decide when. Amina b\u00fd\u00f0ur upp \u00e1 gott \u00farval af BDSM v\u00f6rum \u00e1samt \u00f6\u00f0rum kynl\u00edfst\u00e6kjum.\" \/>\n<meta name=\"robots\" content=\"index, follow, max-snippet:-1, max-image-preview:large, max-video-preview:-1\" \/>\n<link rel=\"canonical\" href=\"https:\/\/amina.is\/en\/verslun\/typpid\/anndtyppid\/lock-down-chastity-cage\/\" \/>\n<meta property=\"og:locale\" content=\"en_US\" \/>\n<meta property=\"og:type\" content=\"article\" \/>\n<meta property=\"og:title\" content=\"Lock Down Chastity Cage\" \/>\n<meta property=\"og:description\" content=\"Cage your partner and take control. You decide when. Amina b\u00fd\u00f0ur upp \u00e1 gott \u00farval af BDSM v\u00f6rum \u00e1samt \u00f6\u00f0rum kynl\u00edfst\u00e6kjum.\" \/>\n<meta property=\"og:url\" content=\"https:\/\/amina.is\/en\/verslun\/typpid\/anndtyppid\/lock-down-chastity-cage\/\" \/>\n<meta property=\"og:site_name\" content=\"Amina\" \/>\n<meta property=\"article:publisher\" content=\"https:\/\/m.facebook.com\/AMINA-100767148840241\/\" \/>\n<meta property=\"article:modified_time\" content=\"2025-08-25T15:00:26+00:00\" \/>\n<meta property=\"og:image\" content=\"https:\/\/amina.is\/wp-content\/uploads\/2025\/08\/AH599_AMZN_MAIN_540x540.jpg\" \/>\n\t<meta property=\"og:image:width\" content=\"540\" \/>\n\t<meta property=\"og:image:height\" content=\"540\" \/>\n\t<meta property=\"og:image:type\" content=\"image\/jpeg\" \/>\n<meta name=\"twitter:card\" content=\"summary_large_image\" \/>\n<meta name=\"twitter:label1\" content=\"Est. reading time\" \/>\n\t<meta name=\"twitter:data1\" content=\"1 minute\" \/>\n<script type=\"application\/ld+json\" class=\"yoast-schema-graph\">{\"@context\":\"https:\\\/\\\/schema.org\",\"@graph\":[{\"@type\":\"WebPage\",\"@id\":\"https:\\\/\\\/amina.is\\\/verslun\\\/typpid\\\/anndtyppid\\\/lock-down-chastity-cage\\\/\",\"url\":\"https:\\\/\\\/amina.is\\\/verslun\\\/typpid\\\/anndtyppid\\\/lock-down-chastity-cage\\\/\",\"name\":\"Lock Down Chastity Cage &#8211; Amina\",\"isPartOf\":{\"@id\":\"https:\\\/\\\/amina.is\\\/#website\"},\"primaryImageOfPage\":{\"@id\":\"https:\\\/\\\/amina.is\\\/verslun\\\/typpid\\\/anndtyppid\\\/lock-down-chastity-cage\\\/#primaryimage\"},\"image\":{\"@id\":\"https:\\\/\\\/amina.is\\\/verslun\\\/typpid\\\/anndtyppid\\\/lock-down-chastity-cage\\\/#primaryimage\"},\"thumbnailUrl\":\"https:\\\/\\\/amina.is\\\/wp-content\\\/uploads\\\/2025\\\/08\\\/AH599_AMZN_MAIN_540x540.jpg\",\"datePublished\":\"2025-08-17T21:03:19+00:00\",\"dateModified\":\"2025-08-25T15:00:26+00:00\",\"description\":\"Cage your partner and take control. You decide when. Amina b\u00fd\u00f0ur upp \u00e1 gott \u00farval af BDSM v\u00f6rum \u00e1samt \u00f6\u00f0rum kynl\u00edfst\u00e6kjum.\",\"breadcrumb\":{\"@id\":\"https:\\\/\\\/amina.is\\\/verslun\\\/typpid\\\/anndtyppid\\\/lock-down-chastity-cage\\\/#breadcrumb\"},\"inLanguage\":\"en-US\",\"potentialAction\":[{\"@type\":\"ReadAction\",\"target\":[\"https:\\\/\\\/amina.is\\\/verslun\\\/typpid\\\/anndtyppid\\\/lock-down-chastity-cage\\\/\"]}]},{\"@type\":\"ImageObject\",\"inLanguage\":\"en-US\",\"@id\":\"https:\\\/\\\/amina.is\\\/verslun\\\/typpid\\\/anndtyppid\\\/lock-down-chastity-cage\\\/#primaryimage\",\"url\":\"https:\\\/\\\/amina.is\\\/wp-content\\\/uploads\\\/2025\\\/08\\\/AH599_AMZN_MAIN_540x540.jpg\",\"contentUrl\":\"https:\\\/\\\/amina.is\\\/wp-content\\\/uploads\\\/2025\\\/08\\\/AH599_AMZN_MAIN_540x540.jpg\",\"width\":540,\"height\":540},{\"@type\":\"BreadcrumbList\",\"@id\":\"https:\\\/\\\/amina.is\\\/verslun\\\/typpid\\\/anndtyppid\\\/lock-down-chastity-cage\\\/#breadcrumb\",\"itemListElement\":[{\"@type\":\"ListItem\",\"position\":1,\"name\":\"Home\",\"item\":\"https:\\\/\\\/amina.is\\\/\"},{\"@type\":\"ListItem\",\"position\":2,\"name\":\"Verslun\",\"item\":\"https:\\\/\\\/amina.is\\\/verslun\\\/\"},{\"@type\":\"ListItem\",\"position\":3,\"name\":\"Lock Down Chastity Cage\"}]},{\"@type\":\"WebSite\",\"@id\":\"https:\\\/\\\/amina.is\\\/#website\",\"url\":\"https:\\\/\\\/amina.is\\\/\",\"name\":\"Amina\",\"description\":\"Feeling is everything - Una\u00f0sv\u00f6rur fyrir alla\",\"publisher\":{\"@id\":\"https:\\\/\\\/amina.is\\\/#organization\"},\"potentialAction\":[{\"@type\":\"SearchAction\",\"target\":{\"@type\":\"EntryPoint\",\"urlTemplate\":\"https:\\\/\\\/amina.is\\\/?s={search_term_string}\"},\"query-input\":{\"@type\":\"PropertyValueSpecification\",\"valueRequired\":true,\"valueName\":\"search_term_string\"}}],\"inLanguage\":\"en-US\"},{\"@type\":\"Organization\",\"@id\":\"https:\\\/\\\/amina.is\\\/#organization\",\"name\":\"Amina\",\"url\":\"https:\\\/\\\/amina.is\\\/\",\"logo\":{\"@type\":\"ImageObject\",\"inLanguage\":\"en-US\",\"@id\":\"https:\\\/\\\/amina.is\\\/#\\\/schema\\\/logo\\\/image\\\/\",\"url\":\"https:\\\/\\\/amina.is\\\/wp-content\\\/uploads\\\/2021\\\/09\\\/logo.png\",\"contentUrl\":\"https:\\\/\\\/amina.is\\\/wp-content\\\/uploads\\\/2021\\\/09\\\/logo.png\",\"width\":1790,\"height\":464,\"caption\":\"Amina\"},\"image\":{\"@id\":\"https:\\\/\\\/amina.is\\\/#\\\/schema\\\/logo\\\/image\\\/\"},\"sameAs\":[\"https:\\\/\\\/m.facebook.com\\\/AMINA-100767148840241\\\/\",\"https:\\\/\\\/www.instagram.com\\\/aminaverslun\\\/\"]}]}<\/script>\n<!-- \/ Yoast SEO Premium plugin. -->","yoast_head_json":{"title":"Lock Down Chastity Cage &#8211; Amina","description":"Cage your partner and take control. You decide when. Amina b\u00fd\u00f0ur upp \u00e1 gott \u00farval af BDSM v\u00f6rum \u00e1samt \u00f6\u00f0rum kynl\u00edfst\u00e6kjum.","robots":{"index":"index","follow":"follow","max-snippet":"max-snippet:-1","max-image-preview":"max-image-preview:large","max-video-preview":"max-video-preview:-1"},"canonical":"https:\/\/amina.is\/en\/verslun\/typpid\/anndtyppid\/lock-down-chastity-cage\/","og_locale":"en_US","og_type":"article","og_title":"Lock Down Chastity Cage","og_description":"Cage your partner and take control. You decide when. Amina b\u00fd\u00f0ur upp \u00e1 gott \u00farval af BDSM v\u00f6rum \u00e1samt \u00f6\u00f0rum kynl\u00edfst\u00e6kjum.","og_url":"https:\/\/amina.is\/en\/verslun\/typpid\/anndtyppid\/lock-down-chastity-cage\/","og_site_name":"Amina","article_publisher":"https:\/\/m.facebook.com\/AMINA-100767148840241\/","article_modified_time":"2025-08-25T15:00:26+00:00","og_image":[{"width":540,"height":540,"url":"https:\/\/amina.is\/wp-content\/uploads\/2025\/08\/AH599_AMZN_MAIN_540x540.jpg","type":"image\/jpeg"}],"twitter_card":"summary_large_image","twitter_misc":{"Est. reading time":"1 minute"},"schema":{"@context":"https:\/\/schema.org","@graph":[{"@type":"WebPage","@id":"https:\/\/amina.is\/verslun\/typpid\/anndtyppid\/lock-down-chastity-cage\/","url":"https:\/\/amina.is\/verslun\/typpid\/anndtyppid\/lock-down-chastity-cage\/","name":"Lock Down Chastity Cage &#8211; Amina","isPartOf":{"@id":"https:\/\/amina.is\/#website"},"primaryImageOfPage":{"@id":"https:\/\/amina.is\/verslun\/typpid\/anndtyppid\/lock-down-chastity-cage\/#primaryimage"},"image":{"@id":"https:\/\/amina.is\/verslun\/typpid\/anndtyppid\/lock-down-chastity-cage\/#primaryimage"},"thumbnailUrl":"https:\/\/amina.is\/wp-content\/uploads\/2025\/08\/AH599_AMZN_MAIN_540x540.jpg","datePublished":"2025-08-17T21:03:19+00:00","dateModified":"2025-08-25T15:00:26+00:00","description":"Cage your partner and take control. You decide when. Amina b\u00fd\u00f0ur upp \u00e1 gott \u00farval af BDSM v\u00f6rum \u00e1samt \u00f6\u00f0rum kynl\u00edfst\u00e6kjum.","breadcrumb":{"@id":"https:\/\/amina.is\/verslun\/typpid\/anndtyppid\/lock-down-chastity-cage\/#breadcrumb"},"inLanguage":"en-US","potentialAction":[{"@type":"ReadAction","target":["https:\/\/amina.is\/verslun\/typpid\/anndtyppid\/lock-down-chastity-cage\/"]}]},{"@type":"ImageObject","inLanguage":"en-US","@id":"https:\/\/amina.is\/verslun\/typpid\/anndtyppid\/lock-down-chastity-cage\/#primaryimage","url":"https:\/\/amina.is\/wp-content\/uploads\/2025\/08\/AH599_AMZN_MAIN_540x540.jpg","contentUrl":"https:\/\/amina.is\/wp-content\/uploads\/2025\/08\/AH599_AMZN_MAIN_540x540.jpg","width":540,"height":540},{"@type":"BreadcrumbList","@id":"https:\/\/amina.is\/verslun\/typpid\/anndtyppid\/lock-down-chastity-cage\/#breadcrumb","itemListElement":[{"@type":"ListItem","position":1,"name":"Home","item":"https:\/\/amina.is\/"},{"@type":"ListItem","position":2,"name":"Verslun","item":"https:\/\/amina.is\/verslun\/"},{"@type":"ListItem","position":3,"name":"Lock Down Chastity Cage"}]},{"@type":"WebSite","@id":"https:\/\/amina.is\/#website","url":"https:\/\/amina.is\/","name":"Amina","description":"Feeling is everything - Una\u00f0sv\u00f6rur fyrir alla","publisher":{"@id":"https:\/\/amina.is\/#organization"},"potentialAction":[{"@type":"SearchAction","target":{"@type":"EntryPoint","urlTemplate":"https:\/\/amina.is\/?s={search_term_string}"},"query-input":{"@type":"PropertyValueSpecification","valueRequired":true,"valueName":"search_term_string"}}],"inLanguage":"en-US"},{"@type":"Organization","@id":"https:\/\/amina.is\/#organization","name":"Amina","url":"https:\/\/amina.is\/","logo":{"@type":"ImageObject","inLanguage":"en-US","@id":"https:\/\/amina.is\/#\/schema\/logo\/image\/","url":"https:\/\/amina.is\/wp-content\/uploads\/2021\/09\/logo.png","contentUrl":"https:\/\/amina.is\/wp-content\/uploads\/2021\/09\/logo.png","width":1790,"height":464,"caption":"Amina"},"image":{"@id":"https:\/\/amina.is\/#\/schema\/logo\/image\/"},"sameAs":["https:\/\/m.facebook.com\/AMINA-100767148840241\/","https:\/\/www.instagram.com\/aminaverslun\/"]}]}},"_links":{"self":[{"href":"https:\/\/amina.is\/en\/wp-json\/wp\/v2\/product\/12113","targetHints":{"allow":["GET"]}}],"collection":[{"href":"https:\/\/amina.is\/en\/wp-json\/wp\/v2\/product"}],"about":[{"href":"https:\/\/amina.is\/en\/wp-json\/wp\/v2\/types\/product"}],"version-history":[{"count":1,"href":"https:\/\/amina.is\/en\/wp-json\/wp\/v2\/product\/12113\/revisions"}],"predecessor-version":[{"id":12117,"href":"https:\/\/amina.is\/en\/wp-json\/wp\/v2\/product\/12113\/revisions\/12117"}],"wp:featuredmedia":[{"embeddable":true,"href":"https:\/\/amina.is\/en\/wp-json\/wp\/v2\/media\/12115"}],"wp:attachment":[{"href":"https:\/\/amina.is\/en\/wp-json\/wp\/v2\/media?parent=12113"}],"wp:term":[{"taxonomy":"product_brand","embeddable":true,"href":"https:\/\/amina.is\/en\/wp-json\/wp\/v2\/product_brand?post=12113"},{"taxonomy":"product_cat","embeddable":true,"href":"https:\/\/amina.is\/en\/wp-json\/wp\/v2\/product_cat?post=12113"},{"taxonomy":"product_tag","embeddable":true,"href":"https:\/\/amina.is\/en\/wp-json\/wp\/v2\/product_tag?post=12113"}],"curies":[{"name":"wp","href":"https:\/\/api.w.org\/{rel}","templated":true}]}}