{"id":12093,"date":"2025-08-12T11:56:57","date_gmt":"2025-08-12T11:56:57","guid":{"rendered":"https:\/\/amina.is\/?post_type=product&#038;p=12093"},"modified":"2025-08-12T11:57:02","modified_gmt":"2025-08-12T11:57:02","slug":"double-dildo-harness","status":"publish","type":"product","link":"https:\/\/amina.is\/en\/verslun\/pikan\/gervilimir\/double-dildo-harness\/","title":{"rendered":"Silicone Double Dildo with Harness"},"content":{"rendered":"<h5>Tv\u00f6faldur dild\u00f3 me\u00f0 strap-on. Me\u00f0 \u00feessum strap-on dild\u00f3 nj\u00f3ta b\u00e1\u00f0ir einstaklingarnir til fulls \u00e1 me\u00f0an leik stendur. Dild\u00f3inn er ger\u00f0ur \u00far h\u00e1g\u00e6\u00f0a s\u00edlikoni og er a\u00f0 sj\u00e1lfs\u00f6g\u00f0u phthalate fr\u00edr. Harnessi\u00f0 er \u00far PU le\u00f0ri og festingar fyrir b\u00f6nd \u00far ABS plasti. Noti\u00f0 a\u00f0eins vatnsuppleysanleg sleipiefni me\u00f0 \u00feessari v\u00f6ru.<\/h5>\n<h5>St\u00e6r\u00f0ir: Minni endinn er me\u00f0 15,2cm innsetjanlega lengd og er 3,3cm. brei\u00f0ur. St\u00e6rri endinn er me\u00f0 15,9cm. innsetjanlega lengd og er 4cm. brei\u00f0ur. Harnessi\u00f0 ver\u00f0ur allt a\u00f0 135cm. \u00ed mittis umm\u00e1li og 74cm. um l\u00e6ri. Hringurinn sem festir dild\u00f3inn er 4,5cm. \u00ed umm\u00e1li.<\/h5>","protected":false},"excerpt":{"rendered":"<p>Tv\u00f6faldur dild\u00f3 me\u00f0 strap-on.<\/p>","protected":false},"featured_media":12098,"template":"","meta":{"inline_featured_image":false},"product_brand":[],"product_cat":[36,42,43,884,906,37,44,913,35,897,898],"product_tag":[361,633,745],"class_list":{"0":"post-12093","1":"product","2":"type-product","3":"status-publish","4":"has-post-thumbnail","6":"product_cat-blaeti","7":"product_cat-fyrir-thaer","8":"product_cat-fyrir-thau","9":"product_cat-gervilimir","10":"product_cat-gervilimirogegg","11":"product_cat-kynvitund","12":"product_cat-pikan","13":"product_cat-rassinn-hollow-plugs-ofl","14":"product_cat-rassinn","15":"product_cat-samand","16":"product_cat-samanth","17":"product_tag-double-dildo","18":"product_tag-strap-on","19":"product_tag-strap-on-harness","21":"first","22":"instock","23":"shipping-taxable","24":"purchasable","25":"product-type-simple"},"yoast_head":"<!-- This site is optimized with the Yoast SEO Premium plugin v21.6 (Yoast SEO v27.3) - https:\/\/yoast.com\/product\/yoast-seo-premium-wordpress\/ -->\n<title>Silicone Double Dildo with Harness &#8211; Amina<\/title>\n<meta name=\"description\" content=\"This double dildo with harness will take the play in the bedroom up to the next level. Switch roles and explore new adventures.\" \/>\n<meta name=\"robots\" content=\"index, follow, max-snippet:-1, max-image-preview:large, max-video-preview:-1\" \/>\n<link rel=\"canonical\" href=\"https:\/\/amina.is\/en\/verslun\/pikan\/gervilimir\/double-dildo-harness\/\" \/>\n<meta property=\"og:locale\" content=\"en_US\" \/>\n<meta property=\"og:type\" content=\"article\" \/>\n<meta property=\"og:title\" content=\"Silicone Double Dildo with Harness\" \/>\n<meta property=\"og:description\" content=\"This double dildo with harness will take the play in the bedroom up to the next level. Switch roles and explore new adventures.\" \/>\n<meta property=\"og:url\" content=\"https:\/\/amina.is\/en\/verslun\/pikan\/gervilimir\/double-dildo-harness\/\" \/>\n<meta property=\"og:site_name\" content=\"Amina\" \/>\n<meta property=\"article:publisher\" content=\"https:\/\/m.facebook.com\/AMINA-100767148840241\/\" \/>\n<meta property=\"article:modified_time\" content=\"2025-08-12T11:57:02+00:00\" \/>\n<meta property=\"og:image\" content=\"https:\/\/amina.is\/wp-content\/uploads\/2025\/08\/ag912-bulk-007_540x461.jpg\" \/>\n\t<meta property=\"og:image:width\" content=\"540\" \/>\n\t<meta property=\"og:image:height\" content=\"461\" \/>\n\t<meta property=\"og:image:type\" content=\"image\/jpeg\" \/>\n<meta name=\"twitter:card\" content=\"summary_large_image\" \/>\n<meta name=\"twitter:label1\" content=\"Est. reading time\" \/>\n\t<meta name=\"twitter:data1\" content=\"1 minute\" \/>\n<script type=\"application\/ld+json\" class=\"yoast-schema-graph\">{\"@context\":\"https:\\\/\\\/schema.org\",\"@graph\":[{\"@type\":\"WebPage\",\"@id\":\"https:\\\/\\\/amina.is\\\/verslun\\\/pikan\\\/gervilimir\\\/double-dildo-harness\\\/\",\"url\":\"https:\\\/\\\/amina.is\\\/verslun\\\/pikan\\\/gervilimir\\\/double-dildo-harness\\\/\",\"name\":\"Silicone Double Dildo with Harness &#8211; Amina\",\"isPartOf\":{\"@id\":\"https:\\\/\\\/amina.is\\\/#website\"},\"primaryImageOfPage\":{\"@id\":\"https:\\\/\\\/amina.is\\\/verslun\\\/pikan\\\/gervilimir\\\/double-dildo-harness\\\/#primaryimage\"},\"image\":{\"@id\":\"https:\\\/\\\/amina.is\\\/verslun\\\/pikan\\\/gervilimir\\\/double-dildo-harness\\\/#primaryimage\"},\"thumbnailUrl\":\"https:\\\/\\\/amina.is\\\/wp-content\\\/uploads\\\/2025\\\/08\\\/ag912-bulk-007_540x461.jpg\",\"datePublished\":\"2025-08-12T11:56:57+00:00\",\"dateModified\":\"2025-08-12T11:57:02+00:00\",\"description\":\"This double dildo with harness will take the play in the bedroom up to the next level. Switch roles and explore new adventures.\",\"breadcrumb\":{\"@id\":\"https:\\\/\\\/amina.is\\\/verslun\\\/pikan\\\/gervilimir\\\/double-dildo-harness\\\/#breadcrumb\"},\"inLanguage\":\"en-US\",\"potentialAction\":[{\"@type\":\"ReadAction\",\"target\":[\"https:\\\/\\\/amina.is\\\/verslun\\\/pikan\\\/gervilimir\\\/double-dildo-harness\\\/\"]}]},{\"@type\":\"ImageObject\",\"inLanguage\":\"en-US\",\"@id\":\"https:\\\/\\\/amina.is\\\/verslun\\\/pikan\\\/gervilimir\\\/double-dildo-harness\\\/#primaryimage\",\"url\":\"https:\\\/\\\/amina.is\\\/wp-content\\\/uploads\\\/2025\\\/08\\\/ag912-bulk-007_540x461.jpg\",\"contentUrl\":\"https:\\\/\\\/amina.is\\\/wp-content\\\/uploads\\\/2025\\\/08\\\/ag912-bulk-007_540x461.jpg\",\"width\":540,\"height\":461},{\"@type\":\"BreadcrumbList\",\"@id\":\"https:\\\/\\\/amina.is\\\/verslun\\\/pikan\\\/gervilimir\\\/double-dildo-harness\\\/#breadcrumb\",\"itemListElement\":[{\"@type\":\"ListItem\",\"position\":1,\"name\":\"Home\",\"item\":\"https:\\\/\\\/amina.is\\\/\"},{\"@type\":\"ListItem\",\"position\":2,\"name\":\"Verslun\",\"item\":\"https:\\\/\\\/amina.is\\\/verslun\\\/\"},{\"@type\":\"ListItem\",\"position\":3,\"name\":\"Silicone Double Dildo with Harness\"}]},{\"@type\":\"WebSite\",\"@id\":\"https:\\\/\\\/amina.is\\\/#website\",\"url\":\"https:\\\/\\\/amina.is\\\/\",\"name\":\"Amina\",\"description\":\"Feeling is everything - Una\u00f0sv\u00f6rur fyrir alla\",\"publisher\":{\"@id\":\"https:\\\/\\\/amina.is\\\/#organization\"},\"potentialAction\":[{\"@type\":\"SearchAction\",\"target\":{\"@type\":\"EntryPoint\",\"urlTemplate\":\"https:\\\/\\\/amina.is\\\/?s={search_term_string}\"},\"query-input\":{\"@type\":\"PropertyValueSpecification\",\"valueRequired\":true,\"valueName\":\"search_term_string\"}}],\"inLanguage\":\"en-US\"},{\"@type\":\"Organization\",\"@id\":\"https:\\\/\\\/amina.is\\\/#organization\",\"name\":\"Amina\",\"url\":\"https:\\\/\\\/amina.is\\\/\",\"logo\":{\"@type\":\"ImageObject\",\"inLanguage\":\"en-US\",\"@id\":\"https:\\\/\\\/amina.is\\\/#\\\/schema\\\/logo\\\/image\\\/\",\"url\":\"https:\\\/\\\/amina.is\\\/wp-content\\\/uploads\\\/2021\\\/09\\\/logo.png\",\"contentUrl\":\"https:\\\/\\\/amina.is\\\/wp-content\\\/uploads\\\/2021\\\/09\\\/logo.png\",\"width\":1790,\"height\":464,\"caption\":\"Amina\"},\"image\":{\"@id\":\"https:\\\/\\\/amina.is\\\/#\\\/schema\\\/logo\\\/image\\\/\"},\"sameAs\":[\"https:\\\/\\\/m.facebook.com\\\/AMINA-100767148840241\\\/\",\"https:\\\/\\\/www.instagram.com\\\/aminaverslun\\\/\"]}]}<\/script>\n<!-- \/ Yoast SEO Premium plugin. -->","yoast_head_json":{"title":"Silicone Double Dildo with Harness &#8211; Amina","description":"This double dildo with harness will take the play in the bedroom up to the next level. Switch roles and explore new adventures.","robots":{"index":"index","follow":"follow","max-snippet":"max-snippet:-1","max-image-preview":"max-image-preview:large","max-video-preview":"max-video-preview:-1"},"canonical":"https:\/\/amina.is\/en\/verslun\/pikan\/gervilimir\/double-dildo-harness\/","og_locale":"en_US","og_type":"article","og_title":"Silicone Double Dildo with Harness","og_description":"This double dildo with harness will take the play in the bedroom up to the next level. Switch roles and explore new adventures.","og_url":"https:\/\/amina.is\/en\/verslun\/pikan\/gervilimir\/double-dildo-harness\/","og_site_name":"Amina","article_publisher":"https:\/\/m.facebook.com\/AMINA-100767148840241\/","article_modified_time":"2025-08-12T11:57:02+00:00","og_image":[{"width":540,"height":461,"url":"https:\/\/amina.is\/wp-content\/uploads\/2025\/08\/ag912-bulk-007_540x461.jpg","type":"image\/jpeg"}],"twitter_card":"summary_large_image","twitter_misc":{"Est. reading time":"1 minute"},"schema":{"@context":"https:\/\/schema.org","@graph":[{"@type":"WebPage","@id":"https:\/\/amina.is\/verslun\/pikan\/gervilimir\/double-dildo-harness\/","url":"https:\/\/amina.is\/verslun\/pikan\/gervilimir\/double-dildo-harness\/","name":"Silicone Double Dildo with Harness &#8211; Amina","isPartOf":{"@id":"https:\/\/amina.is\/#website"},"primaryImageOfPage":{"@id":"https:\/\/amina.is\/verslun\/pikan\/gervilimir\/double-dildo-harness\/#primaryimage"},"image":{"@id":"https:\/\/amina.is\/verslun\/pikan\/gervilimir\/double-dildo-harness\/#primaryimage"},"thumbnailUrl":"https:\/\/amina.is\/wp-content\/uploads\/2025\/08\/ag912-bulk-007_540x461.jpg","datePublished":"2025-08-12T11:56:57+00:00","dateModified":"2025-08-12T11:57:02+00:00","description":"This double dildo with harness will take the play in the bedroom up to the next level. Switch roles and explore new adventures.","breadcrumb":{"@id":"https:\/\/amina.is\/verslun\/pikan\/gervilimir\/double-dildo-harness\/#breadcrumb"},"inLanguage":"en-US","potentialAction":[{"@type":"ReadAction","target":["https:\/\/amina.is\/verslun\/pikan\/gervilimir\/double-dildo-harness\/"]}]},{"@type":"ImageObject","inLanguage":"en-US","@id":"https:\/\/amina.is\/verslun\/pikan\/gervilimir\/double-dildo-harness\/#primaryimage","url":"https:\/\/amina.is\/wp-content\/uploads\/2025\/08\/ag912-bulk-007_540x461.jpg","contentUrl":"https:\/\/amina.is\/wp-content\/uploads\/2025\/08\/ag912-bulk-007_540x461.jpg","width":540,"height":461},{"@type":"BreadcrumbList","@id":"https:\/\/amina.is\/verslun\/pikan\/gervilimir\/double-dildo-harness\/#breadcrumb","itemListElement":[{"@type":"ListItem","position":1,"name":"Home","item":"https:\/\/amina.is\/"},{"@type":"ListItem","position":2,"name":"Verslun","item":"https:\/\/amina.is\/verslun\/"},{"@type":"ListItem","position":3,"name":"Silicone Double Dildo with Harness"}]},{"@type":"WebSite","@id":"https:\/\/amina.is\/#website","url":"https:\/\/amina.is\/","name":"Amina","description":"Feeling is everything - Una\u00f0sv\u00f6rur fyrir alla","publisher":{"@id":"https:\/\/amina.is\/#organization"},"potentialAction":[{"@type":"SearchAction","target":{"@type":"EntryPoint","urlTemplate":"https:\/\/amina.is\/?s={search_term_string}"},"query-input":{"@type":"PropertyValueSpecification","valueRequired":true,"valueName":"search_term_string"}}],"inLanguage":"en-US"},{"@type":"Organization","@id":"https:\/\/amina.is\/#organization","name":"Amina","url":"https:\/\/amina.is\/","logo":{"@type":"ImageObject","inLanguage":"en-US","@id":"https:\/\/amina.is\/#\/schema\/logo\/image\/","url":"https:\/\/amina.is\/wp-content\/uploads\/2021\/09\/logo.png","contentUrl":"https:\/\/amina.is\/wp-content\/uploads\/2021\/09\/logo.png","width":1790,"height":464,"caption":"Amina"},"image":{"@id":"https:\/\/amina.is\/#\/schema\/logo\/image\/"},"sameAs":["https:\/\/m.facebook.com\/AMINA-100767148840241\/","https:\/\/www.instagram.com\/aminaverslun\/"]}]}},"_links":{"self":[{"href":"https:\/\/amina.is\/en\/wp-json\/wp\/v2\/product\/12093","targetHints":{"allow":["GET"]}}],"collection":[{"href":"https:\/\/amina.is\/en\/wp-json\/wp\/v2\/product"}],"about":[{"href":"https:\/\/amina.is\/en\/wp-json\/wp\/v2\/types\/product"}],"version-history":[{"count":1,"href":"https:\/\/amina.is\/en\/wp-json\/wp\/v2\/product\/12093\/revisions"}],"predecessor-version":[{"id":12102,"href":"https:\/\/amina.is\/en\/wp-json\/wp\/v2\/product\/12093\/revisions\/12102"}],"wp:featuredmedia":[{"embeddable":true,"href":"https:\/\/amina.is\/en\/wp-json\/wp\/v2\/media\/12098"}],"wp:attachment":[{"href":"https:\/\/amina.is\/en\/wp-json\/wp\/v2\/media?parent=12093"}],"wp:term":[{"taxonomy":"product_brand","embeddable":true,"href":"https:\/\/amina.is\/en\/wp-json\/wp\/v2\/product_brand?post=12093"},{"taxonomy":"product_cat","embeddable":true,"href":"https:\/\/amina.is\/en\/wp-json\/wp\/v2\/product_cat?post=12093"},{"taxonomy":"product_tag","embeddable":true,"href":"https:\/\/amina.is\/en\/wp-json\/wp\/v2\/product_tag?post=12093"}],"curies":[{"name":"wp","href":"https:\/\/api.w.org\/{rel}","templated":true}]}}