{"id":12084,"date":"2025-08-12T02:15:40","date_gmt":"2025-08-12T02:15:40","guid":{"rendered":"https:\/\/amina.is\/?post_type=product&#038;p=12084"},"modified":"2025-08-12T02:20:20","modified_gmt":"2025-08-12T02:20:20","slug":"wrist-and-ankle-spreader-bar","status":"publish","type":"product","link":"https:\/\/amina.is\/en\/verslun\/blaeti\/stangirofl\/wrist-and-ankle-spreader-bar\/","title":{"rendered":"Master Series &#8211; Wrist and Ankle Spreader Bar"},"content":{"rendered":"<h5>Flott glennist\u00f6ng me\u00f0 hand og \u00f6kkla\u00f3lum \u00far le\u00f0ri. H\u00e6gt er a\u00f0 nota samsett eins og \u00e1 mynd e\u00f0a bara stangirnar \u00e1n \u00feess a\u00f0 tengja \u00fe\u00e6r saman. Stangirnar eru \u00far j\u00e1rni. Lengri st\u00f6ngin er 63,5cm, styttri st\u00f6ngin er 35cm. og stangirnar sem tengja \u00fe\u00e6r saman eru 20,3cm. langar. Hand\u00f3larnar eru fr\u00e1 14 til 25,4cm. \u00ed umm\u00e1li og \u00f6kla\u00f3larnar 15 til 33cm. \u00ed umm\u00e1li.<\/h5>","protected":false},"excerpt":{"rendered":"<p>Flott glennist\u00f6ng hand og f\u00f3ta\u00f3lum \u00far le\u00f0ri.<\/p>","protected":false},"featured_media":12089,"template":"","meta":{"inline_featured_image":false},"product_brand":[],"product_cat":[36,914,904],"product_tag":[477,472,775,310,476,960],"class_list":{"0":"post-12084","1":"product","2":"type-product","3":"status-publish","4":"has-post-thumbnail","6":"product_cat-blaeti","7":"product_cat-handjarnofl","8":"product_cat-stangirofl","9":"product_tag-bondage","10":"product_tag-cuffs","11":"product_tag-glennistong","12":"product_tag-master-series","13":"product_tag-restraints","14":"product_tag-spreader-bar","16":"first","17":"instock","18":"shipping-taxable","19":"purchasable","20":"product-type-simple"},"yoast_head":"<!-- This site is optimized with the Yoast SEO Premium plugin v21.6 (Yoast SEO v27.3) - https:\/\/yoast.com\/product\/yoast-seo-premium-wordpress\/ -->\n<title>Master Series - Wrist and Ankle Spreader Bar &#8211; Amina<\/title>\n<meta name=\"description\" content=\"Wrist and ankle spreader bar. Quality leather and sturdy metal poles. Tie your playmate up and let the fun begin.\" \/>\n<meta name=\"robots\" content=\"index, follow, max-snippet:-1, max-image-preview:large, max-video-preview:-1\" \/>\n<link rel=\"canonical\" href=\"https:\/\/amina.is\/en\/verslun\/blaeti\/stangirofl\/wrist-and-ankle-spreader-bar\/\" \/>\n<meta property=\"og:locale\" content=\"en_US\" \/>\n<meta property=\"og:type\" content=\"article\" \/>\n<meta property=\"og:title\" content=\"Master Series - Wrist and Ankle Spreader Bar\" \/>\n<meta property=\"og:description\" content=\"Wrist and ankle spreader bar. Quality leather and sturdy metal poles. Tie your playmate up and let the fun begin.\" \/>\n<meta property=\"og:url\" content=\"https:\/\/amina.is\/en\/verslun\/blaeti\/stangirofl\/wrist-and-ankle-spreader-bar\/\" \/>\n<meta property=\"og:site_name\" content=\"Amina\" \/>\n<meta property=\"article:publisher\" content=\"https:\/\/m.facebook.com\/AMINA-100767148840241\/\" \/>\n<meta property=\"article:modified_time\" content=\"2025-08-12T02:20:20+00:00\" \/>\n<meta property=\"og:image\" content=\"https:\/\/amina.is\/wp-content\/uploads\/2025\/08\/AMINA-vorumyndir-dokkur-bakgrunnur-3.png\" \/>\n\t<meta property=\"og:image:width\" content=\"1080\" \/>\n\t<meta property=\"og:image:height\" content=\"1080\" \/>\n\t<meta property=\"og:image:type\" content=\"image\/png\" \/>\n<meta name=\"twitter:card\" content=\"summary_large_image\" \/>\n<meta name=\"twitter:label1\" content=\"Est. reading time\" \/>\n\t<meta name=\"twitter:data1\" content=\"1 minute\" \/>\n<script type=\"application\/ld+json\" class=\"yoast-schema-graph\">{\"@context\":\"https:\\\/\\\/schema.org\",\"@graph\":[{\"@type\":\"WebPage\",\"@id\":\"https:\\\/\\\/amina.is\\\/verslun\\\/blaeti\\\/stangirofl\\\/wrist-and-ankle-spreader-bar\\\/\",\"url\":\"https:\\\/\\\/amina.is\\\/verslun\\\/blaeti\\\/stangirofl\\\/wrist-and-ankle-spreader-bar\\\/\",\"name\":\"Master Series - Wrist and Ankle Spreader Bar &#8211; Amina\",\"isPartOf\":{\"@id\":\"https:\\\/\\\/amina.is\\\/#website\"},\"primaryImageOfPage\":{\"@id\":\"https:\\\/\\\/amina.is\\\/verslun\\\/blaeti\\\/stangirofl\\\/wrist-and-ankle-spreader-bar\\\/#primaryimage\"},\"image\":{\"@id\":\"https:\\\/\\\/amina.is\\\/verslun\\\/blaeti\\\/stangirofl\\\/wrist-and-ankle-spreader-bar\\\/#primaryimage\"},\"thumbnailUrl\":\"https:\\\/\\\/amina.is\\\/wp-content\\\/uploads\\\/2025\\\/08\\\/AMINA-vorumyndir-dokkur-bakgrunnur-3.png\",\"datePublished\":\"2025-08-12T02:15:40+00:00\",\"dateModified\":\"2025-08-12T02:20:20+00:00\",\"description\":\"Wrist and ankle spreader bar. Quality leather and sturdy metal poles. Tie your playmate up and let the fun begin.\",\"breadcrumb\":{\"@id\":\"https:\\\/\\\/amina.is\\\/verslun\\\/blaeti\\\/stangirofl\\\/wrist-and-ankle-spreader-bar\\\/#breadcrumb\"},\"inLanguage\":\"en-US\",\"potentialAction\":[{\"@type\":\"ReadAction\",\"target\":[\"https:\\\/\\\/amina.is\\\/verslun\\\/blaeti\\\/stangirofl\\\/wrist-and-ankle-spreader-bar\\\/\"]}]},{\"@type\":\"ImageObject\",\"inLanguage\":\"en-US\",\"@id\":\"https:\\\/\\\/amina.is\\\/verslun\\\/blaeti\\\/stangirofl\\\/wrist-and-ankle-spreader-bar\\\/#primaryimage\",\"url\":\"https:\\\/\\\/amina.is\\\/wp-content\\\/uploads\\\/2025\\\/08\\\/AMINA-vorumyndir-dokkur-bakgrunnur-3.png\",\"contentUrl\":\"https:\\\/\\\/amina.is\\\/wp-content\\\/uploads\\\/2025\\\/08\\\/AMINA-vorumyndir-dokkur-bakgrunnur-3.png\",\"width\":1080,\"height\":1080},{\"@type\":\"BreadcrumbList\",\"@id\":\"https:\\\/\\\/amina.is\\\/verslun\\\/blaeti\\\/stangirofl\\\/wrist-and-ankle-spreader-bar\\\/#breadcrumb\",\"itemListElement\":[{\"@type\":\"ListItem\",\"position\":1,\"name\":\"Home\",\"item\":\"https:\\\/\\\/amina.is\\\/\"},{\"@type\":\"ListItem\",\"position\":2,\"name\":\"Verslun\",\"item\":\"https:\\\/\\\/amina.is\\\/verslun\\\/\"},{\"@type\":\"ListItem\",\"position\":3,\"name\":\"Master Series &#8211; Wrist and Ankle Spreader Bar\"}]},{\"@type\":\"WebSite\",\"@id\":\"https:\\\/\\\/amina.is\\\/#website\",\"url\":\"https:\\\/\\\/amina.is\\\/\",\"name\":\"Amina\",\"description\":\"Feeling is everything - Una\u00f0sv\u00f6rur fyrir alla\",\"publisher\":{\"@id\":\"https:\\\/\\\/amina.is\\\/#organization\"},\"potentialAction\":[{\"@type\":\"SearchAction\",\"target\":{\"@type\":\"EntryPoint\",\"urlTemplate\":\"https:\\\/\\\/amina.is\\\/?s={search_term_string}\"},\"query-input\":{\"@type\":\"PropertyValueSpecification\",\"valueRequired\":true,\"valueName\":\"search_term_string\"}}],\"inLanguage\":\"en-US\"},{\"@type\":\"Organization\",\"@id\":\"https:\\\/\\\/amina.is\\\/#organization\",\"name\":\"Amina\",\"url\":\"https:\\\/\\\/amina.is\\\/\",\"logo\":{\"@type\":\"ImageObject\",\"inLanguage\":\"en-US\",\"@id\":\"https:\\\/\\\/amina.is\\\/#\\\/schema\\\/logo\\\/image\\\/\",\"url\":\"https:\\\/\\\/amina.is\\\/wp-content\\\/uploads\\\/2021\\\/09\\\/logo.png\",\"contentUrl\":\"https:\\\/\\\/amina.is\\\/wp-content\\\/uploads\\\/2021\\\/09\\\/logo.png\",\"width\":1790,\"height\":464,\"caption\":\"Amina\"},\"image\":{\"@id\":\"https:\\\/\\\/amina.is\\\/#\\\/schema\\\/logo\\\/image\\\/\"},\"sameAs\":[\"https:\\\/\\\/m.facebook.com\\\/AMINA-100767148840241\\\/\",\"https:\\\/\\\/www.instagram.com\\\/aminaverslun\\\/\"]}]}<\/script>\n<!-- \/ Yoast SEO Premium plugin. -->","yoast_head_json":{"title":"Master Series - Wrist and Ankle Spreader Bar &#8211; Amina","description":"Wrist and ankle spreader bar. Quality leather and sturdy metal poles. Tie your playmate up and let the fun begin.","robots":{"index":"index","follow":"follow","max-snippet":"max-snippet:-1","max-image-preview":"max-image-preview:large","max-video-preview":"max-video-preview:-1"},"canonical":"https:\/\/amina.is\/en\/verslun\/blaeti\/stangirofl\/wrist-and-ankle-spreader-bar\/","og_locale":"en_US","og_type":"article","og_title":"Master Series - Wrist and Ankle Spreader Bar","og_description":"Wrist and ankle spreader bar. Quality leather and sturdy metal poles. Tie your playmate up and let the fun begin.","og_url":"https:\/\/amina.is\/en\/verslun\/blaeti\/stangirofl\/wrist-and-ankle-spreader-bar\/","og_site_name":"Amina","article_publisher":"https:\/\/m.facebook.com\/AMINA-100767148840241\/","article_modified_time":"2025-08-12T02:20:20+00:00","og_image":[{"width":1080,"height":1080,"url":"https:\/\/amina.is\/wp-content\/uploads\/2025\/08\/AMINA-vorumyndir-dokkur-bakgrunnur-3.png","type":"image\/png"}],"twitter_card":"summary_large_image","twitter_misc":{"Est. reading time":"1 minute"},"schema":{"@context":"https:\/\/schema.org","@graph":[{"@type":"WebPage","@id":"https:\/\/amina.is\/verslun\/blaeti\/stangirofl\/wrist-and-ankle-spreader-bar\/","url":"https:\/\/amina.is\/verslun\/blaeti\/stangirofl\/wrist-and-ankle-spreader-bar\/","name":"Master Series - Wrist and Ankle Spreader Bar &#8211; Amina","isPartOf":{"@id":"https:\/\/amina.is\/#website"},"primaryImageOfPage":{"@id":"https:\/\/amina.is\/verslun\/blaeti\/stangirofl\/wrist-and-ankle-spreader-bar\/#primaryimage"},"image":{"@id":"https:\/\/amina.is\/verslun\/blaeti\/stangirofl\/wrist-and-ankle-spreader-bar\/#primaryimage"},"thumbnailUrl":"https:\/\/amina.is\/wp-content\/uploads\/2025\/08\/AMINA-vorumyndir-dokkur-bakgrunnur-3.png","datePublished":"2025-08-12T02:15:40+00:00","dateModified":"2025-08-12T02:20:20+00:00","description":"Wrist and ankle spreader bar. Quality leather and sturdy metal poles. Tie your playmate up and let the fun begin.","breadcrumb":{"@id":"https:\/\/amina.is\/verslun\/blaeti\/stangirofl\/wrist-and-ankle-spreader-bar\/#breadcrumb"},"inLanguage":"en-US","potentialAction":[{"@type":"ReadAction","target":["https:\/\/amina.is\/verslun\/blaeti\/stangirofl\/wrist-and-ankle-spreader-bar\/"]}]},{"@type":"ImageObject","inLanguage":"en-US","@id":"https:\/\/amina.is\/verslun\/blaeti\/stangirofl\/wrist-and-ankle-spreader-bar\/#primaryimage","url":"https:\/\/amina.is\/wp-content\/uploads\/2025\/08\/AMINA-vorumyndir-dokkur-bakgrunnur-3.png","contentUrl":"https:\/\/amina.is\/wp-content\/uploads\/2025\/08\/AMINA-vorumyndir-dokkur-bakgrunnur-3.png","width":1080,"height":1080},{"@type":"BreadcrumbList","@id":"https:\/\/amina.is\/verslun\/blaeti\/stangirofl\/wrist-and-ankle-spreader-bar\/#breadcrumb","itemListElement":[{"@type":"ListItem","position":1,"name":"Home","item":"https:\/\/amina.is\/"},{"@type":"ListItem","position":2,"name":"Verslun","item":"https:\/\/amina.is\/verslun\/"},{"@type":"ListItem","position":3,"name":"Master Series &#8211; Wrist and Ankle Spreader Bar"}]},{"@type":"WebSite","@id":"https:\/\/amina.is\/#website","url":"https:\/\/amina.is\/","name":"Amina","description":"Feeling is everything - Una\u00f0sv\u00f6rur fyrir alla","publisher":{"@id":"https:\/\/amina.is\/#organization"},"potentialAction":[{"@type":"SearchAction","target":{"@type":"EntryPoint","urlTemplate":"https:\/\/amina.is\/?s={search_term_string}"},"query-input":{"@type":"PropertyValueSpecification","valueRequired":true,"valueName":"search_term_string"}}],"inLanguage":"en-US"},{"@type":"Organization","@id":"https:\/\/amina.is\/#organization","name":"Amina","url":"https:\/\/amina.is\/","logo":{"@type":"ImageObject","inLanguage":"en-US","@id":"https:\/\/amina.is\/#\/schema\/logo\/image\/","url":"https:\/\/amina.is\/wp-content\/uploads\/2021\/09\/logo.png","contentUrl":"https:\/\/amina.is\/wp-content\/uploads\/2021\/09\/logo.png","width":1790,"height":464,"caption":"Amina"},"image":{"@id":"https:\/\/amina.is\/#\/schema\/logo\/image\/"},"sameAs":["https:\/\/m.facebook.com\/AMINA-100767148840241\/","https:\/\/www.instagram.com\/aminaverslun\/"]}]}},"_links":{"self":[{"href":"https:\/\/amina.is\/en\/wp-json\/wp\/v2\/product\/12084","targetHints":{"allow":["GET"]}}],"collection":[{"href":"https:\/\/amina.is\/en\/wp-json\/wp\/v2\/product"}],"about":[{"href":"https:\/\/amina.is\/en\/wp-json\/wp\/v2\/types\/product"}],"version-history":[{"count":2,"href":"https:\/\/amina.is\/en\/wp-json\/wp\/v2\/product\/12084\/revisions"}],"predecessor-version":[{"id":12092,"href":"https:\/\/amina.is\/en\/wp-json\/wp\/v2\/product\/12084\/revisions\/12092"}],"wp:featuredmedia":[{"embeddable":true,"href":"https:\/\/amina.is\/en\/wp-json\/wp\/v2\/media\/12089"}],"wp:attachment":[{"href":"https:\/\/amina.is\/en\/wp-json\/wp\/v2\/media?parent=12084"}],"wp:term":[{"taxonomy":"product_brand","embeddable":true,"href":"https:\/\/amina.is\/en\/wp-json\/wp\/v2\/product_brand?post=12084"},{"taxonomy":"product_cat","embeddable":true,"href":"https:\/\/amina.is\/en\/wp-json\/wp\/v2\/product_cat?post=12084"},{"taxonomy":"product_tag","embeddable":true,"href":"https:\/\/amina.is\/en\/wp-json\/wp\/v2\/product_tag?post=12084"}],"curies":[{"name":"wp","href":"https:\/\/api.w.org\/{rel}","templated":true}]}}