{"id":12078,"date":"2025-08-12T01:17:53","date_gmt":"2025-08-12T01:17:53","guid":{"rendered":"https:\/\/amina.is\/?post_type=product&#038;p=12078"},"modified":"2025-12-15T08:48:09","modified_gmt":"2025-12-15T08:48:09","slug":"bull-cock-cage","status":"publish","type":"product","link":"https:\/\/amina.is\/en\/verslun\/typpid\/anndtyppid\/bull-cock-cage\/","title":{"rendered":"Master Series &#8211; Bull Chastity Cage"},"content":{"rendered":"<h5>Nauta h\u00f6fu\u00f0i\u00f0 smeygist yfir endan \u00e1 limnum og \u00fer\u00fdstir honum aftur. 4 mismunandi st\u00e6r\u00f0ir af festihringjum til a\u00f0 tryggja a\u00f0 \u00fe\u00fa finnir r\u00e9ttu st\u00e6r\u00f0ina fyrir \u00feig. \u00dea\u00f0 eru g\u00f6t \u00e1 b\u00farinu fyrir \u00f6ndun og til \u00feess a\u00f0 hleypa \u00fevagi \u00fat vi\u00f0 salernisfer\u00f0ir. 2 lyklar fylgja me\u00f0 l\u00e1snum.<\/h5>\n<h5>St\u00e6r\u00f0: B\u00fari\u00f0 er 5,6cm. langt og 4,6cm. breitt. Hringirnir eru \u00ed \u00feverm\u00e1li 4cm, 4,6cm, 5cm. og 5,6cm.<\/h5>\n<h5>Efni: Plast (Phthalate fr\u00edtt) J\u00e1rn og l\u00e1t\u00fan \u00ed l\u00e6singu. (Har\u00f0plast)<\/h5>\n<h5>A.T.H. Noti\u00f0 einungis vatnsuppleysanleg sleipiefni e\u00f0a s\u00edlikon sleipiefni me\u00f0 \u00feessari v\u00f6ru. Varan g\u00e6ti veri\u00f0 \u00f3\u00fe\u00e6gileg \u00ed notkun fyrir st\u00e6rri typpi.<\/h5>","protected":false},"excerpt":{"rendered":"<p>Typpab\u00far \u00ed laginu eins og nautsh\u00f6fu\u00f0.<\/p>","protected":false},"featured_media":12082,"template":"","meta":{"inline_featured_image":false},"product_brand":[],"product_cat":[882,36,45,901],"product_tag":[958,504,959,505,310,507],"class_list":{"0":"post-12078","1":"product","2":"type-product","3":"status-publish","4":"has-post-thumbnail","6":"product_cat-anndtyppid","7":"product_cat-blaeti","8":"product_cat-typpid","9":"product_cat-typpidogpungurinn","10":"product_tag-bull","11":"product_tag-cage","12":"product_tag-chastity","13":"product_tag-cock-cage","14":"product_tag-master-series","15":"product_tag-typpa-bur","17":"first","18":"outofstock","19":"shipping-taxable","20":"purchasable","21":"product-type-simple"},"yoast_head":"<!-- This site is optimized with the Yoast SEO Premium plugin v21.6 (Yoast SEO v27.4) - https:\/\/yoast.com\/product\/yoast-seo-premium-wordpress\/ -->\n<title>Master Series - Bull Chastity Cage &#8211; Amina<\/title>\n<meta name=\"description\" content=\"Lock up in style with this bold bull-shaped cock cage. Perfect for BDSM, chastity play and adding a wild edge to your fetish sessions.\" \/>\n<meta name=\"robots\" content=\"index, follow, max-snippet:-1, max-image-preview:large, max-video-preview:-1\" \/>\n<link rel=\"canonical\" href=\"https:\/\/amina.is\/en\/verslun\/typpid\/anndtyppid\/bull-cock-cage\/\" \/>\n<meta property=\"og:locale\" content=\"en_US\" \/>\n<meta property=\"og:type\" content=\"article\" \/>\n<meta property=\"og:title\" content=\"Master Series - Bull Chastity Cage\" \/>\n<meta property=\"og:description\" content=\"Lock up in style with this bold bull-shaped cock cage. Perfect for BDSM, chastity play and adding a wild edge to your fetish sessions.\" \/>\n<meta property=\"og:url\" content=\"https:\/\/amina.is\/en\/verslun\/typpid\/anndtyppid\/bull-cock-cage\/\" \/>\n<meta property=\"og:site_name\" content=\"Amina\" \/>\n<meta property=\"article:publisher\" content=\"https:\/\/m.facebook.com\/AMINA-100767148840241\/\" \/>\n<meta property=\"article:modified_time\" content=\"2025-12-15T08:48:09+00:00\" \/>\n<meta property=\"og:image\" content=\"https:\/\/amina.is\/wp-content\/uploads\/2025\/08\/AH664-Red_AMZN_MAIN_540x540.jpg\" \/>\n\t<meta property=\"og:image:width\" content=\"540\" \/>\n\t<meta property=\"og:image:height\" content=\"540\" \/>\n\t<meta property=\"og:image:type\" content=\"image\/jpeg\" \/>\n<meta name=\"twitter:card\" content=\"summary_large_image\" \/>\n<meta name=\"twitter:label1\" content=\"Est. reading time\" \/>\n\t<meta name=\"twitter:data1\" content=\"1 minute\" \/>\n<script type=\"application\/ld+json\" class=\"yoast-schema-graph\">{\"@context\":\"https:\\\/\\\/schema.org\",\"@graph\":[{\"@type\":\"WebPage\",\"@id\":\"https:\\\/\\\/amina.is\\\/verslun\\\/typpid\\\/anndtyppid\\\/bull-cock-cage\\\/\",\"url\":\"https:\\\/\\\/amina.is\\\/verslun\\\/typpid\\\/anndtyppid\\\/bull-cock-cage\\\/\",\"name\":\"Master Series - Bull Chastity Cage &#8211; Amina\",\"isPartOf\":{\"@id\":\"https:\\\/\\\/amina.is\\\/#website\"},\"primaryImageOfPage\":{\"@id\":\"https:\\\/\\\/amina.is\\\/verslun\\\/typpid\\\/anndtyppid\\\/bull-cock-cage\\\/#primaryimage\"},\"image\":{\"@id\":\"https:\\\/\\\/amina.is\\\/verslun\\\/typpid\\\/anndtyppid\\\/bull-cock-cage\\\/#primaryimage\"},\"thumbnailUrl\":\"https:\\\/\\\/amina.is\\\/wp-content\\\/uploads\\\/2025\\\/08\\\/AH664-Red_AMZN_MAIN_540x540.jpg\",\"datePublished\":\"2025-08-12T01:17:53+00:00\",\"dateModified\":\"2025-12-15T08:48:09+00:00\",\"description\":\"Lock up in style with this bold bull-shaped cock cage. Perfect for BDSM, chastity play and adding a wild edge to your fetish sessions.\",\"breadcrumb\":{\"@id\":\"https:\\\/\\\/amina.is\\\/verslun\\\/typpid\\\/anndtyppid\\\/bull-cock-cage\\\/#breadcrumb\"},\"inLanguage\":\"en-US\",\"potentialAction\":[{\"@type\":\"ReadAction\",\"target\":[\"https:\\\/\\\/amina.is\\\/verslun\\\/typpid\\\/anndtyppid\\\/bull-cock-cage\\\/\"]}]},{\"@type\":\"ImageObject\",\"inLanguage\":\"en-US\",\"@id\":\"https:\\\/\\\/amina.is\\\/verslun\\\/typpid\\\/anndtyppid\\\/bull-cock-cage\\\/#primaryimage\",\"url\":\"https:\\\/\\\/amina.is\\\/wp-content\\\/uploads\\\/2025\\\/08\\\/AH664-Red_AMZN_MAIN_540x540.jpg\",\"contentUrl\":\"https:\\\/\\\/amina.is\\\/wp-content\\\/uploads\\\/2025\\\/08\\\/AH664-Red_AMZN_MAIN_540x540.jpg\",\"width\":540,\"height\":540},{\"@type\":\"BreadcrumbList\",\"@id\":\"https:\\\/\\\/amina.is\\\/verslun\\\/typpid\\\/anndtyppid\\\/bull-cock-cage\\\/#breadcrumb\",\"itemListElement\":[{\"@type\":\"ListItem\",\"position\":1,\"name\":\"Home\",\"item\":\"https:\\\/\\\/amina.is\\\/\"},{\"@type\":\"ListItem\",\"position\":2,\"name\":\"Verslun\",\"item\":\"https:\\\/\\\/amina.is\\\/verslun\\\/\"},{\"@type\":\"ListItem\",\"position\":3,\"name\":\"Master Series &#8211; Bull Chastity Cage\"}]},{\"@type\":\"WebSite\",\"@id\":\"https:\\\/\\\/amina.is\\\/#website\",\"url\":\"https:\\\/\\\/amina.is\\\/\",\"name\":\"Amina\",\"description\":\"Feeling is everything - Una\u00f0sv\u00f6rur fyrir alla\",\"publisher\":{\"@id\":\"https:\\\/\\\/amina.is\\\/#organization\"},\"potentialAction\":[{\"@type\":\"SearchAction\",\"target\":{\"@type\":\"EntryPoint\",\"urlTemplate\":\"https:\\\/\\\/amina.is\\\/?s={search_term_string}\"},\"query-input\":{\"@type\":\"PropertyValueSpecification\",\"valueRequired\":true,\"valueName\":\"search_term_string\"}}],\"inLanguage\":\"en-US\"},{\"@type\":\"Organization\",\"@id\":\"https:\\\/\\\/amina.is\\\/#organization\",\"name\":\"Amina\",\"url\":\"https:\\\/\\\/amina.is\\\/\",\"logo\":{\"@type\":\"ImageObject\",\"inLanguage\":\"en-US\",\"@id\":\"https:\\\/\\\/amina.is\\\/#\\\/schema\\\/logo\\\/image\\\/\",\"url\":\"https:\\\/\\\/amina.is\\\/wp-content\\\/uploads\\\/2021\\\/09\\\/logo.png\",\"contentUrl\":\"https:\\\/\\\/amina.is\\\/wp-content\\\/uploads\\\/2021\\\/09\\\/logo.png\",\"width\":1790,\"height\":464,\"caption\":\"Amina\"},\"image\":{\"@id\":\"https:\\\/\\\/amina.is\\\/#\\\/schema\\\/logo\\\/image\\\/\"},\"sameAs\":[\"https:\\\/\\\/m.facebook.com\\\/AMINA-100767148840241\\\/\",\"https:\\\/\\\/www.instagram.com\\\/aminaverslun\\\/\"]}]}<\/script>\n<!-- \/ Yoast SEO Premium plugin. -->","yoast_head_json":{"title":"Master Series - Bull Chastity Cage &#8211; Amina","description":"Lock up in style with this bold bull-shaped cock cage. Perfect for BDSM, chastity play and adding a wild edge to your fetish sessions.","robots":{"index":"index","follow":"follow","max-snippet":"max-snippet:-1","max-image-preview":"max-image-preview:large","max-video-preview":"max-video-preview:-1"},"canonical":"https:\/\/amina.is\/en\/verslun\/typpid\/anndtyppid\/bull-cock-cage\/","og_locale":"en_US","og_type":"article","og_title":"Master Series - Bull Chastity Cage","og_description":"Lock up in style with this bold bull-shaped cock cage. Perfect for BDSM, chastity play and adding a wild edge to your fetish sessions.","og_url":"https:\/\/amina.is\/en\/verslun\/typpid\/anndtyppid\/bull-cock-cage\/","og_site_name":"Amina","article_publisher":"https:\/\/m.facebook.com\/AMINA-100767148840241\/","article_modified_time":"2025-12-15T08:48:09+00:00","og_image":[{"width":540,"height":540,"url":"https:\/\/amina.is\/wp-content\/uploads\/2025\/08\/AH664-Red_AMZN_MAIN_540x540.jpg","type":"image\/jpeg"}],"twitter_card":"summary_large_image","twitter_misc":{"Est. reading time":"1 minute"},"schema":{"@context":"https:\/\/schema.org","@graph":[{"@type":"WebPage","@id":"https:\/\/amina.is\/verslun\/typpid\/anndtyppid\/bull-cock-cage\/","url":"https:\/\/amina.is\/verslun\/typpid\/anndtyppid\/bull-cock-cage\/","name":"Master Series - Bull Chastity Cage &#8211; Amina","isPartOf":{"@id":"https:\/\/amina.is\/#website"},"primaryImageOfPage":{"@id":"https:\/\/amina.is\/verslun\/typpid\/anndtyppid\/bull-cock-cage\/#primaryimage"},"image":{"@id":"https:\/\/amina.is\/verslun\/typpid\/anndtyppid\/bull-cock-cage\/#primaryimage"},"thumbnailUrl":"https:\/\/amina.is\/wp-content\/uploads\/2025\/08\/AH664-Red_AMZN_MAIN_540x540.jpg","datePublished":"2025-08-12T01:17:53+00:00","dateModified":"2025-12-15T08:48:09+00:00","description":"Lock up in style with this bold bull-shaped cock cage. Perfect for BDSM, chastity play and adding a wild edge to your fetish sessions.","breadcrumb":{"@id":"https:\/\/amina.is\/verslun\/typpid\/anndtyppid\/bull-cock-cage\/#breadcrumb"},"inLanguage":"en-US","potentialAction":[{"@type":"ReadAction","target":["https:\/\/amina.is\/verslun\/typpid\/anndtyppid\/bull-cock-cage\/"]}]},{"@type":"ImageObject","inLanguage":"en-US","@id":"https:\/\/amina.is\/verslun\/typpid\/anndtyppid\/bull-cock-cage\/#primaryimage","url":"https:\/\/amina.is\/wp-content\/uploads\/2025\/08\/AH664-Red_AMZN_MAIN_540x540.jpg","contentUrl":"https:\/\/amina.is\/wp-content\/uploads\/2025\/08\/AH664-Red_AMZN_MAIN_540x540.jpg","width":540,"height":540},{"@type":"BreadcrumbList","@id":"https:\/\/amina.is\/verslun\/typpid\/anndtyppid\/bull-cock-cage\/#breadcrumb","itemListElement":[{"@type":"ListItem","position":1,"name":"Home","item":"https:\/\/amina.is\/"},{"@type":"ListItem","position":2,"name":"Verslun","item":"https:\/\/amina.is\/verslun\/"},{"@type":"ListItem","position":3,"name":"Master Series &#8211; Bull Chastity Cage"}]},{"@type":"WebSite","@id":"https:\/\/amina.is\/#website","url":"https:\/\/amina.is\/","name":"Amina","description":"Feeling is everything - Una\u00f0sv\u00f6rur fyrir alla","publisher":{"@id":"https:\/\/amina.is\/#organization"},"potentialAction":[{"@type":"SearchAction","target":{"@type":"EntryPoint","urlTemplate":"https:\/\/amina.is\/?s={search_term_string}"},"query-input":{"@type":"PropertyValueSpecification","valueRequired":true,"valueName":"search_term_string"}}],"inLanguage":"en-US"},{"@type":"Organization","@id":"https:\/\/amina.is\/#organization","name":"Amina","url":"https:\/\/amina.is\/","logo":{"@type":"ImageObject","inLanguage":"en-US","@id":"https:\/\/amina.is\/#\/schema\/logo\/image\/","url":"https:\/\/amina.is\/wp-content\/uploads\/2021\/09\/logo.png","contentUrl":"https:\/\/amina.is\/wp-content\/uploads\/2021\/09\/logo.png","width":1790,"height":464,"caption":"Amina"},"image":{"@id":"https:\/\/amina.is\/#\/schema\/logo\/image\/"},"sameAs":["https:\/\/m.facebook.com\/AMINA-100767148840241\/","https:\/\/www.instagram.com\/aminaverslun\/"]}]}},"_links":{"self":[{"href":"https:\/\/amina.is\/en\/wp-json\/wp\/v2\/product\/12078","targetHints":{"allow":["GET"]}}],"collection":[{"href":"https:\/\/amina.is\/en\/wp-json\/wp\/v2\/product"}],"about":[{"href":"https:\/\/amina.is\/en\/wp-json\/wp\/v2\/types\/product"}],"version-history":[{"count":3,"href":"https:\/\/amina.is\/en\/wp-json\/wp\/v2\/product\/12078\/revisions"}],"predecessor-version":[{"id":12104,"href":"https:\/\/amina.is\/en\/wp-json\/wp\/v2\/product\/12078\/revisions\/12104"}],"wp:featuredmedia":[{"embeddable":true,"href":"https:\/\/amina.is\/en\/wp-json\/wp\/v2\/media\/12082"}],"wp:attachment":[{"href":"https:\/\/amina.is\/en\/wp-json\/wp\/v2\/media?parent=12078"}],"wp:term":[{"taxonomy":"product_brand","embeddable":true,"href":"https:\/\/amina.is\/en\/wp-json\/wp\/v2\/product_brand?post=12078"},{"taxonomy":"product_cat","embeddable":true,"href":"https:\/\/amina.is\/en\/wp-json\/wp\/v2\/product_cat?post=12078"},{"taxonomy":"product_tag","embeddable":true,"href":"https:\/\/amina.is\/en\/wp-json\/wp\/v2\/product_tag?post=12078"}],"curies":[{"name":"wp","href":"https:\/\/api.w.org\/{rel}","templated":true}]}}