{"id":12066,"date":"2025-08-12T00:37:53","date_gmt":"2025-08-12T00:37:53","guid":{"rendered":"https:\/\/amina.is\/?post_type=product&#038;p=12066"},"modified":"2025-08-12T00:40:20","modified_gmt":"2025-08-12T00:40:20","slug":"master-series-musk-athletic-cup-muzzle","status":"publish","type":"product","link":"https:\/\/amina.is\/en\/verslun\/blaeti\/grimurosvfrv\/master-series-musk-athletic-cup-muzzle\/","title":{"rendered":"Master Series &#8211; Musk Athletic Cup Muzzle"},"content":{"rendered":"<h5>Passar flestum h\u00f6fu\u00f0st\u00e6r\u00f0um. H\u00e6gt a\u00f0 l\u00e6sa svo erfi\u00f0ara s\u00e9 a\u00f0 taka af s\u00e9r. Hentugt fyrir sokka, n\u00e6rf\u00f6t e\u00f0a anna\u00f0 sem \u00fe\u00fa vilt a\u00f0 leikf\u00e9laginn finni lyktina af.<\/h5>\n<h5><br style=\"font-weight: 100; color: #6a6a6a;\" \/>M\u00e1l v\u00f6ru: Lengd 16,5cm. Breidd 11,4cm. Strappi getur or\u00f0i\u00f0 allt a\u00f0 66cm. \u00ed umm\u00e1li.<br style=\"font-weight: 100; color: #6a6a6a;\" \/><br style=\"font-weight: 100; color: #6a6a6a;\" \/>Efni: ABS plast, s\u00edlikon, PU le\u00f0ur, nickel-fr\u00edtt j\u00e1rn.<br style=\"font-weight: 100; color: #6a6a6a;\" \/><br style=\"font-weight: 100; color: #6a6a6a;\" \/>A.T.H: L\u00e1s fylgir ekki. <a href=\"https:\/\/amina.is\/en\/verslun\/fatnadur\/aukahlutir\/tom-of-finland-metal-lock\/\">F\u00e6st h\u00e9r.<\/a><\/h5>","protected":false},"excerpt":{"rendered":"<p>Hentugt fyrir sokka, n\u00e6rf\u00f6t e\u00f0a anna\u00f0 sem \u00fe\u00fa vilt a\u00f0 leikf\u00e9laginn finni lyktina af.<\/p>","protected":false},"featured_media":12070,"template":"","meta":{"inline_featured_image":false},"product_brand":[],"product_cat":[36,914,903,915],"product_tag":[957,86,87,310,956,923],"class_list":{"0":"post-12066","1":"product","2":"type-product","3":"status-publish","4":"has-post-thumbnail","6":"product_cat-blaeti","7":"product_cat-handjarnofl","8":"product_cat-grimurosvfrv","9":"product_cat-sensoryplay","10":"product_tag-athletic-cup","11":"product_tag-bdsm","12":"product_tag-gag","13":"product_tag-master-series","14":"product_tag-muzzle","15":"product_tag-sensory","17":"first","18":"instock","19":"shipping-taxable","20":"purchasable","21":"product-type-simple"},"yoast_head":"<!-- This site is optimized with the Yoast SEO Premium plugin v21.6 (Yoast SEO v27.3) - https:\/\/yoast.com\/product\/yoast-seo-premium-wordpress\/ -->\n<title>Master Series - Musk Athletic Cup Muzzle &#8211; Amina<\/title>\n<meta name=\"description\" content=\"Stillanlegar le\u00f0ur\u00f3lar halda sokkum, n\u00e6rf\u00f6tum e\u00f0a anna\u00f0 a\u00f0 \u00fe\u00ednu vali f\u00f6stu \u00e1 s\u00ednum sta\u00f0. Lock in the scent and the control with this fetish muzzle.\" \/>\n<meta name=\"robots\" content=\"index, follow, max-snippet:-1, max-image-preview:large, max-video-preview:-1\" \/>\n<link rel=\"canonical\" href=\"https:\/\/amina.is\/en\/verslun\/blaeti\/grimurosvfrv\/master-series-musk-athletic-cup-muzzle\/\" \/>\n<meta property=\"og:locale\" content=\"en_US\" \/>\n<meta property=\"og:type\" content=\"article\" \/>\n<meta property=\"og:title\" content=\"Master Series - Musk Athletic Cup Muzzle\" \/>\n<meta property=\"og:description\" content=\"Stillanlegar le\u00f0ur\u00f3lar halda sokkum, n\u00e6rf\u00f6tum e\u00f0a anna\u00f0 a\u00f0 \u00fe\u00ednu vali f\u00f6stu \u00e1 s\u00ednum sta\u00f0. Lock in the scent and the control with this fetish muzzle.\" \/>\n<meta property=\"og:url\" content=\"https:\/\/amina.is\/en\/verslun\/blaeti\/grimurosvfrv\/master-series-musk-athletic-cup-muzzle\/\" \/>\n<meta property=\"og:site_name\" content=\"Amina\" \/>\n<meta property=\"article:publisher\" content=\"https:\/\/m.facebook.com\/AMINA-100767148840241\/\" \/>\n<meta property=\"article:modified_time\" content=\"2025-08-12T00:40:20+00:00\" \/>\n<meta property=\"og:image\" content=\"https:\/\/amina.is\/wp-content\/uploads\/2025\/08\/af637-002_540x540.jpg\" \/>\n\t<meta property=\"og:image:width\" content=\"540\" \/>\n\t<meta property=\"og:image:height\" content=\"540\" \/>\n\t<meta property=\"og:image:type\" content=\"image\/jpeg\" \/>\n<meta name=\"twitter:card\" content=\"summary_large_image\" \/>\n<meta name=\"twitter:label1\" content=\"Est. reading time\" \/>\n\t<meta name=\"twitter:data1\" content=\"1 minute\" \/>\n<script type=\"application\/ld+json\" class=\"yoast-schema-graph\">{\"@context\":\"https:\\\/\\\/schema.org\",\"@graph\":[{\"@type\":\"WebPage\",\"@id\":\"https:\\\/\\\/amina.is\\\/verslun\\\/blaeti\\\/grimurosvfrv\\\/master-series-musk-athletic-cup-muzzle\\\/\",\"url\":\"https:\\\/\\\/amina.is\\\/verslun\\\/blaeti\\\/grimurosvfrv\\\/master-series-musk-athletic-cup-muzzle\\\/\",\"name\":\"Master Series - Musk Athletic Cup Muzzle &#8211; Amina\",\"isPartOf\":{\"@id\":\"https:\\\/\\\/amina.is\\\/#website\"},\"primaryImageOfPage\":{\"@id\":\"https:\\\/\\\/amina.is\\\/verslun\\\/blaeti\\\/grimurosvfrv\\\/master-series-musk-athletic-cup-muzzle\\\/#primaryimage\"},\"image\":{\"@id\":\"https:\\\/\\\/amina.is\\\/verslun\\\/blaeti\\\/grimurosvfrv\\\/master-series-musk-athletic-cup-muzzle\\\/#primaryimage\"},\"thumbnailUrl\":\"https:\\\/\\\/amina.is\\\/wp-content\\\/uploads\\\/2025\\\/08\\\/af637-002_540x540.jpg\",\"datePublished\":\"2025-08-12T00:37:53+00:00\",\"dateModified\":\"2025-08-12T00:40:20+00:00\",\"description\":\"Stillanlegar le\u00f0ur\u00f3lar halda sokkum, n\u00e6rf\u00f6tum e\u00f0a anna\u00f0 a\u00f0 \u00fe\u00ednu vali f\u00f6stu \u00e1 s\u00ednum sta\u00f0. Lock in the scent and the control with this fetish muzzle.\",\"breadcrumb\":{\"@id\":\"https:\\\/\\\/amina.is\\\/verslun\\\/blaeti\\\/grimurosvfrv\\\/master-series-musk-athletic-cup-muzzle\\\/#breadcrumb\"},\"inLanguage\":\"en-US\",\"potentialAction\":[{\"@type\":\"ReadAction\",\"target\":[\"https:\\\/\\\/amina.is\\\/verslun\\\/blaeti\\\/grimurosvfrv\\\/master-series-musk-athletic-cup-muzzle\\\/\"]}]},{\"@type\":\"ImageObject\",\"inLanguage\":\"en-US\",\"@id\":\"https:\\\/\\\/amina.is\\\/verslun\\\/blaeti\\\/grimurosvfrv\\\/master-series-musk-athletic-cup-muzzle\\\/#primaryimage\",\"url\":\"https:\\\/\\\/amina.is\\\/wp-content\\\/uploads\\\/2025\\\/08\\\/af637-002_540x540.jpg\",\"contentUrl\":\"https:\\\/\\\/amina.is\\\/wp-content\\\/uploads\\\/2025\\\/08\\\/af637-002_540x540.jpg\",\"width\":540,\"height\":540},{\"@type\":\"BreadcrumbList\",\"@id\":\"https:\\\/\\\/amina.is\\\/verslun\\\/blaeti\\\/grimurosvfrv\\\/master-series-musk-athletic-cup-muzzle\\\/#breadcrumb\",\"itemListElement\":[{\"@type\":\"ListItem\",\"position\":1,\"name\":\"Home\",\"item\":\"https:\\\/\\\/amina.is\\\/\"},{\"@type\":\"ListItem\",\"position\":2,\"name\":\"Verslun\",\"item\":\"https:\\\/\\\/amina.is\\\/verslun\\\/\"},{\"@type\":\"ListItem\",\"position\":3,\"name\":\"Master Series &#8211; Musk Athletic Cup Muzzle\"}]},{\"@type\":\"WebSite\",\"@id\":\"https:\\\/\\\/amina.is\\\/#website\",\"url\":\"https:\\\/\\\/amina.is\\\/\",\"name\":\"Amina\",\"description\":\"Feeling is everything - Una\u00f0sv\u00f6rur fyrir alla\",\"publisher\":{\"@id\":\"https:\\\/\\\/amina.is\\\/#organization\"},\"potentialAction\":[{\"@type\":\"SearchAction\",\"target\":{\"@type\":\"EntryPoint\",\"urlTemplate\":\"https:\\\/\\\/amina.is\\\/?s={search_term_string}\"},\"query-input\":{\"@type\":\"PropertyValueSpecification\",\"valueRequired\":true,\"valueName\":\"search_term_string\"}}],\"inLanguage\":\"en-US\"},{\"@type\":\"Organization\",\"@id\":\"https:\\\/\\\/amina.is\\\/#organization\",\"name\":\"Amina\",\"url\":\"https:\\\/\\\/amina.is\\\/\",\"logo\":{\"@type\":\"ImageObject\",\"inLanguage\":\"en-US\",\"@id\":\"https:\\\/\\\/amina.is\\\/#\\\/schema\\\/logo\\\/image\\\/\",\"url\":\"https:\\\/\\\/amina.is\\\/wp-content\\\/uploads\\\/2021\\\/09\\\/logo.png\",\"contentUrl\":\"https:\\\/\\\/amina.is\\\/wp-content\\\/uploads\\\/2021\\\/09\\\/logo.png\",\"width\":1790,\"height\":464,\"caption\":\"Amina\"},\"image\":{\"@id\":\"https:\\\/\\\/amina.is\\\/#\\\/schema\\\/logo\\\/image\\\/\"},\"sameAs\":[\"https:\\\/\\\/m.facebook.com\\\/AMINA-100767148840241\\\/\",\"https:\\\/\\\/www.instagram.com\\\/aminaverslun\\\/\"]}]}<\/script>\n<!-- \/ Yoast SEO Premium plugin. -->","yoast_head_json":{"title":"Master Series - Musk Athletic Cup Muzzle &#8211; Amina","description":"Stillanlegar le\u00f0ur\u00f3lar halda sokkum, n\u00e6rf\u00f6tum e\u00f0a anna\u00f0 a\u00f0 \u00fe\u00ednu vali f\u00f6stu \u00e1 s\u00ednum sta\u00f0. Lock in the scent and the control with this fetish muzzle.","robots":{"index":"index","follow":"follow","max-snippet":"max-snippet:-1","max-image-preview":"max-image-preview:large","max-video-preview":"max-video-preview:-1"},"canonical":"https:\/\/amina.is\/en\/verslun\/blaeti\/grimurosvfrv\/master-series-musk-athletic-cup-muzzle\/","og_locale":"en_US","og_type":"article","og_title":"Master Series - Musk Athletic Cup Muzzle","og_description":"Stillanlegar le\u00f0ur\u00f3lar halda sokkum, n\u00e6rf\u00f6tum e\u00f0a anna\u00f0 a\u00f0 \u00fe\u00ednu vali f\u00f6stu \u00e1 s\u00ednum sta\u00f0. Lock in the scent and the control with this fetish muzzle.","og_url":"https:\/\/amina.is\/en\/verslun\/blaeti\/grimurosvfrv\/master-series-musk-athletic-cup-muzzle\/","og_site_name":"Amina","article_publisher":"https:\/\/m.facebook.com\/AMINA-100767148840241\/","article_modified_time":"2025-08-12T00:40:20+00:00","og_image":[{"width":540,"height":540,"url":"https:\/\/amina.is\/wp-content\/uploads\/2025\/08\/af637-002_540x540.jpg","type":"image\/jpeg"}],"twitter_card":"summary_large_image","twitter_misc":{"Est. reading time":"1 minute"},"schema":{"@context":"https:\/\/schema.org","@graph":[{"@type":"WebPage","@id":"https:\/\/amina.is\/verslun\/blaeti\/grimurosvfrv\/master-series-musk-athletic-cup-muzzle\/","url":"https:\/\/amina.is\/verslun\/blaeti\/grimurosvfrv\/master-series-musk-athletic-cup-muzzle\/","name":"Master Series - Musk Athletic Cup Muzzle &#8211; Amina","isPartOf":{"@id":"https:\/\/amina.is\/#website"},"primaryImageOfPage":{"@id":"https:\/\/amina.is\/verslun\/blaeti\/grimurosvfrv\/master-series-musk-athletic-cup-muzzle\/#primaryimage"},"image":{"@id":"https:\/\/amina.is\/verslun\/blaeti\/grimurosvfrv\/master-series-musk-athletic-cup-muzzle\/#primaryimage"},"thumbnailUrl":"https:\/\/amina.is\/wp-content\/uploads\/2025\/08\/af637-002_540x540.jpg","datePublished":"2025-08-12T00:37:53+00:00","dateModified":"2025-08-12T00:40:20+00:00","description":"Stillanlegar le\u00f0ur\u00f3lar halda sokkum, n\u00e6rf\u00f6tum e\u00f0a anna\u00f0 a\u00f0 \u00fe\u00ednu vali f\u00f6stu \u00e1 s\u00ednum sta\u00f0. Lock in the scent and the control with this fetish muzzle.","breadcrumb":{"@id":"https:\/\/amina.is\/verslun\/blaeti\/grimurosvfrv\/master-series-musk-athletic-cup-muzzle\/#breadcrumb"},"inLanguage":"en-US","potentialAction":[{"@type":"ReadAction","target":["https:\/\/amina.is\/verslun\/blaeti\/grimurosvfrv\/master-series-musk-athletic-cup-muzzle\/"]}]},{"@type":"ImageObject","inLanguage":"en-US","@id":"https:\/\/amina.is\/verslun\/blaeti\/grimurosvfrv\/master-series-musk-athletic-cup-muzzle\/#primaryimage","url":"https:\/\/amina.is\/wp-content\/uploads\/2025\/08\/af637-002_540x540.jpg","contentUrl":"https:\/\/amina.is\/wp-content\/uploads\/2025\/08\/af637-002_540x540.jpg","width":540,"height":540},{"@type":"BreadcrumbList","@id":"https:\/\/amina.is\/verslun\/blaeti\/grimurosvfrv\/master-series-musk-athletic-cup-muzzle\/#breadcrumb","itemListElement":[{"@type":"ListItem","position":1,"name":"Home","item":"https:\/\/amina.is\/"},{"@type":"ListItem","position":2,"name":"Verslun","item":"https:\/\/amina.is\/verslun\/"},{"@type":"ListItem","position":3,"name":"Master Series &#8211; Musk Athletic Cup Muzzle"}]},{"@type":"WebSite","@id":"https:\/\/amina.is\/#website","url":"https:\/\/amina.is\/","name":"Amina","description":"Feeling is everything - Una\u00f0sv\u00f6rur fyrir alla","publisher":{"@id":"https:\/\/amina.is\/#organization"},"potentialAction":[{"@type":"SearchAction","target":{"@type":"EntryPoint","urlTemplate":"https:\/\/amina.is\/?s={search_term_string}"},"query-input":{"@type":"PropertyValueSpecification","valueRequired":true,"valueName":"search_term_string"}}],"inLanguage":"en-US"},{"@type":"Organization","@id":"https:\/\/amina.is\/#organization","name":"Amina","url":"https:\/\/amina.is\/","logo":{"@type":"ImageObject","inLanguage":"en-US","@id":"https:\/\/amina.is\/#\/schema\/logo\/image\/","url":"https:\/\/amina.is\/wp-content\/uploads\/2021\/09\/logo.png","contentUrl":"https:\/\/amina.is\/wp-content\/uploads\/2021\/09\/logo.png","width":1790,"height":464,"caption":"Amina"},"image":{"@id":"https:\/\/amina.is\/#\/schema\/logo\/image\/"},"sameAs":["https:\/\/m.facebook.com\/AMINA-100767148840241\/","https:\/\/www.instagram.com\/aminaverslun\/"]}]}},"_links":{"self":[{"href":"https:\/\/amina.is\/en\/wp-json\/wp\/v2\/product\/12066","targetHints":{"allow":["GET"]}}],"collection":[{"href":"https:\/\/amina.is\/en\/wp-json\/wp\/v2\/product"}],"about":[{"href":"https:\/\/amina.is\/en\/wp-json\/wp\/v2\/types\/product"}],"version-history":[{"count":4,"href":"https:\/\/amina.is\/en\/wp-json\/wp\/v2\/product\/12066\/revisions"}],"predecessor-version":[{"id":12077,"href":"https:\/\/amina.is\/en\/wp-json\/wp\/v2\/product\/12066\/revisions\/12077"}],"wp:featuredmedia":[{"embeddable":true,"href":"https:\/\/amina.is\/en\/wp-json\/wp\/v2\/media\/12070"}],"wp:attachment":[{"href":"https:\/\/amina.is\/en\/wp-json\/wp\/v2\/media?parent=12066"}],"wp:term":[{"taxonomy":"product_brand","embeddable":true,"href":"https:\/\/amina.is\/en\/wp-json\/wp\/v2\/product_brand?post=12066"},{"taxonomy":"product_cat","embeddable":true,"href":"https:\/\/amina.is\/en\/wp-json\/wp\/v2\/product_cat?post=12066"},{"taxonomy":"product_tag","embeddable":true,"href":"https:\/\/amina.is\/en\/wp-json\/wp\/v2\/product_tag?post=12066"}],"curies":[{"name":"wp","href":"https:\/\/api.w.org\/{rel}","templated":true}]}}