{"id":12059,"date":"2025-08-11T23:54:59","date_gmt":"2025-08-11T23:54:59","guid":{"rendered":"https:\/\/amina.is\/?post_type=product&#038;p=12059"},"modified":"2025-08-11T23:55:02","modified_gmt":"2025-08-11T23:55:02","slug":"master-series-extreme-funnel-gag","status":"publish","type":"product","link":"https:\/\/amina.is\/en\/verslun\/blaeti\/fistwater\/master-series-extreme-funnel-gag\/","title":{"rendered":"Master Series &#8211; Extreme Funnel Gag"},"content":{"rendered":"<h5>Trekt me\u00f0 \u00e1f\u00f6stu munnstykki og \u00f3l til a\u00f0 festa vi\u00f0 h\u00f6fu\u00f0i\u00f0. Trektin er me\u00f0 hreyfanlegu r\u00f6ri sem h\u00e6gt er a\u00f0 beygja til e\u00f0a festa \u00ed fastri st\u00f6\u00f0u.<\/h5>\n<h5>H\u00f6fu\u00f0\u00f3lin er stillanleg fr\u00e1 42 til 56cm. \u00ed umm\u00e1li. Munnstykki\u00f0 n\u00e6r 4,7cm. inn fyrir munn og gati\u00f0 er 2,5cm. \u00ed \u00feverm\u00e1li.<\/h5>\n<h5>Efni:<strong> PVC, PU, m\u00e1lmur.<\/strong><\/h5>","protected":false},"excerpt":{"rendered":"<p>Trekt me\u00f0 \u00e1f\u00f6stu munnstykki.<\/p>","protected":false},"featured_media":12061,"template":"","meta":{"inline_featured_image":false},"product_brand":[],"product_cat":[36,902],"product_tag":[86,954,955],"class_list":{"0":"post-12059","1":"product","2":"type-product","3":"status-publish","4":"has-post-thumbnail","6":"product_cat-blaeti","7":"product_cat-fistwater","8":"product_tag-bdsm","9":"product_tag-funnel","10":"product_tag-piss","12":"first","13":"instock","14":"shipping-taxable","15":"purchasable","16":"product-type-simple"},"yoast_head":"<!-- This site is optimized with the Yoast SEO Premium plugin v21.6 (Yoast SEO v27.3) - https:\/\/yoast.com\/product\/yoast-seo-premium-wordpress\/ -->\n<title>Master Series - Extreme Funnel Gag &#8211; Amina<\/title>\n<meta name=\"description\" content=\"\u00deegar ekki m\u00e1 fara einn einasti dropi til spillis. When not a drop can be spilled.\" \/>\n<meta name=\"robots\" content=\"index, follow, max-snippet:-1, max-image-preview:large, max-video-preview:-1\" \/>\n<link rel=\"canonical\" href=\"https:\/\/amina.is\/en\/verslun\/blaeti\/fistwater\/master-series-extreme-funnel-gag\/\" \/>\n<meta property=\"og:locale\" content=\"en_US\" \/>\n<meta property=\"og:type\" content=\"article\" \/>\n<meta property=\"og:title\" content=\"Master Series - Extreme Funnel Gag\" \/>\n<meta property=\"og:description\" content=\"\u00deegar ekki m\u00e1 fara einn einasti dropi til spillis. When not a drop can be spilled.\" \/>\n<meta property=\"og:url\" content=\"https:\/\/amina.is\/en\/verslun\/blaeti\/fistwater\/master-series-extreme-funnel-gag\/\" \/>\n<meta property=\"og:site_name\" content=\"Amina\" \/>\n<meta property=\"article:publisher\" content=\"https:\/\/m.facebook.com\/AMINA-100767148840241\/\" \/>\n<meta property=\"article:modified_time\" content=\"2025-08-11T23:55:02+00:00\" \/>\n<meta property=\"og:image\" content=\"https:\/\/amina.is\/wp-content\/uploads\/2025\/08\/ae868-a-2400_540x540.jpg\" \/>\n\t<meta property=\"og:image:width\" content=\"540\" \/>\n\t<meta property=\"og:image:height\" content=\"540\" \/>\n\t<meta property=\"og:image:type\" content=\"image\/jpeg\" \/>\n<meta name=\"twitter:card\" content=\"summary_large_image\" \/>\n<meta name=\"twitter:label1\" content=\"Est. reading time\" \/>\n\t<meta name=\"twitter:data1\" content=\"1 minute\" \/>\n<script type=\"application\/ld+json\" class=\"yoast-schema-graph\">{\"@context\":\"https:\\\/\\\/schema.org\",\"@graph\":[{\"@type\":\"WebPage\",\"@id\":\"https:\\\/\\\/amina.is\\\/verslun\\\/blaeti\\\/fistwater\\\/master-series-extreme-funnel-gag\\\/\",\"url\":\"https:\\\/\\\/amina.is\\\/verslun\\\/blaeti\\\/fistwater\\\/master-series-extreme-funnel-gag\\\/\",\"name\":\"Master Series - Extreme Funnel Gag &#8211; Amina\",\"isPartOf\":{\"@id\":\"https:\\\/\\\/amina.is\\\/#website\"},\"primaryImageOfPage\":{\"@id\":\"https:\\\/\\\/amina.is\\\/verslun\\\/blaeti\\\/fistwater\\\/master-series-extreme-funnel-gag\\\/#primaryimage\"},\"image\":{\"@id\":\"https:\\\/\\\/amina.is\\\/verslun\\\/blaeti\\\/fistwater\\\/master-series-extreme-funnel-gag\\\/#primaryimage\"},\"thumbnailUrl\":\"https:\\\/\\\/amina.is\\\/wp-content\\\/uploads\\\/2025\\\/08\\\/ae868-a-2400_540x540.jpg\",\"datePublished\":\"2025-08-11T23:54:59+00:00\",\"dateModified\":\"2025-08-11T23:55:02+00:00\",\"description\":\"\u00deegar ekki m\u00e1 fara einn einasti dropi til spillis. When not a drop can be spilled.\",\"breadcrumb\":{\"@id\":\"https:\\\/\\\/amina.is\\\/verslun\\\/blaeti\\\/fistwater\\\/master-series-extreme-funnel-gag\\\/#breadcrumb\"},\"inLanguage\":\"en-US\",\"potentialAction\":[{\"@type\":\"ReadAction\",\"target\":[\"https:\\\/\\\/amina.is\\\/verslun\\\/blaeti\\\/fistwater\\\/master-series-extreme-funnel-gag\\\/\"]}]},{\"@type\":\"ImageObject\",\"inLanguage\":\"en-US\",\"@id\":\"https:\\\/\\\/amina.is\\\/verslun\\\/blaeti\\\/fistwater\\\/master-series-extreme-funnel-gag\\\/#primaryimage\",\"url\":\"https:\\\/\\\/amina.is\\\/wp-content\\\/uploads\\\/2025\\\/08\\\/ae868-a-2400_540x540.jpg\",\"contentUrl\":\"https:\\\/\\\/amina.is\\\/wp-content\\\/uploads\\\/2025\\\/08\\\/ae868-a-2400_540x540.jpg\",\"width\":540,\"height\":540},{\"@type\":\"BreadcrumbList\",\"@id\":\"https:\\\/\\\/amina.is\\\/verslun\\\/blaeti\\\/fistwater\\\/master-series-extreme-funnel-gag\\\/#breadcrumb\",\"itemListElement\":[{\"@type\":\"ListItem\",\"position\":1,\"name\":\"Home\",\"item\":\"https:\\\/\\\/amina.is\\\/\"},{\"@type\":\"ListItem\",\"position\":2,\"name\":\"Verslun\",\"item\":\"https:\\\/\\\/amina.is\\\/verslun\\\/\"},{\"@type\":\"ListItem\",\"position\":3,\"name\":\"Master Series &#8211; Extreme Funnel Gag\"}]},{\"@type\":\"WebSite\",\"@id\":\"https:\\\/\\\/amina.is\\\/#website\",\"url\":\"https:\\\/\\\/amina.is\\\/\",\"name\":\"Amina\",\"description\":\"Feeling is everything - Una\u00f0sv\u00f6rur fyrir alla\",\"publisher\":{\"@id\":\"https:\\\/\\\/amina.is\\\/#organization\"},\"potentialAction\":[{\"@type\":\"SearchAction\",\"target\":{\"@type\":\"EntryPoint\",\"urlTemplate\":\"https:\\\/\\\/amina.is\\\/?s={search_term_string}\"},\"query-input\":{\"@type\":\"PropertyValueSpecification\",\"valueRequired\":true,\"valueName\":\"search_term_string\"}}],\"inLanguage\":\"en-US\"},{\"@type\":\"Organization\",\"@id\":\"https:\\\/\\\/amina.is\\\/#organization\",\"name\":\"Amina\",\"url\":\"https:\\\/\\\/amina.is\\\/\",\"logo\":{\"@type\":\"ImageObject\",\"inLanguage\":\"en-US\",\"@id\":\"https:\\\/\\\/amina.is\\\/#\\\/schema\\\/logo\\\/image\\\/\",\"url\":\"https:\\\/\\\/amina.is\\\/wp-content\\\/uploads\\\/2021\\\/09\\\/logo.png\",\"contentUrl\":\"https:\\\/\\\/amina.is\\\/wp-content\\\/uploads\\\/2021\\\/09\\\/logo.png\",\"width\":1790,\"height\":464,\"caption\":\"Amina\"},\"image\":{\"@id\":\"https:\\\/\\\/amina.is\\\/#\\\/schema\\\/logo\\\/image\\\/\"},\"sameAs\":[\"https:\\\/\\\/m.facebook.com\\\/AMINA-100767148840241\\\/\",\"https:\\\/\\\/www.instagram.com\\\/aminaverslun\\\/\"]}]}<\/script>\n<!-- \/ Yoast SEO Premium plugin. -->","yoast_head_json":{"title":"Master Series - Extreme Funnel Gag &#8211; Amina","description":"\u00deegar ekki m\u00e1 fara einn einasti dropi til spillis. When not a drop can be spilled.","robots":{"index":"index","follow":"follow","max-snippet":"max-snippet:-1","max-image-preview":"max-image-preview:large","max-video-preview":"max-video-preview:-1"},"canonical":"https:\/\/amina.is\/en\/verslun\/blaeti\/fistwater\/master-series-extreme-funnel-gag\/","og_locale":"en_US","og_type":"article","og_title":"Master Series - Extreme Funnel Gag","og_description":"\u00deegar ekki m\u00e1 fara einn einasti dropi til spillis. When not a drop can be spilled.","og_url":"https:\/\/amina.is\/en\/verslun\/blaeti\/fistwater\/master-series-extreme-funnel-gag\/","og_site_name":"Amina","article_publisher":"https:\/\/m.facebook.com\/AMINA-100767148840241\/","article_modified_time":"2025-08-11T23:55:02+00:00","og_image":[{"width":540,"height":540,"url":"https:\/\/amina.is\/wp-content\/uploads\/2025\/08\/ae868-a-2400_540x540.jpg","type":"image\/jpeg"}],"twitter_card":"summary_large_image","twitter_misc":{"Est. reading time":"1 minute"},"schema":{"@context":"https:\/\/schema.org","@graph":[{"@type":"WebPage","@id":"https:\/\/amina.is\/verslun\/blaeti\/fistwater\/master-series-extreme-funnel-gag\/","url":"https:\/\/amina.is\/verslun\/blaeti\/fistwater\/master-series-extreme-funnel-gag\/","name":"Master Series - Extreme Funnel Gag &#8211; Amina","isPartOf":{"@id":"https:\/\/amina.is\/#website"},"primaryImageOfPage":{"@id":"https:\/\/amina.is\/verslun\/blaeti\/fistwater\/master-series-extreme-funnel-gag\/#primaryimage"},"image":{"@id":"https:\/\/amina.is\/verslun\/blaeti\/fistwater\/master-series-extreme-funnel-gag\/#primaryimage"},"thumbnailUrl":"https:\/\/amina.is\/wp-content\/uploads\/2025\/08\/ae868-a-2400_540x540.jpg","datePublished":"2025-08-11T23:54:59+00:00","dateModified":"2025-08-11T23:55:02+00:00","description":"\u00deegar ekki m\u00e1 fara einn einasti dropi til spillis. When not a drop can be spilled.","breadcrumb":{"@id":"https:\/\/amina.is\/verslun\/blaeti\/fistwater\/master-series-extreme-funnel-gag\/#breadcrumb"},"inLanguage":"en-US","potentialAction":[{"@type":"ReadAction","target":["https:\/\/amina.is\/verslun\/blaeti\/fistwater\/master-series-extreme-funnel-gag\/"]}]},{"@type":"ImageObject","inLanguage":"en-US","@id":"https:\/\/amina.is\/verslun\/blaeti\/fistwater\/master-series-extreme-funnel-gag\/#primaryimage","url":"https:\/\/amina.is\/wp-content\/uploads\/2025\/08\/ae868-a-2400_540x540.jpg","contentUrl":"https:\/\/amina.is\/wp-content\/uploads\/2025\/08\/ae868-a-2400_540x540.jpg","width":540,"height":540},{"@type":"BreadcrumbList","@id":"https:\/\/amina.is\/verslun\/blaeti\/fistwater\/master-series-extreme-funnel-gag\/#breadcrumb","itemListElement":[{"@type":"ListItem","position":1,"name":"Home","item":"https:\/\/amina.is\/"},{"@type":"ListItem","position":2,"name":"Verslun","item":"https:\/\/amina.is\/verslun\/"},{"@type":"ListItem","position":3,"name":"Master Series &#8211; Extreme Funnel Gag"}]},{"@type":"WebSite","@id":"https:\/\/amina.is\/#website","url":"https:\/\/amina.is\/","name":"Amina","description":"Feeling is everything - Una\u00f0sv\u00f6rur fyrir alla","publisher":{"@id":"https:\/\/amina.is\/#organization"},"potentialAction":[{"@type":"SearchAction","target":{"@type":"EntryPoint","urlTemplate":"https:\/\/amina.is\/?s={search_term_string}"},"query-input":{"@type":"PropertyValueSpecification","valueRequired":true,"valueName":"search_term_string"}}],"inLanguage":"en-US"},{"@type":"Organization","@id":"https:\/\/amina.is\/#organization","name":"Amina","url":"https:\/\/amina.is\/","logo":{"@type":"ImageObject","inLanguage":"en-US","@id":"https:\/\/amina.is\/#\/schema\/logo\/image\/","url":"https:\/\/amina.is\/wp-content\/uploads\/2021\/09\/logo.png","contentUrl":"https:\/\/amina.is\/wp-content\/uploads\/2021\/09\/logo.png","width":1790,"height":464,"caption":"Amina"},"image":{"@id":"https:\/\/amina.is\/#\/schema\/logo\/image\/"},"sameAs":["https:\/\/m.facebook.com\/AMINA-100767148840241\/","https:\/\/www.instagram.com\/aminaverslun\/"]}]}},"_links":{"self":[{"href":"https:\/\/amina.is\/en\/wp-json\/wp\/v2\/product\/12059","targetHints":{"allow":["GET"]}}],"collection":[{"href":"https:\/\/amina.is\/en\/wp-json\/wp\/v2\/product"}],"about":[{"href":"https:\/\/amina.is\/en\/wp-json\/wp\/v2\/types\/product"}],"version-history":[{"count":1,"href":"https:\/\/amina.is\/en\/wp-json\/wp\/v2\/product\/12059\/revisions"}],"predecessor-version":[{"id":12065,"href":"https:\/\/amina.is\/en\/wp-json\/wp\/v2\/product\/12059\/revisions\/12065"}],"wp:featuredmedia":[{"embeddable":true,"href":"https:\/\/amina.is\/en\/wp-json\/wp\/v2\/media\/12061"}],"wp:attachment":[{"href":"https:\/\/amina.is\/en\/wp-json\/wp\/v2\/media?parent=12059"}],"wp:term":[{"taxonomy":"product_brand","embeddable":true,"href":"https:\/\/amina.is\/en\/wp-json\/wp\/v2\/product_brand?post=12059"},{"taxonomy":"product_cat","embeddable":true,"href":"https:\/\/amina.is\/en\/wp-json\/wp\/v2\/product_cat?post=12059"},{"taxonomy":"product_tag","embeddable":true,"href":"https:\/\/amina.is\/en\/wp-json\/wp\/v2\/product_tag?post=12059"}],"curies":[{"name":"wp","href":"https:\/\/api.w.org\/{rel}","templated":true}]}}