{"id":12047,"date":"2025-08-11T21:24:44","date_gmt":"2025-08-11T21:24:44","guid":{"rendered":"https:\/\/amina.is\/?post_type=product&#038;p=12047"},"modified":"2025-08-11T21:28:22","modified_gmt":"2025-08-11T21:28:22","slug":"ledur-typpahringur","status":"publish","type":"product","link":"https:\/\/amina.is\/en\/verslun\/typpid\/typpahringir\/ledur-typpahringur\/","title":{"rendered":"Velcro Leather Cock Ring"},"content":{"rendered":"<h5>Typpahringur \u00far mj\u00faku le\u00f0ri me\u00f0 fr\u00f6nskum rennil\u00e1s. Flj\u00f3tlegt a\u00f0 setja hann \u00e1 e\u00f0a taka af me\u00f0 einu handtaki. Nota\u00f0u hann utan um typpi\u00f0, punginn e\u00f0a b\u00e6\u00f0i \u00ed einu fyrir lengri reisn. Tveir litir \u00ed bo\u00f0i, rau\u00f0ur og bl\u00e1r.<\/h5>\n<h5>Heildarlengd: 20,3cm. Breidd: 1,5cm. \u00deverm\u00e1l \u00e1 hring samsettur er u.\u00fe.b. fr\u00e1 3,8 til 5,7cm.<\/h5>","protected":false},"excerpt":{"rendered":"<p>Typpahringur \u00far mj\u00faku le\u00f0ri me\u00f0 fr\u00f6nskum rennil\u00e1s.<\/p>","protected":false},"featured_media":12051,"template":"","meta":{"inline_featured_image":false},"product_brand":[],"product_cat":[41,43,899,878,45],"product_tag":[572,374,483,72],"class_list":{"0":"post-12047","1":"product","2":"type-product","3":"status-publish","4":"has-post-thumbnail","6":"product_cat-fyrir-tha","7":"product_cat-fyrir-thau","8":"product_cat-notaahann","9":"product_cat-typpahringir","10":"product_cat-typpid","11":"product_tag-cock-ring","12":"product_tag-leather","13":"product_tag-ledur","14":"product_tag-typpahringur","16":"first","17":"instock","18":"shipping-taxable","19":"purchasable","20":"product-type-variable"},"yoast_head":"<!-- This site is optimized with the Yoast SEO Premium plugin v21.6 (Yoast SEO v27.4) - https:\/\/yoast.com\/product\/yoast-seo-premium-wordpress\/ -->\n<title>Velcro Leather Cock Ring &#8211; Amina<\/title>\n<meta name=\"description\" content=\"Upplif\u00f0u aukna \u00e1n\u00e6gju me\u00f0 \u00feessum le\u00f0ur typpahring. Stillanlegur og \u00fe\u00e6gilegur. Enhance your pleasure with this leather cock ring. Adjustable and comfortable.\" \/>\n<meta name=\"robots\" content=\"index, follow, max-snippet:-1, max-image-preview:large, max-video-preview:-1\" \/>\n<link rel=\"canonical\" href=\"https:\/\/amina.is\/en\/verslun\/typpid\/typpahringir\/ledur-typpahringur\/\" \/>\n<meta property=\"og:locale\" content=\"en_US\" \/>\n<meta property=\"og:type\" content=\"article\" \/>\n<meta property=\"og:title\" content=\"Velcro Leather Cock Ring\" \/>\n<meta property=\"og:description\" content=\"Upplif\u00f0u aukna \u00e1n\u00e6gju me\u00f0 \u00feessum le\u00f0ur typpahring. Stillanlegur og \u00fe\u00e6gilegur. Enhance your pleasure with this leather cock ring. Adjustable and comfortable.\" \/>\n<meta property=\"og:url\" content=\"https:\/\/amina.is\/en\/verslun\/typpid\/typpahringir\/ledur-typpahringur\/\" \/>\n<meta property=\"og:site_name\" content=\"Amina\" \/>\n<meta property=\"article:publisher\" content=\"https:\/\/m.facebook.com\/AMINA-100767148840241\/\" \/>\n<meta property=\"article:modified_time\" content=\"2025-08-11T21:28:22+00:00\" \/>\n<meta property=\"og:image\" content=\"https:\/\/amina.is\/wp-content\/uploads\/2025\/08\/Untitled-design-4.jpg\" \/>\n\t<meta property=\"og:image:width\" content=\"1080\" \/>\n\t<meta property=\"og:image:height\" content=\"1080\" \/>\n\t<meta property=\"og:image:type\" content=\"image\/jpeg\" \/>\n<meta name=\"twitter:card\" content=\"summary_large_image\" \/>\n<meta name=\"twitter:label1\" content=\"Est. reading time\" \/>\n\t<meta name=\"twitter:data1\" content=\"1 minute\" \/>\n<script type=\"application\/ld+json\" class=\"yoast-schema-graph\">{\"@context\":\"https:\\\/\\\/schema.org\",\"@graph\":[{\"@type\":\"WebPage\",\"@id\":\"https:\\\/\\\/amina.is\\\/verslun\\\/typpid\\\/typpahringir\\\/ledur-typpahringur\\\/\",\"url\":\"https:\\\/\\\/amina.is\\\/verslun\\\/typpid\\\/typpahringir\\\/ledur-typpahringur\\\/\",\"name\":\"Velcro Leather Cock Ring &#8211; Amina\",\"isPartOf\":{\"@id\":\"https:\\\/\\\/amina.is\\\/#website\"},\"primaryImageOfPage\":{\"@id\":\"https:\\\/\\\/amina.is\\\/verslun\\\/typpid\\\/typpahringir\\\/ledur-typpahringur\\\/#primaryimage\"},\"image\":{\"@id\":\"https:\\\/\\\/amina.is\\\/verslun\\\/typpid\\\/typpahringir\\\/ledur-typpahringur\\\/#primaryimage\"},\"thumbnailUrl\":\"https:\\\/\\\/amina.is\\\/wp-content\\\/uploads\\\/2025\\\/08\\\/Untitled-design-4.jpg\",\"datePublished\":\"2025-08-11T21:24:44+00:00\",\"dateModified\":\"2025-08-11T21:28:22+00:00\",\"description\":\"Upplif\u00f0u aukna \u00e1n\u00e6gju me\u00f0 \u00feessum le\u00f0ur typpahring. Stillanlegur og \u00fe\u00e6gilegur. Enhance your pleasure with this leather cock ring. Adjustable and comfortable.\",\"breadcrumb\":{\"@id\":\"https:\\\/\\\/amina.is\\\/verslun\\\/typpid\\\/typpahringir\\\/ledur-typpahringur\\\/#breadcrumb\"},\"inLanguage\":\"en-US\",\"potentialAction\":[{\"@type\":\"ReadAction\",\"target\":[\"https:\\\/\\\/amina.is\\\/verslun\\\/typpid\\\/typpahringir\\\/ledur-typpahringur\\\/\"]}]},{\"@type\":\"ImageObject\",\"inLanguage\":\"en-US\",\"@id\":\"https:\\\/\\\/amina.is\\\/verslun\\\/typpid\\\/typpahringir\\\/ledur-typpahringur\\\/#primaryimage\",\"url\":\"https:\\\/\\\/amina.is\\\/wp-content\\\/uploads\\\/2025\\\/08\\\/Untitled-design-4.jpg\",\"contentUrl\":\"https:\\\/\\\/amina.is\\\/wp-content\\\/uploads\\\/2025\\\/08\\\/Untitled-design-4.jpg\",\"width\":1080,\"height\":1080},{\"@type\":\"BreadcrumbList\",\"@id\":\"https:\\\/\\\/amina.is\\\/verslun\\\/typpid\\\/typpahringir\\\/ledur-typpahringur\\\/#breadcrumb\",\"itemListElement\":[{\"@type\":\"ListItem\",\"position\":1,\"name\":\"Home\",\"item\":\"https:\\\/\\\/amina.is\\\/\"},{\"@type\":\"ListItem\",\"position\":2,\"name\":\"Verslun\",\"item\":\"https:\\\/\\\/amina.is\\\/verslun\\\/\"},{\"@type\":\"ListItem\",\"position\":3,\"name\":\"Velcro Leather Cock Ring\"}]},{\"@type\":\"WebSite\",\"@id\":\"https:\\\/\\\/amina.is\\\/#website\",\"url\":\"https:\\\/\\\/amina.is\\\/\",\"name\":\"Amina\",\"description\":\"Feeling is everything - Una\u00f0sv\u00f6rur fyrir alla\",\"publisher\":{\"@id\":\"https:\\\/\\\/amina.is\\\/#organization\"},\"potentialAction\":[{\"@type\":\"SearchAction\",\"target\":{\"@type\":\"EntryPoint\",\"urlTemplate\":\"https:\\\/\\\/amina.is\\\/?s={search_term_string}\"},\"query-input\":{\"@type\":\"PropertyValueSpecification\",\"valueRequired\":true,\"valueName\":\"search_term_string\"}}],\"inLanguage\":\"en-US\"},{\"@type\":\"Organization\",\"@id\":\"https:\\\/\\\/amina.is\\\/#organization\",\"name\":\"Amina\",\"url\":\"https:\\\/\\\/amina.is\\\/\",\"logo\":{\"@type\":\"ImageObject\",\"inLanguage\":\"en-US\",\"@id\":\"https:\\\/\\\/amina.is\\\/#\\\/schema\\\/logo\\\/image\\\/\",\"url\":\"https:\\\/\\\/amina.is\\\/wp-content\\\/uploads\\\/2021\\\/09\\\/logo.png\",\"contentUrl\":\"https:\\\/\\\/amina.is\\\/wp-content\\\/uploads\\\/2021\\\/09\\\/logo.png\",\"width\":1790,\"height\":464,\"caption\":\"Amina\"},\"image\":{\"@id\":\"https:\\\/\\\/amina.is\\\/#\\\/schema\\\/logo\\\/image\\\/\"},\"sameAs\":[\"https:\\\/\\\/m.facebook.com\\\/AMINA-100767148840241\\\/\",\"https:\\\/\\\/www.instagram.com\\\/aminaverslun\\\/\"]}]}<\/script>\n<!-- \/ Yoast SEO Premium plugin. -->","yoast_head_json":{"title":"Velcro Leather Cock Ring &#8211; Amina","description":"Upplif\u00f0u aukna \u00e1n\u00e6gju me\u00f0 \u00feessum le\u00f0ur typpahring. Stillanlegur og \u00fe\u00e6gilegur. Enhance your pleasure with this leather cock ring. Adjustable and comfortable.","robots":{"index":"index","follow":"follow","max-snippet":"max-snippet:-1","max-image-preview":"max-image-preview:large","max-video-preview":"max-video-preview:-1"},"canonical":"https:\/\/amina.is\/en\/verslun\/typpid\/typpahringir\/ledur-typpahringur\/","og_locale":"en_US","og_type":"article","og_title":"Velcro Leather Cock Ring","og_description":"Upplif\u00f0u aukna \u00e1n\u00e6gju me\u00f0 \u00feessum le\u00f0ur typpahring. Stillanlegur og \u00fe\u00e6gilegur. Enhance your pleasure with this leather cock ring. Adjustable and comfortable.","og_url":"https:\/\/amina.is\/en\/verslun\/typpid\/typpahringir\/ledur-typpahringur\/","og_site_name":"Amina","article_publisher":"https:\/\/m.facebook.com\/AMINA-100767148840241\/","article_modified_time":"2025-08-11T21:28:22+00:00","og_image":[{"width":1080,"height":1080,"url":"https:\/\/amina.is\/wp-content\/uploads\/2025\/08\/Untitled-design-4.jpg","type":"image\/jpeg"}],"twitter_card":"summary_large_image","twitter_misc":{"Est. reading time":"1 minute"},"schema":{"@context":"https:\/\/schema.org","@graph":[{"@type":"WebPage","@id":"https:\/\/amina.is\/verslun\/typpid\/typpahringir\/ledur-typpahringur\/","url":"https:\/\/amina.is\/verslun\/typpid\/typpahringir\/ledur-typpahringur\/","name":"Velcro Leather Cock Ring &#8211; Amina","isPartOf":{"@id":"https:\/\/amina.is\/#website"},"primaryImageOfPage":{"@id":"https:\/\/amina.is\/verslun\/typpid\/typpahringir\/ledur-typpahringur\/#primaryimage"},"image":{"@id":"https:\/\/amina.is\/verslun\/typpid\/typpahringir\/ledur-typpahringur\/#primaryimage"},"thumbnailUrl":"https:\/\/amina.is\/wp-content\/uploads\/2025\/08\/Untitled-design-4.jpg","datePublished":"2025-08-11T21:24:44+00:00","dateModified":"2025-08-11T21:28:22+00:00","description":"Upplif\u00f0u aukna \u00e1n\u00e6gju me\u00f0 \u00feessum le\u00f0ur typpahring. Stillanlegur og \u00fe\u00e6gilegur. Enhance your pleasure with this leather cock ring. Adjustable and comfortable.","breadcrumb":{"@id":"https:\/\/amina.is\/verslun\/typpid\/typpahringir\/ledur-typpahringur\/#breadcrumb"},"inLanguage":"en-US","potentialAction":[{"@type":"ReadAction","target":["https:\/\/amina.is\/verslun\/typpid\/typpahringir\/ledur-typpahringur\/"]}]},{"@type":"ImageObject","inLanguage":"en-US","@id":"https:\/\/amina.is\/verslun\/typpid\/typpahringir\/ledur-typpahringur\/#primaryimage","url":"https:\/\/amina.is\/wp-content\/uploads\/2025\/08\/Untitled-design-4.jpg","contentUrl":"https:\/\/amina.is\/wp-content\/uploads\/2025\/08\/Untitled-design-4.jpg","width":1080,"height":1080},{"@type":"BreadcrumbList","@id":"https:\/\/amina.is\/verslun\/typpid\/typpahringir\/ledur-typpahringur\/#breadcrumb","itemListElement":[{"@type":"ListItem","position":1,"name":"Home","item":"https:\/\/amina.is\/"},{"@type":"ListItem","position":2,"name":"Verslun","item":"https:\/\/amina.is\/verslun\/"},{"@type":"ListItem","position":3,"name":"Velcro Leather Cock Ring"}]},{"@type":"WebSite","@id":"https:\/\/amina.is\/#website","url":"https:\/\/amina.is\/","name":"Amina","description":"Feeling is everything - Una\u00f0sv\u00f6rur fyrir alla","publisher":{"@id":"https:\/\/amina.is\/#organization"},"potentialAction":[{"@type":"SearchAction","target":{"@type":"EntryPoint","urlTemplate":"https:\/\/amina.is\/?s={search_term_string}"},"query-input":{"@type":"PropertyValueSpecification","valueRequired":true,"valueName":"search_term_string"}}],"inLanguage":"en-US"},{"@type":"Organization","@id":"https:\/\/amina.is\/#organization","name":"Amina","url":"https:\/\/amina.is\/","logo":{"@type":"ImageObject","inLanguage":"en-US","@id":"https:\/\/amina.is\/#\/schema\/logo\/image\/","url":"https:\/\/amina.is\/wp-content\/uploads\/2021\/09\/logo.png","contentUrl":"https:\/\/amina.is\/wp-content\/uploads\/2021\/09\/logo.png","width":1790,"height":464,"caption":"Amina"},"image":{"@id":"https:\/\/amina.is\/#\/schema\/logo\/image\/"},"sameAs":["https:\/\/m.facebook.com\/AMINA-100767148840241\/","https:\/\/www.instagram.com\/aminaverslun\/"]}]}},"_links":{"self":[{"href":"https:\/\/amina.is\/en\/wp-json\/wp\/v2\/product\/12047","targetHints":{"allow":["GET"]}}],"collection":[{"href":"https:\/\/amina.is\/en\/wp-json\/wp\/v2\/product"}],"about":[{"href":"https:\/\/amina.is\/en\/wp-json\/wp\/v2\/types\/product"}],"version-history":[{"count":2,"href":"https:\/\/amina.is\/en\/wp-json\/wp\/v2\/product\/12047\/revisions"}],"predecessor-version":[{"id":12057,"href":"https:\/\/amina.is\/en\/wp-json\/wp\/v2\/product\/12047\/revisions\/12057"}],"wp:featuredmedia":[{"embeddable":true,"href":"https:\/\/amina.is\/en\/wp-json\/wp\/v2\/media\/12051"}],"wp:attachment":[{"href":"https:\/\/amina.is\/en\/wp-json\/wp\/v2\/media?parent=12047"}],"wp:term":[{"taxonomy":"product_brand","embeddable":true,"href":"https:\/\/amina.is\/en\/wp-json\/wp\/v2\/product_brand?post=12047"},{"taxonomy":"product_cat","embeddable":true,"href":"https:\/\/amina.is\/en\/wp-json\/wp\/v2\/product_cat?post=12047"},{"taxonomy":"product_tag","embeddable":true,"href":"https:\/\/amina.is\/en\/wp-json\/wp\/v2\/product_tag?post=12047"}],"curies":[{"name":"wp","href":"https:\/\/api.w.org\/{rel}","templated":true}]}}