{"id":12038,"date":"2025-08-11T20:51:40","date_gmt":"2025-08-11T20:51:40","guid":{"rendered":"https:\/\/amina.is\/?post_type=product&#038;p=12038"},"modified":"2025-08-11T20:53:36","modified_gmt":"2025-08-11T20:53:36","slug":"sex-sling","status":"publish","type":"product","link":"https:\/\/amina.is\/en\/verslun\/fyrir-thau\/samanth\/sex-sling\/","title":{"rendered":"Strict &#8211; Extreme Sling"},"content":{"rendered":"<h5>Ekta le\u00f0ur r\u00f3la. B\u00f3lstra\u00f0ur koddinn gefur g\u00f3\u00f0an stu\u00f0ning undir h\u00f6fu\u00f0 og er me\u00f0 stillanlegum \u00f3lum sem gerir \u00fe\u00e9r kleift a\u00f0 h\u00e6kka e\u00f0a l\u00e6kka efri hluta l\u00edkamans. \u00cdst\u00f6\u00f0in eru fest me\u00f0 sterkum m\u00e1lmkarab\u00ednum. R\u00f3lan er h\u00f6nnu\u00f0 eins l\u00e9tt og h\u00e6gt er til a\u00f0 au\u00f0velda flutning. Athugi\u00f0 a\u00f0 ke\u00f0jur til a\u00f0 festa \u00ed loft fylgja ekki me\u00f0. Passi\u00f0 a\u00f0 velja r\u00e9ttar festingar fyrir ykkar loft og karab\u00ednur sem \u00feola mikla \u00feyngd til a\u00f0 tenga vi\u00f0 ke\u00f0jur. H\u00e1marks\u00feyngd \u00ed r\u00f3lu er 136 kg. R\u00f3lan er 96,5cm \u00e1 lengd og 53,3cm. \u00e1 breidd.<\/h5>\n<h5>www.amina.is ber ekki \u00e1byrg\u00f0 \u00e1 rangri notkun e\u00f0a rangri uppsetningu \u00e1 \u00feeim v\u00f6rum sem seldar eru.<\/h5>","protected":false},"excerpt":{"rendered":"<p>Ekta le\u00f0ur r\u00f3la<\/p>","protected":false},"featured_media":12040,"template":"","meta":{"inline_featured_image":false},"product_brand":[],"product_cat":[36,41,43,904,898,895],"product_tag":[86,374,483,953,89],"class_list":{"0":"post-12038","1":"product","2":"type-product","3":"status-publish","4":"has-post-thumbnail","6":"product_cat-blaeti","7":"product_cat-fyrir-tha","8":"product_cat-fyrir-thau","9":"product_cat-stangirofl","10":"product_cat-samanth","11":"product_cat-samanh","12":"product_tag-bdsm","13":"product_tag-leather","14":"product_tag-ledur","15":"product_tag-rola","16":"product_tag-sling","18":"first","19":"instock","20":"shipping-taxable","21":"purchasable","22":"product-type-simple"},"yoast_head":"<!-- This site is optimized with the Yoast SEO Premium plugin v21.6 (Yoast SEO v27.3) - https:\/\/yoast.com\/product\/yoast-seo-premium-wordpress\/ -->\n<title>Strict - Extreme Sling &#8211; Amina<\/title>\n<meta name=\"description\" content=\"Explore ultimate comfort and deeper angles with our premium sex sling. Adjustable, durable, and designed for adventurous couples seeking new sensations.\" \/>\n<meta name=\"robots\" content=\"index, follow, max-snippet:-1, max-image-preview:large, max-video-preview:-1\" \/>\n<link rel=\"canonical\" href=\"https:\/\/amina.is\/en\/verslun\/fyrir-thau\/samanth\/sex-sling\/\" \/>\n<meta property=\"og:locale\" content=\"en_US\" \/>\n<meta property=\"og:type\" content=\"article\" \/>\n<meta property=\"og:title\" content=\"Strict - Extreme Sling\" \/>\n<meta property=\"og:description\" content=\"Explore ultimate comfort and deeper angles with our premium sex sling. Adjustable, durable, and designed for adventurous couples seeking new sensations.\" \/>\n<meta property=\"og:url\" content=\"https:\/\/amina.is\/en\/verslun\/fyrir-thau\/samanth\/sex-sling\/\" \/>\n<meta property=\"og:site_name\" content=\"Amina\" \/>\n<meta property=\"article:publisher\" content=\"https:\/\/m.facebook.com\/AMINA-100767148840241\/\" \/>\n<meta property=\"article:modified_time\" content=\"2025-08-11T20:53:36+00:00\" \/>\n<meta property=\"og:image\" content=\"https:\/\/amina.is\/wp-content\/uploads\/2025\/08\/ae760-bulk-front_540x540.jpg\" \/>\n\t<meta property=\"og:image:width\" content=\"540\" \/>\n\t<meta property=\"og:image:height\" content=\"540\" \/>\n\t<meta property=\"og:image:type\" content=\"image\/jpeg\" \/>\n<meta name=\"twitter:card\" content=\"summary_large_image\" \/>\n<meta name=\"twitter:label1\" content=\"Est. reading time\" \/>\n\t<meta name=\"twitter:data1\" content=\"1 minute\" \/>\n<script type=\"application\/ld+json\" class=\"yoast-schema-graph\">{\"@context\":\"https:\\\/\\\/schema.org\",\"@graph\":[{\"@type\":\"WebPage\",\"@id\":\"https:\\\/\\\/amina.is\\\/verslun\\\/fyrir-thau\\\/samanth\\\/sex-sling\\\/\",\"url\":\"https:\\\/\\\/amina.is\\\/verslun\\\/fyrir-thau\\\/samanth\\\/sex-sling\\\/\",\"name\":\"Strict - Extreme Sling &#8211; Amina\",\"isPartOf\":{\"@id\":\"https:\\\/\\\/amina.is\\\/#website\"},\"primaryImageOfPage\":{\"@id\":\"https:\\\/\\\/amina.is\\\/verslun\\\/fyrir-thau\\\/samanth\\\/sex-sling\\\/#primaryimage\"},\"image\":{\"@id\":\"https:\\\/\\\/amina.is\\\/verslun\\\/fyrir-thau\\\/samanth\\\/sex-sling\\\/#primaryimage\"},\"thumbnailUrl\":\"https:\\\/\\\/amina.is\\\/wp-content\\\/uploads\\\/2025\\\/08\\\/ae760-bulk-front_540x540.jpg\",\"datePublished\":\"2025-08-11T20:51:40+00:00\",\"dateModified\":\"2025-08-11T20:53:36+00:00\",\"description\":\"Explore ultimate comfort and deeper angles with our premium sex sling. Adjustable, durable, and designed for adventurous couples seeking new sensations.\",\"breadcrumb\":{\"@id\":\"https:\\\/\\\/amina.is\\\/verslun\\\/fyrir-thau\\\/samanth\\\/sex-sling\\\/#breadcrumb\"},\"inLanguage\":\"en-US\",\"potentialAction\":[{\"@type\":\"ReadAction\",\"target\":[\"https:\\\/\\\/amina.is\\\/verslun\\\/fyrir-thau\\\/samanth\\\/sex-sling\\\/\"]}]},{\"@type\":\"ImageObject\",\"inLanguage\":\"en-US\",\"@id\":\"https:\\\/\\\/amina.is\\\/verslun\\\/fyrir-thau\\\/samanth\\\/sex-sling\\\/#primaryimage\",\"url\":\"https:\\\/\\\/amina.is\\\/wp-content\\\/uploads\\\/2025\\\/08\\\/ae760-bulk-front_540x540.jpg\",\"contentUrl\":\"https:\\\/\\\/amina.is\\\/wp-content\\\/uploads\\\/2025\\\/08\\\/ae760-bulk-front_540x540.jpg\",\"width\":540,\"height\":540},{\"@type\":\"BreadcrumbList\",\"@id\":\"https:\\\/\\\/amina.is\\\/verslun\\\/fyrir-thau\\\/samanth\\\/sex-sling\\\/#breadcrumb\",\"itemListElement\":[{\"@type\":\"ListItem\",\"position\":1,\"name\":\"Home\",\"item\":\"https:\\\/\\\/amina.is\\\/\"},{\"@type\":\"ListItem\",\"position\":2,\"name\":\"Verslun\",\"item\":\"https:\\\/\\\/amina.is\\\/verslun\\\/\"},{\"@type\":\"ListItem\",\"position\":3,\"name\":\"Strict &#8211; Extreme Sling\"}]},{\"@type\":\"WebSite\",\"@id\":\"https:\\\/\\\/amina.is\\\/#website\",\"url\":\"https:\\\/\\\/amina.is\\\/\",\"name\":\"Amina\",\"description\":\"Feeling is everything - Una\u00f0sv\u00f6rur fyrir alla\",\"publisher\":{\"@id\":\"https:\\\/\\\/amina.is\\\/#organization\"},\"potentialAction\":[{\"@type\":\"SearchAction\",\"target\":{\"@type\":\"EntryPoint\",\"urlTemplate\":\"https:\\\/\\\/amina.is\\\/?s={search_term_string}\"},\"query-input\":{\"@type\":\"PropertyValueSpecification\",\"valueRequired\":true,\"valueName\":\"search_term_string\"}}],\"inLanguage\":\"en-US\"},{\"@type\":\"Organization\",\"@id\":\"https:\\\/\\\/amina.is\\\/#organization\",\"name\":\"Amina\",\"url\":\"https:\\\/\\\/amina.is\\\/\",\"logo\":{\"@type\":\"ImageObject\",\"inLanguage\":\"en-US\",\"@id\":\"https:\\\/\\\/amina.is\\\/#\\\/schema\\\/logo\\\/image\\\/\",\"url\":\"https:\\\/\\\/amina.is\\\/wp-content\\\/uploads\\\/2021\\\/09\\\/logo.png\",\"contentUrl\":\"https:\\\/\\\/amina.is\\\/wp-content\\\/uploads\\\/2021\\\/09\\\/logo.png\",\"width\":1790,\"height\":464,\"caption\":\"Amina\"},\"image\":{\"@id\":\"https:\\\/\\\/amina.is\\\/#\\\/schema\\\/logo\\\/image\\\/\"},\"sameAs\":[\"https:\\\/\\\/m.facebook.com\\\/AMINA-100767148840241\\\/\",\"https:\\\/\\\/www.instagram.com\\\/aminaverslun\\\/\"]}]}<\/script>\n<!-- \/ Yoast SEO Premium plugin. -->","yoast_head_json":{"title":"Strict - Extreme Sling &#8211; Amina","description":"Explore ultimate comfort and deeper angles with our premium sex sling. Adjustable, durable, and designed for adventurous couples seeking new sensations.","robots":{"index":"index","follow":"follow","max-snippet":"max-snippet:-1","max-image-preview":"max-image-preview:large","max-video-preview":"max-video-preview:-1"},"canonical":"https:\/\/amina.is\/en\/verslun\/fyrir-thau\/samanth\/sex-sling\/","og_locale":"en_US","og_type":"article","og_title":"Strict - Extreme Sling","og_description":"Explore ultimate comfort and deeper angles with our premium sex sling. Adjustable, durable, and designed for adventurous couples seeking new sensations.","og_url":"https:\/\/amina.is\/en\/verslun\/fyrir-thau\/samanth\/sex-sling\/","og_site_name":"Amina","article_publisher":"https:\/\/m.facebook.com\/AMINA-100767148840241\/","article_modified_time":"2025-08-11T20:53:36+00:00","og_image":[{"width":540,"height":540,"url":"https:\/\/amina.is\/wp-content\/uploads\/2025\/08\/ae760-bulk-front_540x540.jpg","type":"image\/jpeg"}],"twitter_card":"summary_large_image","twitter_misc":{"Est. reading time":"1 minute"},"schema":{"@context":"https:\/\/schema.org","@graph":[{"@type":"WebPage","@id":"https:\/\/amina.is\/verslun\/fyrir-thau\/samanth\/sex-sling\/","url":"https:\/\/amina.is\/verslun\/fyrir-thau\/samanth\/sex-sling\/","name":"Strict - Extreme Sling &#8211; Amina","isPartOf":{"@id":"https:\/\/amina.is\/#website"},"primaryImageOfPage":{"@id":"https:\/\/amina.is\/verslun\/fyrir-thau\/samanth\/sex-sling\/#primaryimage"},"image":{"@id":"https:\/\/amina.is\/verslun\/fyrir-thau\/samanth\/sex-sling\/#primaryimage"},"thumbnailUrl":"https:\/\/amina.is\/wp-content\/uploads\/2025\/08\/ae760-bulk-front_540x540.jpg","datePublished":"2025-08-11T20:51:40+00:00","dateModified":"2025-08-11T20:53:36+00:00","description":"Explore ultimate comfort and deeper angles with our premium sex sling. Adjustable, durable, and designed for adventurous couples seeking new sensations.","breadcrumb":{"@id":"https:\/\/amina.is\/verslun\/fyrir-thau\/samanth\/sex-sling\/#breadcrumb"},"inLanguage":"en-US","potentialAction":[{"@type":"ReadAction","target":["https:\/\/amina.is\/verslun\/fyrir-thau\/samanth\/sex-sling\/"]}]},{"@type":"ImageObject","inLanguage":"en-US","@id":"https:\/\/amina.is\/verslun\/fyrir-thau\/samanth\/sex-sling\/#primaryimage","url":"https:\/\/amina.is\/wp-content\/uploads\/2025\/08\/ae760-bulk-front_540x540.jpg","contentUrl":"https:\/\/amina.is\/wp-content\/uploads\/2025\/08\/ae760-bulk-front_540x540.jpg","width":540,"height":540},{"@type":"BreadcrumbList","@id":"https:\/\/amina.is\/verslun\/fyrir-thau\/samanth\/sex-sling\/#breadcrumb","itemListElement":[{"@type":"ListItem","position":1,"name":"Home","item":"https:\/\/amina.is\/"},{"@type":"ListItem","position":2,"name":"Verslun","item":"https:\/\/amina.is\/verslun\/"},{"@type":"ListItem","position":3,"name":"Strict &#8211; Extreme Sling"}]},{"@type":"WebSite","@id":"https:\/\/amina.is\/#website","url":"https:\/\/amina.is\/","name":"Amina","description":"Feeling is everything - Una\u00f0sv\u00f6rur fyrir alla","publisher":{"@id":"https:\/\/amina.is\/#organization"},"potentialAction":[{"@type":"SearchAction","target":{"@type":"EntryPoint","urlTemplate":"https:\/\/amina.is\/?s={search_term_string}"},"query-input":{"@type":"PropertyValueSpecification","valueRequired":true,"valueName":"search_term_string"}}],"inLanguage":"en-US"},{"@type":"Organization","@id":"https:\/\/amina.is\/#organization","name":"Amina","url":"https:\/\/amina.is\/","logo":{"@type":"ImageObject","inLanguage":"en-US","@id":"https:\/\/amina.is\/#\/schema\/logo\/image\/","url":"https:\/\/amina.is\/wp-content\/uploads\/2021\/09\/logo.png","contentUrl":"https:\/\/amina.is\/wp-content\/uploads\/2021\/09\/logo.png","width":1790,"height":464,"caption":"Amina"},"image":{"@id":"https:\/\/amina.is\/#\/schema\/logo\/image\/"},"sameAs":["https:\/\/m.facebook.com\/AMINA-100767148840241\/","https:\/\/www.instagram.com\/aminaverslun\/"]}]}},"_links":{"self":[{"href":"https:\/\/amina.is\/en\/wp-json\/wp\/v2\/product\/12038","targetHints":{"allow":["GET"]}}],"collection":[{"href":"https:\/\/amina.is\/en\/wp-json\/wp\/v2\/product"}],"about":[{"href":"https:\/\/amina.is\/en\/wp-json\/wp\/v2\/types\/product"}],"version-history":[{"count":2,"href":"https:\/\/amina.is\/en\/wp-json\/wp\/v2\/product\/12038\/revisions"}],"predecessor-version":[{"id":12046,"href":"https:\/\/amina.is\/en\/wp-json\/wp\/v2\/product\/12038\/revisions\/12046"}],"wp:featuredmedia":[{"embeddable":true,"href":"https:\/\/amina.is\/en\/wp-json\/wp\/v2\/media\/12040"}],"wp:attachment":[{"href":"https:\/\/amina.is\/en\/wp-json\/wp\/v2\/media?parent=12038"}],"wp:term":[{"taxonomy":"product_brand","embeddable":true,"href":"https:\/\/amina.is\/en\/wp-json\/wp\/v2\/product_brand?post=12038"},{"taxonomy":"product_cat","embeddable":true,"href":"https:\/\/amina.is\/en\/wp-json\/wp\/v2\/product_cat?post=12038"},{"taxonomy":"product_tag","embeddable":true,"href":"https:\/\/amina.is\/en\/wp-json\/wp\/v2\/product_tag?post=12038"}],"curies":[{"name":"wp","href":"https:\/\/api.w.org\/{rel}","templated":true}]}}