{"id":12027,"date":"2025-08-11T13:50:38","date_gmt":"2025-08-11T13:50:38","guid":{"rendered":"https:\/\/amina.is\/?post_type=product&#038;p=12027"},"modified":"2025-08-11T19:34:56","modified_gmt":"2025-08-11T19:34:56","slug":"master-series-balls-to-wrist-humbler","status":"publish","type":"product","link":"https:\/\/amina.is\/en\/verslun\/blaeti\/typpidogpungurinn\/master-series-balls-to-wrist-humbler\/","title":{"rendered":"Master Series &#8211; Balls to Wrist Humbler"},"content":{"rendered":"<h5>Vanda\u00f0ur hlutur \u00far timbri sem er \u00f3missandi hj\u00e1 hverjum drottnara. Hand og pungj\u00e1rn. \u00cd hvert sinn sem hann reynir a\u00f0 hreyfa hendurnar \u00fe\u00e1 strekkist \u00e1 pungnum. Hj\u00e1lparlaus og algerlega \u00e1 \u00fe\u00ednu valdi. L\u00e1s og lykill fylgir me\u00f0.<\/h5>\n<h5>Heildarlengd: 51,5cm. \u00deverm\u00e1l \u00e1 gati fyrir hendur: 6,6cm. Breidd \u00e1 gati fyrir pung: 6,3cm. H\u00e6\u00f0 \u00e1 gati fyrir pung: 2,3cm.<\/h5>","protected":false},"excerpt":{"rendered":"<p>Hand og pungj\u00e1rn.<\/p>","protected":false},"featured_media":12037,"template":"","meta":{"inline_featured_image":false},"product_brand":[],"product_cat":[36,901],"product_tag":[952,86,324,337,841,310,327,325,700],"class_list":{"0":"post-12027","1":"product","2":"type-product","3":"status-publish","4":"has-post-thumbnail","6":"product_cat-blaeti","7":"product_cat-typpidogpungurinn","8":"product_tag-balls-to-wrist","9":"product_tag-bdsm","10":"product_tag-blaeti","11":"product_tag-fetish","12":"product_tag-humbler","13":"product_tag-master-series","14":"product_tag-slave","15":"product_tag-sub","16":"product_tag-submissive","18":"first","19":"instock","20":"shipping-taxable","21":"purchasable","22":"product-type-simple"},"yoast_head":"<!-- This site is optimized with the Yoast SEO Premium plugin v21.6 (Yoast SEO v27.4) - https:\/\/yoast.com\/product\/yoast-seo-premium-wordpress\/ -->\n<title>Master Series - Balls to Wrist Humbler &#8211; Amina<\/title>\n<meta name=\"description\" content=\"\u00deegar \u00fe\u00fa \u00fearft a\u00f0 hafa hemil \u00e1 leikf\u00e9laganum. Vanda\u00f0ur hlutur \u00far timbri sem er \u00f3missandi hj\u00e1 hverjum drottnara.\u00a0Hand og pungj\u00e1rn.\" \/>\n<meta name=\"robots\" content=\"index, follow, max-snippet:-1, max-image-preview:large, max-video-preview:-1\" \/>\n<link rel=\"canonical\" href=\"https:\/\/amina.is\/en\/verslun\/blaeti\/typpidogpungurinn\/master-series-balls-to-wrist-humbler\/\" \/>\n<meta property=\"og:locale\" content=\"en_US\" \/>\n<meta property=\"og:type\" content=\"article\" \/>\n<meta property=\"og:title\" content=\"Master Series - Balls to Wrist Humbler\" \/>\n<meta property=\"og:description\" content=\"\u00deegar \u00fe\u00fa \u00fearft a\u00f0 hafa hemil \u00e1 leikf\u00e9laganum. Vanda\u00f0ur hlutur \u00far timbri sem er \u00f3missandi hj\u00e1 hverjum drottnara.\u00a0Hand og pungj\u00e1rn.\" \/>\n<meta property=\"og:url\" content=\"https:\/\/amina.is\/en\/verslun\/blaeti\/typpidogpungurinn\/master-series-balls-to-wrist-humbler\/\" \/>\n<meta property=\"og:site_name\" content=\"Amina\" \/>\n<meta property=\"article:publisher\" content=\"https:\/\/m.facebook.com\/AMINA-100767148840241\/\" \/>\n<meta property=\"article:modified_time\" content=\"2025-08-11T19:34:56+00:00\" \/>\n<meta property=\"og:image\" content=\"https:\/\/amina.is\/wp-content\/uploads\/2025\/08\/amina-2.png\" \/>\n\t<meta property=\"og:image:width\" content=\"1080\" \/>\n\t<meta property=\"og:image:height\" content=\"1080\" \/>\n\t<meta property=\"og:image:type\" content=\"image\/png\" \/>\n<meta name=\"twitter:card\" content=\"summary_large_image\" \/>\n<meta name=\"twitter:label1\" content=\"Est. reading time\" \/>\n\t<meta name=\"twitter:data1\" content=\"1 minute\" \/>\n<script type=\"application\/ld+json\" class=\"yoast-schema-graph\">{\"@context\":\"https:\\\/\\\/schema.org\",\"@graph\":[{\"@type\":\"WebPage\",\"@id\":\"https:\\\/\\\/amina.is\\\/verslun\\\/blaeti\\\/typpidogpungurinn\\\/master-series-balls-to-wrist-humbler\\\/\",\"url\":\"https:\\\/\\\/amina.is\\\/verslun\\\/blaeti\\\/typpidogpungurinn\\\/master-series-balls-to-wrist-humbler\\\/\",\"name\":\"Master Series - Balls to Wrist Humbler &#8211; Amina\",\"isPartOf\":{\"@id\":\"https:\\\/\\\/amina.is\\\/#website\"},\"primaryImageOfPage\":{\"@id\":\"https:\\\/\\\/amina.is\\\/verslun\\\/blaeti\\\/typpidogpungurinn\\\/master-series-balls-to-wrist-humbler\\\/#primaryimage\"},\"image\":{\"@id\":\"https:\\\/\\\/amina.is\\\/verslun\\\/blaeti\\\/typpidogpungurinn\\\/master-series-balls-to-wrist-humbler\\\/#primaryimage\"},\"thumbnailUrl\":\"https:\\\/\\\/amina.is\\\/wp-content\\\/uploads\\\/2025\\\/08\\\/amina-2.png\",\"datePublished\":\"2025-08-11T13:50:38+00:00\",\"dateModified\":\"2025-08-11T19:34:56+00:00\",\"description\":\"\u00deegar \u00fe\u00fa \u00fearft a\u00f0 hafa hemil \u00e1 leikf\u00e9laganum. Vanda\u00f0ur hlutur \u00far timbri sem er \u00f3missandi hj\u00e1 hverjum drottnara.\u00a0Hand og pungj\u00e1rn.\",\"breadcrumb\":{\"@id\":\"https:\\\/\\\/amina.is\\\/verslun\\\/blaeti\\\/typpidogpungurinn\\\/master-series-balls-to-wrist-humbler\\\/#breadcrumb\"},\"inLanguage\":\"en-US\",\"potentialAction\":[{\"@type\":\"ReadAction\",\"target\":[\"https:\\\/\\\/amina.is\\\/verslun\\\/blaeti\\\/typpidogpungurinn\\\/master-series-balls-to-wrist-humbler\\\/\"]}]},{\"@type\":\"ImageObject\",\"inLanguage\":\"en-US\",\"@id\":\"https:\\\/\\\/amina.is\\\/verslun\\\/blaeti\\\/typpidogpungurinn\\\/master-series-balls-to-wrist-humbler\\\/#primaryimage\",\"url\":\"https:\\\/\\\/amina.is\\\/wp-content\\\/uploads\\\/2025\\\/08\\\/amina-2.png\",\"contentUrl\":\"https:\\\/\\\/amina.is\\\/wp-content\\\/uploads\\\/2025\\\/08\\\/amina-2.png\",\"width\":1080,\"height\":1080},{\"@type\":\"BreadcrumbList\",\"@id\":\"https:\\\/\\\/amina.is\\\/verslun\\\/blaeti\\\/typpidogpungurinn\\\/master-series-balls-to-wrist-humbler\\\/#breadcrumb\",\"itemListElement\":[{\"@type\":\"ListItem\",\"position\":1,\"name\":\"Home\",\"item\":\"https:\\\/\\\/amina.is\\\/\"},{\"@type\":\"ListItem\",\"position\":2,\"name\":\"Verslun\",\"item\":\"https:\\\/\\\/amina.is\\\/verslun\\\/\"},{\"@type\":\"ListItem\",\"position\":3,\"name\":\"Master Series &#8211; Balls to Wrist Humbler\"}]},{\"@type\":\"WebSite\",\"@id\":\"https:\\\/\\\/amina.is\\\/#website\",\"url\":\"https:\\\/\\\/amina.is\\\/\",\"name\":\"Amina\",\"description\":\"Feeling is everything - Una\u00f0sv\u00f6rur fyrir alla\",\"publisher\":{\"@id\":\"https:\\\/\\\/amina.is\\\/#organization\"},\"potentialAction\":[{\"@type\":\"SearchAction\",\"target\":{\"@type\":\"EntryPoint\",\"urlTemplate\":\"https:\\\/\\\/amina.is\\\/?s={search_term_string}\"},\"query-input\":{\"@type\":\"PropertyValueSpecification\",\"valueRequired\":true,\"valueName\":\"search_term_string\"}}],\"inLanguage\":\"en-US\"},{\"@type\":\"Organization\",\"@id\":\"https:\\\/\\\/amina.is\\\/#organization\",\"name\":\"Amina\",\"url\":\"https:\\\/\\\/amina.is\\\/\",\"logo\":{\"@type\":\"ImageObject\",\"inLanguage\":\"en-US\",\"@id\":\"https:\\\/\\\/amina.is\\\/#\\\/schema\\\/logo\\\/image\\\/\",\"url\":\"https:\\\/\\\/amina.is\\\/wp-content\\\/uploads\\\/2021\\\/09\\\/logo.png\",\"contentUrl\":\"https:\\\/\\\/amina.is\\\/wp-content\\\/uploads\\\/2021\\\/09\\\/logo.png\",\"width\":1790,\"height\":464,\"caption\":\"Amina\"},\"image\":{\"@id\":\"https:\\\/\\\/amina.is\\\/#\\\/schema\\\/logo\\\/image\\\/\"},\"sameAs\":[\"https:\\\/\\\/m.facebook.com\\\/AMINA-100767148840241\\\/\",\"https:\\\/\\\/www.instagram.com\\\/aminaverslun\\\/\"]}]}<\/script>\n<!-- \/ Yoast SEO Premium plugin. -->","yoast_head_json":{"title":"Master Series - Balls to Wrist Humbler &#8211; Amina","description":"\u00deegar \u00fe\u00fa \u00fearft a\u00f0 hafa hemil \u00e1 leikf\u00e9laganum. Vanda\u00f0ur hlutur \u00far timbri sem er \u00f3missandi hj\u00e1 hverjum drottnara.\u00a0Hand og pungj\u00e1rn.","robots":{"index":"index","follow":"follow","max-snippet":"max-snippet:-1","max-image-preview":"max-image-preview:large","max-video-preview":"max-video-preview:-1"},"canonical":"https:\/\/amina.is\/en\/verslun\/blaeti\/typpidogpungurinn\/master-series-balls-to-wrist-humbler\/","og_locale":"en_US","og_type":"article","og_title":"Master Series - Balls to Wrist Humbler","og_description":"\u00deegar \u00fe\u00fa \u00fearft a\u00f0 hafa hemil \u00e1 leikf\u00e9laganum. Vanda\u00f0ur hlutur \u00far timbri sem er \u00f3missandi hj\u00e1 hverjum drottnara.\u00a0Hand og pungj\u00e1rn.","og_url":"https:\/\/amina.is\/en\/verslun\/blaeti\/typpidogpungurinn\/master-series-balls-to-wrist-humbler\/","og_site_name":"Amina","article_publisher":"https:\/\/m.facebook.com\/AMINA-100767148840241\/","article_modified_time":"2025-08-11T19:34:56+00:00","og_image":[{"width":1080,"height":1080,"url":"https:\/\/amina.is\/wp-content\/uploads\/2025\/08\/amina-2.png","type":"image\/png"}],"twitter_card":"summary_large_image","twitter_misc":{"Est. reading time":"1 minute"},"schema":{"@context":"https:\/\/schema.org","@graph":[{"@type":"WebPage","@id":"https:\/\/amina.is\/verslun\/blaeti\/typpidogpungurinn\/master-series-balls-to-wrist-humbler\/","url":"https:\/\/amina.is\/verslun\/blaeti\/typpidogpungurinn\/master-series-balls-to-wrist-humbler\/","name":"Master Series - Balls to Wrist Humbler &#8211; Amina","isPartOf":{"@id":"https:\/\/amina.is\/#website"},"primaryImageOfPage":{"@id":"https:\/\/amina.is\/verslun\/blaeti\/typpidogpungurinn\/master-series-balls-to-wrist-humbler\/#primaryimage"},"image":{"@id":"https:\/\/amina.is\/verslun\/blaeti\/typpidogpungurinn\/master-series-balls-to-wrist-humbler\/#primaryimage"},"thumbnailUrl":"https:\/\/amina.is\/wp-content\/uploads\/2025\/08\/amina-2.png","datePublished":"2025-08-11T13:50:38+00:00","dateModified":"2025-08-11T19:34:56+00:00","description":"\u00deegar \u00fe\u00fa \u00fearft a\u00f0 hafa hemil \u00e1 leikf\u00e9laganum. Vanda\u00f0ur hlutur \u00far timbri sem er \u00f3missandi hj\u00e1 hverjum drottnara.\u00a0Hand og pungj\u00e1rn.","breadcrumb":{"@id":"https:\/\/amina.is\/verslun\/blaeti\/typpidogpungurinn\/master-series-balls-to-wrist-humbler\/#breadcrumb"},"inLanguage":"en-US","potentialAction":[{"@type":"ReadAction","target":["https:\/\/amina.is\/verslun\/blaeti\/typpidogpungurinn\/master-series-balls-to-wrist-humbler\/"]}]},{"@type":"ImageObject","inLanguage":"en-US","@id":"https:\/\/amina.is\/verslun\/blaeti\/typpidogpungurinn\/master-series-balls-to-wrist-humbler\/#primaryimage","url":"https:\/\/amina.is\/wp-content\/uploads\/2025\/08\/amina-2.png","contentUrl":"https:\/\/amina.is\/wp-content\/uploads\/2025\/08\/amina-2.png","width":1080,"height":1080},{"@type":"BreadcrumbList","@id":"https:\/\/amina.is\/verslun\/blaeti\/typpidogpungurinn\/master-series-balls-to-wrist-humbler\/#breadcrumb","itemListElement":[{"@type":"ListItem","position":1,"name":"Home","item":"https:\/\/amina.is\/"},{"@type":"ListItem","position":2,"name":"Verslun","item":"https:\/\/amina.is\/verslun\/"},{"@type":"ListItem","position":3,"name":"Master Series &#8211; Balls to Wrist Humbler"}]},{"@type":"WebSite","@id":"https:\/\/amina.is\/#website","url":"https:\/\/amina.is\/","name":"Amina","description":"Feeling is everything - Una\u00f0sv\u00f6rur fyrir alla","publisher":{"@id":"https:\/\/amina.is\/#organization"},"potentialAction":[{"@type":"SearchAction","target":{"@type":"EntryPoint","urlTemplate":"https:\/\/amina.is\/?s={search_term_string}"},"query-input":{"@type":"PropertyValueSpecification","valueRequired":true,"valueName":"search_term_string"}}],"inLanguage":"en-US"},{"@type":"Organization","@id":"https:\/\/amina.is\/#organization","name":"Amina","url":"https:\/\/amina.is\/","logo":{"@type":"ImageObject","inLanguage":"en-US","@id":"https:\/\/amina.is\/#\/schema\/logo\/image\/","url":"https:\/\/amina.is\/wp-content\/uploads\/2021\/09\/logo.png","contentUrl":"https:\/\/amina.is\/wp-content\/uploads\/2021\/09\/logo.png","width":1790,"height":464,"caption":"Amina"},"image":{"@id":"https:\/\/amina.is\/#\/schema\/logo\/image\/"},"sameAs":["https:\/\/m.facebook.com\/AMINA-100767148840241\/","https:\/\/www.instagram.com\/aminaverslun\/"]}]}},"_links":{"self":[{"href":"https:\/\/amina.is\/en\/wp-json\/wp\/v2\/product\/12027","targetHints":{"allow":["GET"]}}],"collection":[{"href":"https:\/\/amina.is\/en\/wp-json\/wp\/v2\/product"}],"about":[{"href":"https:\/\/amina.is\/en\/wp-json\/wp\/v2\/types\/product"}],"version-history":[{"count":2,"href":"https:\/\/amina.is\/en\/wp-json\/wp\/v2\/product\/12027\/revisions"}],"predecessor-version":[{"id":12036,"href":"https:\/\/amina.is\/en\/wp-json\/wp\/v2\/product\/12027\/revisions\/12036"}],"wp:featuredmedia":[{"embeddable":true,"href":"https:\/\/amina.is\/en\/wp-json\/wp\/v2\/media\/12037"}],"wp:attachment":[{"href":"https:\/\/amina.is\/en\/wp-json\/wp\/v2\/media?parent=12027"}],"wp:term":[{"taxonomy":"product_brand","embeddable":true,"href":"https:\/\/amina.is\/en\/wp-json\/wp\/v2\/product_brand?post=12027"},{"taxonomy":"product_cat","embeddable":true,"href":"https:\/\/amina.is\/en\/wp-json\/wp\/v2\/product_cat?post=12027"},{"taxonomy":"product_tag","embeddable":true,"href":"https:\/\/amina.is\/en\/wp-json\/wp\/v2\/product_tag?post=12027"}],"curies":[{"name":"wp","href":"https:\/\/api.w.org\/{rel}","templated":true}]}}