{"id":12021,"date":"2025-08-05T17:40:19","date_gmt":"2025-08-05T17:40:19","guid":{"rendered":"https:\/\/amina.is\/?post_type=product&#038;p=12021"},"modified":"2025-08-05T17:53:25","modified_gmt":"2025-08-05T17:53:25","slug":"trixie-hunda-taumur-ledur","status":"publish","type":"product","link":"https:\/\/amina.is\/en\/verslun\/blaeti\/typpidogpungurinn\/trixie-hunda-taumur-ledur\/","title":{"rendered":"Trixie &#8211; Hunda Taumur Le\u00f0ur"},"content":{"rendered":"<h5>Hundataumur \u00a0\u00far ekta le\u00f0ri. 100cm. langur, 1,8cm. brei\u00f0ur.<\/h5>","protected":false},"excerpt":{"rendered":"<p>Hundataumur \u00far ekta le\u00f0ri.<\/p>","protected":false},"featured_media":12022,"template":"","meta":{"inline_featured_image":false},"product_brand":[],"product_cat":[36,914,901],"product_tag":[355,752,358,356,326,434,327,360],"class_list":{"0":"post-12021","1":"product","2":"type-product","3":"status-publish","4":"has-post-thumbnail","6":"product_cat-blaeti","7":"product_cat-handjarnofl","8":"product_cat-typpidogpungurinn","9":"product_tag-dog","10":"product_tag-dog-leash","11":"product_tag-hundur","12":"product_tag-leash","13":"product_tag-master","14":"product_tag-puppy","15":"product_tag-slave","16":"product_tag-taumur","18":"first","19":"instock","20":"shipping-taxable","21":"purchasable","22":"product-type-simple"},"yoast_head":"<!-- This site is optimized with the Yoast SEO Premium plugin v21.6 (Yoast SEO v27.3) - https:\/\/yoast.com\/product\/yoast-seo-premium-wordpress\/ -->\n<title>Trixie - Hunda Taumur Le\u00f0ur &#8211; Amina<\/title>\n<meta name=\"robots\" content=\"index, follow, max-snippet:-1, max-image-preview:large, max-video-preview:-1\" \/>\n<link rel=\"canonical\" href=\"https:\/\/amina.is\/en\/verslun\/blaeti\/typpidogpungurinn\/trixie-hunda-taumur-ledur\/\" \/>\n<meta property=\"og:locale\" content=\"en_US\" \/>\n<meta property=\"og:type\" content=\"article\" \/>\n<meta property=\"og:title\" content=\"Trixie - Hunda Taumur Le\u00f0ur\" \/>\n<meta property=\"og:description\" content=\"Hundataumur \u00far ekta le\u00f0ri.\" \/>\n<meta property=\"og:url\" content=\"https:\/\/amina.is\/en\/verslun\/blaeti\/typpidogpungurinn\/trixie-hunda-taumur-ledur\/\" \/>\n<meta property=\"og:site_name\" content=\"Amina\" \/>\n<meta property=\"article:publisher\" content=\"https:\/\/m.facebook.com\/AMINA-100767148840241\/\" \/>\n<meta property=\"article:modified_time\" content=\"2025-08-05T17:53:25+00:00\" \/>\n<meta property=\"og:image\" content=\"https:\/\/amina.is\/wp-content\/uploads\/2025\/08\/AMINA-vorumyndir-dokkur-bakgrunnur-17-1.jpg\" \/>\n\t<meta property=\"og:image:width\" content=\"1080\" \/>\n\t<meta property=\"og:image:height\" content=\"1080\" \/>\n\t<meta property=\"og:image:type\" content=\"image\/jpeg\" \/>\n<meta name=\"twitter:card\" content=\"summary_large_image\" \/>\n<meta name=\"twitter:label1\" content=\"Est. reading time\" \/>\n\t<meta name=\"twitter:data1\" content=\"1 minute\" \/>\n<script type=\"application\/ld+json\" class=\"yoast-schema-graph\">{\"@context\":\"https:\\\/\\\/schema.org\",\"@graph\":[{\"@type\":\"WebPage\",\"@id\":\"https:\\\/\\\/amina.is\\\/verslun\\\/blaeti\\\/typpidogpungurinn\\\/trixie-hunda-taumur-ledur\\\/\",\"url\":\"https:\\\/\\\/amina.is\\\/verslun\\\/blaeti\\\/typpidogpungurinn\\\/trixie-hunda-taumur-ledur\\\/\",\"name\":\"Trixie - Hunda Taumur Le\u00f0ur &#8211; Amina\",\"isPartOf\":{\"@id\":\"https:\\\/\\\/amina.is\\\/#website\"},\"primaryImageOfPage\":{\"@id\":\"https:\\\/\\\/amina.is\\\/verslun\\\/blaeti\\\/typpidogpungurinn\\\/trixie-hunda-taumur-ledur\\\/#primaryimage\"},\"image\":{\"@id\":\"https:\\\/\\\/amina.is\\\/verslun\\\/blaeti\\\/typpidogpungurinn\\\/trixie-hunda-taumur-ledur\\\/#primaryimage\"},\"thumbnailUrl\":\"https:\\\/\\\/amina.is\\\/wp-content\\\/uploads\\\/2025\\\/08\\\/AMINA-vorumyndir-dokkur-bakgrunnur-17-1.jpg\",\"datePublished\":\"2025-08-05T17:40:19+00:00\",\"dateModified\":\"2025-08-05T17:53:25+00:00\",\"breadcrumb\":{\"@id\":\"https:\\\/\\\/amina.is\\\/verslun\\\/blaeti\\\/typpidogpungurinn\\\/trixie-hunda-taumur-ledur\\\/#breadcrumb\"},\"inLanguage\":\"en-US\",\"potentialAction\":[{\"@type\":\"ReadAction\",\"target\":[\"https:\\\/\\\/amina.is\\\/verslun\\\/blaeti\\\/typpidogpungurinn\\\/trixie-hunda-taumur-ledur\\\/\"]}]},{\"@type\":\"ImageObject\",\"inLanguage\":\"en-US\",\"@id\":\"https:\\\/\\\/amina.is\\\/verslun\\\/blaeti\\\/typpidogpungurinn\\\/trixie-hunda-taumur-ledur\\\/#primaryimage\",\"url\":\"https:\\\/\\\/amina.is\\\/wp-content\\\/uploads\\\/2025\\\/08\\\/AMINA-vorumyndir-dokkur-bakgrunnur-17-1.jpg\",\"contentUrl\":\"https:\\\/\\\/amina.is\\\/wp-content\\\/uploads\\\/2025\\\/08\\\/AMINA-vorumyndir-dokkur-bakgrunnur-17-1.jpg\",\"width\":1080,\"height\":1080},{\"@type\":\"BreadcrumbList\",\"@id\":\"https:\\\/\\\/amina.is\\\/verslun\\\/blaeti\\\/typpidogpungurinn\\\/trixie-hunda-taumur-ledur\\\/#breadcrumb\",\"itemListElement\":[{\"@type\":\"ListItem\",\"position\":1,\"name\":\"Home\",\"item\":\"https:\\\/\\\/amina.is\\\/\"},{\"@type\":\"ListItem\",\"position\":2,\"name\":\"Verslun\",\"item\":\"https:\\\/\\\/amina.is\\\/verslun\\\/\"},{\"@type\":\"ListItem\",\"position\":3,\"name\":\"Trixie &#8211; Hunda Taumur Le\u00f0ur\"}]},{\"@type\":\"WebSite\",\"@id\":\"https:\\\/\\\/amina.is\\\/#website\",\"url\":\"https:\\\/\\\/amina.is\\\/\",\"name\":\"Amina\",\"description\":\"Feeling is everything - Una\u00f0sv\u00f6rur fyrir alla\",\"publisher\":{\"@id\":\"https:\\\/\\\/amina.is\\\/#organization\"},\"potentialAction\":[{\"@type\":\"SearchAction\",\"target\":{\"@type\":\"EntryPoint\",\"urlTemplate\":\"https:\\\/\\\/amina.is\\\/?s={search_term_string}\"},\"query-input\":{\"@type\":\"PropertyValueSpecification\",\"valueRequired\":true,\"valueName\":\"search_term_string\"}}],\"inLanguage\":\"en-US\"},{\"@type\":\"Organization\",\"@id\":\"https:\\\/\\\/amina.is\\\/#organization\",\"name\":\"Amina\",\"url\":\"https:\\\/\\\/amina.is\\\/\",\"logo\":{\"@type\":\"ImageObject\",\"inLanguage\":\"en-US\",\"@id\":\"https:\\\/\\\/amina.is\\\/#\\\/schema\\\/logo\\\/image\\\/\",\"url\":\"https:\\\/\\\/amina.is\\\/wp-content\\\/uploads\\\/2021\\\/09\\\/logo.png\",\"contentUrl\":\"https:\\\/\\\/amina.is\\\/wp-content\\\/uploads\\\/2021\\\/09\\\/logo.png\",\"width\":1790,\"height\":464,\"caption\":\"Amina\"},\"image\":{\"@id\":\"https:\\\/\\\/amina.is\\\/#\\\/schema\\\/logo\\\/image\\\/\"},\"sameAs\":[\"https:\\\/\\\/m.facebook.com\\\/AMINA-100767148840241\\\/\",\"https:\\\/\\\/www.instagram.com\\\/aminaverslun\\\/\"]}]}<\/script>\n<!-- \/ Yoast SEO Premium plugin. -->","yoast_head_json":{"title":"Trixie - Hunda Taumur Le\u00f0ur &#8211; Amina","robots":{"index":"index","follow":"follow","max-snippet":"max-snippet:-1","max-image-preview":"max-image-preview:large","max-video-preview":"max-video-preview:-1"},"canonical":"https:\/\/amina.is\/en\/verslun\/blaeti\/typpidogpungurinn\/trixie-hunda-taumur-ledur\/","og_locale":"en_US","og_type":"article","og_title":"Trixie - Hunda Taumur Le\u00f0ur","og_description":"Hundataumur \u00far ekta le\u00f0ri.","og_url":"https:\/\/amina.is\/en\/verslun\/blaeti\/typpidogpungurinn\/trixie-hunda-taumur-ledur\/","og_site_name":"Amina","article_publisher":"https:\/\/m.facebook.com\/AMINA-100767148840241\/","article_modified_time":"2025-08-05T17:53:25+00:00","og_image":[{"width":1080,"height":1080,"url":"https:\/\/amina.is\/wp-content\/uploads\/2025\/08\/AMINA-vorumyndir-dokkur-bakgrunnur-17-1.jpg","type":"image\/jpeg"}],"twitter_card":"summary_large_image","twitter_misc":{"Est. reading time":"1 minute"},"schema":{"@context":"https:\/\/schema.org","@graph":[{"@type":"WebPage","@id":"https:\/\/amina.is\/verslun\/blaeti\/typpidogpungurinn\/trixie-hunda-taumur-ledur\/","url":"https:\/\/amina.is\/verslun\/blaeti\/typpidogpungurinn\/trixie-hunda-taumur-ledur\/","name":"Trixie - Hunda Taumur Le\u00f0ur &#8211; Amina","isPartOf":{"@id":"https:\/\/amina.is\/#website"},"primaryImageOfPage":{"@id":"https:\/\/amina.is\/verslun\/blaeti\/typpidogpungurinn\/trixie-hunda-taumur-ledur\/#primaryimage"},"image":{"@id":"https:\/\/amina.is\/verslun\/blaeti\/typpidogpungurinn\/trixie-hunda-taumur-ledur\/#primaryimage"},"thumbnailUrl":"https:\/\/amina.is\/wp-content\/uploads\/2025\/08\/AMINA-vorumyndir-dokkur-bakgrunnur-17-1.jpg","datePublished":"2025-08-05T17:40:19+00:00","dateModified":"2025-08-05T17:53:25+00:00","breadcrumb":{"@id":"https:\/\/amina.is\/verslun\/blaeti\/typpidogpungurinn\/trixie-hunda-taumur-ledur\/#breadcrumb"},"inLanguage":"en-US","potentialAction":[{"@type":"ReadAction","target":["https:\/\/amina.is\/verslun\/blaeti\/typpidogpungurinn\/trixie-hunda-taumur-ledur\/"]}]},{"@type":"ImageObject","inLanguage":"en-US","@id":"https:\/\/amina.is\/verslun\/blaeti\/typpidogpungurinn\/trixie-hunda-taumur-ledur\/#primaryimage","url":"https:\/\/amina.is\/wp-content\/uploads\/2025\/08\/AMINA-vorumyndir-dokkur-bakgrunnur-17-1.jpg","contentUrl":"https:\/\/amina.is\/wp-content\/uploads\/2025\/08\/AMINA-vorumyndir-dokkur-bakgrunnur-17-1.jpg","width":1080,"height":1080},{"@type":"BreadcrumbList","@id":"https:\/\/amina.is\/verslun\/blaeti\/typpidogpungurinn\/trixie-hunda-taumur-ledur\/#breadcrumb","itemListElement":[{"@type":"ListItem","position":1,"name":"Home","item":"https:\/\/amina.is\/"},{"@type":"ListItem","position":2,"name":"Verslun","item":"https:\/\/amina.is\/verslun\/"},{"@type":"ListItem","position":3,"name":"Trixie &#8211; Hunda Taumur Le\u00f0ur"}]},{"@type":"WebSite","@id":"https:\/\/amina.is\/#website","url":"https:\/\/amina.is\/","name":"Amina","description":"Feeling is everything - Una\u00f0sv\u00f6rur fyrir alla","publisher":{"@id":"https:\/\/amina.is\/#organization"},"potentialAction":[{"@type":"SearchAction","target":{"@type":"EntryPoint","urlTemplate":"https:\/\/amina.is\/?s={search_term_string}"},"query-input":{"@type":"PropertyValueSpecification","valueRequired":true,"valueName":"search_term_string"}}],"inLanguage":"en-US"},{"@type":"Organization","@id":"https:\/\/amina.is\/#organization","name":"Amina","url":"https:\/\/amina.is\/","logo":{"@type":"ImageObject","inLanguage":"en-US","@id":"https:\/\/amina.is\/#\/schema\/logo\/image\/","url":"https:\/\/amina.is\/wp-content\/uploads\/2021\/09\/logo.png","contentUrl":"https:\/\/amina.is\/wp-content\/uploads\/2021\/09\/logo.png","width":1790,"height":464,"caption":"Amina"},"image":{"@id":"https:\/\/amina.is\/#\/schema\/logo\/image\/"},"sameAs":["https:\/\/m.facebook.com\/AMINA-100767148840241\/","https:\/\/www.instagram.com\/aminaverslun\/"]}]}},"_links":{"self":[{"href":"https:\/\/amina.is\/en\/wp-json\/wp\/v2\/product\/12021","targetHints":{"allow":["GET"]}}],"collection":[{"href":"https:\/\/amina.is\/en\/wp-json\/wp\/v2\/product"}],"about":[{"href":"https:\/\/amina.is\/en\/wp-json\/wp\/v2\/types\/product"}],"version-history":[{"count":1,"href":"https:\/\/amina.is\/en\/wp-json\/wp\/v2\/product\/12021\/revisions"}],"predecessor-version":[{"id":12023,"href":"https:\/\/amina.is\/en\/wp-json\/wp\/v2\/product\/12021\/revisions\/12023"}],"wp:featuredmedia":[{"embeddable":true,"href":"https:\/\/amina.is\/en\/wp-json\/wp\/v2\/media\/12022"}],"wp:attachment":[{"href":"https:\/\/amina.is\/en\/wp-json\/wp\/v2\/media?parent=12021"}],"wp:term":[{"taxonomy":"product_brand","embeddable":true,"href":"https:\/\/amina.is\/en\/wp-json\/wp\/v2\/product_brand?post=12021"},{"taxonomy":"product_cat","embeddable":true,"href":"https:\/\/amina.is\/en\/wp-json\/wp\/v2\/product_cat?post=12021"},{"taxonomy":"product_tag","embeddable":true,"href":"https:\/\/amina.is\/en\/wp-json\/wp\/v2\/product_tag?post=12021"}],"curies":[{"name":"wp","href":"https:\/\/api.w.org\/{rel}","templated":true}]}}