{"id":12008,"date":"2025-08-05T14:59:41","date_gmt":"2025-08-05T14:59:41","guid":{"rendered":"https:\/\/amina.is\/?post_type=product&#038;p=12008"},"modified":"2025-08-05T15:23:30","modified_gmt":"2025-08-05T15:23:30","slug":"bang-nubbed-egg","status":"publish","type":"product","link":"https:\/\/amina.is\/en\/verslun\/pikan\/titrarar\/bang-nubbed-egg\/","title":{"rendered":"BANG &#8211; Nubbed Egg"},"content":{"rendered":"<h5>Kraftmiki\u00f0 rifla\u00f0 egg me\u00f0 \u00fer\u00e1\u00f0lausri fjarst\u00fdringu sem dregur r\u00fama 9 metra. Hvort sem \u00e6tlunin s\u00e9 a\u00f0 leika me\u00f0 f\u00e9laga e\u00f0a solo \u00fe\u00e1 \u00e1byrgjumst vi\u00f0 a\u00f0 \u00fe\u00fa munt skemmta \u00fe\u00e9r vel. 4 Styrkleikar og 7 Mismunandi mynstur.<\/h5>\n<h5>Eggi\u00f0 er votta\u00f0 IPX5 og \u00feolir \u00fev\u00ed t\u00f6luver\u00f0a bleytu, \u00fea\u00f0 m\u00e1 \u00fe\u00f3 ekki nota \u00fea\u00f0 \u00ed ba\u00f0i. M\u00e1 a\u00f0eins nota me\u00f0 vatnssleipiefnum.<\/h5>\n<h5>Lengd \u00e1 k\u00falu 7cm. Breidd 3cm. Eggi\u00f0 er hla\u00f0i\u00f0 me\u00f0 USB sn\u00faru sem fylgir. Fjarst\u00fdring gengur fyrir einni CR2032 rafhl\u00f6\u00f0u sem fylgir me\u00f0.<\/h5>","protected":false},"excerpt":{"rendered":"<p>Kraftmiki\u00f0 rifla\u00f0 egg me\u00f0 \u00fer\u00e1\u00f0lausri fjarst\u00fdringu.<\/p>","protected":false},"featured_media":12011,"template":"","meta":{"inline_featured_image":false},"product_brand":[],"product_cat":[41,42,43,44,900,899,883],"product_tag":[311,203,85,304,314,69,256,63,315,312,76,56],"class_list":{"0":"post-12008","1":"product","2":"type-product","3":"status-publish","4":"has-post-thumbnail","6":"product_cat-fyrir-tha","7":"product_cat-fyrir-thaer","8":"product_cat-fyrir-thau","9":"product_cat-pikan","10":"product_cat-notaahana","11":"product_cat-notaahann","12":"product_cat-titrarar","13":"product_tag-bang","14":"product_tag-black","15":"product_tag-egg","16":"product_tag-endatharmurinn","17":"product_tag-leggong","18":"product_tag-masturbation","19":"product_tag-partner","20":"product_tag-sjalfsfroun","21":"product_tag-snipur","22":"product_tag-solo","23":"product_tag-svart","24":"product_tag-vagina","26":"first","27":"instock","28":"shipping-taxable","29":"purchasable","30":"product-type-simple"},"yoast_head":"<!-- This site is optimized with the Yoast SEO Premium plugin v21.6 (Yoast SEO v27.3) - https:\/\/yoast.com\/product\/yoast-seo-premium-wordpress\/ -->\n<title>BANG - Nubbed Egg &#8211; Amina<\/title>\n<meta name=\"robots\" content=\"index, follow, max-snippet:-1, max-image-preview:large, max-video-preview:-1\" \/>\n<link rel=\"canonical\" href=\"https:\/\/amina.is\/en\/verslun\/pikan\/titrarar\/bang-nubbed-egg\/\" \/>\n<meta property=\"og:locale\" content=\"en_US\" \/>\n<meta property=\"og:type\" content=\"article\" \/>\n<meta property=\"og:title\" content=\"BANG - Nubbed Egg\" \/>\n<meta property=\"og:description\" content=\"Kraftmiki\u00f0 rifla\u00f0 egg me\u00f0 \u00fer\u00e1\u00f0lausri fjarst\u00fdringu.\" \/>\n<meta property=\"og:url\" content=\"https:\/\/amina.is\/en\/verslun\/pikan\/titrarar\/bang-nubbed-egg\/\" \/>\n<meta property=\"og:site_name\" content=\"Amina\" \/>\n<meta property=\"article:publisher\" content=\"https:\/\/m.facebook.com\/AMINA-100767148840241\/\" \/>\n<meta property=\"article:modified_time\" content=\"2025-08-05T15:23:30+00:00\" \/>\n<meta property=\"og:image\" content=\"https:\/\/amina.is\/wp-content\/uploads\/2025\/08\/AMINA-vorumyndir-dokkur-bakgrunnur-18.jpg\" \/>\n\t<meta property=\"og:image:width\" content=\"1080\" \/>\n\t<meta property=\"og:image:height\" content=\"1080\" \/>\n\t<meta property=\"og:image:type\" content=\"image\/jpeg\" \/>\n<meta name=\"twitter:card\" content=\"summary_large_image\" \/>\n<meta name=\"twitter:label1\" content=\"Est. reading time\" \/>\n\t<meta name=\"twitter:data1\" content=\"1 minute\" \/>\n<script type=\"application\/ld+json\" class=\"yoast-schema-graph\">{\"@context\":\"https:\\\/\\\/schema.org\",\"@graph\":[{\"@type\":\"WebPage\",\"@id\":\"https:\\\/\\\/amina.is\\\/verslun\\\/pikan\\\/titrarar\\\/bang-nubbed-egg\\\/\",\"url\":\"https:\\\/\\\/amina.is\\\/verslun\\\/pikan\\\/titrarar\\\/bang-nubbed-egg\\\/\",\"name\":\"BANG - Nubbed Egg &#8211; Amina\",\"isPartOf\":{\"@id\":\"https:\\\/\\\/amina.is\\\/#website\"},\"primaryImageOfPage\":{\"@id\":\"https:\\\/\\\/amina.is\\\/verslun\\\/pikan\\\/titrarar\\\/bang-nubbed-egg\\\/#primaryimage\"},\"image\":{\"@id\":\"https:\\\/\\\/amina.is\\\/verslun\\\/pikan\\\/titrarar\\\/bang-nubbed-egg\\\/#primaryimage\"},\"thumbnailUrl\":\"https:\\\/\\\/amina.is\\\/wp-content\\\/uploads\\\/2025\\\/08\\\/AMINA-vorumyndir-dokkur-bakgrunnur-18.jpg\",\"datePublished\":\"2025-08-05T14:59:41+00:00\",\"dateModified\":\"2025-08-05T15:23:30+00:00\",\"breadcrumb\":{\"@id\":\"https:\\\/\\\/amina.is\\\/verslun\\\/pikan\\\/titrarar\\\/bang-nubbed-egg\\\/#breadcrumb\"},\"inLanguage\":\"en-US\",\"potentialAction\":[{\"@type\":\"ReadAction\",\"target\":[\"https:\\\/\\\/amina.is\\\/verslun\\\/pikan\\\/titrarar\\\/bang-nubbed-egg\\\/\"]}]},{\"@type\":\"ImageObject\",\"inLanguage\":\"en-US\",\"@id\":\"https:\\\/\\\/amina.is\\\/verslun\\\/pikan\\\/titrarar\\\/bang-nubbed-egg\\\/#primaryimage\",\"url\":\"https:\\\/\\\/amina.is\\\/wp-content\\\/uploads\\\/2025\\\/08\\\/AMINA-vorumyndir-dokkur-bakgrunnur-18.jpg\",\"contentUrl\":\"https:\\\/\\\/amina.is\\\/wp-content\\\/uploads\\\/2025\\\/08\\\/AMINA-vorumyndir-dokkur-bakgrunnur-18.jpg\",\"width\":1080,\"height\":1080},{\"@type\":\"BreadcrumbList\",\"@id\":\"https:\\\/\\\/amina.is\\\/verslun\\\/pikan\\\/titrarar\\\/bang-nubbed-egg\\\/#breadcrumb\",\"itemListElement\":[{\"@type\":\"ListItem\",\"position\":1,\"name\":\"Home\",\"item\":\"https:\\\/\\\/amina.is\\\/\"},{\"@type\":\"ListItem\",\"position\":2,\"name\":\"Verslun\",\"item\":\"https:\\\/\\\/amina.is\\\/verslun\\\/\"},{\"@type\":\"ListItem\",\"position\":3,\"name\":\"BANG &#8211; Nubbed Egg\"}]},{\"@type\":\"WebSite\",\"@id\":\"https:\\\/\\\/amina.is\\\/#website\",\"url\":\"https:\\\/\\\/amina.is\\\/\",\"name\":\"Amina\",\"description\":\"Feeling is everything - Una\u00f0sv\u00f6rur fyrir alla\",\"publisher\":{\"@id\":\"https:\\\/\\\/amina.is\\\/#organization\"},\"potentialAction\":[{\"@type\":\"SearchAction\",\"target\":{\"@type\":\"EntryPoint\",\"urlTemplate\":\"https:\\\/\\\/amina.is\\\/?s={search_term_string}\"},\"query-input\":{\"@type\":\"PropertyValueSpecification\",\"valueRequired\":true,\"valueName\":\"search_term_string\"}}],\"inLanguage\":\"en-US\"},{\"@type\":\"Organization\",\"@id\":\"https:\\\/\\\/amina.is\\\/#organization\",\"name\":\"Amina\",\"url\":\"https:\\\/\\\/amina.is\\\/\",\"logo\":{\"@type\":\"ImageObject\",\"inLanguage\":\"en-US\",\"@id\":\"https:\\\/\\\/amina.is\\\/#\\\/schema\\\/logo\\\/image\\\/\",\"url\":\"https:\\\/\\\/amina.is\\\/wp-content\\\/uploads\\\/2021\\\/09\\\/logo.png\",\"contentUrl\":\"https:\\\/\\\/amina.is\\\/wp-content\\\/uploads\\\/2021\\\/09\\\/logo.png\",\"width\":1790,\"height\":464,\"caption\":\"Amina\"},\"image\":{\"@id\":\"https:\\\/\\\/amina.is\\\/#\\\/schema\\\/logo\\\/image\\\/\"},\"sameAs\":[\"https:\\\/\\\/m.facebook.com\\\/AMINA-100767148840241\\\/\",\"https:\\\/\\\/www.instagram.com\\\/aminaverslun\\\/\"]}]}<\/script>\n<!-- \/ Yoast SEO Premium plugin. -->","yoast_head_json":{"title":"BANG - Nubbed Egg &#8211; Amina","robots":{"index":"index","follow":"follow","max-snippet":"max-snippet:-1","max-image-preview":"max-image-preview:large","max-video-preview":"max-video-preview:-1"},"canonical":"https:\/\/amina.is\/en\/verslun\/pikan\/titrarar\/bang-nubbed-egg\/","og_locale":"en_US","og_type":"article","og_title":"BANG - Nubbed Egg","og_description":"Kraftmiki\u00f0 rifla\u00f0 egg me\u00f0 \u00fer\u00e1\u00f0lausri fjarst\u00fdringu.","og_url":"https:\/\/amina.is\/en\/verslun\/pikan\/titrarar\/bang-nubbed-egg\/","og_site_name":"Amina","article_publisher":"https:\/\/m.facebook.com\/AMINA-100767148840241\/","article_modified_time":"2025-08-05T15:23:30+00:00","og_image":[{"width":1080,"height":1080,"url":"https:\/\/amina.is\/wp-content\/uploads\/2025\/08\/AMINA-vorumyndir-dokkur-bakgrunnur-18.jpg","type":"image\/jpeg"}],"twitter_card":"summary_large_image","twitter_misc":{"Est. reading time":"1 minute"},"schema":{"@context":"https:\/\/schema.org","@graph":[{"@type":"WebPage","@id":"https:\/\/amina.is\/verslun\/pikan\/titrarar\/bang-nubbed-egg\/","url":"https:\/\/amina.is\/verslun\/pikan\/titrarar\/bang-nubbed-egg\/","name":"BANG - Nubbed Egg &#8211; Amina","isPartOf":{"@id":"https:\/\/amina.is\/#website"},"primaryImageOfPage":{"@id":"https:\/\/amina.is\/verslun\/pikan\/titrarar\/bang-nubbed-egg\/#primaryimage"},"image":{"@id":"https:\/\/amina.is\/verslun\/pikan\/titrarar\/bang-nubbed-egg\/#primaryimage"},"thumbnailUrl":"https:\/\/amina.is\/wp-content\/uploads\/2025\/08\/AMINA-vorumyndir-dokkur-bakgrunnur-18.jpg","datePublished":"2025-08-05T14:59:41+00:00","dateModified":"2025-08-05T15:23:30+00:00","breadcrumb":{"@id":"https:\/\/amina.is\/verslun\/pikan\/titrarar\/bang-nubbed-egg\/#breadcrumb"},"inLanguage":"en-US","potentialAction":[{"@type":"ReadAction","target":["https:\/\/amina.is\/verslun\/pikan\/titrarar\/bang-nubbed-egg\/"]}]},{"@type":"ImageObject","inLanguage":"en-US","@id":"https:\/\/amina.is\/verslun\/pikan\/titrarar\/bang-nubbed-egg\/#primaryimage","url":"https:\/\/amina.is\/wp-content\/uploads\/2025\/08\/AMINA-vorumyndir-dokkur-bakgrunnur-18.jpg","contentUrl":"https:\/\/amina.is\/wp-content\/uploads\/2025\/08\/AMINA-vorumyndir-dokkur-bakgrunnur-18.jpg","width":1080,"height":1080},{"@type":"BreadcrumbList","@id":"https:\/\/amina.is\/verslun\/pikan\/titrarar\/bang-nubbed-egg\/#breadcrumb","itemListElement":[{"@type":"ListItem","position":1,"name":"Home","item":"https:\/\/amina.is\/"},{"@type":"ListItem","position":2,"name":"Verslun","item":"https:\/\/amina.is\/verslun\/"},{"@type":"ListItem","position":3,"name":"BANG &#8211; Nubbed Egg"}]},{"@type":"WebSite","@id":"https:\/\/amina.is\/#website","url":"https:\/\/amina.is\/","name":"Amina","description":"Feeling is everything - Una\u00f0sv\u00f6rur fyrir alla","publisher":{"@id":"https:\/\/amina.is\/#organization"},"potentialAction":[{"@type":"SearchAction","target":{"@type":"EntryPoint","urlTemplate":"https:\/\/amina.is\/?s={search_term_string}"},"query-input":{"@type":"PropertyValueSpecification","valueRequired":true,"valueName":"search_term_string"}}],"inLanguage":"en-US"},{"@type":"Organization","@id":"https:\/\/amina.is\/#organization","name":"Amina","url":"https:\/\/amina.is\/","logo":{"@type":"ImageObject","inLanguage":"en-US","@id":"https:\/\/amina.is\/#\/schema\/logo\/image\/","url":"https:\/\/amina.is\/wp-content\/uploads\/2021\/09\/logo.png","contentUrl":"https:\/\/amina.is\/wp-content\/uploads\/2021\/09\/logo.png","width":1790,"height":464,"caption":"Amina"},"image":{"@id":"https:\/\/amina.is\/#\/schema\/logo\/image\/"},"sameAs":["https:\/\/m.facebook.com\/AMINA-100767148840241\/","https:\/\/www.instagram.com\/aminaverslun\/"]}]}},"_links":{"self":[{"href":"https:\/\/amina.is\/en\/wp-json\/wp\/v2\/product\/12008","targetHints":{"allow":["GET"]}}],"collection":[{"href":"https:\/\/amina.is\/en\/wp-json\/wp\/v2\/product"}],"about":[{"href":"https:\/\/amina.is\/en\/wp-json\/wp\/v2\/types\/product"}],"version-history":[{"count":1,"href":"https:\/\/amina.is\/en\/wp-json\/wp\/v2\/product\/12008\/revisions"}],"predecessor-version":[{"id":12014,"href":"https:\/\/amina.is\/en\/wp-json\/wp\/v2\/product\/12008\/revisions\/12014"}],"wp:featuredmedia":[{"embeddable":true,"href":"https:\/\/amina.is\/en\/wp-json\/wp\/v2\/media\/12011"}],"wp:attachment":[{"href":"https:\/\/amina.is\/en\/wp-json\/wp\/v2\/media?parent=12008"}],"wp:term":[{"taxonomy":"product_brand","embeddable":true,"href":"https:\/\/amina.is\/en\/wp-json\/wp\/v2\/product_brand?post=12008"},{"taxonomy":"product_cat","embeddable":true,"href":"https:\/\/amina.is\/en\/wp-json\/wp\/v2\/product_cat?post=12008"},{"taxonomy":"product_tag","embeddable":true,"href":"https:\/\/amina.is\/en\/wp-json\/wp\/v2\/product_tag?post=12008"}],"curies":[{"name":"wp","href":"https:\/\/api.w.org\/{rel}","templated":true}]}}