{"id":11971,"date":"2025-08-05T13:29:50","date_gmt":"2025-08-05T13:29:50","guid":{"rendered":"https:\/\/amina.is\/?post_type=product&#038;p=11971"},"modified":"2026-02-12T18:32:04","modified_gmt":"2026-02-12T18:32:04","slug":"creature-dragonspawn-silicone-butt-plug","status":"publish","type":"product","link":"https:\/\/amina.is\/en\/verslun\/blaeti\/rassinn-hollow-plugs-ofl\/creature-dragonspawn-silicone-butt-plug\/","title":{"rendered":"Creature &#8211; Dragonspawn Silicone Butt Plug"},"content":{"rendered":"<h5>K\u00falulaga\u00f0 drekaegg me\u00f0 sn\u00fanum og riflu\u00f0um hli\u00f0um fyrir h\u00e1marks \u00f6rvun. Eggi\u00f0 er gert \u00far mj\u00faku h\u00e1g\u00e6\u00f0a phthalate fr\u00edu s\u00edlikoni og er me\u00f0 brei\u00f0um botn sem gerir \u00fea\u00f0 \u00f6ruggt fyrir langvarandi leik. Noti\u00f0 einungis vatnsuppleysanleg sleipiefni me\u00f0 \u00feessari v\u00f6ru.<\/h5>\n<h5><strong>&#8222;MEDIUM&#8220; ST\u00c6R\u00d0:<\/strong> Heildarlengd: 9,8cm. Innsetjanleg lengd: 7,9cm. Brei\u00f0asti partur: 5,6cm.<\/h5>\n<h5><strong>&#8222;LARGE&#8220; ST\u00c6R\u00d0:<\/strong> Heildarlengd: 11,2cm.Innsetjanleg lengd: 9,2cm. Brei\u00f0asti partur: 6,4cm.<\/h5>\n<p>&nbsp;<\/p>\n<p>&nbsp;<\/p>","protected":false},"excerpt":{"rendered":"<p>Drekaegg me\u00f0 sn\u00fanum og riflu\u00f0um hli\u00f0um fyrir h\u00e1marks \u00f6rvun.<\/p>","protected":false},"featured_media":11975,"template":"","meta":{"inline_featured_image":false},"product_brand":[],"product_cat":[907,36,41,42,43,35,913],"product_tag":[61,781,263],"class_list":{"0":"post-11971","1":"product","2":"type-product","3":"status-publish","4":"has-post-thumbnail","6":"product_cat-buttplugs-og-titrarar","7":"product_cat-blaeti","8":"product_cat-fyrir-tha","9":"product_cat-fyrir-thaer","10":"product_cat-fyrir-thau","11":"product_cat-rassinn","12":"product_cat-rassinn-hollow-plugs-ofl","13":"product_tag-butt-plug","14":"product_tag-creature-cocks","15":"product_tag-rassinn","17":"first","18":"instock","19":"shipping-taxable","20":"purchasable","21":"product-type-variable"},"yoast_head":"<!-- This site is optimized with the Yoast SEO Premium plugin v21.6 (Yoast SEO v27.3) - https:\/\/yoast.com\/product\/yoast-seo-premium-wordpress\/ -->\n<title>Creature - Dragonspawn Silicone Butt Plug &#8211; Amina<\/title>\n<meta name=\"robots\" content=\"index, follow, max-snippet:-1, max-image-preview:large, max-video-preview:-1\" \/>\n<link rel=\"canonical\" href=\"https:\/\/amina.is\/en\/verslun\/blaeti\/rassinn-hollow-plugs-ofl\/creature-dragonspawn-silicone-butt-plug\/\" \/>\n<meta property=\"og:locale\" content=\"en_US\" \/>\n<meta property=\"og:type\" content=\"article\" \/>\n<meta property=\"og:title\" content=\"Creature - Dragonspawn Silicone Butt Plug\" \/>\n<meta property=\"og:description\" content=\"Drekaegg me\u00f0 sn\u00fanum og riflu\u00f0um hli\u00f0um fyrir h\u00e1marks \u00f6rvun.\" \/>\n<meta property=\"og:url\" content=\"https:\/\/amina.is\/en\/verslun\/blaeti\/rassinn-hollow-plugs-ofl\/creature-dragonspawn-silicone-butt-plug\/\" \/>\n<meta property=\"og:site_name\" content=\"Amina\" \/>\n<meta property=\"article:publisher\" content=\"https:\/\/m.facebook.com\/AMINA-100767148840241\/\" \/>\n<meta property=\"article:modified_time\" content=\"2026-02-12T18:32:04+00:00\" \/>\n<meta property=\"og:image\" content=\"https:\/\/amina.is\/wp-content\/uploads\/2025\/08\/AMINA-vorumyndir-dokkur-bakgrunnur-17.jpg\" \/>\n\t<meta property=\"og:image:width\" content=\"1080\" \/>\n\t<meta property=\"og:image:height\" content=\"1080\" \/>\n\t<meta property=\"og:image:type\" content=\"image\/jpeg\" \/>\n<meta name=\"twitter:card\" content=\"summary_large_image\" \/>\n<meta name=\"twitter:label1\" content=\"Est. reading time\" \/>\n\t<meta name=\"twitter:data1\" content=\"1 minute\" \/>\n<script type=\"application\/ld+json\" class=\"yoast-schema-graph\">{\"@context\":\"https:\\\/\\\/schema.org\",\"@graph\":[{\"@type\":\"WebPage\",\"@id\":\"https:\\\/\\\/amina.is\\\/verslun\\\/blaeti\\\/rassinn-hollow-plugs-ofl\\\/creature-dragonspawn-silicone-butt-plug\\\/\",\"url\":\"https:\\\/\\\/amina.is\\\/verslun\\\/blaeti\\\/rassinn-hollow-plugs-ofl\\\/creature-dragonspawn-silicone-butt-plug\\\/\",\"name\":\"Creature - Dragonspawn Silicone Butt Plug &#8211; Amina\",\"isPartOf\":{\"@id\":\"https:\\\/\\\/amina.is\\\/#website\"},\"primaryImageOfPage\":{\"@id\":\"https:\\\/\\\/amina.is\\\/verslun\\\/blaeti\\\/rassinn-hollow-plugs-ofl\\\/creature-dragonspawn-silicone-butt-plug\\\/#primaryimage\"},\"image\":{\"@id\":\"https:\\\/\\\/amina.is\\\/verslun\\\/blaeti\\\/rassinn-hollow-plugs-ofl\\\/creature-dragonspawn-silicone-butt-plug\\\/#primaryimage\"},\"thumbnailUrl\":\"https:\\\/\\\/amina.is\\\/wp-content\\\/uploads\\\/2025\\\/08\\\/AMINA-vorumyndir-dokkur-bakgrunnur-17.jpg\",\"datePublished\":\"2025-08-05T13:29:50+00:00\",\"dateModified\":\"2026-02-12T18:32:04+00:00\",\"breadcrumb\":{\"@id\":\"https:\\\/\\\/amina.is\\\/verslun\\\/blaeti\\\/rassinn-hollow-plugs-ofl\\\/creature-dragonspawn-silicone-butt-plug\\\/#breadcrumb\"},\"inLanguage\":\"en-US\",\"potentialAction\":[{\"@type\":\"ReadAction\",\"target\":[\"https:\\\/\\\/amina.is\\\/verslun\\\/blaeti\\\/rassinn-hollow-plugs-ofl\\\/creature-dragonspawn-silicone-butt-plug\\\/\"]}]},{\"@type\":\"ImageObject\",\"inLanguage\":\"en-US\",\"@id\":\"https:\\\/\\\/amina.is\\\/verslun\\\/blaeti\\\/rassinn-hollow-plugs-ofl\\\/creature-dragonspawn-silicone-butt-plug\\\/#primaryimage\",\"url\":\"https:\\\/\\\/amina.is\\\/wp-content\\\/uploads\\\/2025\\\/08\\\/AMINA-vorumyndir-dokkur-bakgrunnur-17.jpg\",\"contentUrl\":\"https:\\\/\\\/amina.is\\\/wp-content\\\/uploads\\\/2025\\\/08\\\/AMINA-vorumyndir-dokkur-bakgrunnur-17.jpg\",\"width\":1080,\"height\":1080},{\"@type\":\"BreadcrumbList\",\"@id\":\"https:\\\/\\\/amina.is\\\/verslun\\\/blaeti\\\/rassinn-hollow-plugs-ofl\\\/creature-dragonspawn-silicone-butt-plug\\\/#breadcrumb\",\"itemListElement\":[{\"@type\":\"ListItem\",\"position\":1,\"name\":\"Home\",\"item\":\"https:\\\/\\\/amina.is\\\/\"},{\"@type\":\"ListItem\",\"position\":2,\"name\":\"Verslun\",\"item\":\"https:\\\/\\\/amina.is\\\/verslun\\\/\"},{\"@type\":\"ListItem\",\"position\":3,\"name\":\"Creature &#8211; Dragonspawn Silicone Butt Plug\"}]},{\"@type\":\"WebSite\",\"@id\":\"https:\\\/\\\/amina.is\\\/#website\",\"url\":\"https:\\\/\\\/amina.is\\\/\",\"name\":\"Amina\",\"description\":\"Feeling is everything - Una\u00f0sv\u00f6rur fyrir alla\",\"publisher\":{\"@id\":\"https:\\\/\\\/amina.is\\\/#organization\"},\"potentialAction\":[{\"@type\":\"SearchAction\",\"target\":{\"@type\":\"EntryPoint\",\"urlTemplate\":\"https:\\\/\\\/amina.is\\\/?s={search_term_string}\"},\"query-input\":{\"@type\":\"PropertyValueSpecification\",\"valueRequired\":true,\"valueName\":\"search_term_string\"}}],\"inLanguage\":\"en-US\"},{\"@type\":\"Organization\",\"@id\":\"https:\\\/\\\/amina.is\\\/#organization\",\"name\":\"Amina\",\"url\":\"https:\\\/\\\/amina.is\\\/\",\"logo\":{\"@type\":\"ImageObject\",\"inLanguage\":\"en-US\",\"@id\":\"https:\\\/\\\/amina.is\\\/#\\\/schema\\\/logo\\\/image\\\/\",\"url\":\"https:\\\/\\\/amina.is\\\/wp-content\\\/uploads\\\/2021\\\/09\\\/logo.png\",\"contentUrl\":\"https:\\\/\\\/amina.is\\\/wp-content\\\/uploads\\\/2021\\\/09\\\/logo.png\",\"width\":1790,\"height\":464,\"caption\":\"Amina\"},\"image\":{\"@id\":\"https:\\\/\\\/amina.is\\\/#\\\/schema\\\/logo\\\/image\\\/\"},\"sameAs\":[\"https:\\\/\\\/m.facebook.com\\\/AMINA-100767148840241\\\/\",\"https:\\\/\\\/www.instagram.com\\\/aminaverslun\\\/\"]}]}<\/script>\n<!-- \/ Yoast SEO Premium plugin. -->","yoast_head_json":{"title":"Creature - Dragonspawn Silicone Butt Plug &#8211; Amina","robots":{"index":"index","follow":"follow","max-snippet":"max-snippet:-1","max-image-preview":"max-image-preview:large","max-video-preview":"max-video-preview:-1"},"canonical":"https:\/\/amina.is\/en\/verslun\/blaeti\/rassinn-hollow-plugs-ofl\/creature-dragonspawn-silicone-butt-plug\/","og_locale":"en_US","og_type":"article","og_title":"Creature - Dragonspawn Silicone Butt Plug","og_description":"Drekaegg me\u00f0 sn\u00fanum og riflu\u00f0um hli\u00f0um fyrir h\u00e1marks \u00f6rvun.","og_url":"https:\/\/amina.is\/en\/verslun\/blaeti\/rassinn-hollow-plugs-ofl\/creature-dragonspawn-silicone-butt-plug\/","og_site_name":"Amina","article_publisher":"https:\/\/m.facebook.com\/AMINA-100767148840241\/","article_modified_time":"2026-02-12T18:32:04+00:00","og_image":[{"width":1080,"height":1080,"url":"https:\/\/amina.is\/wp-content\/uploads\/2025\/08\/AMINA-vorumyndir-dokkur-bakgrunnur-17.jpg","type":"image\/jpeg"}],"twitter_card":"summary_large_image","twitter_misc":{"Est. reading time":"1 minute"},"schema":{"@context":"https:\/\/schema.org","@graph":[{"@type":"WebPage","@id":"https:\/\/amina.is\/verslun\/blaeti\/rassinn-hollow-plugs-ofl\/creature-dragonspawn-silicone-butt-plug\/","url":"https:\/\/amina.is\/verslun\/blaeti\/rassinn-hollow-plugs-ofl\/creature-dragonspawn-silicone-butt-plug\/","name":"Creature - Dragonspawn Silicone Butt Plug &#8211; Amina","isPartOf":{"@id":"https:\/\/amina.is\/#website"},"primaryImageOfPage":{"@id":"https:\/\/amina.is\/verslun\/blaeti\/rassinn-hollow-plugs-ofl\/creature-dragonspawn-silicone-butt-plug\/#primaryimage"},"image":{"@id":"https:\/\/amina.is\/verslun\/blaeti\/rassinn-hollow-plugs-ofl\/creature-dragonspawn-silicone-butt-plug\/#primaryimage"},"thumbnailUrl":"https:\/\/amina.is\/wp-content\/uploads\/2025\/08\/AMINA-vorumyndir-dokkur-bakgrunnur-17.jpg","datePublished":"2025-08-05T13:29:50+00:00","dateModified":"2026-02-12T18:32:04+00:00","breadcrumb":{"@id":"https:\/\/amina.is\/verslun\/blaeti\/rassinn-hollow-plugs-ofl\/creature-dragonspawn-silicone-butt-plug\/#breadcrumb"},"inLanguage":"en-US","potentialAction":[{"@type":"ReadAction","target":["https:\/\/amina.is\/verslun\/blaeti\/rassinn-hollow-plugs-ofl\/creature-dragonspawn-silicone-butt-plug\/"]}]},{"@type":"ImageObject","inLanguage":"en-US","@id":"https:\/\/amina.is\/verslun\/blaeti\/rassinn-hollow-plugs-ofl\/creature-dragonspawn-silicone-butt-plug\/#primaryimage","url":"https:\/\/amina.is\/wp-content\/uploads\/2025\/08\/AMINA-vorumyndir-dokkur-bakgrunnur-17.jpg","contentUrl":"https:\/\/amina.is\/wp-content\/uploads\/2025\/08\/AMINA-vorumyndir-dokkur-bakgrunnur-17.jpg","width":1080,"height":1080},{"@type":"BreadcrumbList","@id":"https:\/\/amina.is\/verslun\/blaeti\/rassinn-hollow-plugs-ofl\/creature-dragonspawn-silicone-butt-plug\/#breadcrumb","itemListElement":[{"@type":"ListItem","position":1,"name":"Home","item":"https:\/\/amina.is\/"},{"@type":"ListItem","position":2,"name":"Verslun","item":"https:\/\/amina.is\/verslun\/"},{"@type":"ListItem","position":3,"name":"Creature &#8211; Dragonspawn Silicone Butt Plug"}]},{"@type":"WebSite","@id":"https:\/\/amina.is\/#website","url":"https:\/\/amina.is\/","name":"Amina","description":"Feeling is everything - Una\u00f0sv\u00f6rur fyrir alla","publisher":{"@id":"https:\/\/amina.is\/#organization"},"potentialAction":[{"@type":"SearchAction","target":{"@type":"EntryPoint","urlTemplate":"https:\/\/amina.is\/?s={search_term_string}"},"query-input":{"@type":"PropertyValueSpecification","valueRequired":true,"valueName":"search_term_string"}}],"inLanguage":"en-US"},{"@type":"Organization","@id":"https:\/\/amina.is\/#organization","name":"Amina","url":"https:\/\/amina.is\/","logo":{"@type":"ImageObject","inLanguage":"en-US","@id":"https:\/\/amina.is\/#\/schema\/logo\/image\/","url":"https:\/\/amina.is\/wp-content\/uploads\/2021\/09\/logo.png","contentUrl":"https:\/\/amina.is\/wp-content\/uploads\/2021\/09\/logo.png","width":1790,"height":464,"caption":"Amina"},"image":{"@id":"https:\/\/amina.is\/#\/schema\/logo\/image\/"},"sameAs":["https:\/\/m.facebook.com\/AMINA-100767148840241\/","https:\/\/www.instagram.com\/aminaverslun\/"]}]}},"_links":{"self":[{"href":"https:\/\/amina.is\/en\/wp-json\/wp\/v2\/product\/11971","targetHints":{"allow":["GET"]}}],"collection":[{"href":"https:\/\/amina.is\/en\/wp-json\/wp\/v2\/product"}],"about":[{"href":"https:\/\/amina.is\/en\/wp-json\/wp\/v2\/types\/product"}],"version-history":[{"count":2,"href":"https:\/\/amina.is\/en\/wp-json\/wp\/v2\/product\/11971\/revisions"}],"predecessor-version":[{"id":11979,"href":"https:\/\/amina.is\/en\/wp-json\/wp\/v2\/product\/11971\/revisions\/11979"}],"wp:featuredmedia":[{"embeddable":true,"href":"https:\/\/amina.is\/en\/wp-json\/wp\/v2\/media\/11975"}],"wp:attachment":[{"href":"https:\/\/amina.is\/en\/wp-json\/wp\/v2\/media?parent=11971"}],"wp:term":[{"taxonomy":"product_brand","embeddable":true,"href":"https:\/\/amina.is\/en\/wp-json\/wp\/v2\/product_brand?post=11971"},{"taxonomy":"product_cat","embeddable":true,"href":"https:\/\/amina.is\/en\/wp-json\/wp\/v2\/product_cat?post=11971"},{"taxonomy":"product_tag","embeddable":true,"href":"https:\/\/amina.is\/en\/wp-json\/wp\/v2\/product_tag?post=11971"}],"curies":[{"name":"wp","href":"https:\/\/api.w.org\/{rel}","templated":true}]}}