{"id":11963,"date":"2025-07-31T12:06:23","date_gmt":"2025-07-31T12:06:23","guid":{"rendered":"https:\/\/amina.is\/?post_type=product&#038;p=11963"},"modified":"2025-08-05T13:33:51","modified_gmt":"2025-08-05T13:33:51","slug":"bang-mini-wand","status":"publish","type":"product","link":"https:\/\/amina.is\/en\/verslun\/typpid\/anndtyppid\/bang-mini-wand\/","title":{"rendered":"BANG &#8211; Mini Wand"},"content":{"rendered":"<h5>\u00d6flugur titringur en h\u00e6gt er a\u00f0 velja \u00e1 milli 7 mynstur og 3 mismunandi hra\u00f0astillingar. H\u00e6gt a\u00f0 nota \u00e1 p\u00edku\/sn\u00edp e\u00f0a sem \u00f6rvun \u00e1 typpi\u00f0 fyrir snertilausa fulln\u00e6ginu.<\/h5>\n<h5>V\u00f6ndurinn er fullkominn \u00ed fer\u00f0alagi\u00f0 e\u00f0a handt\u00f6skuna enda l\u00edtill og nettur. Breidd \u00e1 h\u00f6fu\u00f0 er 4cm. Heildarlengd \u00e1 t\u00e6ki er 11,4cm.<\/h5>\n<h5>H\u00e1g\u00e6\u00f0a s\u00edlikon og phthalate fr\u00edr.<\/h5>\n<h5>Noti\u00f0 a\u00f0eins vatnsuppleysanlegt sleipiefni me\u00f0 \u00feessari v\u00f6ru.<\/h5>\n<h5>Endurhla\u00f0anlegur og \u00feolir vatnsskvettur (Sta\u00f0all IPX5)<\/h5>","protected":false},"excerpt":{"rendered":"<p>Nettur og handh\u00e6gur titrari. Margar mismunandi stillingar.<\/p>","protected":false},"featured_media":11966,"template":"","meta":{"inline_featured_image":false},"product_brand":[],"product_cat":[882,42,43,885,44,900,897],"product_tag":[311,226,947,279,56,51,277],"class_list":{"0":"post-11963","1":"product","2":"type-product","3":"status-publish","4":"has-post-thumbnail","6":"product_cat-anndtyppid","7":"product_cat-fyrir-thaer","8":"product_cat-fyrir-thau","9":"product_cat-sogtaeki","10":"product_cat-pikan","11":"product_cat-notaahana","12":"product_cat-samand","13":"product_tag-bang","14":"product_tag-massage","15":"product_tag-nuddvondur","16":"product_tag-pikan","17":"product_tag-vagina","18":"product_tag-vibrarator","19":"product_tag-wand","21":"first","22":"instock","23":"shipping-taxable","24":"purchasable","25":"product-type-simple"},"yoast_head":"<!-- This site is optimized with the Yoast SEO Premium plugin v21.6 (Yoast SEO v27.3) - https:\/\/yoast.com\/product\/yoast-seo-premium-wordpress\/ -->\n<title>BANG - Mini Wand &#8211; Amina<\/title>\n<meta name=\"description\" content=\"\u00d6flugur m\u00edniv\u00f6ndur fyrir \u00feinn una\u00f0. Powerful silicon wand for your pleasure.\" \/>\n<meta name=\"robots\" content=\"index, follow, max-snippet:-1, max-image-preview:large, max-video-preview:-1\" \/>\n<link rel=\"canonical\" href=\"https:\/\/amina.is\/en\/verslun\/typpid\/anndtyppid\/bang-mini-wand\/\" \/>\n<meta property=\"og:locale\" content=\"en_US\" \/>\n<meta property=\"og:type\" content=\"article\" \/>\n<meta property=\"og:title\" content=\"BANG - Mini Wand\" \/>\n<meta property=\"og:description\" content=\"\u00d6flugur m\u00edniv\u00f6ndur fyrir \u00feinn una\u00f0. Powerful silicon wand for your pleasure.\" \/>\n<meta property=\"og:url\" content=\"https:\/\/amina.is\/en\/verslun\/typpid\/anndtyppid\/bang-mini-wand\/\" \/>\n<meta property=\"og:site_name\" content=\"Amina\" \/>\n<meta property=\"article:publisher\" content=\"https:\/\/m.facebook.com\/AMINA-100767148840241\/\" \/>\n<meta property=\"article:modified_time\" content=\"2025-08-05T13:33:51+00:00\" \/>\n<meta property=\"og:image\" content=\"https:\/\/amina.is\/wp-content\/uploads\/2025\/07\/AH205-Black_STD-MAIN_540x540.jpg\" \/>\n\t<meta property=\"og:image:width\" content=\"540\" \/>\n\t<meta property=\"og:image:height\" content=\"540\" \/>\n\t<meta property=\"og:image:type\" content=\"image\/jpeg\" \/>\n<meta name=\"twitter:card\" content=\"summary_large_image\" \/>\n<meta name=\"twitter:label1\" content=\"Est. reading time\" \/>\n\t<meta name=\"twitter:data1\" content=\"1 minute\" \/>\n<script type=\"application\/ld+json\" class=\"yoast-schema-graph\">{\"@context\":\"https:\\\/\\\/schema.org\",\"@graph\":[{\"@type\":\"WebPage\",\"@id\":\"https:\\\/\\\/amina.is\\\/verslun\\\/typpid\\\/anndtyppid\\\/bang-mini-wand\\\/\",\"url\":\"https:\\\/\\\/amina.is\\\/verslun\\\/typpid\\\/anndtyppid\\\/bang-mini-wand\\\/\",\"name\":\"BANG - Mini Wand &#8211; Amina\",\"isPartOf\":{\"@id\":\"https:\\\/\\\/amina.is\\\/#website\"},\"primaryImageOfPage\":{\"@id\":\"https:\\\/\\\/amina.is\\\/verslun\\\/typpid\\\/anndtyppid\\\/bang-mini-wand\\\/#primaryimage\"},\"image\":{\"@id\":\"https:\\\/\\\/amina.is\\\/verslun\\\/typpid\\\/anndtyppid\\\/bang-mini-wand\\\/#primaryimage\"},\"thumbnailUrl\":\"https:\\\/\\\/amina.is\\\/wp-content\\\/uploads\\\/2025\\\/07\\\/AH205-Black_STD-MAIN_540x540.jpg\",\"datePublished\":\"2025-07-31T12:06:23+00:00\",\"dateModified\":\"2025-08-05T13:33:51+00:00\",\"description\":\"\u00d6flugur m\u00edniv\u00f6ndur fyrir \u00feinn una\u00f0. Powerful silicon wand for your pleasure.\",\"breadcrumb\":{\"@id\":\"https:\\\/\\\/amina.is\\\/verslun\\\/typpid\\\/anndtyppid\\\/bang-mini-wand\\\/#breadcrumb\"},\"inLanguage\":\"en-US\",\"potentialAction\":[{\"@type\":\"ReadAction\",\"target\":[\"https:\\\/\\\/amina.is\\\/verslun\\\/typpid\\\/anndtyppid\\\/bang-mini-wand\\\/\"]}]},{\"@type\":\"ImageObject\",\"inLanguage\":\"en-US\",\"@id\":\"https:\\\/\\\/amina.is\\\/verslun\\\/typpid\\\/anndtyppid\\\/bang-mini-wand\\\/#primaryimage\",\"url\":\"https:\\\/\\\/amina.is\\\/wp-content\\\/uploads\\\/2025\\\/07\\\/AH205-Black_STD-MAIN_540x540.jpg\",\"contentUrl\":\"https:\\\/\\\/amina.is\\\/wp-content\\\/uploads\\\/2025\\\/07\\\/AH205-Black_STD-MAIN_540x540.jpg\",\"width\":540,\"height\":540},{\"@type\":\"BreadcrumbList\",\"@id\":\"https:\\\/\\\/amina.is\\\/verslun\\\/typpid\\\/anndtyppid\\\/bang-mini-wand\\\/#breadcrumb\",\"itemListElement\":[{\"@type\":\"ListItem\",\"position\":1,\"name\":\"Home\",\"item\":\"https:\\\/\\\/amina.is\\\/\"},{\"@type\":\"ListItem\",\"position\":2,\"name\":\"Verslun\",\"item\":\"https:\\\/\\\/amina.is\\\/verslun\\\/\"},{\"@type\":\"ListItem\",\"position\":3,\"name\":\"BANG &#8211; Mini Wand\"}]},{\"@type\":\"WebSite\",\"@id\":\"https:\\\/\\\/amina.is\\\/#website\",\"url\":\"https:\\\/\\\/amina.is\\\/\",\"name\":\"Amina\",\"description\":\"Feeling is everything - Una\u00f0sv\u00f6rur fyrir alla\",\"publisher\":{\"@id\":\"https:\\\/\\\/amina.is\\\/#organization\"},\"potentialAction\":[{\"@type\":\"SearchAction\",\"target\":{\"@type\":\"EntryPoint\",\"urlTemplate\":\"https:\\\/\\\/amina.is\\\/?s={search_term_string}\"},\"query-input\":{\"@type\":\"PropertyValueSpecification\",\"valueRequired\":true,\"valueName\":\"search_term_string\"}}],\"inLanguage\":\"en-US\"},{\"@type\":\"Organization\",\"@id\":\"https:\\\/\\\/amina.is\\\/#organization\",\"name\":\"Amina\",\"url\":\"https:\\\/\\\/amina.is\\\/\",\"logo\":{\"@type\":\"ImageObject\",\"inLanguage\":\"en-US\",\"@id\":\"https:\\\/\\\/amina.is\\\/#\\\/schema\\\/logo\\\/image\\\/\",\"url\":\"https:\\\/\\\/amina.is\\\/wp-content\\\/uploads\\\/2021\\\/09\\\/logo.png\",\"contentUrl\":\"https:\\\/\\\/amina.is\\\/wp-content\\\/uploads\\\/2021\\\/09\\\/logo.png\",\"width\":1790,\"height\":464,\"caption\":\"Amina\"},\"image\":{\"@id\":\"https:\\\/\\\/amina.is\\\/#\\\/schema\\\/logo\\\/image\\\/\"},\"sameAs\":[\"https:\\\/\\\/m.facebook.com\\\/AMINA-100767148840241\\\/\",\"https:\\\/\\\/www.instagram.com\\\/aminaverslun\\\/\"]}]}<\/script>\n<!-- \/ Yoast SEO Premium plugin. -->","yoast_head_json":{"title":"BANG - Mini Wand &#8211; Amina","description":"\u00d6flugur m\u00edniv\u00f6ndur fyrir \u00feinn una\u00f0. Powerful silicon wand for your pleasure.","robots":{"index":"index","follow":"follow","max-snippet":"max-snippet:-1","max-image-preview":"max-image-preview:large","max-video-preview":"max-video-preview:-1"},"canonical":"https:\/\/amina.is\/en\/verslun\/typpid\/anndtyppid\/bang-mini-wand\/","og_locale":"en_US","og_type":"article","og_title":"BANG - Mini Wand","og_description":"\u00d6flugur m\u00edniv\u00f6ndur fyrir \u00feinn una\u00f0. Powerful silicon wand for your pleasure.","og_url":"https:\/\/amina.is\/en\/verslun\/typpid\/anndtyppid\/bang-mini-wand\/","og_site_name":"Amina","article_publisher":"https:\/\/m.facebook.com\/AMINA-100767148840241\/","article_modified_time":"2025-08-05T13:33:51+00:00","og_image":[{"width":540,"height":540,"url":"https:\/\/amina.is\/wp-content\/uploads\/2025\/07\/AH205-Black_STD-MAIN_540x540.jpg","type":"image\/jpeg"}],"twitter_card":"summary_large_image","twitter_misc":{"Est. reading time":"1 minute"},"schema":{"@context":"https:\/\/schema.org","@graph":[{"@type":"WebPage","@id":"https:\/\/amina.is\/verslun\/typpid\/anndtyppid\/bang-mini-wand\/","url":"https:\/\/amina.is\/verslun\/typpid\/anndtyppid\/bang-mini-wand\/","name":"BANG - Mini Wand &#8211; Amina","isPartOf":{"@id":"https:\/\/amina.is\/#website"},"primaryImageOfPage":{"@id":"https:\/\/amina.is\/verslun\/typpid\/anndtyppid\/bang-mini-wand\/#primaryimage"},"image":{"@id":"https:\/\/amina.is\/verslun\/typpid\/anndtyppid\/bang-mini-wand\/#primaryimage"},"thumbnailUrl":"https:\/\/amina.is\/wp-content\/uploads\/2025\/07\/AH205-Black_STD-MAIN_540x540.jpg","datePublished":"2025-07-31T12:06:23+00:00","dateModified":"2025-08-05T13:33:51+00:00","description":"\u00d6flugur m\u00edniv\u00f6ndur fyrir \u00feinn una\u00f0. Powerful silicon wand for your pleasure.","breadcrumb":{"@id":"https:\/\/amina.is\/verslun\/typpid\/anndtyppid\/bang-mini-wand\/#breadcrumb"},"inLanguage":"en-US","potentialAction":[{"@type":"ReadAction","target":["https:\/\/amina.is\/verslun\/typpid\/anndtyppid\/bang-mini-wand\/"]}]},{"@type":"ImageObject","inLanguage":"en-US","@id":"https:\/\/amina.is\/verslun\/typpid\/anndtyppid\/bang-mini-wand\/#primaryimage","url":"https:\/\/amina.is\/wp-content\/uploads\/2025\/07\/AH205-Black_STD-MAIN_540x540.jpg","contentUrl":"https:\/\/amina.is\/wp-content\/uploads\/2025\/07\/AH205-Black_STD-MAIN_540x540.jpg","width":540,"height":540},{"@type":"BreadcrumbList","@id":"https:\/\/amina.is\/verslun\/typpid\/anndtyppid\/bang-mini-wand\/#breadcrumb","itemListElement":[{"@type":"ListItem","position":1,"name":"Home","item":"https:\/\/amina.is\/"},{"@type":"ListItem","position":2,"name":"Verslun","item":"https:\/\/amina.is\/verslun\/"},{"@type":"ListItem","position":3,"name":"BANG &#8211; Mini Wand"}]},{"@type":"WebSite","@id":"https:\/\/amina.is\/#website","url":"https:\/\/amina.is\/","name":"Amina","description":"Feeling is everything - Una\u00f0sv\u00f6rur fyrir alla","publisher":{"@id":"https:\/\/amina.is\/#organization"},"potentialAction":[{"@type":"SearchAction","target":{"@type":"EntryPoint","urlTemplate":"https:\/\/amina.is\/?s={search_term_string}"},"query-input":{"@type":"PropertyValueSpecification","valueRequired":true,"valueName":"search_term_string"}}],"inLanguage":"en-US"},{"@type":"Organization","@id":"https:\/\/amina.is\/#organization","name":"Amina","url":"https:\/\/amina.is\/","logo":{"@type":"ImageObject","inLanguage":"en-US","@id":"https:\/\/amina.is\/#\/schema\/logo\/image\/","url":"https:\/\/amina.is\/wp-content\/uploads\/2021\/09\/logo.png","contentUrl":"https:\/\/amina.is\/wp-content\/uploads\/2021\/09\/logo.png","width":1790,"height":464,"caption":"Amina"},"image":{"@id":"https:\/\/amina.is\/#\/schema\/logo\/image\/"},"sameAs":["https:\/\/m.facebook.com\/AMINA-100767148840241\/","https:\/\/www.instagram.com\/aminaverslun\/"]}]}},"_links":{"self":[{"href":"https:\/\/amina.is\/en\/wp-json\/wp\/v2\/product\/11963","targetHints":{"allow":["GET"]}}],"collection":[{"href":"https:\/\/amina.is\/en\/wp-json\/wp\/v2\/product"}],"about":[{"href":"https:\/\/amina.is\/en\/wp-json\/wp\/v2\/types\/product"}],"version-history":[{"count":4,"href":"https:\/\/amina.is\/en\/wp-json\/wp\/v2\/product\/11963\/revisions"}],"predecessor-version":[{"id":11978,"href":"https:\/\/amina.is\/en\/wp-json\/wp\/v2\/product\/11963\/revisions\/11978"}],"wp:featuredmedia":[{"embeddable":true,"href":"https:\/\/amina.is\/en\/wp-json\/wp\/v2\/media\/11966"}],"wp:attachment":[{"href":"https:\/\/amina.is\/en\/wp-json\/wp\/v2\/media?parent=11963"}],"wp:term":[{"taxonomy":"product_brand","embeddable":true,"href":"https:\/\/amina.is\/en\/wp-json\/wp\/v2\/product_brand?post=11963"},{"taxonomy":"product_cat","embeddable":true,"href":"https:\/\/amina.is\/en\/wp-json\/wp\/v2\/product_cat?post=11963"},{"taxonomy":"product_tag","embeddable":true,"href":"https:\/\/amina.is\/en\/wp-json\/wp\/v2\/product_tag?post=11963"}],"curies":[{"name":"wp","href":"https:\/\/api.w.org\/{rel}","templated":true}]}}