{"id":11933,"date":"2025-02-19T23:30:23","date_gmt":"2025-02-19T23:30:23","guid":{"rendered":"https:\/\/amina.is\/?post_type=product&#038;p=11933"},"modified":"2025-02-19T23:51:15","modified_gmt":"2025-02-19T23:51:15","slug":"master-series-typpapumpa","status":"publish","type":"product","link":"https:\/\/amina.is\/en\/verslun\/typpid\/pumpur\/master-series-typpapumpa\/","title":{"rendered":"Master Series &#8211; Typpa Pumpa"},"content":{"rendered":"<h5>Sj\u00e1lfvirk typpa pumpa fr\u00e1 Master Series me\u00f0 usb hle\u00f0slu. Smyr\u00f0u \u00f6rlitlu vatnssleipiefni \u00e1 g\u00famm\u00edhringinn \u00e1\u00f0ur en \u00fe\u00fa smeygir limnum inn \u00ed h\u00f3lkinn. Pumpan hj\u00e1lpar til vi\u00f0 a\u00f0 d\u00e6la bl\u00f3\u00f0i \u00ed liminn og getur lengt t\u00edmann sem \u00e1 holdrisi stendur. Pumpan b\u00fd\u00f0ur upp \u00e1 5 \u00ferep af sogi sem \u00fe\u00fa stj\u00f3rnar me\u00f0 pl\u00fas og m\u00ednus t\u00f6kkunum.<\/h5>\n<h5>Pumpan er 29cm. a\u00f0 lengd en innsetjanleg lengd er 20cm. Breidd er 6cm. en opi\u00f0 \u00e1 g\u00famm\u00edhringnum er 1,9cm \u00f3teygt.<\/h5>\n<h5>Efni: ABS og S\u00edlikon<\/h5>\n<h5>Litur: Gl\u00e6r<\/h5>","protected":false},"excerpt":{"rendered":"<p>Sj\u00e1lfvirk typpa pumpa fr\u00e1 Master Series<\/p>","protected":false},"featured_media":11936,"template":"","meta":{"inline_featured_image":false},"product_brand":[],"product_cat":[41,43,880,899,45],"product_tag":[64,82,81,301,83,298],"class_list":{"0":"post-11933","1":"product","2":"type-product","3":"status-publish","4":"has-post-thumbnail","6":"product_cat-fyrir-tha","7":"product_cat-fyrir-thau","8":"product_cat-pumpur","9":"product_cat-notaahann","10":"product_cat-typpid","11":"product_tag-penis","12":"product_tag-penis-pump","13":"product_tag-pump","14":"product_tag-pumpa","15":"product_tag-typpa-pumpa","16":"product_tag-typpid","18":"first","19":"instock","20":"shipping-taxable","21":"purchasable","22":"product-type-simple"},"yoast_head":"<!-- This site is optimized with the Yoast SEO Premium plugin v21.6 (Yoast SEO v27.4) - https:\/\/yoast.com\/product\/yoast-seo-premium-wordpress\/ -->\n<title>Master Series - Typpa Pumpa &#8211; Amina<\/title>\n<meta name=\"robots\" content=\"index, follow, max-snippet:-1, max-image-preview:large, max-video-preview:-1\" \/>\n<link rel=\"canonical\" href=\"https:\/\/amina.is\/en\/verslun\/typpid\/pumpur\/master-series-typpapumpa\/\" \/>\n<meta property=\"og:locale\" content=\"en_US\" \/>\n<meta property=\"og:type\" content=\"article\" \/>\n<meta property=\"og:title\" content=\"Master Series - Typpa Pumpa\" \/>\n<meta property=\"og:description\" content=\"Sj\u00e1lfvirk typpa pumpa fr\u00e1 Master Series\" \/>\n<meta property=\"og:url\" content=\"https:\/\/amina.is\/en\/verslun\/typpid\/pumpur\/master-series-typpapumpa\/\" \/>\n<meta property=\"og:site_name\" content=\"Amina\" \/>\n<meta property=\"article:publisher\" content=\"https:\/\/m.facebook.com\/AMINA-100767148840241\/\" \/>\n<meta property=\"article:modified_time\" content=\"2025-02-19T23:51:15+00:00\" \/>\n<meta property=\"og:image\" content=\"https:\/\/amina.is\/wp-content\/uploads\/2025\/02\/AMINA-vorumyndir-dokkur-bakgrunnur-16.jpg\" \/>\n\t<meta property=\"og:image:width\" content=\"1080\" \/>\n\t<meta property=\"og:image:height\" content=\"1080\" \/>\n\t<meta property=\"og:image:type\" content=\"image\/jpeg\" \/>\n<meta name=\"twitter:card\" content=\"summary_large_image\" \/>\n<meta name=\"twitter:label1\" content=\"Est. reading time\" \/>\n\t<meta name=\"twitter:data1\" content=\"1 minute\" \/>\n<script type=\"application\/ld+json\" class=\"yoast-schema-graph\">{\"@context\":\"https:\\\/\\\/schema.org\",\"@graph\":[{\"@type\":\"WebPage\",\"@id\":\"https:\\\/\\\/amina.is\\\/verslun\\\/typpid\\\/pumpur\\\/master-series-typpapumpa\\\/\",\"url\":\"https:\\\/\\\/amina.is\\\/verslun\\\/typpid\\\/pumpur\\\/master-series-typpapumpa\\\/\",\"name\":\"Master Series - Typpa Pumpa &#8211; Amina\",\"isPartOf\":{\"@id\":\"https:\\\/\\\/amina.is\\\/#website\"},\"primaryImageOfPage\":{\"@id\":\"https:\\\/\\\/amina.is\\\/verslun\\\/typpid\\\/pumpur\\\/master-series-typpapumpa\\\/#primaryimage\"},\"image\":{\"@id\":\"https:\\\/\\\/amina.is\\\/verslun\\\/typpid\\\/pumpur\\\/master-series-typpapumpa\\\/#primaryimage\"},\"thumbnailUrl\":\"https:\\\/\\\/amina.is\\\/wp-content\\\/uploads\\\/2025\\\/02\\\/AMINA-vorumyndir-dokkur-bakgrunnur-16.jpg\",\"datePublished\":\"2025-02-19T23:30:23+00:00\",\"dateModified\":\"2025-02-19T23:51:15+00:00\",\"breadcrumb\":{\"@id\":\"https:\\\/\\\/amina.is\\\/verslun\\\/typpid\\\/pumpur\\\/master-series-typpapumpa\\\/#breadcrumb\"},\"inLanguage\":\"en-US\",\"potentialAction\":[{\"@type\":\"ReadAction\",\"target\":[\"https:\\\/\\\/amina.is\\\/verslun\\\/typpid\\\/pumpur\\\/master-series-typpapumpa\\\/\"]}]},{\"@type\":\"ImageObject\",\"inLanguage\":\"en-US\",\"@id\":\"https:\\\/\\\/amina.is\\\/verslun\\\/typpid\\\/pumpur\\\/master-series-typpapumpa\\\/#primaryimage\",\"url\":\"https:\\\/\\\/amina.is\\\/wp-content\\\/uploads\\\/2025\\\/02\\\/AMINA-vorumyndir-dokkur-bakgrunnur-16.jpg\",\"contentUrl\":\"https:\\\/\\\/amina.is\\\/wp-content\\\/uploads\\\/2025\\\/02\\\/AMINA-vorumyndir-dokkur-bakgrunnur-16.jpg\",\"width\":1080,\"height\":1080},{\"@type\":\"BreadcrumbList\",\"@id\":\"https:\\\/\\\/amina.is\\\/verslun\\\/typpid\\\/pumpur\\\/master-series-typpapumpa\\\/#breadcrumb\",\"itemListElement\":[{\"@type\":\"ListItem\",\"position\":1,\"name\":\"Home\",\"item\":\"https:\\\/\\\/amina.is\\\/\"},{\"@type\":\"ListItem\",\"position\":2,\"name\":\"Verslun\",\"item\":\"https:\\\/\\\/amina.is\\\/verslun\\\/\"},{\"@type\":\"ListItem\",\"position\":3,\"name\":\"Master Series &#8211; Typpa Pumpa\"}]},{\"@type\":\"WebSite\",\"@id\":\"https:\\\/\\\/amina.is\\\/#website\",\"url\":\"https:\\\/\\\/amina.is\\\/\",\"name\":\"Amina\",\"description\":\"Feeling is everything - Una\u00f0sv\u00f6rur fyrir alla\",\"publisher\":{\"@id\":\"https:\\\/\\\/amina.is\\\/#organization\"},\"potentialAction\":[{\"@type\":\"SearchAction\",\"target\":{\"@type\":\"EntryPoint\",\"urlTemplate\":\"https:\\\/\\\/amina.is\\\/?s={search_term_string}\"},\"query-input\":{\"@type\":\"PropertyValueSpecification\",\"valueRequired\":true,\"valueName\":\"search_term_string\"}}],\"inLanguage\":\"en-US\"},{\"@type\":\"Organization\",\"@id\":\"https:\\\/\\\/amina.is\\\/#organization\",\"name\":\"Amina\",\"url\":\"https:\\\/\\\/amina.is\\\/\",\"logo\":{\"@type\":\"ImageObject\",\"inLanguage\":\"en-US\",\"@id\":\"https:\\\/\\\/amina.is\\\/#\\\/schema\\\/logo\\\/image\\\/\",\"url\":\"https:\\\/\\\/amina.is\\\/wp-content\\\/uploads\\\/2021\\\/09\\\/logo.png\",\"contentUrl\":\"https:\\\/\\\/amina.is\\\/wp-content\\\/uploads\\\/2021\\\/09\\\/logo.png\",\"width\":1790,\"height\":464,\"caption\":\"Amina\"},\"image\":{\"@id\":\"https:\\\/\\\/amina.is\\\/#\\\/schema\\\/logo\\\/image\\\/\"},\"sameAs\":[\"https:\\\/\\\/m.facebook.com\\\/AMINA-100767148840241\\\/\",\"https:\\\/\\\/www.instagram.com\\\/aminaverslun\\\/\"]}]}<\/script>\n<!-- \/ Yoast SEO Premium plugin. -->","yoast_head_json":{"title":"Master Series - Typpa Pumpa &#8211; Amina","robots":{"index":"index","follow":"follow","max-snippet":"max-snippet:-1","max-image-preview":"max-image-preview:large","max-video-preview":"max-video-preview:-1"},"canonical":"https:\/\/amina.is\/en\/verslun\/typpid\/pumpur\/master-series-typpapumpa\/","og_locale":"en_US","og_type":"article","og_title":"Master Series - Typpa Pumpa","og_description":"Sj\u00e1lfvirk typpa pumpa fr\u00e1 Master Series","og_url":"https:\/\/amina.is\/en\/verslun\/typpid\/pumpur\/master-series-typpapumpa\/","og_site_name":"Amina","article_publisher":"https:\/\/m.facebook.com\/AMINA-100767148840241\/","article_modified_time":"2025-02-19T23:51:15+00:00","og_image":[{"width":1080,"height":1080,"url":"https:\/\/amina.is\/wp-content\/uploads\/2025\/02\/AMINA-vorumyndir-dokkur-bakgrunnur-16.jpg","type":"image\/jpeg"}],"twitter_card":"summary_large_image","twitter_misc":{"Est. reading time":"1 minute"},"schema":{"@context":"https:\/\/schema.org","@graph":[{"@type":"WebPage","@id":"https:\/\/amina.is\/verslun\/typpid\/pumpur\/master-series-typpapumpa\/","url":"https:\/\/amina.is\/verslun\/typpid\/pumpur\/master-series-typpapumpa\/","name":"Master Series - Typpa Pumpa &#8211; Amina","isPartOf":{"@id":"https:\/\/amina.is\/#website"},"primaryImageOfPage":{"@id":"https:\/\/amina.is\/verslun\/typpid\/pumpur\/master-series-typpapumpa\/#primaryimage"},"image":{"@id":"https:\/\/amina.is\/verslun\/typpid\/pumpur\/master-series-typpapumpa\/#primaryimage"},"thumbnailUrl":"https:\/\/amina.is\/wp-content\/uploads\/2025\/02\/AMINA-vorumyndir-dokkur-bakgrunnur-16.jpg","datePublished":"2025-02-19T23:30:23+00:00","dateModified":"2025-02-19T23:51:15+00:00","breadcrumb":{"@id":"https:\/\/amina.is\/verslun\/typpid\/pumpur\/master-series-typpapumpa\/#breadcrumb"},"inLanguage":"en-US","potentialAction":[{"@type":"ReadAction","target":["https:\/\/amina.is\/verslun\/typpid\/pumpur\/master-series-typpapumpa\/"]}]},{"@type":"ImageObject","inLanguage":"en-US","@id":"https:\/\/amina.is\/verslun\/typpid\/pumpur\/master-series-typpapumpa\/#primaryimage","url":"https:\/\/amina.is\/wp-content\/uploads\/2025\/02\/AMINA-vorumyndir-dokkur-bakgrunnur-16.jpg","contentUrl":"https:\/\/amina.is\/wp-content\/uploads\/2025\/02\/AMINA-vorumyndir-dokkur-bakgrunnur-16.jpg","width":1080,"height":1080},{"@type":"BreadcrumbList","@id":"https:\/\/amina.is\/verslun\/typpid\/pumpur\/master-series-typpapumpa\/#breadcrumb","itemListElement":[{"@type":"ListItem","position":1,"name":"Home","item":"https:\/\/amina.is\/"},{"@type":"ListItem","position":2,"name":"Verslun","item":"https:\/\/amina.is\/verslun\/"},{"@type":"ListItem","position":3,"name":"Master Series &#8211; Typpa Pumpa"}]},{"@type":"WebSite","@id":"https:\/\/amina.is\/#website","url":"https:\/\/amina.is\/","name":"Amina","description":"Feeling is everything - Una\u00f0sv\u00f6rur fyrir alla","publisher":{"@id":"https:\/\/amina.is\/#organization"},"potentialAction":[{"@type":"SearchAction","target":{"@type":"EntryPoint","urlTemplate":"https:\/\/amina.is\/?s={search_term_string}"},"query-input":{"@type":"PropertyValueSpecification","valueRequired":true,"valueName":"search_term_string"}}],"inLanguage":"en-US"},{"@type":"Organization","@id":"https:\/\/amina.is\/#organization","name":"Amina","url":"https:\/\/amina.is\/","logo":{"@type":"ImageObject","inLanguage":"en-US","@id":"https:\/\/amina.is\/#\/schema\/logo\/image\/","url":"https:\/\/amina.is\/wp-content\/uploads\/2021\/09\/logo.png","contentUrl":"https:\/\/amina.is\/wp-content\/uploads\/2021\/09\/logo.png","width":1790,"height":464,"caption":"Amina"},"image":{"@id":"https:\/\/amina.is\/#\/schema\/logo\/image\/"},"sameAs":["https:\/\/m.facebook.com\/AMINA-100767148840241\/","https:\/\/www.instagram.com\/aminaverslun\/"]}]}},"_links":{"self":[{"href":"https:\/\/amina.is\/en\/wp-json\/wp\/v2\/product\/11933","targetHints":{"allow":["GET"]}}],"collection":[{"href":"https:\/\/amina.is\/en\/wp-json\/wp\/v2\/product"}],"about":[{"href":"https:\/\/amina.is\/en\/wp-json\/wp\/v2\/types\/product"}],"version-history":[{"count":5,"href":"https:\/\/amina.is\/en\/wp-json\/wp\/v2\/product\/11933\/revisions"}],"predecessor-version":[{"id":11946,"href":"https:\/\/amina.is\/en\/wp-json\/wp\/v2\/product\/11933\/revisions\/11946"}],"wp:featuredmedia":[{"embeddable":true,"href":"https:\/\/amina.is\/en\/wp-json\/wp\/v2\/media\/11936"}],"wp:attachment":[{"href":"https:\/\/amina.is\/en\/wp-json\/wp\/v2\/media?parent=11933"}],"wp:term":[{"taxonomy":"product_brand","embeddable":true,"href":"https:\/\/amina.is\/en\/wp-json\/wp\/v2\/product_brand?post=11933"},{"taxonomy":"product_cat","embeddable":true,"href":"https:\/\/amina.is\/en\/wp-json\/wp\/v2\/product_cat?post=11933"},{"taxonomy":"product_tag","embeddable":true,"href":"https:\/\/amina.is\/en\/wp-json\/wp\/v2\/product_tag?post=11933"}],"curies":[{"name":"wp","href":"https:\/\/api.w.org\/{rel}","templated":true}]}}