{"id":11927,"date":"2025-02-19T22:43:05","date_gmt":"2025-02-19T22:43:05","guid":{"rendered":"https:\/\/amina.is\/?post_type=product&#038;p=11927"},"modified":"2025-02-19T22:53:03","modified_gmt":"2025-02-19T22:53:03","slug":"jock-dark-bareskin-dildo-with-balls-18cm","status":"publish","type":"product","link":"https:\/\/amina.is\/en\/verslun\/pikan\/gervilimir\/jock-dark-bareskin-dildo-with-balls-18cm\/","title":{"rendered":"Jock &#8211; Dark Bareskin Dildo with Balls 18cm"},"content":{"rendered":"<h5>Mj\u00f6g raunverulegur gervilimur fr\u00e1 Jock. Hann er mj\u00fakur og ger\u00f0ur \u00far phthalate og latexfr\u00edu PVC efni. H\u00e6gt a\u00f0 nota me\u00f0 harnessi og \u00fea\u00f0 m\u00e1 nota b\u00e6\u00f0i <a href=\"https:\/\/amina.is\/en\/verslun\/fyrir-tha\/passion-water-based-lubricant-118ml\/\">vatnsleysanlegt<\/a> og <a href=\"https:\/\/amina.is\/en\/verslun\/fyrir-tha\/passion-premium-silicone-lubricant\/\">s\u00edlikon<\/a> sleipiefni me\u00f0 honum.<\/h5>\n<h5>Heildarlengd: 18cm. Innsetjanleg lengd: 15cm. Breidd: 5cm. Framleiddur \u00ed U.S.A.<\/h5>","protected":false},"excerpt":{"rendered":"<p>Mj\u00f6g raunverulegur gervilimur fr\u00e1 Jock. Hann er mj\u00fakur og ger\u00f0ur \u00far phthalate og latexfr\u00edu PVC efni.<\/p>","protected":false},"featured_media":11929,"template":"","meta":{"inline_featured_image":false},"product_brand":[],"product_cat":[41,42,43,884,906,44,35],"product_tag":[362,840,105,202,69,63],"class_list":{"0":"post-11927","1":"product","2":"type-product","3":"status-publish","4":"has-post-thumbnail","6":"product_cat-fyrir-tha","7":"product_cat-fyrir-thaer","8":"product_cat-fyrir-thau","9":"product_cat-gervilimir","10":"product_cat-gervilimirogegg","11":"product_cat-pikan","12":"product_cat-rassinn","13":"product_tag-dildo","14":"product_tag-gervilimur","15":"product_tag-harness","16":"product_tag-jock","17":"product_tag-masturbation","18":"product_tag-sjalfsfroun","20":"first","21":"instock","22":"shipping-taxable","23":"purchasable","24":"product-type-simple"},"yoast_head":"<!-- This site is optimized with the Yoast SEO Premium plugin v21.6 (Yoast SEO v27.4) - https:\/\/yoast.com\/product\/yoast-seo-premium-wordpress\/ -->\n<title>Jock - Dark Bareskin Dildo with Balls 18cm &#8211; Amina<\/title>\n<meta name=\"description\" content=\"Mj\u00f6g raunverulegur gervilimur fr\u00e1 Jock. Hann er mj\u00fakur og ger\u00f0ur \u00far phthalate og latexfr\u00edu PVC efni.\" \/>\n<meta name=\"robots\" content=\"index, follow, max-snippet:-1, max-image-preview:large, max-video-preview:-1\" \/>\n<link rel=\"canonical\" href=\"https:\/\/amina.is\/en\/verslun\/pikan\/gervilimir\/jock-dark-bareskin-dildo-with-balls-18cm\/\" \/>\n<meta property=\"og:locale\" content=\"en_US\" \/>\n<meta property=\"og:type\" content=\"article\" \/>\n<meta property=\"og:title\" content=\"Jock - Dark Bareskin Dildo with Balls 18cm\" \/>\n<meta property=\"og:description\" content=\"Mj\u00f6g raunverulegur gervilimur fr\u00e1 Jock. Hann er mj\u00fakur og ger\u00f0ur \u00far phthalate og latexfr\u00edu PVC efni.\" \/>\n<meta property=\"og:url\" content=\"https:\/\/amina.is\/en\/verslun\/pikan\/gervilimir\/jock-dark-bareskin-dildo-with-balls-18cm\/\" \/>\n<meta property=\"og:site_name\" content=\"Amina\" \/>\n<meta property=\"article:publisher\" content=\"https:\/\/m.facebook.com\/AMINA-100767148840241\/\" \/>\n<meta property=\"article:modified_time\" content=\"2025-02-19T22:53:03+00:00\" \/>\n<meta property=\"og:image\" content=\"https:\/\/amina.is\/wp-content\/uploads\/2025\/02\/AMINA-vorumyndir-dokkur-bakgrunnur-15.jpg\" \/>\n\t<meta property=\"og:image:width\" content=\"1080\" \/>\n\t<meta property=\"og:image:height\" content=\"1080\" \/>\n\t<meta property=\"og:image:type\" content=\"image\/jpeg\" \/>\n<meta name=\"twitter:card\" content=\"summary_large_image\" \/>\n<meta name=\"twitter:label1\" content=\"Est. reading time\" \/>\n\t<meta name=\"twitter:data1\" content=\"1 minute\" \/>\n<script type=\"application\/ld+json\" class=\"yoast-schema-graph\">{\"@context\":\"https:\\\/\\\/schema.org\",\"@graph\":[{\"@type\":\"WebPage\",\"@id\":\"https:\\\/\\\/amina.is\\\/verslun\\\/pikan\\\/gervilimir\\\/jock-dark-bareskin-dildo-with-balls-18cm\\\/\",\"url\":\"https:\\\/\\\/amina.is\\\/verslun\\\/pikan\\\/gervilimir\\\/jock-dark-bareskin-dildo-with-balls-18cm\\\/\",\"name\":\"Jock - Dark Bareskin Dildo with Balls 18cm &#8211; Amina\",\"isPartOf\":{\"@id\":\"https:\\\/\\\/amina.is\\\/#website\"},\"primaryImageOfPage\":{\"@id\":\"https:\\\/\\\/amina.is\\\/verslun\\\/pikan\\\/gervilimir\\\/jock-dark-bareskin-dildo-with-balls-18cm\\\/#primaryimage\"},\"image\":{\"@id\":\"https:\\\/\\\/amina.is\\\/verslun\\\/pikan\\\/gervilimir\\\/jock-dark-bareskin-dildo-with-balls-18cm\\\/#primaryimage\"},\"thumbnailUrl\":\"https:\\\/\\\/amina.is\\\/wp-content\\\/uploads\\\/2025\\\/02\\\/AMINA-vorumyndir-dokkur-bakgrunnur-15.jpg\",\"datePublished\":\"2025-02-19T22:43:05+00:00\",\"dateModified\":\"2025-02-19T22:53:03+00:00\",\"description\":\"Mj\u00f6g raunverulegur gervilimur fr\u00e1 Jock. Hann er mj\u00fakur og ger\u00f0ur \u00far phthalate og latexfr\u00edu PVC efni.\",\"breadcrumb\":{\"@id\":\"https:\\\/\\\/amina.is\\\/verslun\\\/pikan\\\/gervilimir\\\/jock-dark-bareskin-dildo-with-balls-18cm\\\/#breadcrumb\"},\"inLanguage\":\"en-US\",\"potentialAction\":[{\"@type\":\"ReadAction\",\"target\":[\"https:\\\/\\\/amina.is\\\/verslun\\\/pikan\\\/gervilimir\\\/jock-dark-bareskin-dildo-with-balls-18cm\\\/\"]}]},{\"@type\":\"ImageObject\",\"inLanguage\":\"en-US\",\"@id\":\"https:\\\/\\\/amina.is\\\/verslun\\\/pikan\\\/gervilimir\\\/jock-dark-bareskin-dildo-with-balls-18cm\\\/#primaryimage\",\"url\":\"https:\\\/\\\/amina.is\\\/wp-content\\\/uploads\\\/2025\\\/02\\\/AMINA-vorumyndir-dokkur-bakgrunnur-15.jpg\",\"contentUrl\":\"https:\\\/\\\/amina.is\\\/wp-content\\\/uploads\\\/2025\\\/02\\\/AMINA-vorumyndir-dokkur-bakgrunnur-15.jpg\",\"width\":1080,\"height\":1080},{\"@type\":\"BreadcrumbList\",\"@id\":\"https:\\\/\\\/amina.is\\\/verslun\\\/pikan\\\/gervilimir\\\/jock-dark-bareskin-dildo-with-balls-18cm\\\/#breadcrumb\",\"itemListElement\":[{\"@type\":\"ListItem\",\"position\":1,\"name\":\"Home\",\"item\":\"https:\\\/\\\/amina.is\\\/\"},{\"@type\":\"ListItem\",\"position\":2,\"name\":\"Verslun\",\"item\":\"https:\\\/\\\/amina.is\\\/verslun\\\/\"},{\"@type\":\"ListItem\",\"position\":3,\"name\":\"Jock &#8211; Dark Bareskin Dildo with Balls 18cm\"}]},{\"@type\":\"WebSite\",\"@id\":\"https:\\\/\\\/amina.is\\\/#website\",\"url\":\"https:\\\/\\\/amina.is\\\/\",\"name\":\"Amina\",\"description\":\"Feeling is everything - Una\u00f0sv\u00f6rur fyrir alla\",\"publisher\":{\"@id\":\"https:\\\/\\\/amina.is\\\/#organization\"},\"potentialAction\":[{\"@type\":\"SearchAction\",\"target\":{\"@type\":\"EntryPoint\",\"urlTemplate\":\"https:\\\/\\\/amina.is\\\/?s={search_term_string}\"},\"query-input\":{\"@type\":\"PropertyValueSpecification\",\"valueRequired\":true,\"valueName\":\"search_term_string\"}}],\"inLanguage\":\"en-US\"},{\"@type\":\"Organization\",\"@id\":\"https:\\\/\\\/amina.is\\\/#organization\",\"name\":\"Amina\",\"url\":\"https:\\\/\\\/amina.is\\\/\",\"logo\":{\"@type\":\"ImageObject\",\"inLanguage\":\"en-US\",\"@id\":\"https:\\\/\\\/amina.is\\\/#\\\/schema\\\/logo\\\/image\\\/\",\"url\":\"https:\\\/\\\/amina.is\\\/wp-content\\\/uploads\\\/2021\\\/09\\\/logo.png\",\"contentUrl\":\"https:\\\/\\\/amina.is\\\/wp-content\\\/uploads\\\/2021\\\/09\\\/logo.png\",\"width\":1790,\"height\":464,\"caption\":\"Amina\"},\"image\":{\"@id\":\"https:\\\/\\\/amina.is\\\/#\\\/schema\\\/logo\\\/image\\\/\"},\"sameAs\":[\"https:\\\/\\\/m.facebook.com\\\/AMINA-100767148840241\\\/\",\"https:\\\/\\\/www.instagram.com\\\/aminaverslun\\\/\"]}]}<\/script>\n<!-- \/ Yoast SEO Premium plugin. -->","yoast_head_json":{"title":"Jock - Dark Bareskin Dildo with Balls 18cm &#8211; Amina","description":"Mj\u00f6g raunverulegur gervilimur fr\u00e1 Jock. Hann er mj\u00fakur og ger\u00f0ur \u00far phthalate og latexfr\u00edu PVC efni.","robots":{"index":"index","follow":"follow","max-snippet":"max-snippet:-1","max-image-preview":"max-image-preview:large","max-video-preview":"max-video-preview:-1"},"canonical":"https:\/\/amina.is\/en\/verslun\/pikan\/gervilimir\/jock-dark-bareskin-dildo-with-balls-18cm\/","og_locale":"en_US","og_type":"article","og_title":"Jock - Dark Bareskin Dildo with Balls 18cm","og_description":"Mj\u00f6g raunverulegur gervilimur fr\u00e1 Jock. Hann er mj\u00fakur og ger\u00f0ur \u00far phthalate og latexfr\u00edu PVC efni.","og_url":"https:\/\/amina.is\/en\/verslun\/pikan\/gervilimir\/jock-dark-bareskin-dildo-with-balls-18cm\/","og_site_name":"Amina","article_publisher":"https:\/\/m.facebook.com\/AMINA-100767148840241\/","article_modified_time":"2025-02-19T22:53:03+00:00","og_image":[{"width":1080,"height":1080,"url":"https:\/\/amina.is\/wp-content\/uploads\/2025\/02\/AMINA-vorumyndir-dokkur-bakgrunnur-15.jpg","type":"image\/jpeg"}],"twitter_card":"summary_large_image","twitter_misc":{"Est. reading time":"1 minute"},"schema":{"@context":"https:\/\/schema.org","@graph":[{"@type":"WebPage","@id":"https:\/\/amina.is\/verslun\/pikan\/gervilimir\/jock-dark-bareskin-dildo-with-balls-18cm\/","url":"https:\/\/amina.is\/verslun\/pikan\/gervilimir\/jock-dark-bareskin-dildo-with-balls-18cm\/","name":"Jock - Dark Bareskin Dildo with Balls 18cm &#8211; Amina","isPartOf":{"@id":"https:\/\/amina.is\/#website"},"primaryImageOfPage":{"@id":"https:\/\/amina.is\/verslun\/pikan\/gervilimir\/jock-dark-bareskin-dildo-with-balls-18cm\/#primaryimage"},"image":{"@id":"https:\/\/amina.is\/verslun\/pikan\/gervilimir\/jock-dark-bareskin-dildo-with-balls-18cm\/#primaryimage"},"thumbnailUrl":"https:\/\/amina.is\/wp-content\/uploads\/2025\/02\/AMINA-vorumyndir-dokkur-bakgrunnur-15.jpg","datePublished":"2025-02-19T22:43:05+00:00","dateModified":"2025-02-19T22:53:03+00:00","description":"Mj\u00f6g raunverulegur gervilimur fr\u00e1 Jock. Hann er mj\u00fakur og ger\u00f0ur \u00far phthalate og latexfr\u00edu PVC efni.","breadcrumb":{"@id":"https:\/\/amina.is\/verslun\/pikan\/gervilimir\/jock-dark-bareskin-dildo-with-balls-18cm\/#breadcrumb"},"inLanguage":"en-US","potentialAction":[{"@type":"ReadAction","target":["https:\/\/amina.is\/verslun\/pikan\/gervilimir\/jock-dark-bareskin-dildo-with-balls-18cm\/"]}]},{"@type":"ImageObject","inLanguage":"en-US","@id":"https:\/\/amina.is\/verslun\/pikan\/gervilimir\/jock-dark-bareskin-dildo-with-balls-18cm\/#primaryimage","url":"https:\/\/amina.is\/wp-content\/uploads\/2025\/02\/AMINA-vorumyndir-dokkur-bakgrunnur-15.jpg","contentUrl":"https:\/\/amina.is\/wp-content\/uploads\/2025\/02\/AMINA-vorumyndir-dokkur-bakgrunnur-15.jpg","width":1080,"height":1080},{"@type":"BreadcrumbList","@id":"https:\/\/amina.is\/verslun\/pikan\/gervilimir\/jock-dark-bareskin-dildo-with-balls-18cm\/#breadcrumb","itemListElement":[{"@type":"ListItem","position":1,"name":"Home","item":"https:\/\/amina.is\/"},{"@type":"ListItem","position":2,"name":"Verslun","item":"https:\/\/amina.is\/verslun\/"},{"@type":"ListItem","position":3,"name":"Jock &#8211; Dark Bareskin Dildo with Balls 18cm"}]},{"@type":"WebSite","@id":"https:\/\/amina.is\/#website","url":"https:\/\/amina.is\/","name":"Amina","description":"Feeling is everything - Una\u00f0sv\u00f6rur fyrir alla","publisher":{"@id":"https:\/\/amina.is\/#organization"},"potentialAction":[{"@type":"SearchAction","target":{"@type":"EntryPoint","urlTemplate":"https:\/\/amina.is\/?s={search_term_string}"},"query-input":{"@type":"PropertyValueSpecification","valueRequired":true,"valueName":"search_term_string"}}],"inLanguage":"en-US"},{"@type":"Organization","@id":"https:\/\/amina.is\/#organization","name":"Amina","url":"https:\/\/amina.is\/","logo":{"@type":"ImageObject","inLanguage":"en-US","@id":"https:\/\/amina.is\/#\/schema\/logo\/image\/","url":"https:\/\/amina.is\/wp-content\/uploads\/2021\/09\/logo.png","contentUrl":"https:\/\/amina.is\/wp-content\/uploads\/2021\/09\/logo.png","width":1790,"height":464,"caption":"Amina"},"image":{"@id":"https:\/\/amina.is\/#\/schema\/logo\/image\/"},"sameAs":["https:\/\/m.facebook.com\/AMINA-100767148840241\/","https:\/\/www.instagram.com\/aminaverslun\/"]}]}},"_links":{"self":[{"href":"https:\/\/amina.is\/en\/wp-json\/wp\/v2\/product\/11927","targetHints":{"allow":["GET"]}}],"collection":[{"href":"https:\/\/amina.is\/en\/wp-json\/wp\/v2\/product"}],"about":[{"href":"https:\/\/amina.is\/en\/wp-json\/wp\/v2\/types\/product"}],"version-history":[{"count":1,"href":"https:\/\/amina.is\/en\/wp-json\/wp\/v2\/product\/11927\/revisions"}],"predecessor-version":[{"id":11931,"href":"https:\/\/amina.is\/en\/wp-json\/wp\/v2\/product\/11927\/revisions\/11931"}],"wp:featuredmedia":[{"embeddable":true,"href":"https:\/\/amina.is\/en\/wp-json\/wp\/v2\/media\/11929"}],"wp:attachment":[{"href":"https:\/\/amina.is\/en\/wp-json\/wp\/v2\/media?parent=11927"}],"wp:term":[{"taxonomy":"product_brand","embeddable":true,"href":"https:\/\/amina.is\/en\/wp-json\/wp\/v2\/product_brand?post=11927"},{"taxonomy":"product_cat","embeddable":true,"href":"https:\/\/amina.is\/en\/wp-json\/wp\/v2\/product_cat?post=11927"},{"taxonomy":"product_tag","embeddable":true,"href":"https:\/\/amina.is\/en\/wp-json\/wp\/v2\/product_tag?post=11927"}],"curies":[{"name":"wp","href":"https:\/\/api.w.org\/{rel}","templated":true}]}}