{"id":11735,"date":"2023-06-20T19:45:01","date_gmt":"2023-06-20T19:45:01","guid":{"rendered":"https:\/\/amina.is\/?post_type=product&#038;p=11735"},"modified":"2023-06-20T19:49:56","modified_gmt":"2023-06-20T19:49:56","slug":"one-ultra-feel-smokkar-i-stykkjatali-smokkur-sleipiefni","status":"publish","type":"product","link":"https:\/\/amina.is\/en\/verslun\/smur-verjur\/smokkar\/one-ultra-feel-smokkar-i-stykkjatali-smokkur-sleipiefni\/","title":{"rendered":"One Ultra Feel Smokkar \u00ed stykkjatali &#8211; Smokkur &#038; sleipiefni"},"content":{"rendered":"","protected":false},"excerpt":{"rendered":"<p>One Ultra Feel smokkur. Extra \u00feunnur smokkur og sleipiefni saman \u00ed pakka. Fullkomi\u00f0 til \u00feess a\u00f0 fer\u00f0ast me\u00f0 e\u00f0a \u00feegar \u00feig langar ekki til \u00feess a\u00f0 bur\u00f0ast me\u00f0 sleipiefnabr\u00fasann me\u00f0 \u00fe\u00e9r. Hef\u00f0bundin st\u00e6r\u00f0\/Fits most<\/p>","protected":false},"featured_media":11726,"template":"","meta":{"inline_featured_image":false},"product_brand":[],"product_cat":[882,909,47,45],"product_tag":[235,236,725,760,234,233],"class_list":{"0":"post-11735","1":"product","2":"type-product","3":"status-publish","4":"has-post-thumbnail","6":"product_cat-anndtyppid","7":"product_cat-smokkar","8":"product_cat-smur-verjur","9":"product_cat-typpid","10":"product_tag-condom","11":"product_tag-condoms","12":"product_tag-latex","13":"product_tag-lifestyles","14":"product_tag-smokkar","15":"product_tag-smokkur","17":"first","18":"instock","19":"shipping-taxable","20":"purchasable","21":"product-type-simple"},"yoast_head":"<!-- This site is optimized with the Yoast SEO Premium plugin v21.6 (Yoast SEO v27.4) - https:\/\/yoast.com\/product\/yoast-seo-premium-wordpress\/ -->\n<title>One Ultra Feel Smokkar \u00ed stykkjatali - Smokkur &amp; sleipiefni &#8211; Amina<\/title>\n<meta name=\"description\" content=\"Amina selur smokka \u00ed \u00fdmsum st\u00e6r\u00f0um og ger\u00f0um, \u00ed stykkjatali og p\u00f6kkum. Vi\u00f0 sv\u00f6rum \u00f6llum spurningum me\u00f0 \u00e1n\u00e6gju og a\u00f0sto\u00f0um eftir bestu getu.\" \/>\n<meta name=\"robots\" content=\"index, follow, max-snippet:-1, max-image-preview:large, max-video-preview:-1\" \/>\n<link rel=\"canonical\" href=\"https:\/\/amina.is\/en\/verslun\/smur-verjur\/smokkar\/one-ultra-feel-smokkar-i-stykkjatali-smokkur-sleipiefni\/\" \/>\n<meta property=\"og:locale\" content=\"en_US\" \/>\n<meta property=\"og:type\" content=\"article\" \/>\n<meta property=\"og:title\" content=\"One Ultra Feel Smokkar \u00ed stykkjatali - Smokkur &amp; sleipiefni\" \/>\n<meta property=\"og:description\" content=\"Amina selur smokka \u00ed \u00fdmsum st\u00e6r\u00f0um og ger\u00f0um, \u00ed stykkjatali og p\u00f6kkum. Vi\u00f0 sv\u00f6rum \u00f6llum spurningum me\u00f0 \u00e1n\u00e6gju og a\u00f0sto\u00f0um eftir bestu getu.\" \/>\n<meta property=\"og:url\" content=\"https:\/\/amina.is\/en\/verslun\/smur-verjur\/smokkar\/one-ultra-feel-smokkar-i-stykkjatali-smokkur-sleipiefni\/\" \/>\n<meta property=\"og:site_name\" content=\"Amina\" \/>\n<meta property=\"article:publisher\" content=\"https:\/\/m.facebook.com\/AMINA-100767148840241\/\" \/>\n<meta property=\"article:modified_time\" content=\"2023-06-20T19:49:56+00:00\" \/>\n<meta property=\"og:image\" content=\"https:\/\/amina.is\/wp-content\/uploads\/2023\/06\/ultrafeel.jpeg\" \/>\n\t<meta property=\"og:image:width\" content=\"300\" \/>\n\t<meta property=\"og:image:height\" content=\"300\" \/>\n\t<meta property=\"og:image:type\" content=\"image\/jpeg\" \/>\n<meta name=\"twitter:card\" content=\"summary_large_image\" \/>\n<script type=\"application\/ld+json\" class=\"yoast-schema-graph\">{\"@context\":\"https:\\\/\\\/schema.org\",\"@graph\":[{\"@type\":\"WebPage\",\"@id\":\"https:\\\/\\\/amina.is\\\/verslun\\\/smur-verjur\\\/smokkar\\\/one-ultra-feel-smokkar-i-stykkjatali-smokkur-sleipiefni\\\/\",\"url\":\"https:\\\/\\\/amina.is\\\/verslun\\\/smur-verjur\\\/smokkar\\\/one-ultra-feel-smokkar-i-stykkjatali-smokkur-sleipiefni\\\/\",\"name\":\"One Ultra Feel Smokkar \u00ed stykkjatali - Smokkur & sleipiefni &#8211; Amina\",\"isPartOf\":{\"@id\":\"https:\\\/\\\/amina.is\\\/#website\"},\"primaryImageOfPage\":{\"@id\":\"https:\\\/\\\/amina.is\\\/verslun\\\/smur-verjur\\\/smokkar\\\/one-ultra-feel-smokkar-i-stykkjatali-smokkur-sleipiefni\\\/#primaryimage\"},\"image\":{\"@id\":\"https:\\\/\\\/amina.is\\\/verslun\\\/smur-verjur\\\/smokkar\\\/one-ultra-feel-smokkar-i-stykkjatali-smokkur-sleipiefni\\\/#primaryimage\"},\"thumbnailUrl\":\"https:\\\/\\\/amina.is\\\/wp-content\\\/uploads\\\/2023\\\/06\\\/ultrafeel.jpeg\",\"datePublished\":\"2023-06-20T19:45:01+00:00\",\"dateModified\":\"2023-06-20T19:49:56+00:00\",\"description\":\"Amina selur smokka \u00ed \u00fdmsum st\u00e6r\u00f0um og ger\u00f0um, \u00ed stykkjatali og p\u00f6kkum. Vi\u00f0 sv\u00f6rum \u00f6llum spurningum me\u00f0 \u00e1n\u00e6gju og a\u00f0sto\u00f0um eftir bestu getu.\",\"breadcrumb\":{\"@id\":\"https:\\\/\\\/amina.is\\\/verslun\\\/smur-verjur\\\/smokkar\\\/one-ultra-feel-smokkar-i-stykkjatali-smokkur-sleipiefni\\\/#breadcrumb\"},\"inLanguage\":\"en-US\",\"potentialAction\":[{\"@type\":\"ReadAction\",\"target\":[\"https:\\\/\\\/amina.is\\\/verslun\\\/smur-verjur\\\/smokkar\\\/one-ultra-feel-smokkar-i-stykkjatali-smokkur-sleipiefni\\\/\"]}]},{\"@type\":\"ImageObject\",\"inLanguage\":\"en-US\",\"@id\":\"https:\\\/\\\/amina.is\\\/verslun\\\/smur-verjur\\\/smokkar\\\/one-ultra-feel-smokkar-i-stykkjatali-smokkur-sleipiefni\\\/#primaryimage\",\"url\":\"https:\\\/\\\/amina.is\\\/wp-content\\\/uploads\\\/2023\\\/06\\\/ultrafeel.jpeg\",\"contentUrl\":\"https:\\\/\\\/amina.is\\\/wp-content\\\/uploads\\\/2023\\\/06\\\/ultrafeel.jpeg\",\"width\":300,\"height\":300},{\"@type\":\"BreadcrumbList\",\"@id\":\"https:\\\/\\\/amina.is\\\/verslun\\\/smur-verjur\\\/smokkar\\\/one-ultra-feel-smokkar-i-stykkjatali-smokkur-sleipiefni\\\/#breadcrumb\",\"itemListElement\":[{\"@type\":\"ListItem\",\"position\":1,\"name\":\"Home\",\"item\":\"https:\\\/\\\/amina.is\\\/\"},{\"@type\":\"ListItem\",\"position\":2,\"name\":\"Verslun\",\"item\":\"https:\\\/\\\/amina.is\\\/verslun\\\/\"},{\"@type\":\"ListItem\",\"position\":3,\"name\":\"One Ultra Feel Smokkar \u00ed stykkjatali &#8211; Smokkur &#038; sleipiefni\"}]},{\"@type\":\"WebSite\",\"@id\":\"https:\\\/\\\/amina.is\\\/#website\",\"url\":\"https:\\\/\\\/amina.is\\\/\",\"name\":\"Amina\",\"description\":\"Feeling is everything - Una\u00f0sv\u00f6rur fyrir alla\",\"publisher\":{\"@id\":\"https:\\\/\\\/amina.is\\\/#organization\"},\"potentialAction\":[{\"@type\":\"SearchAction\",\"target\":{\"@type\":\"EntryPoint\",\"urlTemplate\":\"https:\\\/\\\/amina.is\\\/?s={search_term_string}\"},\"query-input\":{\"@type\":\"PropertyValueSpecification\",\"valueRequired\":true,\"valueName\":\"search_term_string\"}}],\"inLanguage\":\"en-US\"},{\"@type\":\"Organization\",\"@id\":\"https:\\\/\\\/amina.is\\\/#organization\",\"name\":\"Amina\",\"url\":\"https:\\\/\\\/amina.is\\\/\",\"logo\":{\"@type\":\"ImageObject\",\"inLanguage\":\"en-US\",\"@id\":\"https:\\\/\\\/amina.is\\\/#\\\/schema\\\/logo\\\/image\\\/\",\"url\":\"https:\\\/\\\/amina.is\\\/wp-content\\\/uploads\\\/2021\\\/09\\\/logo.png\",\"contentUrl\":\"https:\\\/\\\/amina.is\\\/wp-content\\\/uploads\\\/2021\\\/09\\\/logo.png\",\"width\":1790,\"height\":464,\"caption\":\"Amina\"},\"image\":{\"@id\":\"https:\\\/\\\/amina.is\\\/#\\\/schema\\\/logo\\\/image\\\/\"},\"sameAs\":[\"https:\\\/\\\/m.facebook.com\\\/AMINA-100767148840241\\\/\",\"https:\\\/\\\/www.instagram.com\\\/aminaverslun\\\/\"]}]}<\/script>\n<!-- \/ Yoast SEO Premium plugin. -->","yoast_head_json":{"title":"One Ultra Feel Smokkar \u00ed stykkjatali - Smokkur & sleipiefni &#8211; Amina","description":"Amina selur smokka \u00ed \u00fdmsum st\u00e6r\u00f0um og ger\u00f0um, \u00ed stykkjatali og p\u00f6kkum. Vi\u00f0 sv\u00f6rum \u00f6llum spurningum me\u00f0 \u00e1n\u00e6gju og a\u00f0sto\u00f0um eftir bestu getu.","robots":{"index":"index","follow":"follow","max-snippet":"max-snippet:-1","max-image-preview":"max-image-preview:large","max-video-preview":"max-video-preview:-1"},"canonical":"https:\/\/amina.is\/en\/verslun\/smur-verjur\/smokkar\/one-ultra-feel-smokkar-i-stykkjatali-smokkur-sleipiefni\/","og_locale":"en_US","og_type":"article","og_title":"One Ultra Feel Smokkar \u00ed stykkjatali - Smokkur & sleipiefni","og_description":"Amina selur smokka \u00ed \u00fdmsum st\u00e6r\u00f0um og ger\u00f0um, \u00ed stykkjatali og p\u00f6kkum. Vi\u00f0 sv\u00f6rum \u00f6llum spurningum me\u00f0 \u00e1n\u00e6gju og a\u00f0sto\u00f0um eftir bestu getu.","og_url":"https:\/\/amina.is\/en\/verslun\/smur-verjur\/smokkar\/one-ultra-feel-smokkar-i-stykkjatali-smokkur-sleipiefni\/","og_site_name":"Amina","article_publisher":"https:\/\/m.facebook.com\/AMINA-100767148840241\/","article_modified_time":"2023-06-20T19:49:56+00:00","og_image":[{"width":300,"height":300,"url":"https:\/\/amina.is\/wp-content\/uploads\/2023\/06\/ultrafeel.jpeg","type":"image\/jpeg"}],"twitter_card":"summary_large_image","schema":{"@context":"https:\/\/schema.org","@graph":[{"@type":"WebPage","@id":"https:\/\/amina.is\/verslun\/smur-verjur\/smokkar\/one-ultra-feel-smokkar-i-stykkjatali-smokkur-sleipiefni\/","url":"https:\/\/amina.is\/verslun\/smur-verjur\/smokkar\/one-ultra-feel-smokkar-i-stykkjatali-smokkur-sleipiefni\/","name":"One Ultra Feel Smokkar \u00ed stykkjatali - Smokkur & sleipiefni &#8211; Amina","isPartOf":{"@id":"https:\/\/amina.is\/#website"},"primaryImageOfPage":{"@id":"https:\/\/amina.is\/verslun\/smur-verjur\/smokkar\/one-ultra-feel-smokkar-i-stykkjatali-smokkur-sleipiefni\/#primaryimage"},"image":{"@id":"https:\/\/amina.is\/verslun\/smur-verjur\/smokkar\/one-ultra-feel-smokkar-i-stykkjatali-smokkur-sleipiefni\/#primaryimage"},"thumbnailUrl":"https:\/\/amina.is\/wp-content\/uploads\/2023\/06\/ultrafeel.jpeg","datePublished":"2023-06-20T19:45:01+00:00","dateModified":"2023-06-20T19:49:56+00:00","description":"Amina selur smokka \u00ed \u00fdmsum st\u00e6r\u00f0um og ger\u00f0um, \u00ed stykkjatali og p\u00f6kkum. Vi\u00f0 sv\u00f6rum \u00f6llum spurningum me\u00f0 \u00e1n\u00e6gju og a\u00f0sto\u00f0um eftir bestu getu.","breadcrumb":{"@id":"https:\/\/amina.is\/verslun\/smur-verjur\/smokkar\/one-ultra-feel-smokkar-i-stykkjatali-smokkur-sleipiefni\/#breadcrumb"},"inLanguage":"en-US","potentialAction":[{"@type":"ReadAction","target":["https:\/\/amina.is\/verslun\/smur-verjur\/smokkar\/one-ultra-feel-smokkar-i-stykkjatali-smokkur-sleipiefni\/"]}]},{"@type":"ImageObject","inLanguage":"en-US","@id":"https:\/\/amina.is\/verslun\/smur-verjur\/smokkar\/one-ultra-feel-smokkar-i-stykkjatali-smokkur-sleipiefni\/#primaryimage","url":"https:\/\/amina.is\/wp-content\/uploads\/2023\/06\/ultrafeel.jpeg","contentUrl":"https:\/\/amina.is\/wp-content\/uploads\/2023\/06\/ultrafeel.jpeg","width":300,"height":300},{"@type":"BreadcrumbList","@id":"https:\/\/amina.is\/verslun\/smur-verjur\/smokkar\/one-ultra-feel-smokkar-i-stykkjatali-smokkur-sleipiefni\/#breadcrumb","itemListElement":[{"@type":"ListItem","position":1,"name":"Home","item":"https:\/\/amina.is\/"},{"@type":"ListItem","position":2,"name":"Verslun","item":"https:\/\/amina.is\/verslun\/"},{"@type":"ListItem","position":3,"name":"One Ultra Feel Smokkar \u00ed stykkjatali &#8211; Smokkur &#038; sleipiefni"}]},{"@type":"WebSite","@id":"https:\/\/amina.is\/#website","url":"https:\/\/amina.is\/","name":"Amina","description":"Feeling is everything - Una\u00f0sv\u00f6rur fyrir alla","publisher":{"@id":"https:\/\/amina.is\/#organization"},"potentialAction":[{"@type":"SearchAction","target":{"@type":"EntryPoint","urlTemplate":"https:\/\/amina.is\/?s={search_term_string}"},"query-input":{"@type":"PropertyValueSpecification","valueRequired":true,"valueName":"search_term_string"}}],"inLanguage":"en-US"},{"@type":"Organization","@id":"https:\/\/amina.is\/#organization","name":"Amina","url":"https:\/\/amina.is\/","logo":{"@type":"ImageObject","inLanguage":"en-US","@id":"https:\/\/amina.is\/#\/schema\/logo\/image\/","url":"https:\/\/amina.is\/wp-content\/uploads\/2021\/09\/logo.png","contentUrl":"https:\/\/amina.is\/wp-content\/uploads\/2021\/09\/logo.png","width":1790,"height":464,"caption":"Amina"},"image":{"@id":"https:\/\/amina.is\/#\/schema\/logo\/image\/"},"sameAs":["https:\/\/m.facebook.com\/AMINA-100767148840241\/","https:\/\/www.instagram.com\/aminaverslun\/"]}]}},"_links":{"self":[{"href":"https:\/\/amina.is\/en\/wp-json\/wp\/v2\/product\/11735","targetHints":{"allow":["GET"]}}],"collection":[{"href":"https:\/\/amina.is\/en\/wp-json\/wp\/v2\/product"}],"about":[{"href":"https:\/\/amina.is\/en\/wp-json\/wp\/v2\/types\/product"}],"version-history":[{"count":1,"href":"https:\/\/amina.is\/en\/wp-json\/wp\/v2\/product\/11735\/revisions"}],"predecessor-version":[{"id":11736,"href":"https:\/\/amina.is\/en\/wp-json\/wp\/v2\/product\/11735\/revisions\/11736"}],"wp:featuredmedia":[{"embeddable":true,"href":"https:\/\/amina.is\/en\/wp-json\/wp\/v2\/media\/11726"}],"wp:attachment":[{"href":"https:\/\/amina.is\/en\/wp-json\/wp\/v2\/media?parent=11735"}],"wp:term":[{"taxonomy":"product_brand","embeddable":true,"href":"https:\/\/amina.is\/en\/wp-json\/wp\/v2\/product_brand?post=11735"},{"taxonomy":"product_cat","embeddable":true,"href":"https:\/\/amina.is\/en\/wp-json\/wp\/v2\/product_cat?post=11735"},{"taxonomy":"product_tag","embeddable":true,"href":"https:\/\/amina.is\/en\/wp-json\/wp\/v2\/product_tag?post=11735"}],"curies":[{"name":"wp","href":"https:\/\/api.w.org\/{rel}","templated":true}]}}