{"id":11643,"date":"2023-03-30T19:43:59","date_gmt":"2023-03-30T19:43:59","guid":{"rendered":"https:\/\/amina.is\/?post_type=product&#038;p=11643"},"modified":"2024-09-30T12:51:27","modified_gmt":"2024-09-30T12:51:27","slug":"master-series-stainless-steel-ball-stretcher-with-magnet","status":"publish","type":"product","link":"https:\/\/amina.is\/en\/verslun\/typpid\/pungurinn\/master-series-stainless-steel-ball-stretcher-with-magnet\/","title":{"rendered":"Master Series &#8211; Stainless Steel Ball Stretcher With magnet"},"content":{"rendered":"<h5>\u00deyngingarl\u00f3\u00f0 fyrir punginn. Tveir hlutar sem festast saman me\u00f0 segul. Gott er a\u00f0 fara \u00ed heita sturtu \u00e1\u00f0ur en l\u00f3\u00f0in eru sett \u00e1 til \u00feess a\u00f0 n\u00e1 fram h\u00e1marks sl\u00f6kun \u00ed pungnum. \u00deessi l\u00f3\u00f0 henta betur \u00feeim sem eru me\u00f0 s\u00ed\u00f0ari pung en \u00feeim sem eru me\u00f0 stuttan upp \u00e1 a\u00f0 koma l\u00f3\u00f0unum \u00e1. L\u00f3\u00f0in vega um 428gr. og eru \u00far ry\u00f0fr\u00edu st\u00e1li.<\/h5>\n<h5>Ytra \u00feverm\u00e1l: 5,7cm. Innra \u00feverm\u00e1l: 3,4cm.<\/h5>\n<p>&nbsp;<\/p>","protected":false},"excerpt":{"rendered":"<p>\u00deyngingarl\u00f3\u00f0 fyrir punginn. Tveir hlutar sem festast saman me\u00f0 segul.<\/p>","protected":false},"featured_media":11645,"template":"","meta":{"inline_featured_image":false},"product_brand":[],"product_cat":[36,881,45,901],"product_tag":[799,928,310,282],"class_list":{"0":"post-11643","1":"product","2":"type-product","3":"status-publish","4":"has-post-thumbnail","6":"product_cat-blaeti","7":"product_cat-pungurinn","8":"product_cat-typpid","9":"product_cat-typpidogpungurinn","10":"product_tag-ball-stretcher","11":"product_tag-ball-weight","12":"product_tag-master-series","13":"product_tag-pungurinn","15":"first","16":"instock","17":"shipping-taxable","18":"purchasable","19":"product-type-simple"},"yoast_head":"<!-- This site is optimized with the Yoast SEO Premium plugin v21.6 (Yoast SEO v27.4) - https:\/\/yoast.com\/product\/yoast-seo-premium-wordpress\/ -->\n<title>Master Series - Stainless Steel Ball Stretcher With magnet &#8211; Amina<\/title>\n<meta name=\"description\" content=\"\u00deyngingarl\u00f3\u00f0 fyrir punginn. Tveir hlutar sem festast saman me\u00f0 segul.\" \/>\n<meta name=\"robots\" content=\"index, follow, max-snippet:-1, max-image-preview:large, max-video-preview:-1\" \/>\n<link rel=\"canonical\" href=\"https:\/\/amina.is\/en\/verslun\/typpid\/pungurinn\/master-series-stainless-steel-ball-stretcher-with-magnet\/\" \/>\n<meta property=\"og:locale\" content=\"en_US\" \/>\n<meta property=\"og:type\" content=\"article\" \/>\n<meta property=\"og:title\" content=\"Master Series - Stainless Steel Ball Stretcher With magnet\" \/>\n<meta property=\"og:description\" content=\"\u00deyngingarl\u00f3\u00f0 fyrir punginn. Tveir hlutar sem festast saman me\u00f0 segul.\" \/>\n<meta property=\"og:url\" content=\"https:\/\/amina.is\/en\/verslun\/typpid\/pungurinn\/master-series-stainless-steel-ball-stretcher-with-magnet\/\" \/>\n<meta property=\"og:site_name\" content=\"Amina\" \/>\n<meta property=\"article:publisher\" content=\"https:\/\/m.facebook.com\/AMINA-100767148840241\/\" \/>\n<meta property=\"article:modified_time\" content=\"2024-09-30T12:51:27+00:00\" \/>\n<meta property=\"og:image\" content=\"https:\/\/amina.is\/wp-content\/uploads\/2023\/03\/AMINA-vorumyndir-hvitur-bakgrunnur-15.jpg\" \/>\n\t<meta property=\"og:image:width\" content=\"1080\" \/>\n\t<meta property=\"og:image:height\" content=\"1080\" \/>\n\t<meta property=\"og:image:type\" content=\"image\/jpeg\" \/>\n<meta name=\"twitter:card\" content=\"summary_large_image\" \/>\n<meta name=\"twitter:label1\" content=\"Est. reading time\" \/>\n\t<meta name=\"twitter:data1\" content=\"1 minute\" \/>\n<script type=\"application\/ld+json\" class=\"yoast-schema-graph\">{\"@context\":\"https:\\\/\\\/schema.org\",\"@graph\":[{\"@type\":\"WebPage\",\"@id\":\"https:\\\/\\\/amina.is\\\/verslun\\\/typpid\\\/pungurinn\\\/master-series-stainless-steel-ball-stretcher-with-magnet\\\/\",\"url\":\"https:\\\/\\\/amina.is\\\/verslun\\\/typpid\\\/pungurinn\\\/master-series-stainless-steel-ball-stretcher-with-magnet\\\/\",\"name\":\"Master Series - Stainless Steel Ball Stretcher With magnet &#8211; Amina\",\"isPartOf\":{\"@id\":\"https:\\\/\\\/amina.is\\\/#website\"},\"primaryImageOfPage\":{\"@id\":\"https:\\\/\\\/amina.is\\\/verslun\\\/typpid\\\/pungurinn\\\/master-series-stainless-steel-ball-stretcher-with-magnet\\\/#primaryimage\"},\"image\":{\"@id\":\"https:\\\/\\\/amina.is\\\/verslun\\\/typpid\\\/pungurinn\\\/master-series-stainless-steel-ball-stretcher-with-magnet\\\/#primaryimage\"},\"thumbnailUrl\":\"https:\\\/\\\/amina.is\\\/wp-content\\\/uploads\\\/2023\\\/03\\\/AMINA-vorumyndir-hvitur-bakgrunnur-15.jpg\",\"datePublished\":\"2023-03-30T19:43:59+00:00\",\"dateModified\":\"2024-09-30T12:51:27+00:00\",\"description\":\"\u00deyngingarl\u00f3\u00f0 fyrir punginn. Tveir hlutar sem festast saman me\u00f0 segul.\",\"breadcrumb\":{\"@id\":\"https:\\\/\\\/amina.is\\\/verslun\\\/typpid\\\/pungurinn\\\/master-series-stainless-steel-ball-stretcher-with-magnet\\\/#breadcrumb\"},\"inLanguage\":\"en-US\",\"potentialAction\":[{\"@type\":\"ReadAction\",\"target\":[\"https:\\\/\\\/amina.is\\\/verslun\\\/typpid\\\/pungurinn\\\/master-series-stainless-steel-ball-stretcher-with-magnet\\\/\"]}]},{\"@type\":\"ImageObject\",\"inLanguage\":\"en-US\",\"@id\":\"https:\\\/\\\/amina.is\\\/verslun\\\/typpid\\\/pungurinn\\\/master-series-stainless-steel-ball-stretcher-with-magnet\\\/#primaryimage\",\"url\":\"https:\\\/\\\/amina.is\\\/wp-content\\\/uploads\\\/2023\\\/03\\\/AMINA-vorumyndir-hvitur-bakgrunnur-15.jpg\",\"contentUrl\":\"https:\\\/\\\/amina.is\\\/wp-content\\\/uploads\\\/2023\\\/03\\\/AMINA-vorumyndir-hvitur-bakgrunnur-15.jpg\",\"width\":1080,\"height\":1080},{\"@type\":\"BreadcrumbList\",\"@id\":\"https:\\\/\\\/amina.is\\\/verslun\\\/typpid\\\/pungurinn\\\/master-series-stainless-steel-ball-stretcher-with-magnet\\\/#breadcrumb\",\"itemListElement\":[{\"@type\":\"ListItem\",\"position\":1,\"name\":\"Home\",\"item\":\"https:\\\/\\\/amina.is\\\/\"},{\"@type\":\"ListItem\",\"position\":2,\"name\":\"Verslun\",\"item\":\"https:\\\/\\\/amina.is\\\/verslun\\\/\"},{\"@type\":\"ListItem\",\"position\":3,\"name\":\"Master Series &#8211; Stainless Steel Ball Stretcher With magnet\"}]},{\"@type\":\"WebSite\",\"@id\":\"https:\\\/\\\/amina.is\\\/#website\",\"url\":\"https:\\\/\\\/amina.is\\\/\",\"name\":\"Amina\",\"description\":\"Feeling is everything - Una\u00f0sv\u00f6rur fyrir alla\",\"publisher\":{\"@id\":\"https:\\\/\\\/amina.is\\\/#organization\"},\"potentialAction\":[{\"@type\":\"SearchAction\",\"target\":{\"@type\":\"EntryPoint\",\"urlTemplate\":\"https:\\\/\\\/amina.is\\\/?s={search_term_string}\"},\"query-input\":{\"@type\":\"PropertyValueSpecification\",\"valueRequired\":true,\"valueName\":\"search_term_string\"}}],\"inLanguage\":\"en-US\"},{\"@type\":\"Organization\",\"@id\":\"https:\\\/\\\/amina.is\\\/#organization\",\"name\":\"Amina\",\"url\":\"https:\\\/\\\/amina.is\\\/\",\"logo\":{\"@type\":\"ImageObject\",\"inLanguage\":\"en-US\",\"@id\":\"https:\\\/\\\/amina.is\\\/#\\\/schema\\\/logo\\\/image\\\/\",\"url\":\"https:\\\/\\\/amina.is\\\/wp-content\\\/uploads\\\/2021\\\/09\\\/logo.png\",\"contentUrl\":\"https:\\\/\\\/amina.is\\\/wp-content\\\/uploads\\\/2021\\\/09\\\/logo.png\",\"width\":1790,\"height\":464,\"caption\":\"Amina\"},\"image\":{\"@id\":\"https:\\\/\\\/amina.is\\\/#\\\/schema\\\/logo\\\/image\\\/\"},\"sameAs\":[\"https:\\\/\\\/m.facebook.com\\\/AMINA-100767148840241\\\/\",\"https:\\\/\\\/www.instagram.com\\\/aminaverslun\\\/\"]}]}<\/script>\n<!-- \/ Yoast SEO Premium plugin. -->","yoast_head_json":{"title":"Master Series - Stainless Steel Ball Stretcher With magnet &#8211; Amina","description":"\u00deyngingarl\u00f3\u00f0 fyrir punginn. Tveir hlutar sem festast saman me\u00f0 segul.","robots":{"index":"index","follow":"follow","max-snippet":"max-snippet:-1","max-image-preview":"max-image-preview:large","max-video-preview":"max-video-preview:-1"},"canonical":"https:\/\/amina.is\/en\/verslun\/typpid\/pungurinn\/master-series-stainless-steel-ball-stretcher-with-magnet\/","og_locale":"en_US","og_type":"article","og_title":"Master Series - Stainless Steel Ball Stretcher With magnet","og_description":"\u00deyngingarl\u00f3\u00f0 fyrir punginn. Tveir hlutar sem festast saman me\u00f0 segul.","og_url":"https:\/\/amina.is\/en\/verslun\/typpid\/pungurinn\/master-series-stainless-steel-ball-stretcher-with-magnet\/","og_site_name":"Amina","article_publisher":"https:\/\/m.facebook.com\/AMINA-100767148840241\/","article_modified_time":"2024-09-30T12:51:27+00:00","og_image":[{"width":1080,"height":1080,"url":"https:\/\/amina.is\/wp-content\/uploads\/2023\/03\/AMINA-vorumyndir-hvitur-bakgrunnur-15.jpg","type":"image\/jpeg"}],"twitter_card":"summary_large_image","twitter_misc":{"Est. reading time":"1 minute"},"schema":{"@context":"https:\/\/schema.org","@graph":[{"@type":"WebPage","@id":"https:\/\/amina.is\/verslun\/typpid\/pungurinn\/master-series-stainless-steel-ball-stretcher-with-magnet\/","url":"https:\/\/amina.is\/verslun\/typpid\/pungurinn\/master-series-stainless-steel-ball-stretcher-with-magnet\/","name":"Master Series - Stainless Steel Ball Stretcher With magnet &#8211; Amina","isPartOf":{"@id":"https:\/\/amina.is\/#website"},"primaryImageOfPage":{"@id":"https:\/\/amina.is\/verslun\/typpid\/pungurinn\/master-series-stainless-steel-ball-stretcher-with-magnet\/#primaryimage"},"image":{"@id":"https:\/\/amina.is\/verslun\/typpid\/pungurinn\/master-series-stainless-steel-ball-stretcher-with-magnet\/#primaryimage"},"thumbnailUrl":"https:\/\/amina.is\/wp-content\/uploads\/2023\/03\/AMINA-vorumyndir-hvitur-bakgrunnur-15.jpg","datePublished":"2023-03-30T19:43:59+00:00","dateModified":"2024-09-30T12:51:27+00:00","description":"\u00deyngingarl\u00f3\u00f0 fyrir punginn. Tveir hlutar sem festast saman me\u00f0 segul.","breadcrumb":{"@id":"https:\/\/amina.is\/verslun\/typpid\/pungurinn\/master-series-stainless-steel-ball-stretcher-with-magnet\/#breadcrumb"},"inLanguage":"en-US","potentialAction":[{"@type":"ReadAction","target":["https:\/\/amina.is\/verslun\/typpid\/pungurinn\/master-series-stainless-steel-ball-stretcher-with-magnet\/"]}]},{"@type":"ImageObject","inLanguage":"en-US","@id":"https:\/\/amina.is\/verslun\/typpid\/pungurinn\/master-series-stainless-steel-ball-stretcher-with-magnet\/#primaryimage","url":"https:\/\/amina.is\/wp-content\/uploads\/2023\/03\/AMINA-vorumyndir-hvitur-bakgrunnur-15.jpg","contentUrl":"https:\/\/amina.is\/wp-content\/uploads\/2023\/03\/AMINA-vorumyndir-hvitur-bakgrunnur-15.jpg","width":1080,"height":1080},{"@type":"BreadcrumbList","@id":"https:\/\/amina.is\/verslun\/typpid\/pungurinn\/master-series-stainless-steel-ball-stretcher-with-magnet\/#breadcrumb","itemListElement":[{"@type":"ListItem","position":1,"name":"Home","item":"https:\/\/amina.is\/"},{"@type":"ListItem","position":2,"name":"Verslun","item":"https:\/\/amina.is\/verslun\/"},{"@type":"ListItem","position":3,"name":"Master Series &#8211; Stainless Steel Ball Stretcher With magnet"}]},{"@type":"WebSite","@id":"https:\/\/amina.is\/#website","url":"https:\/\/amina.is\/","name":"Amina","description":"Feeling is everything - Una\u00f0sv\u00f6rur fyrir alla","publisher":{"@id":"https:\/\/amina.is\/#organization"},"potentialAction":[{"@type":"SearchAction","target":{"@type":"EntryPoint","urlTemplate":"https:\/\/amina.is\/?s={search_term_string}"},"query-input":{"@type":"PropertyValueSpecification","valueRequired":true,"valueName":"search_term_string"}}],"inLanguage":"en-US"},{"@type":"Organization","@id":"https:\/\/amina.is\/#organization","name":"Amina","url":"https:\/\/amina.is\/","logo":{"@type":"ImageObject","inLanguage":"en-US","@id":"https:\/\/amina.is\/#\/schema\/logo\/image\/","url":"https:\/\/amina.is\/wp-content\/uploads\/2021\/09\/logo.png","contentUrl":"https:\/\/amina.is\/wp-content\/uploads\/2021\/09\/logo.png","width":1790,"height":464,"caption":"Amina"},"image":{"@id":"https:\/\/amina.is\/#\/schema\/logo\/image\/"},"sameAs":["https:\/\/m.facebook.com\/AMINA-100767148840241\/","https:\/\/www.instagram.com\/aminaverslun\/"]}]}},"_links":{"self":[{"href":"https:\/\/amina.is\/en\/wp-json\/wp\/v2\/product\/11643","targetHints":{"allow":["GET"]}}],"collection":[{"href":"https:\/\/amina.is\/en\/wp-json\/wp\/v2\/product"}],"about":[{"href":"https:\/\/amina.is\/en\/wp-json\/wp\/v2\/types\/product"}],"version-history":[{"count":1,"href":"https:\/\/amina.is\/en\/wp-json\/wp\/v2\/product\/11643\/revisions"}],"predecessor-version":[{"id":11648,"href":"https:\/\/amina.is\/en\/wp-json\/wp\/v2\/product\/11643\/revisions\/11648"}],"wp:featuredmedia":[{"embeddable":true,"href":"https:\/\/amina.is\/en\/wp-json\/wp\/v2\/media\/11645"}],"wp:attachment":[{"href":"https:\/\/amina.is\/en\/wp-json\/wp\/v2\/media?parent=11643"}],"wp:term":[{"taxonomy":"product_brand","embeddable":true,"href":"https:\/\/amina.is\/en\/wp-json\/wp\/v2\/product_brand?post=11643"},{"taxonomy":"product_cat","embeddable":true,"href":"https:\/\/amina.is\/en\/wp-json\/wp\/v2\/product_cat?post=11643"},{"taxonomy":"product_tag","embeddable":true,"href":"https:\/\/amina.is\/en\/wp-json\/wp\/v2\/product_tag?post=11643"}],"curies":[{"name":"wp","href":"https:\/\/api.w.org\/{rel}","templated":true}]}}