{"id":11630,"date":"2023-03-30T18:11:19","date_gmt":"2023-03-30T18:11:19","guid":{"rendered":"https:\/\/amina.is\/?post_type=product&#038;p=11630"},"modified":"2025-11-07T11:23:34","modified_gmt":"2025-11-07T11:23:34","slug":"master-series-detained-soft-body-chastity-cage","status":"publish","type":"product","link":"https:\/\/amina.is\/en\/verslun\/typpid\/anndtyppid\/master-series-detained-soft-body-chastity-cage\/","title":{"rendered":"Master Series &#8211; Detained Soft Body Chastity Cage"},"content":{"rendered":"<h5 id=\"tw-target-text\" class=\"tw-data-text tw-text-large tw-ta\" dir=\"ltr\" data-placeholder=\"\u00de\u00fd\u00f0ing\"><span class=\"Y2IQFc\" lang=\"is\">Sk\u00edrl\u00edfsb\u00far \u00far st\u00edfu g\u00famm\u00edi. \u00dea\u00f0 er gat fyrir punginn sem heldur \u00fev\u00ed \u00e1 s\u00ednum sta\u00f0 og op a\u00f0 framan fyrir s\u00e1\u00f0l\u00e1t. B\u00fari\u00f0 er varla sj\u00e1anlegt undir f\u00f6tum og \u00fear sem \u00fea\u00f0 er \u00far g\u00famm\u00edi \u00fe\u00e1 kemstu \u00ed gegnum m\u00e1lmleitarhli\u00f0 \u00e1n vandr\u00e6\u00f0a sem gerir \u00fea\u00f0 tilvali\u00f0 til notkunar \u00e1 fer\u00f0al\u00f6gum. B\u00fari\u00f0 er \u00fe\u00e6gilegt fyrir langt\u00edmanotkun.<\/span><\/h5>\n<h5 class=\"tw-data-text tw-text-large tw-ta\" dir=\"ltr\" data-placeholder=\"\u00de\u00fd\u00f0ing\"><span class=\"Y2IQFc\" lang=\"is\">Lengd: 10,1cm. Innra umm\u00e1l: 3,2cm \u00f3teygt.<\/span><\/h5>\n<h5 class=\"tw-data-text tw-text-large tw-ta\" dir=\"ltr\" data-placeholder=\"\u00de\u00fd\u00f0ing\"><span class=\"Y2IQFc\" lang=\"is\">Efni: TPR<br \/>\n<\/span><\/h5>","protected":false},"excerpt":{"rendered":"<h5 id=\"tw-target-text\" class=\"tw-data-text tw-text-large tw-ta\" dir=\"ltr\" data-placeholder=\"\u00de\u00fd\u00f0ing\"><span class=\"Y2IQFc\" lang=\"is\">Sk\u00edrl\u00edfsb\u00far \u00far st\u00edfu g\u00famm\u00edi. \u00dea\u00f0 er gat fyrir punginn sem heldur \u00fev\u00ed \u00e1 s\u00ednum sta\u00f0 og op a\u00f0 framan fyrir s\u00e1\u00f0l\u00e1t.<\/span><\/h5>","protected":false},"featured_media":11632,"template":"","meta":{"inline_featured_image":false},"product_brand":[],"product_cat":[882,36,901],"product_tag":[324,926,337,927],"class_list":{"0":"post-11630","1":"product","2":"type-product","3":"status-publish","4":"has-post-thumbnail","6":"product_cat-anndtyppid","7":"product_cat-blaeti","8":"product_cat-typpidogpungurinn","9":"product_tag-blaeti","10":"product_tag-chastity-cage","11":"product_tag-fetish","12":"product_tag-skirlifs-bur","14":"first","15":"outofstock","16":"shipping-taxable","17":"purchasable","18":"product-type-simple"},"yoast_head":"<!-- This site is optimized with the Yoast SEO Premium plugin v21.6 (Yoast SEO v27.3) - https:\/\/yoast.com\/product\/yoast-seo-premium-wordpress\/ -->\n<title>Master Series - Detained Soft Body Chastity Cage &#8211; Amina<\/title>\n<meta name=\"description\" content=\"Sk\u00edrl\u00edfsb\u00far \u00far st\u00edfu g\u00famm\u00edi. \u00dea\u00f0 er gat fyrir punginn sem heldur \u00fev\u00ed \u00e1 s\u00ednum sta\u00f0 og op a\u00f0 framan fyrir s\u00e1\u00f0l\u00e1t.\" \/>\n<meta name=\"robots\" content=\"index, follow, max-snippet:-1, max-image-preview:large, max-video-preview:-1\" \/>\n<link rel=\"canonical\" href=\"https:\/\/amina.is\/en\/verslun\/typpid\/anndtyppid\/master-series-detained-soft-body-chastity-cage\/\" \/>\n<meta property=\"og:locale\" content=\"en_US\" \/>\n<meta property=\"og:type\" content=\"article\" \/>\n<meta property=\"og:title\" content=\"Master Series - Detained Soft Body Chastity Cage\" \/>\n<meta property=\"og:description\" content=\"Sk\u00edrl\u00edfsb\u00far \u00far st\u00edfu g\u00famm\u00edi. \u00dea\u00f0 er gat fyrir punginn sem heldur \u00fev\u00ed \u00e1 s\u00ednum sta\u00f0 og op a\u00f0 framan fyrir s\u00e1\u00f0l\u00e1t.\" \/>\n<meta property=\"og:url\" content=\"https:\/\/amina.is\/en\/verslun\/typpid\/anndtyppid\/master-series-detained-soft-body-chastity-cage\/\" \/>\n<meta property=\"og:site_name\" content=\"Amina\" \/>\n<meta property=\"article:publisher\" content=\"https:\/\/m.facebook.com\/AMINA-100767148840241\/\" \/>\n<meta property=\"article:modified_time\" content=\"2025-11-07T11:23:34+00:00\" \/>\n<meta property=\"og:image\" content=\"https:\/\/amina.is\/wp-content\/uploads\/2023\/03\/AMINA-vorumyndir-hvitur-bakgrunnur-9.jpg\" \/>\n\t<meta property=\"og:image:width\" content=\"1215\" \/>\n\t<meta property=\"og:image:height\" content=\"1215\" \/>\n\t<meta property=\"og:image:type\" content=\"image\/jpeg\" \/>\n<meta name=\"twitter:card\" content=\"summary_large_image\" \/>\n<meta name=\"twitter:label1\" content=\"Est. reading time\" \/>\n\t<meta name=\"twitter:data1\" content=\"1 minute\" \/>\n<script type=\"application\/ld+json\" class=\"yoast-schema-graph\">{\"@context\":\"https:\\\/\\\/schema.org\",\"@graph\":[{\"@type\":\"WebPage\",\"@id\":\"https:\\\/\\\/amina.is\\\/verslun\\\/typpid\\\/anndtyppid\\\/master-series-detained-soft-body-chastity-cage\\\/\",\"url\":\"https:\\\/\\\/amina.is\\\/verslun\\\/typpid\\\/anndtyppid\\\/master-series-detained-soft-body-chastity-cage\\\/\",\"name\":\"Master Series - Detained Soft Body Chastity Cage &#8211; Amina\",\"isPartOf\":{\"@id\":\"https:\\\/\\\/amina.is\\\/#website\"},\"primaryImageOfPage\":{\"@id\":\"https:\\\/\\\/amina.is\\\/verslun\\\/typpid\\\/anndtyppid\\\/master-series-detained-soft-body-chastity-cage\\\/#primaryimage\"},\"image\":{\"@id\":\"https:\\\/\\\/amina.is\\\/verslun\\\/typpid\\\/anndtyppid\\\/master-series-detained-soft-body-chastity-cage\\\/#primaryimage\"},\"thumbnailUrl\":\"https:\\\/\\\/amina.is\\\/wp-content\\\/uploads\\\/2023\\\/03\\\/AMINA-vorumyndir-hvitur-bakgrunnur-9.jpg\",\"datePublished\":\"2023-03-30T18:11:19+00:00\",\"dateModified\":\"2025-11-07T11:23:34+00:00\",\"description\":\"Sk\u00edrl\u00edfsb\u00far \u00far st\u00edfu g\u00famm\u00edi. \u00dea\u00f0 er gat fyrir punginn sem heldur \u00fev\u00ed \u00e1 s\u00ednum sta\u00f0 og op a\u00f0 framan fyrir s\u00e1\u00f0l\u00e1t.\",\"breadcrumb\":{\"@id\":\"https:\\\/\\\/amina.is\\\/verslun\\\/typpid\\\/anndtyppid\\\/master-series-detained-soft-body-chastity-cage\\\/#breadcrumb\"},\"inLanguage\":\"en-US\",\"potentialAction\":[{\"@type\":\"ReadAction\",\"target\":[\"https:\\\/\\\/amina.is\\\/verslun\\\/typpid\\\/anndtyppid\\\/master-series-detained-soft-body-chastity-cage\\\/\"]}]},{\"@type\":\"ImageObject\",\"inLanguage\":\"en-US\",\"@id\":\"https:\\\/\\\/amina.is\\\/verslun\\\/typpid\\\/anndtyppid\\\/master-series-detained-soft-body-chastity-cage\\\/#primaryimage\",\"url\":\"https:\\\/\\\/amina.is\\\/wp-content\\\/uploads\\\/2023\\\/03\\\/AMINA-vorumyndir-hvitur-bakgrunnur-9.jpg\",\"contentUrl\":\"https:\\\/\\\/amina.is\\\/wp-content\\\/uploads\\\/2023\\\/03\\\/AMINA-vorumyndir-hvitur-bakgrunnur-9.jpg\",\"width\":1215,\"height\":1215},{\"@type\":\"BreadcrumbList\",\"@id\":\"https:\\\/\\\/amina.is\\\/verslun\\\/typpid\\\/anndtyppid\\\/master-series-detained-soft-body-chastity-cage\\\/#breadcrumb\",\"itemListElement\":[{\"@type\":\"ListItem\",\"position\":1,\"name\":\"Home\",\"item\":\"https:\\\/\\\/amina.is\\\/\"},{\"@type\":\"ListItem\",\"position\":2,\"name\":\"Verslun\",\"item\":\"https:\\\/\\\/amina.is\\\/verslun\\\/\"},{\"@type\":\"ListItem\",\"position\":3,\"name\":\"Master Series &#8211; Detained Soft Body Chastity Cage\"}]},{\"@type\":\"WebSite\",\"@id\":\"https:\\\/\\\/amina.is\\\/#website\",\"url\":\"https:\\\/\\\/amina.is\\\/\",\"name\":\"Amina\",\"description\":\"Feeling is everything - Una\u00f0sv\u00f6rur fyrir alla\",\"publisher\":{\"@id\":\"https:\\\/\\\/amina.is\\\/#organization\"},\"potentialAction\":[{\"@type\":\"SearchAction\",\"target\":{\"@type\":\"EntryPoint\",\"urlTemplate\":\"https:\\\/\\\/amina.is\\\/?s={search_term_string}\"},\"query-input\":{\"@type\":\"PropertyValueSpecification\",\"valueRequired\":true,\"valueName\":\"search_term_string\"}}],\"inLanguage\":\"en-US\"},{\"@type\":\"Organization\",\"@id\":\"https:\\\/\\\/amina.is\\\/#organization\",\"name\":\"Amina\",\"url\":\"https:\\\/\\\/amina.is\\\/\",\"logo\":{\"@type\":\"ImageObject\",\"inLanguage\":\"en-US\",\"@id\":\"https:\\\/\\\/amina.is\\\/#\\\/schema\\\/logo\\\/image\\\/\",\"url\":\"https:\\\/\\\/amina.is\\\/wp-content\\\/uploads\\\/2021\\\/09\\\/logo.png\",\"contentUrl\":\"https:\\\/\\\/amina.is\\\/wp-content\\\/uploads\\\/2021\\\/09\\\/logo.png\",\"width\":1790,\"height\":464,\"caption\":\"Amina\"},\"image\":{\"@id\":\"https:\\\/\\\/amina.is\\\/#\\\/schema\\\/logo\\\/image\\\/\"},\"sameAs\":[\"https:\\\/\\\/m.facebook.com\\\/AMINA-100767148840241\\\/\",\"https:\\\/\\\/www.instagram.com\\\/aminaverslun\\\/\"]}]}<\/script>\n<!-- \/ Yoast SEO Premium plugin. -->","yoast_head_json":{"title":"Master Series - Detained Soft Body Chastity Cage &#8211; Amina","description":"Sk\u00edrl\u00edfsb\u00far \u00far st\u00edfu g\u00famm\u00edi. \u00dea\u00f0 er gat fyrir punginn sem heldur \u00fev\u00ed \u00e1 s\u00ednum sta\u00f0 og op a\u00f0 framan fyrir s\u00e1\u00f0l\u00e1t.","robots":{"index":"index","follow":"follow","max-snippet":"max-snippet:-1","max-image-preview":"max-image-preview:large","max-video-preview":"max-video-preview:-1"},"canonical":"https:\/\/amina.is\/en\/verslun\/typpid\/anndtyppid\/master-series-detained-soft-body-chastity-cage\/","og_locale":"en_US","og_type":"article","og_title":"Master Series - Detained Soft Body Chastity Cage","og_description":"Sk\u00edrl\u00edfsb\u00far \u00far st\u00edfu g\u00famm\u00edi. \u00dea\u00f0 er gat fyrir punginn sem heldur \u00fev\u00ed \u00e1 s\u00ednum sta\u00f0 og op a\u00f0 framan fyrir s\u00e1\u00f0l\u00e1t.","og_url":"https:\/\/amina.is\/en\/verslun\/typpid\/anndtyppid\/master-series-detained-soft-body-chastity-cage\/","og_site_name":"Amina","article_publisher":"https:\/\/m.facebook.com\/AMINA-100767148840241\/","article_modified_time":"2025-11-07T11:23:34+00:00","og_image":[{"width":1215,"height":1215,"url":"https:\/\/amina.is\/wp-content\/uploads\/2023\/03\/AMINA-vorumyndir-hvitur-bakgrunnur-9.jpg","type":"image\/jpeg"}],"twitter_card":"summary_large_image","twitter_misc":{"Est. reading time":"1 minute"},"schema":{"@context":"https:\/\/schema.org","@graph":[{"@type":"WebPage","@id":"https:\/\/amina.is\/verslun\/typpid\/anndtyppid\/master-series-detained-soft-body-chastity-cage\/","url":"https:\/\/amina.is\/verslun\/typpid\/anndtyppid\/master-series-detained-soft-body-chastity-cage\/","name":"Master Series - Detained Soft Body Chastity Cage &#8211; Amina","isPartOf":{"@id":"https:\/\/amina.is\/#website"},"primaryImageOfPage":{"@id":"https:\/\/amina.is\/verslun\/typpid\/anndtyppid\/master-series-detained-soft-body-chastity-cage\/#primaryimage"},"image":{"@id":"https:\/\/amina.is\/verslun\/typpid\/anndtyppid\/master-series-detained-soft-body-chastity-cage\/#primaryimage"},"thumbnailUrl":"https:\/\/amina.is\/wp-content\/uploads\/2023\/03\/AMINA-vorumyndir-hvitur-bakgrunnur-9.jpg","datePublished":"2023-03-30T18:11:19+00:00","dateModified":"2025-11-07T11:23:34+00:00","description":"Sk\u00edrl\u00edfsb\u00far \u00far st\u00edfu g\u00famm\u00edi. \u00dea\u00f0 er gat fyrir punginn sem heldur \u00fev\u00ed \u00e1 s\u00ednum sta\u00f0 og op a\u00f0 framan fyrir s\u00e1\u00f0l\u00e1t.","breadcrumb":{"@id":"https:\/\/amina.is\/verslun\/typpid\/anndtyppid\/master-series-detained-soft-body-chastity-cage\/#breadcrumb"},"inLanguage":"en-US","potentialAction":[{"@type":"ReadAction","target":["https:\/\/amina.is\/verslun\/typpid\/anndtyppid\/master-series-detained-soft-body-chastity-cage\/"]}]},{"@type":"ImageObject","inLanguage":"en-US","@id":"https:\/\/amina.is\/verslun\/typpid\/anndtyppid\/master-series-detained-soft-body-chastity-cage\/#primaryimage","url":"https:\/\/amina.is\/wp-content\/uploads\/2023\/03\/AMINA-vorumyndir-hvitur-bakgrunnur-9.jpg","contentUrl":"https:\/\/amina.is\/wp-content\/uploads\/2023\/03\/AMINA-vorumyndir-hvitur-bakgrunnur-9.jpg","width":1215,"height":1215},{"@type":"BreadcrumbList","@id":"https:\/\/amina.is\/verslun\/typpid\/anndtyppid\/master-series-detained-soft-body-chastity-cage\/#breadcrumb","itemListElement":[{"@type":"ListItem","position":1,"name":"Home","item":"https:\/\/amina.is\/"},{"@type":"ListItem","position":2,"name":"Verslun","item":"https:\/\/amina.is\/verslun\/"},{"@type":"ListItem","position":3,"name":"Master Series &#8211; Detained Soft Body Chastity Cage"}]},{"@type":"WebSite","@id":"https:\/\/amina.is\/#website","url":"https:\/\/amina.is\/","name":"Amina","description":"Feeling is everything - Una\u00f0sv\u00f6rur fyrir alla","publisher":{"@id":"https:\/\/amina.is\/#organization"},"potentialAction":[{"@type":"SearchAction","target":{"@type":"EntryPoint","urlTemplate":"https:\/\/amina.is\/?s={search_term_string}"},"query-input":{"@type":"PropertyValueSpecification","valueRequired":true,"valueName":"search_term_string"}}],"inLanguage":"en-US"},{"@type":"Organization","@id":"https:\/\/amina.is\/#organization","name":"Amina","url":"https:\/\/amina.is\/","logo":{"@type":"ImageObject","inLanguage":"en-US","@id":"https:\/\/amina.is\/#\/schema\/logo\/image\/","url":"https:\/\/amina.is\/wp-content\/uploads\/2021\/09\/logo.png","contentUrl":"https:\/\/amina.is\/wp-content\/uploads\/2021\/09\/logo.png","width":1790,"height":464,"caption":"Amina"},"image":{"@id":"https:\/\/amina.is\/#\/schema\/logo\/image\/"},"sameAs":["https:\/\/m.facebook.com\/AMINA-100767148840241\/","https:\/\/www.instagram.com\/aminaverslun\/"]}]}},"_links":{"self":[{"href":"https:\/\/amina.is\/en\/wp-json\/wp\/v2\/product\/11630","targetHints":{"allow":["GET"]}}],"collection":[{"href":"https:\/\/amina.is\/en\/wp-json\/wp\/v2\/product"}],"about":[{"href":"https:\/\/amina.is\/en\/wp-json\/wp\/v2\/types\/product"}],"version-history":[{"count":2,"href":"https:\/\/amina.is\/en\/wp-json\/wp\/v2\/product\/11630\/revisions"}],"predecessor-version":[{"id":11638,"href":"https:\/\/amina.is\/en\/wp-json\/wp\/v2\/product\/11630\/revisions\/11638"}],"wp:featuredmedia":[{"embeddable":true,"href":"https:\/\/amina.is\/en\/wp-json\/wp\/v2\/media\/11632"}],"wp:attachment":[{"href":"https:\/\/amina.is\/en\/wp-json\/wp\/v2\/media?parent=11630"}],"wp:term":[{"taxonomy":"product_brand","embeddable":true,"href":"https:\/\/amina.is\/en\/wp-json\/wp\/v2\/product_brand?post=11630"},{"taxonomy":"product_cat","embeddable":true,"href":"https:\/\/amina.is\/en\/wp-json\/wp\/v2\/product_cat?post=11630"},{"taxonomy":"product_tag","embeddable":true,"href":"https:\/\/amina.is\/en\/wp-json\/wp\/v2\/product_tag?post=11630"}],"curies":[{"name":"wp","href":"https:\/\/api.w.org\/{rel}","templated":true}]}}