{"id":11623,"date":"2023-03-30T17:27:50","date_gmt":"2023-03-30T17:27:50","guid":{"rendered":"https:\/\/amina.is\/?post_type=product&#038;p=11623"},"modified":"2025-02-10T18:06:29","modified_gmt":"2025-02-10T18:06:29","slug":"boy-butter-454gr","status":"publish","type":"product","link":"https:\/\/amina.is\/en\/verslun\/smur-verjur\/sleipiefni\/boy-butter-454gr\/","title":{"rendered":"Boy Butter 454gr."},"content":{"rendered":"<h5>Boy Butter er krema\u00f0 sleipiefni sem nota m\u00e1 \u00ed \u00f6llum pers\u00f3nulegum ath\u00f6fnum eins og sj\u00e1lfsfr\u00f3un, \u00ed kynl\u00edfi me\u00f0 \u00f6\u00f0rum, fisting e\u00f0a me\u00f0 leikf\u00f6ngum. Vi\u00f0 m\u00e6lum ekki me\u00f0 a\u00f0 nota \u00feetta sleipiefni samhli\u00f0a latex smokkum. 454gr.<\/h5>","protected":false},"excerpt":{"rendered":"<p>Boy Butter er krema\u00f0 sleipiefni sem nota m\u00e1 \u00ed \u00f6llum pers\u00f3nulegum ath\u00f6fnum.<\/p>","protected":false},"featured_media":11621,"template":"","meta":{"inline_featured_image":false},"product_brand":[],"product_cat":[36,902,41,42,43,910,47],"product_tag":[586,717,460,588],"class_list":{"0":"post-11623","1":"product","2":"type-product","3":"status-publish","4":"has-post-thumbnail","6":"product_cat-blaeti","7":"product_cat-fistwater","8":"product_cat-fyrir-tha","9":"product_cat-fyrir-thaer","10":"product_cat-fyrir-thau","11":"product_cat-sleipiefni","12":"product_cat-smur-verjur","13":"product_tag-boy-butter","14":"product_tag-lubricant","15":"product_tag-sleipiefni","16":"product_tag-straka-smjor","18":"first","19":"instock","20":"shipping-taxable","21":"purchasable","22":"product-type-simple"},"yoast_head":"<!-- This site is optimized with the Yoast SEO Premium plugin v21.6 (Yoast SEO v27.3) - https:\/\/yoast.com\/product\/yoast-seo-premium-wordpress\/ -->\n<title>Boy Butter 454gr. &#8211; Amina<\/title>\n<meta name=\"description\" content=\"Boy Butter er krema\u00f0 sleipiefni sem nota m\u00e1 \u00ed \u00f6llum pers\u00f3nulegum ath\u00f6fnum eins og sj\u00e1lfsfr\u00f3un, \u00ed kynl\u00edfi me\u00f0 \u00f6\u00f0rum, fisting e\u00f0a me\u00f0 leikf\u00f6ngum. Vi\u00f0 m\u00e6lum ekki me\u00f0 a\u00f0 nota \u00feetta sleipiefni samhli\u00f0a latex smokkum. 454gr.\" \/>\n<meta name=\"robots\" content=\"index, follow, max-snippet:-1, max-image-preview:large, max-video-preview:-1\" \/>\n<link rel=\"canonical\" href=\"https:\/\/amina.is\/en\/verslun\/smur-verjur\/sleipiefni\/boy-butter-454gr\/\" \/>\n<meta property=\"og:locale\" content=\"en_US\" \/>\n<meta property=\"og:type\" content=\"article\" \/>\n<meta property=\"og:title\" content=\"Boy Butter 454gr.\" \/>\n<meta property=\"og:description\" content=\"Boy Butter er krema\u00f0 sleipiefni sem nota m\u00e1 \u00ed \u00f6llum pers\u00f3nulegum ath\u00f6fnum eins og sj\u00e1lfsfr\u00f3un, \u00ed kynl\u00edfi me\u00f0 \u00f6\u00f0rum, fisting e\u00f0a me\u00f0 leikf\u00f6ngum. Vi\u00f0 m\u00e6lum ekki me\u00f0 a\u00f0 nota \u00feetta sleipiefni samhli\u00f0a latex smokkum. 454gr.\" \/>\n<meta property=\"og:url\" content=\"https:\/\/amina.is\/en\/verslun\/smur-verjur\/sleipiefni\/boy-butter-454gr\/\" \/>\n<meta property=\"og:site_name\" content=\"Amina\" \/>\n<meta property=\"article:publisher\" content=\"https:\/\/m.facebook.com\/AMINA-100767148840241\/\" \/>\n<meta property=\"article:modified_time\" content=\"2025-02-10T18:06:29+00:00\" \/>\n<meta property=\"og:image\" content=\"https:\/\/amina.is\/wp-content\/uploads\/2023\/03\/AMINA-vorumyndir-hvitur-bakgrunnur-8.jpg\" \/>\n\t<meta property=\"og:image:width\" content=\"1080\" \/>\n\t<meta property=\"og:image:height\" content=\"1080\" \/>\n\t<meta property=\"og:image:type\" content=\"image\/jpeg\" \/>\n<meta name=\"twitter:card\" content=\"summary_large_image\" \/>\n<meta name=\"twitter:label1\" content=\"Est. reading time\" \/>\n\t<meta name=\"twitter:data1\" content=\"1 minute\" \/>\n<script type=\"application\/ld+json\" class=\"yoast-schema-graph\">{\"@context\":\"https:\\\/\\\/schema.org\",\"@graph\":[{\"@type\":\"WebPage\",\"@id\":\"https:\\\/\\\/amina.is\\\/verslun\\\/smur-verjur\\\/sleipiefni\\\/boy-butter-454gr\\\/\",\"url\":\"https:\\\/\\\/amina.is\\\/verslun\\\/smur-verjur\\\/sleipiefni\\\/boy-butter-454gr\\\/\",\"name\":\"Boy Butter 454gr. &#8211; Amina\",\"isPartOf\":{\"@id\":\"https:\\\/\\\/amina.is\\\/#website\"},\"primaryImageOfPage\":{\"@id\":\"https:\\\/\\\/amina.is\\\/verslun\\\/smur-verjur\\\/sleipiefni\\\/boy-butter-454gr\\\/#primaryimage\"},\"image\":{\"@id\":\"https:\\\/\\\/amina.is\\\/verslun\\\/smur-verjur\\\/sleipiefni\\\/boy-butter-454gr\\\/#primaryimage\"},\"thumbnailUrl\":\"https:\\\/\\\/amina.is\\\/wp-content\\\/uploads\\\/2023\\\/03\\\/AMINA-vorumyndir-hvitur-bakgrunnur-8.jpg\",\"datePublished\":\"2023-03-30T17:27:50+00:00\",\"dateModified\":\"2025-02-10T18:06:29+00:00\",\"description\":\"Boy Butter er krema\u00f0 sleipiefni sem nota m\u00e1 \u00ed \u00f6llum pers\u00f3nulegum ath\u00f6fnum eins og sj\u00e1lfsfr\u00f3un, \u00ed kynl\u00edfi me\u00f0 \u00f6\u00f0rum, fisting e\u00f0a me\u00f0 leikf\u00f6ngum. Vi\u00f0 m\u00e6lum ekki me\u00f0 a\u00f0 nota \u00feetta sleipiefni samhli\u00f0a latex smokkum. 454gr.\",\"breadcrumb\":{\"@id\":\"https:\\\/\\\/amina.is\\\/verslun\\\/smur-verjur\\\/sleipiefni\\\/boy-butter-454gr\\\/#breadcrumb\"},\"inLanguage\":\"en-US\",\"potentialAction\":[{\"@type\":\"ReadAction\",\"target\":[\"https:\\\/\\\/amina.is\\\/verslun\\\/smur-verjur\\\/sleipiefni\\\/boy-butter-454gr\\\/\"]}]},{\"@type\":\"ImageObject\",\"inLanguage\":\"en-US\",\"@id\":\"https:\\\/\\\/amina.is\\\/verslun\\\/smur-verjur\\\/sleipiefni\\\/boy-butter-454gr\\\/#primaryimage\",\"url\":\"https:\\\/\\\/amina.is\\\/wp-content\\\/uploads\\\/2023\\\/03\\\/AMINA-vorumyndir-hvitur-bakgrunnur-8.jpg\",\"contentUrl\":\"https:\\\/\\\/amina.is\\\/wp-content\\\/uploads\\\/2023\\\/03\\\/AMINA-vorumyndir-hvitur-bakgrunnur-8.jpg\",\"width\":1080,\"height\":1080},{\"@type\":\"BreadcrumbList\",\"@id\":\"https:\\\/\\\/amina.is\\\/verslun\\\/smur-verjur\\\/sleipiefni\\\/boy-butter-454gr\\\/#breadcrumb\",\"itemListElement\":[{\"@type\":\"ListItem\",\"position\":1,\"name\":\"Home\",\"item\":\"https:\\\/\\\/amina.is\\\/\"},{\"@type\":\"ListItem\",\"position\":2,\"name\":\"Verslun\",\"item\":\"https:\\\/\\\/amina.is\\\/verslun\\\/\"},{\"@type\":\"ListItem\",\"position\":3,\"name\":\"Boy Butter 454gr.\"}]},{\"@type\":\"WebSite\",\"@id\":\"https:\\\/\\\/amina.is\\\/#website\",\"url\":\"https:\\\/\\\/amina.is\\\/\",\"name\":\"Amina\",\"description\":\"Feeling is everything - Una\u00f0sv\u00f6rur fyrir alla\",\"publisher\":{\"@id\":\"https:\\\/\\\/amina.is\\\/#organization\"},\"potentialAction\":[{\"@type\":\"SearchAction\",\"target\":{\"@type\":\"EntryPoint\",\"urlTemplate\":\"https:\\\/\\\/amina.is\\\/?s={search_term_string}\"},\"query-input\":{\"@type\":\"PropertyValueSpecification\",\"valueRequired\":true,\"valueName\":\"search_term_string\"}}],\"inLanguage\":\"en-US\"},{\"@type\":\"Organization\",\"@id\":\"https:\\\/\\\/amina.is\\\/#organization\",\"name\":\"Amina\",\"url\":\"https:\\\/\\\/amina.is\\\/\",\"logo\":{\"@type\":\"ImageObject\",\"inLanguage\":\"en-US\",\"@id\":\"https:\\\/\\\/amina.is\\\/#\\\/schema\\\/logo\\\/image\\\/\",\"url\":\"https:\\\/\\\/amina.is\\\/wp-content\\\/uploads\\\/2021\\\/09\\\/logo.png\",\"contentUrl\":\"https:\\\/\\\/amina.is\\\/wp-content\\\/uploads\\\/2021\\\/09\\\/logo.png\",\"width\":1790,\"height\":464,\"caption\":\"Amina\"},\"image\":{\"@id\":\"https:\\\/\\\/amina.is\\\/#\\\/schema\\\/logo\\\/image\\\/\"},\"sameAs\":[\"https:\\\/\\\/m.facebook.com\\\/AMINA-100767148840241\\\/\",\"https:\\\/\\\/www.instagram.com\\\/aminaverslun\\\/\"]}]}<\/script>\n<!-- \/ Yoast SEO Premium plugin. -->","yoast_head_json":{"title":"Boy Butter 454gr. &#8211; Amina","description":"Boy Butter er krema\u00f0 sleipiefni sem nota m\u00e1 \u00ed \u00f6llum pers\u00f3nulegum ath\u00f6fnum eins og sj\u00e1lfsfr\u00f3un, \u00ed kynl\u00edfi me\u00f0 \u00f6\u00f0rum, fisting e\u00f0a me\u00f0 leikf\u00f6ngum. Vi\u00f0 m\u00e6lum ekki me\u00f0 a\u00f0 nota \u00feetta sleipiefni samhli\u00f0a latex smokkum. 454gr.","robots":{"index":"index","follow":"follow","max-snippet":"max-snippet:-1","max-image-preview":"max-image-preview:large","max-video-preview":"max-video-preview:-1"},"canonical":"https:\/\/amina.is\/en\/verslun\/smur-verjur\/sleipiefni\/boy-butter-454gr\/","og_locale":"en_US","og_type":"article","og_title":"Boy Butter 454gr.","og_description":"Boy Butter er krema\u00f0 sleipiefni sem nota m\u00e1 \u00ed \u00f6llum pers\u00f3nulegum ath\u00f6fnum eins og sj\u00e1lfsfr\u00f3un, \u00ed kynl\u00edfi me\u00f0 \u00f6\u00f0rum, fisting e\u00f0a me\u00f0 leikf\u00f6ngum. Vi\u00f0 m\u00e6lum ekki me\u00f0 a\u00f0 nota \u00feetta sleipiefni samhli\u00f0a latex smokkum. 454gr.","og_url":"https:\/\/amina.is\/en\/verslun\/smur-verjur\/sleipiefni\/boy-butter-454gr\/","og_site_name":"Amina","article_publisher":"https:\/\/m.facebook.com\/AMINA-100767148840241\/","article_modified_time":"2025-02-10T18:06:29+00:00","og_image":[{"width":1080,"height":1080,"url":"https:\/\/amina.is\/wp-content\/uploads\/2023\/03\/AMINA-vorumyndir-hvitur-bakgrunnur-8.jpg","type":"image\/jpeg"}],"twitter_card":"summary_large_image","twitter_misc":{"Est. reading time":"1 minute"},"schema":{"@context":"https:\/\/schema.org","@graph":[{"@type":"WebPage","@id":"https:\/\/amina.is\/verslun\/smur-verjur\/sleipiefni\/boy-butter-454gr\/","url":"https:\/\/amina.is\/verslun\/smur-verjur\/sleipiefni\/boy-butter-454gr\/","name":"Boy Butter 454gr. &#8211; Amina","isPartOf":{"@id":"https:\/\/amina.is\/#website"},"primaryImageOfPage":{"@id":"https:\/\/amina.is\/verslun\/smur-verjur\/sleipiefni\/boy-butter-454gr\/#primaryimage"},"image":{"@id":"https:\/\/amina.is\/verslun\/smur-verjur\/sleipiefni\/boy-butter-454gr\/#primaryimage"},"thumbnailUrl":"https:\/\/amina.is\/wp-content\/uploads\/2023\/03\/AMINA-vorumyndir-hvitur-bakgrunnur-8.jpg","datePublished":"2023-03-30T17:27:50+00:00","dateModified":"2025-02-10T18:06:29+00:00","description":"Boy Butter er krema\u00f0 sleipiefni sem nota m\u00e1 \u00ed \u00f6llum pers\u00f3nulegum ath\u00f6fnum eins og sj\u00e1lfsfr\u00f3un, \u00ed kynl\u00edfi me\u00f0 \u00f6\u00f0rum, fisting e\u00f0a me\u00f0 leikf\u00f6ngum. Vi\u00f0 m\u00e6lum ekki me\u00f0 a\u00f0 nota \u00feetta sleipiefni samhli\u00f0a latex smokkum. 454gr.","breadcrumb":{"@id":"https:\/\/amina.is\/verslun\/smur-verjur\/sleipiefni\/boy-butter-454gr\/#breadcrumb"},"inLanguage":"en-US","potentialAction":[{"@type":"ReadAction","target":["https:\/\/amina.is\/verslun\/smur-verjur\/sleipiefni\/boy-butter-454gr\/"]}]},{"@type":"ImageObject","inLanguage":"en-US","@id":"https:\/\/amina.is\/verslun\/smur-verjur\/sleipiefni\/boy-butter-454gr\/#primaryimage","url":"https:\/\/amina.is\/wp-content\/uploads\/2023\/03\/AMINA-vorumyndir-hvitur-bakgrunnur-8.jpg","contentUrl":"https:\/\/amina.is\/wp-content\/uploads\/2023\/03\/AMINA-vorumyndir-hvitur-bakgrunnur-8.jpg","width":1080,"height":1080},{"@type":"BreadcrumbList","@id":"https:\/\/amina.is\/verslun\/smur-verjur\/sleipiefni\/boy-butter-454gr\/#breadcrumb","itemListElement":[{"@type":"ListItem","position":1,"name":"Home","item":"https:\/\/amina.is\/"},{"@type":"ListItem","position":2,"name":"Verslun","item":"https:\/\/amina.is\/verslun\/"},{"@type":"ListItem","position":3,"name":"Boy Butter 454gr."}]},{"@type":"WebSite","@id":"https:\/\/amina.is\/#website","url":"https:\/\/amina.is\/","name":"Amina","description":"Feeling is everything - Una\u00f0sv\u00f6rur fyrir alla","publisher":{"@id":"https:\/\/amina.is\/#organization"},"potentialAction":[{"@type":"SearchAction","target":{"@type":"EntryPoint","urlTemplate":"https:\/\/amina.is\/?s={search_term_string}"},"query-input":{"@type":"PropertyValueSpecification","valueRequired":true,"valueName":"search_term_string"}}],"inLanguage":"en-US"},{"@type":"Organization","@id":"https:\/\/amina.is\/#organization","name":"Amina","url":"https:\/\/amina.is\/","logo":{"@type":"ImageObject","inLanguage":"en-US","@id":"https:\/\/amina.is\/#\/schema\/logo\/image\/","url":"https:\/\/amina.is\/wp-content\/uploads\/2021\/09\/logo.png","contentUrl":"https:\/\/amina.is\/wp-content\/uploads\/2021\/09\/logo.png","width":1790,"height":464,"caption":"Amina"},"image":{"@id":"https:\/\/amina.is\/#\/schema\/logo\/image\/"},"sameAs":["https:\/\/m.facebook.com\/AMINA-100767148840241\/","https:\/\/www.instagram.com\/aminaverslun\/"]}]}},"_links":{"self":[{"href":"https:\/\/amina.is\/en\/wp-json\/wp\/v2\/product\/11623","targetHints":{"allow":["GET"]}}],"collection":[{"href":"https:\/\/amina.is\/en\/wp-json\/wp\/v2\/product"}],"about":[{"href":"https:\/\/amina.is\/en\/wp-json\/wp\/v2\/types\/product"}],"version-history":[{"count":6,"href":"https:\/\/amina.is\/en\/wp-json\/wp\/v2\/product\/11623\/revisions"}],"predecessor-version":[{"id":11629,"href":"https:\/\/amina.is\/en\/wp-json\/wp\/v2\/product\/11623\/revisions\/11629"}],"wp:featuredmedia":[{"embeddable":true,"href":"https:\/\/amina.is\/en\/wp-json\/wp\/v2\/media\/11621"}],"wp:attachment":[{"href":"https:\/\/amina.is\/en\/wp-json\/wp\/v2\/media?parent=11623"}],"wp:term":[{"taxonomy":"product_brand","embeddable":true,"href":"https:\/\/amina.is\/en\/wp-json\/wp\/v2\/product_brand?post=11623"},{"taxonomy":"product_cat","embeddable":true,"href":"https:\/\/amina.is\/en\/wp-json\/wp\/v2\/product_cat?post=11623"},{"taxonomy":"product_tag","embeddable":true,"href":"https:\/\/amina.is\/en\/wp-json\/wp\/v2\/product_tag?post=11623"}],"curies":[{"name":"wp","href":"https:\/\/api.w.org\/{rel}","templated":true}]}}