{"id":11611,"date":"2023-03-30T16:41:23","date_gmt":"2023-03-30T16:41:23","guid":{"rendered":"https:\/\/amina.is\/?post_type=product&#038;p=11611"},"modified":"2025-03-08T14:10:05","modified_gmt":"2025-03-08T14:10:05","slug":"love-button-arousal-balm-and-sexual-enhancer","status":"publish","type":"product","link":"https:\/\/amina.is\/en\/verslun\/smur-verjur\/oliurogkrem\/love-button-arousal-balm-and-sexual-enhancer\/","title":{"rendered":"Love Button Arousal Balm and Sexual Enhancer"},"content":{"rendered":"<h5>&#8222;\u00c1starhnappurinn&#8220; er \u00f6rvandi smyrsl sem \u00e6tla\u00f0 er til \u00feess a\u00f0 auka una\u00f0. Smyrsli\u00f0 gefur sei\u00f0andi tilfinningu \u00fear sem \u00fea\u00f0 er nota\u00f0 og hentar \u00f6llum kynjum. Smyrsli\u00f0 hefur margskonar notkunar eiginleika en \u00fea\u00f0 m\u00e1 t.d. nota \u00e1 enni\u00f0 til \u00feess a\u00f0 lina h\u00f6fu\u00f0verk. \u00deegar kemur a\u00f0 kynl\u00edfi \u00fe\u00e1 m\u00e6lum vi\u00f0 me\u00f0 \u00fev\u00ed a\u00f0 smyrja \u00fev\u00ed beint \u00e1 sn\u00edpinn til \u00feess a\u00f0 auka bl\u00f3\u00f0fl\u00e6\u00f0i sv\u00e6\u00f0isins e\u00f0a \u00e1 \u00fer\u00edhyrningssv\u00e6\u00f0i\u00f0 fyrir aftan k\u00f3nginn \u00e1 limnum fyrir aukna n\u00e6mni og lengri stinningu. Smyrsli\u00f0 er ekki samh\u00e6ft vi\u00f0 latex og \u00fearf \u00fev\u00ed a\u00f0 g\u00e6ta a\u00f0 \u00fev\u00ed a\u00f0 fjarl\u00e6gja smyrsli\u00f0 fyrir samfarir ef nota \u00e1 smokk.<\/h5>\n<h5><strong>St\u00e6r\u00f0:<\/strong> 12,7gr.<\/h5>\n<h5><span class=\"Y2IQFc\" lang=\"is\">Innihald: Jurtaol\u00eda, sojaol\u00eda, k\u00f3kosol\u00eda, sheasmj\u00f6r, candelilla vax, hampfr\u00e6ol\u00eda, piparmyntuol\u00eda, ment\u00f3l, apr\u00edk\u00f3sukjarnaol\u00eda, jojoba fr\u00e6ol\u00eda, av\u00f3kad\u00f3ol\u00eda, t\u00f3k\u00f3fer\u00f3l.<\/span><\/h5>","protected":false},"excerpt":{"rendered":"<p>&#8222;\u00c1starhnappurinn&#8220; er \u00f6rvandi smyrsl sem \u00e6tla\u00f0 er til \u00feess a\u00f0 auka una\u00f0. Smyrsli\u00f0 gefur sei\u00f0andi tilfinningu \u00fear sem \u00fea\u00f0 er nota\u00f0 og hentar \u00f6llum kynjum.<\/p>","protected":false},"featured_media":11613,"template":"","meta":{"inline_featured_image":false},"product_brand":[],"product_cat":[887,882,41,43,911,44,915,47,900,899,895,898,45],"product_tag":[925,541,924],"class_list":{"0":"post-11611","1":"product","2":"type-product","3":"status-publish","4":"has-post-thumbnail","6":"product_cat-annadpikan","7":"product_cat-anndtyppid","8":"product_cat-fyrir-tha","9":"product_cat-fyrir-thau","10":"product_cat-oliurogkrem","11":"product_cat-pikan","12":"product_cat-sensoryplay","13":"product_cat-smur-verjur","14":"product_cat-notaahana","15":"product_cat-notaahann","16":"product_cat-samanh","17":"product_cat-samanth","18":"product_cat-typpid","19":"product_tag-e","20":"product_tag-krem","21":"product_tag-love-button","23":"first","24":"instock","25":"shipping-taxable","26":"purchasable","27":"product-type-simple"},"yoast_head":"<!-- This site is optimized with the Yoast SEO Premium plugin v21.6 (Yoast SEO v27.3) - https:\/\/yoast.com\/product\/yoast-seo-premium-wordpress\/ -->\n<title>Love Button Arousal Balm and Sexual Enhancer &#8211; Amina<\/title>\n<meta name=\"robots\" content=\"index, follow, max-snippet:-1, max-image-preview:large, max-video-preview:-1\" \/>\n<link rel=\"canonical\" href=\"https:\/\/amina.is\/en\/verslun\/smur-verjur\/oliurogkrem\/love-button-arousal-balm-and-sexual-enhancer\/\" \/>\n<meta property=\"og:locale\" content=\"en_US\" \/>\n<meta property=\"og:type\" content=\"article\" \/>\n<meta property=\"og:title\" content=\"Love Button Arousal Balm and Sexual Enhancer\" \/>\n<meta property=\"og:description\" content=\"&quot;\u00c1starhnappurinn&quot; er \u00f6rvandi smyrsl sem \u00e6tla\u00f0 er til \u00feess a\u00f0 auka una\u00f0. Smyrsli\u00f0 gefur sei\u00f0andi tilfinningu \u00fear sem \u00fea\u00f0 er nota\u00f0 og hentar \u00f6llum kynjum.\" \/>\n<meta property=\"og:url\" content=\"https:\/\/amina.is\/en\/verslun\/smur-verjur\/oliurogkrem\/love-button-arousal-balm-and-sexual-enhancer\/\" \/>\n<meta property=\"og:site_name\" content=\"Amina\" \/>\n<meta property=\"article:publisher\" content=\"https:\/\/m.facebook.com\/AMINA-100767148840241\/\" \/>\n<meta property=\"article:modified_time\" content=\"2025-03-08T14:10:05+00:00\" \/>\n<meta property=\"og:image\" content=\"https:\/\/amina.is\/wp-content\/uploads\/2023\/03\/AMINA-vorumyndir-hvitur-bakgrunnur-6.jpg\" \/>\n\t<meta property=\"og:image:width\" content=\"1080\" \/>\n\t<meta property=\"og:image:height\" content=\"1080\" \/>\n\t<meta property=\"og:image:type\" content=\"image\/jpeg\" \/>\n<meta name=\"twitter:card\" content=\"summary_large_image\" \/>\n<meta name=\"twitter:label1\" content=\"Est. reading time\" \/>\n\t<meta name=\"twitter:data1\" content=\"1 minute\" \/>\n<script type=\"application\/ld+json\" class=\"yoast-schema-graph\">{\"@context\":\"https:\\\/\\\/schema.org\",\"@graph\":[{\"@type\":\"WebPage\",\"@id\":\"https:\\\/\\\/amina.is\\\/verslun\\\/smur-verjur\\\/oliurogkrem\\\/love-button-arousal-balm-and-sexual-enhancer\\\/\",\"url\":\"https:\\\/\\\/amina.is\\\/verslun\\\/smur-verjur\\\/oliurogkrem\\\/love-button-arousal-balm-and-sexual-enhancer\\\/\",\"name\":\"Love Button Arousal Balm and Sexual Enhancer &#8211; Amina\",\"isPartOf\":{\"@id\":\"https:\\\/\\\/amina.is\\\/#website\"},\"primaryImageOfPage\":{\"@id\":\"https:\\\/\\\/amina.is\\\/verslun\\\/smur-verjur\\\/oliurogkrem\\\/love-button-arousal-balm-and-sexual-enhancer\\\/#primaryimage\"},\"image\":{\"@id\":\"https:\\\/\\\/amina.is\\\/verslun\\\/smur-verjur\\\/oliurogkrem\\\/love-button-arousal-balm-and-sexual-enhancer\\\/#primaryimage\"},\"thumbnailUrl\":\"https:\\\/\\\/amina.is\\\/wp-content\\\/uploads\\\/2023\\\/03\\\/AMINA-vorumyndir-hvitur-bakgrunnur-6.jpg\",\"datePublished\":\"2023-03-30T16:41:23+00:00\",\"dateModified\":\"2025-03-08T14:10:05+00:00\",\"breadcrumb\":{\"@id\":\"https:\\\/\\\/amina.is\\\/verslun\\\/smur-verjur\\\/oliurogkrem\\\/love-button-arousal-balm-and-sexual-enhancer\\\/#breadcrumb\"},\"inLanguage\":\"en-US\",\"potentialAction\":[{\"@type\":\"ReadAction\",\"target\":[\"https:\\\/\\\/amina.is\\\/verslun\\\/smur-verjur\\\/oliurogkrem\\\/love-button-arousal-balm-and-sexual-enhancer\\\/\"]}]},{\"@type\":\"ImageObject\",\"inLanguage\":\"en-US\",\"@id\":\"https:\\\/\\\/amina.is\\\/verslun\\\/smur-verjur\\\/oliurogkrem\\\/love-button-arousal-balm-and-sexual-enhancer\\\/#primaryimage\",\"url\":\"https:\\\/\\\/amina.is\\\/wp-content\\\/uploads\\\/2023\\\/03\\\/AMINA-vorumyndir-hvitur-bakgrunnur-6.jpg\",\"contentUrl\":\"https:\\\/\\\/amina.is\\\/wp-content\\\/uploads\\\/2023\\\/03\\\/AMINA-vorumyndir-hvitur-bakgrunnur-6.jpg\",\"width\":1080,\"height\":1080},{\"@type\":\"BreadcrumbList\",\"@id\":\"https:\\\/\\\/amina.is\\\/verslun\\\/smur-verjur\\\/oliurogkrem\\\/love-button-arousal-balm-and-sexual-enhancer\\\/#breadcrumb\",\"itemListElement\":[{\"@type\":\"ListItem\",\"position\":1,\"name\":\"Home\",\"item\":\"https:\\\/\\\/amina.is\\\/\"},{\"@type\":\"ListItem\",\"position\":2,\"name\":\"Verslun\",\"item\":\"https:\\\/\\\/amina.is\\\/verslun\\\/\"},{\"@type\":\"ListItem\",\"position\":3,\"name\":\"Love Button Arousal Balm and Sexual Enhancer\"}]},{\"@type\":\"WebSite\",\"@id\":\"https:\\\/\\\/amina.is\\\/#website\",\"url\":\"https:\\\/\\\/amina.is\\\/\",\"name\":\"Amina\",\"description\":\"Feeling is everything - Una\u00f0sv\u00f6rur fyrir alla\",\"publisher\":{\"@id\":\"https:\\\/\\\/amina.is\\\/#organization\"},\"potentialAction\":[{\"@type\":\"SearchAction\",\"target\":{\"@type\":\"EntryPoint\",\"urlTemplate\":\"https:\\\/\\\/amina.is\\\/?s={search_term_string}\"},\"query-input\":{\"@type\":\"PropertyValueSpecification\",\"valueRequired\":true,\"valueName\":\"search_term_string\"}}],\"inLanguage\":\"en-US\"},{\"@type\":\"Organization\",\"@id\":\"https:\\\/\\\/amina.is\\\/#organization\",\"name\":\"Amina\",\"url\":\"https:\\\/\\\/amina.is\\\/\",\"logo\":{\"@type\":\"ImageObject\",\"inLanguage\":\"en-US\",\"@id\":\"https:\\\/\\\/amina.is\\\/#\\\/schema\\\/logo\\\/image\\\/\",\"url\":\"https:\\\/\\\/amina.is\\\/wp-content\\\/uploads\\\/2021\\\/09\\\/logo.png\",\"contentUrl\":\"https:\\\/\\\/amina.is\\\/wp-content\\\/uploads\\\/2021\\\/09\\\/logo.png\",\"width\":1790,\"height\":464,\"caption\":\"Amina\"},\"image\":{\"@id\":\"https:\\\/\\\/amina.is\\\/#\\\/schema\\\/logo\\\/image\\\/\"},\"sameAs\":[\"https:\\\/\\\/m.facebook.com\\\/AMINA-100767148840241\\\/\",\"https:\\\/\\\/www.instagram.com\\\/aminaverslun\\\/\"]}]}<\/script>\n<!-- \/ Yoast SEO Premium plugin. -->","yoast_head_json":{"title":"Love Button Arousal Balm and Sexual Enhancer &#8211; Amina","robots":{"index":"index","follow":"follow","max-snippet":"max-snippet:-1","max-image-preview":"max-image-preview:large","max-video-preview":"max-video-preview:-1"},"canonical":"https:\/\/amina.is\/en\/verslun\/smur-verjur\/oliurogkrem\/love-button-arousal-balm-and-sexual-enhancer\/","og_locale":"en_US","og_type":"article","og_title":"Love Button Arousal Balm and Sexual Enhancer","og_description":"\"\u00c1starhnappurinn\" er \u00f6rvandi smyrsl sem \u00e6tla\u00f0 er til \u00feess a\u00f0 auka una\u00f0. Smyrsli\u00f0 gefur sei\u00f0andi tilfinningu \u00fear sem \u00fea\u00f0 er nota\u00f0 og hentar \u00f6llum kynjum.","og_url":"https:\/\/amina.is\/en\/verslun\/smur-verjur\/oliurogkrem\/love-button-arousal-balm-and-sexual-enhancer\/","og_site_name":"Amina","article_publisher":"https:\/\/m.facebook.com\/AMINA-100767148840241\/","article_modified_time":"2025-03-08T14:10:05+00:00","og_image":[{"width":1080,"height":1080,"url":"https:\/\/amina.is\/wp-content\/uploads\/2023\/03\/AMINA-vorumyndir-hvitur-bakgrunnur-6.jpg","type":"image\/jpeg"}],"twitter_card":"summary_large_image","twitter_misc":{"Est. reading time":"1 minute"},"schema":{"@context":"https:\/\/schema.org","@graph":[{"@type":"WebPage","@id":"https:\/\/amina.is\/verslun\/smur-verjur\/oliurogkrem\/love-button-arousal-balm-and-sexual-enhancer\/","url":"https:\/\/amina.is\/verslun\/smur-verjur\/oliurogkrem\/love-button-arousal-balm-and-sexual-enhancer\/","name":"Love Button Arousal Balm and Sexual Enhancer &#8211; Amina","isPartOf":{"@id":"https:\/\/amina.is\/#website"},"primaryImageOfPage":{"@id":"https:\/\/amina.is\/verslun\/smur-verjur\/oliurogkrem\/love-button-arousal-balm-and-sexual-enhancer\/#primaryimage"},"image":{"@id":"https:\/\/amina.is\/verslun\/smur-verjur\/oliurogkrem\/love-button-arousal-balm-and-sexual-enhancer\/#primaryimage"},"thumbnailUrl":"https:\/\/amina.is\/wp-content\/uploads\/2023\/03\/AMINA-vorumyndir-hvitur-bakgrunnur-6.jpg","datePublished":"2023-03-30T16:41:23+00:00","dateModified":"2025-03-08T14:10:05+00:00","breadcrumb":{"@id":"https:\/\/amina.is\/verslun\/smur-verjur\/oliurogkrem\/love-button-arousal-balm-and-sexual-enhancer\/#breadcrumb"},"inLanguage":"en-US","potentialAction":[{"@type":"ReadAction","target":["https:\/\/amina.is\/verslun\/smur-verjur\/oliurogkrem\/love-button-arousal-balm-and-sexual-enhancer\/"]}]},{"@type":"ImageObject","inLanguage":"en-US","@id":"https:\/\/amina.is\/verslun\/smur-verjur\/oliurogkrem\/love-button-arousal-balm-and-sexual-enhancer\/#primaryimage","url":"https:\/\/amina.is\/wp-content\/uploads\/2023\/03\/AMINA-vorumyndir-hvitur-bakgrunnur-6.jpg","contentUrl":"https:\/\/amina.is\/wp-content\/uploads\/2023\/03\/AMINA-vorumyndir-hvitur-bakgrunnur-6.jpg","width":1080,"height":1080},{"@type":"BreadcrumbList","@id":"https:\/\/amina.is\/verslun\/smur-verjur\/oliurogkrem\/love-button-arousal-balm-and-sexual-enhancer\/#breadcrumb","itemListElement":[{"@type":"ListItem","position":1,"name":"Home","item":"https:\/\/amina.is\/"},{"@type":"ListItem","position":2,"name":"Verslun","item":"https:\/\/amina.is\/verslun\/"},{"@type":"ListItem","position":3,"name":"Love Button Arousal Balm and Sexual Enhancer"}]},{"@type":"WebSite","@id":"https:\/\/amina.is\/#website","url":"https:\/\/amina.is\/","name":"Amina","description":"Feeling is everything - Una\u00f0sv\u00f6rur fyrir alla","publisher":{"@id":"https:\/\/amina.is\/#organization"},"potentialAction":[{"@type":"SearchAction","target":{"@type":"EntryPoint","urlTemplate":"https:\/\/amina.is\/?s={search_term_string}"},"query-input":{"@type":"PropertyValueSpecification","valueRequired":true,"valueName":"search_term_string"}}],"inLanguage":"en-US"},{"@type":"Organization","@id":"https:\/\/amina.is\/#organization","name":"Amina","url":"https:\/\/amina.is\/","logo":{"@type":"ImageObject","inLanguage":"en-US","@id":"https:\/\/amina.is\/#\/schema\/logo\/image\/","url":"https:\/\/amina.is\/wp-content\/uploads\/2021\/09\/logo.png","contentUrl":"https:\/\/amina.is\/wp-content\/uploads\/2021\/09\/logo.png","width":1790,"height":464,"caption":"Amina"},"image":{"@id":"https:\/\/amina.is\/#\/schema\/logo\/image\/"},"sameAs":["https:\/\/m.facebook.com\/AMINA-100767148840241\/","https:\/\/www.instagram.com\/aminaverslun\/"]}]}},"_links":{"self":[{"href":"https:\/\/amina.is\/en\/wp-json\/wp\/v2\/product\/11611","targetHints":{"allow":["GET"]}}],"collection":[{"href":"https:\/\/amina.is\/en\/wp-json\/wp\/v2\/product"}],"about":[{"href":"https:\/\/amina.is\/en\/wp-json\/wp\/v2\/types\/product"}],"version-history":[{"count":2,"href":"https:\/\/amina.is\/en\/wp-json\/wp\/v2\/product\/11611\/revisions"}],"predecessor-version":[{"id":11615,"href":"https:\/\/amina.is\/en\/wp-json\/wp\/v2\/product\/11611\/revisions\/11615"}],"wp:featuredmedia":[{"embeddable":true,"href":"https:\/\/amina.is\/en\/wp-json\/wp\/v2\/media\/11613"}],"wp:attachment":[{"href":"https:\/\/amina.is\/en\/wp-json\/wp\/v2\/media?parent=11611"}],"wp:term":[{"taxonomy":"product_brand","embeddable":true,"href":"https:\/\/amina.is\/en\/wp-json\/wp\/v2\/product_brand?post=11611"},{"taxonomy":"product_cat","embeddable":true,"href":"https:\/\/amina.is\/en\/wp-json\/wp\/v2\/product_cat?post=11611"},{"taxonomy":"product_tag","embeddable":true,"href":"https:\/\/amina.is\/en\/wp-json\/wp\/v2\/product_tag?post=11611"}],"curies":[{"name":"wp","href":"https:\/\/api.w.org\/{rel}","templated":true}]}}