{"id":11570,"date":"2023-03-26T18:16:00","date_gmt":"2023-03-26T18:16:00","guid":{"rendered":"https:\/\/amina.is\/?post_type=product&#038;p=11570"},"modified":"2026-03-10T14:04:13","modified_gmt":"2026-03-10T14:04:13","slug":"long-logan-27cm-dildo-with-balls-215cm-usable","status":"publish","type":"product","link":"https:\/\/amina.is\/en\/verslun\/pikan\/gervilimir\/long-logan-27cm-dildo-with-balls-215cm-usable\/","title":{"rendered":"Long Logan 27cm Dildo with Balls (21,5cm usable)"},"content":{"rendered":"<h5>*\u00deessi vara afhendist \u00ed innri umb\u00fa\u00f0um \u00fear sem ytri kassar eru skemmdir og er \u00fev\u00ed \u00e1 afsl\u00e6tti.<\/h5>\n<h5>Latex og phthalate fr\u00edr Gervilimur me\u00f0 sogsk\u00e1l. H\u00e6gt er a\u00f0 nota \u00feennan me\u00f0 harnessi\/strap on. Sj\u00e1 <a href=\"https:\/\/amina.is\/en\/verslun\/pikan\/annadpikan\/xr-universal-strap-on-harness\/\">h\u00e9r<\/a> e\u00f0a <a href=\"https:\/\/amina.is\/en\/verslun\/fyrir-thau\/samanth\/strap-on-harness\/\">h\u00e9r.<\/a><\/h5>\n<h5>Heildarlengd: 27,4cm. Innsetjanleg lengd: 21,5cm. Brei\u00f0asti partur: 4,5cm.<\/h5>","protected":false},"excerpt":{"rendered":"<p>Latex og phthalate fr\u00edr Gervilimur me\u00f0 sogsk\u00e1l.<\/p>","protected":false},"featured_media":11592,"template":"","meta":{"inline_featured_image":false},"product_brand":[],"product_cat":[41,42,43,884,906,93,44,35],"product_tag":[203,362,840,279,263,330],"class_list":{"0":"post-11570","1":"product","2":"type-product","3":"status-publish","4":"has-post-thumbnail","6":"product_cat-fyrir-tha","7":"product_cat-fyrir-thaer","8":"product_cat-fyrir-thau","9":"product_cat-gervilimir","10":"product_cat-gervilimirogegg","11":"product_cat-outlet","12":"product_cat-pikan","13":"product_cat-rassinn","14":"product_tag-black","15":"product_tag-dildo","16":"product_tag-gervilimur","17":"product_tag-pikan","18":"product_tag-rassinn","19":"product_tag-svartur","21":"first","22":"instock","23":"sale","24":"shipping-taxable","25":"purchasable","26":"product-type-simple"},"yoast_head":"<!-- This site is optimized with the Yoast SEO Premium plugin v21.6 (Yoast SEO v27.3) - https:\/\/yoast.com\/product\/yoast-seo-premium-wordpress\/ -->\n<title>Long Logan 27cm Dildo with Balls (21,5cm usable) &#8211; Amina<\/title>\n<meta name=\"robots\" content=\"index, follow, max-snippet:-1, max-image-preview:large, max-video-preview:-1\" \/>\n<link rel=\"canonical\" href=\"https:\/\/amina.is\/en\/verslun\/pikan\/gervilimir\/long-logan-27cm-dildo-with-balls-215cm-usable\/\" \/>\n<meta property=\"og:locale\" content=\"en_US\" \/>\n<meta property=\"og:type\" content=\"article\" \/>\n<meta property=\"og:title\" content=\"Long Logan 27cm Dildo with Balls (21,5cm usable)\" \/>\n<meta property=\"og:description\" content=\"Latex og phthalate fr\u00edr Gervilimur me\u00f0 sogsk\u00e1l.\" \/>\n<meta property=\"og:url\" content=\"https:\/\/amina.is\/en\/verslun\/pikan\/gervilimir\/long-logan-27cm-dildo-with-balls-215cm-usable\/\" \/>\n<meta property=\"og:site_name\" content=\"Amina\" \/>\n<meta property=\"article:publisher\" content=\"https:\/\/m.facebook.com\/AMINA-100767148840241\/\" \/>\n<meta property=\"article:modified_time\" content=\"2026-03-10T14:04:13+00:00\" \/>\n<meta property=\"og:image\" content=\"https:\/\/amina.is\/wp-content\/uploads\/2023\/03\/Untitled-design-48.jpg\" \/>\n\t<meta property=\"og:image:width\" content=\"1080\" \/>\n\t<meta property=\"og:image:height\" content=\"1080\" \/>\n\t<meta property=\"og:image:type\" content=\"image\/jpeg\" \/>\n<meta name=\"twitter:card\" content=\"summary_large_image\" \/>\n<meta name=\"twitter:label1\" content=\"Est. reading time\" \/>\n\t<meta name=\"twitter:data1\" content=\"1 minute\" \/>\n<script type=\"application\/ld+json\" class=\"yoast-schema-graph\">{\"@context\":\"https:\\\/\\\/schema.org\",\"@graph\":[{\"@type\":\"WebPage\",\"@id\":\"https:\\\/\\\/amina.is\\\/verslun\\\/pikan\\\/gervilimir\\\/long-logan-27cm-dildo-with-balls-215cm-usable\\\/\",\"url\":\"https:\\\/\\\/amina.is\\\/verslun\\\/pikan\\\/gervilimir\\\/long-logan-27cm-dildo-with-balls-215cm-usable\\\/\",\"name\":\"Long Logan 27cm Dildo with Balls (21,5cm usable) &#8211; Amina\",\"isPartOf\":{\"@id\":\"https:\\\/\\\/amina.is\\\/#website\"},\"primaryImageOfPage\":{\"@id\":\"https:\\\/\\\/amina.is\\\/verslun\\\/pikan\\\/gervilimir\\\/long-logan-27cm-dildo-with-balls-215cm-usable\\\/#primaryimage\"},\"image\":{\"@id\":\"https:\\\/\\\/amina.is\\\/verslun\\\/pikan\\\/gervilimir\\\/long-logan-27cm-dildo-with-balls-215cm-usable\\\/#primaryimage\"},\"thumbnailUrl\":\"https:\\\/\\\/amina.is\\\/wp-content\\\/uploads\\\/2023\\\/03\\\/Untitled-design-48.jpg\",\"datePublished\":\"2023-03-26T18:16:00+00:00\",\"dateModified\":\"2026-03-10T14:04:13+00:00\",\"breadcrumb\":{\"@id\":\"https:\\\/\\\/amina.is\\\/verslun\\\/pikan\\\/gervilimir\\\/long-logan-27cm-dildo-with-balls-215cm-usable\\\/#breadcrumb\"},\"inLanguage\":\"en-US\",\"potentialAction\":[{\"@type\":\"ReadAction\",\"target\":[\"https:\\\/\\\/amina.is\\\/verslun\\\/pikan\\\/gervilimir\\\/long-logan-27cm-dildo-with-balls-215cm-usable\\\/\"]}]},{\"@type\":\"ImageObject\",\"inLanguage\":\"en-US\",\"@id\":\"https:\\\/\\\/amina.is\\\/verslun\\\/pikan\\\/gervilimir\\\/long-logan-27cm-dildo-with-balls-215cm-usable\\\/#primaryimage\",\"url\":\"https:\\\/\\\/amina.is\\\/wp-content\\\/uploads\\\/2023\\\/03\\\/Untitled-design-48.jpg\",\"contentUrl\":\"https:\\\/\\\/amina.is\\\/wp-content\\\/uploads\\\/2023\\\/03\\\/Untitled-design-48.jpg\",\"width\":1080,\"height\":1080},{\"@type\":\"BreadcrumbList\",\"@id\":\"https:\\\/\\\/amina.is\\\/verslun\\\/pikan\\\/gervilimir\\\/long-logan-27cm-dildo-with-balls-215cm-usable\\\/#breadcrumb\",\"itemListElement\":[{\"@type\":\"ListItem\",\"position\":1,\"name\":\"Home\",\"item\":\"https:\\\/\\\/amina.is\\\/\"},{\"@type\":\"ListItem\",\"position\":2,\"name\":\"Verslun\",\"item\":\"https:\\\/\\\/amina.is\\\/verslun\\\/\"},{\"@type\":\"ListItem\",\"position\":3,\"name\":\"Long Logan 27cm Dildo with Balls (21,5cm usable)\"}]},{\"@type\":\"WebSite\",\"@id\":\"https:\\\/\\\/amina.is\\\/#website\",\"url\":\"https:\\\/\\\/amina.is\\\/\",\"name\":\"Amina\",\"description\":\"Feeling is everything - Una\u00f0sv\u00f6rur fyrir alla\",\"publisher\":{\"@id\":\"https:\\\/\\\/amina.is\\\/#organization\"},\"potentialAction\":[{\"@type\":\"SearchAction\",\"target\":{\"@type\":\"EntryPoint\",\"urlTemplate\":\"https:\\\/\\\/amina.is\\\/?s={search_term_string}\"},\"query-input\":{\"@type\":\"PropertyValueSpecification\",\"valueRequired\":true,\"valueName\":\"search_term_string\"}}],\"inLanguage\":\"en-US\"},{\"@type\":\"Organization\",\"@id\":\"https:\\\/\\\/amina.is\\\/#organization\",\"name\":\"Amina\",\"url\":\"https:\\\/\\\/amina.is\\\/\",\"logo\":{\"@type\":\"ImageObject\",\"inLanguage\":\"en-US\",\"@id\":\"https:\\\/\\\/amina.is\\\/#\\\/schema\\\/logo\\\/image\\\/\",\"url\":\"https:\\\/\\\/amina.is\\\/wp-content\\\/uploads\\\/2021\\\/09\\\/logo.png\",\"contentUrl\":\"https:\\\/\\\/amina.is\\\/wp-content\\\/uploads\\\/2021\\\/09\\\/logo.png\",\"width\":1790,\"height\":464,\"caption\":\"Amina\"},\"image\":{\"@id\":\"https:\\\/\\\/amina.is\\\/#\\\/schema\\\/logo\\\/image\\\/\"},\"sameAs\":[\"https:\\\/\\\/m.facebook.com\\\/AMINA-100767148840241\\\/\",\"https:\\\/\\\/www.instagram.com\\\/aminaverslun\\\/\"]}]}<\/script>\n<!-- \/ Yoast SEO Premium plugin. -->","yoast_head_json":{"title":"Long Logan 27cm Dildo with Balls (21,5cm usable) &#8211; Amina","robots":{"index":"index","follow":"follow","max-snippet":"max-snippet:-1","max-image-preview":"max-image-preview:large","max-video-preview":"max-video-preview:-1"},"canonical":"https:\/\/amina.is\/en\/verslun\/pikan\/gervilimir\/long-logan-27cm-dildo-with-balls-215cm-usable\/","og_locale":"en_US","og_type":"article","og_title":"Long Logan 27cm Dildo with Balls (21,5cm usable)","og_description":"Latex og phthalate fr\u00edr Gervilimur me\u00f0 sogsk\u00e1l.","og_url":"https:\/\/amina.is\/en\/verslun\/pikan\/gervilimir\/long-logan-27cm-dildo-with-balls-215cm-usable\/","og_site_name":"Amina","article_publisher":"https:\/\/m.facebook.com\/AMINA-100767148840241\/","article_modified_time":"2026-03-10T14:04:13+00:00","og_image":[{"width":1080,"height":1080,"url":"https:\/\/amina.is\/wp-content\/uploads\/2023\/03\/Untitled-design-48.jpg","type":"image\/jpeg"}],"twitter_card":"summary_large_image","twitter_misc":{"Est. reading time":"1 minute"},"schema":{"@context":"https:\/\/schema.org","@graph":[{"@type":"WebPage","@id":"https:\/\/amina.is\/verslun\/pikan\/gervilimir\/long-logan-27cm-dildo-with-balls-215cm-usable\/","url":"https:\/\/amina.is\/verslun\/pikan\/gervilimir\/long-logan-27cm-dildo-with-balls-215cm-usable\/","name":"Long Logan 27cm Dildo with Balls (21,5cm usable) &#8211; Amina","isPartOf":{"@id":"https:\/\/amina.is\/#website"},"primaryImageOfPage":{"@id":"https:\/\/amina.is\/verslun\/pikan\/gervilimir\/long-logan-27cm-dildo-with-balls-215cm-usable\/#primaryimage"},"image":{"@id":"https:\/\/amina.is\/verslun\/pikan\/gervilimir\/long-logan-27cm-dildo-with-balls-215cm-usable\/#primaryimage"},"thumbnailUrl":"https:\/\/amina.is\/wp-content\/uploads\/2023\/03\/Untitled-design-48.jpg","datePublished":"2023-03-26T18:16:00+00:00","dateModified":"2026-03-10T14:04:13+00:00","breadcrumb":{"@id":"https:\/\/amina.is\/verslun\/pikan\/gervilimir\/long-logan-27cm-dildo-with-balls-215cm-usable\/#breadcrumb"},"inLanguage":"en-US","potentialAction":[{"@type":"ReadAction","target":["https:\/\/amina.is\/verslun\/pikan\/gervilimir\/long-logan-27cm-dildo-with-balls-215cm-usable\/"]}]},{"@type":"ImageObject","inLanguage":"en-US","@id":"https:\/\/amina.is\/verslun\/pikan\/gervilimir\/long-logan-27cm-dildo-with-balls-215cm-usable\/#primaryimage","url":"https:\/\/amina.is\/wp-content\/uploads\/2023\/03\/Untitled-design-48.jpg","contentUrl":"https:\/\/amina.is\/wp-content\/uploads\/2023\/03\/Untitled-design-48.jpg","width":1080,"height":1080},{"@type":"BreadcrumbList","@id":"https:\/\/amina.is\/verslun\/pikan\/gervilimir\/long-logan-27cm-dildo-with-balls-215cm-usable\/#breadcrumb","itemListElement":[{"@type":"ListItem","position":1,"name":"Home","item":"https:\/\/amina.is\/"},{"@type":"ListItem","position":2,"name":"Verslun","item":"https:\/\/amina.is\/verslun\/"},{"@type":"ListItem","position":3,"name":"Long Logan 27cm Dildo with Balls (21,5cm usable)"}]},{"@type":"WebSite","@id":"https:\/\/amina.is\/#website","url":"https:\/\/amina.is\/","name":"Amina","description":"Feeling is everything - Una\u00f0sv\u00f6rur fyrir alla","publisher":{"@id":"https:\/\/amina.is\/#organization"},"potentialAction":[{"@type":"SearchAction","target":{"@type":"EntryPoint","urlTemplate":"https:\/\/amina.is\/?s={search_term_string}"},"query-input":{"@type":"PropertyValueSpecification","valueRequired":true,"valueName":"search_term_string"}}],"inLanguage":"en-US"},{"@type":"Organization","@id":"https:\/\/amina.is\/#organization","name":"Amina","url":"https:\/\/amina.is\/","logo":{"@type":"ImageObject","inLanguage":"en-US","@id":"https:\/\/amina.is\/#\/schema\/logo\/image\/","url":"https:\/\/amina.is\/wp-content\/uploads\/2021\/09\/logo.png","contentUrl":"https:\/\/amina.is\/wp-content\/uploads\/2021\/09\/logo.png","width":1790,"height":464,"caption":"Amina"},"image":{"@id":"https:\/\/amina.is\/#\/schema\/logo\/image\/"},"sameAs":["https:\/\/m.facebook.com\/AMINA-100767148840241\/","https:\/\/www.instagram.com\/aminaverslun\/"]}]}},"_links":{"self":[{"href":"https:\/\/amina.is\/en\/wp-json\/wp\/v2\/product\/11570","targetHints":{"allow":["GET"]}}],"collection":[{"href":"https:\/\/amina.is\/en\/wp-json\/wp\/v2\/product"}],"about":[{"href":"https:\/\/amina.is\/en\/wp-json\/wp\/v2\/types\/product"}],"version-history":[{"count":3,"href":"https:\/\/amina.is\/en\/wp-json\/wp\/v2\/product\/11570\/revisions"}],"predecessor-version":[{"id":12290,"href":"https:\/\/amina.is\/en\/wp-json\/wp\/v2\/product\/11570\/revisions\/12290"}],"wp:featuredmedia":[{"embeddable":true,"href":"https:\/\/amina.is\/en\/wp-json\/wp\/v2\/media\/11592"}],"wp:attachment":[{"href":"https:\/\/amina.is\/en\/wp-json\/wp\/v2\/media?parent=11570"}],"wp:term":[{"taxonomy":"product_brand","embeddable":true,"href":"https:\/\/amina.is\/en\/wp-json\/wp\/v2\/product_brand?post=11570"},{"taxonomy":"product_cat","embeddable":true,"href":"https:\/\/amina.is\/en\/wp-json\/wp\/v2\/product_cat?post=11570"},{"taxonomy":"product_tag","embeddable":true,"href":"https:\/\/amina.is\/en\/wp-json\/wp\/v2\/product_tag?post=11570"}],"curies":[{"name":"wp","href":"https:\/\/api.w.org\/{rel}","templated":true}]}}