{"id":11546,"date":"2023-03-26T17:31:48","date_gmt":"2023-03-26T17:31:48","guid":{"rendered":"https:\/\/amina.is\/?post_type=product&#038;p=11546"},"modified":"2025-02-07T14:50:37","modified_gmt":"2025-02-07T14:50:37","slug":"master-series-odax-sensation-wheel","status":"publish","type":"product","link":"https:\/\/amina.is\/en\/verslun\/blaeti\/sensoryplay\/master-series-odax-sensation-wheel\/","title":{"rendered":"Master Series &#8211; Odax Sensation Wheel"},"content":{"rendered":"<h5>Taktu forleikinn \u00e1 n\u00fdtt plan me\u00f0 gadda hj\u00f3linu fr\u00e1 Master Series. Prufa\u00f0u \u00feig \u00e1fram me\u00f0 mismikinn \u00fer\u00fdsting. Vi\u00f0 m\u00e6lum me\u00f0 \u00fev\u00ed a\u00f0 nota augngr\u00edmu me\u00f0 \u00feessari v\u00f6ru til \u00feess a\u00f0 skynf\u00e6rin f\u00e1i a\u00f0 nj\u00f3ta s\u00edn \u00ed botn. <a href=\"https:\/\/amina.is\/en\/verslun\/fatnadur\/naerfot-domu-fatnadur\/annadd\/satin-blindfold\/\">(Sat\u00edngr\u00edma)<\/a> <a href=\"https:\/\/amina.is\/en\/verslun\/fatnadur\/naerfot-domu-fatnadur\/annadd\/greygasms-leather-blindfold\/\">(Le\u00f0urgr\u00edma)<\/a> B\u00fai\u00f0 til \u00far ry\u00f0fr\u00edu st\u00e1li sem gefur t\u00e6kif\u00e6ri \u00e1 \u00fev\u00ed a\u00f0 taka leikinn upp \u00e1 n\u00e6sta plan me\u00f0 \u00fev\u00ed a\u00f0 hita e\u00f0a k\u00e6la hj\u00f3li\u00f0 fyrir &#8222;temperature play&#8220;.<\/h5>\n<h5>Lengd: 17,8cm. Umm\u00e1l hj\u00f3ls: 3cm.<\/h5>","protected":false},"excerpt":{"rendered":"<p>Taktu forleikinn \u00e1 n\u00fdtt plan me\u00f0 gadda hj\u00f3linu fr\u00e1 Master Series.<\/p>","protected":false},"featured_media":11594,"template":"","meta":{"inline_featured_image":false},"product_brand":[],"product_cat":[36,915],"product_tag":[324,337,310,922,923,834],"class_list":{"0":"post-11546","1":"product","2":"type-product","3":"status-publish","4":"has-post-thumbnail","6":"product_cat-blaeti","7":"product_cat-sensoryplay","8":"product_tag-blaeti","9":"product_tag-fetish","10":"product_tag-master-series","11":"product_tag-sensation-wheel","12":"product_tag-sensory","13":"product_tag-skynfaeri","15":"first","16":"instock","17":"shipping-taxable","18":"purchasable","19":"product-type-simple"},"yoast_head":"<!-- This site is optimized with the Yoast SEO Premium plugin v21.6 (Yoast SEO v27.4) - https:\/\/yoast.com\/product\/yoast-seo-premium-wordpress\/ -->\n<title>Master Series - Odax Sensation Wheel &#8211; Amina<\/title>\n<meta name=\"robots\" content=\"index, follow, max-snippet:-1, max-image-preview:large, max-video-preview:-1\" \/>\n<link rel=\"canonical\" href=\"https:\/\/amina.is\/en\/verslun\/blaeti\/sensoryplay\/master-series-odax-sensation-wheel\/\" \/>\n<meta property=\"og:locale\" content=\"en_US\" \/>\n<meta property=\"og:type\" content=\"article\" \/>\n<meta property=\"og:title\" content=\"Master Series - Odax Sensation Wheel\" \/>\n<meta property=\"og:description\" content=\"Taktu forleikinn \u00e1 n\u00fdtt plan me\u00f0 gadda hj\u00f3linu fr\u00e1 Master Series.\" \/>\n<meta property=\"og:url\" content=\"https:\/\/amina.is\/en\/verslun\/blaeti\/sensoryplay\/master-series-odax-sensation-wheel\/\" \/>\n<meta property=\"og:site_name\" content=\"Amina\" \/>\n<meta property=\"article:publisher\" content=\"https:\/\/m.facebook.com\/AMINA-100767148840241\/\" \/>\n<meta property=\"article:modified_time\" content=\"2025-02-07T14:50:37+00:00\" \/>\n<meta property=\"og:image\" content=\"https:\/\/amina.is\/wp-content\/uploads\/2023\/03\/Untitled-design-51.jpg\" \/>\n\t<meta property=\"og:image:width\" content=\"1080\" \/>\n\t<meta property=\"og:image:height\" content=\"1080\" \/>\n\t<meta property=\"og:image:type\" content=\"image\/jpeg\" \/>\n<meta name=\"twitter:card\" content=\"summary_large_image\" \/>\n<meta name=\"twitter:label1\" content=\"Est. reading time\" \/>\n\t<meta name=\"twitter:data1\" content=\"1 minute\" \/>\n<script type=\"application\/ld+json\" class=\"yoast-schema-graph\">{\"@context\":\"https:\\\/\\\/schema.org\",\"@graph\":[{\"@type\":\"WebPage\",\"@id\":\"https:\\\/\\\/amina.is\\\/verslun\\\/blaeti\\\/sensoryplay\\\/master-series-odax-sensation-wheel\\\/\",\"url\":\"https:\\\/\\\/amina.is\\\/verslun\\\/blaeti\\\/sensoryplay\\\/master-series-odax-sensation-wheel\\\/\",\"name\":\"Master Series - Odax Sensation Wheel &#8211; Amina\",\"isPartOf\":{\"@id\":\"https:\\\/\\\/amina.is\\\/#website\"},\"primaryImageOfPage\":{\"@id\":\"https:\\\/\\\/amina.is\\\/verslun\\\/blaeti\\\/sensoryplay\\\/master-series-odax-sensation-wheel\\\/#primaryimage\"},\"image\":{\"@id\":\"https:\\\/\\\/amina.is\\\/verslun\\\/blaeti\\\/sensoryplay\\\/master-series-odax-sensation-wheel\\\/#primaryimage\"},\"thumbnailUrl\":\"https:\\\/\\\/amina.is\\\/wp-content\\\/uploads\\\/2023\\\/03\\\/Untitled-design-51.jpg\",\"datePublished\":\"2023-03-26T17:31:48+00:00\",\"dateModified\":\"2025-02-07T14:50:37+00:00\",\"breadcrumb\":{\"@id\":\"https:\\\/\\\/amina.is\\\/verslun\\\/blaeti\\\/sensoryplay\\\/master-series-odax-sensation-wheel\\\/#breadcrumb\"},\"inLanguage\":\"en-US\",\"potentialAction\":[{\"@type\":\"ReadAction\",\"target\":[\"https:\\\/\\\/amina.is\\\/verslun\\\/blaeti\\\/sensoryplay\\\/master-series-odax-sensation-wheel\\\/\"]}]},{\"@type\":\"ImageObject\",\"inLanguage\":\"en-US\",\"@id\":\"https:\\\/\\\/amina.is\\\/verslun\\\/blaeti\\\/sensoryplay\\\/master-series-odax-sensation-wheel\\\/#primaryimage\",\"url\":\"https:\\\/\\\/amina.is\\\/wp-content\\\/uploads\\\/2023\\\/03\\\/Untitled-design-51.jpg\",\"contentUrl\":\"https:\\\/\\\/amina.is\\\/wp-content\\\/uploads\\\/2023\\\/03\\\/Untitled-design-51.jpg\",\"width\":1080,\"height\":1080},{\"@type\":\"BreadcrumbList\",\"@id\":\"https:\\\/\\\/amina.is\\\/verslun\\\/blaeti\\\/sensoryplay\\\/master-series-odax-sensation-wheel\\\/#breadcrumb\",\"itemListElement\":[{\"@type\":\"ListItem\",\"position\":1,\"name\":\"Home\",\"item\":\"https:\\\/\\\/amina.is\\\/\"},{\"@type\":\"ListItem\",\"position\":2,\"name\":\"Verslun\",\"item\":\"https:\\\/\\\/amina.is\\\/verslun\\\/\"},{\"@type\":\"ListItem\",\"position\":3,\"name\":\"Master Series &#8211; Odax Sensation Wheel\"}]},{\"@type\":\"WebSite\",\"@id\":\"https:\\\/\\\/amina.is\\\/#website\",\"url\":\"https:\\\/\\\/amina.is\\\/\",\"name\":\"Amina\",\"description\":\"Feeling is everything - Una\u00f0sv\u00f6rur fyrir alla\",\"publisher\":{\"@id\":\"https:\\\/\\\/amina.is\\\/#organization\"},\"potentialAction\":[{\"@type\":\"SearchAction\",\"target\":{\"@type\":\"EntryPoint\",\"urlTemplate\":\"https:\\\/\\\/amina.is\\\/?s={search_term_string}\"},\"query-input\":{\"@type\":\"PropertyValueSpecification\",\"valueRequired\":true,\"valueName\":\"search_term_string\"}}],\"inLanguage\":\"en-US\"},{\"@type\":\"Organization\",\"@id\":\"https:\\\/\\\/amina.is\\\/#organization\",\"name\":\"Amina\",\"url\":\"https:\\\/\\\/amina.is\\\/\",\"logo\":{\"@type\":\"ImageObject\",\"inLanguage\":\"en-US\",\"@id\":\"https:\\\/\\\/amina.is\\\/#\\\/schema\\\/logo\\\/image\\\/\",\"url\":\"https:\\\/\\\/amina.is\\\/wp-content\\\/uploads\\\/2021\\\/09\\\/logo.png\",\"contentUrl\":\"https:\\\/\\\/amina.is\\\/wp-content\\\/uploads\\\/2021\\\/09\\\/logo.png\",\"width\":1790,\"height\":464,\"caption\":\"Amina\"},\"image\":{\"@id\":\"https:\\\/\\\/amina.is\\\/#\\\/schema\\\/logo\\\/image\\\/\"},\"sameAs\":[\"https:\\\/\\\/m.facebook.com\\\/AMINA-100767148840241\\\/\",\"https:\\\/\\\/www.instagram.com\\\/aminaverslun\\\/\"]}]}<\/script>\n<!-- \/ Yoast SEO Premium plugin. -->","yoast_head_json":{"title":"Master Series - Odax Sensation Wheel &#8211; Amina","robots":{"index":"index","follow":"follow","max-snippet":"max-snippet:-1","max-image-preview":"max-image-preview:large","max-video-preview":"max-video-preview:-1"},"canonical":"https:\/\/amina.is\/en\/verslun\/blaeti\/sensoryplay\/master-series-odax-sensation-wheel\/","og_locale":"en_US","og_type":"article","og_title":"Master Series - Odax Sensation Wheel","og_description":"Taktu forleikinn \u00e1 n\u00fdtt plan me\u00f0 gadda hj\u00f3linu fr\u00e1 Master Series.","og_url":"https:\/\/amina.is\/en\/verslun\/blaeti\/sensoryplay\/master-series-odax-sensation-wheel\/","og_site_name":"Amina","article_publisher":"https:\/\/m.facebook.com\/AMINA-100767148840241\/","article_modified_time":"2025-02-07T14:50:37+00:00","og_image":[{"width":1080,"height":1080,"url":"https:\/\/amina.is\/wp-content\/uploads\/2023\/03\/Untitled-design-51.jpg","type":"image\/jpeg"}],"twitter_card":"summary_large_image","twitter_misc":{"Est. reading time":"1 minute"},"schema":{"@context":"https:\/\/schema.org","@graph":[{"@type":"WebPage","@id":"https:\/\/amina.is\/verslun\/blaeti\/sensoryplay\/master-series-odax-sensation-wheel\/","url":"https:\/\/amina.is\/verslun\/blaeti\/sensoryplay\/master-series-odax-sensation-wheel\/","name":"Master Series - Odax Sensation Wheel &#8211; Amina","isPartOf":{"@id":"https:\/\/amina.is\/#website"},"primaryImageOfPage":{"@id":"https:\/\/amina.is\/verslun\/blaeti\/sensoryplay\/master-series-odax-sensation-wheel\/#primaryimage"},"image":{"@id":"https:\/\/amina.is\/verslun\/blaeti\/sensoryplay\/master-series-odax-sensation-wheel\/#primaryimage"},"thumbnailUrl":"https:\/\/amina.is\/wp-content\/uploads\/2023\/03\/Untitled-design-51.jpg","datePublished":"2023-03-26T17:31:48+00:00","dateModified":"2025-02-07T14:50:37+00:00","breadcrumb":{"@id":"https:\/\/amina.is\/verslun\/blaeti\/sensoryplay\/master-series-odax-sensation-wheel\/#breadcrumb"},"inLanguage":"en-US","potentialAction":[{"@type":"ReadAction","target":["https:\/\/amina.is\/verslun\/blaeti\/sensoryplay\/master-series-odax-sensation-wheel\/"]}]},{"@type":"ImageObject","inLanguage":"en-US","@id":"https:\/\/amina.is\/verslun\/blaeti\/sensoryplay\/master-series-odax-sensation-wheel\/#primaryimage","url":"https:\/\/amina.is\/wp-content\/uploads\/2023\/03\/Untitled-design-51.jpg","contentUrl":"https:\/\/amina.is\/wp-content\/uploads\/2023\/03\/Untitled-design-51.jpg","width":1080,"height":1080},{"@type":"BreadcrumbList","@id":"https:\/\/amina.is\/verslun\/blaeti\/sensoryplay\/master-series-odax-sensation-wheel\/#breadcrumb","itemListElement":[{"@type":"ListItem","position":1,"name":"Home","item":"https:\/\/amina.is\/"},{"@type":"ListItem","position":2,"name":"Verslun","item":"https:\/\/amina.is\/verslun\/"},{"@type":"ListItem","position":3,"name":"Master Series &#8211; Odax Sensation Wheel"}]},{"@type":"WebSite","@id":"https:\/\/amina.is\/#website","url":"https:\/\/amina.is\/","name":"Amina","description":"Feeling is everything - Una\u00f0sv\u00f6rur fyrir alla","publisher":{"@id":"https:\/\/amina.is\/#organization"},"potentialAction":[{"@type":"SearchAction","target":{"@type":"EntryPoint","urlTemplate":"https:\/\/amina.is\/?s={search_term_string}"},"query-input":{"@type":"PropertyValueSpecification","valueRequired":true,"valueName":"search_term_string"}}],"inLanguage":"en-US"},{"@type":"Organization","@id":"https:\/\/amina.is\/#organization","name":"Amina","url":"https:\/\/amina.is\/","logo":{"@type":"ImageObject","inLanguage":"en-US","@id":"https:\/\/amina.is\/#\/schema\/logo\/image\/","url":"https:\/\/amina.is\/wp-content\/uploads\/2021\/09\/logo.png","contentUrl":"https:\/\/amina.is\/wp-content\/uploads\/2021\/09\/logo.png","width":1790,"height":464,"caption":"Amina"},"image":{"@id":"https:\/\/amina.is\/#\/schema\/logo\/image\/"},"sameAs":["https:\/\/m.facebook.com\/AMINA-100767148840241\/","https:\/\/www.instagram.com\/aminaverslun\/"]}]}},"_links":{"self":[{"href":"https:\/\/amina.is\/en\/wp-json\/wp\/v2\/product\/11546","targetHints":{"allow":["GET"]}}],"collection":[{"href":"https:\/\/amina.is\/en\/wp-json\/wp\/v2\/product"}],"about":[{"href":"https:\/\/amina.is\/en\/wp-json\/wp\/v2\/types\/product"}],"version-history":[{"count":1,"href":"https:\/\/amina.is\/en\/wp-json\/wp\/v2\/product\/11546\/revisions"}],"predecessor-version":[{"id":11550,"href":"https:\/\/amina.is\/en\/wp-json\/wp\/v2\/product\/11546\/revisions\/11550"}],"wp:featuredmedia":[{"embeddable":true,"href":"https:\/\/amina.is\/en\/wp-json\/wp\/v2\/media\/11594"}],"wp:attachment":[{"href":"https:\/\/amina.is\/en\/wp-json\/wp\/v2\/media?parent=11546"}],"wp:term":[{"taxonomy":"product_brand","embeddable":true,"href":"https:\/\/amina.is\/en\/wp-json\/wp\/v2\/product_brand?post=11546"},{"taxonomy":"product_cat","embeddable":true,"href":"https:\/\/amina.is\/en\/wp-json\/wp\/v2\/product_cat?post=11546"},{"taxonomy":"product_tag","embeddable":true,"href":"https:\/\/amina.is\/en\/wp-json\/wp\/v2\/product_tag?post=11546"}],"curies":[{"name":"wp","href":"https:\/\/api.w.org\/{rel}","templated":true}]}}