{"id":11528,"date":"2023-03-25T20:06:20","date_gmt":"2023-03-25T20:06:20","guid":{"rendered":"https:\/\/amina.is\/?post_type=product&#038;p=11528"},"modified":"2023-03-25T20:06:22","modified_gmt":"2023-03-25T20:06:22","slug":"xr-brands-dental-mouth-gag","status":"publish","type":"product","link":"https:\/\/amina.is\/en\/verslun\/blaeti\/spitaliblaeti\/xr-brands-dental-mouth-gag\/","title":{"rendered":"XR Brands &#8211; &#8222;Dental&#8220; Mouth Gag"},"content":{"rendered":"<h5>Tannl\u00e6knar og l\u00e6knar nota \u00feennan b\u00fana\u00f0 til \u00feess a\u00f0 halda kj\u00e1lkanum opnum \u00ed sko\u00f0unum og a\u00f0ger\u00f0um. B\u00fai\u00f0 til \u00far h\u00e1g\u00e6\u00f0a st\u00e1li me\u00f0 mattri \u00e1fer\u00f0.<\/h5>\n<h5>Breidd 14cm. Opnast 5cm a\u00f0 ytra m\u00e1li, 3,7 cm innra a\u00f0 m\u00e1li.<\/h5>","protected":false},"excerpt":{"rendered":"<p>Tannl\u00e6knar og l\u00e6knar nota \u00feennan b\u00fana\u00f0 til \u00feess a\u00f0 halda kj\u00e1lkanum opnum \u00ed sko\u00f0unum og a\u00f0ger\u00f0um.<\/p>","protected":false},"featured_media":11530,"template":"","meta":{"inline_featured_image":false},"product_brand":[],"product_cat":[36,914,893],"product_tag":[87,699,744],"class_list":{"0":"post-11528","1":"product","2":"type-product","3":"status-publish","4":"has-post-thumbnail","6":"product_cat-blaeti","7":"product_cat-handjarnofl","8":"product_cat-spitaliblaeti","9":"product_tag-gag","10":"product_tag-mouth-gag","11":"product_tag-xr-brands","13":"first","14":"instock","15":"shipping-taxable","16":"purchasable","17":"product-type-simple"},"yoast_head":"<!-- This site is optimized with the Yoast SEO Premium plugin v21.6 (Yoast SEO v27.3) - https:\/\/yoast.com\/product\/yoast-seo-premium-wordpress\/ -->\n<title>XR Brands - &quot;Dental&quot; Mouth Gag &#8211; Amina<\/title>\n<meta name=\"robots\" content=\"index, follow, max-snippet:-1, max-image-preview:large, max-video-preview:-1\" \/>\n<link rel=\"canonical\" href=\"https:\/\/amina.is\/en\/verslun\/blaeti\/spitaliblaeti\/xr-brands-dental-mouth-gag\/\" \/>\n<meta property=\"og:locale\" content=\"en_US\" \/>\n<meta property=\"og:type\" content=\"article\" \/>\n<meta property=\"og:title\" content=\"XR Brands - &quot;Dental&quot; Mouth Gag\" \/>\n<meta property=\"og:description\" content=\"Tannl\u00e6knar og l\u00e6knar nota \u00feennan b\u00fana\u00f0 til \u00feess a\u00f0 halda kj\u00e1lkanum opnum \u00ed sko\u00f0unum og a\u00f0ger\u00f0um.\" \/>\n<meta property=\"og:url\" content=\"https:\/\/amina.is\/en\/verslun\/blaeti\/spitaliblaeti\/xr-brands-dental-mouth-gag\/\" \/>\n<meta property=\"og:site_name\" content=\"Amina\" \/>\n<meta property=\"article:publisher\" content=\"https:\/\/m.facebook.com\/AMINA-100767148840241\/\" \/>\n<meta property=\"article:modified_time\" content=\"2023-03-25T20:06:22+00:00\" \/>\n<meta property=\"og:image\" content=\"https:\/\/amina.is\/wp-content\/uploads\/2023\/03\/Untitled-design-33.jpg\" \/>\n\t<meta property=\"og:image:width\" content=\"1080\" \/>\n\t<meta property=\"og:image:height\" content=\"1080\" \/>\n\t<meta property=\"og:image:type\" content=\"image\/jpeg\" \/>\n<meta name=\"twitter:card\" content=\"summary_large_image\" \/>\n<meta name=\"twitter:label1\" content=\"Est. reading time\" \/>\n\t<meta name=\"twitter:data1\" content=\"1 minute\" \/>\n<script type=\"application\/ld+json\" class=\"yoast-schema-graph\">{\"@context\":\"https:\\\/\\\/schema.org\",\"@graph\":[{\"@type\":\"WebPage\",\"@id\":\"https:\\\/\\\/amina.is\\\/verslun\\\/blaeti\\\/spitaliblaeti\\\/xr-brands-dental-mouth-gag\\\/\",\"url\":\"https:\\\/\\\/amina.is\\\/verslun\\\/blaeti\\\/spitaliblaeti\\\/xr-brands-dental-mouth-gag\\\/\",\"name\":\"XR Brands - \\\"Dental\\\" Mouth Gag &#8211; Amina\",\"isPartOf\":{\"@id\":\"https:\\\/\\\/amina.is\\\/#website\"},\"primaryImageOfPage\":{\"@id\":\"https:\\\/\\\/amina.is\\\/verslun\\\/blaeti\\\/spitaliblaeti\\\/xr-brands-dental-mouth-gag\\\/#primaryimage\"},\"image\":{\"@id\":\"https:\\\/\\\/amina.is\\\/verslun\\\/blaeti\\\/spitaliblaeti\\\/xr-brands-dental-mouth-gag\\\/#primaryimage\"},\"thumbnailUrl\":\"https:\\\/\\\/amina.is\\\/wp-content\\\/uploads\\\/2023\\\/03\\\/Untitled-design-33.jpg\",\"datePublished\":\"2023-03-25T20:06:20+00:00\",\"dateModified\":\"2023-03-25T20:06:22+00:00\",\"breadcrumb\":{\"@id\":\"https:\\\/\\\/amina.is\\\/verslun\\\/blaeti\\\/spitaliblaeti\\\/xr-brands-dental-mouth-gag\\\/#breadcrumb\"},\"inLanguage\":\"en-US\",\"potentialAction\":[{\"@type\":\"ReadAction\",\"target\":[\"https:\\\/\\\/amina.is\\\/verslun\\\/blaeti\\\/spitaliblaeti\\\/xr-brands-dental-mouth-gag\\\/\"]}]},{\"@type\":\"ImageObject\",\"inLanguage\":\"en-US\",\"@id\":\"https:\\\/\\\/amina.is\\\/verslun\\\/blaeti\\\/spitaliblaeti\\\/xr-brands-dental-mouth-gag\\\/#primaryimage\",\"url\":\"https:\\\/\\\/amina.is\\\/wp-content\\\/uploads\\\/2023\\\/03\\\/Untitled-design-33.jpg\",\"contentUrl\":\"https:\\\/\\\/amina.is\\\/wp-content\\\/uploads\\\/2023\\\/03\\\/Untitled-design-33.jpg\",\"width\":1080,\"height\":1080},{\"@type\":\"BreadcrumbList\",\"@id\":\"https:\\\/\\\/amina.is\\\/verslun\\\/blaeti\\\/spitaliblaeti\\\/xr-brands-dental-mouth-gag\\\/#breadcrumb\",\"itemListElement\":[{\"@type\":\"ListItem\",\"position\":1,\"name\":\"Home\",\"item\":\"https:\\\/\\\/amina.is\\\/\"},{\"@type\":\"ListItem\",\"position\":2,\"name\":\"Verslun\",\"item\":\"https:\\\/\\\/amina.is\\\/verslun\\\/\"},{\"@type\":\"ListItem\",\"position\":3,\"name\":\"XR Brands &#8211; &#8220;Dental&#8221; Mouth Gag\"}]},{\"@type\":\"WebSite\",\"@id\":\"https:\\\/\\\/amina.is\\\/#website\",\"url\":\"https:\\\/\\\/amina.is\\\/\",\"name\":\"Amina\",\"description\":\"Feeling is everything - Una\u00f0sv\u00f6rur fyrir alla\",\"publisher\":{\"@id\":\"https:\\\/\\\/amina.is\\\/#organization\"},\"potentialAction\":[{\"@type\":\"SearchAction\",\"target\":{\"@type\":\"EntryPoint\",\"urlTemplate\":\"https:\\\/\\\/amina.is\\\/?s={search_term_string}\"},\"query-input\":{\"@type\":\"PropertyValueSpecification\",\"valueRequired\":true,\"valueName\":\"search_term_string\"}}],\"inLanguage\":\"en-US\"},{\"@type\":\"Organization\",\"@id\":\"https:\\\/\\\/amina.is\\\/#organization\",\"name\":\"Amina\",\"url\":\"https:\\\/\\\/amina.is\\\/\",\"logo\":{\"@type\":\"ImageObject\",\"inLanguage\":\"en-US\",\"@id\":\"https:\\\/\\\/amina.is\\\/#\\\/schema\\\/logo\\\/image\\\/\",\"url\":\"https:\\\/\\\/amina.is\\\/wp-content\\\/uploads\\\/2021\\\/09\\\/logo.png\",\"contentUrl\":\"https:\\\/\\\/amina.is\\\/wp-content\\\/uploads\\\/2021\\\/09\\\/logo.png\",\"width\":1790,\"height\":464,\"caption\":\"Amina\"},\"image\":{\"@id\":\"https:\\\/\\\/amina.is\\\/#\\\/schema\\\/logo\\\/image\\\/\"},\"sameAs\":[\"https:\\\/\\\/m.facebook.com\\\/AMINA-100767148840241\\\/\",\"https:\\\/\\\/www.instagram.com\\\/aminaverslun\\\/\"]}]}<\/script>\n<!-- \/ Yoast SEO Premium plugin. -->","yoast_head_json":{"title":"XR Brands - \"Dental\" Mouth Gag &#8211; Amina","robots":{"index":"index","follow":"follow","max-snippet":"max-snippet:-1","max-image-preview":"max-image-preview:large","max-video-preview":"max-video-preview:-1"},"canonical":"https:\/\/amina.is\/en\/verslun\/blaeti\/spitaliblaeti\/xr-brands-dental-mouth-gag\/","og_locale":"en_US","og_type":"article","og_title":"XR Brands - \"Dental\" Mouth Gag","og_description":"Tannl\u00e6knar og l\u00e6knar nota \u00feennan b\u00fana\u00f0 til \u00feess a\u00f0 halda kj\u00e1lkanum opnum \u00ed sko\u00f0unum og a\u00f0ger\u00f0um.","og_url":"https:\/\/amina.is\/en\/verslun\/blaeti\/spitaliblaeti\/xr-brands-dental-mouth-gag\/","og_site_name":"Amina","article_publisher":"https:\/\/m.facebook.com\/AMINA-100767148840241\/","article_modified_time":"2023-03-25T20:06:22+00:00","og_image":[{"width":1080,"height":1080,"url":"https:\/\/amina.is\/wp-content\/uploads\/2023\/03\/Untitled-design-33.jpg","type":"image\/jpeg"}],"twitter_card":"summary_large_image","twitter_misc":{"Est. reading time":"1 minute"},"schema":{"@context":"https:\/\/schema.org","@graph":[{"@type":"WebPage","@id":"https:\/\/amina.is\/verslun\/blaeti\/spitaliblaeti\/xr-brands-dental-mouth-gag\/","url":"https:\/\/amina.is\/verslun\/blaeti\/spitaliblaeti\/xr-brands-dental-mouth-gag\/","name":"XR Brands - \"Dental\" Mouth Gag &#8211; Amina","isPartOf":{"@id":"https:\/\/amina.is\/#website"},"primaryImageOfPage":{"@id":"https:\/\/amina.is\/verslun\/blaeti\/spitaliblaeti\/xr-brands-dental-mouth-gag\/#primaryimage"},"image":{"@id":"https:\/\/amina.is\/verslun\/blaeti\/spitaliblaeti\/xr-brands-dental-mouth-gag\/#primaryimage"},"thumbnailUrl":"https:\/\/amina.is\/wp-content\/uploads\/2023\/03\/Untitled-design-33.jpg","datePublished":"2023-03-25T20:06:20+00:00","dateModified":"2023-03-25T20:06:22+00:00","breadcrumb":{"@id":"https:\/\/amina.is\/verslun\/blaeti\/spitaliblaeti\/xr-brands-dental-mouth-gag\/#breadcrumb"},"inLanguage":"en-US","potentialAction":[{"@type":"ReadAction","target":["https:\/\/amina.is\/verslun\/blaeti\/spitaliblaeti\/xr-brands-dental-mouth-gag\/"]}]},{"@type":"ImageObject","inLanguage":"en-US","@id":"https:\/\/amina.is\/verslun\/blaeti\/spitaliblaeti\/xr-brands-dental-mouth-gag\/#primaryimage","url":"https:\/\/amina.is\/wp-content\/uploads\/2023\/03\/Untitled-design-33.jpg","contentUrl":"https:\/\/amina.is\/wp-content\/uploads\/2023\/03\/Untitled-design-33.jpg","width":1080,"height":1080},{"@type":"BreadcrumbList","@id":"https:\/\/amina.is\/verslun\/blaeti\/spitaliblaeti\/xr-brands-dental-mouth-gag\/#breadcrumb","itemListElement":[{"@type":"ListItem","position":1,"name":"Home","item":"https:\/\/amina.is\/"},{"@type":"ListItem","position":2,"name":"Verslun","item":"https:\/\/amina.is\/verslun\/"},{"@type":"ListItem","position":3,"name":"XR Brands &#8211; &#8220;Dental&#8221; Mouth Gag"}]},{"@type":"WebSite","@id":"https:\/\/amina.is\/#website","url":"https:\/\/amina.is\/","name":"Amina","description":"Feeling is everything - Una\u00f0sv\u00f6rur fyrir alla","publisher":{"@id":"https:\/\/amina.is\/#organization"},"potentialAction":[{"@type":"SearchAction","target":{"@type":"EntryPoint","urlTemplate":"https:\/\/amina.is\/?s={search_term_string}"},"query-input":{"@type":"PropertyValueSpecification","valueRequired":true,"valueName":"search_term_string"}}],"inLanguage":"en-US"},{"@type":"Organization","@id":"https:\/\/amina.is\/#organization","name":"Amina","url":"https:\/\/amina.is\/","logo":{"@type":"ImageObject","inLanguage":"en-US","@id":"https:\/\/amina.is\/#\/schema\/logo\/image\/","url":"https:\/\/amina.is\/wp-content\/uploads\/2021\/09\/logo.png","contentUrl":"https:\/\/amina.is\/wp-content\/uploads\/2021\/09\/logo.png","width":1790,"height":464,"caption":"Amina"},"image":{"@id":"https:\/\/amina.is\/#\/schema\/logo\/image\/"},"sameAs":["https:\/\/m.facebook.com\/AMINA-100767148840241\/","https:\/\/www.instagram.com\/aminaverslun\/"]}]}},"_links":{"self":[{"href":"https:\/\/amina.is\/en\/wp-json\/wp\/v2\/product\/11528","targetHints":{"allow":["GET"]}}],"collection":[{"href":"https:\/\/amina.is\/en\/wp-json\/wp\/v2\/product"}],"about":[{"href":"https:\/\/amina.is\/en\/wp-json\/wp\/v2\/types\/product"}],"version-history":[{"count":1,"href":"https:\/\/amina.is\/en\/wp-json\/wp\/v2\/product\/11528\/revisions"}],"predecessor-version":[{"id":11531,"href":"https:\/\/amina.is\/en\/wp-json\/wp\/v2\/product\/11528\/revisions\/11531"}],"wp:featuredmedia":[{"embeddable":true,"href":"https:\/\/amina.is\/en\/wp-json\/wp\/v2\/media\/11530"}],"wp:attachment":[{"href":"https:\/\/amina.is\/en\/wp-json\/wp\/v2\/media?parent=11528"}],"wp:term":[{"taxonomy":"product_brand","embeddable":true,"href":"https:\/\/amina.is\/en\/wp-json\/wp\/v2\/product_brand?post=11528"},{"taxonomy":"product_cat","embeddable":true,"href":"https:\/\/amina.is\/en\/wp-json\/wp\/v2\/product_cat?post=11528"},{"taxonomy":"product_tag","embeddable":true,"href":"https:\/\/amina.is\/en\/wp-json\/wp\/v2\/product_tag?post=11528"}],"curies":[{"name":"wp","href":"https:\/\/api.w.org\/{rel}","templated":true}]}}