{"id":11401,"date":"2023-03-02T21:59:22","date_gmt":"2023-03-02T21:59:22","guid":{"rendered":"https:\/\/amina.is\/?post_type=product&#038;p=11401"},"modified":"2026-02-12T18:32:02","modified_gmt":"2026-02-12T18:32:02","slug":"monster-dildo","status":"publish","type":"product","link":"https:\/\/amina.is\/en\/verslun\/pikan\/annadpikan\/monster-dildo\/","title":{"rendered":"Creature &#8211; Monstropus Tentacled Monster Silicone Dildo"},"content":{"rendered":"<h5>Kolkrabba dild\u00f3! \u00d6rmj\u00f3r toppur, \u00feykkur botn og me\u00f0 \u00e1fer\u00f0 sem mun \u00e1n efa veita \u00fe\u00e9r einstaka tilfinningu. Fullkominn \u00ed hlutverkaleikinn e\u00f0a sem skemmtileg tilbreyting. Hann er me\u00f0 sterkri sogsk\u00e1l og \u00fea\u00f0 er h\u00e6gt a\u00f0 nota hann me\u00f0 strap-on harnessi. Hann er ger\u00f0ur \u00far h\u00e1g\u00e6\u00f0a s\u00edlikoni og er phthalate fr\u00edr. Noti\u00f0 a\u00f0eins vatnsuppleysanleg sleypiefni. \u00devoi\u00f0 me\u00f0 mildri s\u00e1pu og sprauti\u00f0 <a href=\"https:\/\/amina.is\/en\/verslun\/smur-verjur\/thrif\/anti-bacterial-toy-cleaner\/\">leikfangahreinsi<\/a> \u00e1 til a\u00f0 s\u00f3tthreinsa eftir notkun.<\/h5>\n<h5>Heildarlengd: 21,6cm.\u00a0Innsetjanleg lengd: 19,3cm. Mj\u00f3asti partur: Umm\u00e1l 2,5cm. \u00deykkasti partur: Umm\u00e1l 8,6cm.<\/h5>\n<h5><\/h5>\n<h5><\/h5>","protected":false},"excerpt":{"rendered":"<p>Kolkrabba dild\u00f3! \u00d6rmj\u00f3r toppur, \u00feykkur botn og me\u00f0 \u00e1fer\u00f0 sem mun \u00e1n efa veita \u00fe\u00e9r einstaka tilfinningu.<\/p>","protected":false},"featured_media":11410,"template":"","meta":{"inline_featured_image":false},"product_brand":[],"product_cat":[887,908,36,41,42,43,44,917,35,913],"product_tag":[781,362,918],"class_list":{"0":"post-11401","1":"product","2":"type-product","3":"status-publish","4":"has-post-thumbnail","6":"product_cat-annadpikan","7":"product_cat-annadrassinn","8":"product_cat-blaeti","9":"product_cat-fyrir-tha","10":"product_cat-fyrir-thaer","11":"product_cat-fyrir-thau","12":"product_cat-pikan","13":"product_cat-pikan-blaeti","14":"product_cat-rassinn","15":"product_cat-rassinn-hollow-plugs-ofl","16":"product_tag-creature-cocks","17":"product_tag-dildo","18":"product_tag-kolkrabbi","20":"first","21":"outofstock","22":"shipping-taxable","23":"purchasable","24":"product-type-simple"},"yoast_head":"<!-- This site is optimized with the Yoast SEO Premium plugin v21.6 (Yoast SEO v27.4) - https:\/\/yoast.com\/product\/yoast-seo-premium-wordpress\/ -->\n<title>Creature - Monstropus Tentacled Monster Silicone Dildo &#8211; Amina<\/title>\n<meta name=\"description\" content=\"Kolkrabba dild\u00f3! \u00d6rmj\u00f3r toppur, \u00feykkur botn og me\u00f0 \u00e1fer\u00f0 sem mun \u00e1n efa veita \u00fe\u00e9r einstaka tilfinningu.\" \/>\n<meta name=\"robots\" content=\"index, follow, max-snippet:-1, max-image-preview:large, max-video-preview:-1\" \/>\n<link rel=\"canonical\" href=\"https:\/\/amina.is\/en\/verslun\/pikan\/annadpikan\/monster-dildo\/\" \/>\n<meta property=\"og:locale\" content=\"en_US\" \/>\n<meta property=\"og:type\" content=\"article\" \/>\n<meta property=\"og:title\" content=\"Creature - Monstropus Tentacled Monster Silicone Dildo\" \/>\n<meta property=\"og:description\" content=\"Kolkrabba dild\u00f3! \u00d6rmj\u00f3r toppur, \u00feykkur botn og me\u00f0 \u00e1fer\u00f0 sem mun \u00e1n efa veita \u00fe\u00e9r einstaka tilfinningu.\" \/>\n<meta property=\"og:url\" content=\"https:\/\/amina.is\/en\/verslun\/pikan\/annadpikan\/monster-dildo\/\" \/>\n<meta property=\"og:site_name\" content=\"Amina\" \/>\n<meta property=\"article:publisher\" content=\"https:\/\/m.facebook.com\/AMINA-100767148840241\/\" \/>\n<meta property=\"article:modified_time\" content=\"2026-02-12T18:32:02+00:00\" \/>\n<meta property=\"og:image\" content=\"https:\/\/amina.is\/wp-content\/uploads\/2023\/03\/Untitled-design-31.jpg\" \/>\n\t<meta property=\"og:image:width\" content=\"1080\" \/>\n\t<meta property=\"og:image:height\" content=\"1080\" \/>\n\t<meta property=\"og:image:type\" content=\"image\/jpeg\" \/>\n<meta name=\"twitter:card\" content=\"summary_large_image\" \/>\n<meta name=\"twitter:label1\" content=\"Est. reading time\" \/>\n\t<meta name=\"twitter:data1\" content=\"1 minute\" \/>\n<script type=\"application\/ld+json\" class=\"yoast-schema-graph\">{\"@context\":\"https:\\\/\\\/schema.org\",\"@graph\":[{\"@type\":\"WebPage\",\"@id\":\"https:\\\/\\\/amina.is\\\/verslun\\\/pikan\\\/annadpikan\\\/monster-dildo\\\/\",\"url\":\"https:\\\/\\\/amina.is\\\/verslun\\\/pikan\\\/annadpikan\\\/monster-dildo\\\/\",\"name\":\"Creature - Monstropus Tentacled Monster Silicone Dildo &#8211; Amina\",\"isPartOf\":{\"@id\":\"https:\\\/\\\/amina.is\\\/#website\"},\"primaryImageOfPage\":{\"@id\":\"https:\\\/\\\/amina.is\\\/verslun\\\/pikan\\\/annadpikan\\\/monster-dildo\\\/#primaryimage\"},\"image\":{\"@id\":\"https:\\\/\\\/amina.is\\\/verslun\\\/pikan\\\/annadpikan\\\/monster-dildo\\\/#primaryimage\"},\"thumbnailUrl\":\"https:\\\/\\\/amina.is\\\/wp-content\\\/uploads\\\/2023\\\/03\\\/Untitled-design-31.jpg\",\"datePublished\":\"2023-03-02T21:59:22+00:00\",\"dateModified\":\"2026-02-12T18:32:02+00:00\",\"description\":\"Kolkrabba dild\u00f3! \u00d6rmj\u00f3r toppur, \u00feykkur botn og me\u00f0 \u00e1fer\u00f0 sem mun \u00e1n efa veita \u00fe\u00e9r einstaka tilfinningu.\",\"breadcrumb\":{\"@id\":\"https:\\\/\\\/amina.is\\\/verslun\\\/pikan\\\/annadpikan\\\/monster-dildo\\\/#breadcrumb\"},\"inLanguage\":\"en-US\",\"potentialAction\":[{\"@type\":\"ReadAction\",\"target\":[\"https:\\\/\\\/amina.is\\\/verslun\\\/pikan\\\/annadpikan\\\/monster-dildo\\\/\"]}]},{\"@type\":\"ImageObject\",\"inLanguage\":\"en-US\",\"@id\":\"https:\\\/\\\/amina.is\\\/verslun\\\/pikan\\\/annadpikan\\\/monster-dildo\\\/#primaryimage\",\"url\":\"https:\\\/\\\/amina.is\\\/wp-content\\\/uploads\\\/2023\\\/03\\\/Untitled-design-31.jpg\",\"contentUrl\":\"https:\\\/\\\/amina.is\\\/wp-content\\\/uploads\\\/2023\\\/03\\\/Untitled-design-31.jpg\",\"width\":1080,\"height\":1080},{\"@type\":\"BreadcrumbList\",\"@id\":\"https:\\\/\\\/amina.is\\\/verslun\\\/pikan\\\/annadpikan\\\/monster-dildo\\\/#breadcrumb\",\"itemListElement\":[{\"@type\":\"ListItem\",\"position\":1,\"name\":\"Home\",\"item\":\"https:\\\/\\\/amina.is\\\/\"},{\"@type\":\"ListItem\",\"position\":2,\"name\":\"Verslun\",\"item\":\"https:\\\/\\\/amina.is\\\/verslun\\\/\"},{\"@type\":\"ListItem\",\"position\":3,\"name\":\"Creature &#8211; Monstropus Tentacled Monster Silicone Dildo\"}]},{\"@type\":\"WebSite\",\"@id\":\"https:\\\/\\\/amina.is\\\/#website\",\"url\":\"https:\\\/\\\/amina.is\\\/\",\"name\":\"Amina\",\"description\":\"Feeling is everything - Una\u00f0sv\u00f6rur fyrir alla\",\"publisher\":{\"@id\":\"https:\\\/\\\/amina.is\\\/#organization\"},\"potentialAction\":[{\"@type\":\"SearchAction\",\"target\":{\"@type\":\"EntryPoint\",\"urlTemplate\":\"https:\\\/\\\/amina.is\\\/?s={search_term_string}\"},\"query-input\":{\"@type\":\"PropertyValueSpecification\",\"valueRequired\":true,\"valueName\":\"search_term_string\"}}],\"inLanguage\":\"en-US\"},{\"@type\":\"Organization\",\"@id\":\"https:\\\/\\\/amina.is\\\/#organization\",\"name\":\"Amina\",\"url\":\"https:\\\/\\\/amina.is\\\/\",\"logo\":{\"@type\":\"ImageObject\",\"inLanguage\":\"en-US\",\"@id\":\"https:\\\/\\\/amina.is\\\/#\\\/schema\\\/logo\\\/image\\\/\",\"url\":\"https:\\\/\\\/amina.is\\\/wp-content\\\/uploads\\\/2021\\\/09\\\/logo.png\",\"contentUrl\":\"https:\\\/\\\/amina.is\\\/wp-content\\\/uploads\\\/2021\\\/09\\\/logo.png\",\"width\":1790,\"height\":464,\"caption\":\"Amina\"},\"image\":{\"@id\":\"https:\\\/\\\/amina.is\\\/#\\\/schema\\\/logo\\\/image\\\/\"},\"sameAs\":[\"https:\\\/\\\/m.facebook.com\\\/AMINA-100767148840241\\\/\",\"https:\\\/\\\/www.instagram.com\\\/aminaverslun\\\/\"]}]}<\/script>\n<!-- \/ Yoast SEO Premium plugin. -->","yoast_head_json":{"title":"Creature - Monstropus Tentacled Monster Silicone Dildo &#8211; Amina","description":"Kolkrabba dild\u00f3! \u00d6rmj\u00f3r toppur, \u00feykkur botn og me\u00f0 \u00e1fer\u00f0 sem mun \u00e1n efa veita \u00fe\u00e9r einstaka tilfinningu.","robots":{"index":"index","follow":"follow","max-snippet":"max-snippet:-1","max-image-preview":"max-image-preview:large","max-video-preview":"max-video-preview:-1"},"canonical":"https:\/\/amina.is\/en\/verslun\/pikan\/annadpikan\/monster-dildo\/","og_locale":"en_US","og_type":"article","og_title":"Creature - Monstropus Tentacled Monster Silicone Dildo","og_description":"Kolkrabba dild\u00f3! \u00d6rmj\u00f3r toppur, \u00feykkur botn og me\u00f0 \u00e1fer\u00f0 sem mun \u00e1n efa veita \u00fe\u00e9r einstaka tilfinningu.","og_url":"https:\/\/amina.is\/en\/verslun\/pikan\/annadpikan\/monster-dildo\/","og_site_name":"Amina","article_publisher":"https:\/\/m.facebook.com\/AMINA-100767148840241\/","article_modified_time":"2026-02-12T18:32:02+00:00","og_image":[{"width":1080,"height":1080,"url":"https:\/\/amina.is\/wp-content\/uploads\/2023\/03\/Untitled-design-31.jpg","type":"image\/jpeg"}],"twitter_card":"summary_large_image","twitter_misc":{"Est. reading time":"1 minute"},"schema":{"@context":"https:\/\/schema.org","@graph":[{"@type":"WebPage","@id":"https:\/\/amina.is\/verslun\/pikan\/annadpikan\/monster-dildo\/","url":"https:\/\/amina.is\/verslun\/pikan\/annadpikan\/monster-dildo\/","name":"Creature - Monstropus Tentacled Monster Silicone Dildo &#8211; Amina","isPartOf":{"@id":"https:\/\/amina.is\/#website"},"primaryImageOfPage":{"@id":"https:\/\/amina.is\/verslun\/pikan\/annadpikan\/monster-dildo\/#primaryimage"},"image":{"@id":"https:\/\/amina.is\/verslun\/pikan\/annadpikan\/monster-dildo\/#primaryimage"},"thumbnailUrl":"https:\/\/amina.is\/wp-content\/uploads\/2023\/03\/Untitled-design-31.jpg","datePublished":"2023-03-02T21:59:22+00:00","dateModified":"2026-02-12T18:32:02+00:00","description":"Kolkrabba dild\u00f3! \u00d6rmj\u00f3r toppur, \u00feykkur botn og me\u00f0 \u00e1fer\u00f0 sem mun \u00e1n efa veita \u00fe\u00e9r einstaka tilfinningu.","breadcrumb":{"@id":"https:\/\/amina.is\/verslun\/pikan\/annadpikan\/monster-dildo\/#breadcrumb"},"inLanguage":"en-US","potentialAction":[{"@type":"ReadAction","target":["https:\/\/amina.is\/verslun\/pikan\/annadpikan\/monster-dildo\/"]}]},{"@type":"ImageObject","inLanguage":"en-US","@id":"https:\/\/amina.is\/verslun\/pikan\/annadpikan\/monster-dildo\/#primaryimage","url":"https:\/\/amina.is\/wp-content\/uploads\/2023\/03\/Untitled-design-31.jpg","contentUrl":"https:\/\/amina.is\/wp-content\/uploads\/2023\/03\/Untitled-design-31.jpg","width":1080,"height":1080},{"@type":"BreadcrumbList","@id":"https:\/\/amina.is\/verslun\/pikan\/annadpikan\/monster-dildo\/#breadcrumb","itemListElement":[{"@type":"ListItem","position":1,"name":"Home","item":"https:\/\/amina.is\/"},{"@type":"ListItem","position":2,"name":"Verslun","item":"https:\/\/amina.is\/verslun\/"},{"@type":"ListItem","position":3,"name":"Creature &#8211; Monstropus Tentacled Monster Silicone Dildo"}]},{"@type":"WebSite","@id":"https:\/\/amina.is\/#website","url":"https:\/\/amina.is\/","name":"Amina","description":"Feeling is everything - Una\u00f0sv\u00f6rur fyrir alla","publisher":{"@id":"https:\/\/amina.is\/#organization"},"potentialAction":[{"@type":"SearchAction","target":{"@type":"EntryPoint","urlTemplate":"https:\/\/amina.is\/?s={search_term_string}"},"query-input":{"@type":"PropertyValueSpecification","valueRequired":true,"valueName":"search_term_string"}}],"inLanguage":"en-US"},{"@type":"Organization","@id":"https:\/\/amina.is\/#organization","name":"Amina","url":"https:\/\/amina.is\/","logo":{"@type":"ImageObject","inLanguage":"en-US","@id":"https:\/\/amina.is\/#\/schema\/logo\/image\/","url":"https:\/\/amina.is\/wp-content\/uploads\/2021\/09\/logo.png","contentUrl":"https:\/\/amina.is\/wp-content\/uploads\/2021\/09\/logo.png","width":1790,"height":464,"caption":"Amina"},"image":{"@id":"https:\/\/amina.is\/#\/schema\/logo\/image\/"},"sameAs":["https:\/\/m.facebook.com\/AMINA-100767148840241\/","https:\/\/www.instagram.com\/aminaverslun\/"]}]}},"_links":{"self":[{"href":"https:\/\/amina.is\/en\/wp-json\/wp\/v2\/product\/11401","targetHints":{"allow":["GET"]}}],"collection":[{"href":"https:\/\/amina.is\/en\/wp-json\/wp\/v2\/product"}],"about":[{"href":"https:\/\/amina.is\/en\/wp-json\/wp\/v2\/types\/product"}],"version-history":[{"count":5,"href":"https:\/\/amina.is\/en\/wp-json\/wp\/v2\/product\/11401\/revisions"}],"predecessor-version":[{"id":11990,"href":"https:\/\/amina.is\/en\/wp-json\/wp\/v2\/product\/11401\/revisions\/11990"}],"wp:featuredmedia":[{"embeddable":true,"href":"https:\/\/amina.is\/en\/wp-json\/wp\/v2\/media\/11410"}],"wp:attachment":[{"href":"https:\/\/amina.is\/en\/wp-json\/wp\/v2\/media?parent=11401"}],"wp:term":[{"taxonomy":"product_brand","embeddable":true,"href":"https:\/\/amina.is\/en\/wp-json\/wp\/v2\/product_brand?post=11401"},{"taxonomy":"product_cat","embeddable":true,"href":"https:\/\/amina.is\/en\/wp-json\/wp\/v2\/product_cat?post=11401"},{"taxonomy":"product_tag","embeddable":true,"href":"https:\/\/amina.is\/en\/wp-json\/wp\/v2\/product_tag?post=11401"}],"curies":[{"name":"wp","href":"https:\/\/api.w.org\/{rel}","templated":true}]}}