{"id":11370,"date":"2023-02-26T16:59:05","date_gmt":"2023-02-26T16:59:05","guid":{"rendered":"https:\/\/amina.is\/?post_type=product&#038;p=11370"},"modified":"2023-03-02T19:33:28","modified_gmt":"2023-03-02T19:33:28","slug":"strict-leather-fur-lined-wrist-ankle-cuffs","status":"publish","type":"product","link":"https:\/\/amina.is\/en\/verslun\/fyrir-thau\/samanth\/strict-leather-fur-lined-wrist-ankle-cuffs\/","title":{"rendered":"Strict Leather &#8211; Fur Lined Wrist\/Ankle Cuffs"},"content":{"rendered":"<h5>Le\u00f0ur hand og \u00f6kklaj\u00e1rn me\u00f0 gervi lo\u00f0i a\u00f0 innan fyrir aukin \u00fe\u00e6gindi vi\u00f0 notkun. \u00deau koma me\u00f0 D hring til \u00feess a\u00f0 festa vi\u00f0 b\u00f6nd, ke\u00f0jur e\u00f0a anna\u00f0. A.t.h. Hand og \u00f6kklaj\u00e1rnin eru seld \u00ed sitthvoru lagi, tv\u00f6 og tv\u00f6 \u00ed pakka.<\/h5>\n<h5>Handj\u00e1rnin passa \u00e1 \u00falnli\u00f0 sem er allt a\u00f0 18cm a\u00f0 umm\u00e1li.<\/h5>\n<h5>\u00d6kklaj\u00e1rnin passa \u00e1 \u00f6kkla sem er allt a\u00f0 24cm a\u00f0 umm\u00e1li.<\/h5>","protected":false},"excerpt":{"rendered":"<p>Le\u00f0ur hand og \u00f6kklaj\u00e1rn me\u00f0 gervi lo\u00f0i a\u00f0 innan fyrir aukin \u00fe\u00e6gindi vi\u00f0 notkun.<\/p>","protected":false},"featured_media":11371,"template":"","meta":{"inline_featured_image":false},"product_brand":[],"product_cat":[36,41,42,43,914,895,897,898],"product_tag":[472,735,561,474],"class_list":{"0":"post-11370","1":"product","2":"type-product","3":"status-publish","4":"has-post-thumbnail","6":"product_cat-blaeti","7":"product_cat-fyrir-tha","8":"product_cat-fyrir-thaer","9":"product_cat-fyrir-thau","10":"product_cat-handjarnofl","11":"product_cat-samanh","12":"product_cat-samand","13":"product_cat-samanth","14":"product_tag-cuffs","15":"product_tag-handjarn","16":"product_tag-strict-leather","17":"product_tag-wrist-cuffs","19":"first","20":"instock","21":"shipping-taxable","22":"purchasable","23":"product-type-variable"},"yoast_head":"<!-- This site is optimized with the Yoast SEO Premium plugin v21.6 (Yoast SEO v27.4) - https:\/\/yoast.com\/product\/yoast-seo-premium-wordpress\/ -->\n<title>Strict Leather - Fur Lined Wrist\/Ankle Cuffs &#8211; Amina<\/title>\n<meta name=\"description\" content=\"Le\u00f0ur hand og \u00f6kklaj\u00e1rn me\u00f0 gervi lo\u00f0i a\u00f0 innan fyrir aukin \u00fe\u00e6gindi vi\u00f0 notkun.\" \/>\n<meta name=\"robots\" content=\"index, follow, max-snippet:-1, max-image-preview:large, max-video-preview:-1\" \/>\n<link rel=\"canonical\" href=\"https:\/\/amina.is\/en\/verslun\/fyrir-thau\/samanth\/strict-leather-fur-lined-wrist-ankle-cuffs\/\" \/>\n<meta property=\"og:locale\" content=\"en_US\" \/>\n<meta property=\"og:type\" content=\"article\" \/>\n<meta property=\"og:title\" content=\"Strict Leather - Fur Lined Wrist\/Ankle Cuffs\" \/>\n<meta property=\"og:description\" content=\"Le\u00f0ur hand og \u00f6kklaj\u00e1rn me\u00f0 gervi lo\u00f0i a\u00f0 innan fyrir aukin \u00fe\u00e6gindi vi\u00f0 notkun.\" \/>\n<meta property=\"og:url\" content=\"https:\/\/amina.is\/en\/verslun\/fyrir-thau\/samanth\/strict-leather-fur-lined-wrist-ankle-cuffs\/\" \/>\n<meta property=\"og:site_name\" content=\"Amina\" \/>\n<meta property=\"article:publisher\" content=\"https:\/\/m.facebook.com\/AMINA-100767148840241\/\" \/>\n<meta property=\"article:modified_time\" content=\"2023-03-02T19:33:28+00:00\" \/>\n<meta property=\"og:image\" content=\"https:\/\/amina.is\/wp-content\/uploads\/2023\/02\/Untitled-design-29.jpg\" \/>\n\t<meta property=\"og:image:width\" content=\"1080\" \/>\n\t<meta property=\"og:image:height\" content=\"1080\" \/>\n\t<meta property=\"og:image:type\" content=\"image\/jpeg\" \/>\n<meta name=\"twitter:card\" content=\"summary_large_image\" \/>\n<meta name=\"twitter:label1\" content=\"Est. reading time\" \/>\n\t<meta name=\"twitter:data1\" content=\"1 minute\" \/>\n<script type=\"application\/ld+json\" class=\"yoast-schema-graph\">{\"@context\":\"https:\\\/\\\/schema.org\",\"@graph\":[{\"@type\":\"WebPage\",\"@id\":\"https:\\\/\\\/amina.is\\\/verslun\\\/fyrir-thau\\\/samanth\\\/strict-leather-fur-lined-wrist-ankle-cuffs\\\/\",\"url\":\"https:\\\/\\\/amina.is\\\/verslun\\\/fyrir-thau\\\/samanth\\\/strict-leather-fur-lined-wrist-ankle-cuffs\\\/\",\"name\":\"Strict Leather - Fur Lined Wrist\\\/Ankle Cuffs &#8211; Amina\",\"isPartOf\":{\"@id\":\"https:\\\/\\\/amina.is\\\/#website\"},\"primaryImageOfPage\":{\"@id\":\"https:\\\/\\\/amina.is\\\/verslun\\\/fyrir-thau\\\/samanth\\\/strict-leather-fur-lined-wrist-ankle-cuffs\\\/#primaryimage\"},\"image\":{\"@id\":\"https:\\\/\\\/amina.is\\\/verslun\\\/fyrir-thau\\\/samanth\\\/strict-leather-fur-lined-wrist-ankle-cuffs\\\/#primaryimage\"},\"thumbnailUrl\":\"https:\\\/\\\/amina.is\\\/wp-content\\\/uploads\\\/2023\\\/02\\\/Untitled-design-29.jpg\",\"datePublished\":\"2023-02-26T16:59:05+00:00\",\"dateModified\":\"2023-03-02T19:33:28+00:00\",\"description\":\"Le\u00f0ur hand og \u00f6kklaj\u00e1rn me\u00f0 gervi lo\u00f0i a\u00f0 innan fyrir aukin \u00fe\u00e6gindi vi\u00f0 notkun.\",\"breadcrumb\":{\"@id\":\"https:\\\/\\\/amina.is\\\/verslun\\\/fyrir-thau\\\/samanth\\\/strict-leather-fur-lined-wrist-ankle-cuffs\\\/#breadcrumb\"},\"inLanguage\":\"en-US\",\"potentialAction\":[{\"@type\":\"ReadAction\",\"target\":[\"https:\\\/\\\/amina.is\\\/verslun\\\/fyrir-thau\\\/samanth\\\/strict-leather-fur-lined-wrist-ankle-cuffs\\\/\"]}]},{\"@type\":\"ImageObject\",\"inLanguage\":\"en-US\",\"@id\":\"https:\\\/\\\/amina.is\\\/verslun\\\/fyrir-thau\\\/samanth\\\/strict-leather-fur-lined-wrist-ankle-cuffs\\\/#primaryimage\",\"url\":\"https:\\\/\\\/amina.is\\\/wp-content\\\/uploads\\\/2023\\\/02\\\/Untitled-design-29.jpg\",\"contentUrl\":\"https:\\\/\\\/amina.is\\\/wp-content\\\/uploads\\\/2023\\\/02\\\/Untitled-design-29.jpg\",\"width\":1080,\"height\":1080},{\"@type\":\"BreadcrumbList\",\"@id\":\"https:\\\/\\\/amina.is\\\/verslun\\\/fyrir-thau\\\/samanth\\\/strict-leather-fur-lined-wrist-ankle-cuffs\\\/#breadcrumb\",\"itemListElement\":[{\"@type\":\"ListItem\",\"position\":1,\"name\":\"Home\",\"item\":\"https:\\\/\\\/amina.is\\\/\"},{\"@type\":\"ListItem\",\"position\":2,\"name\":\"Verslun\",\"item\":\"https:\\\/\\\/amina.is\\\/verslun\\\/\"},{\"@type\":\"ListItem\",\"position\":3,\"name\":\"Strict Leather &#8211; Fur Lined Wrist\\\/Ankle Cuffs\"}]},{\"@type\":\"WebSite\",\"@id\":\"https:\\\/\\\/amina.is\\\/#website\",\"url\":\"https:\\\/\\\/amina.is\\\/\",\"name\":\"Amina\",\"description\":\"Feeling is everything - Una\u00f0sv\u00f6rur fyrir alla\",\"publisher\":{\"@id\":\"https:\\\/\\\/amina.is\\\/#organization\"},\"potentialAction\":[{\"@type\":\"SearchAction\",\"target\":{\"@type\":\"EntryPoint\",\"urlTemplate\":\"https:\\\/\\\/amina.is\\\/?s={search_term_string}\"},\"query-input\":{\"@type\":\"PropertyValueSpecification\",\"valueRequired\":true,\"valueName\":\"search_term_string\"}}],\"inLanguage\":\"en-US\"},{\"@type\":\"Organization\",\"@id\":\"https:\\\/\\\/amina.is\\\/#organization\",\"name\":\"Amina\",\"url\":\"https:\\\/\\\/amina.is\\\/\",\"logo\":{\"@type\":\"ImageObject\",\"inLanguage\":\"en-US\",\"@id\":\"https:\\\/\\\/amina.is\\\/#\\\/schema\\\/logo\\\/image\\\/\",\"url\":\"https:\\\/\\\/amina.is\\\/wp-content\\\/uploads\\\/2021\\\/09\\\/logo.png\",\"contentUrl\":\"https:\\\/\\\/amina.is\\\/wp-content\\\/uploads\\\/2021\\\/09\\\/logo.png\",\"width\":1790,\"height\":464,\"caption\":\"Amina\"},\"image\":{\"@id\":\"https:\\\/\\\/amina.is\\\/#\\\/schema\\\/logo\\\/image\\\/\"},\"sameAs\":[\"https:\\\/\\\/m.facebook.com\\\/AMINA-100767148840241\\\/\",\"https:\\\/\\\/www.instagram.com\\\/aminaverslun\\\/\"]}]}<\/script>\n<!-- \/ Yoast SEO Premium plugin. -->","yoast_head_json":{"title":"Strict Leather - Fur Lined Wrist\/Ankle Cuffs &#8211; Amina","description":"Le\u00f0ur hand og \u00f6kklaj\u00e1rn me\u00f0 gervi lo\u00f0i a\u00f0 innan fyrir aukin \u00fe\u00e6gindi vi\u00f0 notkun.","robots":{"index":"index","follow":"follow","max-snippet":"max-snippet:-1","max-image-preview":"max-image-preview:large","max-video-preview":"max-video-preview:-1"},"canonical":"https:\/\/amina.is\/en\/verslun\/fyrir-thau\/samanth\/strict-leather-fur-lined-wrist-ankle-cuffs\/","og_locale":"en_US","og_type":"article","og_title":"Strict Leather - Fur Lined Wrist\/Ankle Cuffs","og_description":"Le\u00f0ur hand og \u00f6kklaj\u00e1rn me\u00f0 gervi lo\u00f0i a\u00f0 innan fyrir aukin \u00fe\u00e6gindi vi\u00f0 notkun.","og_url":"https:\/\/amina.is\/en\/verslun\/fyrir-thau\/samanth\/strict-leather-fur-lined-wrist-ankle-cuffs\/","og_site_name":"Amina","article_publisher":"https:\/\/m.facebook.com\/AMINA-100767148840241\/","article_modified_time":"2023-03-02T19:33:28+00:00","og_image":[{"width":1080,"height":1080,"url":"https:\/\/amina.is\/wp-content\/uploads\/2023\/02\/Untitled-design-29.jpg","type":"image\/jpeg"}],"twitter_card":"summary_large_image","twitter_misc":{"Est. reading time":"1 minute"},"schema":{"@context":"https:\/\/schema.org","@graph":[{"@type":"WebPage","@id":"https:\/\/amina.is\/verslun\/fyrir-thau\/samanth\/strict-leather-fur-lined-wrist-ankle-cuffs\/","url":"https:\/\/amina.is\/verslun\/fyrir-thau\/samanth\/strict-leather-fur-lined-wrist-ankle-cuffs\/","name":"Strict Leather - Fur Lined Wrist\/Ankle Cuffs &#8211; Amina","isPartOf":{"@id":"https:\/\/amina.is\/#website"},"primaryImageOfPage":{"@id":"https:\/\/amina.is\/verslun\/fyrir-thau\/samanth\/strict-leather-fur-lined-wrist-ankle-cuffs\/#primaryimage"},"image":{"@id":"https:\/\/amina.is\/verslun\/fyrir-thau\/samanth\/strict-leather-fur-lined-wrist-ankle-cuffs\/#primaryimage"},"thumbnailUrl":"https:\/\/amina.is\/wp-content\/uploads\/2023\/02\/Untitled-design-29.jpg","datePublished":"2023-02-26T16:59:05+00:00","dateModified":"2023-03-02T19:33:28+00:00","description":"Le\u00f0ur hand og \u00f6kklaj\u00e1rn me\u00f0 gervi lo\u00f0i a\u00f0 innan fyrir aukin \u00fe\u00e6gindi vi\u00f0 notkun.","breadcrumb":{"@id":"https:\/\/amina.is\/verslun\/fyrir-thau\/samanth\/strict-leather-fur-lined-wrist-ankle-cuffs\/#breadcrumb"},"inLanguage":"en-US","potentialAction":[{"@type":"ReadAction","target":["https:\/\/amina.is\/verslun\/fyrir-thau\/samanth\/strict-leather-fur-lined-wrist-ankle-cuffs\/"]}]},{"@type":"ImageObject","inLanguage":"en-US","@id":"https:\/\/amina.is\/verslun\/fyrir-thau\/samanth\/strict-leather-fur-lined-wrist-ankle-cuffs\/#primaryimage","url":"https:\/\/amina.is\/wp-content\/uploads\/2023\/02\/Untitled-design-29.jpg","contentUrl":"https:\/\/amina.is\/wp-content\/uploads\/2023\/02\/Untitled-design-29.jpg","width":1080,"height":1080},{"@type":"BreadcrumbList","@id":"https:\/\/amina.is\/verslun\/fyrir-thau\/samanth\/strict-leather-fur-lined-wrist-ankle-cuffs\/#breadcrumb","itemListElement":[{"@type":"ListItem","position":1,"name":"Home","item":"https:\/\/amina.is\/"},{"@type":"ListItem","position":2,"name":"Verslun","item":"https:\/\/amina.is\/verslun\/"},{"@type":"ListItem","position":3,"name":"Strict Leather &#8211; Fur Lined Wrist\/Ankle Cuffs"}]},{"@type":"WebSite","@id":"https:\/\/amina.is\/#website","url":"https:\/\/amina.is\/","name":"Amina","description":"Feeling is everything - Una\u00f0sv\u00f6rur fyrir alla","publisher":{"@id":"https:\/\/amina.is\/#organization"},"potentialAction":[{"@type":"SearchAction","target":{"@type":"EntryPoint","urlTemplate":"https:\/\/amina.is\/?s={search_term_string}"},"query-input":{"@type":"PropertyValueSpecification","valueRequired":true,"valueName":"search_term_string"}}],"inLanguage":"en-US"},{"@type":"Organization","@id":"https:\/\/amina.is\/#organization","name":"Amina","url":"https:\/\/amina.is\/","logo":{"@type":"ImageObject","inLanguage":"en-US","@id":"https:\/\/amina.is\/#\/schema\/logo\/image\/","url":"https:\/\/amina.is\/wp-content\/uploads\/2021\/09\/logo.png","contentUrl":"https:\/\/amina.is\/wp-content\/uploads\/2021\/09\/logo.png","width":1790,"height":464,"caption":"Amina"},"image":{"@id":"https:\/\/amina.is\/#\/schema\/logo\/image\/"},"sameAs":["https:\/\/m.facebook.com\/AMINA-100767148840241\/","https:\/\/www.instagram.com\/aminaverslun\/"]}]}},"_links":{"self":[{"href":"https:\/\/amina.is\/en\/wp-json\/wp\/v2\/product\/11370","targetHints":{"allow":["GET"]}}],"collection":[{"href":"https:\/\/amina.is\/en\/wp-json\/wp\/v2\/product"}],"about":[{"href":"https:\/\/amina.is\/en\/wp-json\/wp\/v2\/types\/product"}],"version-history":[{"count":3,"href":"https:\/\/amina.is\/en\/wp-json\/wp\/v2\/product\/11370\/revisions"}],"predecessor-version":[{"id":11377,"href":"https:\/\/amina.is\/en\/wp-json\/wp\/v2\/product\/11370\/revisions\/11377"}],"wp:featuredmedia":[{"embeddable":true,"href":"https:\/\/amina.is\/en\/wp-json\/wp\/v2\/media\/11371"}],"wp:attachment":[{"href":"https:\/\/amina.is\/en\/wp-json\/wp\/v2\/media?parent=11370"}],"wp:term":[{"taxonomy":"product_brand","embeddable":true,"href":"https:\/\/amina.is\/en\/wp-json\/wp\/v2\/product_brand?post=11370"},{"taxonomy":"product_cat","embeddable":true,"href":"https:\/\/amina.is\/en\/wp-json\/wp\/v2\/product_cat?post=11370"},{"taxonomy":"product_tag","embeddable":true,"href":"https:\/\/amina.is\/en\/wp-json\/wp\/v2\/product_tag?post=11370"}],"curies":[{"name":"wp","href":"https:\/\/api.w.org\/{rel}","templated":true}]}}