{"id":11360,"date":"2023-02-26T15:26:51","date_gmt":"2023-02-26T15:26:51","guid":{"rendered":"https:\/\/amina.is\/?post_type=product&#038;p=11360"},"modified":"2023-03-02T19:39:56","modified_gmt":"2023-03-02T19:39:56","slug":"victorias-secret-carnival-pink-sexy-lace-underwear","status":"publish","type":"product","link":"https:\/\/amina.is\/en\/verslun\/fatnadur\/naerfot-domu-fatnadur\/victorias-secret\/victorias-secret-carnival-pink-sexy-lace-underwear\/","title":{"rendered":"Victoria\u00b4s Secret &#8211; Carnival Pink Sexy Lace Underwear"},"content":{"rendered":"<h5>Kyn\u00e6sandi bl\u00fandun\u00e6rbuxur fr\u00e1 Victoria\u00b4s Secret.<\/h5>\n<h5>Efni: 75% polyamid, 25% elastane.<\/h5>","protected":false},"excerpt":{"rendered":"<h5>Kyn\u00e6sandi bl\u00fandun\u00e6rbuxur fr\u00e1 Victoria\u00b4s Secret.<\/h5>","protected":false},"featured_media":11347,"template":"","meta":{"inline_featured_image":false},"product_brand":[],"product_cat":[342,196,42,43,888,339],"product_tag":[180,589],"class_list":{"0":"post-11360","1":"product","2":"type-product","3":"status-publish","4":"has-post-thumbnail","6":"product_cat-naerfot-domu-fatnadur","7":"product_cat-fatnadur","8":"product_cat-fyrir-thaer","9":"product_cat-fyrir-thau","10":"product_cat-naerfotd","11":"product_cat-victorias-secret","12":"product_tag-naerfot","13":"product_tag-victorias-secret","15":"first","16":"instock","17":"shipping-taxable","18":"purchasable","19":"product-type-variable"},"yoast_head":"<!-- This site is optimized with the Yoast SEO Premium plugin v21.6 (Yoast SEO v27.3) - https:\/\/yoast.com\/product\/yoast-seo-premium-wordpress\/ -->\n<title>Victoria\u00b4s Secret - Carnival Pink Sexy Lace Underwear &#8211; Amina<\/title>\n<meta name=\"description\" content=\"Kyn\u00e6sandi bl\u00fandun\u00e6rbuxur fr\u00e1 Victoria\u00b4s Secret.\u00a0\" \/>\n<meta name=\"robots\" content=\"index, follow, max-snippet:-1, max-image-preview:large, max-video-preview:-1\" \/>\n<link rel=\"canonical\" href=\"https:\/\/amina.is\/en\/verslun\/fatnadur\/naerfot-domu-fatnadur\/victorias-secret\/victorias-secret-carnival-pink-sexy-lace-underwear\/\" \/>\n<meta property=\"og:locale\" content=\"en_US\" \/>\n<meta property=\"og:type\" content=\"article\" \/>\n<meta property=\"og:title\" content=\"Victoria\u00b4s Secret - Carnival Pink Sexy Lace Underwear\" \/>\n<meta property=\"og:description\" content=\"Kyn\u00e6sandi bl\u00fandun\u00e6rbuxur fr\u00e1 Victoria\u00b4s Secret.\u00a0\" \/>\n<meta property=\"og:url\" content=\"https:\/\/amina.is\/en\/verslun\/fatnadur\/naerfot-domu-fatnadur\/victorias-secret\/victorias-secret-carnival-pink-sexy-lace-underwear\/\" \/>\n<meta property=\"og:site_name\" content=\"Amina\" \/>\n<meta property=\"article:publisher\" content=\"https:\/\/m.facebook.com\/AMINA-100767148840241\/\" \/>\n<meta property=\"article:modified_time\" content=\"2023-03-02T19:39:56+00:00\" \/>\n<meta property=\"og:image\" content=\"https:\/\/amina.is\/wp-content\/uploads\/2023\/02\/Untitled-design-23.jpg\" \/>\n\t<meta property=\"og:image:width\" content=\"1080\" \/>\n\t<meta property=\"og:image:height\" content=\"1080\" \/>\n\t<meta property=\"og:image:type\" content=\"image\/jpeg\" \/>\n<meta name=\"twitter:card\" content=\"summary_large_image\" \/>\n<meta name=\"twitter:label1\" content=\"Est. reading time\" \/>\n\t<meta name=\"twitter:data1\" content=\"1 minute\" \/>\n<script type=\"application\/ld+json\" class=\"yoast-schema-graph\">{\"@context\":\"https:\\\/\\\/schema.org\",\"@graph\":[{\"@type\":\"WebPage\",\"@id\":\"https:\\\/\\\/amina.is\\\/verslun\\\/fatnadur\\\/naerfot-domu-fatnadur\\\/victorias-secret\\\/victorias-secret-carnival-pink-sexy-lace-underwear\\\/\",\"url\":\"https:\\\/\\\/amina.is\\\/verslun\\\/fatnadur\\\/naerfot-domu-fatnadur\\\/victorias-secret\\\/victorias-secret-carnival-pink-sexy-lace-underwear\\\/\",\"name\":\"Victoria\u00b4s Secret - Carnival Pink Sexy Lace Underwear &#8211; Amina\",\"isPartOf\":{\"@id\":\"https:\\\/\\\/amina.is\\\/#website\"},\"primaryImageOfPage\":{\"@id\":\"https:\\\/\\\/amina.is\\\/verslun\\\/fatnadur\\\/naerfot-domu-fatnadur\\\/victorias-secret\\\/victorias-secret-carnival-pink-sexy-lace-underwear\\\/#primaryimage\"},\"image\":{\"@id\":\"https:\\\/\\\/amina.is\\\/verslun\\\/fatnadur\\\/naerfot-domu-fatnadur\\\/victorias-secret\\\/victorias-secret-carnival-pink-sexy-lace-underwear\\\/#primaryimage\"},\"thumbnailUrl\":\"https:\\\/\\\/amina.is\\\/wp-content\\\/uploads\\\/2023\\\/02\\\/Untitled-design-23.jpg\",\"datePublished\":\"2023-02-26T15:26:51+00:00\",\"dateModified\":\"2023-03-02T19:39:56+00:00\",\"description\":\"Kyn\u00e6sandi bl\u00fandun\u00e6rbuxur fr\u00e1 Victoria\u00b4s Secret.\u00a0\",\"breadcrumb\":{\"@id\":\"https:\\\/\\\/amina.is\\\/verslun\\\/fatnadur\\\/naerfot-domu-fatnadur\\\/victorias-secret\\\/victorias-secret-carnival-pink-sexy-lace-underwear\\\/#breadcrumb\"},\"inLanguage\":\"en-US\",\"potentialAction\":[{\"@type\":\"ReadAction\",\"target\":[\"https:\\\/\\\/amina.is\\\/verslun\\\/fatnadur\\\/naerfot-domu-fatnadur\\\/victorias-secret\\\/victorias-secret-carnival-pink-sexy-lace-underwear\\\/\"]}]},{\"@type\":\"ImageObject\",\"inLanguage\":\"en-US\",\"@id\":\"https:\\\/\\\/amina.is\\\/verslun\\\/fatnadur\\\/naerfot-domu-fatnadur\\\/victorias-secret\\\/victorias-secret-carnival-pink-sexy-lace-underwear\\\/#primaryimage\",\"url\":\"https:\\\/\\\/amina.is\\\/wp-content\\\/uploads\\\/2023\\\/02\\\/Untitled-design-23.jpg\",\"contentUrl\":\"https:\\\/\\\/amina.is\\\/wp-content\\\/uploads\\\/2023\\\/02\\\/Untitled-design-23.jpg\",\"width\":1080,\"height\":1080},{\"@type\":\"BreadcrumbList\",\"@id\":\"https:\\\/\\\/amina.is\\\/verslun\\\/fatnadur\\\/naerfot-domu-fatnadur\\\/victorias-secret\\\/victorias-secret-carnival-pink-sexy-lace-underwear\\\/#breadcrumb\",\"itemListElement\":[{\"@type\":\"ListItem\",\"position\":1,\"name\":\"Home\",\"item\":\"https:\\\/\\\/amina.is\\\/\"},{\"@type\":\"ListItem\",\"position\":2,\"name\":\"Verslun\",\"item\":\"https:\\\/\\\/amina.is\\\/verslun\\\/\"},{\"@type\":\"ListItem\",\"position\":3,\"name\":\"Victoria\u00b4s Secret &#8211; Carnival Pink Sexy Lace Underwear\"}]},{\"@type\":\"WebSite\",\"@id\":\"https:\\\/\\\/amina.is\\\/#website\",\"url\":\"https:\\\/\\\/amina.is\\\/\",\"name\":\"Amina\",\"description\":\"Feeling is everything - Una\u00f0sv\u00f6rur fyrir alla\",\"publisher\":{\"@id\":\"https:\\\/\\\/amina.is\\\/#organization\"},\"potentialAction\":[{\"@type\":\"SearchAction\",\"target\":{\"@type\":\"EntryPoint\",\"urlTemplate\":\"https:\\\/\\\/amina.is\\\/?s={search_term_string}\"},\"query-input\":{\"@type\":\"PropertyValueSpecification\",\"valueRequired\":true,\"valueName\":\"search_term_string\"}}],\"inLanguage\":\"en-US\"},{\"@type\":\"Organization\",\"@id\":\"https:\\\/\\\/amina.is\\\/#organization\",\"name\":\"Amina\",\"url\":\"https:\\\/\\\/amina.is\\\/\",\"logo\":{\"@type\":\"ImageObject\",\"inLanguage\":\"en-US\",\"@id\":\"https:\\\/\\\/amina.is\\\/#\\\/schema\\\/logo\\\/image\\\/\",\"url\":\"https:\\\/\\\/amina.is\\\/wp-content\\\/uploads\\\/2021\\\/09\\\/logo.png\",\"contentUrl\":\"https:\\\/\\\/amina.is\\\/wp-content\\\/uploads\\\/2021\\\/09\\\/logo.png\",\"width\":1790,\"height\":464,\"caption\":\"Amina\"},\"image\":{\"@id\":\"https:\\\/\\\/amina.is\\\/#\\\/schema\\\/logo\\\/image\\\/\"},\"sameAs\":[\"https:\\\/\\\/m.facebook.com\\\/AMINA-100767148840241\\\/\",\"https:\\\/\\\/www.instagram.com\\\/aminaverslun\\\/\"]}]}<\/script>\n<!-- \/ Yoast SEO Premium plugin. -->","yoast_head_json":{"title":"Victoria\u00b4s Secret - Carnival Pink Sexy Lace Underwear &#8211; Amina","description":"Kyn\u00e6sandi bl\u00fandun\u00e6rbuxur fr\u00e1 Victoria\u00b4s Secret.\u00a0","robots":{"index":"index","follow":"follow","max-snippet":"max-snippet:-1","max-image-preview":"max-image-preview:large","max-video-preview":"max-video-preview:-1"},"canonical":"https:\/\/amina.is\/en\/verslun\/fatnadur\/naerfot-domu-fatnadur\/victorias-secret\/victorias-secret-carnival-pink-sexy-lace-underwear\/","og_locale":"en_US","og_type":"article","og_title":"Victoria\u00b4s Secret - Carnival Pink Sexy Lace Underwear","og_description":"Kyn\u00e6sandi bl\u00fandun\u00e6rbuxur fr\u00e1 Victoria\u00b4s Secret.\u00a0","og_url":"https:\/\/amina.is\/en\/verslun\/fatnadur\/naerfot-domu-fatnadur\/victorias-secret\/victorias-secret-carnival-pink-sexy-lace-underwear\/","og_site_name":"Amina","article_publisher":"https:\/\/m.facebook.com\/AMINA-100767148840241\/","article_modified_time":"2023-03-02T19:39:56+00:00","og_image":[{"width":1080,"height":1080,"url":"https:\/\/amina.is\/wp-content\/uploads\/2023\/02\/Untitled-design-23.jpg","type":"image\/jpeg"}],"twitter_card":"summary_large_image","twitter_misc":{"Est. reading time":"1 minute"},"schema":{"@context":"https:\/\/schema.org","@graph":[{"@type":"WebPage","@id":"https:\/\/amina.is\/verslun\/fatnadur\/naerfot-domu-fatnadur\/victorias-secret\/victorias-secret-carnival-pink-sexy-lace-underwear\/","url":"https:\/\/amina.is\/verslun\/fatnadur\/naerfot-domu-fatnadur\/victorias-secret\/victorias-secret-carnival-pink-sexy-lace-underwear\/","name":"Victoria\u00b4s Secret - Carnival Pink Sexy Lace Underwear &#8211; Amina","isPartOf":{"@id":"https:\/\/amina.is\/#website"},"primaryImageOfPage":{"@id":"https:\/\/amina.is\/verslun\/fatnadur\/naerfot-domu-fatnadur\/victorias-secret\/victorias-secret-carnival-pink-sexy-lace-underwear\/#primaryimage"},"image":{"@id":"https:\/\/amina.is\/verslun\/fatnadur\/naerfot-domu-fatnadur\/victorias-secret\/victorias-secret-carnival-pink-sexy-lace-underwear\/#primaryimage"},"thumbnailUrl":"https:\/\/amina.is\/wp-content\/uploads\/2023\/02\/Untitled-design-23.jpg","datePublished":"2023-02-26T15:26:51+00:00","dateModified":"2023-03-02T19:39:56+00:00","description":"Kyn\u00e6sandi bl\u00fandun\u00e6rbuxur fr\u00e1 Victoria\u00b4s Secret.\u00a0","breadcrumb":{"@id":"https:\/\/amina.is\/verslun\/fatnadur\/naerfot-domu-fatnadur\/victorias-secret\/victorias-secret-carnival-pink-sexy-lace-underwear\/#breadcrumb"},"inLanguage":"en-US","potentialAction":[{"@type":"ReadAction","target":["https:\/\/amina.is\/verslun\/fatnadur\/naerfot-domu-fatnadur\/victorias-secret\/victorias-secret-carnival-pink-sexy-lace-underwear\/"]}]},{"@type":"ImageObject","inLanguage":"en-US","@id":"https:\/\/amina.is\/verslun\/fatnadur\/naerfot-domu-fatnadur\/victorias-secret\/victorias-secret-carnival-pink-sexy-lace-underwear\/#primaryimage","url":"https:\/\/amina.is\/wp-content\/uploads\/2023\/02\/Untitled-design-23.jpg","contentUrl":"https:\/\/amina.is\/wp-content\/uploads\/2023\/02\/Untitled-design-23.jpg","width":1080,"height":1080},{"@type":"BreadcrumbList","@id":"https:\/\/amina.is\/verslun\/fatnadur\/naerfot-domu-fatnadur\/victorias-secret\/victorias-secret-carnival-pink-sexy-lace-underwear\/#breadcrumb","itemListElement":[{"@type":"ListItem","position":1,"name":"Home","item":"https:\/\/amina.is\/"},{"@type":"ListItem","position":2,"name":"Verslun","item":"https:\/\/amina.is\/verslun\/"},{"@type":"ListItem","position":3,"name":"Victoria\u00b4s Secret &#8211; Carnival Pink Sexy Lace Underwear"}]},{"@type":"WebSite","@id":"https:\/\/amina.is\/#website","url":"https:\/\/amina.is\/","name":"Amina","description":"Feeling is everything - Una\u00f0sv\u00f6rur fyrir alla","publisher":{"@id":"https:\/\/amina.is\/#organization"},"potentialAction":[{"@type":"SearchAction","target":{"@type":"EntryPoint","urlTemplate":"https:\/\/amina.is\/?s={search_term_string}"},"query-input":{"@type":"PropertyValueSpecification","valueRequired":true,"valueName":"search_term_string"}}],"inLanguage":"en-US"},{"@type":"Organization","@id":"https:\/\/amina.is\/#organization","name":"Amina","url":"https:\/\/amina.is\/","logo":{"@type":"ImageObject","inLanguage":"en-US","@id":"https:\/\/amina.is\/#\/schema\/logo\/image\/","url":"https:\/\/amina.is\/wp-content\/uploads\/2021\/09\/logo.png","contentUrl":"https:\/\/amina.is\/wp-content\/uploads\/2021\/09\/logo.png","width":1790,"height":464,"caption":"Amina"},"image":{"@id":"https:\/\/amina.is\/#\/schema\/logo\/image\/"},"sameAs":["https:\/\/m.facebook.com\/AMINA-100767148840241\/","https:\/\/www.instagram.com\/aminaverslun\/"]}]}},"_links":{"self":[{"href":"https:\/\/amina.is\/en\/wp-json\/wp\/v2\/product\/11360","targetHints":{"allow":["GET"]}}],"collection":[{"href":"https:\/\/amina.is\/en\/wp-json\/wp\/v2\/product"}],"about":[{"href":"https:\/\/amina.is\/en\/wp-json\/wp\/v2\/types\/product"}],"version-history":[{"count":1,"href":"https:\/\/amina.is\/en\/wp-json\/wp\/v2\/product\/11360\/revisions"}],"predecessor-version":[{"id":11365,"href":"https:\/\/amina.is\/en\/wp-json\/wp\/v2\/product\/11360\/revisions\/11365"}],"wp:featuredmedia":[{"embeddable":true,"href":"https:\/\/amina.is\/en\/wp-json\/wp\/v2\/media\/11347"}],"wp:attachment":[{"href":"https:\/\/amina.is\/en\/wp-json\/wp\/v2\/media?parent=11360"}],"wp:term":[{"taxonomy":"product_brand","embeddable":true,"href":"https:\/\/amina.is\/en\/wp-json\/wp\/v2\/product_brand?post=11360"},{"taxonomy":"product_cat","embeddable":true,"href":"https:\/\/amina.is\/en\/wp-json\/wp\/v2\/product_cat?post=11360"},{"taxonomy":"product_tag","embeddable":true,"href":"https:\/\/amina.is\/en\/wp-json\/wp\/v2\/product_tag?post=11360"}],"curies":[{"name":"wp","href":"https:\/\/api.w.org\/{rel}","templated":true}]}}