{"id":11338,"date":"2023-02-26T14:28:17","date_gmt":"2023-02-26T14:28:17","guid":{"rendered":"https:\/\/amina.is\/?post_type=product&#038;p=11338"},"modified":"2023-03-02T19:34:59","modified_gmt":"2023-03-02T19:34:59","slug":"coquette-fishnet-stockings-with-lace-top","status":"publish","type":"product","link":"https:\/\/amina.is\/en\/verslun\/fatnadur\/naerfot-domu-fatnadur\/annadd\/coquette-fishnet-stockings-with-lace-top\/","title":{"rendered":"Coquette &#8211; Fishnet stockings with lace top"},"content":{"rendered":"<h5>Upph\u00e1 netasokkab\u00f6nd fr\u00e1 Coquette. 95% nylon, 5% spandex.<\/h5>","protected":false},"excerpt":{"rendered":"<p>Upph\u00e1 netasokkab\u00f6nd fr\u00e1 Coquette.<\/p>","protected":false},"featured_media":11339,"template":"","meta":{"inline_featured_image":false},"product_brand":[],"product_cat":[891,342,338,196,42,43],"product_tag":[869,866,868,867],"class_list":{"0":"post-11338","1":"product","2":"type-product","3":"status-publish","4":"has-post-thumbnail","6":"product_cat-annadd","7":"product_cat-naerfot-domu-fatnadur","8":"product_cat-dragg","9":"product_cat-fatnadur","10":"product_cat-fyrir-thaer","11":"product_cat-fyrir-thau","12":"product_tag-coquette","13":"product_tag-fishnet","14":"product_tag-sokkabond","15":"product_tag-stockings","17":"first","18":"instock","19":"shipping-taxable","20":"purchasable","21":"product-type-variable"},"yoast_head":"<!-- This site is optimized with the Yoast SEO Premium plugin v21.6 (Yoast SEO v27.3) - https:\/\/yoast.com\/product\/yoast-seo-premium-wordpress\/ -->\n<title>Coquette - Fishnet stockings with lace top &#8211; Amina<\/title>\n<meta name=\"description\" content=\"Upph\u00e1 netasokkab\u00f6nd fr\u00e1 Coquette. 95% nylon, 5% spandex.\" \/>\n<meta name=\"robots\" content=\"index, follow, max-snippet:-1, max-image-preview:large, max-video-preview:-1\" \/>\n<link rel=\"canonical\" href=\"https:\/\/amina.is\/en\/verslun\/fatnadur\/naerfot-domu-fatnadur\/annadd\/coquette-fishnet-stockings-with-lace-top\/\" \/>\n<meta property=\"og:locale\" content=\"en_US\" \/>\n<meta property=\"og:type\" content=\"article\" \/>\n<meta property=\"og:title\" content=\"Coquette - Fishnet stockings with lace top\" \/>\n<meta property=\"og:description\" content=\"Upph\u00e1 netasokkab\u00f6nd fr\u00e1 Coquette. 95% nylon, 5% spandex.\" \/>\n<meta property=\"og:url\" content=\"https:\/\/amina.is\/en\/verslun\/fatnadur\/naerfot-domu-fatnadur\/annadd\/coquette-fishnet-stockings-with-lace-top\/\" \/>\n<meta property=\"og:site_name\" content=\"Amina\" \/>\n<meta property=\"article:publisher\" content=\"https:\/\/m.facebook.com\/AMINA-100767148840241\/\" \/>\n<meta property=\"article:modified_time\" content=\"2023-03-02T19:34:59+00:00\" \/>\n<meta property=\"og:image\" content=\"https:\/\/amina.is\/wp-content\/uploads\/2023\/02\/CQ1732-30-5_1024x1024@2x.jpg\" \/>\n\t<meta property=\"og:image:width\" content=\"825\" \/>\n\t<meta property=\"og:image:height\" content=\"825\" \/>\n\t<meta property=\"og:image:type\" content=\"image\/jpeg\" \/>\n<meta name=\"twitter:card\" content=\"summary_large_image\" \/>\n<meta name=\"twitter:label1\" content=\"Est. reading time\" \/>\n\t<meta name=\"twitter:data1\" content=\"1 minute\" \/>\n<script type=\"application\/ld+json\" class=\"yoast-schema-graph\">{\"@context\":\"https:\\\/\\\/schema.org\",\"@graph\":[{\"@type\":\"WebPage\",\"@id\":\"https:\\\/\\\/amina.is\\\/verslun\\\/fatnadur\\\/naerfot-domu-fatnadur\\\/annadd\\\/coquette-fishnet-stockings-with-lace-top\\\/\",\"url\":\"https:\\\/\\\/amina.is\\\/verslun\\\/fatnadur\\\/naerfot-domu-fatnadur\\\/annadd\\\/coquette-fishnet-stockings-with-lace-top\\\/\",\"name\":\"Coquette - Fishnet stockings with lace top &#8211; Amina\",\"isPartOf\":{\"@id\":\"https:\\\/\\\/amina.is\\\/#website\"},\"primaryImageOfPage\":{\"@id\":\"https:\\\/\\\/amina.is\\\/verslun\\\/fatnadur\\\/naerfot-domu-fatnadur\\\/annadd\\\/coquette-fishnet-stockings-with-lace-top\\\/#primaryimage\"},\"image\":{\"@id\":\"https:\\\/\\\/amina.is\\\/verslun\\\/fatnadur\\\/naerfot-domu-fatnadur\\\/annadd\\\/coquette-fishnet-stockings-with-lace-top\\\/#primaryimage\"},\"thumbnailUrl\":\"https:\\\/\\\/amina.is\\\/wp-content\\\/uploads\\\/2023\\\/02\\\/CQ1732-30-5_1024x1024@2x.jpg\",\"datePublished\":\"2023-02-26T14:28:17+00:00\",\"dateModified\":\"2023-03-02T19:34:59+00:00\",\"description\":\"Upph\u00e1 netasokkab\u00f6nd fr\u00e1 Coquette. 95% nylon, 5% spandex.\",\"breadcrumb\":{\"@id\":\"https:\\\/\\\/amina.is\\\/verslun\\\/fatnadur\\\/naerfot-domu-fatnadur\\\/annadd\\\/coquette-fishnet-stockings-with-lace-top\\\/#breadcrumb\"},\"inLanguage\":\"en-US\",\"potentialAction\":[{\"@type\":\"ReadAction\",\"target\":[\"https:\\\/\\\/amina.is\\\/verslun\\\/fatnadur\\\/naerfot-domu-fatnadur\\\/annadd\\\/coquette-fishnet-stockings-with-lace-top\\\/\"]}]},{\"@type\":\"ImageObject\",\"inLanguage\":\"en-US\",\"@id\":\"https:\\\/\\\/amina.is\\\/verslun\\\/fatnadur\\\/naerfot-domu-fatnadur\\\/annadd\\\/coquette-fishnet-stockings-with-lace-top\\\/#primaryimage\",\"url\":\"https:\\\/\\\/amina.is\\\/wp-content\\\/uploads\\\/2023\\\/02\\\/CQ1732-30-5_1024x1024@2x.jpg\",\"contentUrl\":\"https:\\\/\\\/amina.is\\\/wp-content\\\/uploads\\\/2023\\\/02\\\/CQ1732-30-5_1024x1024@2x.jpg\",\"width\":825,\"height\":825},{\"@type\":\"BreadcrumbList\",\"@id\":\"https:\\\/\\\/amina.is\\\/verslun\\\/fatnadur\\\/naerfot-domu-fatnadur\\\/annadd\\\/coquette-fishnet-stockings-with-lace-top\\\/#breadcrumb\",\"itemListElement\":[{\"@type\":\"ListItem\",\"position\":1,\"name\":\"Home\",\"item\":\"https:\\\/\\\/amina.is\\\/\"},{\"@type\":\"ListItem\",\"position\":2,\"name\":\"Verslun\",\"item\":\"https:\\\/\\\/amina.is\\\/verslun\\\/\"},{\"@type\":\"ListItem\",\"position\":3,\"name\":\"Coquette &#8211; Fishnet stockings with lace top\"}]},{\"@type\":\"WebSite\",\"@id\":\"https:\\\/\\\/amina.is\\\/#website\",\"url\":\"https:\\\/\\\/amina.is\\\/\",\"name\":\"Amina\",\"description\":\"Feeling is everything - Una\u00f0sv\u00f6rur fyrir alla\",\"publisher\":{\"@id\":\"https:\\\/\\\/amina.is\\\/#organization\"},\"potentialAction\":[{\"@type\":\"SearchAction\",\"target\":{\"@type\":\"EntryPoint\",\"urlTemplate\":\"https:\\\/\\\/amina.is\\\/?s={search_term_string}\"},\"query-input\":{\"@type\":\"PropertyValueSpecification\",\"valueRequired\":true,\"valueName\":\"search_term_string\"}}],\"inLanguage\":\"en-US\"},{\"@type\":\"Organization\",\"@id\":\"https:\\\/\\\/amina.is\\\/#organization\",\"name\":\"Amina\",\"url\":\"https:\\\/\\\/amina.is\\\/\",\"logo\":{\"@type\":\"ImageObject\",\"inLanguage\":\"en-US\",\"@id\":\"https:\\\/\\\/amina.is\\\/#\\\/schema\\\/logo\\\/image\\\/\",\"url\":\"https:\\\/\\\/amina.is\\\/wp-content\\\/uploads\\\/2021\\\/09\\\/logo.png\",\"contentUrl\":\"https:\\\/\\\/amina.is\\\/wp-content\\\/uploads\\\/2021\\\/09\\\/logo.png\",\"width\":1790,\"height\":464,\"caption\":\"Amina\"},\"image\":{\"@id\":\"https:\\\/\\\/amina.is\\\/#\\\/schema\\\/logo\\\/image\\\/\"},\"sameAs\":[\"https:\\\/\\\/m.facebook.com\\\/AMINA-100767148840241\\\/\",\"https:\\\/\\\/www.instagram.com\\\/aminaverslun\\\/\"]}]}<\/script>\n<!-- \/ Yoast SEO Premium plugin. -->","yoast_head_json":{"title":"Coquette - Fishnet stockings with lace top &#8211; Amina","description":"Upph\u00e1 netasokkab\u00f6nd fr\u00e1 Coquette. 95% nylon, 5% spandex.","robots":{"index":"index","follow":"follow","max-snippet":"max-snippet:-1","max-image-preview":"max-image-preview:large","max-video-preview":"max-video-preview:-1"},"canonical":"https:\/\/amina.is\/en\/verslun\/fatnadur\/naerfot-domu-fatnadur\/annadd\/coquette-fishnet-stockings-with-lace-top\/","og_locale":"en_US","og_type":"article","og_title":"Coquette - Fishnet stockings with lace top","og_description":"Upph\u00e1 netasokkab\u00f6nd fr\u00e1 Coquette. 95% nylon, 5% spandex.","og_url":"https:\/\/amina.is\/en\/verslun\/fatnadur\/naerfot-domu-fatnadur\/annadd\/coquette-fishnet-stockings-with-lace-top\/","og_site_name":"Amina","article_publisher":"https:\/\/m.facebook.com\/AMINA-100767148840241\/","article_modified_time":"2023-03-02T19:34:59+00:00","og_image":[{"width":825,"height":825,"url":"https:\/\/amina.is\/wp-content\/uploads\/2023\/02\/CQ1732-30-5_1024x1024@2x.jpg","type":"image\/jpeg"}],"twitter_card":"summary_large_image","twitter_misc":{"Est. reading time":"1 minute"},"schema":{"@context":"https:\/\/schema.org","@graph":[{"@type":"WebPage","@id":"https:\/\/amina.is\/verslun\/fatnadur\/naerfot-domu-fatnadur\/annadd\/coquette-fishnet-stockings-with-lace-top\/","url":"https:\/\/amina.is\/verslun\/fatnadur\/naerfot-domu-fatnadur\/annadd\/coquette-fishnet-stockings-with-lace-top\/","name":"Coquette - Fishnet stockings with lace top &#8211; Amina","isPartOf":{"@id":"https:\/\/amina.is\/#website"},"primaryImageOfPage":{"@id":"https:\/\/amina.is\/verslun\/fatnadur\/naerfot-domu-fatnadur\/annadd\/coquette-fishnet-stockings-with-lace-top\/#primaryimage"},"image":{"@id":"https:\/\/amina.is\/verslun\/fatnadur\/naerfot-domu-fatnadur\/annadd\/coquette-fishnet-stockings-with-lace-top\/#primaryimage"},"thumbnailUrl":"https:\/\/amina.is\/wp-content\/uploads\/2023\/02\/CQ1732-30-5_1024x1024@2x.jpg","datePublished":"2023-02-26T14:28:17+00:00","dateModified":"2023-03-02T19:34:59+00:00","description":"Upph\u00e1 netasokkab\u00f6nd fr\u00e1 Coquette. 95% nylon, 5% spandex.","breadcrumb":{"@id":"https:\/\/amina.is\/verslun\/fatnadur\/naerfot-domu-fatnadur\/annadd\/coquette-fishnet-stockings-with-lace-top\/#breadcrumb"},"inLanguage":"en-US","potentialAction":[{"@type":"ReadAction","target":["https:\/\/amina.is\/verslun\/fatnadur\/naerfot-domu-fatnadur\/annadd\/coquette-fishnet-stockings-with-lace-top\/"]}]},{"@type":"ImageObject","inLanguage":"en-US","@id":"https:\/\/amina.is\/verslun\/fatnadur\/naerfot-domu-fatnadur\/annadd\/coquette-fishnet-stockings-with-lace-top\/#primaryimage","url":"https:\/\/amina.is\/wp-content\/uploads\/2023\/02\/CQ1732-30-5_1024x1024@2x.jpg","contentUrl":"https:\/\/amina.is\/wp-content\/uploads\/2023\/02\/CQ1732-30-5_1024x1024@2x.jpg","width":825,"height":825},{"@type":"BreadcrumbList","@id":"https:\/\/amina.is\/verslun\/fatnadur\/naerfot-domu-fatnadur\/annadd\/coquette-fishnet-stockings-with-lace-top\/#breadcrumb","itemListElement":[{"@type":"ListItem","position":1,"name":"Home","item":"https:\/\/amina.is\/"},{"@type":"ListItem","position":2,"name":"Verslun","item":"https:\/\/amina.is\/verslun\/"},{"@type":"ListItem","position":3,"name":"Coquette &#8211; Fishnet stockings with lace top"}]},{"@type":"WebSite","@id":"https:\/\/amina.is\/#website","url":"https:\/\/amina.is\/","name":"Amina","description":"Feeling is everything - Una\u00f0sv\u00f6rur fyrir alla","publisher":{"@id":"https:\/\/amina.is\/#organization"},"potentialAction":[{"@type":"SearchAction","target":{"@type":"EntryPoint","urlTemplate":"https:\/\/amina.is\/?s={search_term_string}"},"query-input":{"@type":"PropertyValueSpecification","valueRequired":true,"valueName":"search_term_string"}}],"inLanguage":"en-US"},{"@type":"Organization","@id":"https:\/\/amina.is\/#organization","name":"Amina","url":"https:\/\/amina.is\/","logo":{"@type":"ImageObject","inLanguage":"en-US","@id":"https:\/\/amina.is\/#\/schema\/logo\/image\/","url":"https:\/\/amina.is\/wp-content\/uploads\/2021\/09\/logo.png","contentUrl":"https:\/\/amina.is\/wp-content\/uploads\/2021\/09\/logo.png","width":1790,"height":464,"caption":"Amina"},"image":{"@id":"https:\/\/amina.is\/#\/schema\/logo\/image\/"},"sameAs":["https:\/\/m.facebook.com\/AMINA-100767148840241\/","https:\/\/www.instagram.com\/aminaverslun\/"]}]}},"_links":{"self":[{"href":"https:\/\/amina.is\/en\/wp-json\/wp\/v2\/product\/11338","targetHints":{"allow":["GET"]}}],"collection":[{"href":"https:\/\/amina.is\/en\/wp-json\/wp\/v2\/product"}],"about":[{"href":"https:\/\/amina.is\/en\/wp-json\/wp\/v2\/types\/product"}],"version-history":[{"count":1,"href":"https:\/\/amina.is\/en\/wp-json\/wp\/v2\/product\/11338\/revisions"}],"predecessor-version":[{"id":11343,"href":"https:\/\/amina.is\/en\/wp-json\/wp\/v2\/product\/11338\/revisions\/11343"}],"wp:featuredmedia":[{"embeddable":true,"href":"https:\/\/amina.is\/en\/wp-json\/wp\/v2\/media\/11339"}],"wp:attachment":[{"href":"https:\/\/amina.is\/en\/wp-json\/wp\/v2\/media?parent=11338"}],"wp:term":[{"taxonomy":"product_brand","embeddable":true,"href":"https:\/\/amina.is\/en\/wp-json\/wp\/v2\/product_brand?post=11338"},{"taxonomy":"product_cat","embeddable":true,"href":"https:\/\/amina.is\/en\/wp-json\/wp\/v2\/product_cat?post=11338"},{"taxonomy":"product_tag","embeddable":true,"href":"https:\/\/amina.is\/en\/wp-json\/wp\/v2\/product_tag?post=11338"}],"curies":[{"name":"wp","href":"https:\/\/api.w.org\/{rel}","templated":true}]}}