{"id":11291,"date":"2023-02-23T16:46:28","date_gmt":"2023-02-23T16:46:28","guid":{"rendered":"https:\/\/amina.is\/?post_type=product&#038;p=11291"},"modified":"2025-02-07T14:50:38","modified_gmt":"2025-02-07T14:50:38","slug":"strict-ball-stretcher-with-d-ring","status":"publish","type":"product","link":"https:\/\/amina.is\/en\/verslun\/typpid\/pungurinn\/strict-ball-stretcher-with-d-ring\/","title":{"rendered":"Strict &#8211; Ball Stretcher with D-Ring"},"content":{"rendered":"<h5>Pung strekkjari fr\u00e1 Strict. B\u00fd\u00f0ur upp \u00e1 \u00feann m\u00f6guleika a\u00f0 hengja l\u00f3\u00f0\/aukna \u00fe\u00fdngd \u00e1 fyrir meira tog. Veitir aukin una\u00f0 vi\u00f0 sj\u00e1lfsfr\u00f3un, svipu\u00f0 tilfinning eins og veri\u00f0 s\u00e9 a\u00f0 toga \u00ed punginn.<\/h5>\n<h5>Breidd: 5cm. Umm\u00e1l: 12,7 &#8211; 15,2cm. Efni: PU le\u00f0ur og j\u00e1rn.<\/h5>","protected":false},"excerpt":{"rendered":"<p>Pung strekkjari fr\u00e1 Strict. B\u00fd\u00f0ur upp \u00e1 \u00feann m\u00f6guleika a\u00f0 hengja l\u00f3\u00f0\/aukna \u00fe\u00fdngd \u00e1 fyrir meira tog.<\/p>","protected":false},"featured_media":11292,"template":"","meta":{"inline_featured_image":false},"product_brand":[],"product_cat":[36,881,45,901],"product_tag":[799,283,64,858,282,824,298],"class_list":{"0":"post-11291","1":"product","2":"type-product","3":"status-publish","4":"has-post-thumbnail","6":"product_cat-blaeti","7":"product_cat-pungurinn","8":"product_cat-typpid","9":"product_cat-typpidogpungurinn","10":"product_tag-ball-stretcher","11":"product_tag-balls","12":"product_tag-penis","13":"product_tag-pung-strekkjari","14":"product_tag-pungurinn","15":"product_tag-strict","16":"product_tag-typpid","18":"first","19":"instock","20":"shipping-taxable","21":"purchasable","22":"product-type-simple"},"yoast_head":"<!-- This site is optimized with the Yoast SEO Premium plugin v21.6 (Yoast SEO v27.3) - https:\/\/yoast.com\/product\/yoast-seo-premium-wordpress\/ -->\n<title>Strict - Ball Stretcher with D-Ring &#8211; Amina<\/title>\n<meta name=\"description\" content=\"Pung strekkjari fr\u00e1 Strict. B\u00fd\u00f0ur upp \u00e1 \u00feann m\u00f6guleika a\u00f0 hengja l\u00f3\u00f0\/aukna \u00fe\u00fdngd \u00e1 fyrir meira tog.\" \/>\n<meta name=\"robots\" content=\"index, follow, max-snippet:-1, max-image-preview:large, max-video-preview:-1\" \/>\n<link rel=\"canonical\" href=\"https:\/\/amina.is\/en\/verslun\/typpid\/pungurinn\/strict-ball-stretcher-with-d-ring\/\" \/>\n<meta property=\"og:locale\" content=\"en_US\" \/>\n<meta property=\"og:type\" content=\"article\" \/>\n<meta property=\"og:title\" content=\"Strict - Ball Stretcher with D-Ring\" \/>\n<meta property=\"og:description\" content=\"Pung strekkjari fr\u00e1 Strict. B\u00fd\u00f0ur upp \u00e1 \u00feann m\u00f6guleika a\u00f0 hengja l\u00f3\u00f0\/aukna \u00fe\u00fdngd \u00e1 fyrir meira tog.\" \/>\n<meta property=\"og:url\" content=\"https:\/\/amina.is\/en\/verslun\/typpid\/pungurinn\/strict-ball-stretcher-with-d-ring\/\" \/>\n<meta property=\"og:site_name\" content=\"Amina\" \/>\n<meta property=\"article:publisher\" content=\"https:\/\/m.facebook.com\/AMINA-100767148840241\/\" \/>\n<meta property=\"article:modified_time\" content=\"2025-02-07T14:50:38+00:00\" \/>\n<meta property=\"og:image\" content=\"https:\/\/amina.is\/wp-content\/uploads\/2023\/02\/Untitled-design-12.jpg\" \/>\n\t<meta property=\"og:image:width\" content=\"1080\" \/>\n\t<meta property=\"og:image:height\" content=\"1080\" \/>\n\t<meta property=\"og:image:type\" content=\"image\/jpeg\" \/>\n<meta name=\"twitter:card\" content=\"summary_large_image\" \/>\n<meta name=\"twitter:label1\" content=\"Est. reading time\" \/>\n\t<meta name=\"twitter:data1\" content=\"1 minute\" \/>\n<script type=\"application\/ld+json\" class=\"yoast-schema-graph\">{\"@context\":\"https:\\\/\\\/schema.org\",\"@graph\":[{\"@type\":\"WebPage\",\"@id\":\"https:\\\/\\\/amina.is\\\/verslun\\\/typpid\\\/pungurinn\\\/strict-ball-stretcher-with-d-ring\\\/\",\"url\":\"https:\\\/\\\/amina.is\\\/verslun\\\/typpid\\\/pungurinn\\\/strict-ball-stretcher-with-d-ring\\\/\",\"name\":\"Strict - Ball Stretcher with D-Ring &#8211; Amina\",\"isPartOf\":{\"@id\":\"https:\\\/\\\/amina.is\\\/#website\"},\"primaryImageOfPage\":{\"@id\":\"https:\\\/\\\/amina.is\\\/verslun\\\/typpid\\\/pungurinn\\\/strict-ball-stretcher-with-d-ring\\\/#primaryimage\"},\"image\":{\"@id\":\"https:\\\/\\\/amina.is\\\/verslun\\\/typpid\\\/pungurinn\\\/strict-ball-stretcher-with-d-ring\\\/#primaryimage\"},\"thumbnailUrl\":\"https:\\\/\\\/amina.is\\\/wp-content\\\/uploads\\\/2023\\\/02\\\/Untitled-design-12.jpg\",\"datePublished\":\"2023-02-23T16:46:28+00:00\",\"dateModified\":\"2025-02-07T14:50:38+00:00\",\"description\":\"Pung strekkjari fr\u00e1 Strict. B\u00fd\u00f0ur upp \u00e1 \u00feann m\u00f6guleika a\u00f0 hengja l\u00f3\u00f0\\\/aukna \u00fe\u00fdngd \u00e1 fyrir meira tog.\",\"breadcrumb\":{\"@id\":\"https:\\\/\\\/amina.is\\\/verslun\\\/typpid\\\/pungurinn\\\/strict-ball-stretcher-with-d-ring\\\/#breadcrumb\"},\"inLanguage\":\"en-US\",\"potentialAction\":[{\"@type\":\"ReadAction\",\"target\":[\"https:\\\/\\\/amina.is\\\/verslun\\\/typpid\\\/pungurinn\\\/strict-ball-stretcher-with-d-ring\\\/\"]}]},{\"@type\":\"ImageObject\",\"inLanguage\":\"en-US\",\"@id\":\"https:\\\/\\\/amina.is\\\/verslun\\\/typpid\\\/pungurinn\\\/strict-ball-stretcher-with-d-ring\\\/#primaryimage\",\"url\":\"https:\\\/\\\/amina.is\\\/wp-content\\\/uploads\\\/2023\\\/02\\\/Untitled-design-12.jpg\",\"contentUrl\":\"https:\\\/\\\/amina.is\\\/wp-content\\\/uploads\\\/2023\\\/02\\\/Untitled-design-12.jpg\",\"width\":1080,\"height\":1080},{\"@type\":\"BreadcrumbList\",\"@id\":\"https:\\\/\\\/amina.is\\\/verslun\\\/typpid\\\/pungurinn\\\/strict-ball-stretcher-with-d-ring\\\/#breadcrumb\",\"itemListElement\":[{\"@type\":\"ListItem\",\"position\":1,\"name\":\"Home\",\"item\":\"https:\\\/\\\/amina.is\\\/\"},{\"@type\":\"ListItem\",\"position\":2,\"name\":\"Verslun\",\"item\":\"https:\\\/\\\/amina.is\\\/verslun\\\/\"},{\"@type\":\"ListItem\",\"position\":3,\"name\":\"Strict &#8211; Ball Stretcher with D-Ring\"}]},{\"@type\":\"WebSite\",\"@id\":\"https:\\\/\\\/amina.is\\\/#website\",\"url\":\"https:\\\/\\\/amina.is\\\/\",\"name\":\"Amina\",\"description\":\"Feeling is everything - Una\u00f0sv\u00f6rur fyrir alla\",\"publisher\":{\"@id\":\"https:\\\/\\\/amina.is\\\/#organization\"},\"potentialAction\":[{\"@type\":\"SearchAction\",\"target\":{\"@type\":\"EntryPoint\",\"urlTemplate\":\"https:\\\/\\\/amina.is\\\/?s={search_term_string}\"},\"query-input\":{\"@type\":\"PropertyValueSpecification\",\"valueRequired\":true,\"valueName\":\"search_term_string\"}}],\"inLanguage\":\"en-US\"},{\"@type\":\"Organization\",\"@id\":\"https:\\\/\\\/amina.is\\\/#organization\",\"name\":\"Amina\",\"url\":\"https:\\\/\\\/amina.is\\\/\",\"logo\":{\"@type\":\"ImageObject\",\"inLanguage\":\"en-US\",\"@id\":\"https:\\\/\\\/amina.is\\\/#\\\/schema\\\/logo\\\/image\\\/\",\"url\":\"https:\\\/\\\/amina.is\\\/wp-content\\\/uploads\\\/2021\\\/09\\\/logo.png\",\"contentUrl\":\"https:\\\/\\\/amina.is\\\/wp-content\\\/uploads\\\/2021\\\/09\\\/logo.png\",\"width\":1790,\"height\":464,\"caption\":\"Amina\"},\"image\":{\"@id\":\"https:\\\/\\\/amina.is\\\/#\\\/schema\\\/logo\\\/image\\\/\"},\"sameAs\":[\"https:\\\/\\\/m.facebook.com\\\/AMINA-100767148840241\\\/\",\"https:\\\/\\\/www.instagram.com\\\/aminaverslun\\\/\"]}]}<\/script>\n<!-- \/ Yoast SEO Premium plugin. -->","yoast_head_json":{"title":"Strict - Ball Stretcher with D-Ring &#8211; Amina","description":"Pung strekkjari fr\u00e1 Strict. B\u00fd\u00f0ur upp \u00e1 \u00feann m\u00f6guleika a\u00f0 hengja l\u00f3\u00f0\/aukna \u00fe\u00fdngd \u00e1 fyrir meira tog.","robots":{"index":"index","follow":"follow","max-snippet":"max-snippet:-1","max-image-preview":"max-image-preview:large","max-video-preview":"max-video-preview:-1"},"canonical":"https:\/\/amina.is\/en\/verslun\/typpid\/pungurinn\/strict-ball-stretcher-with-d-ring\/","og_locale":"en_US","og_type":"article","og_title":"Strict - Ball Stretcher with D-Ring","og_description":"Pung strekkjari fr\u00e1 Strict. B\u00fd\u00f0ur upp \u00e1 \u00feann m\u00f6guleika a\u00f0 hengja l\u00f3\u00f0\/aukna \u00fe\u00fdngd \u00e1 fyrir meira tog.","og_url":"https:\/\/amina.is\/en\/verslun\/typpid\/pungurinn\/strict-ball-stretcher-with-d-ring\/","og_site_name":"Amina","article_publisher":"https:\/\/m.facebook.com\/AMINA-100767148840241\/","article_modified_time":"2025-02-07T14:50:38+00:00","og_image":[{"width":1080,"height":1080,"url":"https:\/\/amina.is\/wp-content\/uploads\/2023\/02\/Untitled-design-12.jpg","type":"image\/jpeg"}],"twitter_card":"summary_large_image","twitter_misc":{"Est. reading time":"1 minute"},"schema":{"@context":"https:\/\/schema.org","@graph":[{"@type":"WebPage","@id":"https:\/\/amina.is\/verslun\/typpid\/pungurinn\/strict-ball-stretcher-with-d-ring\/","url":"https:\/\/amina.is\/verslun\/typpid\/pungurinn\/strict-ball-stretcher-with-d-ring\/","name":"Strict - Ball Stretcher with D-Ring &#8211; Amina","isPartOf":{"@id":"https:\/\/amina.is\/#website"},"primaryImageOfPage":{"@id":"https:\/\/amina.is\/verslun\/typpid\/pungurinn\/strict-ball-stretcher-with-d-ring\/#primaryimage"},"image":{"@id":"https:\/\/amina.is\/verslun\/typpid\/pungurinn\/strict-ball-stretcher-with-d-ring\/#primaryimage"},"thumbnailUrl":"https:\/\/amina.is\/wp-content\/uploads\/2023\/02\/Untitled-design-12.jpg","datePublished":"2023-02-23T16:46:28+00:00","dateModified":"2025-02-07T14:50:38+00:00","description":"Pung strekkjari fr\u00e1 Strict. B\u00fd\u00f0ur upp \u00e1 \u00feann m\u00f6guleika a\u00f0 hengja l\u00f3\u00f0\/aukna \u00fe\u00fdngd \u00e1 fyrir meira tog.","breadcrumb":{"@id":"https:\/\/amina.is\/verslun\/typpid\/pungurinn\/strict-ball-stretcher-with-d-ring\/#breadcrumb"},"inLanguage":"en-US","potentialAction":[{"@type":"ReadAction","target":["https:\/\/amina.is\/verslun\/typpid\/pungurinn\/strict-ball-stretcher-with-d-ring\/"]}]},{"@type":"ImageObject","inLanguage":"en-US","@id":"https:\/\/amina.is\/verslun\/typpid\/pungurinn\/strict-ball-stretcher-with-d-ring\/#primaryimage","url":"https:\/\/amina.is\/wp-content\/uploads\/2023\/02\/Untitled-design-12.jpg","contentUrl":"https:\/\/amina.is\/wp-content\/uploads\/2023\/02\/Untitled-design-12.jpg","width":1080,"height":1080},{"@type":"BreadcrumbList","@id":"https:\/\/amina.is\/verslun\/typpid\/pungurinn\/strict-ball-stretcher-with-d-ring\/#breadcrumb","itemListElement":[{"@type":"ListItem","position":1,"name":"Home","item":"https:\/\/amina.is\/"},{"@type":"ListItem","position":2,"name":"Verslun","item":"https:\/\/amina.is\/verslun\/"},{"@type":"ListItem","position":3,"name":"Strict &#8211; Ball Stretcher with D-Ring"}]},{"@type":"WebSite","@id":"https:\/\/amina.is\/#website","url":"https:\/\/amina.is\/","name":"Amina","description":"Feeling is everything - Una\u00f0sv\u00f6rur fyrir alla","publisher":{"@id":"https:\/\/amina.is\/#organization"},"potentialAction":[{"@type":"SearchAction","target":{"@type":"EntryPoint","urlTemplate":"https:\/\/amina.is\/?s={search_term_string}"},"query-input":{"@type":"PropertyValueSpecification","valueRequired":true,"valueName":"search_term_string"}}],"inLanguage":"en-US"},{"@type":"Organization","@id":"https:\/\/amina.is\/#organization","name":"Amina","url":"https:\/\/amina.is\/","logo":{"@type":"ImageObject","inLanguage":"en-US","@id":"https:\/\/amina.is\/#\/schema\/logo\/image\/","url":"https:\/\/amina.is\/wp-content\/uploads\/2021\/09\/logo.png","contentUrl":"https:\/\/amina.is\/wp-content\/uploads\/2021\/09\/logo.png","width":1790,"height":464,"caption":"Amina"},"image":{"@id":"https:\/\/amina.is\/#\/schema\/logo\/image\/"},"sameAs":["https:\/\/m.facebook.com\/AMINA-100767148840241\/","https:\/\/www.instagram.com\/aminaverslun\/"]}]}},"_links":{"self":[{"href":"https:\/\/amina.is\/en\/wp-json\/wp\/v2\/product\/11291","targetHints":{"allow":["GET"]}}],"collection":[{"href":"https:\/\/amina.is\/en\/wp-json\/wp\/v2\/product"}],"about":[{"href":"https:\/\/amina.is\/en\/wp-json\/wp\/v2\/types\/product"}],"version-history":[{"count":3,"href":"https:\/\/amina.is\/en\/wp-json\/wp\/v2\/product\/11291\/revisions"}],"predecessor-version":[{"id":11300,"href":"https:\/\/amina.is\/en\/wp-json\/wp\/v2\/product\/11291\/revisions\/11300"}],"wp:featuredmedia":[{"embeddable":true,"href":"https:\/\/amina.is\/en\/wp-json\/wp\/v2\/media\/11292"}],"wp:attachment":[{"href":"https:\/\/amina.is\/en\/wp-json\/wp\/v2\/media?parent=11291"}],"wp:term":[{"taxonomy":"product_brand","embeddable":true,"href":"https:\/\/amina.is\/en\/wp-json\/wp\/v2\/product_brand?post=11291"},{"taxonomy":"product_cat","embeddable":true,"href":"https:\/\/amina.is\/en\/wp-json\/wp\/v2\/product_cat?post=11291"},{"taxonomy":"product_tag","embeddable":true,"href":"https:\/\/amina.is\/en\/wp-json\/wp\/v2\/product_tag?post=11291"}],"curies":[{"name":"wp","href":"https:\/\/api.w.org\/{rel}","templated":true}]}}