{"id":11285,"date":"2023-02-21T18:24:40","date_gmt":"2023-02-21T18:24:40","guid":{"rendered":"https:\/\/amina.is\/?post_type=product&#038;p=11285"},"modified":"2023-03-26T18:20:30","modified_gmt":"2023-03-26T18:20:30","slug":"dark-dual-density-squirting-dildo-185cm","status":"publish","type":"product","link":"https:\/\/amina.is\/en\/verslun\/pikan\/gervilimir\/dark-dual-density-squirting-dildo-185cm\/","title":{"rendered":"Dark Dual Density Squirting Dildo 18,5cm (13,5cm usable)"},"content":{"rendered":"<h5>\u00c1fyllanlegur gervilimur. H\u00e6gt er a\u00f0 nota \u00feunnan og \u00feykkan v\u00f6kva. Ef nota \u00e1 \u00feykkan v\u00f6kva getur veri\u00f0 au\u00f0veldara a\u00f0 nota sprautu til \u00feess a\u00f0 fylla \u00e1 hann. Ef nota \u00e1 \u00feunnan v\u00f6kva er n\u00f3g a\u00f0 \u00fer\u00fdsta \u00e1 punginn til \u00feess a\u00f0 loftt\u00e6ma hann og l\u00e1ta hann sj\u00faga v\u00f6kvann upp. Vi\u00f0 m\u00e6lum me\u00f0 <a href=\"https:\/\/amina.is\/en\/verslun\/rassinn\/jizz-unscented-water-based-lube-236ml\/\">\u00feessu sleipiefni<\/a> sem \u00e1fyllingu en \u00fe\u00fa getur s\u00ed\u00f0an prufa\u00f0 \u00feig \u00e1fram me\u00f0 \u00e1fer\u00f0 og \u00feykkt me\u00f0 \u00fev\u00ed a\u00f0 b\u00e6ta vi\u00f0 vatni til \u00feess a\u00f0 \u00feynna \u00fea\u00f0. Hann &#8222;kemur&#8220; me\u00f0 \u00fev\u00ed a\u00f0 \u00fer\u00fdsta\/mynda \u00fer\u00fdsting \u00e1 punginn.<\/h5>\n<h5>Heildarlengd: 18,5cm. Innsetjanleg lengd: 13,5cm. Brei\u00f0asti partur: 5cm.<\/h5>","protected":false},"excerpt":{"rendered":"<p>\u00c1fyllanlegur gervilimur. H\u00e6gt er a\u00f0 nota \u00feunnan og \u00feykkan v\u00f6kva.<\/p>","protected":false},"featured_media":11286,"template":"","meta":{"inline_featured_image":false},"product_brand":[],"product_cat":[41,43,884,906,44,35],"product_tag":[362,840,462,857,856],"class_list":{"0":"post-11285","1":"product","2":"type-product","3":"status-publish","4":"has-post-thumbnail","6":"product_cat-fyrir-tha","7":"product_cat-fyrir-thau","8":"product_cat-gervilimir","9":"product_cat-gervilimirogegg","10":"product_cat-pikan","11":"product_cat-rassinn","12":"product_tag-dildo","13":"product_tag-gervilimur","14":"product_tag-saedi","15":"product_tag-seamen","16":"product_tag-squirting-dildo","18":"first","19":"instock","20":"shipping-taxable","21":"purchasable","22":"product-type-simple"},"yoast_head":"<!-- This site is optimized with the Yoast SEO Premium plugin v21.6 (Yoast SEO v27.3) - https:\/\/yoast.com\/product\/yoast-seo-premium-wordpress\/ -->\n<title>Dark Dual Density Squirting Dildo 18,5cm (13,5cm usable) &#8211; Amina<\/title>\n<meta name=\"description\" content=\"\u00c1fyllanlegur gervilimur. H\u00e6gt er a\u00f0 nota \u00feunnan og \u00feykkan v\u00f6kva.\" \/>\n<meta name=\"robots\" content=\"index, follow, max-snippet:-1, max-image-preview:large, max-video-preview:-1\" \/>\n<link rel=\"canonical\" href=\"https:\/\/amina.is\/en\/verslun\/pikan\/gervilimir\/dark-dual-density-squirting-dildo-185cm\/\" \/>\n<meta property=\"og:locale\" content=\"en_US\" \/>\n<meta property=\"og:type\" content=\"article\" \/>\n<meta property=\"og:title\" content=\"Dark Dual Density Squirting Dildo 18,5cm (13,5cm usable)\" \/>\n<meta property=\"og:description\" content=\"\u00c1fyllanlegur gervilimur. H\u00e6gt er a\u00f0 nota \u00feunnan og \u00feykkan v\u00f6kva.\" \/>\n<meta property=\"og:url\" content=\"https:\/\/amina.is\/en\/verslun\/pikan\/gervilimir\/dark-dual-density-squirting-dildo-185cm\/\" \/>\n<meta property=\"og:site_name\" content=\"Amina\" \/>\n<meta property=\"article:publisher\" content=\"https:\/\/m.facebook.com\/AMINA-100767148840241\/\" \/>\n<meta property=\"article:modified_time\" content=\"2023-03-26T18:20:30+00:00\" \/>\n<meta property=\"og:image\" content=\"https:\/\/amina.is\/wp-content\/uploads\/2023\/02\/Untitled-design-9.jpg\" \/>\n\t<meta property=\"og:image:width\" content=\"1080\" \/>\n\t<meta property=\"og:image:height\" content=\"1080\" \/>\n\t<meta property=\"og:image:type\" content=\"image\/jpeg\" \/>\n<meta name=\"twitter:card\" content=\"summary_large_image\" \/>\n<meta name=\"twitter:label1\" content=\"Est. reading time\" \/>\n\t<meta name=\"twitter:data1\" content=\"1 minute\" \/>\n<script type=\"application\/ld+json\" class=\"yoast-schema-graph\">{\"@context\":\"https:\\\/\\\/schema.org\",\"@graph\":[{\"@type\":\"WebPage\",\"@id\":\"https:\\\/\\\/amina.is\\\/verslun\\\/pikan\\\/gervilimir\\\/dark-dual-density-squirting-dildo-185cm\\\/\",\"url\":\"https:\\\/\\\/amina.is\\\/verslun\\\/pikan\\\/gervilimir\\\/dark-dual-density-squirting-dildo-185cm\\\/\",\"name\":\"Dark Dual Density Squirting Dildo 18,5cm (13,5cm usable) &#8211; Amina\",\"isPartOf\":{\"@id\":\"https:\\\/\\\/amina.is\\\/#website\"},\"primaryImageOfPage\":{\"@id\":\"https:\\\/\\\/amina.is\\\/verslun\\\/pikan\\\/gervilimir\\\/dark-dual-density-squirting-dildo-185cm\\\/#primaryimage\"},\"image\":{\"@id\":\"https:\\\/\\\/amina.is\\\/verslun\\\/pikan\\\/gervilimir\\\/dark-dual-density-squirting-dildo-185cm\\\/#primaryimage\"},\"thumbnailUrl\":\"https:\\\/\\\/amina.is\\\/wp-content\\\/uploads\\\/2023\\\/02\\\/Untitled-design-9.jpg\",\"datePublished\":\"2023-02-21T18:24:40+00:00\",\"dateModified\":\"2023-03-26T18:20:30+00:00\",\"description\":\"\u00c1fyllanlegur gervilimur. H\u00e6gt er a\u00f0 nota \u00feunnan og \u00feykkan v\u00f6kva.\",\"breadcrumb\":{\"@id\":\"https:\\\/\\\/amina.is\\\/verslun\\\/pikan\\\/gervilimir\\\/dark-dual-density-squirting-dildo-185cm\\\/#breadcrumb\"},\"inLanguage\":\"en-US\",\"potentialAction\":[{\"@type\":\"ReadAction\",\"target\":[\"https:\\\/\\\/amina.is\\\/verslun\\\/pikan\\\/gervilimir\\\/dark-dual-density-squirting-dildo-185cm\\\/\"]}]},{\"@type\":\"ImageObject\",\"inLanguage\":\"en-US\",\"@id\":\"https:\\\/\\\/amina.is\\\/verslun\\\/pikan\\\/gervilimir\\\/dark-dual-density-squirting-dildo-185cm\\\/#primaryimage\",\"url\":\"https:\\\/\\\/amina.is\\\/wp-content\\\/uploads\\\/2023\\\/02\\\/Untitled-design-9.jpg\",\"contentUrl\":\"https:\\\/\\\/amina.is\\\/wp-content\\\/uploads\\\/2023\\\/02\\\/Untitled-design-9.jpg\",\"width\":1080,\"height\":1080},{\"@type\":\"BreadcrumbList\",\"@id\":\"https:\\\/\\\/amina.is\\\/verslun\\\/pikan\\\/gervilimir\\\/dark-dual-density-squirting-dildo-185cm\\\/#breadcrumb\",\"itemListElement\":[{\"@type\":\"ListItem\",\"position\":1,\"name\":\"Home\",\"item\":\"https:\\\/\\\/amina.is\\\/\"},{\"@type\":\"ListItem\",\"position\":2,\"name\":\"Verslun\",\"item\":\"https:\\\/\\\/amina.is\\\/verslun\\\/\"},{\"@type\":\"ListItem\",\"position\":3,\"name\":\"Dark Dual Density Squirting Dildo 18,5cm (13,5cm usable)\"}]},{\"@type\":\"WebSite\",\"@id\":\"https:\\\/\\\/amina.is\\\/#website\",\"url\":\"https:\\\/\\\/amina.is\\\/\",\"name\":\"Amina\",\"description\":\"Feeling is everything - Una\u00f0sv\u00f6rur fyrir alla\",\"publisher\":{\"@id\":\"https:\\\/\\\/amina.is\\\/#organization\"},\"potentialAction\":[{\"@type\":\"SearchAction\",\"target\":{\"@type\":\"EntryPoint\",\"urlTemplate\":\"https:\\\/\\\/amina.is\\\/?s={search_term_string}\"},\"query-input\":{\"@type\":\"PropertyValueSpecification\",\"valueRequired\":true,\"valueName\":\"search_term_string\"}}],\"inLanguage\":\"en-US\"},{\"@type\":\"Organization\",\"@id\":\"https:\\\/\\\/amina.is\\\/#organization\",\"name\":\"Amina\",\"url\":\"https:\\\/\\\/amina.is\\\/\",\"logo\":{\"@type\":\"ImageObject\",\"inLanguage\":\"en-US\",\"@id\":\"https:\\\/\\\/amina.is\\\/#\\\/schema\\\/logo\\\/image\\\/\",\"url\":\"https:\\\/\\\/amina.is\\\/wp-content\\\/uploads\\\/2021\\\/09\\\/logo.png\",\"contentUrl\":\"https:\\\/\\\/amina.is\\\/wp-content\\\/uploads\\\/2021\\\/09\\\/logo.png\",\"width\":1790,\"height\":464,\"caption\":\"Amina\"},\"image\":{\"@id\":\"https:\\\/\\\/amina.is\\\/#\\\/schema\\\/logo\\\/image\\\/\"},\"sameAs\":[\"https:\\\/\\\/m.facebook.com\\\/AMINA-100767148840241\\\/\",\"https:\\\/\\\/www.instagram.com\\\/aminaverslun\\\/\"]}]}<\/script>\n<!-- \/ Yoast SEO Premium plugin. -->","yoast_head_json":{"title":"Dark Dual Density Squirting Dildo 18,5cm (13,5cm usable) &#8211; Amina","description":"\u00c1fyllanlegur gervilimur. H\u00e6gt er a\u00f0 nota \u00feunnan og \u00feykkan v\u00f6kva.","robots":{"index":"index","follow":"follow","max-snippet":"max-snippet:-1","max-image-preview":"max-image-preview:large","max-video-preview":"max-video-preview:-1"},"canonical":"https:\/\/amina.is\/en\/verslun\/pikan\/gervilimir\/dark-dual-density-squirting-dildo-185cm\/","og_locale":"en_US","og_type":"article","og_title":"Dark Dual Density Squirting Dildo 18,5cm (13,5cm usable)","og_description":"\u00c1fyllanlegur gervilimur. H\u00e6gt er a\u00f0 nota \u00feunnan og \u00feykkan v\u00f6kva.","og_url":"https:\/\/amina.is\/en\/verslun\/pikan\/gervilimir\/dark-dual-density-squirting-dildo-185cm\/","og_site_name":"Amina","article_publisher":"https:\/\/m.facebook.com\/AMINA-100767148840241\/","article_modified_time":"2023-03-26T18:20:30+00:00","og_image":[{"width":1080,"height":1080,"url":"https:\/\/amina.is\/wp-content\/uploads\/2023\/02\/Untitled-design-9.jpg","type":"image\/jpeg"}],"twitter_card":"summary_large_image","twitter_misc":{"Est. reading time":"1 minute"},"schema":{"@context":"https:\/\/schema.org","@graph":[{"@type":"WebPage","@id":"https:\/\/amina.is\/verslun\/pikan\/gervilimir\/dark-dual-density-squirting-dildo-185cm\/","url":"https:\/\/amina.is\/verslun\/pikan\/gervilimir\/dark-dual-density-squirting-dildo-185cm\/","name":"Dark Dual Density Squirting Dildo 18,5cm (13,5cm usable) &#8211; Amina","isPartOf":{"@id":"https:\/\/amina.is\/#website"},"primaryImageOfPage":{"@id":"https:\/\/amina.is\/verslun\/pikan\/gervilimir\/dark-dual-density-squirting-dildo-185cm\/#primaryimage"},"image":{"@id":"https:\/\/amina.is\/verslun\/pikan\/gervilimir\/dark-dual-density-squirting-dildo-185cm\/#primaryimage"},"thumbnailUrl":"https:\/\/amina.is\/wp-content\/uploads\/2023\/02\/Untitled-design-9.jpg","datePublished":"2023-02-21T18:24:40+00:00","dateModified":"2023-03-26T18:20:30+00:00","description":"\u00c1fyllanlegur gervilimur. H\u00e6gt er a\u00f0 nota \u00feunnan og \u00feykkan v\u00f6kva.","breadcrumb":{"@id":"https:\/\/amina.is\/verslun\/pikan\/gervilimir\/dark-dual-density-squirting-dildo-185cm\/#breadcrumb"},"inLanguage":"en-US","potentialAction":[{"@type":"ReadAction","target":["https:\/\/amina.is\/verslun\/pikan\/gervilimir\/dark-dual-density-squirting-dildo-185cm\/"]}]},{"@type":"ImageObject","inLanguage":"en-US","@id":"https:\/\/amina.is\/verslun\/pikan\/gervilimir\/dark-dual-density-squirting-dildo-185cm\/#primaryimage","url":"https:\/\/amina.is\/wp-content\/uploads\/2023\/02\/Untitled-design-9.jpg","contentUrl":"https:\/\/amina.is\/wp-content\/uploads\/2023\/02\/Untitled-design-9.jpg","width":1080,"height":1080},{"@type":"BreadcrumbList","@id":"https:\/\/amina.is\/verslun\/pikan\/gervilimir\/dark-dual-density-squirting-dildo-185cm\/#breadcrumb","itemListElement":[{"@type":"ListItem","position":1,"name":"Home","item":"https:\/\/amina.is\/"},{"@type":"ListItem","position":2,"name":"Verslun","item":"https:\/\/amina.is\/verslun\/"},{"@type":"ListItem","position":3,"name":"Dark Dual Density Squirting Dildo 18,5cm (13,5cm usable)"}]},{"@type":"WebSite","@id":"https:\/\/amina.is\/#website","url":"https:\/\/amina.is\/","name":"Amina","description":"Feeling is everything - Una\u00f0sv\u00f6rur fyrir alla","publisher":{"@id":"https:\/\/amina.is\/#organization"},"potentialAction":[{"@type":"SearchAction","target":{"@type":"EntryPoint","urlTemplate":"https:\/\/amina.is\/?s={search_term_string}"},"query-input":{"@type":"PropertyValueSpecification","valueRequired":true,"valueName":"search_term_string"}}],"inLanguage":"en-US"},{"@type":"Organization","@id":"https:\/\/amina.is\/#organization","name":"Amina","url":"https:\/\/amina.is\/","logo":{"@type":"ImageObject","inLanguage":"en-US","@id":"https:\/\/amina.is\/#\/schema\/logo\/image\/","url":"https:\/\/amina.is\/wp-content\/uploads\/2021\/09\/logo.png","contentUrl":"https:\/\/amina.is\/wp-content\/uploads\/2021\/09\/logo.png","width":1790,"height":464,"caption":"Amina"},"image":{"@id":"https:\/\/amina.is\/#\/schema\/logo\/image\/"},"sameAs":["https:\/\/m.facebook.com\/AMINA-100767148840241\/","https:\/\/www.instagram.com\/aminaverslun\/"]}]}},"_links":{"self":[{"href":"https:\/\/amina.is\/en\/wp-json\/wp\/v2\/product\/11285","targetHints":{"allow":["GET"]}}],"collection":[{"href":"https:\/\/amina.is\/en\/wp-json\/wp\/v2\/product"}],"about":[{"href":"https:\/\/amina.is\/en\/wp-json\/wp\/v2\/types\/product"}],"version-history":[{"count":2,"href":"https:\/\/amina.is\/en\/wp-json\/wp\/v2\/product\/11285\/revisions"}],"predecessor-version":[{"id":11576,"href":"https:\/\/amina.is\/en\/wp-json\/wp\/v2\/product\/11285\/revisions\/11576"}],"wp:featuredmedia":[{"embeddable":true,"href":"https:\/\/amina.is\/en\/wp-json\/wp\/v2\/media\/11286"}],"wp:attachment":[{"href":"https:\/\/amina.is\/en\/wp-json\/wp\/v2\/media?parent=11285"}],"wp:term":[{"taxonomy":"product_brand","embeddable":true,"href":"https:\/\/amina.is\/en\/wp-json\/wp\/v2\/product_brand?post=11285"},{"taxonomy":"product_cat","embeddable":true,"href":"https:\/\/amina.is\/en\/wp-json\/wp\/v2\/product_cat?post=11285"},{"taxonomy":"product_tag","embeddable":true,"href":"https:\/\/amina.is\/en\/wp-json\/wp\/v2\/product_tag?post=11285"}],"curies":[{"name":"wp","href":"https:\/\/api.w.org\/{rel}","templated":true}]}}