{"id":11276,"date":"2023-02-20T20:53:46","date_gmt":"2023-02-20T20:53:46","guid":{"rendered":"https:\/\/amina.is\/?post_type=product&#038;p=11276"},"modified":"2023-03-25T16:56:18","modified_gmt":"2023-03-25T16:56:18","slug":"trinity-men-hexnut-cock-ring","status":"publish","type":"product","link":"https:\/\/amina.is\/en\/verslun\/typpid\/typpahringir\/trinity-men-hexnut-cock-ring\/","title":{"rendered":"Trinity Men &#8211; HexNut Cock Ring"},"content":{"rendered":"<h5>Teygjanlegur typpahringur \u00far TPE efni sem gefur \u00fe\u00e9tt grip. Innra \u00feverm\u00e1l er 2,6cm. (Strekkist mun meira)<\/h5>\n<h5><\/h5>","protected":false},"excerpt":{"rendered":"<p>Teygjanlegur typpahringur \u00far TPE efni sem gefur \u00fe\u00e9tt grip.<\/p>","protected":false},"featured_media":11277,"template":"","meta":{"inline_featured_image":false},"product_brand":[],"product_cat":[41,43,899,878,45],"product_tag":[400,851,72],"class_list":{"0":"post-11276","1":"product","2":"type-product","3":"status-publish","4":"has-post-thumbnail","6":"product_cat-fyrir-tha","7":"product_cat-fyrir-thau","8":"product_cat-notaahann","9":"product_cat-typpahringir","10":"product_cat-typpid","11":"product_tag-cockring","12":"product_tag-hexnut","13":"product_tag-typpahringur","15":"first","16":"instock","17":"shipping-taxable","18":"purchasable","19":"product-type-simple"},"yoast_head":"<!-- This site is optimized with the Yoast SEO Premium plugin v21.6 (Yoast SEO v27.4) - https:\/\/yoast.com\/product\/yoast-seo-premium-wordpress\/ -->\n<title>Trinity Men - HexNut Cock Ring &#8211; Amina<\/title>\n<meta name=\"description\" content=\"Teygjanlegur typpahringur \u00far TPE efni sem gefur \u00fe\u00e9tt grip.\" \/>\n<meta name=\"robots\" content=\"index, follow, max-snippet:-1, max-image-preview:large, max-video-preview:-1\" \/>\n<link rel=\"canonical\" href=\"https:\/\/amina.is\/en\/verslun\/typpid\/typpahringir\/trinity-men-hexnut-cock-ring\/\" \/>\n<meta property=\"og:locale\" content=\"en_US\" \/>\n<meta property=\"og:type\" content=\"article\" \/>\n<meta property=\"og:title\" content=\"Trinity Men - HexNut Cock Ring\" \/>\n<meta property=\"og:description\" content=\"Teygjanlegur typpahringur \u00far TPE efni sem gefur \u00fe\u00e9tt grip.\" \/>\n<meta property=\"og:url\" content=\"https:\/\/amina.is\/en\/verslun\/typpid\/typpahringir\/trinity-men-hexnut-cock-ring\/\" \/>\n<meta property=\"og:site_name\" content=\"Amina\" \/>\n<meta property=\"article:publisher\" content=\"https:\/\/m.facebook.com\/AMINA-100767148840241\/\" \/>\n<meta property=\"article:modified_time\" content=\"2023-03-25T16:56:18+00:00\" \/>\n<meta property=\"og:image\" content=\"https:\/\/amina.is\/wp-content\/uploads\/2023\/02\/Untitled-design-8.jpg\" \/>\n\t<meta property=\"og:image:width\" content=\"1080\" \/>\n\t<meta property=\"og:image:height\" content=\"1080\" \/>\n\t<meta property=\"og:image:type\" content=\"image\/jpeg\" \/>\n<meta name=\"twitter:card\" content=\"summary_large_image\" \/>\n<meta name=\"twitter:label1\" content=\"Est. reading time\" \/>\n\t<meta name=\"twitter:data1\" content=\"1 minute\" \/>\n<script type=\"application\/ld+json\" class=\"yoast-schema-graph\">{\"@context\":\"https:\\\/\\\/schema.org\",\"@graph\":[{\"@type\":\"WebPage\",\"@id\":\"https:\\\/\\\/amina.is\\\/verslun\\\/typpid\\\/typpahringir\\\/trinity-men-hexnut-cock-ring\\\/\",\"url\":\"https:\\\/\\\/amina.is\\\/verslun\\\/typpid\\\/typpahringir\\\/trinity-men-hexnut-cock-ring\\\/\",\"name\":\"Trinity Men - HexNut Cock Ring &#8211; Amina\",\"isPartOf\":{\"@id\":\"https:\\\/\\\/amina.is\\\/#website\"},\"primaryImageOfPage\":{\"@id\":\"https:\\\/\\\/amina.is\\\/verslun\\\/typpid\\\/typpahringir\\\/trinity-men-hexnut-cock-ring\\\/#primaryimage\"},\"image\":{\"@id\":\"https:\\\/\\\/amina.is\\\/verslun\\\/typpid\\\/typpahringir\\\/trinity-men-hexnut-cock-ring\\\/#primaryimage\"},\"thumbnailUrl\":\"https:\\\/\\\/amina.is\\\/wp-content\\\/uploads\\\/2023\\\/02\\\/Untitled-design-8.jpg\",\"datePublished\":\"2023-02-20T20:53:46+00:00\",\"dateModified\":\"2023-03-25T16:56:18+00:00\",\"description\":\"Teygjanlegur typpahringur \u00far TPE efni sem gefur \u00fe\u00e9tt grip.\",\"breadcrumb\":{\"@id\":\"https:\\\/\\\/amina.is\\\/verslun\\\/typpid\\\/typpahringir\\\/trinity-men-hexnut-cock-ring\\\/#breadcrumb\"},\"inLanguage\":\"en-US\",\"potentialAction\":[{\"@type\":\"ReadAction\",\"target\":[\"https:\\\/\\\/amina.is\\\/verslun\\\/typpid\\\/typpahringir\\\/trinity-men-hexnut-cock-ring\\\/\"]}]},{\"@type\":\"ImageObject\",\"inLanguage\":\"en-US\",\"@id\":\"https:\\\/\\\/amina.is\\\/verslun\\\/typpid\\\/typpahringir\\\/trinity-men-hexnut-cock-ring\\\/#primaryimage\",\"url\":\"https:\\\/\\\/amina.is\\\/wp-content\\\/uploads\\\/2023\\\/02\\\/Untitled-design-8.jpg\",\"contentUrl\":\"https:\\\/\\\/amina.is\\\/wp-content\\\/uploads\\\/2023\\\/02\\\/Untitled-design-8.jpg\",\"width\":1080,\"height\":1080},{\"@type\":\"BreadcrumbList\",\"@id\":\"https:\\\/\\\/amina.is\\\/verslun\\\/typpid\\\/typpahringir\\\/trinity-men-hexnut-cock-ring\\\/#breadcrumb\",\"itemListElement\":[{\"@type\":\"ListItem\",\"position\":1,\"name\":\"Home\",\"item\":\"https:\\\/\\\/amina.is\\\/\"},{\"@type\":\"ListItem\",\"position\":2,\"name\":\"Verslun\",\"item\":\"https:\\\/\\\/amina.is\\\/verslun\\\/\"},{\"@type\":\"ListItem\",\"position\":3,\"name\":\"Trinity Men &#8211; HexNut Cock Ring\"}]},{\"@type\":\"WebSite\",\"@id\":\"https:\\\/\\\/amina.is\\\/#website\",\"url\":\"https:\\\/\\\/amina.is\\\/\",\"name\":\"Amina\",\"description\":\"Feeling is everything - Una\u00f0sv\u00f6rur fyrir alla\",\"publisher\":{\"@id\":\"https:\\\/\\\/amina.is\\\/#organization\"},\"potentialAction\":[{\"@type\":\"SearchAction\",\"target\":{\"@type\":\"EntryPoint\",\"urlTemplate\":\"https:\\\/\\\/amina.is\\\/?s={search_term_string}\"},\"query-input\":{\"@type\":\"PropertyValueSpecification\",\"valueRequired\":true,\"valueName\":\"search_term_string\"}}],\"inLanguage\":\"en-US\"},{\"@type\":\"Organization\",\"@id\":\"https:\\\/\\\/amina.is\\\/#organization\",\"name\":\"Amina\",\"url\":\"https:\\\/\\\/amina.is\\\/\",\"logo\":{\"@type\":\"ImageObject\",\"inLanguage\":\"en-US\",\"@id\":\"https:\\\/\\\/amina.is\\\/#\\\/schema\\\/logo\\\/image\\\/\",\"url\":\"https:\\\/\\\/amina.is\\\/wp-content\\\/uploads\\\/2021\\\/09\\\/logo.png\",\"contentUrl\":\"https:\\\/\\\/amina.is\\\/wp-content\\\/uploads\\\/2021\\\/09\\\/logo.png\",\"width\":1790,\"height\":464,\"caption\":\"Amina\"},\"image\":{\"@id\":\"https:\\\/\\\/amina.is\\\/#\\\/schema\\\/logo\\\/image\\\/\"},\"sameAs\":[\"https:\\\/\\\/m.facebook.com\\\/AMINA-100767148840241\\\/\",\"https:\\\/\\\/www.instagram.com\\\/aminaverslun\\\/\"]}]}<\/script>\n<!-- \/ Yoast SEO Premium plugin. -->","yoast_head_json":{"title":"Trinity Men - HexNut Cock Ring &#8211; Amina","description":"Teygjanlegur typpahringur \u00far TPE efni sem gefur \u00fe\u00e9tt grip.","robots":{"index":"index","follow":"follow","max-snippet":"max-snippet:-1","max-image-preview":"max-image-preview:large","max-video-preview":"max-video-preview:-1"},"canonical":"https:\/\/amina.is\/en\/verslun\/typpid\/typpahringir\/trinity-men-hexnut-cock-ring\/","og_locale":"en_US","og_type":"article","og_title":"Trinity Men - HexNut Cock Ring","og_description":"Teygjanlegur typpahringur \u00far TPE efni sem gefur \u00fe\u00e9tt grip.","og_url":"https:\/\/amina.is\/en\/verslun\/typpid\/typpahringir\/trinity-men-hexnut-cock-ring\/","og_site_name":"Amina","article_publisher":"https:\/\/m.facebook.com\/AMINA-100767148840241\/","article_modified_time":"2023-03-25T16:56:18+00:00","og_image":[{"width":1080,"height":1080,"url":"https:\/\/amina.is\/wp-content\/uploads\/2023\/02\/Untitled-design-8.jpg","type":"image\/jpeg"}],"twitter_card":"summary_large_image","twitter_misc":{"Est. reading time":"1 minute"},"schema":{"@context":"https:\/\/schema.org","@graph":[{"@type":"WebPage","@id":"https:\/\/amina.is\/verslun\/typpid\/typpahringir\/trinity-men-hexnut-cock-ring\/","url":"https:\/\/amina.is\/verslun\/typpid\/typpahringir\/trinity-men-hexnut-cock-ring\/","name":"Trinity Men - HexNut Cock Ring &#8211; Amina","isPartOf":{"@id":"https:\/\/amina.is\/#website"},"primaryImageOfPage":{"@id":"https:\/\/amina.is\/verslun\/typpid\/typpahringir\/trinity-men-hexnut-cock-ring\/#primaryimage"},"image":{"@id":"https:\/\/amina.is\/verslun\/typpid\/typpahringir\/trinity-men-hexnut-cock-ring\/#primaryimage"},"thumbnailUrl":"https:\/\/amina.is\/wp-content\/uploads\/2023\/02\/Untitled-design-8.jpg","datePublished":"2023-02-20T20:53:46+00:00","dateModified":"2023-03-25T16:56:18+00:00","description":"Teygjanlegur typpahringur \u00far TPE efni sem gefur \u00fe\u00e9tt grip.","breadcrumb":{"@id":"https:\/\/amina.is\/verslun\/typpid\/typpahringir\/trinity-men-hexnut-cock-ring\/#breadcrumb"},"inLanguage":"en-US","potentialAction":[{"@type":"ReadAction","target":["https:\/\/amina.is\/verslun\/typpid\/typpahringir\/trinity-men-hexnut-cock-ring\/"]}]},{"@type":"ImageObject","inLanguage":"en-US","@id":"https:\/\/amina.is\/verslun\/typpid\/typpahringir\/trinity-men-hexnut-cock-ring\/#primaryimage","url":"https:\/\/amina.is\/wp-content\/uploads\/2023\/02\/Untitled-design-8.jpg","contentUrl":"https:\/\/amina.is\/wp-content\/uploads\/2023\/02\/Untitled-design-8.jpg","width":1080,"height":1080},{"@type":"BreadcrumbList","@id":"https:\/\/amina.is\/verslun\/typpid\/typpahringir\/trinity-men-hexnut-cock-ring\/#breadcrumb","itemListElement":[{"@type":"ListItem","position":1,"name":"Home","item":"https:\/\/amina.is\/"},{"@type":"ListItem","position":2,"name":"Verslun","item":"https:\/\/amina.is\/verslun\/"},{"@type":"ListItem","position":3,"name":"Trinity Men &#8211; HexNut Cock Ring"}]},{"@type":"WebSite","@id":"https:\/\/amina.is\/#website","url":"https:\/\/amina.is\/","name":"Amina","description":"Feeling is everything - Una\u00f0sv\u00f6rur fyrir alla","publisher":{"@id":"https:\/\/amina.is\/#organization"},"potentialAction":[{"@type":"SearchAction","target":{"@type":"EntryPoint","urlTemplate":"https:\/\/amina.is\/?s={search_term_string}"},"query-input":{"@type":"PropertyValueSpecification","valueRequired":true,"valueName":"search_term_string"}}],"inLanguage":"en-US"},{"@type":"Organization","@id":"https:\/\/amina.is\/#organization","name":"Amina","url":"https:\/\/amina.is\/","logo":{"@type":"ImageObject","inLanguage":"en-US","@id":"https:\/\/amina.is\/#\/schema\/logo\/image\/","url":"https:\/\/amina.is\/wp-content\/uploads\/2021\/09\/logo.png","contentUrl":"https:\/\/amina.is\/wp-content\/uploads\/2021\/09\/logo.png","width":1790,"height":464,"caption":"Amina"},"image":{"@id":"https:\/\/amina.is\/#\/schema\/logo\/image\/"},"sameAs":["https:\/\/m.facebook.com\/AMINA-100767148840241\/","https:\/\/www.instagram.com\/aminaverslun\/"]}]}},"_links":{"self":[{"href":"https:\/\/amina.is\/en\/wp-json\/wp\/v2\/product\/11276","targetHints":{"allow":["GET"]}}],"collection":[{"href":"https:\/\/amina.is\/en\/wp-json\/wp\/v2\/product"}],"about":[{"href":"https:\/\/amina.is\/en\/wp-json\/wp\/v2\/types\/product"}],"version-history":[{"count":1,"href":"https:\/\/amina.is\/en\/wp-json\/wp\/v2\/product\/11276\/revisions"}],"predecessor-version":[{"id":11280,"href":"https:\/\/amina.is\/en\/wp-json\/wp\/v2\/product\/11276\/revisions\/11280"}],"wp:featuredmedia":[{"embeddable":true,"href":"https:\/\/amina.is\/en\/wp-json\/wp\/v2\/media\/11277"}],"wp:attachment":[{"href":"https:\/\/amina.is\/en\/wp-json\/wp\/v2\/media?parent=11276"}],"wp:term":[{"taxonomy":"product_brand","embeddable":true,"href":"https:\/\/amina.is\/en\/wp-json\/wp\/v2\/product_brand?post=11276"},{"taxonomy":"product_cat","embeddable":true,"href":"https:\/\/amina.is\/en\/wp-json\/wp\/v2\/product_cat?post=11276"},{"taxonomy":"product_tag","embeddable":true,"href":"https:\/\/amina.is\/en\/wp-json\/wp\/v2\/product_tag?post=11276"}],"curies":[{"name":"wp","href":"https:\/\/api.w.org\/{rel}","templated":true}]}}