{"id":11253,"date":"2023-02-19T23:16:34","date_gmt":"2023-02-19T23:16:34","guid":{"rendered":"https:\/\/amina.is\/?post_type=product&#038;p=11253"},"modified":"2025-08-05T14:51:08","modified_gmt":"2025-08-05T14:51:08","slug":"master-series-stainless-steel-lube-launcher","status":"publish","type":"product","link":"https:\/\/amina.is\/en\/verslun\/fatnadur\/aukahlutir\/master-series-stainless-steel-lube-launcher\/","title":{"rendered":"Master Series &#8211; Stainless Steel Lube Launcher"},"content":{"rendered":"<h5>&#8222;Sprauta&#8220; \u00far ry\u00f0fr\u00edu st\u00e1li. Fallegt \u00e1hald til \u00feess a\u00f0 koma sleipiefninu d\u00fdpra inn e\u00f0a \u00ed l\u00e6knisleikinn.<\/h5>\n<h5>Lengd: 21,6cm. Umm\u00e1l: 3,2cm.<\/h5>","protected":false},"excerpt":{"rendered":"<p>&#8222;Sprauta&#8220; \u00far ry\u00f0fr\u00edu st\u00e1li. Fallegt \u00e1hald til \u00feess a\u00f0 koma sleipiefninu d\u00fdpra inn e\u00f0a \u00ed l\u00e6knisleikinn.<\/p>","protected":false},"featured_media":11254,"template":"","meta":{"inline_featured_image":false},"product_brand":[],"product_cat":[887,908,508,36,196,902,44,913,35,47,893,892],"product_tag":[845,847,844,846,848,843],"class_list":{"0":"post-11253","1":"product","2":"type-product","3":"status-publish","4":"has-post-thumbnail","6":"product_cat-annadpikan","7":"product_cat-annadrassinn","8":"product_cat-aukahlutir","9":"product_cat-blaeti","10":"product_cat-fatnadur","11":"product_cat-fistwater","12":"product_cat-pikan","13":"product_cat-rassinn-hollow-plugs-ofl","14":"product_cat-rassinn","15":"product_cat-smur-verjur","16":"product_cat-spitaliblaeti","17":"product_cat-laeknir","18":"product_tag-doctor","19":"product_tag-laeknir","20":"product_tag-lube-launcher","21":"product_tag-patient","22":"product_tag-sjuklingur","23":"product_tag-sprauta","25":"first","26":"instock","27":"shipping-taxable","28":"purchasable","29":"product-type-simple"},"yoast_head":"<!-- This site is optimized with the Yoast SEO Premium plugin v21.6 (Yoast SEO v27.4) - https:\/\/yoast.com\/product\/yoast-seo-premium-wordpress\/ -->\n<title>Master Series - Stainless Steel Lube Launcher &#8211; Amina<\/title>\n<meta name=\"description\" content=\"&quot;Sprauta&quot; \u00far ry\u00f0fr\u00edu st\u00e1li. Fallegt \u00e1hald til \u00feess a\u00f0 koma sleipiefninu d\u00fdpra inn e\u00f0a \u00ed l\u00e6knisleikinn.\" \/>\n<meta name=\"robots\" content=\"index, follow, max-snippet:-1, max-image-preview:large, max-video-preview:-1\" \/>\n<link rel=\"canonical\" href=\"https:\/\/amina.is\/en\/verslun\/fatnadur\/aukahlutir\/master-series-stainless-steel-lube-launcher\/\" \/>\n<meta property=\"og:locale\" content=\"en_US\" \/>\n<meta property=\"og:type\" content=\"article\" \/>\n<meta property=\"og:title\" content=\"Master Series - Stainless Steel Lube Launcher\" \/>\n<meta property=\"og:description\" content=\"&quot;Sprauta&quot; \u00far ry\u00f0fr\u00edu st\u00e1li. Fallegt \u00e1hald til \u00feess a\u00f0 koma sleipiefninu d\u00fdpra inn e\u00f0a \u00ed l\u00e6knisleikinn.\" \/>\n<meta property=\"og:url\" content=\"https:\/\/amina.is\/en\/verslun\/fatnadur\/aukahlutir\/master-series-stainless-steel-lube-launcher\/\" \/>\n<meta property=\"og:site_name\" content=\"Amina\" \/>\n<meta property=\"article:publisher\" content=\"https:\/\/m.facebook.com\/AMINA-100767148840241\/\" \/>\n<meta property=\"article:modified_time\" content=\"2025-08-05T14:51:08+00:00\" \/>\n<meta property=\"og:image\" content=\"https:\/\/amina.is\/wp-content\/uploads\/2023\/02\/Untitled-design-5.jpg\" \/>\n\t<meta property=\"og:image:width\" content=\"1080\" \/>\n\t<meta property=\"og:image:height\" content=\"1080\" \/>\n\t<meta property=\"og:image:type\" content=\"image\/jpeg\" \/>\n<meta name=\"twitter:card\" content=\"summary_large_image\" \/>\n<meta name=\"twitter:label1\" content=\"Est. reading time\" \/>\n\t<meta name=\"twitter:data1\" content=\"1 minute\" \/>\n<script type=\"application\/ld+json\" class=\"yoast-schema-graph\">{\"@context\":\"https:\\\/\\\/schema.org\",\"@graph\":[{\"@type\":\"WebPage\",\"@id\":\"https:\\\/\\\/amina.is\\\/verslun\\\/fatnadur\\\/aukahlutir\\\/master-series-stainless-steel-lube-launcher\\\/\",\"url\":\"https:\\\/\\\/amina.is\\\/verslun\\\/fatnadur\\\/aukahlutir\\\/master-series-stainless-steel-lube-launcher\\\/\",\"name\":\"Master Series - Stainless Steel Lube Launcher &#8211; Amina\",\"isPartOf\":{\"@id\":\"https:\\\/\\\/amina.is\\\/#website\"},\"primaryImageOfPage\":{\"@id\":\"https:\\\/\\\/amina.is\\\/verslun\\\/fatnadur\\\/aukahlutir\\\/master-series-stainless-steel-lube-launcher\\\/#primaryimage\"},\"image\":{\"@id\":\"https:\\\/\\\/amina.is\\\/verslun\\\/fatnadur\\\/aukahlutir\\\/master-series-stainless-steel-lube-launcher\\\/#primaryimage\"},\"thumbnailUrl\":\"https:\\\/\\\/amina.is\\\/wp-content\\\/uploads\\\/2023\\\/02\\\/Untitled-design-5.jpg\",\"datePublished\":\"2023-02-19T23:16:34+00:00\",\"dateModified\":\"2025-08-05T14:51:08+00:00\",\"description\":\"\\\"Sprauta\\\" \u00far ry\u00f0fr\u00edu st\u00e1li. Fallegt \u00e1hald til \u00feess a\u00f0 koma sleipiefninu d\u00fdpra inn e\u00f0a \u00ed l\u00e6knisleikinn.\",\"breadcrumb\":{\"@id\":\"https:\\\/\\\/amina.is\\\/verslun\\\/fatnadur\\\/aukahlutir\\\/master-series-stainless-steel-lube-launcher\\\/#breadcrumb\"},\"inLanguage\":\"en-US\",\"potentialAction\":[{\"@type\":\"ReadAction\",\"target\":[\"https:\\\/\\\/amina.is\\\/verslun\\\/fatnadur\\\/aukahlutir\\\/master-series-stainless-steel-lube-launcher\\\/\"]}]},{\"@type\":\"ImageObject\",\"inLanguage\":\"en-US\",\"@id\":\"https:\\\/\\\/amina.is\\\/verslun\\\/fatnadur\\\/aukahlutir\\\/master-series-stainless-steel-lube-launcher\\\/#primaryimage\",\"url\":\"https:\\\/\\\/amina.is\\\/wp-content\\\/uploads\\\/2023\\\/02\\\/Untitled-design-5.jpg\",\"contentUrl\":\"https:\\\/\\\/amina.is\\\/wp-content\\\/uploads\\\/2023\\\/02\\\/Untitled-design-5.jpg\",\"width\":1080,\"height\":1080},{\"@type\":\"BreadcrumbList\",\"@id\":\"https:\\\/\\\/amina.is\\\/verslun\\\/fatnadur\\\/aukahlutir\\\/master-series-stainless-steel-lube-launcher\\\/#breadcrumb\",\"itemListElement\":[{\"@type\":\"ListItem\",\"position\":1,\"name\":\"Home\",\"item\":\"https:\\\/\\\/amina.is\\\/\"},{\"@type\":\"ListItem\",\"position\":2,\"name\":\"Verslun\",\"item\":\"https:\\\/\\\/amina.is\\\/verslun\\\/\"},{\"@type\":\"ListItem\",\"position\":3,\"name\":\"Master Series &#8211; Stainless Steel Lube Launcher\"}]},{\"@type\":\"WebSite\",\"@id\":\"https:\\\/\\\/amina.is\\\/#website\",\"url\":\"https:\\\/\\\/amina.is\\\/\",\"name\":\"Amina\",\"description\":\"Feeling is everything - Una\u00f0sv\u00f6rur fyrir alla\",\"publisher\":{\"@id\":\"https:\\\/\\\/amina.is\\\/#organization\"},\"potentialAction\":[{\"@type\":\"SearchAction\",\"target\":{\"@type\":\"EntryPoint\",\"urlTemplate\":\"https:\\\/\\\/amina.is\\\/?s={search_term_string}\"},\"query-input\":{\"@type\":\"PropertyValueSpecification\",\"valueRequired\":true,\"valueName\":\"search_term_string\"}}],\"inLanguage\":\"en-US\"},{\"@type\":\"Organization\",\"@id\":\"https:\\\/\\\/amina.is\\\/#organization\",\"name\":\"Amina\",\"url\":\"https:\\\/\\\/amina.is\\\/\",\"logo\":{\"@type\":\"ImageObject\",\"inLanguage\":\"en-US\",\"@id\":\"https:\\\/\\\/amina.is\\\/#\\\/schema\\\/logo\\\/image\\\/\",\"url\":\"https:\\\/\\\/amina.is\\\/wp-content\\\/uploads\\\/2021\\\/09\\\/logo.png\",\"contentUrl\":\"https:\\\/\\\/amina.is\\\/wp-content\\\/uploads\\\/2021\\\/09\\\/logo.png\",\"width\":1790,\"height\":464,\"caption\":\"Amina\"},\"image\":{\"@id\":\"https:\\\/\\\/amina.is\\\/#\\\/schema\\\/logo\\\/image\\\/\"},\"sameAs\":[\"https:\\\/\\\/m.facebook.com\\\/AMINA-100767148840241\\\/\",\"https:\\\/\\\/www.instagram.com\\\/aminaverslun\\\/\"]}]}<\/script>\n<!-- \/ Yoast SEO Premium plugin. -->","yoast_head_json":{"title":"Master Series - Stainless Steel Lube Launcher &#8211; Amina","description":"\"Sprauta\" \u00far ry\u00f0fr\u00edu st\u00e1li. Fallegt \u00e1hald til \u00feess a\u00f0 koma sleipiefninu d\u00fdpra inn e\u00f0a \u00ed l\u00e6knisleikinn.","robots":{"index":"index","follow":"follow","max-snippet":"max-snippet:-1","max-image-preview":"max-image-preview:large","max-video-preview":"max-video-preview:-1"},"canonical":"https:\/\/amina.is\/en\/verslun\/fatnadur\/aukahlutir\/master-series-stainless-steel-lube-launcher\/","og_locale":"en_US","og_type":"article","og_title":"Master Series - Stainless Steel Lube Launcher","og_description":"\"Sprauta\" \u00far ry\u00f0fr\u00edu st\u00e1li. Fallegt \u00e1hald til \u00feess a\u00f0 koma sleipiefninu d\u00fdpra inn e\u00f0a \u00ed l\u00e6knisleikinn.","og_url":"https:\/\/amina.is\/en\/verslun\/fatnadur\/aukahlutir\/master-series-stainless-steel-lube-launcher\/","og_site_name":"Amina","article_publisher":"https:\/\/m.facebook.com\/AMINA-100767148840241\/","article_modified_time":"2025-08-05T14:51:08+00:00","og_image":[{"width":1080,"height":1080,"url":"https:\/\/amina.is\/wp-content\/uploads\/2023\/02\/Untitled-design-5.jpg","type":"image\/jpeg"}],"twitter_card":"summary_large_image","twitter_misc":{"Est. reading time":"1 minute"},"schema":{"@context":"https:\/\/schema.org","@graph":[{"@type":"WebPage","@id":"https:\/\/amina.is\/verslun\/fatnadur\/aukahlutir\/master-series-stainless-steel-lube-launcher\/","url":"https:\/\/amina.is\/verslun\/fatnadur\/aukahlutir\/master-series-stainless-steel-lube-launcher\/","name":"Master Series - Stainless Steel Lube Launcher &#8211; Amina","isPartOf":{"@id":"https:\/\/amina.is\/#website"},"primaryImageOfPage":{"@id":"https:\/\/amina.is\/verslun\/fatnadur\/aukahlutir\/master-series-stainless-steel-lube-launcher\/#primaryimage"},"image":{"@id":"https:\/\/amina.is\/verslun\/fatnadur\/aukahlutir\/master-series-stainless-steel-lube-launcher\/#primaryimage"},"thumbnailUrl":"https:\/\/amina.is\/wp-content\/uploads\/2023\/02\/Untitled-design-5.jpg","datePublished":"2023-02-19T23:16:34+00:00","dateModified":"2025-08-05T14:51:08+00:00","description":"\"Sprauta\" \u00far ry\u00f0fr\u00edu st\u00e1li. Fallegt \u00e1hald til \u00feess a\u00f0 koma sleipiefninu d\u00fdpra inn e\u00f0a \u00ed l\u00e6knisleikinn.","breadcrumb":{"@id":"https:\/\/amina.is\/verslun\/fatnadur\/aukahlutir\/master-series-stainless-steel-lube-launcher\/#breadcrumb"},"inLanguage":"en-US","potentialAction":[{"@type":"ReadAction","target":["https:\/\/amina.is\/verslun\/fatnadur\/aukahlutir\/master-series-stainless-steel-lube-launcher\/"]}]},{"@type":"ImageObject","inLanguage":"en-US","@id":"https:\/\/amina.is\/verslun\/fatnadur\/aukahlutir\/master-series-stainless-steel-lube-launcher\/#primaryimage","url":"https:\/\/amina.is\/wp-content\/uploads\/2023\/02\/Untitled-design-5.jpg","contentUrl":"https:\/\/amina.is\/wp-content\/uploads\/2023\/02\/Untitled-design-5.jpg","width":1080,"height":1080},{"@type":"BreadcrumbList","@id":"https:\/\/amina.is\/verslun\/fatnadur\/aukahlutir\/master-series-stainless-steel-lube-launcher\/#breadcrumb","itemListElement":[{"@type":"ListItem","position":1,"name":"Home","item":"https:\/\/amina.is\/"},{"@type":"ListItem","position":2,"name":"Verslun","item":"https:\/\/amina.is\/verslun\/"},{"@type":"ListItem","position":3,"name":"Master Series &#8211; Stainless Steel Lube Launcher"}]},{"@type":"WebSite","@id":"https:\/\/amina.is\/#website","url":"https:\/\/amina.is\/","name":"Amina","description":"Feeling is everything - Una\u00f0sv\u00f6rur fyrir alla","publisher":{"@id":"https:\/\/amina.is\/#organization"},"potentialAction":[{"@type":"SearchAction","target":{"@type":"EntryPoint","urlTemplate":"https:\/\/amina.is\/?s={search_term_string}"},"query-input":{"@type":"PropertyValueSpecification","valueRequired":true,"valueName":"search_term_string"}}],"inLanguage":"en-US"},{"@type":"Organization","@id":"https:\/\/amina.is\/#organization","name":"Amina","url":"https:\/\/amina.is\/","logo":{"@type":"ImageObject","inLanguage":"en-US","@id":"https:\/\/amina.is\/#\/schema\/logo\/image\/","url":"https:\/\/amina.is\/wp-content\/uploads\/2021\/09\/logo.png","contentUrl":"https:\/\/amina.is\/wp-content\/uploads\/2021\/09\/logo.png","width":1790,"height":464,"caption":"Amina"},"image":{"@id":"https:\/\/amina.is\/#\/schema\/logo\/image\/"},"sameAs":["https:\/\/m.facebook.com\/AMINA-100767148840241\/","https:\/\/www.instagram.com\/aminaverslun\/"]}]}},"_links":{"self":[{"href":"https:\/\/amina.is\/en\/wp-json\/wp\/v2\/product\/11253","targetHints":{"allow":["GET"]}}],"collection":[{"href":"https:\/\/amina.is\/en\/wp-json\/wp\/v2\/product"}],"about":[{"href":"https:\/\/amina.is\/en\/wp-json\/wp\/v2\/types\/product"}],"version-history":[{"count":2,"href":"https:\/\/amina.is\/en\/wp-json\/wp\/v2\/product\/11253\/revisions"}],"predecessor-version":[{"id":11260,"href":"https:\/\/amina.is\/en\/wp-json\/wp\/v2\/product\/11253\/revisions\/11260"}],"wp:featuredmedia":[{"embeddable":true,"href":"https:\/\/amina.is\/en\/wp-json\/wp\/v2\/media\/11254"}],"wp:attachment":[{"href":"https:\/\/amina.is\/en\/wp-json\/wp\/v2\/media?parent=11253"}],"wp:term":[{"taxonomy":"product_brand","embeddable":true,"href":"https:\/\/amina.is\/en\/wp-json\/wp\/v2\/product_brand?post=11253"},{"taxonomy":"product_cat","embeddable":true,"href":"https:\/\/amina.is\/en\/wp-json\/wp\/v2\/product_cat?post=11253"},{"taxonomy":"product_tag","embeddable":true,"href":"https:\/\/amina.is\/en\/wp-json\/wp\/v2\/product_tag?post=11253"}],"curies":[{"name":"wp","href":"https:\/\/api.w.org\/{rel}","templated":true}]}}