{"id":11248,"date":"2023-02-19T21:44:12","date_gmt":"2023-02-19T21:44:12","guid":{"rendered":"https:\/\/amina.is\/?post_type=product&#038;p=11248"},"modified":"2025-11-19T11:43:27","modified_gmt":"2025-11-19T11:43:27","slug":"jizz-unscented-water-based-lube-236ml","status":"publish","type":"product","link":"https:\/\/amina.is\/en\/verslun\/smur-verjur\/sleipiefni\/jizz-unscented-water-based-lube-236ml\/","title":{"rendered":"Jizz &#8211; Cum scented Water Based Lube 236ml."},"content":{"rendered":"<h5>Vatnssleipiefni sem er hanna\u00f0 til \u00feess a\u00f0 l\u00edkjast s\u00e6\u00f0i. Kremu\u00f0 \u00e1fer\u00f0 og hv\u00edtt a\u00f0 lit. Skilur ekki eftir sig bletti og au\u00f0velt a\u00f0 \u00fer\u00edfa. Vi\u00f0 m\u00e6lum me\u00f0 \u00feessari v\u00f6ru til notkunar me\u00f0 \u00e1fyllanlega dild\u00f3inum okkar. Framleitt \u00ed USA. 236ml.<\/h5>","protected":false},"excerpt":{"rendered":"<p>Vatnssleipiefni sem er hanna\u00f0 til \u00feess a\u00f0 l\u00edkjast s\u00e6\u00f0i. Kremu\u00f0 \u00e1fer\u00f0 og hv\u00edtt a\u00f0 lit.<\/p>","protected":false},"featured_media":11250,"template":"","meta":{"inline_featured_image":false},"product_brand":[],"product_cat":[41,43,44,35,910,47],"product_tag":[463,457,462,460],"class_list":{"0":"post-11248","1":"product","2":"type-product","3":"status-publish","4":"has-post-thumbnail","6":"product_cat-fyrir-tha","7":"product_cat-fyrir-thau","8":"product_cat-pikan","9":"product_cat-rassinn","10":"product_cat-sleipiefni","11":"product_cat-smur-verjur","12":"product_tag-jizz","13":"product_tag-lube","14":"product_tag-saedi","15":"product_tag-sleipiefni","17":"first","18":"instock","19":"shipping-taxable","20":"purchasable","21":"product-type-simple"},"yoast_head":"<!-- This site is optimized with the Yoast SEO Premium plugin v21.6 (Yoast SEO v27.3) - https:\/\/yoast.com\/product\/yoast-seo-premium-wordpress\/ -->\n<title>Jizz - Cum scented Water Based Lube 236ml. &#8211; Amina<\/title>\n<meta name=\"description\" content=\"Vatnssleipiefni sem er hanna\u00f0 til \u00feess a\u00f0 l\u00edkjast s\u00e6\u00f0i. Kremu\u00f0 \u00e1fer\u00f0 og hv\u00edtt a\u00f0 lit.\" \/>\n<meta name=\"robots\" content=\"index, follow, max-snippet:-1, max-image-preview:large, max-video-preview:-1\" \/>\n<link rel=\"canonical\" href=\"https:\/\/amina.is\/en\/verslun\/smur-verjur\/sleipiefni\/jizz-unscented-water-based-lube-236ml\/\" \/>\n<meta property=\"og:locale\" content=\"en_US\" \/>\n<meta property=\"og:type\" content=\"article\" \/>\n<meta property=\"og:title\" content=\"Jizz - Cum scented Water Based Lube 236ml.\" \/>\n<meta property=\"og:description\" content=\"Vatnssleipiefni sem er hanna\u00f0 til \u00feess a\u00f0 l\u00edkjast s\u00e6\u00f0i. Kremu\u00f0 \u00e1fer\u00f0 og hv\u00edtt a\u00f0 lit.\" \/>\n<meta property=\"og:url\" content=\"https:\/\/amina.is\/en\/verslun\/smur-verjur\/sleipiefni\/jizz-unscented-water-based-lube-236ml\/\" \/>\n<meta property=\"og:site_name\" content=\"Amina\" \/>\n<meta property=\"article:publisher\" content=\"https:\/\/m.facebook.com\/AMINA-100767148840241\/\" \/>\n<meta property=\"article:modified_time\" content=\"2025-11-19T11:43:27+00:00\" \/>\n<meta property=\"og:image\" content=\"https:\/\/amina.is\/wp-content\/uploads\/2023\/02\/Untitled-design-1-2.jpg\" \/>\n\t<meta property=\"og:image:width\" content=\"1080\" \/>\n\t<meta property=\"og:image:height\" content=\"1080\" \/>\n\t<meta property=\"og:image:type\" content=\"image\/jpeg\" \/>\n<meta name=\"twitter:card\" content=\"summary_large_image\" \/>\n<meta name=\"twitter:label1\" content=\"Est. reading time\" \/>\n\t<meta name=\"twitter:data1\" content=\"1 minute\" \/>\n<script type=\"application\/ld+json\" class=\"yoast-schema-graph\">{\"@context\":\"https:\\\/\\\/schema.org\",\"@graph\":[{\"@type\":\"WebPage\",\"@id\":\"https:\\\/\\\/amina.is\\\/verslun\\\/smur-verjur\\\/sleipiefni\\\/jizz-unscented-water-based-lube-236ml\\\/\",\"url\":\"https:\\\/\\\/amina.is\\\/verslun\\\/smur-verjur\\\/sleipiefni\\\/jizz-unscented-water-based-lube-236ml\\\/\",\"name\":\"Jizz - Cum scented Water Based Lube 236ml. &#8211; Amina\",\"isPartOf\":{\"@id\":\"https:\\\/\\\/amina.is\\\/#website\"},\"primaryImageOfPage\":{\"@id\":\"https:\\\/\\\/amina.is\\\/verslun\\\/smur-verjur\\\/sleipiefni\\\/jizz-unscented-water-based-lube-236ml\\\/#primaryimage\"},\"image\":{\"@id\":\"https:\\\/\\\/amina.is\\\/verslun\\\/smur-verjur\\\/sleipiefni\\\/jizz-unscented-water-based-lube-236ml\\\/#primaryimage\"},\"thumbnailUrl\":\"https:\\\/\\\/amina.is\\\/wp-content\\\/uploads\\\/2023\\\/02\\\/Untitled-design-1-2.jpg\",\"datePublished\":\"2023-02-19T21:44:12+00:00\",\"dateModified\":\"2025-11-19T11:43:27+00:00\",\"description\":\"Vatnssleipiefni sem er hanna\u00f0 til \u00feess a\u00f0 l\u00edkjast s\u00e6\u00f0i. Kremu\u00f0 \u00e1fer\u00f0 og hv\u00edtt a\u00f0 lit.\",\"breadcrumb\":{\"@id\":\"https:\\\/\\\/amina.is\\\/verslun\\\/smur-verjur\\\/sleipiefni\\\/jizz-unscented-water-based-lube-236ml\\\/#breadcrumb\"},\"inLanguage\":\"en-US\",\"potentialAction\":[{\"@type\":\"ReadAction\",\"target\":[\"https:\\\/\\\/amina.is\\\/verslun\\\/smur-verjur\\\/sleipiefni\\\/jizz-unscented-water-based-lube-236ml\\\/\"]}]},{\"@type\":\"ImageObject\",\"inLanguage\":\"en-US\",\"@id\":\"https:\\\/\\\/amina.is\\\/verslun\\\/smur-verjur\\\/sleipiefni\\\/jizz-unscented-water-based-lube-236ml\\\/#primaryimage\",\"url\":\"https:\\\/\\\/amina.is\\\/wp-content\\\/uploads\\\/2023\\\/02\\\/Untitled-design-1-2.jpg\",\"contentUrl\":\"https:\\\/\\\/amina.is\\\/wp-content\\\/uploads\\\/2023\\\/02\\\/Untitled-design-1-2.jpg\",\"width\":1080,\"height\":1080},{\"@type\":\"BreadcrumbList\",\"@id\":\"https:\\\/\\\/amina.is\\\/verslun\\\/smur-verjur\\\/sleipiefni\\\/jizz-unscented-water-based-lube-236ml\\\/#breadcrumb\",\"itemListElement\":[{\"@type\":\"ListItem\",\"position\":1,\"name\":\"Home\",\"item\":\"https:\\\/\\\/amina.is\\\/\"},{\"@type\":\"ListItem\",\"position\":2,\"name\":\"Verslun\",\"item\":\"https:\\\/\\\/amina.is\\\/verslun\\\/\"},{\"@type\":\"ListItem\",\"position\":3,\"name\":\"Jizz &#8211; Cum scented Water Based Lube 236ml.\"}]},{\"@type\":\"WebSite\",\"@id\":\"https:\\\/\\\/amina.is\\\/#website\",\"url\":\"https:\\\/\\\/amina.is\\\/\",\"name\":\"Amina\",\"description\":\"Feeling is everything - Una\u00f0sv\u00f6rur fyrir alla\",\"publisher\":{\"@id\":\"https:\\\/\\\/amina.is\\\/#organization\"},\"potentialAction\":[{\"@type\":\"SearchAction\",\"target\":{\"@type\":\"EntryPoint\",\"urlTemplate\":\"https:\\\/\\\/amina.is\\\/?s={search_term_string}\"},\"query-input\":{\"@type\":\"PropertyValueSpecification\",\"valueRequired\":true,\"valueName\":\"search_term_string\"}}],\"inLanguage\":\"en-US\"},{\"@type\":\"Organization\",\"@id\":\"https:\\\/\\\/amina.is\\\/#organization\",\"name\":\"Amina\",\"url\":\"https:\\\/\\\/amina.is\\\/\",\"logo\":{\"@type\":\"ImageObject\",\"inLanguage\":\"en-US\",\"@id\":\"https:\\\/\\\/amina.is\\\/#\\\/schema\\\/logo\\\/image\\\/\",\"url\":\"https:\\\/\\\/amina.is\\\/wp-content\\\/uploads\\\/2021\\\/09\\\/logo.png\",\"contentUrl\":\"https:\\\/\\\/amina.is\\\/wp-content\\\/uploads\\\/2021\\\/09\\\/logo.png\",\"width\":1790,\"height\":464,\"caption\":\"Amina\"},\"image\":{\"@id\":\"https:\\\/\\\/amina.is\\\/#\\\/schema\\\/logo\\\/image\\\/\"},\"sameAs\":[\"https:\\\/\\\/m.facebook.com\\\/AMINA-100767148840241\\\/\",\"https:\\\/\\\/www.instagram.com\\\/aminaverslun\\\/\"]}]}<\/script>\n<!-- \/ Yoast SEO Premium plugin. -->","yoast_head_json":{"title":"Jizz - Cum scented Water Based Lube 236ml. &#8211; Amina","description":"Vatnssleipiefni sem er hanna\u00f0 til \u00feess a\u00f0 l\u00edkjast s\u00e6\u00f0i. Kremu\u00f0 \u00e1fer\u00f0 og hv\u00edtt a\u00f0 lit.","robots":{"index":"index","follow":"follow","max-snippet":"max-snippet:-1","max-image-preview":"max-image-preview:large","max-video-preview":"max-video-preview:-1"},"canonical":"https:\/\/amina.is\/en\/verslun\/smur-verjur\/sleipiefni\/jizz-unscented-water-based-lube-236ml\/","og_locale":"en_US","og_type":"article","og_title":"Jizz - Cum scented Water Based Lube 236ml.","og_description":"Vatnssleipiefni sem er hanna\u00f0 til \u00feess a\u00f0 l\u00edkjast s\u00e6\u00f0i. Kremu\u00f0 \u00e1fer\u00f0 og hv\u00edtt a\u00f0 lit.","og_url":"https:\/\/amina.is\/en\/verslun\/smur-verjur\/sleipiefni\/jizz-unscented-water-based-lube-236ml\/","og_site_name":"Amina","article_publisher":"https:\/\/m.facebook.com\/AMINA-100767148840241\/","article_modified_time":"2025-11-19T11:43:27+00:00","og_image":[{"width":1080,"height":1080,"url":"https:\/\/amina.is\/wp-content\/uploads\/2023\/02\/Untitled-design-1-2.jpg","type":"image\/jpeg"}],"twitter_card":"summary_large_image","twitter_misc":{"Est. reading time":"1 minute"},"schema":{"@context":"https:\/\/schema.org","@graph":[{"@type":"WebPage","@id":"https:\/\/amina.is\/verslun\/smur-verjur\/sleipiefni\/jizz-unscented-water-based-lube-236ml\/","url":"https:\/\/amina.is\/verslun\/smur-verjur\/sleipiefni\/jizz-unscented-water-based-lube-236ml\/","name":"Jizz - Cum scented Water Based Lube 236ml. &#8211; Amina","isPartOf":{"@id":"https:\/\/amina.is\/#website"},"primaryImageOfPage":{"@id":"https:\/\/amina.is\/verslun\/smur-verjur\/sleipiefni\/jizz-unscented-water-based-lube-236ml\/#primaryimage"},"image":{"@id":"https:\/\/amina.is\/verslun\/smur-verjur\/sleipiefni\/jizz-unscented-water-based-lube-236ml\/#primaryimage"},"thumbnailUrl":"https:\/\/amina.is\/wp-content\/uploads\/2023\/02\/Untitled-design-1-2.jpg","datePublished":"2023-02-19T21:44:12+00:00","dateModified":"2025-11-19T11:43:27+00:00","description":"Vatnssleipiefni sem er hanna\u00f0 til \u00feess a\u00f0 l\u00edkjast s\u00e6\u00f0i. Kremu\u00f0 \u00e1fer\u00f0 og hv\u00edtt a\u00f0 lit.","breadcrumb":{"@id":"https:\/\/amina.is\/verslun\/smur-verjur\/sleipiefni\/jizz-unscented-water-based-lube-236ml\/#breadcrumb"},"inLanguage":"en-US","potentialAction":[{"@type":"ReadAction","target":["https:\/\/amina.is\/verslun\/smur-verjur\/sleipiefni\/jizz-unscented-water-based-lube-236ml\/"]}]},{"@type":"ImageObject","inLanguage":"en-US","@id":"https:\/\/amina.is\/verslun\/smur-verjur\/sleipiefni\/jizz-unscented-water-based-lube-236ml\/#primaryimage","url":"https:\/\/amina.is\/wp-content\/uploads\/2023\/02\/Untitled-design-1-2.jpg","contentUrl":"https:\/\/amina.is\/wp-content\/uploads\/2023\/02\/Untitled-design-1-2.jpg","width":1080,"height":1080},{"@type":"BreadcrumbList","@id":"https:\/\/amina.is\/verslun\/smur-verjur\/sleipiefni\/jizz-unscented-water-based-lube-236ml\/#breadcrumb","itemListElement":[{"@type":"ListItem","position":1,"name":"Home","item":"https:\/\/amina.is\/"},{"@type":"ListItem","position":2,"name":"Verslun","item":"https:\/\/amina.is\/verslun\/"},{"@type":"ListItem","position":3,"name":"Jizz &#8211; Cum scented Water Based Lube 236ml."}]},{"@type":"WebSite","@id":"https:\/\/amina.is\/#website","url":"https:\/\/amina.is\/","name":"Amina","description":"Feeling is everything - Una\u00f0sv\u00f6rur fyrir alla","publisher":{"@id":"https:\/\/amina.is\/#organization"},"potentialAction":[{"@type":"SearchAction","target":{"@type":"EntryPoint","urlTemplate":"https:\/\/amina.is\/?s={search_term_string}"},"query-input":{"@type":"PropertyValueSpecification","valueRequired":true,"valueName":"search_term_string"}}],"inLanguage":"en-US"},{"@type":"Organization","@id":"https:\/\/amina.is\/#organization","name":"Amina","url":"https:\/\/amina.is\/","logo":{"@type":"ImageObject","inLanguage":"en-US","@id":"https:\/\/amina.is\/#\/schema\/logo\/image\/","url":"https:\/\/amina.is\/wp-content\/uploads\/2021\/09\/logo.png","contentUrl":"https:\/\/amina.is\/wp-content\/uploads\/2021\/09\/logo.png","width":1790,"height":464,"caption":"Amina"},"image":{"@id":"https:\/\/amina.is\/#\/schema\/logo\/image\/"},"sameAs":["https:\/\/m.facebook.com\/AMINA-100767148840241\/","https:\/\/www.instagram.com\/aminaverslun\/"]}]}},"_links":{"self":[{"href":"https:\/\/amina.is\/en\/wp-json\/wp\/v2\/product\/11248","targetHints":{"allow":["GET"]}}],"collection":[{"href":"https:\/\/amina.is\/en\/wp-json\/wp\/v2\/product"}],"about":[{"href":"https:\/\/amina.is\/en\/wp-json\/wp\/v2\/types\/product"}],"version-history":[{"count":2,"href":"https:\/\/amina.is\/en\/wp-json\/wp\/v2\/product\/11248\/revisions"}],"predecessor-version":[{"id":12204,"href":"https:\/\/amina.is\/en\/wp-json\/wp\/v2\/product\/11248\/revisions\/12204"}],"wp:featuredmedia":[{"embeddable":true,"href":"https:\/\/amina.is\/en\/wp-json\/wp\/v2\/media\/11250"}],"wp:attachment":[{"href":"https:\/\/amina.is\/en\/wp-json\/wp\/v2\/media?parent=11248"}],"wp:term":[{"taxonomy":"product_brand","embeddable":true,"href":"https:\/\/amina.is\/en\/wp-json\/wp\/v2\/product_brand?post=11248"},{"taxonomy":"product_cat","embeddable":true,"href":"https:\/\/amina.is\/en\/wp-json\/wp\/v2\/product_cat?post=11248"},{"taxonomy":"product_tag","embeddable":true,"href":"https:\/\/amina.is\/en\/wp-json\/wp\/v2\/product_tag?post=11248"}],"curies":[{"name":"wp","href":"https:\/\/api.w.org\/{rel}","templated":true}]}}