{"id":11225,"date":"2023-02-17T21:33:30","date_gmt":"2023-02-17T21:33:30","guid":{"rendered":"https:\/\/amina.is\/?post_type=product&#038;p=11225"},"modified":"2025-08-11T13:58:02","modified_gmt":"2025-08-11T13:58:02","slug":"master-series-the-enforcer-black-wooden-humbler","status":"publish","type":"product","link":"https:\/\/amina.is\/en\/verslun\/blaeti\/typpidogpungurinn\/master-series-the-enforcer-black-wooden-humbler\/","title":{"rendered":"Master Series &#8211; The Enforcer Black Wooden Humbler"},"content":{"rendered":"<h5>\u00deegar \u00fe\u00fa \u00fearft a\u00f0 hafa hemil \u00e1 leikf\u00e9laganum og halda honum f\u00f6stum \u00e1 hnj\u00e1num. Vanda\u00f0ur hlutur \u00far timbri sem er \u00f3missandi hj\u00e1 hverjum drottnara. Lengd: 33cm. H\u00e6\u00f0: 3,8cm. Breidd \u00e1 gati: 7cm. H\u00e6\u00f0 \u00e1 gati: 1,9cm.<\/h5>","protected":false},"excerpt":{"rendered":"<p>\u00deegar \u00fe\u00fa \u00fearft a\u00f0 hafa hemil \u00e1 leikf\u00e9laganum og halda honum f\u00f6stum \u00e1 hnj\u00e1num. Vanda\u00f0ur hlutur \u00far timbri sem er \u00f3missandi hj\u00e1 hverjum drottnara.<\/p>","protected":false},"featured_media":11233,"template":"","meta":{"inline_featured_image":false},"product_brand":[],"product_cat":[36,901],"product_tag":[86,324,842,337,841,310,327,325,700],"class_list":{"0":"post-11225","1":"product","2":"type-product","3":"status-publish","4":"has-post-thumbnail","6":"product_cat-blaeti","7":"product_cat-typpidogpungurinn","8":"product_tag-bdsm","9":"product_tag-blaeti","10":"product_tag-enforcer","11":"product_tag-fetish","12":"product_tag-humbler","13":"product_tag-master-series","14":"product_tag-slave","15":"product_tag-sub","16":"product_tag-submissive","18":"first","19":"instock","20":"shipping-taxable","21":"purchasable","22":"product-type-simple"},"yoast_head":"<!-- This site is optimized with the Yoast SEO Premium plugin v21.6 (Yoast SEO v27.3) - https:\/\/yoast.com\/product\/yoast-seo-premium-wordpress\/ -->\n<title>Master Series - The Enforcer Black Wooden Humbler &#8211; Amina<\/title>\n<meta name=\"description\" content=\"\u00deegar \u00fe\u00fa \u00fearft a\u00f0 hafa hemil \u00e1 leikf\u00e9laganum og halda honum f\u00f6stum \u00e1 hnj\u00e1num. Vanda\u00f0ur hlutur \u00far timbri sem er \u00f3missandi hj\u00e1 hverjum drottnara.\u00a0\" \/>\n<meta name=\"robots\" content=\"index, follow, max-snippet:-1, max-image-preview:large, max-video-preview:-1\" \/>\n<link rel=\"canonical\" href=\"https:\/\/amina.is\/en\/verslun\/blaeti\/typpidogpungurinn\/master-series-the-enforcer-black-wooden-humbler\/\" \/>\n<meta property=\"og:locale\" content=\"en_US\" \/>\n<meta property=\"og:type\" content=\"article\" \/>\n<meta property=\"og:title\" content=\"Master Series - The Enforcer Black Wooden Humbler\" \/>\n<meta property=\"og:description\" content=\"\u00deegar \u00fe\u00fa \u00fearft a\u00f0 hafa hemil \u00e1 leikf\u00e9laganum og halda honum f\u00f6stum \u00e1 hnj\u00e1num. Vanda\u00f0ur hlutur \u00far timbri sem er \u00f3missandi hj\u00e1 hverjum drottnara.\u00a0\" \/>\n<meta property=\"og:url\" content=\"https:\/\/amina.is\/en\/verslun\/blaeti\/typpidogpungurinn\/master-series-the-enforcer-black-wooden-humbler\/\" \/>\n<meta property=\"og:site_name\" content=\"Amina\" \/>\n<meta property=\"article:publisher\" content=\"https:\/\/m.facebook.com\/AMINA-100767148840241\/\" \/>\n<meta property=\"article:modified_time\" content=\"2025-08-11T13:58:02+00:00\" \/>\n<meta property=\"og:image\" content=\"https:\/\/amina.is\/wp-content\/uploads\/2023\/02\/ad737-bulk_540x540.jpg\" \/>\n\t<meta property=\"og:image:width\" content=\"540\" \/>\n\t<meta property=\"og:image:height\" content=\"540\" \/>\n\t<meta property=\"og:image:type\" content=\"image\/jpeg\" \/>\n<meta name=\"twitter:card\" content=\"summary_large_image\" \/>\n<meta name=\"twitter:label1\" content=\"Est. reading time\" \/>\n\t<meta name=\"twitter:data1\" content=\"1 minute\" \/>\n<script type=\"application\/ld+json\" class=\"yoast-schema-graph\">{\"@context\":\"https:\\\/\\\/schema.org\",\"@graph\":[{\"@type\":\"WebPage\",\"@id\":\"https:\\\/\\\/amina.is\\\/verslun\\\/blaeti\\\/typpidogpungurinn\\\/master-series-the-enforcer-black-wooden-humbler\\\/\",\"url\":\"https:\\\/\\\/amina.is\\\/verslun\\\/blaeti\\\/typpidogpungurinn\\\/master-series-the-enforcer-black-wooden-humbler\\\/\",\"name\":\"Master Series - The Enforcer Black Wooden Humbler &#8211; Amina\",\"isPartOf\":{\"@id\":\"https:\\\/\\\/amina.is\\\/#website\"},\"primaryImageOfPage\":{\"@id\":\"https:\\\/\\\/amina.is\\\/verslun\\\/blaeti\\\/typpidogpungurinn\\\/master-series-the-enforcer-black-wooden-humbler\\\/#primaryimage\"},\"image\":{\"@id\":\"https:\\\/\\\/amina.is\\\/verslun\\\/blaeti\\\/typpidogpungurinn\\\/master-series-the-enforcer-black-wooden-humbler\\\/#primaryimage\"},\"thumbnailUrl\":\"https:\\\/\\\/amina.is\\\/wp-content\\\/uploads\\\/2023\\\/02\\\/ad737-bulk_540x540.jpg\",\"datePublished\":\"2023-02-17T21:33:30+00:00\",\"dateModified\":\"2025-08-11T13:58:02+00:00\",\"description\":\"\u00deegar \u00fe\u00fa \u00fearft a\u00f0 hafa hemil \u00e1 leikf\u00e9laganum og halda honum f\u00f6stum \u00e1 hnj\u00e1num. Vanda\u00f0ur hlutur \u00far timbri sem er \u00f3missandi hj\u00e1 hverjum drottnara.\u00a0\",\"breadcrumb\":{\"@id\":\"https:\\\/\\\/amina.is\\\/verslun\\\/blaeti\\\/typpidogpungurinn\\\/master-series-the-enforcer-black-wooden-humbler\\\/#breadcrumb\"},\"inLanguage\":\"en-US\",\"potentialAction\":[{\"@type\":\"ReadAction\",\"target\":[\"https:\\\/\\\/amina.is\\\/verslun\\\/blaeti\\\/typpidogpungurinn\\\/master-series-the-enforcer-black-wooden-humbler\\\/\"]}]},{\"@type\":\"ImageObject\",\"inLanguage\":\"en-US\",\"@id\":\"https:\\\/\\\/amina.is\\\/verslun\\\/blaeti\\\/typpidogpungurinn\\\/master-series-the-enforcer-black-wooden-humbler\\\/#primaryimage\",\"url\":\"https:\\\/\\\/amina.is\\\/wp-content\\\/uploads\\\/2023\\\/02\\\/ad737-bulk_540x540.jpg\",\"contentUrl\":\"https:\\\/\\\/amina.is\\\/wp-content\\\/uploads\\\/2023\\\/02\\\/ad737-bulk_540x540.jpg\",\"width\":540,\"height\":540},{\"@type\":\"BreadcrumbList\",\"@id\":\"https:\\\/\\\/amina.is\\\/verslun\\\/blaeti\\\/typpidogpungurinn\\\/master-series-the-enforcer-black-wooden-humbler\\\/#breadcrumb\",\"itemListElement\":[{\"@type\":\"ListItem\",\"position\":1,\"name\":\"Home\",\"item\":\"https:\\\/\\\/amina.is\\\/\"},{\"@type\":\"ListItem\",\"position\":2,\"name\":\"Verslun\",\"item\":\"https:\\\/\\\/amina.is\\\/verslun\\\/\"},{\"@type\":\"ListItem\",\"position\":3,\"name\":\"Master Series &#8211; The Enforcer Black Wooden Humbler\"}]},{\"@type\":\"WebSite\",\"@id\":\"https:\\\/\\\/amina.is\\\/#website\",\"url\":\"https:\\\/\\\/amina.is\\\/\",\"name\":\"Amina\",\"description\":\"Feeling is everything - Una\u00f0sv\u00f6rur fyrir alla\",\"publisher\":{\"@id\":\"https:\\\/\\\/amina.is\\\/#organization\"},\"potentialAction\":[{\"@type\":\"SearchAction\",\"target\":{\"@type\":\"EntryPoint\",\"urlTemplate\":\"https:\\\/\\\/amina.is\\\/?s={search_term_string}\"},\"query-input\":{\"@type\":\"PropertyValueSpecification\",\"valueRequired\":true,\"valueName\":\"search_term_string\"}}],\"inLanguage\":\"en-US\"},{\"@type\":\"Organization\",\"@id\":\"https:\\\/\\\/amina.is\\\/#organization\",\"name\":\"Amina\",\"url\":\"https:\\\/\\\/amina.is\\\/\",\"logo\":{\"@type\":\"ImageObject\",\"inLanguage\":\"en-US\",\"@id\":\"https:\\\/\\\/amina.is\\\/#\\\/schema\\\/logo\\\/image\\\/\",\"url\":\"https:\\\/\\\/amina.is\\\/wp-content\\\/uploads\\\/2021\\\/09\\\/logo.png\",\"contentUrl\":\"https:\\\/\\\/amina.is\\\/wp-content\\\/uploads\\\/2021\\\/09\\\/logo.png\",\"width\":1790,\"height\":464,\"caption\":\"Amina\"},\"image\":{\"@id\":\"https:\\\/\\\/amina.is\\\/#\\\/schema\\\/logo\\\/image\\\/\"},\"sameAs\":[\"https:\\\/\\\/m.facebook.com\\\/AMINA-100767148840241\\\/\",\"https:\\\/\\\/www.instagram.com\\\/aminaverslun\\\/\"]}]}<\/script>\n<!-- \/ Yoast SEO Premium plugin. -->","yoast_head_json":{"title":"Master Series - The Enforcer Black Wooden Humbler &#8211; Amina","description":"\u00deegar \u00fe\u00fa \u00fearft a\u00f0 hafa hemil \u00e1 leikf\u00e9laganum og halda honum f\u00f6stum \u00e1 hnj\u00e1num. Vanda\u00f0ur hlutur \u00far timbri sem er \u00f3missandi hj\u00e1 hverjum drottnara.\u00a0","robots":{"index":"index","follow":"follow","max-snippet":"max-snippet:-1","max-image-preview":"max-image-preview:large","max-video-preview":"max-video-preview:-1"},"canonical":"https:\/\/amina.is\/en\/verslun\/blaeti\/typpidogpungurinn\/master-series-the-enforcer-black-wooden-humbler\/","og_locale":"en_US","og_type":"article","og_title":"Master Series - The Enforcer Black Wooden Humbler","og_description":"\u00deegar \u00fe\u00fa \u00fearft a\u00f0 hafa hemil \u00e1 leikf\u00e9laganum og halda honum f\u00f6stum \u00e1 hnj\u00e1num. Vanda\u00f0ur hlutur \u00far timbri sem er \u00f3missandi hj\u00e1 hverjum drottnara.\u00a0","og_url":"https:\/\/amina.is\/en\/verslun\/blaeti\/typpidogpungurinn\/master-series-the-enforcer-black-wooden-humbler\/","og_site_name":"Amina","article_publisher":"https:\/\/m.facebook.com\/AMINA-100767148840241\/","article_modified_time":"2025-08-11T13:58:02+00:00","og_image":[{"width":540,"height":540,"url":"https:\/\/amina.is\/wp-content\/uploads\/2023\/02\/ad737-bulk_540x540.jpg","type":"image\/jpeg"}],"twitter_card":"summary_large_image","twitter_misc":{"Est. reading time":"1 minute"},"schema":{"@context":"https:\/\/schema.org","@graph":[{"@type":"WebPage","@id":"https:\/\/amina.is\/verslun\/blaeti\/typpidogpungurinn\/master-series-the-enforcer-black-wooden-humbler\/","url":"https:\/\/amina.is\/verslun\/blaeti\/typpidogpungurinn\/master-series-the-enforcer-black-wooden-humbler\/","name":"Master Series - The Enforcer Black Wooden Humbler &#8211; Amina","isPartOf":{"@id":"https:\/\/amina.is\/#website"},"primaryImageOfPage":{"@id":"https:\/\/amina.is\/verslun\/blaeti\/typpidogpungurinn\/master-series-the-enforcer-black-wooden-humbler\/#primaryimage"},"image":{"@id":"https:\/\/amina.is\/verslun\/blaeti\/typpidogpungurinn\/master-series-the-enforcer-black-wooden-humbler\/#primaryimage"},"thumbnailUrl":"https:\/\/amina.is\/wp-content\/uploads\/2023\/02\/ad737-bulk_540x540.jpg","datePublished":"2023-02-17T21:33:30+00:00","dateModified":"2025-08-11T13:58:02+00:00","description":"\u00deegar \u00fe\u00fa \u00fearft a\u00f0 hafa hemil \u00e1 leikf\u00e9laganum og halda honum f\u00f6stum \u00e1 hnj\u00e1num. Vanda\u00f0ur hlutur \u00far timbri sem er \u00f3missandi hj\u00e1 hverjum drottnara.\u00a0","breadcrumb":{"@id":"https:\/\/amina.is\/verslun\/blaeti\/typpidogpungurinn\/master-series-the-enforcer-black-wooden-humbler\/#breadcrumb"},"inLanguage":"en-US","potentialAction":[{"@type":"ReadAction","target":["https:\/\/amina.is\/verslun\/blaeti\/typpidogpungurinn\/master-series-the-enforcer-black-wooden-humbler\/"]}]},{"@type":"ImageObject","inLanguage":"en-US","@id":"https:\/\/amina.is\/verslun\/blaeti\/typpidogpungurinn\/master-series-the-enforcer-black-wooden-humbler\/#primaryimage","url":"https:\/\/amina.is\/wp-content\/uploads\/2023\/02\/ad737-bulk_540x540.jpg","contentUrl":"https:\/\/amina.is\/wp-content\/uploads\/2023\/02\/ad737-bulk_540x540.jpg","width":540,"height":540},{"@type":"BreadcrumbList","@id":"https:\/\/amina.is\/verslun\/blaeti\/typpidogpungurinn\/master-series-the-enforcer-black-wooden-humbler\/#breadcrumb","itemListElement":[{"@type":"ListItem","position":1,"name":"Home","item":"https:\/\/amina.is\/"},{"@type":"ListItem","position":2,"name":"Verslun","item":"https:\/\/amina.is\/verslun\/"},{"@type":"ListItem","position":3,"name":"Master Series &#8211; The Enforcer Black Wooden Humbler"}]},{"@type":"WebSite","@id":"https:\/\/amina.is\/#website","url":"https:\/\/amina.is\/","name":"Amina","description":"Feeling is everything - Una\u00f0sv\u00f6rur fyrir alla","publisher":{"@id":"https:\/\/amina.is\/#organization"},"potentialAction":[{"@type":"SearchAction","target":{"@type":"EntryPoint","urlTemplate":"https:\/\/amina.is\/?s={search_term_string}"},"query-input":{"@type":"PropertyValueSpecification","valueRequired":true,"valueName":"search_term_string"}}],"inLanguage":"en-US"},{"@type":"Organization","@id":"https:\/\/amina.is\/#organization","name":"Amina","url":"https:\/\/amina.is\/","logo":{"@type":"ImageObject","inLanguage":"en-US","@id":"https:\/\/amina.is\/#\/schema\/logo\/image\/","url":"https:\/\/amina.is\/wp-content\/uploads\/2021\/09\/logo.png","contentUrl":"https:\/\/amina.is\/wp-content\/uploads\/2021\/09\/logo.png","width":1790,"height":464,"caption":"Amina"},"image":{"@id":"https:\/\/amina.is\/#\/schema\/logo\/image\/"},"sameAs":["https:\/\/m.facebook.com\/AMINA-100767148840241\/","https:\/\/www.instagram.com\/aminaverslun\/"]}]}},"_links":{"self":[{"href":"https:\/\/amina.is\/en\/wp-json\/wp\/v2\/product\/11225","targetHints":{"allow":["GET"]}}],"collection":[{"href":"https:\/\/amina.is\/en\/wp-json\/wp\/v2\/product"}],"about":[{"href":"https:\/\/amina.is\/en\/wp-json\/wp\/v2\/types\/product"}],"version-history":[{"count":1,"href":"https:\/\/amina.is\/en\/wp-json\/wp\/v2\/product\/11225\/revisions"}],"predecessor-version":[{"id":11235,"href":"https:\/\/amina.is\/en\/wp-json\/wp\/v2\/product\/11225\/revisions\/11235"}],"wp:featuredmedia":[{"embeddable":true,"href":"https:\/\/amina.is\/en\/wp-json\/wp\/v2\/media\/11233"}],"wp:attachment":[{"href":"https:\/\/amina.is\/en\/wp-json\/wp\/v2\/media?parent=11225"}],"wp:term":[{"taxonomy":"product_brand","embeddable":true,"href":"https:\/\/amina.is\/en\/wp-json\/wp\/v2\/product_brand?post=11225"},{"taxonomy":"product_cat","embeddable":true,"href":"https:\/\/amina.is\/en\/wp-json\/wp\/v2\/product_cat?post=11225"},{"taxonomy":"product_tag","embeddable":true,"href":"https:\/\/amina.is\/en\/wp-json\/wp\/v2\/product_tag?post=11225"}],"curies":[{"name":"wp","href":"https:\/\/api.w.org\/{rel}","templated":true}]}}