{"id":11190,"date":"2023-02-21T17:55:42","date_gmt":"2023-02-21T17:55:42","guid":{"rendered":"https:\/\/amina.is\/?post_type=product&#038;p=11190"},"modified":"2023-03-02T19:41:22","modified_gmt":"2023-03-02T19:41:22","slug":"master-series-jaded-glass-ben-wa-balls","status":"publish","type":"product","link":"https:\/\/amina.is\/en\/verslun\/pikan\/grindarbotninn\/master-series-jaded-glass-ben-wa-balls\/","title":{"rendered":"Master Series &#8211; Jaded Glass Ben Wa Balls"},"content":{"rendered":"<h5>Fallegar glerk\u00falur hanna\u00f0ar til \u00feess a\u00f0 \u00e6fa grindarbotnsv\u00f6\u00f0vana. Einnig tilvaldar \u00ed forleikinn. \u00de\u00fa getur leiki\u00f0 \u00fe\u00e9r me\u00f0 \u00fev\u00ed a\u00f0 k\u00e6la \u00fe\u00e6r, hita \u00fe\u00e6r e\u00f0a bera \u00e1 \u00fe\u00e6r \u00fear til ger\u00f0 krem sem auka una\u00f0. K\u00falurnar eru 3cm \u00ed \u00feverm\u00e1li og koma tv\u00e6r saman \u00ed pakka.<\/h5>","protected":false},"excerpt":{"rendered":"<p>Fallegar glerk\u00falur hanna\u00f0ar til \u00feess a\u00f0 \u00e6fa grindarbotnsv\u00f6\u00f0vana. Einnig tilvaldar \u00ed forleikinn.<\/p>","protected":false},"featured_media":11281,"template":"","meta":{"inline_featured_image":false},"product_brand":[],"product_cat":[42,43,886,896,44,900],"product_tag":[269,852,853,310,855,279,56,854],"class_list":{"0":"post-11190","1":"product","2":"type-product","3":"status-publish","4":"has-post-thumbnail","6":"product_cat-fyrir-thaer","7":"product_cat-fyrir-thau","8":"product_cat-grindarbotninn","9":"product_cat-grindarbotninn-fyrir-thaer","10":"product_cat-pikan","11":"product_cat-notaahana","12":"product_tag-grindarbotn","13":"product_tag-kegel","14":"product_tag-kulur","15":"product_tag-master-series","16":"product_tag-muscle","17":"product_tag-pikan","18":"product_tag-vagina","19":"product_tag-vodvi","21":"first","22":"instock","23":"shipping-taxable","24":"purchasable","25":"product-type-simple"},"yoast_head":"<!-- This site is optimized with the Yoast SEO Premium plugin v21.6 (Yoast SEO v27.3) - https:\/\/yoast.com\/product\/yoast-seo-premium-wordpress\/ -->\n<title>Master Series - Jaded Glass Ben Wa Balls &#8211; Amina<\/title>\n<meta name=\"description\" content=\"Fallegar glerk\u00falur hanna\u00f0ar til \u00feess a\u00f0 \u00e6fa grindarbotnsv\u00f6\u00f0vana. Einnig tilvaldar \u00ed forleikinn.\" \/>\n<meta name=\"robots\" content=\"index, follow, max-snippet:-1, max-image-preview:large, max-video-preview:-1\" \/>\n<link rel=\"canonical\" href=\"https:\/\/amina.is\/en\/verslun\/pikan\/grindarbotninn\/master-series-jaded-glass-ben-wa-balls\/\" \/>\n<meta property=\"og:locale\" content=\"en_US\" \/>\n<meta property=\"og:type\" content=\"article\" \/>\n<meta property=\"og:title\" content=\"Master Series - Jaded Glass Ben Wa Balls\" \/>\n<meta property=\"og:description\" content=\"Fallegar glerk\u00falur hanna\u00f0ar til \u00feess a\u00f0 \u00e6fa grindarbotnsv\u00f6\u00f0vana. Einnig tilvaldar \u00ed forleikinn.\" \/>\n<meta property=\"og:url\" content=\"https:\/\/amina.is\/en\/verslun\/pikan\/grindarbotninn\/master-series-jaded-glass-ben-wa-balls\/\" \/>\n<meta property=\"og:site_name\" content=\"Amina\" \/>\n<meta property=\"article:publisher\" content=\"https:\/\/m.facebook.com\/AMINA-100767148840241\/\" \/>\n<meta property=\"article:modified_time\" content=\"2023-03-02T19:41:22+00:00\" \/>\n<meta property=\"og:image\" content=\"https:\/\/amina.is\/wp-content\/uploads\/2023\/02\/ad174-bulk_540x540.jpg\" \/>\n\t<meta property=\"og:image:width\" content=\"540\" \/>\n\t<meta property=\"og:image:height\" content=\"540\" \/>\n\t<meta property=\"og:image:type\" content=\"image\/jpeg\" \/>\n<meta name=\"twitter:card\" content=\"summary_large_image\" \/>\n<meta name=\"twitter:label1\" content=\"Est. reading time\" \/>\n\t<meta name=\"twitter:data1\" content=\"1 minute\" \/>\n<script type=\"application\/ld+json\" class=\"yoast-schema-graph\">{\"@context\":\"https:\\\/\\\/schema.org\",\"@graph\":[{\"@type\":\"WebPage\",\"@id\":\"https:\\\/\\\/amina.is\\\/verslun\\\/pikan\\\/grindarbotninn\\\/master-series-jaded-glass-ben-wa-balls\\\/\",\"url\":\"https:\\\/\\\/amina.is\\\/verslun\\\/pikan\\\/grindarbotninn\\\/master-series-jaded-glass-ben-wa-balls\\\/\",\"name\":\"Master Series - Jaded Glass Ben Wa Balls &#8211; Amina\",\"isPartOf\":{\"@id\":\"https:\\\/\\\/amina.is\\\/#website\"},\"primaryImageOfPage\":{\"@id\":\"https:\\\/\\\/amina.is\\\/verslun\\\/pikan\\\/grindarbotninn\\\/master-series-jaded-glass-ben-wa-balls\\\/#primaryimage\"},\"image\":{\"@id\":\"https:\\\/\\\/amina.is\\\/verslun\\\/pikan\\\/grindarbotninn\\\/master-series-jaded-glass-ben-wa-balls\\\/#primaryimage\"},\"thumbnailUrl\":\"https:\\\/\\\/amina.is\\\/wp-content\\\/uploads\\\/2023\\\/02\\\/ad174-bulk_540x540.jpg\",\"datePublished\":\"2023-02-21T17:55:42+00:00\",\"dateModified\":\"2023-03-02T19:41:22+00:00\",\"description\":\"Fallegar glerk\u00falur hanna\u00f0ar til \u00feess a\u00f0 \u00e6fa grindarbotnsv\u00f6\u00f0vana. Einnig tilvaldar \u00ed forleikinn.\",\"breadcrumb\":{\"@id\":\"https:\\\/\\\/amina.is\\\/verslun\\\/pikan\\\/grindarbotninn\\\/master-series-jaded-glass-ben-wa-balls\\\/#breadcrumb\"},\"inLanguage\":\"en-US\",\"potentialAction\":[{\"@type\":\"ReadAction\",\"target\":[\"https:\\\/\\\/amina.is\\\/verslun\\\/pikan\\\/grindarbotninn\\\/master-series-jaded-glass-ben-wa-balls\\\/\"]}]},{\"@type\":\"ImageObject\",\"inLanguage\":\"en-US\",\"@id\":\"https:\\\/\\\/amina.is\\\/verslun\\\/pikan\\\/grindarbotninn\\\/master-series-jaded-glass-ben-wa-balls\\\/#primaryimage\",\"url\":\"https:\\\/\\\/amina.is\\\/wp-content\\\/uploads\\\/2023\\\/02\\\/ad174-bulk_540x540.jpg\",\"contentUrl\":\"https:\\\/\\\/amina.is\\\/wp-content\\\/uploads\\\/2023\\\/02\\\/ad174-bulk_540x540.jpg\",\"width\":540,\"height\":540},{\"@type\":\"BreadcrumbList\",\"@id\":\"https:\\\/\\\/amina.is\\\/verslun\\\/pikan\\\/grindarbotninn\\\/master-series-jaded-glass-ben-wa-balls\\\/#breadcrumb\",\"itemListElement\":[{\"@type\":\"ListItem\",\"position\":1,\"name\":\"Home\",\"item\":\"https:\\\/\\\/amina.is\\\/\"},{\"@type\":\"ListItem\",\"position\":2,\"name\":\"Verslun\",\"item\":\"https:\\\/\\\/amina.is\\\/verslun\\\/\"},{\"@type\":\"ListItem\",\"position\":3,\"name\":\"Master Series &#8211; Jaded Glass Ben Wa Balls\"}]},{\"@type\":\"WebSite\",\"@id\":\"https:\\\/\\\/amina.is\\\/#website\",\"url\":\"https:\\\/\\\/amina.is\\\/\",\"name\":\"Amina\",\"description\":\"Feeling is everything - Una\u00f0sv\u00f6rur fyrir alla\",\"publisher\":{\"@id\":\"https:\\\/\\\/amina.is\\\/#organization\"},\"potentialAction\":[{\"@type\":\"SearchAction\",\"target\":{\"@type\":\"EntryPoint\",\"urlTemplate\":\"https:\\\/\\\/amina.is\\\/?s={search_term_string}\"},\"query-input\":{\"@type\":\"PropertyValueSpecification\",\"valueRequired\":true,\"valueName\":\"search_term_string\"}}],\"inLanguage\":\"en-US\"},{\"@type\":\"Organization\",\"@id\":\"https:\\\/\\\/amina.is\\\/#organization\",\"name\":\"Amina\",\"url\":\"https:\\\/\\\/amina.is\\\/\",\"logo\":{\"@type\":\"ImageObject\",\"inLanguage\":\"en-US\",\"@id\":\"https:\\\/\\\/amina.is\\\/#\\\/schema\\\/logo\\\/image\\\/\",\"url\":\"https:\\\/\\\/amina.is\\\/wp-content\\\/uploads\\\/2021\\\/09\\\/logo.png\",\"contentUrl\":\"https:\\\/\\\/amina.is\\\/wp-content\\\/uploads\\\/2021\\\/09\\\/logo.png\",\"width\":1790,\"height\":464,\"caption\":\"Amina\"},\"image\":{\"@id\":\"https:\\\/\\\/amina.is\\\/#\\\/schema\\\/logo\\\/image\\\/\"},\"sameAs\":[\"https:\\\/\\\/m.facebook.com\\\/AMINA-100767148840241\\\/\",\"https:\\\/\\\/www.instagram.com\\\/aminaverslun\\\/\"]}]}<\/script>\n<!-- \/ Yoast SEO Premium plugin. -->","yoast_head_json":{"title":"Master Series - Jaded Glass Ben Wa Balls &#8211; Amina","description":"Fallegar glerk\u00falur hanna\u00f0ar til \u00feess a\u00f0 \u00e6fa grindarbotnsv\u00f6\u00f0vana. Einnig tilvaldar \u00ed forleikinn.","robots":{"index":"index","follow":"follow","max-snippet":"max-snippet:-1","max-image-preview":"max-image-preview:large","max-video-preview":"max-video-preview:-1"},"canonical":"https:\/\/amina.is\/en\/verslun\/pikan\/grindarbotninn\/master-series-jaded-glass-ben-wa-balls\/","og_locale":"en_US","og_type":"article","og_title":"Master Series - Jaded Glass Ben Wa Balls","og_description":"Fallegar glerk\u00falur hanna\u00f0ar til \u00feess a\u00f0 \u00e6fa grindarbotnsv\u00f6\u00f0vana. Einnig tilvaldar \u00ed forleikinn.","og_url":"https:\/\/amina.is\/en\/verslun\/pikan\/grindarbotninn\/master-series-jaded-glass-ben-wa-balls\/","og_site_name":"Amina","article_publisher":"https:\/\/m.facebook.com\/AMINA-100767148840241\/","article_modified_time":"2023-03-02T19:41:22+00:00","og_image":[{"width":540,"height":540,"url":"https:\/\/amina.is\/wp-content\/uploads\/2023\/02\/ad174-bulk_540x540.jpg","type":"image\/jpeg"}],"twitter_card":"summary_large_image","twitter_misc":{"Est. reading time":"1 minute"},"schema":{"@context":"https:\/\/schema.org","@graph":[{"@type":"WebPage","@id":"https:\/\/amina.is\/verslun\/pikan\/grindarbotninn\/master-series-jaded-glass-ben-wa-balls\/","url":"https:\/\/amina.is\/verslun\/pikan\/grindarbotninn\/master-series-jaded-glass-ben-wa-balls\/","name":"Master Series - Jaded Glass Ben Wa Balls &#8211; Amina","isPartOf":{"@id":"https:\/\/amina.is\/#website"},"primaryImageOfPage":{"@id":"https:\/\/amina.is\/verslun\/pikan\/grindarbotninn\/master-series-jaded-glass-ben-wa-balls\/#primaryimage"},"image":{"@id":"https:\/\/amina.is\/verslun\/pikan\/grindarbotninn\/master-series-jaded-glass-ben-wa-balls\/#primaryimage"},"thumbnailUrl":"https:\/\/amina.is\/wp-content\/uploads\/2023\/02\/ad174-bulk_540x540.jpg","datePublished":"2023-02-21T17:55:42+00:00","dateModified":"2023-03-02T19:41:22+00:00","description":"Fallegar glerk\u00falur hanna\u00f0ar til \u00feess a\u00f0 \u00e6fa grindarbotnsv\u00f6\u00f0vana. Einnig tilvaldar \u00ed forleikinn.","breadcrumb":{"@id":"https:\/\/amina.is\/verslun\/pikan\/grindarbotninn\/master-series-jaded-glass-ben-wa-balls\/#breadcrumb"},"inLanguage":"en-US","potentialAction":[{"@type":"ReadAction","target":["https:\/\/amina.is\/verslun\/pikan\/grindarbotninn\/master-series-jaded-glass-ben-wa-balls\/"]}]},{"@type":"ImageObject","inLanguage":"en-US","@id":"https:\/\/amina.is\/verslun\/pikan\/grindarbotninn\/master-series-jaded-glass-ben-wa-balls\/#primaryimage","url":"https:\/\/amina.is\/wp-content\/uploads\/2023\/02\/ad174-bulk_540x540.jpg","contentUrl":"https:\/\/amina.is\/wp-content\/uploads\/2023\/02\/ad174-bulk_540x540.jpg","width":540,"height":540},{"@type":"BreadcrumbList","@id":"https:\/\/amina.is\/verslun\/pikan\/grindarbotninn\/master-series-jaded-glass-ben-wa-balls\/#breadcrumb","itemListElement":[{"@type":"ListItem","position":1,"name":"Home","item":"https:\/\/amina.is\/"},{"@type":"ListItem","position":2,"name":"Verslun","item":"https:\/\/amina.is\/verslun\/"},{"@type":"ListItem","position":3,"name":"Master Series &#8211; Jaded Glass Ben Wa Balls"}]},{"@type":"WebSite","@id":"https:\/\/amina.is\/#website","url":"https:\/\/amina.is\/","name":"Amina","description":"Feeling is everything - Una\u00f0sv\u00f6rur fyrir alla","publisher":{"@id":"https:\/\/amina.is\/#organization"},"potentialAction":[{"@type":"SearchAction","target":{"@type":"EntryPoint","urlTemplate":"https:\/\/amina.is\/?s={search_term_string}"},"query-input":{"@type":"PropertyValueSpecification","valueRequired":true,"valueName":"search_term_string"}}],"inLanguage":"en-US"},{"@type":"Organization","@id":"https:\/\/amina.is\/#organization","name":"Amina","url":"https:\/\/amina.is\/","logo":{"@type":"ImageObject","inLanguage":"en-US","@id":"https:\/\/amina.is\/#\/schema\/logo\/image\/","url":"https:\/\/amina.is\/wp-content\/uploads\/2021\/09\/logo.png","contentUrl":"https:\/\/amina.is\/wp-content\/uploads\/2021\/09\/logo.png","width":1790,"height":464,"caption":"Amina"},"image":{"@id":"https:\/\/amina.is\/#\/schema\/logo\/image\/"},"sameAs":["https:\/\/m.facebook.com\/AMINA-100767148840241\/","https:\/\/www.instagram.com\/aminaverslun\/"]}]}},"_links":{"self":[{"href":"https:\/\/amina.is\/en\/wp-json\/wp\/v2\/product\/11190","targetHints":{"allow":["GET"]}}],"collection":[{"href":"https:\/\/amina.is\/en\/wp-json\/wp\/v2\/product"}],"about":[{"href":"https:\/\/amina.is\/en\/wp-json\/wp\/v2\/types\/product"}],"version-history":[{"count":1,"href":"https:\/\/amina.is\/en\/wp-json\/wp\/v2\/product\/11190\/revisions"}],"predecessor-version":[{"id":11284,"href":"https:\/\/amina.is\/en\/wp-json\/wp\/v2\/product\/11190\/revisions\/11284"}],"wp:featuredmedia":[{"embeddable":true,"href":"https:\/\/amina.is\/en\/wp-json\/wp\/v2\/media\/11281"}],"wp:attachment":[{"href":"https:\/\/amina.is\/en\/wp-json\/wp\/v2\/media?parent=11190"}],"wp:term":[{"taxonomy":"product_brand","embeddable":true,"href":"https:\/\/amina.is\/en\/wp-json\/wp\/v2\/product_brand?post=11190"},{"taxonomy":"product_cat","embeddable":true,"href":"https:\/\/amina.is\/en\/wp-json\/wp\/v2\/product_cat?post=11190"},{"taxonomy":"product_tag","embeddable":true,"href":"https:\/\/amina.is\/en\/wp-json\/wp\/v2\/product_tag?post=11190"}],"curies":[{"name":"wp","href":"https:\/\/api.w.org\/{rel}","templated":true}]}}