{"id":11184,"date":"2023-02-17T11:25:25","date_gmt":"2023-02-17T11:25:25","guid":{"rendered":"https:\/\/amina.is\/?post_type=product&#038;p=11184"},"modified":"2026-02-22T19:53:44","modified_gmt":"2026-02-22T19:53:44","slug":"passion-hybrid-lubricant-236ml","status":"publish","type":"product","link":"https:\/\/amina.is\/en\/verslun\/smur-verjur\/sleipiefni\/passion-hybrid-lubricant-236ml\/","title":{"rendered":"Passion &#8211; Hybrid Lubricant 236ml."},"content":{"rendered":"<div class=\"column whole large-seven-twelfths medium-half product-information--description\">\n<h5>Passion &#8222;Hybrid&#8220; sleipiefni. M\u00e1 nota me\u00f0 s\u00edl\u00edkon og g\u00famm\u00ed t\u00e6kjum. Kemur \u00ed \u00fe\u00e6gilegum umb\u00fa\u00f0um me\u00f0 &#8222;pop up&#8220; tappa. \u00deetta sleipiefni helst sleipt lengur en hef\u00f0bundin vatnsleysanleg sleipiefni en hefur s\u00f6mu eiginleika. Au\u00f0velt a\u00f0 \u00fer\u00edfa af me\u00f0 volgu vatni og mildri s\u00e1pu. 236ml br\u00fasi.<\/h5>\n<\/div>","protected":false},"excerpt":{"rendered":"<p>Passion &#8222;Hybrid&#8220; sleipiefni. M\u00e1 nota me\u00f0 s\u00edl\u00edkon og g\u00famm\u00ed t\u00e6kjum.<\/p>","protected":false},"featured_media":11189,"template":"","meta":{"inline_featured_image":false},"product_brand":[],"product_cat":[41,42,43,910,47],"product_tag":[839,457,537,460],"class_list":{"0":"post-11184","1":"product","2":"type-product","3":"status-publish","4":"has-post-thumbnail","6":"product_cat-fyrir-tha","7":"product_cat-fyrir-thaer","8":"product_cat-fyrir-thau","9":"product_cat-sleipiefni","10":"product_cat-smur-verjur","11":"product_tag-hybrid","12":"product_tag-lube","13":"product_tag-passion","14":"product_tag-sleipiefni","16":"first","17":"instock","18":"shipping-taxable","19":"purchasable","20":"product-type-simple"},"yoast_head":"<!-- This site is optimized with the Yoast SEO Premium plugin v21.6 (Yoast SEO v27.3) - https:\/\/yoast.com\/product\/yoast-seo-premium-wordpress\/ -->\n<title>Passion - Hybrid Lubricant 236ml. &#8211; Amina<\/title>\n<meta name=\"description\" content=\"Passion &quot;Hybrid&quot; sleipiefni. M\u00e1 nota me\u00f0 s\u00edl\u00edkon og g\u00famm\u00ed t\u00e6kjum. Kemur \u00ed \u00fe\u00e6gilegum umb\u00fa\u00f0um me\u00f0 &quot;pop up&quot; tappa. \u00deetta sleipiefni helst sleipt lengur en hef\u00f0bundin vatnsleysanleg sleipiefni en hefur s\u00f6mu eiginleika.\" \/>\n<meta name=\"robots\" content=\"index, follow, max-snippet:-1, max-image-preview:large, max-video-preview:-1\" \/>\n<link rel=\"canonical\" href=\"https:\/\/amina.is\/en\/verslun\/smur-verjur\/sleipiefni\/passion-hybrid-lubricant-236ml\/\" \/>\n<meta property=\"og:locale\" content=\"en_US\" \/>\n<meta property=\"og:type\" content=\"article\" \/>\n<meta property=\"og:title\" content=\"Passion - Hybrid Lubricant 236ml.\" \/>\n<meta property=\"og:description\" content=\"Passion &quot;Hybrid&quot; sleipiefni. M\u00e1 nota me\u00f0 s\u00edl\u00edkon og g\u00famm\u00ed t\u00e6kjum. Kemur \u00ed \u00fe\u00e6gilegum umb\u00fa\u00f0um me\u00f0 &quot;pop up&quot; tappa. \u00deetta sleipiefni helst sleipt lengur en hef\u00f0bundin vatnsleysanleg sleipiefni en hefur s\u00f6mu eiginleika.\" \/>\n<meta property=\"og:url\" content=\"https:\/\/amina.is\/en\/verslun\/smur-verjur\/sleipiefni\/passion-hybrid-lubricant-236ml\/\" \/>\n<meta property=\"og:site_name\" content=\"Amina\" \/>\n<meta property=\"article:publisher\" content=\"https:\/\/m.facebook.com\/AMINA-100767148840241\/\" \/>\n<meta property=\"article:modified_time\" content=\"2026-02-22T19:53:44+00:00\" \/>\n<meta property=\"og:image\" content=\"https:\/\/amina.is\/wp-content\/uploads\/2023\/02\/Untitled-design.jpg\" \/>\n\t<meta property=\"og:image:width\" content=\"1080\" \/>\n\t<meta property=\"og:image:height\" content=\"1080\" \/>\n\t<meta property=\"og:image:type\" content=\"image\/jpeg\" \/>\n<meta name=\"twitter:card\" content=\"summary_large_image\" \/>\n<meta name=\"twitter:label1\" content=\"Est. reading time\" \/>\n\t<meta name=\"twitter:data1\" content=\"1 minute\" \/>\n<script type=\"application\/ld+json\" class=\"yoast-schema-graph\">{\"@context\":\"https:\\\/\\\/schema.org\",\"@graph\":[{\"@type\":\"WebPage\",\"@id\":\"https:\\\/\\\/amina.is\\\/verslun\\\/smur-verjur\\\/sleipiefni\\\/passion-hybrid-lubricant-236ml\\\/\",\"url\":\"https:\\\/\\\/amina.is\\\/verslun\\\/smur-verjur\\\/sleipiefni\\\/passion-hybrid-lubricant-236ml\\\/\",\"name\":\"Passion - Hybrid Lubricant 236ml. &#8211; Amina\",\"isPartOf\":{\"@id\":\"https:\\\/\\\/amina.is\\\/#website\"},\"primaryImageOfPage\":{\"@id\":\"https:\\\/\\\/amina.is\\\/verslun\\\/smur-verjur\\\/sleipiefni\\\/passion-hybrid-lubricant-236ml\\\/#primaryimage\"},\"image\":{\"@id\":\"https:\\\/\\\/amina.is\\\/verslun\\\/smur-verjur\\\/sleipiefni\\\/passion-hybrid-lubricant-236ml\\\/#primaryimage\"},\"thumbnailUrl\":\"https:\\\/\\\/amina.is\\\/wp-content\\\/uploads\\\/2023\\\/02\\\/Untitled-design.jpg\",\"datePublished\":\"2023-02-17T11:25:25+00:00\",\"dateModified\":\"2026-02-22T19:53:44+00:00\",\"description\":\"Passion \\\"Hybrid\\\" sleipiefni. M\u00e1 nota me\u00f0 s\u00edl\u00edkon og g\u00famm\u00ed t\u00e6kjum. Kemur \u00ed \u00fe\u00e6gilegum umb\u00fa\u00f0um me\u00f0 \\\"pop up\\\" tappa. \u00deetta sleipiefni helst sleipt lengur en hef\u00f0bundin vatnsleysanleg sleipiefni en hefur s\u00f6mu eiginleika.\",\"breadcrumb\":{\"@id\":\"https:\\\/\\\/amina.is\\\/verslun\\\/smur-verjur\\\/sleipiefni\\\/passion-hybrid-lubricant-236ml\\\/#breadcrumb\"},\"inLanguage\":\"en-US\",\"potentialAction\":[{\"@type\":\"ReadAction\",\"target\":[\"https:\\\/\\\/amina.is\\\/verslun\\\/smur-verjur\\\/sleipiefni\\\/passion-hybrid-lubricant-236ml\\\/\"]}]},{\"@type\":\"ImageObject\",\"inLanguage\":\"en-US\",\"@id\":\"https:\\\/\\\/amina.is\\\/verslun\\\/smur-verjur\\\/sleipiefni\\\/passion-hybrid-lubricant-236ml\\\/#primaryimage\",\"url\":\"https:\\\/\\\/amina.is\\\/wp-content\\\/uploads\\\/2023\\\/02\\\/Untitled-design.jpg\",\"contentUrl\":\"https:\\\/\\\/amina.is\\\/wp-content\\\/uploads\\\/2023\\\/02\\\/Untitled-design.jpg\",\"width\":1080,\"height\":1080},{\"@type\":\"BreadcrumbList\",\"@id\":\"https:\\\/\\\/amina.is\\\/verslun\\\/smur-verjur\\\/sleipiefni\\\/passion-hybrid-lubricant-236ml\\\/#breadcrumb\",\"itemListElement\":[{\"@type\":\"ListItem\",\"position\":1,\"name\":\"Home\",\"item\":\"https:\\\/\\\/amina.is\\\/\"},{\"@type\":\"ListItem\",\"position\":2,\"name\":\"Verslun\",\"item\":\"https:\\\/\\\/amina.is\\\/verslun\\\/\"},{\"@type\":\"ListItem\",\"position\":3,\"name\":\"Passion &#8211; Hybrid Lubricant 236ml.\"}]},{\"@type\":\"WebSite\",\"@id\":\"https:\\\/\\\/amina.is\\\/#website\",\"url\":\"https:\\\/\\\/amina.is\\\/\",\"name\":\"Amina\",\"description\":\"Feeling is everything - Una\u00f0sv\u00f6rur fyrir alla\",\"publisher\":{\"@id\":\"https:\\\/\\\/amina.is\\\/#organization\"},\"potentialAction\":[{\"@type\":\"SearchAction\",\"target\":{\"@type\":\"EntryPoint\",\"urlTemplate\":\"https:\\\/\\\/amina.is\\\/?s={search_term_string}\"},\"query-input\":{\"@type\":\"PropertyValueSpecification\",\"valueRequired\":true,\"valueName\":\"search_term_string\"}}],\"inLanguage\":\"en-US\"},{\"@type\":\"Organization\",\"@id\":\"https:\\\/\\\/amina.is\\\/#organization\",\"name\":\"Amina\",\"url\":\"https:\\\/\\\/amina.is\\\/\",\"logo\":{\"@type\":\"ImageObject\",\"inLanguage\":\"en-US\",\"@id\":\"https:\\\/\\\/amina.is\\\/#\\\/schema\\\/logo\\\/image\\\/\",\"url\":\"https:\\\/\\\/amina.is\\\/wp-content\\\/uploads\\\/2021\\\/09\\\/logo.png\",\"contentUrl\":\"https:\\\/\\\/amina.is\\\/wp-content\\\/uploads\\\/2021\\\/09\\\/logo.png\",\"width\":1790,\"height\":464,\"caption\":\"Amina\"},\"image\":{\"@id\":\"https:\\\/\\\/amina.is\\\/#\\\/schema\\\/logo\\\/image\\\/\"},\"sameAs\":[\"https:\\\/\\\/m.facebook.com\\\/AMINA-100767148840241\\\/\",\"https:\\\/\\\/www.instagram.com\\\/aminaverslun\\\/\"]}]}<\/script>\n<!-- \/ Yoast SEO Premium plugin. -->","yoast_head_json":{"title":"Passion - Hybrid Lubricant 236ml. &#8211; Amina","description":"Passion \"Hybrid\" sleipiefni. M\u00e1 nota me\u00f0 s\u00edl\u00edkon og g\u00famm\u00ed t\u00e6kjum. Kemur \u00ed \u00fe\u00e6gilegum umb\u00fa\u00f0um me\u00f0 \"pop up\" tappa. \u00deetta sleipiefni helst sleipt lengur en hef\u00f0bundin vatnsleysanleg sleipiefni en hefur s\u00f6mu eiginleika.","robots":{"index":"index","follow":"follow","max-snippet":"max-snippet:-1","max-image-preview":"max-image-preview:large","max-video-preview":"max-video-preview:-1"},"canonical":"https:\/\/amina.is\/en\/verslun\/smur-verjur\/sleipiefni\/passion-hybrid-lubricant-236ml\/","og_locale":"en_US","og_type":"article","og_title":"Passion - Hybrid Lubricant 236ml.","og_description":"Passion \"Hybrid\" sleipiefni. M\u00e1 nota me\u00f0 s\u00edl\u00edkon og g\u00famm\u00ed t\u00e6kjum. Kemur \u00ed \u00fe\u00e6gilegum umb\u00fa\u00f0um me\u00f0 \"pop up\" tappa. \u00deetta sleipiefni helst sleipt lengur en hef\u00f0bundin vatnsleysanleg sleipiefni en hefur s\u00f6mu eiginleika.","og_url":"https:\/\/amina.is\/en\/verslun\/smur-verjur\/sleipiefni\/passion-hybrid-lubricant-236ml\/","og_site_name":"Amina","article_publisher":"https:\/\/m.facebook.com\/AMINA-100767148840241\/","article_modified_time":"2026-02-22T19:53:44+00:00","og_image":[{"width":1080,"height":1080,"url":"https:\/\/amina.is\/wp-content\/uploads\/2023\/02\/Untitled-design.jpg","type":"image\/jpeg"}],"twitter_card":"summary_large_image","twitter_misc":{"Est. reading time":"1 minute"},"schema":{"@context":"https:\/\/schema.org","@graph":[{"@type":"WebPage","@id":"https:\/\/amina.is\/verslun\/smur-verjur\/sleipiefni\/passion-hybrid-lubricant-236ml\/","url":"https:\/\/amina.is\/verslun\/smur-verjur\/sleipiefni\/passion-hybrid-lubricant-236ml\/","name":"Passion - Hybrid Lubricant 236ml. &#8211; Amina","isPartOf":{"@id":"https:\/\/amina.is\/#website"},"primaryImageOfPage":{"@id":"https:\/\/amina.is\/verslun\/smur-verjur\/sleipiefni\/passion-hybrid-lubricant-236ml\/#primaryimage"},"image":{"@id":"https:\/\/amina.is\/verslun\/smur-verjur\/sleipiefni\/passion-hybrid-lubricant-236ml\/#primaryimage"},"thumbnailUrl":"https:\/\/amina.is\/wp-content\/uploads\/2023\/02\/Untitled-design.jpg","datePublished":"2023-02-17T11:25:25+00:00","dateModified":"2026-02-22T19:53:44+00:00","description":"Passion \"Hybrid\" sleipiefni. M\u00e1 nota me\u00f0 s\u00edl\u00edkon og g\u00famm\u00ed t\u00e6kjum. Kemur \u00ed \u00fe\u00e6gilegum umb\u00fa\u00f0um me\u00f0 \"pop up\" tappa. \u00deetta sleipiefni helst sleipt lengur en hef\u00f0bundin vatnsleysanleg sleipiefni en hefur s\u00f6mu eiginleika.","breadcrumb":{"@id":"https:\/\/amina.is\/verslun\/smur-verjur\/sleipiefni\/passion-hybrid-lubricant-236ml\/#breadcrumb"},"inLanguage":"en-US","potentialAction":[{"@type":"ReadAction","target":["https:\/\/amina.is\/verslun\/smur-verjur\/sleipiefni\/passion-hybrid-lubricant-236ml\/"]}]},{"@type":"ImageObject","inLanguage":"en-US","@id":"https:\/\/amina.is\/verslun\/smur-verjur\/sleipiefni\/passion-hybrid-lubricant-236ml\/#primaryimage","url":"https:\/\/amina.is\/wp-content\/uploads\/2023\/02\/Untitled-design.jpg","contentUrl":"https:\/\/amina.is\/wp-content\/uploads\/2023\/02\/Untitled-design.jpg","width":1080,"height":1080},{"@type":"BreadcrumbList","@id":"https:\/\/amina.is\/verslun\/smur-verjur\/sleipiefni\/passion-hybrid-lubricant-236ml\/#breadcrumb","itemListElement":[{"@type":"ListItem","position":1,"name":"Home","item":"https:\/\/amina.is\/"},{"@type":"ListItem","position":2,"name":"Verslun","item":"https:\/\/amina.is\/verslun\/"},{"@type":"ListItem","position":3,"name":"Passion &#8211; Hybrid Lubricant 236ml."}]},{"@type":"WebSite","@id":"https:\/\/amina.is\/#website","url":"https:\/\/amina.is\/","name":"Amina","description":"Feeling is everything - Una\u00f0sv\u00f6rur fyrir alla","publisher":{"@id":"https:\/\/amina.is\/#organization"},"potentialAction":[{"@type":"SearchAction","target":{"@type":"EntryPoint","urlTemplate":"https:\/\/amina.is\/?s={search_term_string}"},"query-input":{"@type":"PropertyValueSpecification","valueRequired":true,"valueName":"search_term_string"}}],"inLanguage":"en-US"},{"@type":"Organization","@id":"https:\/\/amina.is\/#organization","name":"Amina","url":"https:\/\/amina.is\/","logo":{"@type":"ImageObject","inLanguage":"en-US","@id":"https:\/\/amina.is\/#\/schema\/logo\/image\/","url":"https:\/\/amina.is\/wp-content\/uploads\/2021\/09\/logo.png","contentUrl":"https:\/\/amina.is\/wp-content\/uploads\/2021\/09\/logo.png","width":1790,"height":464,"caption":"Amina"},"image":{"@id":"https:\/\/amina.is\/#\/schema\/logo\/image\/"},"sameAs":["https:\/\/m.facebook.com\/AMINA-100767148840241\/","https:\/\/www.instagram.com\/aminaverslun\/"]}]}},"_links":{"self":[{"href":"https:\/\/amina.is\/en\/wp-json\/wp\/v2\/product\/11184","targetHints":{"allow":["GET"]}}],"collection":[{"href":"https:\/\/amina.is\/en\/wp-json\/wp\/v2\/product"}],"about":[{"href":"https:\/\/amina.is\/en\/wp-json\/wp\/v2\/types\/product"}],"version-history":[{"count":1,"href":"https:\/\/amina.is\/en\/wp-json\/wp\/v2\/product\/11184\/revisions"}],"predecessor-version":[{"id":11188,"href":"https:\/\/amina.is\/en\/wp-json\/wp\/v2\/product\/11184\/revisions\/11188"}],"wp:featuredmedia":[{"embeddable":true,"href":"https:\/\/amina.is\/en\/wp-json\/wp\/v2\/media\/11189"}],"wp:attachment":[{"href":"https:\/\/amina.is\/en\/wp-json\/wp\/v2\/media?parent=11184"}],"wp:term":[{"taxonomy":"product_brand","embeddable":true,"href":"https:\/\/amina.is\/en\/wp-json\/wp\/v2\/product_brand?post=11184"},{"taxonomy":"product_cat","embeddable":true,"href":"https:\/\/amina.is\/en\/wp-json\/wp\/v2\/product_cat?post=11184"},{"taxonomy":"product_tag","embeddable":true,"href":"https:\/\/amina.is\/en\/wp-json\/wp\/v2\/product_tag?post=11184"}],"curies":[{"name":"wp","href":"https:\/\/api.w.org\/{rel}","templated":true}]}}