{"id":11171,"date":"2023-02-13T00:41:53","date_gmt":"2023-02-13T00:41:53","guid":{"rendered":"https:\/\/amina.is\/?post_type=product&#038;p=11171"},"modified":"2025-08-05T23:49:43","modified_gmt":"2025-08-05T23:49:43","slug":"tom-of-finland-textured-girth-enhancer","status":"publish","type":"product","link":"https:\/\/amina.is\/en\/verslun\/typpid\/hulstur\/tom-of-finland-textured-girth-enhancer\/","title":{"rendered":"Tom of Finland &#8211; Textured Girth Enhancer"},"content":{"rendered":"<h5>B\u00e6ttu vi\u00f0 leng og \u00feykkt me\u00f0 \u00feessu rifla\u00f0a hulstri fr\u00e1 Tom of Finland. \u00dea\u00f0 er extra gat fyrir punginn sem heldur hulstrinu \u00e1 s\u00ednum sta\u00f0 \u00ed leik. \u00dea\u00f0 m\u00e1 nota b\u00e6\u00f0i <a href=\"https:\/\/amina.is\/en\/verslun\/fyrir-tha\/tom-of-finland\/tom-of-finland-water-based-lube-8-oz\/\">vatnsleysanleg sleipiefni<\/a> og <a href=\"https:\/\/amina.is\/en\/verslun\/fyrir-tha\/tom-of-finland\/tom-of-finland-silicone-based-lube-8-oz\/\">s\u00edlikon sleipiefni<\/a> me\u00f0 \u00feessari v\u00f6ru. \u00devoi\u00f0 eftir notkun me\u00f0 volgu vatni og mildri s\u00e1pu.<\/h5>\n<h5>Lengd: 19cm. Innra \u00feverm\u00e1l 3,8cm. (Teygist meira) Op fyrir pung: 1,3cm. (Teygist meira) Efni: TPR.<\/h5>\n<p>&nbsp;<\/p>","protected":false},"excerpt":{"rendered":"<p>B\u00e6ttu vi\u00f0 leng og \u00feykkt me\u00f0 \u00feessu rifla\u00f0a hulstri fr\u00e1 Tom of Finland.<\/p>","protected":false},"featured_media":11172,"template":"","meta":{"inline_featured_image":false},"product_brand":[],"product_cat":[41,43,879,899,895,345,45],"product_tag":[70,798,373,298],"class_list":{"0":"post-11171","1":"product","2":"type-product","3":"status-publish","4":"has-post-thumbnail","6":"product_cat-fyrir-tha","7":"product_cat-fyrir-thau","8":"product_cat-hulstur","9":"product_cat-notaahann","10":"product_cat-samanh","11":"product_cat-tom-of-finland","12":"product_cat-typpid","13":"product_tag-sleeve","14":"product_tag-staekkun","15":"product_tag-tom-of-finland","16":"product_tag-typpid","18":"first","19":"instock","20":"shipping-taxable","21":"purchasable","22":"product-type-simple"},"yoast_head":"<!-- This site is optimized with the Yoast SEO Premium plugin v21.6 (Yoast SEO v27.4) - https:\/\/yoast.com\/product\/yoast-seo-premium-wordpress\/ -->\n<title>Tom of Finland - Textured Girth Enhancer &#8211; Amina<\/title>\n<meta name=\"description\" content=\"B\u00e6ttu vi\u00f0 leng og \u00feykkt me\u00f0 \u00feessu rifla\u00f0a hulstri fr\u00e1 Tom of Finland.\" \/>\n<meta name=\"robots\" content=\"index, follow, max-snippet:-1, max-image-preview:large, max-video-preview:-1\" \/>\n<link rel=\"canonical\" href=\"https:\/\/amina.is\/en\/verslun\/typpid\/hulstur\/tom-of-finland-textured-girth-enhancer\/\" \/>\n<meta property=\"og:locale\" content=\"en_US\" \/>\n<meta property=\"og:type\" content=\"article\" \/>\n<meta property=\"og:title\" content=\"Tom of Finland - Textured Girth Enhancer\" \/>\n<meta property=\"og:description\" content=\"B\u00e6ttu vi\u00f0 leng og \u00feykkt me\u00f0 \u00feessu rifla\u00f0a hulstri fr\u00e1 Tom of Finland.\" \/>\n<meta property=\"og:url\" content=\"https:\/\/amina.is\/en\/verslun\/typpid\/hulstur\/tom-of-finland-textured-girth-enhancer\/\" \/>\n<meta property=\"og:site_name\" content=\"Amina\" \/>\n<meta property=\"article:publisher\" content=\"https:\/\/m.facebook.com\/AMINA-100767148840241\/\" \/>\n<meta property=\"article:modified_time\" content=\"2025-08-05T23:49:43+00:00\" \/>\n<meta property=\"og:image\" content=\"https:\/\/amina.is\/wp-content\/uploads\/2023\/02\/tf3157-a-2400_540x540.jpg\" \/>\n\t<meta property=\"og:image:width\" content=\"540\" \/>\n\t<meta property=\"og:image:height\" content=\"540\" \/>\n\t<meta property=\"og:image:type\" content=\"image\/jpeg\" \/>\n<meta name=\"twitter:card\" content=\"summary_large_image\" \/>\n<meta name=\"twitter:label1\" content=\"Est. reading time\" \/>\n\t<meta name=\"twitter:data1\" content=\"1 minute\" \/>\n<script type=\"application\/ld+json\" class=\"yoast-schema-graph\">{\"@context\":\"https:\\\/\\\/schema.org\",\"@graph\":[{\"@type\":\"WebPage\",\"@id\":\"https:\\\/\\\/amina.is\\\/verslun\\\/typpid\\\/hulstur\\\/tom-of-finland-textured-girth-enhancer\\\/\",\"url\":\"https:\\\/\\\/amina.is\\\/verslun\\\/typpid\\\/hulstur\\\/tom-of-finland-textured-girth-enhancer\\\/\",\"name\":\"Tom of Finland - Textured Girth Enhancer &#8211; Amina\",\"isPartOf\":{\"@id\":\"https:\\\/\\\/amina.is\\\/#website\"},\"primaryImageOfPage\":{\"@id\":\"https:\\\/\\\/amina.is\\\/verslun\\\/typpid\\\/hulstur\\\/tom-of-finland-textured-girth-enhancer\\\/#primaryimage\"},\"image\":{\"@id\":\"https:\\\/\\\/amina.is\\\/verslun\\\/typpid\\\/hulstur\\\/tom-of-finland-textured-girth-enhancer\\\/#primaryimage\"},\"thumbnailUrl\":\"https:\\\/\\\/amina.is\\\/wp-content\\\/uploads\\\/2023\\\/02\\\/tf3157-a-2400_540x540.jpg\",\"datePublished\":\"2023-02-13T00:41:53+00:00\",\"dateModified\":\"2025-08-05T23:49:43+00:00\",\"description\":\"B\u00e6ttu vi\u00f0 leng og \u00feykkt me\u00f0 \u00feessu rifla\u00f0a hulstri fr\u00e1 Tom of Finland.\",\"breadcrumb\":{\"@id\":\"https:\\\/\\\/amina.is\\\/verslun\\\/typpid\\\/hulstur\\\/tom-of-finland-textured-girth-enhancer\\\/#breadcrumb\"},\"inLanguage\":\"en-US\",\"potentialAction\":[{\"@type\":\"ReadAction\",\"target\":[\"https:\\\/\\\/amina.is\\\/verslun\\\/typpid\\\/hulstur\\\/tom-of-finland-textured-girth-enhancer\\\/\"]}]},{\"@type\":\"ImageObject\",\"inLanguage\":\"en-US\",\"@id\":\"https:\\\/\\\/amina.is\\\/verslun\\\/typpid\\\/hulstur\\\/tom-of-finland-textured-girth-enhancer\\\/#primaryimage\",\"url\":\"https:\\\/\\\/amina.is\\\/wp-content\\\/uploads\\\/2023\\\/02\\\/tf3157-a-2400_540x540.jpg\",\"contentUrl\":\"https:\\\/\\\/amina.is\\\/wp-content\\\/uploads\\\/2023\\\/02\\\/tf3157-a-2400_540x540.jpg\",\"width\":540,\"height\":540},{\"@type\":\"BreadcrumbList\",\"@id\":\"https:\\\/\\\/amina.is\\\/verslun\\\/typpid\\\/hulstur\\\/tom-of-finland-textured-girth-enhancer\\\/#breadcrumb\",\"itemListElement\":[{\"@type\":\"ListItem\",\"position\":1,\"name\":\"Home\",\"item\":\"https:\\\/\\\/amina.is\\\/\"},{\"@type\":\"ListItem\",\"position\":2,\"name\":\"Verslun\",\"item\":\"https:\\\/\\\/amina.is\\\/verslun\\\/\"},{\"@type\":\"ListItem\",\"position\":3,\"name\":\"Tom of Finland &#8211; Textured Girth Enhancer\"}]},{\"@type\":\"WebSite\",\"@id\":\"https:\\\/\\\/amina.is\\\/#website\",\"url\":\"https:\\\/\\\/amina.is\\\/\",\"name\":\"Amina\",\"description\":\"Feeling is everything - Una\u00f0sv\u00f6rur fyrir alla\",\"publisher\":{\"@id\":\"https:\\\/\\\/amina.is\\\/#organization\"},\"potentialAction\":[{\"@type\":\"SearchAction\",\"target\":{\"@type\":\"EntryPoint\",\"urlTemplate\":\"https:\\\/\\\/amina.is\\\/?s={search_term_string}\"},\"query-input\":{\"@type\":\"PropertyValueSpecification\",\"valueRequired\":true,\"valueName\":\"search_term_string\"}}],\"inLanguage\":\"en-US\"},{\"@type\":\"Organization\",\"@id\":\"https:\\\/\\\/amina.is\\\/#organization\",\"name\":\"Amina\",\"url\":\"https:\\\/\\\/amina.is\\\/\",\"logo\":{\"@type\":\"ImageObject\",\"inLanguage\":\"en-US\",\"@id\":\"https:\\\/\\\/amina.is\\\/#\\\/schema\\\/logo\\\/image\\\/\",\"url\":\"https:\\\/\\\/amina.is\\\/wp-content\\\/uploads\\\/2021\\\/09\\\/logo.png\",\"contentUrl\":\"https:\\\/\\\/amina.is\\\/wp-content\\\/uploads\\\/2021\\\/09\\\/logo.png\",\"width\":1790,\"height\":464,\"caption\":\"Amina\"},\"image\":{\"@id\":\"https:\\\/\\\/amina.is\\\/#\\\/schema\\\/logo\\\/image\\\/\"},\"sameAs\":[\"https:\\\/\\\/m.facebook.com\\\/AMINA-100767148840241\\\/\",\"https:\\\/\\\/www.instagram.com\\\/aminaverslun\\\/\"]}]}<\/script>\n<!-- \/ Yoast SEO Premium plugin. -->","yoast_head_json":{"title":"Tom of Finland - Textured Girth Enhancer &#8211; Amina","description":"B\u00e6ttu vi\u00f0 leng og \u00feykkt me\u00f0 \u00feessu rifla\u00f0a hulstri fr\u00e1 Tom of Finland.","robots":{"index":"index","follow":"follow","max-snippet":"max-snippet:-1","max-image-preview":"max-image-preview:large","max-video-preview":"max-video-preview:-1"},"canonical":"https:\/\/amina.is\/en\/verslun\/typpid\/hulstur\/tom-of-finland-textured-girth-enhancer\/","og_locale":"en_US","og_type":"article","og_title":"Tom of Finland - Textured Girth Enhancer","og_description":"B\u00e6ttu vi\u00f0 leng og \u00feykkt me\u00f0 \u00feessu rifla\u00f0a hulstri fr\u00e1 Tom of Finland.","og_url":"https:\/\/amina.is\/en\/verslun\/typpid\/hulstur\/tom-of-finland-textured-girth-enhancer\/","og_site_name":"Amina","article_publisher":"https:\/\/m.facebook.com\/AMINA-100767148840241\/","article_modified_time":"2025-08-05T23:49:43+00:00","og_image":[{"width":540,"height":540,"url":"https:\/\/amina.is\/wp-content\/uploads\/2023\/02\/tf3157-a-2400_540x540.jpg","type":"image\/jpeg"}],"twitter_card":"summary_large_image","twitter_misc":{"Est. reading time":"1 minute"},"schema":{"@context":"https:\/\/schema.org","@graph":[{"@type":"WebPage","@id":"https:\/\/amina.is\/verslun\/typpid\/hulstur\/tom-of-finland-textured-girth-enhancer\/","url":"https:\/\/amina.is\/verslun\/typpid\/hulstur\/tom-of-finland-textured-girth-enhancer\/","name":"Tom of Finland - Textured Girth Enhancer &#8211; Amina","isPartOf":{"@id":"https:\/\/amina.is\/#website"},"primaryImageOfPage":{"@id":"https:\/\/amina.is\/verslun\/typpid\/hulstur\/tom-of-finland-textured-girth-enhancer\/#primaryimage"},"image":{"@id":"https:\/\/amina.is\/verslun\/typpid\/hulstur\/tom-of-finland-textured-girth-enhancer\/#primaryimage"},"thumbnailUrl":"https:\/\/amina.is\/wp-content\/uploads\/2023\/02\/tf3157-a-2400_540x540.jpg","datePublished":"2023-02-13T00:41:53+00:00","dateModified":"2025-08-05T23:49:43+00:00","description":"B\u00e6ttu vi\u00f0 leng og \u00feykkt me\u00f0 \u00feessu rifla\u00f0a hulstri fr\u00e1 Tom of Finland.","breadcrumb":{"@id":"https:\/\/amina.is\/verslun\/typpid\/hulstur\/tom-of-finland-textured-girth-enhancer\/#breadcrumb"},"inLanguage":"en-US","potentialAction":[{"@type":"ReadAction","target":["https:\/\/amina.is\/verslun\/typpid\/hulstur\/tom-of-finland-textured-girth-enhancer\/"]}]},{"@type":"ImageObject","inLanguage":"en-US","@id":"https:\/\/amina.is\/verslun\/typpid\/hulstur\/tom-of-finland-textured-girth-enhancer\/#primaryimage","url":"https:\/\/amina.is\/wp-content\/uploads\/2023\/02\/tf3157-a-2400_540x540.jpg","contentUrl":"https:\/\/amina.is\/wp-content\/uploads\/2023\/02\/tf3157-a-2400_540x540.jpg","width":540,"height":540},{"@type":"BreadcrumbList","@id":"https:\/\/amina.is\/verslun\/typpid\/hulstur\/tom-of-finland-textured-girth-enhancer\/#breadcrumb","itemListElement":[{"@type":"ListItem","position":1,"name":"Home","item":"https:\/\/amina.is\/"},{"@type":"ListItem","position":2,"name":"Verslun","item":"https:\/\/amina.is\/verslun\/"},{"@type":"ListItem","position":3,"name":"Tom of Finland &#8211; Textured Girth Enhancer"}]},{"@type":"WebSite","@id":"https:\/\/amina.is\/#website","url":"https:\/\/amina.is\/","name":"Amina","description":"Feeling is everything - Una\u00f0sv\u00f6rur fyrir alla","publisher":{"@id":"https:\/\/amina.is\/#organization"},"potentialAction":[{"@type":"SearchAction","target":{"@type":"EntryPoint","urlTemplate":"https:\/\/amina.is\/?s={search_term_string}"},"query-input":{"@type":"PropertyValueSpecification","valueRequired":true,"valueName":"search_term_string"}}],"inLanguage":"en-US"},{"@type":"Organization","@id":"https:\/\/amina.is\/#organization","name":"Amina","url":"https:\/\/amina.is\/","logo":{"@type":"ImageObject","inLanguage":"en-US","@id":"https:\/\/amina.is\/#\/schema\/logo\/image\/","url":"https:\/\/amina.is\/wp-content\/uploads\/2021\/09\/logo.png","contentUrl":"https:\/\/amina.is\/wp-content\/uploads\/2021\/09\/logo.png","width":1790,"height":464,"caption":"Amina"},"image":{"@id":"https:\/\/amina.is\/#\/schema\/logo\/image\/"},"sameAs":["https:\/\/m.facebook.com\/AMINA-100767148840241\/","https:\/\/www.instagram.com\/aminaverslun\/"]}]}},"_links":{"self":[{"href":"https:\/\/amina.is\/en\/wp-json\/wp\/v2\/product\/11171","targetHints":{"allow":["GET"]}}],"collection":[{"href":"https:\/\/amina.is\/en\/wp-json\/wp\/v2\/product"}],"about":[{"href":"https:\/\/amina.is\/en\/wp-json\/wp\/v2\/types\/product"}],"version-history":[{"count":2,"href":"https:\/\/amina.is\/en\/wp-json\/wp\/v2\/product\/11171\/revisions"}],"predecessor-version":[{"id":11178,"href":"https:\/\/amina.is\/en\/wp-json\/wp\/v2\/product\/11171\/revisions\/11178"}],"wp:featuredmedia":[{"embeddable":true,"href":"https:\/\/amina.is\/en\/wp-json\/wp\/v2\/media\/11172"}],"wp:attachment":[{"href":"https:\/\/amina.is\/en\/wp-json\/wp\/v2\/media?parent=11171"}],"wp:term":[{"taxonomy":"product_brand","embeddable":true,"href":"https:\/\/amina.is\/en\/wp-json\/wp\/v2\/product_brand?post=11171"},{"taxonomy":"product_cat","embeddable":true,"href":"https:\/\/amina.is\/en\/wp-json\/wp\/v2\/product_cat?post=11171"},{"taxonomy":"product_tag","embeddable":true,"href":"https:\/\/amina.is\/en\/wp-json\/wp\/v2\/product_tag?post=11171"}],"curies":[{"name":"wp","href":"https:\/\/api.w.org\/{rel}","templated":true}]}}