{"id":11163,"date":"2023-02-13T00:10:34","date_gmt":"2023-02-13T00:10:34","guid":{"rendered":"https:\/\/amina.is\/?post_type=product&#038;p=11163"},"modified":"2023-03-02T19:11:41","modified_gmt":"2023-03-02T19:11:41","slug":"tom-of-finland-locking-chain-cuffs","status":"publish","type":"product","link":"https:\/\/amina.is\/en\/verslun\/fyrir-thau\/samanth\/tom-of-finland-locking-chain-cuffs\/","title":{"rendered":"Tom of Finland &#8211; Locking Chain Cuffs"},"content":{"rendered":"<h5>Tom of Finland hand e\u00f0a f\u00f3taj\u00e1rn. Tom of Finland l\u00e1s fylgir. \u00de\u00fa stj\u00f3rnar hversu \u00fer\u00f6ng \u00feau eru me\u00f0 \u00fev\u00ed a\u00f0 toga ke\u00f0juna \u00ed gegnum mi\u00f0juhringinn.<\/h5>\n<h5>Lengd ke\u00f0ju: 51cm. Breidd ke\u00f0ju: 1,9cm. Efni: J\u00e1rn.<\/h5>","protected":false},"excerpt":{"rendered":"<p>Tom of Finland hand e\u00f0a f\u00f3taj\u00e1rn. Tom of Finland l\u00e1s fylgir. \u00de\u00fa stj\u00f3rnar hversu \u00fer\u00f6ng \u00feau eru me\u00f0 \u00fev\u00ed a\u00f0 toga ke\u00f0juna \u00ed gegnum mi\u00f0juhringinn.<\/p>","protected":false},"featured_media":11164,"template":"","meta":{"inline_featured_image":false},"product_brand":[],"product_cat":[36,41,43,914,898,345],"product_tag":[86,324,749,472,735,837,836,835,373],"class_list":{"0":"post-11163","1":"product","2":"type-product","3":"status-publish","4":"has-post-thumbnail","6":"product_cat-blaeti","7":"product_cat-fyrir-tha","8":"product_cat-fyrir-thau","9":"product_cat-handjarnofl","10":"product_cat-samanth","11":"product_cat-tom-of-finland","12":"product_tag-bdsm","13":"product_tag-blaeti","14":"product_tag-chain","15":"product_tag-cuffs","16":"product_tag-handjarn","17":"product_tag-kedja","18":"product_tag-las","19":"product_tag-lock","20":"product_tag-tom-of-finland","22":"first","23":"instock","24":"shipping-taxable","25":"purchasable","26":"product-type-simple"},"yoast_head":"<!-- This site is optimized with the Yoast SEO Premium plugin v21.6 (Yoast SEO v27.3) - https:\/\/yoast.com\/product\/yoast-seo-premium-wordpress\/ -->\n<title>Tom of Finland - Locking Chain Cuffs &#8211; Amina<\/title>\n<meta name=\"description\" content=\"Tom of Finland hand e\u00f0a f\u00f3taj\u00e1rn. Tom of Finland l\u00e1s fylgir. \u00de\u00fa stj\u00f3rnar hversu \u00fer\u00f6ng \u00feau eru me\u00f0 \u00fev\u00ed a\u00f0 toga ke\u00f0juna \u00ed gegnum mi\u00f0juhringinn.\" \/>\n<meta name=\"robots\" content=\"index, follow, max-snippet:-1, max-image-preview:large, max-video-preview:-1\" \/>\n<link rel=\"canonical\" href=\"https:\/\/amina.is\/en\/verslun\/fyrir-thau\/samanth\/tom-of-finland-locking-chain-cuffs\/\" \/>\n<meta property=\"og:locale\" content=\"en_US\" \/>\n<meta property=\"og:type\" content=\"article\" \/>\n<meta property=\"og:title\" content=\"Tom of Finland - Locking Chain Cuffs\" \/>\n<meta property=\"og:description\" content=\"Tom of Finland hand e\u00f0a f\u00f3taj\u00e1rn. Tom of Finland l\u00e1s fylgir. \u00de\u00fa stj\u00f3rnar hversu \u00fer\u00f6ng \u00feau eru me\u00f0 \u00fev\u00ed a\u00f0 toga ke\u00f0juna \u00ed gegnum mi\u00f0juhringinn.\" \/>\n<meta property=\"og:url\" content=\"https:\/\/amina.is\/en\/verslun\/fyrir-thau\/samanth\/tom-of-finland-locking-chain-cuffs\/\" \/>\n<meta property=\"og:site_name\" content=\"Amina\" \/>\n<meta property=\"article:publisher\" content=\"https:\/\/m.facebook.com\/AMINA-100767148840241\/\" \/>\n<meta property=\"article:modified_time\" content=\"2023-03-02T19:11:41+00:00\" \/>\n<meta property=\"og:image\" content=\"https:\/\/amina.is\/wp-content\/uploads\/2023\/02\/tf2354-bulk_540x540.jpg\" \/>\n\t<meta property=\"og:image:width\" content=\"540\" \/>\n\t<meta property=\"og:image:height\" content=\"540\" \/>\n\t<meta property=\"og:image:type\" content=\"image\/jpeg\" \/>\n<meta name=\"twitter:card\" content=\"summary_large_image\" \/>\n<meta name=\"twitter:label1\" content=\"Est. reading time\" \/>\n\t<meta name=\"twitter:data1\" content=\"1 minute\" \/>\n<script type=\"application\/ld+json\" class=\"yoast-schema-graph\">{\"@context\":\"https:\\\/\\\/schema.org\",\"@graph\":[{\"@type\":\"WebPage\",\"@id\":\"https:\\\/\\\/amina.is\\\/verslun\\\/fyrir-thau\\\/samanth\\\/tom-of-finland-locking-chain-cuffs\\\/\",\"url\":\"https:\\\/\\\/amina.is\\\/verslun\\\/fyrir-thau\\\/samanth\\\/tom-of-finland-locking-chain-cuffs\\\/\",\"name\":\"Tom of Finland - Locking Chain Cuffs &#8211; Amina\",\"isPartOf\":{\"@id\":\"https:\\\/\\\/amina.is\\\/#website\"},\"primaryImageOfPage\":{\"@id\":\"https:\\\/\\\/amina.is\\\/verslun\\\/fyrir-thau\\\/samanth\\\/tom-of-finland-locking-chain-cuffs\\\/#primaryimage\"},\"image\":{\"@id\":\"https:\\\/\\\/amina.is\\\/verslun\\\/fyrir-thau\\\/samanth\\\/tom-of-finland-locking-chain-cuffs\\\/#primaryimage\"},\"thumbnailUrl\":\"https:\\\/\\\/amina.is\\\/wp-content\\\/uploads\\\/2023\\\/02\\\/tf2354-bulk_540x540.jpg\",\"datePublished\":\"2023-02-13T00:10:34+00:00\",\"dateModified\":\"2023-03-02T19:11:41+00:00\",\"description\":\"Tom of Finland hand e\u00f0a f\u00f3taj\u00e1rn. Tom of Finland l\u00e1s fylgir. \u00de\u00fa stj\u00f3rnar hversu \u00fer\u00f6ng \u00feau eru me\u00f0 \u00fev\u00ed a\u00f0 toga ke\u00f0juna \u00ed gegnum mi\u00f0juhringinn.\",\"breadcrumb\":{\"@id\":\"https:\\\/\\\/amina.is\\\/verslun\\\/fyrir-thau\\\/samanth\\\/tom-of-finland-locking-chain-cuffs\\\/#breadcrumb\"},\"inLanguage\":\"en-US\",\"potentialAction\":[{\"@type\":\"ReadAction\",\"target\":[\"https:\\\/\\\/amina.is\\\/verslun\\\/fyrir-thau\\\/samanth\\\/tom-of-finland-locking-chain-cuffs\\\/\"]}]},{\"@type\":\"ImageObject\",\"inLanguage\":\"en-US\",\"@id\":\"https:\\\/\\\/amina.is\\\/verslun\\\/fyrir-thau\\\/samanth\\\/tom-of-finland-locking-chain-cuffs\\\/#primaryimage\",\"url\":\"https:\\\/\\\/amina.is\\\/wp-content\\\/uploads\\\/2023\\\/02\\\/tf2354-bulk_540x540.jpg\",\"contentUrl\":\"https:\\\/\\\/amina.is\\\/wp-content\\\/uploads\\\/2023\\\/02\\\/tf2354-bulk_540x540.jpg\",\"width\":540,\"height\":540},{\"@type\":\"BreadcrumbList\",\"@id\":\"https:\\\/\\\/amina.is\\\/verslun\\\/fyrir-thau\\\/samanth\\\/tom-of-finland-locking-chain-cuffs\\\/#breadcrumb\",\"itemListElement\":[{\"@type\":\"ListItem\",\"position\":1,\"name\":\"Home\",\"item\":\"https:\\\/\\\/amina.is\\\/\"},{\"@type\":\"ListItem\",\"position\":2,\"name\":\"Verslun\",\"item\":\"https:\\\/\\\/amina.is\\\/verslun\\\/\"},{\"@type\":\"ListItem\",\"position\":3,\"name\":\"Tom of Finland &#8211; Locking Chain Cuffs\"}]},{\"@type\":\"WebSite\",\"@id\":\"https:\\\/\\\/amina.is\\\/#website\",\"url\":\"https:\\\/\\\/amina.is\\\/\",\"name\":\"Amina\",\"description\":\"Feeling is everything - Una\u00f0sv\u00f6rur fyrir alla\",\"publisher\":{\"@id\":\"https:\\\/\\\/amina.is\\\/#organization\"},\"potentialAction\":[{\"@type\":\"SearchAction\",\"target\":{\"@type\":\"EntryPoint\",\"urlTemplate\":\"https:\\\/\\\/amina.is\\\/?s={search_term_string}\"},\"query-input\":{\"@type\":\"PropertyValueSpecification\",\"valueRequired\":true,\"valueName\":\"search_term_string\"}}],\"inLanguage\":\"en-US\"},{\"@type\":\"Organization\",\"@id\":\"https:\\\/\\\/amina.is\\\/#organization\",\"name\":\"Amina\",\"url\":\"https:\\\/\\\/amina.is\\\/\",\"logo\":{\"@type\":\"ImageObject\",\"inLanguage\":\"en-US\",\"@id\":\"https:\\\/\\\/amina.is\\\/#\\\/schema\\\/logo\\\/image\\\/\",\"url\":\"https:\\\/\\\/amina.is\\\/wp-content\\\/uploads\\\/2021\\\/09\\\/logo.png\",\"contentUrl\":\"https:\\\/\\\/amina.is\\\/wp-content\\\/uploads\\\/2021\\\/09\\\/logo.png\",\"width\":1790,\"height\":464,\"caption\":\"Amina\"},\"image\":{\"@id\":\"https:\\\/\\\/amina.is\\\/#\\\/schema\\\/logo\\\/image\\\/\"},\"sameAs\":[\"https:\\\/\\\/m.facebook.com\\\/AMINA-100767148840241\\\/\",\"https:\\\/\\\/www.instagram.com\\\/aminaverslun\\\/\"]}]}<\/script>\n<!-- \/ Yoast SEO Premium plugin. -->","yoast_head_json":{"title":"Tom of Finland - Locking Chain Cuffs &#8211; Amina","description":"Tom of Finland hand e\u00f0a f\u00f3taj\u00e1rn. Tom of Finland l\u00e1s fylgir. \u00de\u00fa stj\u00f3rnar hversu \u00fer\u00f6ng \u00feau eru me\u00f0 \u00fev\u00ed a\u00f0 toga ke\u00f0juna \u00ed gegnum mi\u00f0juhringinn.","robots":{"index":"index","follow":"follow","max-snippet":"max-snippet:-1","max-image-preview":"max-image-preview:large","max-video-preview":"max-video-preview:-1"},"canonical":"https:\/\/amina.is\/en\/verslun\/fyrir-thau\/samanth\/tom-of-finland-locking-chain-cuffs\/","og_locale":"en_US","og_type":"article","og_title":"Tom of Finland - Locking Chain Cuffs","og_description":"Tom of Finland hand e\u00f0a f\u00f3taj\u00e1rn. Tom of Finland l\u00e1s fylgir. \u00de\u00fa stj\u00f3rnar hversu \u00fer\u00f6ng \u00feau eru me\u00f0 \u00fev\u00ed a\u00f0 toga ke\u00f0juna \u00ed gegnum mi\u00f0juhringinn.","og_url":"https:\/\/amina.is\/en\/verslun\/fyrir-thau\/samanth\/tom-of-finland-locking-chain-cuffs\/","og_site_name":"Amina","article_publisher":"https:\/\/m.facebook.com\/AMINA-100767148840241\/","article_modified_time":"2023-03-02T19:11:41+00:00","og_image":[{"width":540,"height":540,"url":"https:\/\/amina.is\/wp-content\/uploads\/2023\/02\/tf2354-bulk_540x540.jpg","type":"image\/jpeg"}],"twitter_card":"summary_large_image","twitter_misc":{"Est. reading time":"1 minute"},"schema":{"@context":"https:\/\/schema.org","@graph":[{"@type":"WebPage","@id":"https:\/\/amina.is\/verslun\/fyrir-thau\/samanth\/tom-of-finland-locking-chain-cuffs\/","url":"https:\/\/amina.is\/verslun\/fyrir-thau\/samanth\/tom-of-finland-locking-chain-cuffs\/","name":"Tom of Finland - Locking Chain Cuffs &#8211; Amina","isPartOf":{"@id":"https:\/\/amina.is\/#website"},"primaryImageOfPage":{"@id":"https:\/\/amina.is\/verslun\/fyrir-thau\/samanth\/tom-of-finland-locking-chain-cuffs\/#primaryimage"},"image":{"@id":"https:\/\/amina.is\/verslun\/fyrir-thau\/samanth\/tom-of-finland-locking-chain-cuffs\/#primaryimage"},"thumbnailUrl":"https:\/\/amina.is\/wp-content\/uploads\/2023\/02\/tf2354-bulk_540x540.jpg","datePublished":"2023-02-13T00:10:34+00:00","dateModified":"2023-03-02T19:11:41+00:00","description":"Tom of Finland hand e\u00f0a f\u00f3taj\u00e1rn. Tom of Finland l\u00e1s fylgir. \u00de\u00fa stj\u00f3rnar hversu \u00fer\u00f6ng \u00feau eru me\u00f0 \u00fev\u00ed a\u00f0 toga ke\u00f0juna \u00ed gegnum mi\u00f0juhringinn.","breadcrumb":{"@id":"https:\/\/amina.is\/verslun\/fyrir-thau\/samanth\/tom-of-finland-locking-chain-cuffs\/#breadcrumb"},"inLanguage":"en-US","potentialAction":[{"@type":"ReadAction","target":["https:\/\/amina.is\/verslun\/fyrir-thau\/samanth\/tom-of-finland-locking-chain-cuffs\/"]}]},{"@type":"ImageObject","inLanguage":"en-US","@id":"https:\/\/amina.is\/verslun\/fyrir-thau\/samanth\/tom-of-finland-locking-chain-cuffs\/#primaryimage","url":"https:\/\/amina.is\/wp-content\/uploads\/2023\/02\/tf2354-bulk_540x540.jpg","contentUrl":"https:\/\/amina.is\/wp-content\/uploads\/2023\/02\/tf2354-bulk_540x540.jpg","width":540,"height":540},{"@type":"BreadcrumbList","@id":"https:\/\/amina.is\/verslun\/fyrir-thau\/samanth\/tom-of-finland-locking-chain-cuffs\/#breadcrumb","itemListElement":[{"@type":"ListItem","position":1,"name":"Home","item":"https:\/\/amina.is\/"},{"@type":"ListItem","position":2,"name":"Verslun","item":"https:\/\/amina.is\/verslun\/"},{"@type":"ListItem","position":3,"name":"Tom of Finland &#8211; Locking Chain Cuffs"}]},{"@type":"WebSite","@id":"https:\/\/amina.is\/#website","url":"https:\/\/amina.is\/","name":"Amina","description":"Feeling is everything - Una\u00f0sv\u00f6rur fyrir alla","publisher":{"@id":"https:\/\/amina.is\/#organization"},"potentialAction":[{"@type":"SearchAction","target":{"@type":"EntryPoint","urlTemplate":"https:\/\/amina.is\/?s={search_term_string}"},"query-input":{"@type":"PropertyValueSpecification","valueRequired":true,"valueName":"search_term_string"}}],"inLanguage":"en-US"},{"@type":"Organization","@id":"https:\/\/amina.is\/#organization","name":"Amina","url":"https:\/\/amina.is\/","logo":{"@type":"ImageObject","inLanguage":"en-US","@id":"https:\/\/amina.is\/#\/schema\/logo\/image\/","url":"https:\/\/amina.is\/wp-content\/uploads\/2021\/09\/logo.png","contentUrl":"https:\/\/amina.is\/wp-content\/uploads\/2021\/09\/logo.png","width":1790,"height":464,"caption":"Amina"},"image":{"@id":"https:\/\/amina.is\/#\/schema\/logo\/image\/"},"sameAs":["https:\/\/m.facebook.com\/AMINA-100767148840241\/","https:\/\/www.instagram.com\/aminaverslun\/"]}]}},"_links":{"self":[{"href":"https:\/\/amina.is\/en\/wp-json\/wp\/v2\/product\/11163","targetHints":{"allow":["GET"]}}],"collection":[{"href":"https:\/\/amina.is\/en\/wp-json\/wp\/v2\/product"}],"about":[{"href":"https:\/\/amina.is\/en\/wp-json\/wp\/v2\/types\/product"}],"version-history":[{"count":2,"href":"https:\/\/amina.is\/en\/wp-json\/wp\/v2\/product\/11163\/revisions"}],"predecessor-version":[{"id":11170,"href":"https:\/\/amina.is\/en\/wp-json\/wp\/v2\/product\/11163\/revisions\/11170"}],"wp:featuredmedia":[{"embeddable":true,"href":"https:\/\/amina.is\/en\/wp-json\/wp\/v2\/media\/11164"}],"wp:attachment":[{"href":"https:\/\/amina.is\/en\/wp-json\/wp\/v2\/media?parent=11163"}],"wp:term":[{"taxonomy":"product_brand","embeddable":true,"href":"https:\/\/amina.is\/en\/wp-json\/wp\/v2\/product_brand?post=11163"},{"taxonomy":"product_cat","embeddable":true,"href":"https:\/\/amina.is\/en\/wp-json\/wp\/v2\/product_cat?post=11163"},{"taxonomy":"product_tag","embeddable":true,"href":"https:\/\/amina.is\/en\/wp-json\/wp\/v2\/product_tag?post=11163"}],"curies":[{"name":"wp","href":"https:\/\/api.w.org\/{rel}","templated":true}]}}