{"id":11158,"date":"2023-02-12T23:57:14","date_gmt":"2023-02-12T23:57:14","guid":{"rendered":"https:\/\/amina.is\/?post_type=product&#038;p=11158"},"modified":"2023-03-02T19:17:12","modified_gmt":"2023-03-02T19:17:12","slug":"le-plume-feather-tickler","status":"publish","type":"product","link":"https:\/\/amina.is\/en\/verslun\/fatnadur\/dragg\/le-plume-feather-tickler\/","title":{"rendered":"Le Plume Feather Tickler"},"content":{"rendered":"<h5>Stundum er \u00fea\u00f0 einfalda best. Vi\u00f0 m\u00e6lum me\u00f0 a\u00f0 \u00fe\u00fa lesir <a href=\"https:\/\/amina.is\/en\/sensory-play-for-adults\/\">\u00feessa grein \u00e1 s\u00ed\u00f0unni hj\u00e1 okkur eftir Dr. Rachelle Elliott um &#8222;Sensory play&#8220;.<\/a> Vi\u00f0 m\u00e6lum me\u00f0 a\u00f0 nota <a href=\"https:\/\/amina.is\/en\/verslun\/fatnadur\/aukahlutir\/satin-blindfold\/\">augngr\u00edmu<\/a> me\u00f0 \u00feessari v\u00f6ru til \u00feess a\u00f0 auka \u00e1 virkni skynf\u00e6rana.<\/h5>\n<h5>Heildarlengd: 43,2cm. Efni: Fja\u00f0rir og plast.<\/h5>\n<p>&nbsp;<\/p>","protected":false},"excerpt":{"rendered":"<p>Stundum er \u00fea\u00f0 einfalda best.<\/p>","protected":false},"featured_media":11159,"template":"","meta":{"inline_featured_image":false},"product_brand":[],"product_cat":[508,36,338,196,41,42,43,915],"product_tag":[831,832,833,834],"class_list":{"0":"post-11158","1":"product","2":"type-product","3":"status-publish","4":"has-post-thumbnail","6":"product_cat-aukahlutir","7":"product_cat-blaeti","8":"product_cat-dragg","9":"product_cat-fatnadur","10":"product_cat-fyrir-tha","11":"product_cat-fyrir-thaer","12":"product_cat-fyrir-thau","13":"product_cat-sensoryplay","14":"product_tag-feathers","15":"product_tag-fjadrir","16":"product_tag-sensory-play","17":"product_tag-skynfaeri","19":"first","20":"instock","21":"shipping-taxable","22":"purchasable","23":"product-type-simple"},"yoast_head":"<!-- This site is optimized with the Yoast SEO Premium plugin v21.6 (Yoast SEO v27.4) - https:\/\/yoast.com\/product\/yoast-seo-premium-wordpress\/ -->\n<title>Le Plume Feather Tickler &#8211; Amina<\/title>\n<meta name=\"description\" content=\"Stundum er \u00fea\u00f0 einfalda best. Vi\u00f0 m\u00e6lum me\u00f0 a\u00f0 \u00fe\u00fa lesir \u00feessa grein \u00e1 s\u00ed\u00f0unni hj\u00e1 okkur eftir Dr. Rachelle Elliott um &quot;Sensory play&quot;. Vi\u00f0 m\u00e6lum me\u00f0 a\u00f0 nota augngr\u00edmu me\u00f0 \u00feessari v\u00f6ru til \u00feess a\u00f0 auka \u00e1 virkni skynf\u00e6rana.\" \/>\n<meta name=\"robots\" content=\"index, follow, max-snippet:-1, max-image-preview:large, max-video-preview:-1\" \/>\n<link rel=\"canonical\" href=\"https:\/\/amina.is\/en\/verslun\/fatnadur\/dragg\/le-plume-feather-tickler\/\" \/>\n<meta property=\"og:locale\" content=\"en_US\" \/>\n<meta property=\"og:type\" content=\"article\" \/>\n<meta property=\"og:title\" content=\"Le Plume Feather Tickler\" \/>\n<meta property=\"og:description\" content=\"Stundum er \u00fea\u00f0 einfalda best. Vi\u00f0 m\u00e6lum me\u00f0 a\u00f0 \u00fe\u00fa lesir \u00feessa grein \u00e1 s\u00ed\u00f0unni hj\u00e1 okkur eftir Dr. Rachelle Elliott um &quot;Sensory play&quot;. Vi\u00f0 m\u00e6lum me\u00f0 a\u00f0 nota augngr\u00edmu me\u00f0 \u00feessari v\u00f6ru til \u00feess a\u00f0 auka \u00e1 virkni skynf\u00e6rana.\" \/>\n<meta property=\"og:url\" content=\"https:\/\/amina.is\/en\/verslun\/fatnadur\/dragg\/le-plume-feather-tickler\/\" \/>\n<meta property=\"og:site_name\" content=\"Amina\" \/>\n<meta property=\"article:publisher\" content=\"https:\/\/m.facebook.com\/AMINA-100767148840241\/\" \/>\n<meta property=\"article:modified_time\" content=\"2023-03-02T19:17:12+00:00\" \/>\n<meta property=\"og:image\" content=\"https:\/\/amina.is\/wp-content\/uploads\/2023\/02\/ad362-black-bulk_2_540x540.jpg\" \/>\n\t<meta property=\"og:image:width\" content=\"540\" \/>\n\t<meta property=\"og:image:height\" content=\"540\" \/>\n\t<meta property=\"og:image:type\" content=\"image\/jpeg\" \/>\n<meta name=\"twitter:card\" content=\"summary_large_image\" \/>\n<meta name=\"twitter:label1\" content=\"Est. reading time\" \/>\n\t<meta name=\"twitter:data1\" content=\"1 minute\" \/>\n<script type=\"application\/ld+json\" class=\"yoast-schema-graph\">{\"@context\":\"https:\\\/\\\/schema.org\",\"@graph\":[{\"@type\":\"WebPage\",\"@id\":\"https:\\\/\\\/amina.is\\\/verslun\\\/fatnadur\\\/dragg\\\/le-plume-feather-tickler\\\/\",\"url\":\"https:\\\/\\\/amina.is\\\/verslun\\\/fatnadur\\\/dragg\\\/le-plume-feather-tickler\\\/\",\"name\":\"Le Plume Feather Tickler &#8211; Amina\",\"isPartOf\":{\"@id\":\"https:\\\/\\\/amina.is\\\/#website\"},\"primaryImageOfPage\":{\"@id\":\"https:\\\/\\\/amina.is\\\/verslun\\\/fatnadur\\\/dragg\\\/le-plume-feather-tickler\\\/#primaryimage\"},\"image\":{\"@id\":\"https:\\\/\\\/amina.is\\\/verslun\\\/fatnadur\\\/dragg\\\/le-plume-feather-tickler\\\/#primaryimage\"},\"thumbnailUrl\":\"https:\\\/\\\/amina.is\\\/wp-content\\\/uploads\\\/2023\\\/02\\\/ad362-black-bulk_2_540x540.jpg\",\"datePublished\":\"2023-02-12T23:57:14+00:00\",\"dateModified\":\"2023-03-02T19:17:12+00:00\",\"description\":\"Stundum er \u00fea\u00f0 einfalda best. Vi\u00f0 m\u00e6lum me\u00f0 a\u00f0 \u00fe\u00fa lesir \u00feessa grein \u00e1 s\u00ed\u00f0unni hj\u00e1 okkur eftir Dr. Rachelle Elliott um \\\"Sensory play\\\". Vi\u00f0 m\u00e6lum me\u00f0 a\u00f0 nota augngr\u00edmu me\u00f0 \u00feessari v\u00f6ru til \u00feess a\u00f0 auka \u00e1 virkni skynf\u00e6rana.\",\"breadcrumb\":{\"@id\":\"https:\\\/\\\/amina.is\\\/verslun\\\/fatnadur\\\/dragg\\\/le-plume-feather-tickler\\\/#breadcrumb\"},\"inLanguage\":\"en-US\",\"potentialAction\":[{\"@type\":\"ReadAction\",\"target\":[\"https:\\\/\\\/amina.is\\\/verslun\\\/fatnadur\\\/dragg\\\/le-plume-feather-tickler\\\/\"]}]},{\"@type\":\"ImageObject\",\"inLanguage\":\"en-US\",\"@id\":\"https:\\\/\\\/amina.is\\\/verslun\\\/fatnadur\\\/dragg\\\/le-plume-feather-tickler\\\/#primaryimage\",\"url\":\"https:\\\/\\\/amina.is\\\/wp-content\\\/uploads\\\/2023\\\/02\\\/ad362-black-bulk_2_540x540.jpg\",\"contentUrl\":\"https:\\\/\\\/amina.is\\\/wp-content\\\/uploads\\\/2023\\\/02\\\/ad362-black-bulk_2_540x540.jpg\",\"width\":540,\"height\":540},{\"@type\":\"BreadcrumbList\",\"@id\":\"https:\\\/\\\/amina.is\\\/verslun\\\/fatnadur\\\/dragg\\\/le-plume-feather-tickler\\\/#breadcrumb\",\"itemListElement\":[{\"@type\":\"ListItem\",\"position\":1,\"name\":\"Home\",\"item\":\"https:\\\/\\\/amina.is\\\/\"},{\"@type\":\"ListItem\",\"position\":2,\"name\":\"Verslun\",\"item\":\"https:\\\/\\\/amina.is\\\/verslun\\\/\"},{\"@type\":\"ListItem\",\"position\":3,\"name\":\"Le Plume Feather Tickler\"}]},{\"@type\":\"WebSite\",\"@id\":\"https:\\\/\\\/amina.is\\\/#website\",\"url\":\"https:\\\/\\\/amina.is\\\/\",\"name\":\"Amina\",\"description\":\"Feeling is everything - Una\u00f0sv\u00f6rur fyrir alla\",\"publisher\":{\"@id\":\"https:\\\/\\\/amina.is\\\/#organization\"},\"potentialAction\":[{\"@type\":\"SearchAction\",\"target\":{\"@type\":\"EntryPoint\",\"urlTemplate\":\"https:\\\/\\\/amina.is\\\/?s={search_term_string}\"},\"query-input\":{\"@type\":\"PropertyValueSpecification\",\"valueRequired\":true,\"valueName\":\"search_term_string\"}}],\"inLanguage\":\"en-US\"},{\"@type\":\"Organization\",\"@id\":\"https:\\\/\\\/amina.is\\\/#organization\",\"name\":\"Amina\",\"url\":\"https:\\\/\\\/amina.is\\\/\",\"logo\":{\"@type\":\"ImageObject\",\"inLanguage\":\"en-US\",\"@id\":\"https:\\\/\\\/amina.is\\\/#\\\/schema\\\/logo\\\/image\\\/\",\"url\":\"https:\\\/\\\/amina.is\\\/wp-content\\\/uploads\\\/2021\\\/09\\\/logo.png\",\"contentUrl\":\"https:\\\/\\\/amina.is\\\/wp-content\\\/uploads\\\/2021\\\/09\\\/logo.png\",\"width\":1790,\"height\":464,\"caption\":\"Amina\"},\"image\":{\"@id\":\"https:\\\/\\\/amina.is\\\/#\\\/schema\\\/logo\\\/image\\\/\"},\"sameAs\":[\"https:\\\/\\\/m.facebook.com\\\/AMINA-100767148840241\\\/\",\"https:\\\/\\\/www.instagram.com\\\/aminaverslun\\\/\"]}]}<\/script>\n<!-- \/ Yoast SEO Premium plugin. -->","yoast_head_json":{"title":"Le Plume Feather Tickler &#8211; Amina","description":"Stundum er \u00fea\u00f0 einfalda best. Vi\u00f0 m\u00e6lum me\u00f0 a\u00f0 \u00fe\u00fa lesir \u00feessa grein \u00e1 s\u00ed\u00f0unni hj\u00e1 okkur eftir Dr. Rachelle Elliott um \"Sensory play\". Vi\u00f0 m\u00e6lum me\u00f0 a\u00f0 nota augngr\u00edmu me\u00f0 \u00feessari v\u00f6ru til \u00feess a\u00f0 auka \u00e1 virkni skynf\u00e6rana.","robots":{"index":"index","follow":"follow","max-snippet":"max-snippet:-1","max-image-preview":"max-image-preview:large","max-video-preview":"max-video-preview:-1"},"canonical":"https:\/\/amina.is\/en\/verslun\/fatnadur\/dragg\/le-plume-feather-tickler\/","og_locale":"en_US","og_type":"article","og_title":"Le Plume Feather Tickler","og_description":"Stundum er \u00fea\u00f0 einfalda best. Vi\u00f0 m\u00e6lum me\u00f0 a\u00f0 \u00fe\u00fa lesir \u00feessa grein \u00e1 s\u00ed\u00f0unni hj\u00e1 okkur eftir Dr. Rachelle Elliott um \"Sensory play\". Vi\u00f0 m\u00e6lum me\u00f0 a\u00f0 nota augngr\u00edmu me\u00f0 \u00feessari v\u00f6ru til \u00feess a\u00f0 auka \u00e1 virkni skynf\u00e6rana.","og_url":"https:\/\/amina.is\/en\/verslun\/fatnadur\/dragg\/le-plume-feather-tickler\/","og_site_name":"Amina","article_publisher":"https:\/\/m.facebook.com\/AMINA-100767148840241\/","article_modified_time":"2023-03-02T19:17:12+00:00","og_image":[{"width":540,"height":540,"url":"https:\/\/amina.is\/wp-content\/uploads\/2023\/02\/ad362-black-bulk_2_540x540.jpg","type":"image\/jpeg"}],"twitter_card":"summary_large_image","twitter_misc":{"Est. reading time":"1 minute"},"schema":{"@context":"https:\/\/schema.org","@graph":[{"@type":"WebPage","@id":"https:\/\/amina.is\/verslun\/fatnadur\/dragg\/le-plume-feather-tickler\/","url":"https:\/\/amina.is\/verslun\/fatnadur\/dragg\/le-plume-feather-tickler\/","name":"Le Plume Feather Tickler &#8211; Amina","isPartOf":{"@id":"https:\/\/amina.is\/#website"},"primaryImageOfPage":{"@id":"https:\/\/amina.is\/verslun\/fatnadur\/dragg\/le-plume-feather-tickler\/#primaryimage"},"image":{"@id":"https:\/\/amina.is\/verslun\/fatnadur\/dragg\/le-plume-feather-tickler\/#primaryimage"},"thumbnailUrl":"https:\/\/amina.is\/wp-content\/uploads\/2023\/02\/ad362-black-bulk_2_540x540.jpg","datePublished":"2023-02-12T23:57:14+00:00","dateModified":"2023-03-02T19:17:12+00:00","description":"Stundum er \u00fea\u00f0 einfalda best. Vi\u00f0 m\u00e6lum me\u00f0 a\u00f0 \u00fe\u00fa lesir \u00feessa grein \u00e1 s\u00ed\u00f0unni hj\u00e1 okkur eftir Dr. Rachelle Elliott um \"Sensory play\". Vi\u00f0 m\u00e6lum me\u00f0 a\u00f0 nota augngr\u00edmu me\u00f0 \u00feessari v\u00f6ru til \u00feess a\u00f0 auka \u00e1 virkni skynf\u00e6rana.","breadcrumb":{"@id":"https:\/\/amina.is\/verslun\/fatnadur\/dragg\/le-plume-feather-tickler\/#breadcrumb"},"inLanguage":"en-US","potentialAction":[{"@type":"ReadAction","target":["https:\/\/amina.is\/verslun\/fatnadur\/dragg\/le-plume-feather-tickler\/"]}]},{"@type":"ImageObject","inLanguage":"en-US","@id":"https:\/\/amina.is\/verslun\/fatnadur\/dragg\/le-plume-feather-tickler\/#primaryimage","url":"https:\/\/amina.is\/wp-content\/uploads\/2023\/02\/ad362-black-bulk_2_540x540.jpg","contentUrl":"https:\/\/amina.is\/wp-content\/uploads\/2023\/02\/ad362-black-bulk_2_540x540.jpg","width":540,"height":540},{"@type":"BreadcrumbList","@id":"https:\/\/amina.is\/verslun\/fatnadur\/dragg\/le-plume-feather-tickler\/#breadcrumb","itemListElement":[{"@type":"ListItem","position":1,"name":"Home","item":"https:\/\/amina.is\/"},{"@type":"ListItem","position":2,"name":"Verslun","item":"https:\/\/amina.is\/verslun\/"},{"@type":"ListItem","position":3,"name":"Le Plume Feather Tickler"}]},{"@type":"WebSite","@id":"https:\/\/amina.is\/#website","url":"https:\/\/amina.is\/","name":"Amina","description":"Feeling is everything - Una\u00f0sv\u00f6rur fyrir alla","publisher":{"@id":"https:\/\/amina.is\/#organization"},"potentialAction":[{"@type":"SearchAction","target":{"@type":"EntryPoint","urlTemplate":"https:\/\/amina.is\/?s={search_term_string}"},"query-input":{"@type":"PropertyValueSpecification","valueRequired":true,"valueName":"search_term_string"}}],"inLanguage":"en-US"},{"@type":"Organization","@id":"https:\/\/amina.is\/#organization","name":"Amina","url":"https:\/\/amina.is\/","logo":{"@type":"ImageObject","inLanguage":"en-US","@id":"https:\/\/amina.is\/#\/schema\/logo\/image\/","url":"https:\/\/amina.is\/wp-content\/uploads\/2021\/09\/logo.png","contentUrl":"https:\/\/amina.is\/wp-content\/uploads\/2021\/09\/logo.png","width":1790,"height":464,"caption":"Amina"},"image":{"@id":"https:\/\/amina.is\/#\/schema\/logo\/image\/"},"sameAs":["https:\/\/m.facebook.com\/AMINA-100767148840241\/","https:\/\/www.instagram.com\/aminaverslun\/"]}]}},"_links":{"self":[{"href":"https:\/\/amina.is\/en\/wp-json\/wp\/v2\/product\/11158","targetHints":{"allow":["GET"]}}],"collection":[{"href":"https:\/\/amina.is\/en\/wp-json\/wp\/v2\/product"}],"about":[{"href":"https:\/\/amina.is\/en\/wp-json\/wp\/v2\/types\/product"}],"version-history":[{"count":1,"href":"https:\/\/amina.is\/en\/wp-json\/wp\/v2\/product\/11158\/revisions"}],"predecessor-version":[{"id":11162,"href":"https:\/\/amina.is\/en\/wp-json\/wp\/v2\/product\/11158\/revisions\/11162"}],"wp:featuredmedia":[{"embeddable":true,"href":"https:\/\/amina.is\/en\/wp-json\/wp\/v2\/media\/11159"}],"wp:attachment":[{"href":"https:\/\/amina.is\/en\/wp-json\/wp\/v2\/media?parent=11158"}],"wp:term":[{"taxonomy":"product_brand","embeddable":true,"href":"https:\/\/amina.is\/en\/wp-json\/wp\/v2\/product_brand?post=11158"},{"taxonomy":"product_cat","embeddable":true,"href":"https:\/\/amina.is\/en\/wp-json\/wp\/v2\/product_cat?post=11158"},{"taxonomy":"product_tag","embeddable":true,"href":"https:\/\/amina.is\/en\/wp-json\/wp\/v2\/product_tag?post=11158"}],"curies":[{"name":"wp","href":"https:\/\/api.w.org\/{rel}","templated":true}]}}