{"id":11148,"date":"2023-02-12T23:09:53","date_gmt":"2023-02-12T23:09:53","guid":{"rendered":"https:\/\/amina.is\/?post_type=product&#038;p=11148"},"modified":"2024-06-23T20:05:24","modified_gmt":"2024-06-23T20:05:24","slug":"mistress-wet-look-masturbator-jenna","status":"publish","type":"product","link":"https:\/\/amina.is\/en\/verslun\/typpid\/muffur\/mistress-wet-look-masturbator-jenna\/","title":{"rendered":"Mistress &#8211; Wet Look Masturbator Jenna"},"content":{"rendered":"<h5>BioSkin m\u00faffa sem er h\u00f6nnu\u00f0 til a\u00f0 l\u00edta \u00fat fyrir a\u00f0 vera blaut. H\u00fan \u00e1 a\u00f0 halda l\u00f6gun sinni og \u00fatliti \u00fer\u00e1tt fyrir mikla notkun. Mynstru\u00f0 a\u00f0 innan fyrir aukinn una\u00f0. Latex og phthalate fr\u00ed. Skoli\u00f0 eftir notkun me\u00f0 volgu vatni og s\u00f3tthreinsi\u00f0 me\u00f0 <a href=\"https:\/\/amina.is\/en\/verslun\/smur-verjur\/thrif\/anti-bacterial-toy-cleaner\/\">&#8222;Toy Cleaner&#8220;<\/a>. Notist a\u00f0eins me\u00f0 <a href=\"https:\/\/amina.is\/en\/verslun\/fyrir-tha\/passion-water-based-lubricant-118ml\/\">vatnsuppleysanlegum sleypiefnum.<\/a><\/h5>\n<h5>H\u00e6\u00f0: 11,4cm. Lengd: 21,6cm. Breidd: 11,4cm.<\/h5>","protected":false},"excerpt":{"rendered":"<p>BioSkin m\u00faffa sem er h\u00f6nnu\u00f0 til a\u00f0 l\u00edta \u00fat fyrir a\u00f0 vera blaut. H\u00fan \u00e1 a\u00f0 halda l\u00f6gun sinni og \u00fatliti \u00fer\u00e1tt fyrir mikla notkun.<\/p>","protected":false},"featured_media":11151,"template":"","meta":{"inline_featured_image":false},"product_brand":[],"product_cat":[877,45],"product_tag":[69,418,62,54,63,56],"class_list":{"0":"post-11148","1":"product","2":"type-product","3":"status-publish","4":"has-post-thumbnail","6":"product_cat-muffur","7":"product_cat-typpid","8":"product_tag-masturbation","9":"product_tag-masturbator","10":"product_tag-muffa","11":"product_tag-pika","12":"product_tag-sjalfsfroun","13":"product_tag-vagina","15":"first","16":"instock","17":"shipping-taxable","18":"purchasable","19":"product-type-simple"},"yoast_head":"<!-- This site is optimized with the Yoast SEO Premium plugin v21.6 (Yoast SEO v27.3) - https:\/\/yoast.com\/product\/yoast-seo-premium-wordpress\/ -->\n<title>Mistress - Wet Look Masturbator Jenna &#8211; Amina<\/title>\n<meta name=\"description\" content=\"BioSkin m\u00faffa sem er h\u00f6nnu\u00f0 til a\u00f0 l\u00edta \u00fat fyrir a\u00f0 vera blaut. H\u00fan \u00e1 a\u00f0 halda l\u00f6gun sinni og \u00fatliti \u00fer\u00e1tt fyrir mikla notkun.\" \/>\n<meta name=\"robots\" content=\"index, follow, max-snippet:-1, max-image-preview:large, max-video-preview:-1\" \/>\n<link rel=\"canonical\" href=\"https:\/\/amina.is\/en\/verslun\/typpid\/muffur\/mistress-wet-look-masturbator-jenna\/\" \/>\n<meta property=\"og:locale\" content=\"en_US\" \/>\n<meta property=\"og:type\" content=\"article\" \/>\n<meta property=\"og:title\" content=\"Mistress - Wet Look Masturbator Jenna\" \/>\n<meta property=\"og:description\" content=\"BioSkin m\u00faffa sem er h\u00f6nnu\u00f0 til a\u00f0 l\u00edta \u00fat fyrir a\u00f0 vera blaut. H\u00fan \u00e1 a\u00f0 halda l\u00f6gun sinni og \u00fatliti \u00fer\u00e1tt fyrir mikla notkun.\" \/>\n<meta property=\"og:url\" content=\"https:\/\/amina.is\/en\/verslun\/typpid\/muffur\/mistress-wet-look-masturbator-jenna\/\" \/>\n<meta property=\"og:site_name\" content=\"Amina\" \/>\n<meta property=\"article:publisher\" content=\"https:\/\/m.facebook.com\/AMINA-100767148840241\/\" \/>\n<meta property=\"article:modified_time\" content=\"2024-06-23T20:05:24+00:00\" \/>\n<meta property=\"og:image\" content=\"https:\/\/amina.is\/wp-content\/uploads\/2023\/02\/cn-07-0578-12-019_540x540.jpg\" \/>\n\t<meta property=\"og:image:width\" content=\"540\" \/>\n\t<meta property=\"og:image:height\" content=\"540\" \/>\n\t<meta property=\"og:image:type\" content=\"image\/jpeg\" \/>\n<meta name=\"twitter:card\" content=\"summary_large_image\" \/>\n<meta name=\"twitter:label1\" content=\"Est. reading time\" \/>\n\t<meta name=\"twitter:data1\" content=\"1 minute\" \/>\n<script type=\"application\/ld+json\" class=\"yoast-schema-graph\">{\"@context\":\"https:\\\/\\\/schema.org\",\"@graph\":[{\"@type\":\"WebPage\",\"@id\":\"https:\\\/\\\/amina.is\\\/verslun\\\/typpid\\\/muffur\\\/mistress-wet-look-masturbator-jenna\\\/\",\"url\":\"https:\\\/\\\/amina.is\\\/verslun\\\/typpid\\\/muffur\\\/mistress-wet-look-masturbator-jenna\\\/\",\"name\":\"Mistress - Wet Look Masturbator Jenna &#8211; Amina\",\"isPartOf\":{\"@id\":\"https:\\\/\\\/amina.is\\\/#website\"},\"primaryImageOfPage\":{\"@id\":\"https:\\\/\\\/amina.is\\\/verslun\\\/typpid\\\/muffur\\\/mistress-wet-look-masturbator-jenna\\\/#primaryimage\"},\"image\":{\"@id\":\"https:\\\/\\\/amina.is\\\/verslun\\\/typpid\\\/muffur\\\/mistress-wet-look-masturbator-jenna\\\/#primaryimage\"},\"thumbnailUrl\":\"https:\\\/\\\/amina.is\\\/wp-content\\\/uploads\\\/2023\\\/02\\\/cn-07-0578-12-019_540x540.jpg\",\"datePublished\":\"2023-02-12T23:09:53+00:00\",\"dateModified\":\"2024-06-23T20:05:24+00:00\",\"description\":\"BioSkin m\u00faffa sem er h\u00f6nnu\u00f0 til a\u00f0 l\u00edta \u00fat fyrir a\u00f0 vera blaut. H\u00fan \u00e1 a\u00f0 halda l\u00f6gun sinni og \u00fatliti \u00fer\u00e1tt fyrir mikla notkun.\",\"breadcrumb\":{\"@id\":\"https:\\\/\\\/amina.is\\\/verslun\\\/typpid\\\/muffur\\\/mistress-wet-look-masturbator-jenna\\\/#breadcrumb\"},\"inLanguage\":\"en-US\",\"potentialAction\":[{\"@type\":\"ReadAction\",\"target\":[\"https:\\\/\\\/amina.is\\\/verslun\\\/typpid\\\/muffur\\\/mistress-wet-look-masturbator-jenna\\\/\"]}]},{\"@type\":\"ImageObject\",\"inLanguage\":\"en-US\",\"@id\":\"https:\\\/\\\/amina.is\\\/verslun\\\/typpid\\\/muffur\\\/mistress-wet-look-masturbator-jenna\\\/#primaryimage\",\"url\":\"https:\\\/\\\/amina.is\\\/wp-content\\\/uploads\\\/2023\\\/02\\\/cn-07-0578-12-019_540x540.jpg\",\"contentUrl\":\"https:\\\/\\\/amina.is\\\/wp-content\\\/uploads\\\/2023\\\/02\\\/cn-07-0578-12-019_540x540.jpg\",\"width\":540,\"height\":540},{\"@type\":\"BreadcrumbList\",\"@id\":\"https:\\\/\\\/amina.is\\\/verslun\\\/typpid\\\/muffur\\\/mistress-wet-look-masturbator-jenna\\\/#breadcrumb\",\"itemListElement\":[{\"@type\":\"ListItem\",\"position\":1,\"name\":\"Home\",\"item\":\"https:\\\/\\\/amina.is\\\/\"},{\"@type\":\"ListItem\",\"position\":2,\"name\":\"Verslun\",\"item\":\"https:\\\/\\\/amina.is\\\/verslun\\\/\"},{\"@type\":\"ListItem\",\"position\":3,\"name\":\"Mistress &#8211; Wet Look Masturbator Jenna\"}]},{\"@type\":\"WebSite\",\"@id\":\"https:\\\/\\\/amina.is\\\/#website\",\"url\":\"https:\\\/\\\/amina.is\\\/\",\"name\":\"Amina\",\"description\":\"Feeling is everything - Una\u00f0sv\u00f6rur fyrir alla\",\"publisher\":{\"@id\":\"https:\\\/\\\/amina.is\\\/#organization\"},\"potentialAction\":[{\"@type\":\"SearchAction\",\"target\":{\"@type\":\"EntryPoint\",\"urlTemplate\":\"https:\\\/\\\/amina.is\\\/?s={search_term_string}\"},\"query-input\":{\"@type\":\"PropertyValueSpecification\",\"valueRequired\":true,\"valueName\":\"search_term_string\"}}],\"inLanguage\":\"en-US\"},{\"@type\":\"Organization\",\"@id\":\"https:\\\/\\\/amina.is\\\/#organization\",\"name\":\"Amina\",\"url\":\"https:\\\/\\\/amina.is\\\/\",\"logo\":{\"@type\":\"ImageObject\",\"inLanguage\":\"en-US\",\"@id\":\"https:\\\/\\\/amina.is\\\/#\\\/schema\\\/logo\\\/image\\\/\",\"url\":\"https:\\\/\\\/amina.is\\\/wp-content\\\/uploads\\\/2021\\\/09\\\/logo.png\",\"contentUrl\":\"https:\\\/\\\/amina.is\\\/wp-content\\\/uploads\\\/2021\\\/09\\\/logo.png\",\"width\":1790,\"height\":464,\"caption\":\"Amina\"},\"image\":{\"@id\":\"https:\\\/\\\/amina.is\\\/#\\\/schema\\\/logo\\\/image\\\/\"},\"sameAs\":[\"https:\\\/\\\/m.facebook.com\\\/AMINA-100767148840241\\\/\",\"https:\\\/\\\/www.instagram.com\\\/aminaverslun\\\/\"]}]}<\/script>\n<!-- \/ Yoast SEO Premium plugin. -->","yoast_head_json":{"title":"Mistress - Wet Look Masturbator Jenna &#8211; Amina","description":"BioSkin m\u00faffa sem er h\u00f6nnu\u00f0 til a\u00f0 l\u00edta \u00fat fyrir a\u00f0 vera blaut. H\u00fan \u00e1 a\u00f0 halda l\u00f6gun sinni og \u00fatliti \u00fer\u00e1tt fyrir mikla notkun.","robots":{"index":"index","follow":"follow","max-snippet":"max-snippet:-1","max-image-preview":"max-image-preview:large","max-video-preview":"max-video-preview:-1"},"canonical":"https:\/\/amina.is\/en\/verslun\/typpid\/muffur\/mistress-wet-look-masturbator-jenna\/","og_locale":"en_US","og_type":"article","og_title":"Mistress - Wet Look Masturbator Jenna","og_description":"BioSkin m\u00faffa sem er h\u00f6nnu\u00f0 til a\u00f0 l\u00edta \u00fat fyrir a\u00f0 vera blaut. H\u00fan \u00e1 a\u00f0 halda l\u00f6gun sinni og \u00fatliti \u00fer\u00e1tt fyrir mikla notkun.","og_url":"https:\/\/amina.is\/en\/verslun\/typpid\/muffur\/mistress-wet-look-masturbator-jenna\/","og_site_name":"Amina","article_publisher":"https:\/\/m.facebook.com\/AMINA-100767148840241\/","article_modified_time":"2024-06-23T20:05:24+00:00","og_image":[{"width":540,"height":540,"url":"https:\/\/amina.is\/wp-content\/uploads\/2023\/02\/cn-07-0578-12-019_540x540.jpg","type":"image\/jpeg"}],"twitter_card":"summary_large_image","twitter_misc":{"Est. reading time":"1 minute"},"schema":{"@context":"https:\/\/schema.org","@graph":[{"@type":"WebPage","@id":"https:\/\/amina.is\/verslun\/typpid\/muffur\/mistress-wet-look-masturbator-jenna\/","url":"https:\/\/amina.is\/verslun\/typpid\/muffur\/mistress-wet-look-masturbator-jenna\/","name":"Mistress - Wet Look Masturbator Jenna &#8211; Amina","isPartOf":{"@id":"https:\/\/amina.is\/#website"},"primaryImageOfPage":{"@id":"https:\/\/amina.is\/verslun\/typpid\/muffur\/mistress-wet-look-masturbator-jenna\/#primaryimage"},"image":{"@id":"https:\/\/amina.is\/verslun\/typpid\/muffur\/mistress-wet-look-masturbator-jenna\/#primaryimage"},"thumbnailUrl":"https:\/\/amina.is\/wp-content\/uploads\/2023\/02\/cn-07-0578-12-019_540x540.jpg","datePublished":"2023-02-12T23:09:53+00:00","dateModified":"2024-06-23T20:05:24+00:00","description":"BioSkin m\u00faffa sem er h\u00f6nnu\u00f0 til a\u00f0 l\u00edta \u00fat fyrir a\u00f0 vera blaut. H\u00fan \u00e1 a\u00f0 halda l\u00f6gun sinni og \u00fatliti \u00fer\u00e1tt fyrir mikla notkun.","breadcrumb":{"@id":"https:\/\/amina.is\/verslun\/typpid\/muffur\/mistress-wet-look-masturbator-jenna\/#breadcrumb"},"inLanguage":"en-US","potentialAction":[{"@type":"ReadAction","target":["https:\/\/amina.is\/verslun\/typpid\/muffur\/mistress-wet-look-masturbator-jenna\/"]}]},{"@type":"ImageObject","inLanguage":"en-US","@id":"https:\/\/amina.is\/verslun\/typpid\/muffur\/mistress-wet-look-masturbator-jenna\/#primaryimage","url":"https:\/\/amina.is\/wp-content\/uploads\/2023\/02\/cn-07-0578-12-019_540x540.jpg","contentUrl":"https:\/\/amina.is\/wp-content\/uploads\/2023\/02\/cn-07-0578-12-019_540x540.jpg","width":540,"height":540},{"@type":"BreadcrumbList","@id":"https:\/\/amina.is\/verslun\/typpid\/muffur\/mistress-wet-look-masturbator-jenna\/#breadcrumb","itemListElement":[{"@type":"ListItem","position":1,"name":"Home","item":"https:\/\/amina.is\/"},{"@type":"ListItem","position":2,"name":"Verslun","item":"https:\/\/amina.is\/verslun\/"},{"@type":"ListItem","position":3,"name":"Mistress &#8211; Wet Look Masturbator Jenna"}]},{"@type":"WebSite","@id":"https:\/\/amina.is\/#website","url":"https:\/\/amina.is\/","name":"Amina","description":"Feeling is everything - Una\u00f0sv\u00f6rur fyrir alla","publisher":{"@id":"https:\/\/amina.is\/#organization"},"potentialAction":[{"@type":"SearchAction","target":{"@type":"EntryPoint","urlTemplate":"https:\/\/amina.is\/?s={search_term_string}"},"query-input":{"@type":"PropertyValueSpecification","valueRequired":true,"valueName":"search_term_string"}}],"inLanguage":"en-US"},{"@type":"Organization","@id":"https:\/\/amina.is\/#organization","name":"Amina","url":"https:\/\/amina.is\/","logo":{"@type":"ImageObject","inLanguage":"en-US","@id":"https:\/\/amina.is\/#\/schema\/logo\/image\/","url":"https:\/\/amina.is\/wp-content\/uploads\/2021\/09\/logo.png","contentUrl":"https:\/\/amina.is\/wp-content\/uploads\/2021\/09\/logo.png","width":1790,"height":464,"caption":"Amina"},"image":{"@id":"https:\/\/amina.is\/#\/schema\/logo\/image\/"},"sameAs":["https:\/\/m.facebook.com\/AMINA-100767148840241\/","https:\/\/www.instagram.com\/aminaverslun\/"]}]}},"_links":{"self":[{"href":"https:\/\/amina.is\/en\/wp-json\/wp\/v2\/product\/11148","targetHints":{"allow":["GET"]}}],"collection":[{"href":"https:\/\/amina.is\/en\/wp-json\/wp\/v2\/product"}],"about":[{"href":"https:\/\/amina.is\/en\/wp-json\/wp\/v2\/types\/product"}],"version-history":[{"count":4,"href":"https:\/\/amina.is\/en\/wp-json\/wp\/v2\/product\/11148\/revisions"}],"predecessor-version":[{"id":11157,"href":"https:\/\/amina.is\/en\/wp-json\/wp\/v2\/product\/11148\/revisions\/11157"}],"wp:featuredmedia":[{"embeddable":true,"href":"https:\/\/amina.is\/en\/wp-json\/wp\/v2\/media\/11151"}],"wp:attachment":[{"href":"https:\/\/amina.is\/en\/wp-json\/wp\/v2\/media?parent=11148"}],"wp:term":[{"taxonomy":"product_brand","embeddable":true,"href":"https:\/\/amina.is\/en\/wp-json\/wp\/v2\/product_brand?post=11148"},{"taxonomy":"product_cat","embeddable":true,"href":"https:\/\/amina.is\/en\/wp-json\/wp\/v2\/product_cat?post=11148"},{"taxonomy":"product_tag","embeddable":true,"href":"https:\/\/amina.is\/en\/wp-json\/wp\/v2\/product_tag?post=11148"}],"curies":[{"name":"wp","href":"https:\/\/api.w.org\/{rel}","templated":true}]}}