{"id":11131,"date":"2023-02-12T19:42:54","date_gmt":"2023-02-12T19:42:54","guid":{"rendered":"https:\/\/amina.is\/?post_type=product&#038;p=11131"},"modified":"2025-01-28T10:22:12","modified_gmt":"2025-01-28T10:22:12","slug":"master-series-ring-master-custom-ball-stretcher-kit","status":"publish","type":"product","link":"https:\/\/amina.is\/en\/verslun\/typpid\/pungurinn\/master-series-ring-master-custom-ball-stretcher-kit\/","title":{"rendered":"Master series &#8211; Ring Master Custom Ball Stretcher Kit"},"content":{"rendered":"<h5>&#8222;Ball Strecher&#8220; sett fr\u00e1 Master Series. Boxi\u00f0 inniheldur 6 hringi \u00far TPR efni og er hver hringur 2,5cm \u00ed \u00feverm\u00e1li. (strekkjast mun meir) Flott byrjendasett fyrir \u00fe\u00e1 sem eru forvitnir um &#8222;ball streching&#8220;. \u00a0Me\u00f0 hverjum hring sem \u00fe\u00fa b\u00e6tir vi\u00f0 \u00fe\u00e1 strekkist meir \u00e1 pungnum. Einnig h\u00e6gt a\u00f0 nota sem typpahring.<\/h5>","protected":false},"excerpt":{"rendered":"<p>&#8222;Ball Strecher&#8220; sett fr\u00e1 Master Series. Boxi\u00f0 inniheldur 6 hringi \u00far TPR efni og er hver hringur 2,5cm \u00ed \u00feverm\u00e1li. Flott byrjendasett fyrir \u00fe\u00e1 sem eru forvitnir um &#8222;ball streching&#8220;.<\/p>","protected":false},"featured_media":11133,"template":"","meta":{"inline_featured_image":false},"product_brand":[],"product_cat":[36,41,43,881,899,45,901],"product_tag":[799,310,282,829],"class_list":{"0":"post-11131","1":"product","2":"type-product","3":"status-publish","4":"has-post-thumbnail","6":"product_cat-blaeti","7":"product_cat-fyrir-tha","8":"product_cat-fyrir-thau","9":"product_cat-pungurinn","10":"product_cat-notaahann","11":"product_cat-typpid","12":"product_cat-typpidogpungurinn","13":"product_tag-ball-stretcher","14":"product_tag-master-series","15":"product_tag-pungurinn","16":"product_tag-ring-master","18":"first","19":"instock","20":"shipping-taxable","21":"purchasable","22":"product-type-simple"},"yoast_head":"<!-- This site is optimized with the Yoast SEO Premium plugin v21.6 (Yoast SEO v27.4) - https:\/\/yoast.com\/product\/yoast-seo-premium-wordpress\/ -->\n<title>Master series - Ring Master Custom Ball Stretcher Kit &#8211; Amina<\/title>\n<meta name=\"description\" content=\"&quot;Ball Strecher&quot; sett fr\u00e1 Master Series. Boxi\u00f0 inniheldur 6 hringi \u00far TPR efni og er hver hringur 2,5cm \u00ed \u00feverm\u00e1li. (strekkjast mun meir) Flott byrjendasett fyrir \u00fe\u00e1 sem eru forvitnir um &quot;ball streching&quot;. \u00a0Me\u00f0 hverjum hring sem \u00fe\u00fa b\u00e6tir vi\u00f0 \u00fe\u00e1 strekkist meir \u00e1 pungnum. Einnig h\u00e6gt a\u00f0 nota sem typpahring.\" \/>\n<meta name=\"robots\" content=\"index, follow, max-snippet:-1, max-image-preview:large, max-video-preview:-1\" \/>\n<link rel=\"canonical\" href=\"https:\/\/amina.is\/en\/verslun\/typpid\/pungurinn\/master-series-ring-master-custom-ball-stretcher-kit\/\" \/>\n<meta property=\"og:locale\" content=\"en_US\" \/>\n<meta property=\"og:type\" content=\"article\" \/>\n<meta property=\"og:title\" content=\"Master series - Ring Master Custom Ball Stretcher Kit\" \/>\n<meta property=\"og:description\" content=\"&quot;Ball Strecher&quot; sett fr\u00e1 Master Series. Boxi\u00f0 inniheldur 6 hringi \u00far TPR efni og er hver hringur 2,5cm \u00ed \u00feverm\u00e1li. (strekkjast mun meir) Flott byrjendasett fyrir \u00fe\u00e1 sem eru forvitnir um &quot;ball streching&quot;. \u00a0Me\u00f0 hverjum hring sem \u00fe\u00fa b\u00e6tir vi\u00f0 \u00fe\u00e1 strekkist meir \u00e1 pungnum. Einnig h\u00e6gt a\u00f0 nota sem typpahring.\" \/>\n<meta property=\"og:url\" content=\"https:\/\/amina.is\/en\/verslun\/typpid\/pungurinn\/master-series-ring-master-custom-ball-stretcher-kit\/\" \/>\n<meta property=\"og:site_name\" content=\"Amina\" \/>\n<meta property=\"article:publisher\" content=\"https:\/\/m.facebook.com\/AMINA-100767148840241\/\" \/>\n<meta property=\"article:modified_time\" content=\"2025-01-28T10:22:12+00:00\" \/>\n<meta property=\"og:image\" content=\"https:\/\/amina.is\/wp-content\/uploads\/2023\/02\/af555-bulk_540x540.jpg\" \/>\n\t<meta property=\"og:image:width\" content=\"540\" \/>\n\t<meta property=\"og:image:height\" content=\"540\" \/>\n\t<meta property=\"og:image:type\" content=\"image\/jpeg\" \/>\n<meta name=\"twitter:card\" content=\"summary_large_image\" \/>\n<meta name=\"twitter:label1\" content=\"Est. reading time\" \/>\n\t<meta name=\"twitter:data1\" content=\"1 minute\" \/>\n<script type=\"application\/ld+json\" class=\"yoast-schema-graph\">{\"@context\":\"https:\\\/\\\/schema.org\",\"@graph\":[{\"@type\":\"WebPage\",\"@id\":\"https:\\\/\\\/amina.is\\\/verslun\\\/typpid\\\/pungurinn\\\/master-series-ring-master-custom-ball-stretcher-kit\\\/\",\"url\":\"https:\\\/\\\/amina.is\\\/verslun\\\/typpid\\\/pungurinn\\\/master-series-ring-master-custom-ball-stretcher-kit\\\/\",\"name\":\"Master series - Ring Master Custom Ball Stretcher Kit &#8211; Amina\",\"isPartOf\":{\"@id\":\"https:\\\/\\\/amina.is\\\/#website\"},\"primaryImageOfPage\":{\"@id\":\"https:\\\/\\\/amina.is\\\/verslun\\\/typpid\\\/pungurinn\\\/master-series-ring-master-custom-ball-stretcher-kit\\\/#primaryimage\"},\"image\":{\"@id\":\"https:\\\/\\\/amina.is\\\/verslun\\\/typpid\\\/pungurinn\\\/master-series-ring-master-custom-ball-stretcher-kit\\\/#primaryimage\"},\"thumbnailUrl\":\"https:\\\/\\\/amina.is\\\/wp-content\\\/uploads\\\/2023\\\/02\\\/af555-bulk_540x540.jpg\",\"datePublished\":\"2023-02-12T19:42:54+00:00\",\"dateModified\":\"2025-01-28T10:22:12+00:00\",\"description\":\"\\\"Ball Strecher\\\" sett fr\u00e1 Master Series. Boxi\u00f0 inniheldur 6 hringi \u00far TPR efni og er hver hringur 2,5cm \u00ed \u00feverm\u00e1li. (strekkjast mun meir) Flott byrjendasett fyrir \u00fe\u00e1 sem eru forvitnir um \\\"ball streching\\\". \u00a0Me\u00f0 hverjum hring sem \u00fe\u00fa b\u00e6tir vi\u00f0 \u00fe\u00e1 strekkist meir \u00e1 pungnum. Einnig h\u00e6gt a\u00f0 nota sem typpahring.\",\"breadcrumb\":{\"@id\":\"https:\\\/\\\/amina.is\\\/verslun\\\/typpid\\\/pungurinn\\\/master-series-ring-master-custom-ball-stretcher-kit\\\/#breadcrumb\"},\"inLanguage\":\"en-US\",\"potentialAction\":[{\"@type\":\"ReadAction\",\"target\":[\"https:\\\/\\\/amina.is\\\/verslun\\\/typpid\\\/pungurinn\\\/master-series-ring-master-custom-ball-stretcher-kit\\\/\"]}]},{\"@type\":\"ImageObject\",\"inLanguage\":\"en-US\",\"@id\":\"https:\\\/\\\/amina.is\\\/verslun\\\/typpid\\\/pungurinn\\\/master-series-ring-master-custom-ball-stretcher-kit\\\/#primaryimage\",\"url\":\"https:\\\/\\\/amina.is\\\/wp-content\\\/uploads\\\/2023\\\/02\\\/af555-bulk_540x540.jpg\",\"contentUrl\":\"https:\\\/\\\/amina.is\\\/wp-content\\\/uploads\\\/2023\\\/02\\\/af555-bulk_540x540.jpg\",\"width\":540,\"height\":540},{\"@type\":\"BreadcrumbList\",\"@id\":\"https:\\\/\\\/amina.is\\\/verslun\\\/typpid\\\/pungurinn\\\/master-series-ring-master-custom-ball-stretcher-kit\\\/#breadcrumb\",\"itemListElement\":[{\"@type\":\"ListItem\",\"position\":1,\"name\":\"Home\",\"item\":\"https:\\\/\\\/amina.is\\\/\"},{\"@type\":\"ListItem\",\"position\":2,\"name\":\"Verslun\",\"item\":\"https:\\\/\\\/amina.is\\\/verslun\\\/\"},{\"@type\":\"ListItem\",\"position\":3,\"name\":\"Master series &#8211; Ring Master Custom Ball Stretcher Kit\"}]},{\"@type\":\"WebSite\",\"@id\":\"https:\\\/\\\/amina.is\\\/#website\",\"url\":\"https:\\\/\\\/amina.is\\\/\",\"name\":\"Amina\",\"description\":\"Feeling is everything - Una\u00f0sv\u00f6rur fyrir alla\",\"publisher\":{\"@id\":\"https:\\\/\\\/amina.is\\\/#organization\"},\"potentialAction\":[{\"@type\":\"SearchAction\",\"target\":{\"@type\":\"EntryPoint\",\"urlTemplate\":\"https:\\\/\\\/amina.is\\\/?s={search_term_string}\"},\"query-input\":{\"@type\":\"PropertyValueSpecification\",\"valueRequired\":true,\"valueName\":\"search_term_string\"}}],\"inLanguage\":\"en-US\"},{\"@type\":\"Organization\",\"@id\":\"https:\\\/\\\/amina.is\\\/#organization\",\"name\":\"Amina\",\"url\":\"https:\\\/\\\/amina.is\\\/\",\"logo\":{\"@type\":\"ImageObject\",\"inLanguage\":\"en-US\",\"@id\":\"https:\\\/\\\/amina.is\\\/#\\\/schema\\\/logo\\\/image\\\/\",\"url\":\"https:\\\/\\\/amina.is\\\/wp-content\\\/uploads\\\/2021\\\/09\\\/logo.png\",\"contentUrl\":\"https:\\\/\\\/amina.is\\\/wp-content\\\/uploads\\\/2021\\\/09\\\/logo.png\",\"width\":1790,\"height\":464,\"caption\":\"Amina\"},\"image\":{\"@id\":\"https:\\\/\\\/amina.is\\\/#\\\/schema\\\/logo\\\/image\\\/\"},\"sameAs\":[\"https:\\\/\\\/m.facebook.com\\\/AMINA-100767148840241\\\/\",\"https:\\\/\\\/www.instagram.com\\\/aminaverslun\\\/\"]}]}<\/script>\n<!-- \/ Yoast SEO Premium plugin. -->","yoast_head_json":{"title":"Master series - Ring Master Custom Ball Stretcher Kit &#8211; Amina","description":"\"Ball Strecher\" sett fr\u00e1 Master Series. Boxi\u00f0 inniheldur 6 hringi \u00far TPR efni og er hver hringur 2,5cm \u00ed \u00feverm\u00e1li. (strekkjast mun meir) Flott byrjendasett fyrir \u00fe\u00e1 sem eru forvitnir um \"ball streching\". \u00a0Me\u00f0 hverjum hring sem \u00fe\u00fa b\u00e6tir vi\u00f0 \u00fe\u00e1 strekkist meir \u00e1 pungnum. Einnig h\u00e6gt a\u00f0 nota sem typpahring.","robots":{"index":"index","follow":"follow","max-snippet":"max-snippet:-1","max-image-preview":"max-image-preview:large","max-video-preview":"max-video-preview:-1"},"canonical":"https:\/\/amina.is\/en\/verslun\/typpid\/pungurinn\/master-series-ring-master-custom-ball-stretcher-kit\/","og_locale":"en_US","og_type":"article","og_title":"Master series - Ring Master Custom Ball Stretcher Kit","og_description":"\"Ball Strecher\" sett fr\u00e1 Master Series. Boxi\u00f0 inniheldur 6 hringi \u00far TPR efni og er hver hringur 2,5cm \u00ed \u00feverm\u00e1li. (strekkjast mun meir) Flott byrjendasett fyrir \u00fe\u00e1 sem eru forvitnir um \"ball streching\". \u00a0Me\u00f0 hverjum hring sem \u00fe\u00fa b\u00e6tir vi\u00f0 \u00fe\u00e1 strekkist meir \u00e1 pungnum. Einnig h\u00e6gt a\u00f0 nota sem typpahring.","og_url":"https:\/\/amina.is\/en\/verslun\/typpid\/pungurinn\/master-series-ring-master-custom-ball-stretcher-kit\/","og_site_name":"Amina","article_publisher":"https:\/\/m.facebook.com\/AMINA-100767148840241\/","article_modified_time":"2025-01-28T10:22:12+00:00","og_image":[{"width":540,"height":540,"url":"https:\/\/amina.is\/wp-content\/uploads\/2023\/02\/af555-bulk_540x540.jpg","type":"image\/jpeg"}],"twitter_card":"summary_large_image","twitter_misc":{"Est. reading time":"1 minute"},"schema":{"@context":"https:\/\/schema.org","@graph":[{"@type":"WebPage","@id":"https:\/\/amina.is\/verslun\/typpid\/pungurinn\/master-series-ring-master-custom-ball-stretcher-kit\/","url":"https:\/\/amina.is\/verslun\/typpid\/pungurinn\/master-series-ring-master-custom-ball-stretcher-kit\/","name":"Master series - Ring Master Custom Ball Stretcher Kit &#8211; Amina","isPartOf":{"@id":"https:\/\/amina.is\/#website"},"primaryImageOfPage":{"@id":"https:\/\/amina.is\/verslun\/typpid\/pungurinn\/master-series-ring-master-custom-ball-stretcher-kit\/#primaryimage"},"image":{"@id":"https:\/\/amina.is\/verslun\/typpid\/pungurinn\/master-series-ring-master-custom-ball-stretcher-kit\/#primaryimage"},"thumbnailUrl":"https:\/\/amina.is\/wp-content\/uploads\/2023\/02\/af555-bulk_540x540.jpg","datePublished":"2023-02-12T19:42:54+00:00","dateModified":"2025-01-28T10:22:12+00:00","description":"\"Ball Strecher\" sett fr\u00e1 Master Series. Boxi\u00f0 inniheldur 6 hringi \u00far TPR efni og er hver hringur 2,5cm \u00ed \u00feverm\u00e1li. (strekkjast mun meir) Flott byrjendasett fyrir \u00fe\u00e1 sem eru forvitnir um \"ball streching\". \u00a0Me\u00f0 hverjum hring sem \u00fe\u00fa b\u00e6tir vi\u00f0 \u00fe\u00e1 strekkist meir \u00e1 pungnum. Einnig h\u00e6gt a\u00f0 nota sem typpahring.","breadcrumb":{"@id":"https:\/\/amina.is\/verslun\/typpid\/pungurinn\/master-series-ring-master-custom-ball-stretcher-kit\/#breadcrumb"},"inLanguage":"en-US","potentialAction":[{"@type":"ReadAction","target":["https:\/\/amina.is\/verslun\/typpid\/pungurinn\/master-series-ring-master-custom-ball-stretcher-kit\/"]}]},{"@type":"ImageObject","inLanguage":"en-US","@id":"https:\/\/amina.is\/verslun\/typpid\/pungurinn\/master-series-ring-master-custom-ball-stretcher-kit\/#primaryimage","url":"https:\/\/amina.is\/wp-content\/uploads\/2023\/02\/af555-bulk_540x540.jpg","contentUrl":"https:\/\/amina.is\/wp-content\/uploads\/2023\/02\/af555-bulk_540x540.jpg","width":540,"height":540},{"@type":"BreadcrumbList","@id":"https:\/\/amina.is\/verslun\/typpid\/pungurinn\/master-series-ring-master-custom-ball-stretcher-kit\/#breadcrumb","itemListElement":[{"@type":"ListItem","position":1,"name":"Home","item":"https:\/\/amina.is\/"},{"@type":"ListItem","position":2,"name":"Verslun","item":"https:\/\/amina.is\/verslun\/"},{"@type":"ListItem","position":3,"name":"Master series &#8211; Ring Master Custom Ball Stretcher Kit"}]},{"@type":"WebSite","@id":"https:\/\/amina.is\/#website","url":"https:\/\/amina.is\/","name":"Amina","description":"Feeling is everything - Una\u00f0sv\u00f6rur fyrir alla","publisher":{"@id":"https:\/\/amina.is\/#organization"},"potentialAction":[{"@type":"SearchAction","target":{"@type":"EntryPoint","urlTemplate":"https:\/\/amina.is\/?s={search_term_string}"},"query-input":{"@type":"PropertyValueSpecification","valueRequired":true,"valueName":"search_term_string"}}],"inLanguage":"en-US"},{"@type":"Organization","@id":"https:\/\/amina.is\/#organization","name":"Amina","url":"https:\/\/amina.is\/","logo":{"@type":"ImageObject","inLanguage":"en-US","@id":"https:\/\/amina.is\/#\/schema\/logo\/image\/","url":"https:\/\/amina.is\/wp-content\/uploads\/2021\/09\/logo.png","contentUrl":"https:\/\/amina.is\/wp-content\/uploads\/2021\/09\/logo.png","width":1790,"height":464,"caption":"Amina"},"image":{"@id":"https:\/\/amina.is\/#\/schema\/logo\/image\/"},"sameAs":["https:\/\/m.facebook.com\/AMINA-100767148840241\/","https:\/\/www.instagram.com\/aminaverslun\/"]}]}},"_links":{"self":[{"href":"https:\/\/amina.is\/en\/wp-json\/wp\/v2\/product\/11131","targetHints":{"allow":["GET"]}}],"collection":[{"href":"https:\/\/amina.is\/en\/wp-json\/wp\/v2\/product"}],"about":[{"href":"https:\/\/amina.is\/en\/wp-json\/wp\/v2\/types\/product"}],"version-history":[{"count":2,"href":"https:\/\/amina.is\/en\/wp-json\/wp\/v2\/product\/11131\/revisions"}],"predecessor-version":[{"id":11135,"href":"https:\/\/amina.is\/en\/wp-json\/wp\/v2\/product\/11131\/revisions\/11135"}],"wp:featuredmedia":[{"embeddable":true,"href":"https:\/\/amina.is\/en\/wp-json\/wp\/v2\/media\/11133"}],"wp:attachment":[{"href":"https:\/\/amina.is\/en\/wp-json\/wp\/v2\/media?parent=11131"}],"wp:term":[{"taxonomy":"product_brand","embeddable":true,"href":"https:\/\/amina.is\/en\/wp-json\/wp\/v2\/product_brand?post=11131"},{"taxonomy":"product_cat","embeddable":true,"href":"https:\/\/amina.is\/en\/wp-json\/wp\/v2\/product_cat?post=11131"},{"taxonomy":"product_tag","embeddable":true,"href":"https:\/\/amina.is\/en\/wp-json\/wp\/v2\/product_tag?post=11131"}],"curies":[{"name":"wp","href":"https:\/\/api.w.org\/{rel}","templated":true}]}}