{"id":11123,"date":"2023-02-12T19:11:55","date_gmt":"2023-02-12T19:11:55","guid":{"rendered":"https:\/\/amina.is\/?post_type=product&#038;p=11123"},"modified":"2025-12-15T08:48:12","modified_gmt":"2025-12-15T08:48:12","slug":"clean-stream-pump-action-enema-bottle-with-nozzle","status":"publish","type":"product","link":"https:\/\/amina.is\/en\/verslun\/smur-verjur\/thrif\/clean-stream-pump-action-enema-bottle-with-nozzle\/","title":{"rendered":"Clean Stream &#8211; Pump Action Enema Bottle with Nozzle"},"content":{"rendered":"<h5>&#8222;Anal douche&#8220; fr\u00e1 Clean Stream. 300ml flaska me\u00f0 pumpu, sl\u00f6ngu og st\u00fat. Au\u00f0velt og \u00fe\u00e6gilegt \u00ed notkun.<\/h5>\n<h5>St\u00fatur: 11,4cm \u00e1 lengd, 1,4cm \u00e1 breidd. Flaska: 300ml. 19cm \u00e1 h\u00e6\u00f0, 6,3cm brei\u00f0. Slanga: 44,4cm \u00e1 lengd. Efni: S\u00edl\u00edkon og P<span class=\"Y2IQFc\" lang=\"is\">\u00f3l\u00fdet\u00fdlen.<\/span><\/h5>","protected":false},"excerpt":{"rendered":"<p>&#8222;Anal douche&#8220; fr\u00e1 Clean Stream. 300ml flaska me\u00f0 pumpu, sl\u00f6ngu og st\u00fat. Au\u00f0velt og \u00fe\u00e6gilegt \u00ed notkun.<\/p>","protected":false},"featured_media":11124,"template":"","meta":{"inline_featured_image":false},"product_brand":[],"product_cat":[41,35,47,948,581],"product_tag":[302,828,827,263,305,306],"class_list":{"0":"post-11123","1":"product","2":"type-product","3":"status-publish","4":"has-post-thumbnail","6":"product_cat-fyrir-tha","7":"product_cat-rassinn","8":"product_cat-smur-verjur","9":"product_cat-thrif-rassinn","10":"product_cat-thrif","11":"product_tag-anal-douche","12":"product_tag-clean-stream","13":"product_tag-enema-bottle","14":"product_tag-rassinn","15":"product_tag-skol","16":"product_tag-thrif","18":"first","19":"instock","20":"shipping-taxable","21":"purchasable","22":"product-type-simple"},"yoast_head":"<!-- This site is optimized with the Yoast SEO Premium plugin v21.6 (Yoast SEO v27.4) - https:\/\/yoast.com\/product\/yoast-seo-premium-wordpress\/ -->\n<title>Clean Stream - Pump Action Enema Bottle with Nozzle &#8211; Amina<\/title>\n<meta name=\"description\" content=\"&quot;Anal douche&quot; fr\u00e1 Clean Stream. 300ml flaska me\u00f0 pumpu, sl\u00f6ngu og st\u00fat. Au\u00f0velt og \u00fe\u00e6gilegt \u00ed notkun.\" \/>\n<meta name=\"robots\" content=\"index, follow, max-snippet:-1, max-image-preview:large, max-video-preview:-1\" \/>\n<link rel=\"canonical\" href=\"https:\/\/amina.is\/en\/verslun\/smur-verjur\/thrif\/clean-stream-pump-action-enema-bottle-with-nozzle\/\" \/>\n<meta property=\"og:locale\" content=\"en_US\" \/>\n<meta property=\"og:type\" content=\"article\" \/>\n<meta property=\"og:title\" content=\"Clean Stream - Pump Action Enema Bottle with Nozzle\" \/>\n<meta property=\"og:description\" content=\"&quot;Anal douche&quot; fr\u00e1 Clean Stream. 300ml flaska me\u00f0 pumpu, sl\u00f6ngu og st\u00fat. Au\u00f0velt og \u00fe\u00e6gilegt \u00ed notkun.\" \/>\n<meta property=\"og:url\" content=\"https:\/\/amina.is\/en\/verslun\/smur-verjur\/thrif\/clean-stream-pump-action-enema-bottle-with-nozzle\/\" \/>\n<meta property=\"og:site_name\" content=\"Amina\" \/>\n<meta property=\"article:publisher\" content=\"https:\/\/m.facebook.com\/AMINA-100767148840241\/\" \/>\n<meta property=\"article:modified_time\" content=\"2025-12-15T08:48:12+00:00\" \/>\n<meta property=\"og:image\" content=\"https:\/\/amina.is\/wp-content\/uploads\/2023\/02\/af535-bulk-1_540x540.jpg\" \/>\n\t<meta property=\"og:image:width\" content=\"540\" \/>\n\t<meta property=\"og:image:height\" content=\"540\" \/>\n\t<meta property=\"og:image:type\" content=\"image\/jpeg\" \/>\n<meta name=\"twitter:card\" content=\"summary_large_image\" \/>\n<meta name=\"twitter:label1\" content=\"Est. reading time\" \/>\n\t<meta name=\"twitter:data1\" content=\"1 minute\" \/>\n<script type=\"application\/ld+json\" class=\"yoast-schema-graph\">{\"@context\":\"https:\\\/\\\/schema.org\",\"@graph\":[{\"@type\":\"WebPage\",\"@id\":\"https:\\\/\\\/amina.is\\\/verslun\\\/smur-verjur\\\/thrif\\\/clean-stream-pump-action-enema-bottle-with-nozzle\\\/\",\"url\":\"https:\\\/\\\/amina.is\\\/verslun\\\/smur-verjur\\\/thrif\\\/clean-stream-pump-action-enema-bottle-with-nozzle\\\/\",\"name\":\"Clean Stream - Pump Action Enema Bottle with Nozzle &#8211; Amina\",\"isPartOf\":{\"@id\":\"https:\\\/\\\/amina.is\\\/#website\"},\"primaryImageOfPage\":{\"@id\":\"https:\\\/\\\/amina.is\\\/verslun\\\/smur-verjur\\\/thrif\\\/clean-stream-pump-action-enema-bottle-with-nozzle\\\/#primaryimage\"},\"image\":{\"@id\":\"https:\\\/\\\/amina.is\\\/verslun\\\/smur-verjur\\\/thrif\\\/clean-stream-pump-action-enema-bottle-with-nozzle\\\/#primaryimage\"},\"thumbnailUrl\":\"https:\\\/\\\/amina.is\\\/wp-content\\\/uploads\\\/2023\\\/02\\\/af535-bulk-1_540x540.jpg\",\"datePublished\":\"2023-02-12T19:11:55+00:00\",\"dateModified\":\"2025-12-15T08:48:12+00:00\",\"description\":\"\\\"Anal douche\\\" fr\u00e1 Clean Stream. 300ml flaska me\u00f0 pumpu, sl\u00f6ngu og st\u00fat. Au\u00f0velt og \u00fe\u00e6gilegt \u00ed notkun.\",\"breadcrumb\":{\"@id\":\"https:\\\/\\\/amina.is\\\/verslun\\\/smur-verjur\\\/thrif\\\/clean-stream-pump-action-enema-bottle-with-nozzle\\\/#breadcrumb\"},\"inLanguage\":\"en-US\",\"potentialAction\":[{\"@type\":\"ReadAction\",\"target\":[\"https:\\\/\\\/amina.is\\\/verslun\\\/smur-verjur\\\/thrif\\\/clean-stream-pump-action-enema-bottle-with-nozzle\\\/\"]}]},{\"@type\":\"ImageObject\",\"inLanguage\":\"en-US\",\"@id\":\"https:\\\/\\\/amina.is\\\/verslun\\\/smur-verjur\\\/thrif\\\/clean-stream-pump-action-enema-bottle-with-nozzle\\\/#primaryimage\",\"url\":\"https:\\\/\\\/amina.is\\\/wp-content\\\/uploads\\\/2023\\\/02\\\/af535-bulk-1_540x540.jpg\",\"contentUrl\":\"https:\\\/\\\/amina.is\\\/wp-content\\\/uploads\\\/2023\\\/02\\\/af535-bulk-1_540x540.jpg\",\"width\":540,\"height\":540},{\"@type\":\"BreadcrumbList\",\"@id\":\"https:\\\/\\\/amina.is\\\/verslun\\\/smur-verjur\\\/thrif\\\/clean-stream-pump-action-enema-bottle-with-nozzle\\\/#breadcrumb\",\"itemListElement\":[{\"@type\":\"ListItem\",\"position\":1,\"name\":\"Home\",\"item\":\"https:\\\/\\\/amina.is\\\/\"},{\"@type\":\"ListItem\",\"position\":2,\"name\":\"Verslun\",\"item\":\"https:\\\/\\\/amina.is\\\/verslun\\\/\"},{\"@type\":\"ListItem\",\"position\":3,\"name\":\"Clean Stream &#8211; Pump Action Enema Bottle with Nozzle\"}]},{\"@type\":\"WebSite\",\"@id\":\"https:\\\/\\\/amina.is\\\/#website\",\"url\":\"https:\\\/\\\/amina.is\\\/\",\"name\":\"Amina\",\"description\":\"Feeling is everything - Una\u00f0sv\u00f6rur fyrir alla\",\"publisher\":{\"@id\":\"https:\\\/\\\/amina.is\\\/#organization\"},\"potentialAction\":[{\"@type\":\"SearchAction\",\"target\":{\"@type\":\"EntryPoint\",\"urlTemplate\":\"https:\\\/\\\/amina.is\\\/?s={search_term_string}\"},\"query-input\":{\"@type\":\"PropertyValueSpecification\",\"valueRequired\":true,\"valueName\":\"search_term_string\"}}],\"inLanguage\":\"en-US\"},{\"@type\":\"Organization\",\"@id\":\"https:\\\/\\\/amina.is\\\/#organization\",\"name\":\"Amina\",\"url\":\"https:\\\/\\\/amina.is\\\/\",\"logo\":{\"@type\":\"ImageObject\",\"inLanguage\":\"en-US\",\"@id\":\"https:\\\/\\\/amina.is\\\/#\\\/schema\\\/logo\\\/image\\\/\",\"url\":\"https:\\\/\\\/amina.is\\\/wp-content\\\/uploads\\\/2021\\\/09\\\/logo.png\",\"contentUrl\":\"https:\\\/\\\/amina.is\\\/wp-content\\\/uploads\\\/2021\\\/09\\\/logo.png\",\"width\":1790,\"height\":464,\"caption\":\"Amina\"},\"image\":{\"@id\":\"https:\\\/\\\/amina.is\\\/#\\\/schema\\\/logo\\\/image\\\/\"},\"sameAs\":[\"https:\\\/\\\/m.facebook.com\\\/AMINA-100767148840241\\\/\",\"https:\\\/\\\/www.instagram.com\\\/aminaverslun\\\/\"]}]}<\/script>\n<!-- \/ Yoast SEO Premium plugin. -->","yoast_head_json":{"title":"Clean Stream - Pump Action Enema Bottle with Nozzle &#8211; Amina","description":"\"Anal douche\" fr\u00e1 Clean Stream. 300ml flaska me\u00f0 pumpu, sl\u00f6ngu og st\u00fat. Au\u00f0velt og \u00fe\u00e6gilegt \u00ed notkun.","robots":{"index":"index","follow":"follow","max-snippet":"max-snippet:-1","max-image-preview":"max-image-preview:large","max-video-preview":"max-video-preview:-1"},"canonical":"https:\/\/amina.is\/en\/verslun\/smur-verjur\/thrif\/clean-stream-pump-action-enema-bottle-with-nozzle\/","og_locale":"en_US","og_type":"article","og_title":"Clean Stream - Pump Action Enema Bottle with Nozzle","og_description":"\"Anal douche\" fr\u00e1 Clean Stream. 300ml flaska me\u00f0 pumpu, sl\u00f6ngu og st\u00fat. Au\u00f0velt og \u00fe\u00e6gilegt \u00ed notkun.","og_url":"https:\/\/amina.is\/en\/verslun\/smur-verjur\/thrif\/clean-stream-pump-action-enema-bottle-with-nozzle\/","og_site_name":"Amina","article_publisher":"https:\/\/m.facebook.com\/AMINA-100767148840241\/","article_modified_time":"2025-12-15T08:48:12+00:00","og_image":[{"width":540,"height":540,"url":"https:\/\/amina.is\/wp-content\/uploads\/2023\/02\/af535-bulk-1_540x540.jpg","type":"image\/jpeg"}],"twitter_card":"summary_large_image","twitter_misc":{"Est. reading time":"1 minute"},"schema":{"@context":"https:\/\/schema.org","@graph":[{"@type":"WebPage","@id":"https:\/\/amina.is\/verslun\/smur-verjur\/thrif\/clean-stream-pump-action-enema-bottle-with-nozzle\/","url":"https:\/\/amina.is\/verslun\/smur-verjur\/thrif\/clean-stream-pump-action-enema-bottle-with-nozzle\/","name":"Clean Stream - Pump Action Enema Bottle with Nozzle &#8211; Amina","isPartOf":{"@id":"https:\/\/amina.is\/#website"},"primaryImageOfPage":{"@id":"https:\/\/amina.is\/verslun\/smur-verjur\/thrif\/clean-stream-pump-action-enema-bottle-with-nozzle\/#primaryimage"},"image":{"@id":"https:\/\/amina.is\/verslun\/smur-verjur\/thrif\/clean-stream-pump-action-enema-bottle-with-nozzle\/#primaryimage"},"thumbnailUrl":"https:\/\/amina.is\/wp-content\/uploads\/2023\/02\/af535-bulk-1_540x540.jpg","datePublished":"2023-02-12T19:11:55+00:00","dateModified":"2025-12-15T08:48:12+00:00","description":"\"Anal douche\" fr\u00e1 Clean Stream. 300ml flaska me\u00f0 pumpu, sl\u00f6ngu og st\u00fat. Au\u00f0velt og \u00fe\u00e6gilegt \u00ed notkun.","breadcrumb":{"@id":"https:\/\/amina.is\/verslun\/smur-verjur\/thrif\/clean-stream-pump-action-enema-bottle-with-nozzle\/#breadcrumb"},"inLanguage":"en-US","potentialAction":[{"@type":"ReadAction","target":["https:\/\/amina.is\/verslun\/smur-verjur\/thrif\/clean-stream-pump-action-enema-bottle-with-nozzle\/"]}]},{"@type":"ImageObject","inLanguage":"en-US","@id":"https:\/\/amina.is\/verslun\/smur-verjur\/thrif\/clean-stream-pump-action-enema-bottle-with-nozzle\/#primaryimage","url":"https:\/\/amina.is\/wp-content\/uploads\/2023\/02\/af535-bulk-1_540x540.jpg","contentUrl":"https:\/\/amina.is\/wp-content\/uploads\/2023\/02\/af535-bulk-1_540x540.jpg","width":540,"height":540},{"@type":"BreadcrumbList","@id":"https:\/\/amina.is\/verslun\/smur-verjur\/thrif\/clean-stream-pump-action-enema-bottle-with-nozzle\/#breadcrumb","itemListElement":[{"@type":"ListItem","position":1,"name":"Home","item":"https:\/\/amina.is\/"},{"@type":"ListItem","position":2,"name":"Verslun","item":"https:\/\/amina.is\/verslun\/"},{"@type":"ListItem","position":3,"name":"Clean Stream &#8211; Pump Action Enema Bottle with Nozzle"}]},{"@type":"WebSite","@id":"https:\/\/amina.is\/#website","url":"https:\/\/amina.is\/","name":"Amina","description":"Feeling is everything - Una\u00f0sv\u00f6rur fyrir alla","publisher":{"@id":"https:\/\/amina.is\/#organization"},"potentialAction":[{"@type":"SearchAction","target":{"@type":"EntryPoint","urlTemplate":"https:\/\/amina.is\/?s={search_term_string}"},"query-input":{"@type":"PropertyValueSpecification","valueRequired":true,"valueName":"search_term_string"}}],"inLanguage":"en-US"},{"@type":"Organization","@id":"https:\/\/amina.is\/#organization","name":"Amina","url":"https:\/\/amina.is\/","logo":{"@type":"ImageObject","inLanguage":"en-US","@id":"https:\/\/amina.is\/#\/schema\/logo\/image\/","url":"https:\/\/amina.is\/wp-content\/uploads\/2021\/09\/logo.png","contentUrl":"https:\/\/amina.is\/wp-content\/uploads\/2021\/09\/logo.png","width":1790,"height":464,"caption":"Amina"},"image":{"@id":"https:\/\/amina.is\/#\/schema\/logo\/image\/"},"sameAs":["https:\/\/m.facebook.com\/AMINA-100767148840241\/","https:\/\/www.instagram.com\/aminaverslun\/"]}]}},"_links":{"self":[{"href":"https:\/\/amina.is\/en\/wp-json\/wp\/v2\/product\/11123","targetHints":{"allow":["GET"]}}],"collection":[{"href":"https:\/\/amina.is\/en\/wp-json\/wp\/v2\/product"}],"about":[{"href":"https:\/\/amina.is\/en\/wp-json\/wp\/v2\/types\/product"}],"version-history":[{"count":1,"href":"https:\/\/amina.is\/en\/wp-json\/wp\/v2\/product\/11123\/revisions"}],"predecessor-version":[{"id":11129,"href":"https:\/\/amina.is\/en\/wp-json\/wp\/v2\/product\/11123\/revisions\/11129"}],"wp:featuredmedia":[{"embeddable":true,"href":"https:\/\/amina.is\/en\/wp-json\/wp\/v2\/media\/11124"}],"wp:attachment":[{"href":"https:\/\/amina.is\/en\/wp-json\/wp\/v2\/media?parent=11123"}],"wp:term":[{"taxonomy":"product_brand","embeddable":true,"href":"https:\/\/amina.is\/en\/wp-json\/wp\/v2\/product_brand?post=11123"},{"taxonomy":"product_cat","embeddable":true,"href":"https:\/\/amina.is\/en\/wp-json\/wp\/v2\/product_cat?post=11123"},{"taxonomy":"product_tag","embeddable":true,"href":"https:\/\/amina.is\/en\/wp-json\/wp\/v2\/product_tag?post=11123"}],"curies":[{"name":"wp","href":"https:\/\/api.w.org\/{rel}","templated":true}]}}